{"id":1201,"date":"2020-01-15T12:03:10","date_gmt":"2020-01-15T15:03:10","guid":{"rendered":"https:\/\/motionup.com.br\/site\/?post_type=product&#038;p=1201"},"modified":"2023-11-16T13:50:48","modified_gmt":"2023-11-16T16:50:48","slug":"sensor-de-pressao-pt5494","status":"publish","type":"product","link":"https:\/\/motionup.com.br\/site\/produto\/sensor-de-pressao-pt5494\/","title":{"rendered":"PT5494 &#8211; TRANSMISSOR DE PRESSAO &#8211; -1&#8230;10bar CONEXAO: 1 x M12 &#8211; IFM"},"content":{"rendered":"<p>PT5494 &#8211; TRANSMISSOR DE PRESSAO &#8211; -1&#8230;10bar CONEXAO: 1 x M12 &#8211; IFM<\/p>\n<p>Consulte um vendedor e solicite um or\u00e7amento<\/p>\n<p>vendas@motionup.com.br<\/p>\n<p>motionup@motionup.com.br<\/p>\n<hr \/>\n<ul class=\"bulletpoint-list__entries\">\n<li>Detec\u00e7\u00e3o confi\u00e1vel da press\u00e3o do sistema em aplica\u00e7\u00f5es industriais<\/li>\n<li>Alta resist\u00eancia a choques e vibra\u00e7\u00f5es<\/li>\n<li>Muito boa repetibilidade e pequena varia\u00e7\u00e3o da curva caracter\u00edstica<\/li>\n<li>Expectativa de vida \u00fatil de mais de 60 milh\u00f5es de ciclos de press\u00e3o<\/li>\n<li>Inv\u00f3lucro de a\u00e7o inoxid\u00e1vel robusto e compacto para aplica\u00e7\u00e3o em condi\u00e7\u00f5es de instala\u00e7\u00e3o estreitas<\/li>\n<\/ul>\n<blockquote><p><strong>CARACTERISTICAS DO PRODUTO<\/strong><\/p><\/blockquote>\n<ul>\n<li>Quantidade de entradas e sa\u00eddas &#8212;&gt; Quantidade de sa\u00eddas anal\u00f3gicas: 1<\/li>\n<li>Alcance de medi\u00e7\u00e3o &#8212;&gt; -1&#8230;10 bar \/ -14,5&#8230;145 psi \/ -100&#8230;1000 kPa \/ -0,1&#8230;1 MPa<\/li>\n<li>Conex\u00e3o de processo &#8212;&gt; conex\u00e3o da rosca G 1\/4 rosca externa (DIN EN ISO 1179-2)<\/li>\n<\/ul>\n<blockquote><p><strong>CAMPO DE APLICA\u00c7\u00c3O<\/strong><\/p><\/blockquote>\n<ul>\n<li>Aplica\u00e7\u00e3o &#8212;&gt; para aplica\u00e7\u00f5es industriais<\/li>\n<li>Subst\u00e2ncias &#8212;&gt; fluidos l\u00edquidos e gasosos<\/li>\n<li>Temperatura do flu\u00eddo [\u00b0C] &#8212;&gt; -40&#8230;90<\/li>\n<li>Min. Berstdruck &#8212;&gt; 300 bar \/ 4350 psi \/ 30 MPa<\/li>\n<li>Resist\u00eancia \u00e0 press\u00e3o &#8212;&gt; 25 bar \/ 360 psi \/ 2,5 Mpa<\/li>\n<li>Aviso da resist\u00eancia \u00e0 press\u00e3o &#8212;&gt; est\u00e1tico<\/li>\n<li>Resist\u00eancia contra v\u00e1cuo [mbar] &#8212;&gt; -1000<\/li>\n<li>Tipo de press\u00e3o &#8212;&gt; press\u00e3o relativa; v\u00e1cuo<\/li>\n<\/ul>\n","protected":false},"excerpt":{"rendered":"<p>PT5494 &#8211; TRANSMISSOR DE PRESSAO &#8211; -1&#8230;10bar CONEXAO: 1 x M12 &#8211; IFM Consulte um vendedor e solicite um or\u00e7amento vendas@motionup.com.br motionup@motionup.com.br Detec\u00e7\u00e3o confi\u00e1vel da press\u00e3o do sistema em aplica\u00e7\u00f5es industriais Alta resist\u00eancia a choques e vibra\u00e7\u00f5es Muito boa repetibilidade e pequena varia\u00e7\u00e3o da curva caracter\u00edstica Expectativa de vida \u00fatil de mais de 60 milh\u00f5es [&hellip;]<\/p>\n","protected":false},"featured_media":1656,"template":"","meta":[],"product_brand":[],"product_cat":[353,56,655],"product_tag":[],"class_list":{"0":"post-1201","1":"product","2":"type-product","3":"status-publish","4":"has-post-thumbnail","6":"product_cat-ifm","7":"product_cat-sensores","8":"product_cat-sensores-pressao","10":"first","11":"onbackorder","12":"shipping-taxable","13":"product-type-simple"},"yoast_head":"<!-- This site is optimized with the Yoast SEO plugin v27.5 - https:\/\/yoast.com\/product\/yoast-seo-wordpress\/ -->\n<title>PT5494 - TRANSMISSOR DE PRESSAO -1...10bar CONEXAO: 1 x M12 - IFM - Loja Motion Up<\/title>\n<meta name=\"robots\" content=\"index, follow, max-snippet:-1, max-image-preview:large, max-video-preview:-1\" \/>\n<link rel=\"canonical\" href=\"https:\/\/motionup.com.br\/site\/produto\/sensor-de-pressao-pt5494\/\" \/>\n<meta property=\"og:locale\" content=\"pt_BR\" \/>\n<meta property=\"og:type\" content=\"article\" \/>\n<meta property=\"og:title\" content=\"PT5494 - TRANSMISSOR DE PRESSAO -1...10bar CONEXAO: 1 x M12 - IFM - Loja Motion Up\" \/>\n<meta property=\"og:description\" content=\"PT5494 &#8211; TRANSMISSOR DE PRESSAO &#8211; -1&#8230;10bar CONEXAO: 1 x M12 &#8211; IFM Consulte um vendedor e solicite um or\u00e7amento vendas@motionup.com.br motionup@motionup.com.br Detec\u00e7\u00e3o confi\u00e1vel da press\u00e3o do sistema em aplica\u00e7\u00f5es industriais Alta resist\u00eancia a choques e vibra\u00e7\u00f5es Muito boa repetibilidade e pequena varia\u00e7\u00e3o da curva caracter\u00edstica Expectativa de vida \u00fatil de mais de 60 milh\u00f5es [&hellip;]\" \/>\n<meta property=\"og:url\" content=\"https:\/\/motionup.com.br\/site\/produto\/sensor-de-pressao-pt5494\/\" \/>\n<meta property=\"og:site_name\" content=\"Loja Motion Up\" \/>\n<meta property=\"article:publisher\" content=\"https:\/\/m.facebook.com\/fp3motionup\/about\/\" \/>\n<meta property=\"article:modified_time\" content=\"2023-11-16T16:50:48+00:00\" \/>\n<meta property=\"og:image\" content=\"https:\/\/motionup.com.br\/site\/wp-content\/uploads\/2020\/01\/Capturar-3.png\" \/>\n\t<meta property=\"og:image:width\" content=\"280\" \/>\n\t<meta property=\"og:image:height\" content=\"357\" \/>\n\t<meta property=\"og:image:type\" content=\"image\/png\" \/>\n<meta name=\"twitter:card\" content=\"summary_large_image\" \/>\n<meta name=\"twitter:label1\" content=\"Est. tempo de leitura\" \/>\n\t<meta name=\"twitter:data1\" content=\"1 minuto\" \/>\n<script type=\"application\/ld+json\" class=\"yoast-schema-graph\">{\"@context\":\"https:\\\/\\\/schema.org\",\"@graph\":[{\"@type\":\"WebPage\",\"@id\":\"https:\\\/\\\/motionup.com.br\\\/site\\\/produto\\\/sensor-de-pressao-pt5494\\\/\",\"url\":\"https:\\\/\\\/motionup.com.br\\\/site\\\/produto\\\/sensor-de-pressao-pt5494\\\/\",\"name\":\"PT5494 - TRANSMISSOR DE PRESSAO -1...10bar CONEXAO: 1 x M12 - IFM - Loja Motion Up\",\"isPartOf\":{\"@id\":\"https:\\\/\\\/motionup.com.br\\\/site\\\/#website\"},\"primaryImageOfPage\":{\"@id\":\"https:\\\/\\\/motionup.com.br\\\/site\\\/produto\\\/sensor-de-pressao-pt5494\\\/#primaryimage\"},\"image\":{\"@id\":\"https:\\\/\\\/motionup.com.br\\\/site\\\/produto\\\/sensor-de-pressao-pt5494\\\/#primaryimage\"},\"thumbnailUrl\":\"https:\\\/\\\/motionup.com.br\\\/site\\\/wp-content\\\/uploads\\\/2020\\\/01\\\/Capturar-3.png\",\"datePublished\":\"2020-01-15T15:03:10+00:00\",\"dateModified\":\"2023-11-16T16:50:48+00:00\",\"breadcrumb\":{\"@id\":\"https:\\\/\\\/motionup.com.br\\\/site\\\/produto\\\/sensor-de-pressao-pt5494\\\/#breadcrumb\"},\"inLanguage\":\"pt-BR\",\"potentialAction\":[{\"@type\":\"ReadAction\",\"target\":[\"https:\\\/\\\/motionup.com.br\\\/site\\\/produto\\\/sensor-de-pressao-pt5494\\\/\"]}]},{\"@type\":\"ImageObject\",\"inLanguage\":\"pt-BR\",\"@id\":\"https:\\\/\\\/motionup.com.br\\\/site\\\/produto\\\/sensor-de-pressao-pt5494\\\/#primaryimage\",\"url\":\"https:\\\/\\\/motionup.com.br\\\/site\\\/wp-content\\\/uploads\\\/2020\\\/01\\\/Capturar-3.png\",\"contentUrl\":\"https:\\\/\\\/motionup.com.br\\\/site\\\/wp-content\\\/uploads\\\/2020\\\/01\\\/Capturar-3.png\",\"width\":280,\"height\":357},{\"@type\":\"BreadcrumbList\",\"@id\":\"https:\\\/\\\/motionup.com.br\\\/site\\\/produto\\\/sensor-de-pressao-pt5494\\\/#breadcrumb\",\"itemListElement\":[{\"@type\":\"ListItem\",\"position\":1,\"name\":\"In\u00edcio\",\"item\":\"https:\\\/\\\/motionup.com.br\\\/site\\\/\"},{\"@type\":\"ListItem\",\"position\":2,\"name\":\"Produtos\",\"item\":\"https:\\\/\\\/motionup.com.br\\\/site\\\/produtos\\\/\"},{\"@type\":\"ListItem\",\"position\":3,\"name\":\"PT5494 &#8211; TRANSMISSOR DE PRESSAO &#8211; -1&#8230;10bar CONEXAO: 1 x M12 &#8211; IFM\"}]},{\"@type\":\"WebSite\",\"@id\":\"https:\\\/\\\/motionup.com.br\\\/site\\\/#website\",\"url\":\"https:\\\/\\\/motionup.com.br\\\/site\\\/\",\"name\":\"Motion Up\",\"description\":\"E-commerce Motion Up - Automa\u00e7\u00e3o Industrial\",\"publisher\":{\"@id\":\"https:\\\/\\\/motionup.com.br\\\/site\\\/#organization\"},\"potentialAction\":[{\"@type\":\"SearchAction\",\"target\":{\"@type\":\"EntryPoint\",\"urlTemplate\":\"https:\\\/\\\/motionup.com.br\\\/site\\\/?s={search_term_string}\"},\"query-input\":{\"@type\":\"PropertyValueSpecification\",\"valueRequired\":true,\"valueName\":\"search_term_string\"}}],\"inLanguage\":\"pt-BR\"},{\"@type\":\"Organization\",\"@id\":\"https:\\\/\\\/motionup.com.br\\\/site\\\/#organization\",\"name\":\"Motion Up\",\"url\":\"https:\\\/\\\/motionup.com.br\\\/site\\\/\",\"logo\":{\"@type\":\"ImageObject\",\"inLanguage\":\"pt-BR\",\"@id\":\"https:\\\/\\\/motionup.com.br\\\/site\\\/#\\\/schema\\\/logo\\\/image\\\/\",\"url\":\"https:\\\/\\\/motionup.com.br\\\/site\\\/wp-content\\\/uploads\\\/2025\\\/05\\\/MOTIONUP.png\",\"contentUrl\":\"https:\\\/\\\/motionup.com.br\\\/site\\\/wp-content\\\/uploads\\\/2025\\\/05\\\/MOTIONUP.png\",\"width\":1200,\"height\":601,\"caption\":\"Motion Up\"},\"image\":{\"@id\":\"https:\\\/\\\/motionup.com.br\\\/site\\\/#\\\/schema\\\/logo\\\/image\\\/\"},\"sameAs\":[\"https:\\\/\\\/m.facebook.com\\\/fp3motionup\\\/about\\\/\",\"https:\\\/\\\/br.linkedin.com\\\/company\\\/fpn-controle-e-automao-industrial-ltda\"]}]}<\/script>\n<!-- \/ Yoast SEO plugin. -->","yoast_head_json":{"title":"PT5494 - TRANSMISSOR DE PRESSAO -1...10bar CONEXAO: 1 x M12 - IFM - Loja Motion Up","robots":{"index":"index","follow":"follow","max-snippet":"max-snippet:-1","max-image-preview":"max-image-preview:large","max-video-preview":"max-video-preview:-1"},"canonical":"https:\/\/motionup.com.br\/site\/produto\/sensor-de-pressao-pt5494\/","og_locale":"pt_BR","og_type":"article","og_title":"PT5494 - TRANSMISSOR DE PRESSAO -1...10bar CONEXAO: 1 x M12 - IFM - Loja Motion Up","og_description":"PT5494 &#8211; TRANSMISSOR DE PRESSAO &#8211; -1&#8230;10bar CONEXAO: 1 x M12 &#8211; IFM Consulte um vendedor e solicite um or\u00e7amento vendas@motionup.com.br motionup@motionup.com.br Detec\u00e7\u00e3o confi\u00e1vel da press\u00e3o do sistema em aplica\u00e7\u00f5es industriais Alta resist\u00eancia a choques e vibra\u00e7\u00f5es Muito boa repetibilidade e pequena varia\u00e7\u00e3o da curva caracter\u00edstica Expectativa de vida \u00fatil de mais de 60 milh\u00f5es [&hellip;]","og_url":"https:\/\/motionup.com.br\/site\/produto\/sensor-de-pressao-pt5494\/","og_site_name":"Loja Motion Up","article_publisher":"https:\/\/m.facebook.com\/fp3motionup\/about\/","article_modified_time":"2023-11-16T16:50:48+00:00","og_image":[{"width":280,"height":357,"url":"https:\/\/motionup.com.br\/site\/wp-content\/uploads\/2020\/01\/Capturar-3.png","type":"image\/png"}],"twitter_card":"summary_large_image","twitter_misc":{"Est. tempo de leitura":"1 minuto"},"schema":{"@context":"https:\/\/schema.org","@graph":[{"@type":"WebPage","@id":"https:\/\/motionup.com.br\/site\/produto\/sensor-de-pressao-pt5494\/","url":"https:\/\/motionup.com.br\/site\/produto\/sensor-de-pressao-pt5494\/","name":"PT5494 - TRANSMISSOR DE PRESSAO -1...10bar CONEXAO: 1 x M12 - IFM - Loja Motion Up","isPartOf":{"@id":"https:\/\/motionup.com.br\/site\/#website"},"primaryImageOfPage":{"@id":"https:\/\/motionup.com.br\/site\/produto\/sensor-de-pressao-pt5494\/#primaryimage"},"image":{"@id":"https:\/\/motionup.com.br\/site\/produto\/sensor-de-pressao-pt5494\/#primaryimage"},"thumbnailUrl":"https:\/\/motionup.com.br\/site\/wp-content\/uploads\/2020\/01\/Capturar-3.png","datePublished":"2020-01-15T15:03:10+00:00","dateModified":"2023-11-16T16:50:48+00:00","breadcrumb":{"@id":"https:\/\/motionup.com.br\/site\/produto\/sensor-de-pressao-pt5494\/#breadcrumb"},"inLanguage":"pt-BR","potentialAction":[{"@type":"ReadAction","target":["https:\/\/motionup.com.br\/site\/produto\/sensor-de-pressao-pt5494\/"]}]},{"@type":"ImageObject","inLanguage":"pt-BR","@id":"https:\/\/motionup.com.br\/site\/produto\/sensor-de-pressao-pt5494\/#primaryimage","url":"https:\/\/motionup.com.br\/site\/wp-content\/uploads\/2020\/01\/Capturar-3.png","contentUrl":"https:\/\/motionup.com.br\/site\/wp-content\/uploads\/2020\/01\/Capturar-3.png","width":280,"height":357},{"@type":"BreadcrumbList","@id":"https:\/\/motionup.com.br\/site\/produto\/sensor-de-pressao-pt5494\/#breadcrumb","itemListElement":[{"@type":"ListItem","position":1,"name":"In\u00edcio","item":"https:\/\/motionup.com.br\/site\/"},{"@type":"ListItem","position":2,"name":"Produtos","item":"https:\/\/motionup.com.br\/site\/produtos\/"},{"@type":"ListItem","position":3,"name":"PT5494 &#8211; TRANSMISSOR DE PRESSAO &#8211; -1&#8230;10bar CONEXAO: 1 x M12 &#8211; IFM"}]},{"@type":"WebSite","@id":"https:\/\/motionup.com.br\/site\/#website","url":"https:\/\/motionup.com.br\/site\/","name":"Motion Up","description":"E-commerce Motion Up - Automa\u00e7\u00e3o Industrial","publisher":{"@id":"https:\/\/motionup.com.br\/site\/#organization"},"potentialAction":[{"@type":"SearchAction","target":{"@type":"EntryPoint","urlTemplate":"https:\/\/motionup.com.br\/site\/?s={search_term_string}"},"query-input":{"@type":"PropertyValueSpecification","valueRequired":true,"valueName":"search_term_string"}}],"inLanguage":"pt-BR"},{"@type":"Organization","@id":"https:\/\/motionup.com.br\/site\/#organization","name":"Motion Up","url":"https:\/\/motionup.com.br\/site\/","logo":{"@type":"ImageObject","inLanguage":"pt-BR","@id":"https:\/\/motionup.com.br\/site\/#\/schema\/logo\/image\/","url":"https:\/\/motionup.com.br\/site\/wp-content\/uploads\/2025\/05\/MOTIONUP.png","contentUrl":"https:\/\/motionup.com.br\/site\/wp-content\/uploads\/2025\/05\/MOTIONUP.png","width":1200,"height":601,"caption":"Motion Up"},"image":{"@id":"https:\/\/motionup.com.br\/site\/#\/schema\/logo\/image\/"},"sameAs":["https:\/\/m.facebook.com\/fp3motionup\/about\/","https:\/\/br.linkedin.com\/company\/fpn-controle-e-automao-industrial-ltda"]}]}},"_links":{"self":[{"href":"https:\/\/motionup.com.br\/site\/wp-json\/wp\/v2\/product\/1201","targetHints":{"allow":["GET"]}}],"collection":[{"href":"https:\/\/motionup.com.br\/site\/wp-json\/wp\/v2\/product"}],"about":[{"href":"https:\/\/motionup.com.br\/site\/wp-json\/wp\/v2\/types\/product"}],"wp:featuredmedia":[{"embeddable":true,"href":"https:\/\/motionup.com.br\/site\/wp-json\/wp\/v2\/media\/1656"}],"wp:attachment":[{"href":"https:\/\/motionup.com.br\/site\/wp-json\/wp\/v2\/media?parent=1201"}],"wp:term":[{"taxonomy":"product_brand","embeddable":true,"href":"https:\/\/motionup.com.br\/site\/wp-json\/wp\/v2\/product_brand?post=1201"},{"taxonomy":"product_cat","embeddable":true,"href":"https:\/\/motionup.com.br\/site\/wp-json\/wp\/v2\/product_cat?post=1201"},{"taxonomy":"product_tag","embeddable":true,"href":"https:\/\/motionup.com.br\/site\/wp-json\/wp\/v2\/product_tag?post=1201"}],"curies":[{"name":"wp","href":"https:\/\/api.w.org\/{rel}","templated":true}]}}