{"id":1257,"date":"2020-01-16T13:09:21","date_gmt":"2020-01-16T16:09:21","guid":{"rendered":"https:\/\/motionup.com.br\/site\/?post_type=product&#038;p=1257"},"modified":"2023-09-25T10:27:58","modified_gmt":"2023-09-25T13:27:58","slug":"cabo-de-conexao-blindado-e12404","status":"publish","type":"product","link":"https:\/\/motionup.com.br\/site\/produto\/cabo-de-conexao-blindado-e12404\/","title":{"rendered":"E12404 &#8211; CABO DE CONEXAO &#8211; 10 METROS (PUR) RETO M12 &#8211; IFM"},"content":{"rendered":"<p>E12404 &#8211; CABO DE CONEXAO &#8211; 10 METROS (PUR) RETO M12 &#8211; IFM<\/p>\n<p>Consulte um vendedor e solicite um or\u00e7amento<\/p>\n<p>vendas@motionup.com.br<\/p>\n<p>motionup@motionup.com.br<\/p>\n<hr \/>\n<ul class=\"bulletpoint-list__entries\">\n<li>Conex\u00e3o de 8 p\u00f3los<\/li>\n<li>Boa compatibilidade eletromagn\u00e9tica gra\u00e7as ao cabo blindado<\/li>\n<li>Alto grau de prote\u00e7\u00e3o para atender aos requisitos de ambientes industriais duros<\/li>\n<li>Transmiss\u00e3o confi\u00e1vel dos sinais do sensor<\/li>\n<li>Ampla faixa de temperatura operacional<\/li>\n<\/ul>\n<blockquote><p><strong>CONEXAO ELETRICA<\/strong><\/p><\/blockquote>\n<ul>\n<li>cabo: 10 m, PUR, preto, blindado; 8 x 0,25 mm\u00b2 (14 x \u00d8 0,15 mm )<\/li>\n<\/ul>\n<blockquote><p><strong>CONEXAO ELETRICA &#8211; SOQUETE<\/strong><\/p><\/blockquote>\n<ul>\n<li>Conex\u00e3o: 1 x M12, reto; codifica\u00e7\u00e3o: A; Corpo: TPU; Bloqueio: lat\u00e3o, niquelado; M\u00e1x. torque de aperto: 1&#8230;1,5 Nm; Cabo de conex\u00e3o blindado: blindagem aplicada<\/li>\n<\/ul>\n","protected":false},"excerpt":{"rendered":"<p>E12404 &#8211; CABO DE CONEXAO &#8211; 10 METROS (PUR) RETO M12 &#8211; IFM Consulte um vendedor e solicite um or\u00e7amento vendas@motionup.com.br motionup@motionup.com.br Conex\u00e3o de 8 p\u00f3los Boa compatibilidade eletromagn\u00e9tica gra\u00e7as ao cabo blindado Alto grau de prote\u00e7\u00e3o para atender aos requisitos de ambientes industriais duros Transmiss\u00e3o confi\u00e1vel dos sinais do sensor Ampla faixa de temperatura [&hellip;]<\/p>\n","protected":false},"featured_media":1259,"template":"","meta":[],"product_brand":[],"product_cat":[353,96,648],"product_tag":[],"class_list":{"0":"post-1257","1":"product","2":"type-product","3":"status-publish","4":"has-post-thumbnail","6":"product_cat-ifm","7":"product_cat-cabos","8":"product_cat-cabos-e1","10":"first","11":"onbackorder","12":"shipping-taxable","13":"product-type-simple"},"yoast_head":"<!-- This site is optimized with the Yoast SEO plugin v26.3 - https:\/\/yoast.com\/wordpress\/plugins\/seo\/ -->\n<title>E12404 - CABO DE CONEXAO - 10 METROS (PUR) RETO M12 - IFM - Loja Motion Up<\/title>\n<meta name=\"robots\" content=\"index, follow, max-snippet:-1, max-image-preview:large, max-video-preview:-1\" \/>\n<link rel=\"canonical\" href=\"https:\/\/motionup.com.br\/site\/produto\/cabo-de-conexao-blindado-e12404\/\" \/>\n<meta property=\"og:locale\" content=\"pt_BR\" \/>\n<meta property=\"og:type\" content=\"article\" \/>\n<meta property=\"og:title\" content=\"E12404 - CABO DE CONEXAO - 10 METROS (PUR) RETO M12 - IFM - Loja Motion Up\" \/>\n<meta property=\"og:description\" content=\"E12404 &#8211; CABO DE CONEXAO &#8211; 10 METROS (PUR) RETO M12 &#8211; IFM Consulte um vendedor e solicite um or\u00e7amento vendas@motionup.com.br motionup@motionup.com.br Conex\u00e3o de 8 p\u00f3los Boa compatibilidade eletromagn\u00e9tica gra\u00e7as ao cabo blindado Alto grau de prote\u00e7\u00e3o para atender aos requisitos de ambientes industriais duros Transmiss\u00e3o confi\u00e1vel dos sinais do sensor Ampla faixa de temperatura [&hellip;]\" \/>\n<meta property=\"og:url\" content=\"https:\/\/motionup.com.br\/site\/produto\/cabo-de-conexao-blindado-e12404\/\" \/>\n<meta property=\"og:site_name\" content=\"Loja Motion Up\" \/>\n<meta property=\"article:publisher\" content=\"https:\/\/m.facebook.com\/fp3motionup\/about\/\" \/>\n<meta property=\"article:modified_time\" content=\"2023-09-25T13:27:58+00:00\" \/>\n<meta property=\"og:image\" content=\"https:\/\/motionup.com.br\/site\/wp-content\/uploads\/2020\/01\/CABO-DE-CONEX\u00c3O-E12404-2.jpg\" \/>\n\t<meta property=\"og:image:width\" content=\"500\" \/>\n\t<meta property=\"og:image:height\" content=\"500\" \/>\n\t<meta property=\"og:image:type\" content=\"image\/jpeg\" \/>\n<meta name=\"twitter:card\" content=\"summary_large_image\" \/>\n<meta name=\"twitter:label1\" content=\"Est. tempo de leitura\" \/>\n\t<meta name=\"twitter:data1\" content=\"1 minuto\" \/>\n<script type=\"application\/ld+json\" class=\"yoast-schema-graph\">{\"@context\":\"https:\/\/schema.org\",\"@graph\":[{\"@type\":\"WebPage\",\"@id\":\"https:\/\/motionup.com.br\/site\/produto\/cabo-de-conexao-blindado-e12404\/\",\"url\":\"https:\/\/motionup.com.br\/site\/produto\/cabo-de-conexao-blindado-e12404\/\",\"name\":\"E12404 - CABO DE CONEXAO - 10 METROS (PUR) RETO M12 - IFM - Loja Motion Up\",\"isPartOf\":{\"@id\":\"https:\/\/motionup.com.br\/site\/#website\"},\"primaryImageOfPage\":{\"@id\":\"https:\/\/motionup.com.br\/site\/produto\/cabo-de-conexao-blindado-e12404\/#primaryimage\"},\"image\":{\"@id\":\"https:\/\/motionup.com.br\/site\/produto\/cabo-de-conexao-blindado-e12404\/#primaryimage\"},\"thumbnailUrl\":\"https:\/\/motionup.com.br\/site\/wp-content\/uploads\/2020\/01\/CABO-DE-CONEX\u00c3O-E12404-2.jpg\",\"datePublished\":\"2020-01-16T16:09:21+00:00\",\"dateModified\":\"2023-09-25T13:27:58+00:00\",\"breadcrumb\":{\"@id\":\"https:\/\/motionup.com.br\/site\/produto\/cabo-de-conexao-blindado-e12404\/#breadcrumb\"},\"inLanguage\":\"pt-BR\",\"potentialAction\":[{\"@type\":\"ReadAction\",\"target\":[\"https:\/\/motionup.com.br\/site\/produto\/cabo-de-conexao-blindado-e12404\/\"]}]},{\"@type\":\"ImageObject\",\"inLanguage\":\"pt-BR\",\"@id\":\"https:\/\/motionup.com.br\/site\/produto\/cabo-de-conexao-blindado-e12404\/#primaryimage\",\"url\":\"https:\/\/motionup.com.br\/site\/wp-content\/uploads\/2020\/01\/CABO-DE-CONEX\u00c3O-E12404-2.jpg\",\"contentUrl\":\"https:\/\/motionup.com.br\/site\/wp-content\/uploads\/2020\/01\/CABO-DE-CONEX\u00c3O-E12404-2.jpg\",\"width\":500,\"height\":500},{\"@type\":\"BreadcrumbList\",\"@id\":\"https:\/\/motionup.com.br\/site\/produto\/cabo-de-conexao-blindado-e12404\/#breadcrumb\",\"itemListElement\":[{\"@type\":\"ListItem\",\"position\":1,\"name\":\"In\u00edcio\",\"item\":\"https:\/\/motionup.com.br\/site\/\"},{\"@type\":\"ListItem\",\"position\":2,\"name\":\"Produtos\",\"item\":\"https:\/\/motionup.com.br\/site\/produtos\/\"},{\"@type\":\"ListItem\",\"position\":3,\"name\":\"E12404 &#8211; CABO DE CONEXAO &#8211; 10 METROS (PUR) RETO M12 &#8211; IFM\"}]},{\"@type\":\"WebSite\",\"@id\":\"https:\/\/motionup.com.br\/site\/#website\",\"url\":\"https:\/\/motionup.com.br\/site\/\",\"name\":\"Motion Up\",\"description\":\"E-commerce Motion Up - Automa\u00e7\u00e3o Industrial\",\"publisher\":{\"@id\":\"https:\/\/motionup.com.br\/site\/#organization\"},\"potentialAction\":[{\"@type\":\"SearchAction\",\"target\":{\"@type\":\"EntryPoint\",\"urlTemplate\":\"https:\/\/motionup.com.br\/site\/?s={search_term_string}\"},\"query-input\":{\"@type\":\"PropertyValueSpecification\",\"valueRequired\":true,\"valueName\":\"search_term_string\"}}],\"inLanguage\":\"pt-BR\"},{\"@type\":\"Organization\",\"@id\":\"https:\/\/motionup.com.br\/site\/#organization\",\"name\":\"Motion Up\",\"url\":\"https:\/\/motionup.com.br\/site\/\",\"logo\":{\"@type\":\"ImageObject\",\"inLanguage\":\"pt-BR\",\"@id\":\"https:\/\/motionup.com.br\/site\/#\/schema\/logo\/image\/\",\"url\":\"https:\/\/motionup.com.br\/site\/wp-content\/uploads\/2025\/05\/MOTIONUP.png\",\"contentUrl\":\"https:\/\/motionup.com.br\/site\/wp-content\/uploads\/2025\/05\/MOTIONUP.png\",\"width\":1200,\"height\":601,\"caption\":\"Motion Up\"},\"image\":{\"@id\":\"https:\/\/motionup.com.br\/site\/#\/schema\/logo\/image\/\"},\"sameAs\":[\"https:\/\/m.facebook.com\/fp3motionup\/about\/\",\"https:\/\/br.linkedin.com\/company\/fpn-controle-e-automao-industrial-ltda\"]}]}<\/script>\n<!-- \/ Yoast SEO plugin. -->","yoast_head_json":{"title":"E12404 - CABO DE CONEXAO - 10 METROS (PUR) RETO M12 - IFM - Loja Motion Up","robots":{"index":"index","follow":"follow","max-snippet":"max-snippet:-1","max-image-preview":"max-image-preview:large","max-video-preview":"max-video-preview:-1"},"canonical":"https:\/\/motionup.com.br\/site\/produto\/cabo-de-conexao-blindado-e12404\/","og_locale":"pt_BR","og_type":"article","og_title":"E12404 - CABO DE CONEXAO - 10 METROS (PUR) RETO M12 - IFM - Loja Motion Up","og_description":"E12404 &#8211; CABO DE CONEXAO &#8211; 10 METROS (PUR) RETO M12 &#8211; IFM Consulte um vendedor e solicite um or\u00e7amento vendas@motionup.com.br motionup@motionup.com.br Conex\u00e3o de 8 p\u00f3los Boa compatibilidade eletromagn\u00e9tica gra\u00e7as ao cabo blindado Alto grau de prote\u00e7\u00e3o para atender aos requisitos de ambientes industriais duros Transmiss\u00e3o confi\u00e1vel dos sinais do sensor Ampla faixa de temperatura [&hellip;]","og_url":"https:\/\/motionup.com.br\/site\/produto\/cabo-de-conexao-blindado-e12404\/","og_site_name":"Loja Motion Up","article_publisher":"https:\/\/m.facebook.com\/fp3motionup\/about\/","article_modified_time":"2023-09-25T13:27:58+00:00","og_image":[{"width":500,"height":500,"url":"https:\/\/motionup.com.br\/site\/wp-content\/uploads\/2020\/01\/CABO-DE-CONEX\u00c3O-E12404-2.jpg","type":"image\/jpeg"}],"twitter_card":"summary_large_image","twitter_misc":{"Est. tempo de leitura":"1 minuto"},"schema":{"@context":"https:\/\/schema.org","@graph":[{"@type":"WebPage","@id":"https:\/\/motionup.com.br\/site\/produto\/cabo-de-conexao-blindado-e12404\/","url":"https:\/\/motionup.com.br\/site\/produto\/cabo-de-conexao-blindado-e12404\/","name":"E12404 - CABO DE CONEXAO - 10 METROS (PUR) RETO M12 - IFM - Loja Motion Up","isPartOf":{"@id":"https:\/\/motionup.com.br\/site\/#website"},"primaryImageOfPage":{"@id":"https:\/\/motionup.com.br\/site\/produto\/cabo-de-conexao-blindado-e12404\/#primaryimage"},"image":{"@id":"https:\/\/motionup.com.br\/site\/produto\/cabo-de-conexao-blindado-e12404\/#primaryimage"},"thumbnailUrl":"https:\/\/motionup.com.br\/site\/wp-content\/uploads\/2020\/01\/CABO-DE-CONEX\u00c3O-E12404-2.jpg","datePublished":"2020-01-16T16:09:21+00:00","dateModified":"2023-09-25T13:27:58+00:00","breadcrumb":{"@id":"https:\/\/motionup.com.br\/site\/produto\/cabo-de-conexao-blindado-e12404\/#breadcrumb"},"inLanguage":"pt-BR","potentialAction":[{"@type":"ReadAction","target":["https:\/\/motionup.com.br\/site\/produto\/cabo-de-conexao-blindado-e12404\/"]}]},{"@type":"ImageObject","inLanguage":"pt-BR","@id":"https:\/\/motionup.com.br\/site\/produto\/cabo-de-conexao-blindado-e12404\/#primaryimage","url":"https:\/\/motionup.com.br\/site\/wp-content\/uploads\/2020\/01\/CABO-DE-CONEX\u00c3O-E12404-2.jpg","contentUrl":"https:\/\/motionup.com.br\/site\/wp-content\/uploads\/2020\/01\/CABO-DE-CONEX\u00c3O-E12404-2.jpg","width":500,"height":500},{"@type":"BreadcrumbList","@id":"https:\/\/motionup.com.br\/site\/produto\/cabo-de-conexao-blindado-e12404\/#breadcrumb","itemListElement":[{"@type":"ListItem","position":1,"name":"In\u00edcio","item":"https:\/\/motionup.com.br\/site\/"},{"@type":"ListItem","position":2,"name":"Produtos","item":"https:\/\/motionup.com.br\/site\/produtos\/"},{"@type":"ListItem","position":3,"name":"E12404 &#8211; CABO DE CONEXAO &#8211; 10 METROS (PUR) RETO M12 &#8211; IFM"}]},{"@type":"WebSite","@id":"https:\/\/motionup.com.br\/site\/#website","url":"https:\/\/motionup.com.br\/site\/","name":"Motion Up","description":"E-commerce Motion Up - Automa\u00e7\u00e3o Industrial","publisher":{"@id":"https:\/\/motionup.com.br\/site\/#organization"},"potentialAction":[{"@type":"SearchAction","target":{"@type":"EntryPoint","urlTemplate":"https:\/\/motionup.com.br\/site\/?s={search_term_string}"},"query-input":{"@type":"PropertyValueSpecification","valueRequired":true,"valueName":"search_term_string"}}],"inLanguage":"pt-BR"},{"@type":"Organization","@id":"https:\/\/motionup.com.br\/site\/#organization","name":"Motion Up","url":"https:\/\/motionup.com.br\/site\/","logo":{"@type":"ImageObject","inLanguage":"pt-BR","@id":"https:\/\/motionup.com.br\/site\/#\/schema\/logo\/image\/","url":"https:\/\/motionup.com.br\/site\/wp-content\/uploads\/2025\/05\/MOTIONUP.png","contentUrl":"https:\/\/motionup.com.br\/site\/wp-content\/uploads\/2025\/05\/MOTIONUP.png","width":1200,"height":601,"caption":"Motion Up"},"image":{"@id":"https:\/\/motionup.com.br\/site\/#\/schema\/logo\/image\/"},"sameAs":["https:\/\/m.facebook.com\/fp3motionup\/about\/","https:\/\/br.linkedin.com\/company\/fpn-controle-e-automao-industrial-ltda"]}]}},"_links":{"self":[{"href":"https:\/\/motionup.com.br\/site\/wp-json\/wp\/v2\/product\/1257","targetHints":{"allow":["GET"]}}],"collection":[{"href":"https:\/\/motionup.com.br\/site\/wp-json\/wp\/v2\/product"}],"about":[{"href":"https:\/\/motionup.com.br\/site\/wp-json\/wp\/v2\/types\/product"}],"wp:featuredmedia":[{"embeddable":true,"href":"https:\/\/motionup.com.br\/site\/wp-json\/wp\/v2\/media\/1259"}],"wp:attachment":[{"href":"https:\/\/motionup.com.br\/site\/wp-json\/wp\/v2\/media?parent=1257"}],"wp:term":[{"taxonomy":"product_brand","embeddable":true,"href":"https:\/\/motionup.com.br\/site\/wp-json\/wp\/v2\/product_brand?post=1257"},{"taxonomy":"product_cat","embeddable":true,"href":"https:\/\/motionup.com.br\/site\/wp-json\/wp\/v2\/product_cat?post=1257"},{"taxonomy":"product_tag","embeddable":true,"href":"https:\/\/motionup.com.br\/site\/wp-json\/wp\/v2\/product_tag?post=1257"}],"curies":[{"name":"wp","href":"https:\/\/api.w.org\/{rel}","templated":true}]}}