{"id":1358,"date":"2020-03-11T11:31:40","date_gmt":"2020-03-11T14:31:40","guid":{"rendered":"https:\/\/motionup.com.br\/site\/?post_type=product&#038;p=1358"},"modified":"2020-09-15T11:23:35","modified_gmt":"2020-09-15T14:23:35","slug":"disco-de-friccao-bfk458-06-intorq","status":"publish","type":"product","link":"https:\/\/motionup.com.br\/site\/produto\/disco-de-friccao-bfk458-06-intorq\/","title":{"rendered":"Disco de Fric\u00e7\u00e3o &#8211; BFK458-06 &#8211; INTORQ"},"content":{"rendered":"<p>Consulte um vendedor e fa\u00e7a um or\u00e7amento<\/p>\n<p>vendas@motionup.com.br<\/p>\n<p>motionup@motionup.com.br<\/p>\n<p>&nbsp;<\/p>\n<p>Friction Plate BFK458-06<\/p>\n","protected":false},"excerpt":{"rendered":"<p>Consulte um vendedor e fa\u00e7a um or\u00e7amento vendas@motionup.com.br motionup@motionup.com.br &nbsp; Friction Plate BFK458-06<\/p>\n","protected":false},"featured_media":1621,"template":"","meta":[],"product_brand":[],"product_cat":[213],"product_tag":[219,215,177,216,218,214,170,217,157,164,178],"class_list":{"0":"post-1358","1":"product","2":"type-product","3":"status-publish","4":"has-post-thumbnail","6":"product_cat-disco-de-friccao","7":"product_tag-6mm","8":"product_tag-bfk458-06","9":"product_tag-cubo","10":"product_tag-disco","11":"product_tag-disco-de-friccao","12":"product_tag-disco-de-friccao-bfk458-06-intorq","13":"product_tag-estator","14":"product_tag-friccao","15":"product_tag-intorq","16":"product_tag-lenze","17":"product_tag-rotor","19":"first","20":"instock","21":"shipping-taxable","22":"product-type-simple"},"yoast_head":"<!-- This site is optimized with the Yoast SEO plugin v26.3 - https:\/\/yoast.com\/wordpress\/plugins\/seo\/ -->\n<title>Disco de Fric\u00e7\u00e3o - BFK458-06 - INTORQ - Loja Motion Up<\/title>\n<meta name=\"robots\" content=\"index, follow, max-snippet:-1, max-image-preview:large, max-video-preview:-1\" \/>\n<link rel=\"canonical\" href=\"https:\/\/motionup.com.br\/site\/produto\/disco-de-friccao-bfk458-06-intorq\/\" \/>\n<meta property=\"og:locale\" content=\"pt_BR\" \/>\n<meta property=\"og:type\" content=\"article\" \/>\n<meta property=\"og:title\" content=\"Disco de Fric\u00e7\u00e3o - BFK458-06 - INTORQ - Loja Motion Up\" \/>\n<meta property=\"og:description\" content=\"Consulte um vendedor e fa\u00e7a um or\u00e7amento vendas@motionup.com.br motionup@motionup.com.br &nbsp; Friction Plate BFK458-06\" \/>\n<meta property=\"og:url\" content=\"https:\/\/motionup.com.br\/site\/produto\/disco-de-friccao-bfk458-06-intorq\/\" \/>\n<meta property=\"og:site_name\" content=\"Loja Motion Up\" \/>\n<meta property=\"article:publisher\" content=\"https:\/\/m.facebook.com\/fp3motionup\/about\/\" \/>\n<meta property=\"article:modified_time\" content=\"2020-09-15T14:23:35+00:00\" \/>\n<meta property=\"og:image\" content=\"https:\/\/motionup.com.br\/site\/wp-content\/uploads\/2020\/03\/Imagem26.png\" \/>\n\t<meta property=\"og:image:width\" content=\"1597\" \/>\n\t<meta property=\"og:image:height\" content=\"1222\" \/>\n\t<meta property=\"og:image:type\" content=\"image\/png\" \/>\n<meta name=\"twitter:card\" content=\"summary_large_image\" \/>\n<script type=\"application\/ld+json\" class=\"yoast-schema-graph\">{\"@context\":\"https:\/\/schema.org\",\"@graph\":[{\"@type\":\"WebPage\",\"@id\":\"https:\/\/motionup.com.br\/site\/produto\/disco-de-friccao-bfk458-06-intorq\/\",\"url\":\"https:\/\/motionup.com.br\/site\/produto\/disco-de-friccao-bfk458-06-intorq\/\",\"name\":\"Disco de Fric\u00e7\u00e3o - BFK458-06 - INTORQ - Loja Motion Up\",\"isPartOf\":{\"@id\":\"https:\/\/motionup.com.br\/site\/#website\"},\"primaryImageOfPage\":{\"@id\":\"https:\/\/motionup.com.br\/site\/produto\/disco-de-friccao-bfk458-06-intorq\/#primaryimage\"},\"image\":{\"@id\":\"https:\/\/motionup.com.br\/site\/produto\/disco-de-friccao-bfk458-06-intorq\/#primaryimage\"},\"thumbnailUrl\":\"https:\/\/motionup.com.br\/site\/wp-content\/uploads\/2020\/03\/Imagem26.png\",\"datePublished\":\"2020-03-11T14:31:40+00:00\",\"dateModified\":\"2020-09-15T14:23:35+00:00\",\"breadcrumb\":{\"@id\":\"https:\/\/motionup.com.br\/site\/produto\/disco-de-friccao-bfk458-06-intorq\/#breadcrumb\"},\"inLanguage\":\"pt-BR\",\"potentialAction\":[{\"@type\":\"ReadAction\",\"target\":[\"https:\/\/motionup.com.br\/site\/produto\/disco-de-friccao-bfk458-06-intorq\/\"]}]},{\"@type\":\"ImageObject\",\"inLanguage\":\"pt-BR\",\"@id\":\"https:\/\/motionup.com.br\/site\/produto\/disco-de-friccao-bfk458-06-intorq\/#primaryimage\",\"url\":\"https:\/\/motionup.com.br\/site\/wp-content\/uploads\/2020\/03\/Imagem26.png\",\"contentUrl\":\"https:\/\/motionup.com.br\/site\/wp-content\/uploads\/2020\/03\/Imagem26.png\",\"width\":1597,\"height\":1222},{\"@type\":\"BreadcrumbList\",\"@id\":\"https:\/\/motionup.com.br\/site\/produto\/disco-de-friccao-bfk458-06-intorq\/#breadcrumb\",\"itemListElement\":[{\"@type\":\"ListItem\",\"position\":1,\"name\":\"In\u00edcio\",\"item\":\"https:\/\/motionup.com.br\/site\/\"},{\"@type\":\"ListItem\",\"position\":2,\"name\":\"Produtos\",\"item\":\"https:\/\/motionup.com.br\/site\/produtos\/\"},{\"@type\":\"ListItem\",\"position\":3,\"name\":\"Disco de Fric\u00e7\u00e3o &#8211; BFK458-06 &#8211; INTORQ\"}]},{\"@type\":\"WebSite\",\"@id\":\"https:\/\/motionup.com.br\/site\/#website\",\"url\":\"https:\/\/motionup.com.br\/site\/\",\"name\":\"Motion Up\",\"description\":\"E-commerce Motion Up - Automa\u00e7\u00e3o Industrial\",\"publisher\":{\"@id\":\"https:\/\/motionup.com.br\/site\/#organization\"},\"potentialAction\":[{\"@type\":\"SearchAction\",\"target\":{\"@type\":\"EntryPoint\",\"urlTemplate\":\"https:\/\/motionup.com.br\/site\/?s={search_term_string}\"},\"query-input\":{\"@type\":\"PropertyValueSpecification\",\"valueRequired\":true,\"valueName\":\"search_term_string\"}}],\"inLanguage\":\"pt-BR\"},{\"@type\":\"Organization\",\"@id\":\"https:\/\/motionup.com.br\/site\/#organization\",\"name\":\"Motion Up\",\"url\":\"https:\/\/motionup.com.br\/site\/\",\"logo\":{\"@type\":\"ImageObject\",\"inLanguage\":\"pt-BR\",\"@id\":\"https:\/\/motionup.com.br\/site\/#\/schema\/logo\/image\/\",\"url\":\"https:\/\/motionup.com.br\/site\/wp-content\/uploads\/2025\/05\/MOTIONUP.png\",\"contentUrl\":\"https:\/\/motionup.com.br\/site\/wp-content\/uploads\/2025\/05\/MOTIONUP.png\",\"width\":1200,\"height\":601,\"caption\":\"Motion Up\"},\"image\":{\"@id\":\"https:\/\/motionup.com.br\/site\/#\/schema\/logo\/image\/\"},\"sameAs\":[\"https:\/\/m.facebook.com\/fp3motionup\/about\/\",\"https:\/\/br.linkedin.com\/company\/fpn-controle-e-automao-industrial-ltda\"]}]}<\/script>\n<!-- \/ Yoast SEO plugin. -->","yoast_head_json":{"title":"Disco de Fric\u00e7\u00e3o - BFK458-06 - INTORQ - Loja Motion Up","robots":{"index":"index","follow":"follow","max-snippet":"max-snippet:-1","max-image-preview":"max-image-preview:large","max-video-preview":"max-video-preview:-1"},"canonical":"https:\/\/motionup.com.br\/site\/produto\/disco-de-friccao-bfk458-06-intorq\/","og_locale":"pt_BR","og_type":"article","og_title":"Disco de Fric\u00e7\u00e3o - BFK458-06 - INTORQ - Loja Motion Up","og_description":"Consulte um vendedor e fa\u00e7a um or\u00e7amento vendas@motionup.com.br motionup@motionup.com.br &nbsp; Friction Plate BFK458-06","og_url":"https:\/\/motionup.com.br\/site\/produto\/disco-de-friccao-bfk458-06-intorq\/","og_site_name":"Loja Motion Up","article_publisher":"https:\/\/m.facebook.com\/fp3motionup\/about\/","article_modified_time":"2020-09-15T14:23:35+00:00","og_image":[{"width":1597,"height":1222,"url":"https:\/\/motionup.com.br\/site\/wp-content\/uploads\/2020\/03\/Imagem26.png","type":"image\/png"}],"twitter_card":"summary_large_image","schema":{"@context":"https:\/\/schema.org","@graph":[{"@type":"WebPage","@id":"https:\/\/motionup.com.br\/site\/produto\/disco-de-friccao-bfk458-06-intorq\/","url":"https:\/\/motionup.com.br\/site\/produto\/disco-de-friccao-bfk458-06-intorq\/","name":"Disco de Fric\u00e7\u00e3o - BFK458-06 - INTORQ - Loja Motion Up","isPartOf":{"@id":"https:\/\/motionup.com.br\/site\/#website"},"primaryImageOfPage":{"@id":"https:\/\/motionup.com.br\/site\/produto\/disco-de-friccao-bfk458-06-intorq\/#primaryimage"},"image":{"@id":"https:\/\/motionup.com.br\/site\/produto\/disco-de-friccao-bfk458-06-intorq\/#primaryimage"},"thumbnailUrl":"https:\/\/motionup.com.br\/site\/wp-content\/uploads\/2020\/03\/Imagem26.png","datePublished":"2020-03-11T14:31:40+00:00","dateModified":"2020-09-15T14:23:35+00:00","breadcrumb":{"@id":"https:\/\/motionup.com.br\/site\/produto\/disco-de-friccao-bfk458-06-intorq\/#breadcrumb"},"inLanguage":"pt-BR","potentialAction":[{"@type":"ReadAction","target":["https:\/\/motionup.com.br\/site\/produto\/disco-de-friccao-bfk458-06-intorq\/"]}]},{"@type":"ImageObject","inLanguage":"pt-BR","@id":"https:\/\/motionup.com.br\/site\/produto\/disco-de-friccao-bfk458-06-intorq\/#primaryimage","url":"https:\/\/motionup.com.br\/site\/wp-content\/uploads\/2020\/03\/Imagem26.png","contentUrl":"https:\/\/motionup.com.br\/site\/wp-content\/uploads\/2020\/03\/Imagem26.png","width":1597,"height":1222},{"@type":"BreadcrumbList","@id":"https:\/\/motionup.com.br\/site\/produto\/disco-de-friccao-bfk458-06-intorq\/#breadcrumb","itemListElement":[{"@type":"ListItem","position":1,"name":"In\u00edcio","item":"https:\/\/motionup.com.br\/site\/"},{"@type":"ListItem","position":2,"name":"Produtos","item":"https:\/\/motionup.com.br\/site\/produtos\/"},{"@type":"ListItem","position":3,"name":"Disco de Fric\u00e7\u00e3o &#8211; BFK458-06 &#8211; INTORQ"}]},{"@type":"WebSite","@id":"https:\/\/motionup.com.br\/site\/#website","url":"https:\/\/motionup.com.br\/site\/","name":"Motion Up","description":"E-commerce Motion Up - Automa\u00e7\u00e3o Industrial","publisher":{"@id":"https:\/\/motionup.com.br\/site\/#organization"},"potentialAction":[{"@type":"SearchAction","target":{"@type":"EntryPoint","urlTemplate":"https:\/\/motionup.com.br\/site\/?s={search_term_string}"},"query-input":{"@type":"PropertyValueSpecification","valueRequired":true,"valueName":"search_term_string"}}],"inLanguage":"pt-BR"},{"@type":"Organization","@id":"https:\/\/motionup.com.br\/site\/#organization","name":"Motion Up","url":"https:\/\/motionup.com.br\/site\/","logo":{"@type":"ImageObject","inLanguage":"pt-BR","@id":"https:\/\/motionup.com.br\/site\/#\/schema\/logo\/image\/","url":"https:\/\/motionup.com.br\/site\/wp-content\/uploads\/2025\/05\/MOTIONUP.png","contentUrl":"https:\/\/motionup.com.br\/site\/wp-content\/uploads\/2025\/05\/MOTIONUP.png","width":1200,"height":601,"caption":"Motion Up"},"image":{"@id":"https:\/\/motionup.com.br\/site\/#\/schema\/logo\/image\/"},"sameAs":["https:\/\/m.facebook.com\/fp3motionup\/about\/","https:\/\/br.linkedin.com\/company\/fpn-controle-e-automao-industrial-ltda"]}]}},"_links":{"self":[{"href":"https:\/\/motionup.com.br\/site\/wp-json\/wp\/v2\/product\/1358","targetHints":{"allow":["GET"]}}],"collection":[{"href":"https:\/\/motionup.com.br\/site\/wp-json\/wp\/v2\/product"}],"about":[{"href":"https:\/\/motionup.com.br\/site\/wp-json\/wp\/v2\/types\/product"}],"wp:featuredmedia":[{"embeddable":true,"href":"https:\/\/motionup.com.br\/site\/wp-json\/wp\/v2\/media\/1621"}],"wp:attachment":[{"href":"https:\/\/motionup.com.br\/site\/wp-json\/wp\/v2\/media?parent=1358"}],"wp:term":[{"taxonomy":"product_brand","embeddable":true,"href":"https:\/\/motionup.com.br\/site\/wp-json\/wp\/v2\/product_brand?post=1358"},{"taxonomy":"product_cat","embeddable":true,"href":"https:\/\/motionup.com.br\/site\/wp-json\/wp\/v2\/product_cat?post=1358"},{"taxonomy":"product_tag","embeddable":true,"href":"https:\/\/motionup.com.br\/site\/wp-json\/wp\/v2\/product_tag?post=1358"}],"curies":[{"name":"wp","href":"https:\/\/api.w.org\/{rel}","templated":true}]}}