{"id":1730,"date":"2020-04-29T14:38:46","date_gmt":"2020-04-29T17:38:46","guid":{"rendered":"https:\/\/motionup.com.br\/site\/?post_type=product&#038;p=1730"},"modified":"2020-09-15T17:08:14","modified_gmt":"2020-09-15T20:08:14","slug":"modulo-de-diagnostico-i500-i5madu0000000s-lenze","status":"publish","type":"product","link":"https:\/\/motionup.com.br\/site\/produto\/modulo-de-diagnostico-i500-i5madu0000000s-lenze\/","title":{"rendered":"M\u00f3dulo de Diagn\u00f3stico USB i500 &#8211; I5MADU0000000S &#8211; Lenze"},"content":{"rendered":"<p>Consulte um vendedor e solicite um or\u00e7amento<\/p>\n<p>vendas@motionup.com.br<\/p>\n<p>motionup@motionup.com.br<\/p>\n<p>&nbsp;<\/p>\n<p>Diagnostic module<br \/>\nType I5MADU0000000S<br \/>\nDescription USB module<br \/>\nVersion USB 2.0 \/ micro-B plug<\/p>\n","protected":false},"excerpt":{"rendered":"<p>Consulte um vendedor e solicite um or\u00e7amento vendas@motionup.com.br motionup@motionup.com.br &nbsp; Diagnostic module Type I5MADU0000000S Description USB module Version USB 2.0 \/ micro-B plug<\/p>\n","protected":false},"featured_media":1731,"template":"","meta":[],"product_brand":[],"product_cat":[290],"product_tag":[294,274,293,164,295,188],"class_list":{"0":"post-1730","1":"product","2":"type-product","3":"status-publish","4":"has-post-thumbnail","6":"product_cat-ihm","7":"product_tag-diagnostico","8":"product_tag-i500","9":"product_tag-ihm","10":"product_tag-lenze","11":"product_tag-module","12":"product_tag-modulo","14":"first","15":"instock","16":"shipping-taxable","17":"product-type-simple"},"yoast_head":"<!-- This site is optimized with the Yoast SEO plugin v26.3 - https:\/\/yoast.com\/wordpress\/plugins\/seo\/ -->\n<title>M\u00f3dulo de Diagn\u00f3stico USB i500 - I5MADU0000000S - Lenze - Loja Motion Up<\/title>\n<meta name=\"robots\" content=\"index, follow, max-snippet:-1, max-image-preview:large, max-video-preview:-1\" \/>\n<link rel=\"canonical\" href=\"https:\/\/motionup.com.br\/site\/produto\/modulo-de-diagnostico-i500-i5madu0000000s-lenze\/\" \/>\n<meta property=\"og:locale\" content=\"pt_BR\" \/>\n<meta property=\"og:type\" content=\"article\" \/>\n<meta property=\"og:title\" content=\"M\u00f3dulo de Diagn\u00f3stico USB i500 - I5MADU0000000S - Lenze - Loja Motion Up\" \/>\n<meta property=\"og:description\" content=\"Consulte um vendedor e solicite um or\u00e7amento vendas@motionup.com.br motionup@motionup.com.br &nbsp; Diagnostic module Type I5MADU0000000S Description USB module Version USB 2.0 \/ micro-B plug\" \/>\n<meta property=\"og:url\" content=\"https:\/\/motionup.com.br\/site\/produto\/modulo-de-diagnostico-i500-i5madu0000000s-lenze\/\" \/>\n<meta property=\"og:site_name\" content=\"Loja Motion Up\" \/>\n<meta property=\"article:publisher\" content=\"https:\/\/m.facebook.com\/fp3motionup\/about\/\" \/>\n<meta property=\"article:modified_time\" content=\"2020-09-15T20:08:14+00:00\" \/>\n<meta property=\"og:image\" content=\"https:\/\/motionup.com.br\/site\/wp-content\/uploads\/2020\/04\/Capturar-11.png\" \/>\n\t<meta property=\"og:image:width\" content=\"939\" \/>\n\t<meta property=\"og:image:height\" content=\"722\" \/>\n\t<meta property=\"og:image:type\" content=\"image\/png\" \/>\n<meta name=\"twitter:card\" content=\"summary_large_image\" \/>\n<script type=\"application\/ld+json\" class=\"yoast-schema-graph\">{\"@context\":\"https:\/\/schema.org\",\"@graph\":[{\"@type\":\"WebPage\",\"@id\":\"https:\/\/motionup.com.br\/site\/produto\/modulo-de-diagnostico-i500-i5madu0000000s-lenze\/\",\"url\":\"https:\/\/motionup.com.br\/site\/produto\/modulo-de-diagnostico-i500-i5madu0000000s-lenze\/\",\"name\":\"M\u00f3dulo de Diagn\u00f3stico USB i500 - I5MADU0000000S - Lenze - Loja Motion Up\",\"isPartOf\":{\"@id\":\"https:\/\/motionup.com.br\/site\/#website\"},\"primaryImageOfPage\":{\"@id\":\"https:\/\/motionup.com.br\/site\/produto\/modulo-de-diagnostico-i500-i5madu0000000s-lenze\/#primaryimage\"},\"image\":{\"@id\":\"https:\/\/motionup.com.br\/site\/produto\/modulo-de-diagnostico-i500-i5madu0000000s-lenze\/#primaryimage\"},\"thumbnailUrl\":\"https:\/\/motionup.com.br\/site\/wp-content\/uploads\/2020\/04\/Capturar-11.png\",\"datePublished\":\"2020-04-29T17:38:46+00:00\",\"dateModified\":\"2020-09-15T20:08:14+00:00\",\"breadcrumb\":{\"@id\":\"https:\/\/motionup.com.br\/site\/produto\/modulo-de-diagnostico-i500-i5madu0000000s-lenze\/#breadcrumb\"},\"inLanguage\":\"pt-BR\",\"potentialAction\":[{\"@type\":\"ReadAction\",\"target\":[\"https:\/\/motionup.com.br\/site\/produto\/modulo-de-diagnostico-i500-i5madu0000000s-lenze\/\"]}]},{\"@type\":\"ImageObject\",\"inLanguage\":\"pt-BR\",\"@id\":\"https:\/\/motionup.com.br\/site\/produto\/modulo-de-diagnostico-i500-i5madu0000000s-lenze\/#primaryimage\",\"url\":\"https:\/\/motionup.com.br\/site\/wp-content\/uploads\/2020\/04\/Capturar-11.png\",\"contentUrl\":\"https:\/\/motionup.com.br\/site\/wp-content\/uploads\/2020\/04\/Capturar-11.png\",\"width\":939,\"height\":722},{\"@type\":\"BreadcrumbList\",\"@id\":\"https:\/\/motionup.com.br\/site\/produto\/modulo-de-diagnostico-i500-i5madu0000000s-lenze\/#breadcrumb\",\"itemListElement\":[{\"@type\":\"ListItem\",\"position\":1,\"name\":\"In\u00edcio\",\"item\":\"https:\/\/motionup.com.br\/site\/\"},{\"@type\":\"ListItem\",\"position\":2,\"name\":\"Produtos\",\"item\":\"https:\/\/motionup.com.br\/site\/produtos\/\"},{\"@type\":\"ListItem\",\"position\":3,\"name\":\"M\u00f3dulo de Diagn\u00f3stico USB i500 &#8211; I5MADU0000000S &#8211; Lenze\"}]},{\"@type\":\"WebSite\",\"@id\":\"https:\/\/motionup.com.br\/site\/#website\",\"url\":\"https:\/\/motionup.com.br\/site\/\",\"name\":\"Motion Up\",\"description\":\"E-commerce Motion Up - Automa\u00e7\u00e3o Industrial\",\"publisher\":{\"@id\":\"https:\/\/motionup.com.br\/site\/#organization\"},\"potentialAction\":[{\"@type\":\"SearchAction\",\"target\":{\"@type\":\"EntryPoint\",\"urlTemplate\":\"https:\/\/motionup.com.br\/site\/?s={search_term_string}\"},\"query-input\":{\"@type\":\"PropertyValueSpecification\",\"valueRequired\":true,\"valueName\":\"search_term_string\"}}],\"inLanguage\":\"pt-BR\"},{\"@type\":\"Organization\",\"@id\":\"https:\/\/motionup.com.br\/site\/#organization\",\"name\":\"Motion Up\",\"url\":\"https:\/\/motionup.com.br\/site\/\",\"logo\":{\"@type\":\"ImageObject\",\"inLanguage\":\"pt-BR\",\"@id\":\"https:\/\/motionup.com.br\/site\/#\/schema\/logo\/image\/\",\"url\":\"https:\/\/motionup.com.br\/site\/wp-content\/uploads\/2025\/05\/MOTIONUP.png\",\"contentUrl\":\"https:\/\/motionup.com.br\/site\/wp-content\/uploads\/2025\/05\/MOTIONUP.png\",\"width\":1200,\"height\":601,\"caption\":\"Motion Up\"},\"image\":{\"@id\":\"https:\/\/motionup.com.br\/site\/#\/schema\/logo\/image\/\"},\"sameAs\":[\"https:\/\/m.facebook.com\/fp3motionup\/about\/\",\"https:\/\/br.linkedin.com\/company\/fpn-controle-e-automao-industrial-ltda\"]}]}<\/script>\n<!-- \/ Yoast SEO plugin. -->","yoast_head_json":{"title":"M\u00f3dulo de Diagn\u00f3stico USB i500 - I5MADU0000000S - Lenze - Loja Motion Up","robots":{"index":"index","follow":"follow","max-snippet":"max-snippet:-1","max-image-preview":"max-image-preview:large","max-video-preview":"max-video-preview:-1"},"canonical":"https:\/\/motionup.com.br\/site\/produto\/modulo-de-diagnostico-i500-i5madu0000000s-lenze\/","og_locale":"pt_BR","og_type":"article","og_title":"M\u00f3dulo de Diagn\u00f3stico USB i500 - I5MADU0000000S - Lenze - Loja Motion Up","og_description":"Consulte um vendedor e solicite um or\u00e7amento vendas@motionup.com.br motionup@motionup.com.br &nbsp; Diagnostic module Type I5MADU0000000S Description USB module Version USB 2.0 \/ micro-B plug","og_url":"https:\/\/motionup.com.br\/site\/produto\/modulo-de-diagnostico-i500-i5madu0000000s-lenze\/","og_site_name":"Loja Motion Up","article_publisher":"https:\/\/m.facebook.com\/fp3motionup\/about\/","article_modified_time":"2020-09-15T20:08:14+00:00","og_image":[{"width":939,"height":722,"url":"https:\/\/motionup.com.br\/site\/wp-content\/uploads\/2020\/04\/Capturar-11.png","type":"image\/png"}],"twitter_card":"summary_large_image","schema":{"@context":"https:\/\/schema.org","@graph":[{"@type":"WebPage","@id":"https:\/\/motionup.com.br\/site\/produto\/modulo-de-diagnostico-i500-i5madu0000000s-lenze\/","url":"https:\/\/motionup.com.br\/site\/produto\/modulo-de-diagnostico-i500-i5madu0000000s-lenze\/","name":"M\u00f3dulo de Diagn\u00f3stico USB i500 - I5MADU0000000S - Lenze - Loja Motion Up","isPartOf":{"@id":"https:\/\/motionup.com.br\/site\/#website"},"primaryImageOfPage":{"@id":"https:\/\/motionup.com.br\/site\/produto\/modulo-de-diagnostico-i500-i5madu0000000s-lenze\/#primaryimage"},"image":{"@id":"https:\/\/motionup.com.br\/site\/produto\/modulo-de-diagnostico-i500-i5madu0000000s-lenze\/#primaryimage"},"thumbnailUrl":"https:\/\/motionup.com.br\/site\/wp-content\/uploads\/2020\/04\/Capturar-11.png","datePublished":"2020-04-29T17:38:46+00:00","dateModified":"2020-09-15T20:08:14+00:00","breadcrumb":{"@id":"https:\/\/motionup.com.br\/site\/produto\/modulo-de-diagnostico-i500-i5madu0000000s-lenze\/#breadcrumb"},"inLanguage":"pt-BR","potentialAction":[{"@type":"ReadAction","target":["https:\/\/motionup.com.br\/site\/produto\/modulo-de-diagnostico-i500-i5madu0000000s-lenze\/"]}]},{"@type":"ImageObject","inLanguage":"pt-BR","@id":"https:\/\/motionup.com.br\/site\/produto\/modulo-de-diagnostico-i500-i5madu0000000s-lenze\/#primaryimage","url":"https:\/\/motionup.com.br\/site\/wp-content\/uploads\/2020\/04\/Capturar-11.png","contentUrl":"https:\/\/motionup.com.br\/site\/wp-content\/uploads\/2020\/04\/Capturar-11.png","width":939,"height":722},{"@type":"BreadcrumbList","@id":"https:\/\/motionup.com.br\/site\/produto\/modulo-de-diagnostico-i500-i5madu0000000s-lenze\/#breadcrumb","itemListElement":[{"@type":"ListItem","position":1,"name":"In\u00edcio","item":"https:\/\/motionup.com.br\/site\/"},{"@type":"ListItem","position":2,"name":"Produtos","item":"https:\/\/motionup.com.br\/site\/produtos\/"},{"@type":"ListItem","position":3,"name":"M\u00f3dulo de Diagn\u00f3stico USB i500 &#8211; I5MADU0000000S &#8211; Lenze"}]},{"@type":"WebSite","@id":"https:\/\/motionup.com.br\/site\/#website","url":"https:\/\/motionup.com.br\/site\/","name":"Motion Up","description":"E-commerce Motion Up - Automa\u00e7\u00e3o Industrial","publisher":{"@id":"https:\/\/motionup.com.br\/site\/#organization"},"potentialAction":[{"@type":"SearchAction","target":{"@type":"EntryPoint","urlTemplate":"https:\/\/motionup.com.br\/site\/?s={search_term_string}"},"query-input":{"@type":"PropertyValueSpecification","valueRequired":true,"valueName":"search_term_string"}}],"inLanguage":"pt-BR"},{"@type":"Organization","@id":"https:\/\/motionup.com.br\/site\/#organization","name":"Motion Up","url":"https:\/\/motionup.com.br\/site\/","logo":{"@type":"ImageObject","inLanguage":"pt-BR","@id":"https:\/\/motionup.com.br\/site\/#\/schema\/logo\/image\/","url":"https:\/\/motionup.com.br\/site\/wp-content\/uploads\/2025\/05\/MOTIONUP.png","contentUrl":"https:\/\/motionup.com.br\/site\/wp-content\/uploads\/2025\/05\/MOTIONUP.png","width":1200,"height":601,"caption":"Motion Up"},"image":{"@id":"https:\/\/motionup.com.br\/site\/#\/schema\/logo\/image\/"},"sameAs":["https:\/\/m.facebook.com\/fp3motionup\/about\/","https:\/\/br.linkedin.com\/company\/fpn-controle-e-automao-industrial-ltda"]}]}},"_links":{"self":[{"href":"https:\/\/motionup.com.br\/site\/wp-json\/wp\/v2\/product\/1730","targetHints":{"allow":["GET"]}}],"collection":[{"href":"https:\/\/motionup.com.br\/site\/wp-json\/wp\/v2\/product"}],"about":[{"href":"https:\/\/motionup.com.br\/site\/wp-json\/wp\/v2\/types\/product"}],"wp:featuredmedia":[{"embeddable":true,"href":"https:\/\/motionup.com.br\/site\/wp-json\/wp\/v2\/media\/1731"}],"wp:attachment":[{"href":"https:\/\/motionup.com.br\/site\/wp-json\/wp\/v2\/media?parent=1730"}],"wp:term":[{"taxonomy":"product_brand","embeddable":true,"href":"https:\/\/motionup.com.br\/site\/wp-json\/wp\/v2\/product_brand?post=1730"},{"taxonomy":"product_cat","embeddable":true,"href":"https:\/\/motionup.com.br\/site\/wp-json\/wp\/v2\/product_cat?post=1730"},{"taxonomy":"product_tag","embeddable":true,"href":"https:\/\/motionup.com.br\/site\/wp-json\/wp\/v2\/product_tag?post=1730"}],"curies":[{"name":"wp","href":"https:\/\/api.w.org\/{rel}","templated":true}]}}