{"id":2500,"date":"2021-03-23T13:55:16","date_gmt":"2021-03-23T16:55:16","guid":{"rendered":"https:\/\/motionup.com.br\/site\/?post_type=product&#038;p=2500"},"modified":"2023-09-25T15:54:02","modified_gmt":"2023-09-25T18:54:02","slug":"espelho-reflexivo-p-barreiras-fotoeletricas-e20956-ifm","status":"publish","type":"product","link":"https:\/\/motionup.com.br\/site\/produto\/espelho-reflexivo-p-barreiras-fotoeletricas-e20956-ifm\/","title":{"rendered":"E20956 &#8211; REFLETOR P\/ BARREIRAS FOTOELETRICAS DE REFLEXAO &#8211; \u00d848mm &#8211; IFM"},"content":{"rendered":"<p>E20956 &#8211; REFLETOR P\/ BARREIRAS FOTOELETRICAS DE REFLEXAO &#8211; \u00d848mm &#8211; IFM<\/p>\n<p>Consultar um vendedor e solicitar um or\u00e7amento<\/p>\n<p>vendas@motionup.com.br<\/p>\n<p>motionup@motionup.com.br<\/p>\n<hr \/>\n<ul class=\"bulletpoint-list__entries\">\n<li>Para a opera\u00e7\u00e3o confi\u00e1vel de sensores retrorreflexivos<\/li>\n<li>F\u00e1cil montagem com apenas um parafuso<\/li>\n<li>Adequado para luz vermelha e luz infravermelha<\/li>\n<\/ul>\n<blockquote><p><strong>CAMPO DE APLICA\u00c7\u00c3O<\/strong><\/p><\/blockquote>\n<ul>\n<li>Modelo &#8212;&gt; redondo, para barreiras fotoel\u00e9tricas de reflex\u00e3o de luz vermelha e infravermelha<\/li>\n<\/ul>\n","protected":false},"excerpt":{"rendered":"<p>E20956 &#8211; REFLETOR P\/ BARREIRAS FOTOELETRICAS DE REFLEXAO &#8211; \u00d848mm &#8211; IFM Consultar um vendedor e solicitar um or\u00e7amento vendas@motionup.com.br motionup@motionup.com.br Para a opera\u00e7\u00e3o confi\u00e1vel de sensores retrorreflexivos F\u00e1cil montagem com apenas um parafuso Adequado para luz vermelha e luz infravermelha CAMPO DE APLICA\u00c7\u00c3O Modelo &#8212;&gt; redondo, para barreiras fotoel\u00e9tricas de reflex\u00e3o de luz vermelha [&hellip;]<\/p>\n","protected":false},"featured_media":2501,"template":"","meta":[],"product_brand":[],"product_cat":[353,56,651],"product_tag":[],"class_list":{"0":"post-2500","1":"product","2":"type-product","3":"status-publish","4":"has-post-thumbnail","6":"product_cat-ifm","7":"product_cat-sensores","8":"product_cat-fotoeletrico-por-barreira","10":"first","11":"instock","12":"shipping-taxable","13":"product-type-simple"},"yoast_head":"<!-- This site is optimized with the Yoast SEO plugin v26.3 - https:\/\/yoast.com\/wordpress\/plugins\/seo\/ -->\n<title>E20956 - REFLETOR P\/ BARREIRAS FOTOELETRICAS DE REFLEXAO - \u00d848mm - IFM - Loja Motion Up<\/title>\n<meta name=\"robots\" content=\"index, follow, max-snippet:-1, max-image-preview:large, max-video-preview:-1\" \/>\n<link rel=\"canonical\" href=\"https:\/\/motionup.com.br\/site\/produto\/espelho-reflexivo-p-barreiras-fotoeletricas-e20956-ifm\/\" \/>\n<meta property=\"og:locale\" content=\"pt_BR\" \/>\n<meta property=\"og:type\" content=\"article\" \/>\n<meta property=\"og:title\" content=\"E20956 - REFLETOR P\/ BARREIRAS FOTOELETRICAS DE REFLEXAO - \u00d848mm - IFM - Loja Motion Up\" \/>\n<meta property=\"og:description\" content=\"E20956 &#8211; REFLETOR P\/ BARREIRAS FOTOELETRICAS DE REFLEXAO &#8211; \u00d848mm &#8211; IFM Consultar um vendedor e solicitar um or\u00e7amento vendas@motionup.com.br motionup@motionup.com.br Para a opera\u00e7\u00e3o confi\u00e1vel de sensores retrorreflexivos F\u00e1cil montagem com apenas um parafuso Adequado para luz vermelha e luz infravermelha CAMPO DE APLICA\u00c7\u00c3O Modelo &#8212;&gt; redondo, para barreiras fotoel\u00e9tricas de reflex\u00e3o de luz vermelha [&hellip;]\" \/>\n<meta property=\"og:url\" content=\"https:\/\/motionup.com.br\/site\/produto\/espelho-reflexivo-p-barreiras-fotoeletricas-e20956-ifm\/\" \/>\n<meta property=\"og:site_name\" content=\"Loja Motion Up\" \/>\n<meta property=\"article:publisher\" content=\"https:\/\/m.facebook.com\/fp3motionup\/about\/\" \/>\n<meta property=\"article:modified_time\" content=\"2023-09-25T18:54:02+00:00\" \/>\n<meta property=\"og:image\" content=\"https:\/\/motionup.com.br\/site\/wp-content\/uploads\/2021\/03\/P_F_E_W_Z_0253_E20956_01.jpg\" \/>\n\t<meta property=\"og:image:width\" content=\"1200\" \/>\n\t<meta property=\"og:image:height\" content=\"1200\" \/>\n\t<meta property=\"og:image:type\" content=\"image\/jpeg\" \/>\n<meta name=\"twitter:card\" content=\"summary_large_image\" \/>\n<script type=\"application\/ld+json\" class=\"yoast-schema-graph\">{\"@context\":\"https:\/\/schema.org\",\"@graph\":[{\"@type\":\"WebPage\",\"@id\":\"https:\/\/motionup.com.br\/site\/produto\/espelho-reflexivo-p-barreiras-fotoeletricas-e20956-ifm\/\",\"url\":\"https:\/\/motionup.com.br\/site\/produto\/espelho-reflexivo-p-barreiras-fotoeletricas-e20956-ifm\/\",\"name\":\"E20956 - REFLETOR P\/ BARREIRAS FOTOELETRICAS DE REFLEXAO - \u00d848mm - IFM - Loja Motion Up\",\"isPartOf\":{\"@id\":\"https:\/\/motionup.com.br\/site\/#website\"},\"primaryImageOfPage\":{\"@id\":\"https:\/\/motionup.com.br\/site\/produto\/espelho-reflexivo-p-barreiras-fotoeletricas-e20956-ifm\/#primaryimage\"},\"image\":{\"@id\":\"https:\/\/motionup.com.br\/site\/produto\/espelho-reflexivo-p-barreiras-fotoeletricas-e20956-ifm\/#primaryimage\"},\"thumbnailUrl\":\"https:\/\/motionup.com.br\/site\/wp-content\/uploads\/2021\/03\/P_F_E_W_Z_0253_E20956_01.jpg\",\"datePublished\":\"2021-03-23T16:55:16+00:00\",\"dateModified\":\"2023-09-25T18:54:02+00:00\",\"breadcrumb\":{\"@id\":\"https:\/\/motionup.com.br\/site\/produto\/espelho-reflexivo-p-barreiras-fotoeletricas-e20956-ifm\/#breadcrumb\"},\"inLanguage\":\"pt-BR\",\"potentialAction\":[{\"@type\":\"ReadAction\",\"target\":[\"https:\/\/motionup.com.br\/site\/produto\/espelho-reflexivo-p-barreiras-fotoeletricas-e20956-ifm\/\"]}]},{\"@type\":\"ImageObject\",\"inLanguage\":\"pt-BR\",\"@id\":\"https:\/\/motionup.com.br\/site\/produto\/espelho-reflexivo-p-barreiras-fotoeletricas-e20956-ifm\/#primaryimage\",\"url\":\"https:\/\/motionup.com.br\/site\/wp-content\/uploads\/2021\/03\/P_F_E_W_Z_0253_E20956_01.jpg\",\"contentUrl\":\"https:\/\/motionup.com.br\/site\/wp-content\/uploads\/2021\/03\/P_F_E_W_Z_0253_E20956_01.jpg\",\"width\":1200,\"height\":1200},{\"@type\":\"BreadcrumbList\",\"@id\":\"https:\/\/motionup.com.br\/site\/produto\/espelho-reflexivo-p-barreiras-fotoeletricas-e20956-ifm\/#breadcrumb\",\"itemListElement\":[{\"@type\":\"ListItem\",\"position\":1,\"name\":\"In\u00edcio\",\"item\":\"https:\/\/motionup.com.br\/site\/\"},{\"@type\":\"ListItem\",\"position\":2,\"name\":\"Produtos\",\"item\":\"https:\/\/motionup.com.br\/site\/produtos\/\"},{\"@type\":\"ListItem\",\"position\":3,\"name\":\"E20956 &#8211; REFLETOR P\/ BARREIRAS FOTOELETRICAS DE REFLEXAO &#8211; \u00d848mm &#8211; IFM\"}]},{\"@type\":\"WebSite\",\"@id\":\"https:\/\/motionup.com.br\/site\/#website\",\"url\":\"https:\/\/motionup.com.br\/site\/\",\"name\":\"Motion Up\",\"description\":\"E-commerce Motion Up - Automa\u00e7\u00e3o Industrial\",\"publisher\":{\"@id\":\"https:\/\/motionup.com.br\/site\/#organization\"},\"potentialAction\":[{\"@type\":\"SearchAction\",\"target\":{\"@type\":\"EntryPoint\",\"urlTemplate\":\"https:\/\/motionup.com.br\/site\/?s={search_term_string}\"},\"query-input\":{\"@type\":\"PropertyValueSpecification\",\"valueRequired\":true,\"valueName\":\"search_term_string\"}}],\"inLanguage\":\"pt-BR\"},{\"@type\":\"Organization\",\"@id\":\"https:\/\/motionup.com.br\/site\/#organization\",\"name\":\"Motion Up\",\"url\":\"https:\/\/motionup.com.br\/site\/\",\"logo\":{\"@type\":\"ImageObject\",\"inLanguage\":\"pt-BR\",\"@id\":\"https:\/\/motionup.com.br\/site\/#\/schema\/logo\/image\/\",\"url\":\"https:\/\/motionup.com.br\/site\/wp-content\/uploads\/2025\/05\/MOTIONUP.png\",\"contentUrl\":\"https:\/\/motionup.com.br\/site\/wp-content\/uploads\/2025\/05\/MOTIONUP.png\",\"width\":1200,\"height\":601,\"caption\":\"Motion Up\"},\"image\":{\"@id\":\"https:\/\/motionup.com.br\/site\/#\/schema\/logo\/image\/\"},\"sameAs\":[\"https:\/\/m.facebook.com\/fp3motionup\/about\/\",\"https:\/\/br.linkedin.com\/company\/fpn-controle-e-automao-industrial-ltda\"]}]}<\/script>\n<!-- \/ Yoast SEO plugin. -->","yoast_head_json":{"title":"E20956 - REFLETOR P\/ BARREIRAS FOTOELETRICAS DE REFLEXAO - \u00d848mm - IFM - Loja Motion Up","robots":{"index":"index","follow":"follow","max-snippet":"max-snippet:-1","max-image-preview":"max-image-preview:large","max-video-preview":"max-video-preview:-1"},"canonical":"https:\/\/motionup.com.br\/site\/produto\/espelho-reflexivo-p-barreiras-fotoeletricas-e20956-ifm\/","og_locale":"pt_BR","og_type":"article","og_title":"E20956 - REFLETOR P\/ BARREIRAS FOTOELETRICAS DE REFLEXAO - \u00d848mm - IFM - Loja Motion Up","og_description":"E20956 &#8211; REFLETOR P\/ BARREIRAS FOTOELETRICAS DE REFLEXAO &#8211; \u00d848mm &#8211; IFM Consultar um vendedor e solicitar um or\u00e7amento vendas@motionup.com.br motionup@motionup.com.br Para a opera\u00e7\u00e3o confi\u00e1vel de sensores retrorreflexivos F\u00e1cil montagem com apenas um parafuso Adequado para luz vermelha e luz infravermelha CAMPO DE APLICA\u00c7\u00c3O Modelo &#8212;&gt; redondo, para barreiras fotoel\u00e9tricas de reflex\u00e3o de luz vermelha [&hellip;]","og_url":"https:\/\/motionup.com.br\/site\/produto\/espelho-reflexivo-p-barreiras-fotoeletricas-e20956-ifm\/","og_site_name":"Loja Motion Up","article_publisher":"https:\/\/m.facebook.com\/fp3motionup\/about\/","article_modified_time":"2023-09-25T18:54:02+00:00","og_image":[{"width":1200,"height":1200,"url":"https:\/\/motionup.com.br\/site\/wp-content\/uploads\/2021\/03\/P_F_E_W_Z_0253_E20956_01.jpg","type":"image\/jpeg"}],"twitter_card":"summary_large_image","schema":{"@context":"https:\/\/schema.org","@graph":[{"@type":"WebPage","@id":"https:\/\/motionup.com.br\/site\/produto\/espelho-reflexivo-p-barreiras-fotoeletricas-e20956-ifm\/","url":"https:\/\/motionup.com.br\/site\/produto\/espelho-reflexivo-p-barreiras-fotoeletricas-e20956-ifm\/","name":"E20956 - REFLETOR P\/ BARREIRAS FOTOELETRICAS DE REFLEXAO - \u00d848mm - IFM - Loja Motion Up","isPartOf":{"@id":"https:\/\/motionup.com.br\/site\/#website"},"primaryImageOfPage":{"@id":"https:\/\/motionup.com.br\/site\/produto\/espelho-reflexivo-p-barreiras-fotoeletricas-e20956-ifm\/#primaryimage"},"image":{"@id":"https:\/\/motionup.com.br\/site\/produto\/espelho-reflexivo-p-barreiras-fotoeletricas-e20956-ifm\/#primaryimage"},"thumbnailUrl":"https:\/\/motionup.com.br\/site\/wp-content\/uploads\/2021\/03\/P_F_E_W_Z_0253_E20956_01.jpg","datePublished":"2021-03-23T16:55:16+00:00","dateModified":"2023-09-25T18:54:02+00:00","breadcrumb":{"@id":"https:\/\/motionup.com.br\/site\/produto\/espelho-reflexivo-p-barreiras-fotoeletricas-e20956-ifm\/#breadcrumb"},"inLanguage":"pt-BR","potentialAction":[{"@type":"ReadAction","target":["https:\/\/motionup.com.br\/site\/produto\/espelho-reflexivo-p-barreiras-fotoeletricas-e20956-ifm\/"]}]},{"@type":"ImageObject","inLanguage":"pt-BR","@id":"https:\/\/motionup.com.br\/site\/produto\/espelho-reflexivo-p-barreiras-fotoeletricas-e20956-ifm\/#primaryimage","url":"https:\/\/motionup.com.br\/site\/wp-content\/uploads\/2021\/03\/P_F_E_W_Z_0253_E20956_01.jpg","contentUrl":"https:\/\/motionup.com.br\/site\/wp-content\/uploads\/2021\/03\/P_F_E_W_Z_0253_E20956_01.jpg","width":1200,"height":1200},{"@type":"BreadcrumbList","@id":"https:\/\/motionup.com.br\/site\/produto\/espelho-reflexivo-p-barreiras-fotoeletricas-e20956-ifm\/#breadcrumb","itemListElement":[{"@type":"ListItem","position":1,"name":"In\u00edcio","item":"https:\/\/motionup.com.br\/site\/"},{"@type":"ListItem","position":2,"name":"Produtos","item":"https:\/\/motionup.com.br\/site\/produtos\/"},{"@type":"ListItem","position":3,"name":"E20956 &#8211; REFLETOR P\/ BARREIRAS FOTOELETRICAS DE REFLEXAO &#8211; \u00d848mm &#8211; IFM"}]},{"@type":"WebSite","@id":"https:\/\/motionup.com.br\/site\/#website","url":"https:\/\/motionup.com.br\/site\/","name":"Motion Up","description":"E-commerce Motion Up - Automa\u00e7\u00e3o Industrial","publisher":{"@id":"https:\/\/motionup.com.br\/site\/#organization"},"potentialAction":[{"@type":"SearchAction","target":{"@type":"EntryPoint","urlTemplate":"https:\/\/motionup.com.br\/site\/?s={search_term_string}"},"query-input":{"@type":"PropertyValueSpecification","valueRequired":true,"valueName":"search_term_string"}}],"inLanguage":"pt-BR"},{"@type":"Organization","@id":"https:\/\/motionup.com.br\/site\/#organization","name":"Motion Up","url":"https:\/\/motionup.com.br\/site\/","logo":{"@type":"ImageObject","inLanguage":"pt-BR","@id":"https:\/\/motionup.com.br\/site\/#\/schema\/logo\/image\/","url":"https:\/\/motionup.com.br\/site\/wp-content\/uploads\/2025\/05\/MOTIONUP.png","contentUrl":"https:\/\/motionup.com.br\/site\/wp-content\/uploads\/2025\/05\/MOTIONUP.png","width":1200,"height":601,"caption":"Motion Up"},"image":{"@id":"https:\/\/motionup.com.br\/site\/#\/schema\/logo\/image\/"},"sameAs":["https:\/\/m.facebook.com\/fp3motionup\/about\/","https:\/\/br.linkedin.com\/company\/fpn-controle-e-automao-industrial-ltda"]}]}},"_links":{"self":[{"href":"https:\/\/motionup.com.br\/site\/wp-json\/wp\/v2\/product\/2500","targetHints":{"allow":["GET"]}}],"collection":[{"href":"https:\/\/motionup.com.br\/site\/wp-json\/wp\/v2\/product"}],"about":[{"href":"https:\/\/motionup.com.br\/site\/wp-json\/wp\/v2\/types\/product"}],"wp:featuredmedia":[{"embeddable":true,"href":"https:\/\/motionup.com.br\/site\/wp-json\/wp\/v2\/media\/2501"}],"wp:attachment":[{"href":"https:\/\/motionup.com.br\/site\/wp-json\/wp\/v2\/media?parent=2500"}],"wp:term":[{"taxonomy":"product_brand","embeddable":true,"href":"https:\/\/motionup.com.br\/site\/wp-json\/wp\/v2\/product_brand?post=2500"},{"taxonomy":"product_cat","embeddable":true,"href":"https:\/\/motionup.com.br\/site\/wp-json\/wp\/v2\/product_cat?post=2500"},{"taxonomy":"product_tag","embeddable":true,"href":"https:\/\/motionup.com.br\/site\/wp-json\/wp\/v2\/product_tag?post=2500"}],"curies":[{"name":"wp","href":"https:\/\/api.w.org\/{rel}","templated":true}]}}