{"id":2526,"date":"2021-03-23T14:43:24","date_gmt":"2021-03-23T17:43:24","guid":{"rendered":"https:\/\/motionup.com.br\/site\/?post_type=product&#038;p=2526"},"modified":"2023-10-02T15:32:59","modified_gmt":"2023-10-02T18:32:59","slug":"sensor-indutivo-ifs256-ifm","status":"publish","type":"product","link":"https:\/\/motionup.com.br\/site\/produto\/sensor-indutivo-ifs256-ifm\/","title":{"rendered":"IFS256 &#8211; SENSOR INDUTIVO (ROSCA) &#8211; CABO: 2 METROS (PUR) M12 x 1 \/ L=40 &#8211; IFM"},"content":{"rendered":"<p>IFS256 &#8211; SENSOR INDUTIVO (ROSCA) &#8211; CABO: 2 METROS (PUR) M12 x 1 \/ L=40 &#8211; IFM<\/p>\n<p>Consulte um vendedor e solicite um or\u00e7amento<\/p>\n<p>vendas@motionup.com.br<\/p>\n<p>motionup@motionup.com.br<\/p>\n<hr \/>\n<ul class=\"bulletpoint-list__entries\">\n<li>Uso em aplica\u00e7\u00f5es industriais, m\u00f3veis, com fluidos refrigerantes e lubrificantes<\/li>\n<li>Alto grau de prote\u00e7\u00e3o para atender aos requisitos de ambientes industriais duros<\/li>\n<li>Aplica\u00e7\u00e3o flex\u00edvel gra\u00e7as \u00e0 ampla faixa de temperatura operacional<\/li>\n<li>Detec\u00e7\u00e3o segura devido a ampla dist\u00e2ncia de comuta\u00e7\u00e3o e toler\u00e2ncias menores do sensor<\/li>\n<li>Redu\u00e7\u00e3o do armazenamento devido \u00e0 ampla gama de aplica\u00e7\u00f5es<\/li>\n<\/ul>\n<blockquote><p><strong>CARACTERISTICAS DO PRODUTO<\/strong><\/p><\/blockquote>\n<ul>\n<li>Fun\u00e7\u00e3o el\u00e9trica &#8212;&gt; PNP<\/li>\n<li>Sa\u00edda &#8212;&gt; normalmente aberto<\/li>\n<li>Alcance de detec\u00e7\u00e3o [mm] &#8212;&gt; 4<\/li>\n<li>Inv\u00f3lucro &#8212;&gt; forma construtiva de roscas<\/li>\n<li>Dimens\u00f5es [mm] &#8212;&gt; M12 x 1 \/ L = 40<\/li>\n<\/ul>\n<blockquote><p><strong>CONEXAO ELETRICA<\/strong><\/p><\/blockquote>\n<ul>\n<li>cabo: 2 m, PUR, \u00d8 4 mm; comportamento ao fogo ECE R118 Rev.2; 3 x 0,34 mm\u00b2<\/li>\n<\/ul>\n","protected":false},"excerpt":{"rendered":"<p>IFS256 &#8211; SENSOR INDUTIVO (ROSCA) &#8211; CABO: 2 METROS (PUR) M12 x 1 \/ L=40 &#8211; IFM Consulte um vendedor e solicite um or\u00e7amento vendas@motionup.com.br motionup@motionup.com.br Uso em aplica\u00e7\u00f5es industriais, m\u00f3veis, com fluidos refrigerantes e lubrificantes Alto grau de prote\u00e7\u00e3o para atender aos requisitos de ambientes industriais duros Aplica\u00e7\u00e3o flex\u00edvel gra\u00e7as \u00e0 ampla faixa de [&hellip;]<\/p>\n","protected":false},"featured_media":2527,"template":"","meta":[],"product_brand":[],"product_cat":[353,56,652],"product_tag":[],"class_list":{"0":"post-2526","1":"product","2":"type-product","3":"status-publish","4":"has-post-thumbnail","6":"product_cat-ifm","7":"product_cat-sensores","8":"product_cat-sensores-indutivo","10":"first","11":"onbackorder","12":"shipping-taxable","13":"product-type-simple"},"yoast_head":"<!-- This site is optimized with the Yoast SEO plugin v27.5 - https:\/\/yoast.com\/product\/yoast-seo-wordpress\/ -->\n<title>IFS256 - SENSOR INDUTIVO (ROSCA) - CABO: 2 METROS (PUR) M12 x 1 \/ L=40 - IFM - Loja Motion Up<\/title>\n<meta name=\"robots\" content=\"index, follow, max-snippet:-1, max-image-preview:large, max-video-preview:-1\" \/>\n<link rel=\"canonical\" href=\"https:\/\/motionup.com.br\/site\/produto\/sensor-indutivo-ifs256-ifm\/\" \/>\n<meta property=\"og:locale\" content=\"pt_BR\" \/>\n<meta property=\"og:type\" content=\"article\" \/>\n<meta property=\"og:title\" content=\"IFS256 - SENSOR INDUTIVO (ROSCA) - CABO: 2 METROS (PUR) M12 x 1 \/ L=40 - IFM - Loja Motion Up\" \/>\n<meta property=\"og:description\" content=\"IFS256 &#8211; SENSOR INDUTIVO (ROSCA) &#8211; CABO: 2 METROS (PUR) M12 x 1 \/ L=40 &#8211; IFM Consulte um vendedor e solicite um or\u00e7amento vendas@motionup.com.br motionup@motionup.com.br Uso em aplica\u00e7\u00f5es industriais, m\u00f3veis, com fluidos refrigerantes e lubrificantes Alto grau de prote\u00e7\u00e3o para atender aos requisitos de ambientes industriais duros Aplica\u00e7\u00e3o flex\u00edvel gra\u00e7as \u00e0 ampla faixa de [&hellip;]\" \/>\n<meta property=\"og:url\" content=\"https:\/\/motionup.com.br\/site\/produto\/sensor-indutivo-ifs256-ifm\/\" \/>\n<meta property=\"og:site_name\" content=\"Loja Motion Up\" \/>\n<meta property=\"article:publisher\" content=\"https:\/\/m.facebook.com\/fp3motionup\/about\/\" \/>\n<meta property=\"article:modified_time\" content=\"2023-10-02T18:32:59+00:00\" \/>\n<meta property=\"og:image\" content=\"https:\/\/motionup.com.br\/site\/wp-content\/uploads\/2021\/03\/P_F_E_W_100_0825_IFS256_01.jpg\" \/>\n\t<meta property=\"og:image:width\" content=\"1200\" \/>\n\t<meta property=\"og:image:height\" content=\"1200\" \/>\n\t<meta property=\"og:image:type\" content=\"image\/jpeg\" \/>\n<meta name=\"twitter:card\" content=\"summary_large_image\" \/>\n<meta name=\"twitter:label1\" content=\"Est. tempo de leitura\" \/>\n\t<meta name=\"twitter:data1\" content=\"1 minuto\" \/>\n<script type=\"application\/ld+json\" class=\"yoast-schema-graph\">{\"@context\":\"https:\\\/\\\/schema.org\",\"@graph\":[{\"@type\":\"WebPage\",\"@id\":\"https:\\\/\\\/motionup.com.br\\\/site\\\/produto\\\/sensor-indutivo-ifs256-ifm\\\/\",\"url\":\"https:\\\/\\\/motionup.com.br\\\/site\\\/produto\\\/sensor-indutivo-ifs256-ifm\\\/\",\"name\":\"IFS256 - SENSOR INDUTIVO (ROSCA) - CABO: 2 METROS (PUR) M12 x 1 \\\/ L=40 - IFM - Loja Motion Up\",\"isPartOf\":{\"@id\":\"https:\\\/\\\/motionup.com.br\\\/site\\\/#website\"},\"primaryImageOfPage\":{\"@id\":\"https:\\\/\\\/motionup.com.br\\\/site\\\/produto\\\/sensor-indutivo-ifs256-ifm\\\/#primaryimage\"},\"image\":{\"@id\":\"https:\\\/\\\/motionup.com.br\\\/site\\\/produto\\\/sensor-indutivo-ifs256-ifm\\\/#primaryimage\"},\"thumbnailUrl\":\"https:\\\/\\\/motionup.com.br\\\/site\\\/wp-content\\\/uploads\\\/2021\\\/03\\\/P_F_E_W_100_0825_IFS256_01.jpg\",\"datePublished\":\"2021-03-23T17:43:24+00:00\",\"dateModified\":\"2023-10-02T18:32:59+00:00\",\"breadcrumb\":{\"@id\":\"https:\\\/\\\/motionup.com.br\\\/site\\\/produto\\\/sensor-indutivo-ifs256-ifm\\\/#breadcrumb\"},\"inLanguage\":\"pt-BR\",\"potentialAction\":[{\"@type\":\"ReadAction\",\"target\":[\"https:\\\/\\\/motionup.com.br\\\/site\\\/produto\\\/sensor-indutivo-ifs256-ifm\\\/\"]}]},{\"@type\":\"ImageObject\",\"inLanguage\":\"pt-BR\",\"@id\":\"https:\\\/\\\/motionup.com.br\\\/site\\\/produto\\\/sensor-indutivo-ifs256-ifm\\\/#primaryimage\",\"url\":\"https:\\\/\\\/motionup.com.br\\\/site\\\/wp-content\\\/uploads\\\/2021\\\/03\\\/P_F_E_W_100_0825_IFS256_01.jpg\",\"contentUrl\":\"https:\\\/\\\/motionup.com.br\\\/site\\\/wp-content\\\/uploads\\\/2021\\\/03\\\/P_F_E_W_100_0825_IFS256_01.jpg\",\"width\":1200,\"height\":1200},{\"@type\":\"BreadcrumbList\",\"@id\":\"https:\\\/\\\/motionup.com.br\\\/site\\\/produto\\\/sensor-indutivo-ifs256-ifm\\\/#breadcrumb\",\"itemListElement\":[{\"@type\":\"ListItem\",\"position\":1,\"name\":\"In\u00edcio\",\"item\":\"https:\\\/\\\/motionup.com.br\\\/site\\\/\"},{\"@type\":\"ListItem\",\"position\":2,\"name\":\"Produtos\",\"item\":\"https:\\\/\\\/motionup.com.br\\\/site\\\/produtos\\\/\"},{\"@type\":\"ListItem\",\"position\":3,\"name\":\"IFS256 &#8211; SENSOR INDUTIVO (ROSCA) &#8211; CABO: 2 METROS (PUR) M12 x 1 \\\/ L=40 &#8211; IFM\"}]},{\"@type\":\"WebSite\",\"@id\":\"https:\\\/\\\/motionup.com.br\\\/site\\\/#website\",\"url\":\"https:\\\/\\\/motionup.com.br\\\/site\\\/\",\"name\":\"Motion Up\",\"description\":\"E-commerce Motion Up - Automa\u00e7\u00e3o Industrial\",\"publisher\":{\"@id\":\"https:\\\/\\\/motionup.com.br\\\/site\\\/#organization\"},\"potentialAction\":[{\"@type\":\"SearchAction\",\"target\":{\"@type\":\"EntryPoint\",\"urlTemplate\":\"https:\\\/\\\/motionup.com.br\\\/site\\\/?s={search_term_string}\"},\"query-input\":{\"@type\":\"PropertyValueSpecification\",\"valueRequired\":true,\"valueName\":\"search_term_string\"}}],\"inLanguage\":\"pt-BR\"},{\"@type\":\"Organization\",\"@id\":\"https:\\\/\\\/motionup.com.br\\\/site\\\/#organization\",\"name\":\"Motion Up\",\"url\":\"https:\\\/\\\/motionup.com.br\\\/site\\\/\",\"logo\":{\"@type\":\"ImageObject\",\"inLanguage\":\"pt-BR\",\"@id\":\"https:\\\/\\\/motionup.com.br\\\/site\\\/#\\\/schema\\\/logo\\\/image\\\/\",\"url\":\"https:\\\/\\\/motionup.com.br\\\/site\\\/wp-content\\\/uploads\\\/2025\\\/05\\\/MOTIONUP.png\",\"contentUrl\":\"https:\\\/\\\/motionup.com.br\\\/site\\\/wp-content\\\/uploads\\\/2025\\\/05\\\/MOTIONUP.png\",\"width\":1200,\"height\":601,\"caption\":\"Motion Up\"},\"image\":{\"@id\":\"https:\\\/\\\/motionup.com.br\\\/site\\\/#\\\/schema\\\/logo\\\/image\\\/\"},\"sameAs\":[\"https:\\\/\\\/m.facebook.com\\\/fp3motionup\\\/about\\\/\",\"https:\\\/\\\/br.linkedin.com\\\/company\\\/fpn-controle-e-automao-industrial-ltda\"]}]}<\/script>\n<!-- \/ Yoast SEO plugin. -->","yoast_head_json":{"title":"IFS256 - SENSOR INDUTIVO (ROSCA) - CABO: 2 METROS (PUR) M12 x 1 \/ L=40 - IFM - Loja Motion Up","robots":{"index":"index","follow":"follow","max-snippet":"max-snippet:-1","max-image-preview":"max-image-preview:large","max-video-preview":"max-video-preview:-1"},"canonical":"https:\/\/motionup.com.br\/site\/produto\/sensor-indutivo-ifs256-ifm\/","og_locale":"pt_BR","og_type":"article","og_title":"IFS256 - SENSOR INDUTIVO (ROSCA) - CABO: 2 METROS (PUR) M12 x 1 \/ L=40 - IFM - Loja Motion Up","og_description":"IFS256 &#8211; SENSOR INDUTIVO (ROSCA) &#8211; CABO: 2 METROS (PUR) M12 x 1 \/ L=40 &#8211; IFM Consulte um vendedor e solicite um or\u00e7amento vendas@motionup.com.br motionup@motionup.com.br Uso em aplica\u00e7\u00f5es industriais, m\u00f3veis, com fluidos refrigerantes e lubrificantes Alto grau de prote\u00e7\u00e3o para atender aos requisitos de ambientes industriais duros Aplica\u00e7\u00e3o flex\u00edvel gra\u00e7as \u00e0 ampla faixa de [&hellip;]","og_url":"https:\/\/motionup.com.br\/site\/produto\/sensor-indutivo-ifs256-ifm\/","og_site_name":"Loja Motion Up","article_publisher":"https:\/\/m.facebook.com\/fp3motionup\/about\/","article_modified_time":"2023-10-02T18:32:59+00:00","og_image":[{"width":1200,"height":1200,"url":"https:\/\/motionup.com.br\/site\/wp-content\/uploads\/2021\/03\/P_F_E_W_100_0825_IFS256_01.jpg","type":"image\/jpeg"}],"twitter_card":"summary_large_image","twitter_misc":{"Est. tempo de leitura":"1 minuto"},"schema":{"@context":"https:\/\/schema.org","@graph":[{"@type":"WebPage","@id":"https:\/\/motionup.com.br\/site\/produto\/sensor-indutivo-ifs256-ifm\/","url":"https:\/\/motionup.com.br\/site\/produto\/sensor-indutivo-ifs256-ifm\/","name":"IFS256 - SENSOR INDUTIVO (ROSCA) - CABO: 2 METROS (PUR) M12 x 1 \/ L=40 - IFM - Loja Motion Up","isPartOf":{"@id":"https:\/\/motionup.com.br\/site\/#website"},"primaryImageOfPage":{"@id":"https:\/\/motionup.com.br\/site\/produto\/sensor-indutivo-ifs256-ifm\/#primaryimage"},"image":{"@id":"https:\/\/motionup.com.br\/site\/produto\/sensor-indutivo-ifs256-ifm\/#primaryimage"},"thumbnailUrl":"https:\/\/motionup.com.br\/site\/wp-content\/uploads\/2021\/03\/P_F_E_W_100_0825_IFS256_01.jpg","datePublished":"2021-03-23T17:43:24+00:00","dateModified":"2023-10-02T18:32:59+00:00","breadcrumb":{"@id":"https:\/\/motionup.com.br\/site\/produto\/sensor-indutivo-ifs256-ifm\/#breadcrumb"},"inLanguage":"pt-BR","potentialAction":[{"@type":"ReadAction","target":["https:\/\/motionup.com.br\/site\/produto\/sensor-indutivo-ifs256-ifm\/"]}]},{"@type":"ImageObject","inLanguage":"pt-BR","@id":"https:\/\/motionup.com.br\/site\/produto\/sensor-indutivo-ifs256-ifm\/#primaryimage","url":"https:\/\/motionup.com.br\/site\/wp-content\/uploads\/2021\/03\/P_F_E_W_100_0825_IFS256_01.jpg","contentUrl":"https:\/\/motionup.com.br\/site\/wp-content\/uploads\/2021\/03\/P_F_E_W_100_0825_IFS256_01.jpg","width":1200,"height":1200},{"@type":"BreadcrumbList","@id":"https:\/\/motionup.com.br\/site\/produto\/sensor-indutivo-ifs256-ifm\/#breadcrumb","itemListElement":[{"@type":"ListItem","position":1,"name":"In\u00edcio","item":"https:\/\/motionup.com.br\/site\/"},{"@type":"ListItem","position":2,"name":"Produtos","item":"https:\/\/motionup.com.br\/site\/produtos\/"},{"@type":"ListItem","position":3,"name":"IFS256 &#8211; SENSOR INDUTIVO (ROSCA) &#8211; CABO: 2 METROS (PUR) M12 x 1 \/ L=40 &#8211; IFM"}]},{"@type":"WebSite","@id":"https:\/\/motionup.com.br\/site\/#website","url":"https:\/\/motionup.com.br\/site\/","name":"Motion Up","description":"E-commerce Motion Up - Automa\u00e7\u00e3o Industrial","publisher":{"@id":"https:\/\/motionup.com.br\/site\/#organization"},"potentialAction":[{"@type":"SearchAction","target":{"@type":"EntryPoint","urlTemplate":"https:\/\/motionup.com.br\/site\/?s={search_term_string}"},"query-input":{"@type":"PropertyValueSpecification","valueRequired":true,"valueName":"search_term_string"}}],"inLanguage":"pt-BR"},{"@type":"Organization","@id":"https:\/\/motionup.com.br\/site\/#organization","name":"Motion Up","url":"https:\/\/motionup.com.br\/site\/","logo":{"@type":"ImageObject","inLanguage":"pt-BR","@id":"https:\/\/motionup.com.br\/site\/#\/schema\/logo\/image\/","url":"https:\/\/motionup.com.br\/site\/wp-content\/uploads\/2025\/05\/MOTIONUP.png","contentUrl":"https:\/\/motionup.com.br\/site\/wp-content\/uploads\/2025\/05\/MOTIONUP.png","width":1200,"height":601,"caption":"Motion Up"},"image":{"@id":"https:\/\/motionup.com.br\/site\/#\/schema\/logo\/image\/"},"sameAs":["https:\/\/m.facebook.com\/fp3motionup\/about\/","https:\/\/br.linkedin.com\/company\/fpn-controle-e-automao-industrial-ltda"]}]}},"_links":{"self":[{"href":"https:\/\/motionup.com.br\/site\/wp-json\/wp\/v2\/product\/2526","targetHints":{"allow":["GET"]}}],"collection":[{"href":"https:\/\/motionup.com.br\/site\/wp-json\/wp\/v2\/product"}],"about":[{"href":"https:\/\/motionup.com.br\/site\/wp-json\/wp\/v2\/types\/product"}],"wp:featuredmedia":[{"embeddable":true,"href":"https:\/\/motionup.com.br\/site\/wp-json\/wp\/v2\/media\/2527"}],"wp:attachment":[{"href":"https:\/\/motionup.com.br\/site\/wp-json\/wp\/v2\/media?parent=2526"}],"wp:term":[{"taxonomy":"product_brand","embeddable":true,"href":"https:\/\/motionup.com.br\/site\/wp-json\/wp\/v2\/product_brand?post=2526"},{"taxonomy":"product_cat","embeddable":true,"href":"https:\/\/motionup.com.br\/site\/wp-json\/wp\/v2\/product_cat?post=2526"},{"taxonomy":"product_tag","embeddable":true,"href":"https:\/\/motionup.com.br\/site\/wp-json\/wp\/v2\/product_tag?post=2526"}],"curies":[{"name":"wp","href":"https:\/\/api.w.org\/{rel}","templated":true}]}}