{"id":2552,"date":"2021-03-24T14:31:51","date_gmt":"2021-03-24T17:31:51","guid":{"rendered":"https:\/\/motionup.com.br\/site\/?post_type=product&#038;p=2552"},"modified":"2021-03-24T14:31:51","modified_gmt":"2021-03-24T17:31:51","slug":"inversor-de-frequencia-lenze-ac-tech-esmd302l4txa","status":"publish","type":"product","link":"https:\/\/motionup.com.br\/site\/produto\/inversor-de-frequencia-lenze-ac-tech-esmd302l4txa\/","title":{"rendered":"Inversor De Frequ\u00eancia Lenze AC-Tech ESMD302L4TXA"},"content":{"rendered":"<table border=\"0\">\n<tbody>\n<tr>\n<td>Produto<\/td>\n<td>Inversor de frequ\u00eancia SMD<\/td>\n<\/tr>\n<tr>\n<td>Sku<\/td>\n<td>ESMD302L4TXA<\/td>\n<\/tr>\n<tr>\n<td>Pot\u00eancia nominal<\/td>\n<td>3 kW<\/td>\n<\/tr>\n<tr>\n<td>Corrente de sa\u00edda nominal<\/td>\n<td>7,6 A<\/td>\n<\/tr>\n<tr>\n<td>Sistema de alimenta\u00e7\u00e3o el\u00e9trica<\/td>\n<td>480 V<\/td>\n<\/tr>\n<tr>\n<td>Frequ\u00eancia de sa\u00edda<\/td>\n<td>0 &#8230; 240 Hz, 500 Hz or 1000 Hz<\/td>\n<\/tr>\n<tr>\n<td>Temperatura de opera\u00e7\u00e3o<\/td>\n<td>0 &#8230; +55 \u00b0C<\/td>\n<\/tr>\n<tr>\n<td>Aprova\u00e7\u00e3o<\/td>\n<td>CE\/cULus\/C-Tick<\/td>\n<\/tr>\n<tr>\n<td>Grau de prote\u00e7\u00e3o<\/td>\n<td>IP20<\/td>\n<\/tr>\n<tr>\n<td>Fase de entrada<\/td>\n<td>1(2)\/N\/PE AC<\/td>\n<\/tr>\n<tr>\n<td>Sa\u00edda do motor<\/td>\n<td>Eixo \u00fanico<\/td>\n<\/tr>\n<tr>\n<td>Inv\u00f3lucro NEMA<\/td>\n<td>Habita\u00e7\u00e3o<\/td>\n<\/tr>\n<tr>\n<td>Rede<\/td>\n<td>Basic I\/O<\/td>\n<\/tr>\n<tr>\n<td>Frequ\u00eancia de sa\u00edda 1<\/td>\n<td>0<\/td>\n<\/tr>\n<tr>\n<td>Frequ\u00eancia de sa\u00edda 2<\/td>\n<td>500<\/td>\n<\/tr>\n<tr>\n<td>Pot\u00eancia nominal HPs<\/td>\n<td>4 HP hp<\/td>\n<\/tr>\n<tr>\n<td>Tipo de conceito de fornecimento<\/td>\n<td>Eixo \u00fanico (fonte de alimenta\u00e7\u00e3o)<\/td>\n<\/tr>\n<tr>\n<td>Vers\u00e3o<\/td>\n<td>Standard<\/td>\n<\/tr>\n<\/tbody>\n<\/table>\n","protected":false},"excerpt":{"rendered":"<p>Produto Inversor de frequ\u00eancia SMD Sku ESMD302L4TXA Pot\u00eancia nominal 3 kW Corrente de sa\u00edda nominal 7,6 A Sistema de alimenta\u00e7\u00e3o el\u00e9trica 480 V Frequ\u00eancia de sa\u00edda 0 &#8230; 240 Hz, 500 Hz or 1000 Hz Temperatura de opera\u00e7\u00e3o 0 &#8230; +55 \u00b0C Aprova\u00e7\u00e3o CE\/cULus\/C-Tick Grau de prote\u00e7\u00e3o IP20 Fase de entrada 1(2)\/N\/PE AC Sa\u00edda do [&hellip;]<\/p>\n","protected":false},"featured_media":2553,"template":"","meta":[],"product_brand":[],"product_cat":[355,361],"product_tag":[301,272,164],"class_list":{"0":"post-2552","1":"product","2":"type-product","3":"status-publish","4":"has-post-thumbnail","6":"product_cat-lenze","7":"product_cat-inversores-de-frequencia-lenze","8":"product_tag-ac-tech","9":"product_tag-inversor-de-frequencia","10":"product_tag-lenze","12":"first","13":"instock","14":"shipping-taxable","15":"product-type-simple"},"yoast_head":"<!-- This site is optimized with the Yoast SEO plugin v26.3 - https:\/\/yoast.com\/wordpress\/plugins\/seo\/ -->\n<title>Inversor De Frequ\u00eancia Lenze AC-Tech ESMD302L4TXA - Loja Motion Up<\/title>\n<meta name=\"robots\" content=\"index, follow, max-snippet:-1, max-image-preview:large, max-video-preview:-1\" \/>\n<link rel=\"canonical\" href=\"https:\/\/motionup.com.br\/site\/produto\/inversor-de-frequencia-lenze-ac-tech-esmd302l4txa\/\" \/>\n<meta property=\"og:locale\" content=\"pt_BR\" \/>\n<meta property=\"og:type\" content=\"article\" \/>\n<meta property=\"og:title\" content=\"Inversor De Frequ\u00eancia Lenze AC-Tech ESMD302L4TXA - Loja Motion Up\" \/>\n<meta property=\"og:description\" content=\"Produto Inversor de frequ\u00eancia SMD Sku ESMD302L4TXA Pot\u00eancia nominal 3 kW Corrente de sa\u00edda nominal 7,6 A Sistema de alimenta\u00e7\u00e3o el\u00e9trica 480 V Frequ\u00eancia de sa\u00edda 0 &#8230; 240 Hz, 500 Hz or 1000 Hz Temperatura de opera\u00e7\u00e3o 0 &#8230; +55 \u00b0C Aprova\u00e7\u00e3o CE\/cULus\/C-Tick Grau de prote\u00e7\u00e3o IP20 Fase de entrada 1(2)\/N\/PE AC Sa\u00edda do [&hellip;]\" \/>\n<meta property=\"og:url\" content=\"https:\/\/motionup.com.br\/site\/produto\/inversor-de-frequencia-lenze-ac-tech-esmd302l4txa\/\" \/>\n<meta property=\"og:site_name\" content=\"Loja Motion Up\" \/>\n<meta property=\"article:publisher\" content=\"https:\/\/m.facebook.com\/fp3motionup\/about\/\" \/>\n<meta property=\"og:image\" content=\"https:\/\/motionup.com.br\/site\/wp-content\/uploads\/2021\/03\/Lenze-SMD.jpg\" \/>\n\t<meta property=\"og:image:width\" content=\"300\" \/>\n\t<meta property=\"og:image:height\" content=\"300\" \/>\n\t<meta property=\"og:image:type\" content=\"image\/jpeg\" \/>\n<meta name=\"twitter:card\" content=\"summary_large_image\" \/>\n<meta name=\"twitter:label1\" content=\"Est. tempo de leitura\" \/>\n\t<meta name=\"twitter:data1\" content=\"1 minuto\" \/>\n<script type=\"application\/ld+json\" class=\"yoast-schema-graph\">{\"@context\":\"https:\/\/schema.org\",\"@graph\":[{\"@type\":\"WebPage\",\"@id\":\"https:\/\/motionup.com.br\/site\/produto\/inversor-de-frequencia-lenze-ac-tech-esmd302l4txa\/\",\"url\":\"https:\/\/motionup.com.br\/site\/produto\/inversor-de-frequencia-lenze-ac-tech-esmd302l4txa\/\",\"name\":\"Inversor De Frequ\u00eancia Lenze AC-Tech ESMD302L4TXA - Loja Motion Up\",\"isPartOf\":{\"@id\":\"https:\/\/motionup.com.br\/site\/#website\"},\"primaryImageOfPage\":{\"@id\":\"https:\/\/motionup.com.br\/site\/produto\/inversor-de-frequencia-lenze-ac-tech-esmd302l4txa\/#primaryimage\"},\"image\":{\"@id\":\"https:\/\/motionup.com.br\/site\/produto\/inversor-de-frequencia-lenze-ac-tech-esmd302l4txa\/#primaryimage\"},\"thumbnailUrl\":\"https:\/\/motionup.com.br\/site\/wp-content\/uploads\/2021\/03\/Lenze-SMD.jpg\",\"datePublished\":\"2021-03-24T17:31:51+00:00\",\"breadcrumb\":{\"@id\":\"https:\/\/motionup.com.br\/site\/produto\/inversor-de-frequencia-lenze-ac-tech-esmd302l4txa\/#breadcrumb\"},\"inLanguage\":\"pt-BR\",\"potentialAction\":[{\"@type\":\"ReadAction\",\"target\":[\"https:\/\/motionup.com.br\/site\/produto\/inversor-de-frequencia-lenze-ac-tech-esmd302l4txa\/\"]}]},{\"@type\":\"ImageObject\",\"inLanguage\":\"pt-BR\",\"@id\":\"https:\/\/motionup.com.br\/site\/produto\/inversor-de-frequencia-lenze-ac-tech-esmd302l4txa\/#primaryimage\",\"url\":\"https:\/\/motionup.com.br\/site\/wp-content\/uploads\/2021\/03\/Lenze-SMD.jpg\",\"contentUrl\":\"https:\/\/motionup.com.br\/site\/wp-content\/uploads\/2021\/03\/Lenze-SMD.jpg\",\"width\":300,\"height\":300,\"caption\":\"Inversor de Frequ\u00eancia Lenze\"},{\"@type\":\"BreadcrumbList\",\"@id\":\"https:\/\/motionup.com.br\/site\/produto\/inversor-de-frequencia-lenze-ac-tech-esmd302l4txa\/#breadcrumb\",\"itemListElement\":[{\"@type\":\"ListItem\",\"position\":1,\"name\":\"In\u00edcio\",\"item\":\"https:\/\/motionup.com.br\/site\/\"},{\"@type\":\"ListItem\",\"position\":2,\"name\":\"Produtos\",\"item\":\"https:\/\/motionup.com.br\/site\/produtos\/\"},{\"@type\":\"ListItem\",\"position\":3,\"name\":\"Inversor De Frequ\u00eancia Lenze AC-Tech ESMD302L4TXA\"}]},{\"@type\":\"WebSite\",\"@id\":\"https:\/\/motionup.com.br\/site\/#website\",\"url\":\"https:\/\/motionup.com.br\/site\/\",\"name\":\"Motion Up\",\"description\":\"E-commerce Motion Up - Automa\u00e7\u00e3o Industrial\",\"publisher\":{\"@id\":\"https:\/\/motionup.com.br\/site\/#organization\"},\"potentialAction\":[{\"@type\":\"SearchAction\",\"target\":{\"@type\":\"EntryPoint\",\"urlTemplate\":\"https:\/\/motionup.com.br\/site\/?s={search_term_string}\"},\"query-input\":{\"@type\":\"PropertyValueSpecification\",\"valueRequired\":true,\"valueName\":\"search_term_string\"}}],\"inLanguage\":\"pt-BR\"},{\"@type\":\"Organization\",\"@id\":\"https:\/\/motionup.com.br\/site\/#organization\",\"name\":\"Motion Up\",\"url\":\"https:\/\/motionup.com.br\/site\/\",\"logo\":{\"@type\":\"ImageObject\",\"inLanguage\":\"pt-BR\",\"@id\":\"https:\/\/motionup.com.br\/site\/#\/schema\/logo\/image\/\",\"url\":\"https:\/\/motionup.com.br\/site\/wp-content\/uploads\/2025\/05\/MOTIONUP.png\",\"contentUrl\":\"https:\/\/motionup.com.br\/site\/wp-content\/uploads\/2025\/05\/MOTIONUP.png\",\"width\":1200,\"height\":601,\"caption\":\"Motion Up\"},\"image\":{\"@id\":\"https:\/\/motionup.com.br\/site\/#\/schema\/logo\/image\/\"},\"sameAs\":[\"https:\/\/m.facebook.com\/fp3motionup\/about\/\",\"https:\/\/br.linkedin.com\/company\/fpn-controle-e-automao-industrial-ltda\"]}]}<\/script>\n<!-- \/ Yoast SEO plugin. -->","yoast_head_json":{"title":"Inversor De Frequ\u00eancia Lenze AC-Tech ESMD302L4TXA - Loja Motion Up","robots":{"index":"index","follow":"follow","max-snippet":"max-snippet:-1","max-image-preview":"max-image-preview:large","max-video-preview":"max-video-preview:-1"},"canonical":"https:\/\/motionup.com.br\/site\/produto\/inversor-de-frequencia-lenze-ac-tech-esmd302l4txa\/","og_locale":"pt_BR","og_type":"article","og_title":"Inversor De Frequ\u00eancia Lenze AC-Tech ESMD302L4TXA - Loja Motion Up","og_description":"Produto Inversor de frequ\u00eancia SMD Sku ESMD302L4TXA Pot\u00eancia nominal 3 kW Corrente de sa\u00edda nominal 7,6 A Sistema de alimenta\u00e7\u00e3o el\u00e9trica 480 V Frequ\u00eancia de sa\u00edda 0 &#8230; 240 Hz, 500 Hz or 1000 Hz Temperatura de opera\u00e7\u00e3o 0 &#8230; +55 \u00b0C Aprova\u00e7\u00e3o CE\/cULus\/C-Tick Grau de prote\u00e7\u00e3o IP20 Fase de entrada 1(2)\/N\/PE AC Sa\u00edda do [&hellip;]","og_url":"https:\/\/motionup.com.br\/site\/produto\/inversor-de-frequencia-lenze-ac-tech-esmd302l4txa\/","og_site_name":"Loja Motion Up","article_publisher":"https:\/\/m.facebook.com\/fp3motionup\/about\/","og_image":[{"width":300,"height":300,"url":"https:\/\/motionup.com.br\/site\/wp-content\/uploads\/2021\/03\/Lenze-SMD.jpg","type":"image\/jpeg"}],"twitter_card":"summary_large_image","twitter_misc":{"Est. tempo de leitura":"1 minuto"},"schema":{"@context":"https:\/\/schema.org","@graph":[{"@type":"WebPage","@id":"https:\/\/motionup.com.br\/site\/produto\/inversor-de-frequencia-lenze-ac-tech-esmd302l4txa\/","url":"https:\/\/motionup.com.br\/site\/produto\/inversor-de-frequencia-lenze-ac-tech-esmd302l4txa\/","name":"Inversor De Frequ\u00eancia Lenze AC-Tech ESMD302L4TXA - Loja Motion Up","isPartOf":{"@id":"https:\/\/motionup.com.br\/site\/#website"},"primaryImageOfPage":{"@id":"https:\/\/motionup.com.br\/site\/produto\/inversor-de-frequencia-lenze-ac-tech-esmd302l4txa\/#primaryimage"},"image":{"@id":"https:\/\/motionup.com.br\/site\/produto\/inversor-de-frequencia-lenze-ac-tech-esmd302l4txa\/#primaryimage"},"thumbnailUrl":"https:\/\/motionup.com.br\/site\/wp-content\/uploads\/2021\/03\/Lenze-SMD.jpg","datePublished":"2021-03-24T17:31:51+00:00","breadcrumb":{"@id":"https:\/\/motionup.com.br\/site\/produto\/inversor-de-frequencia-lenze-ac-tech-esmd302l4txa\/#breadcrumb"},"inLanguage":"pt-BR","potentialAction":[{"@type":"ReadAction","target":["https:\/\/motionup.com.br\/site\/produto\/inversor-de-frequencia-lenze-ac-tech-esmd302l4txa\/"]}]},{"@type":"ImageObject","inLanguage":"pt-BR","@id":"https:\/\/motionup.com.br\/site\/produto\/inversor-de-frequencia-lenze-ac-tech-esmd302l4txa\/#primaryimage","url":"https:\/\/motionup.com.br\/site\/wp-content\/uploads\/2021\/03\/Lenze-SMD.jpg","contentUrl":"https:\/\/motionup.com.br\/site\/wp-content\/uploads\/2021\/03\/Lenze-SMD.jpg","width":300,"height":300,"caption":"Inversor de Frequ\u00eancia Lenze"},{"@type":"BreadcrumbList","@id":"https:\/\/motionup.com.br\/site\/produto\/inversor-de-frequencia-lenze-ac-tech-esmd302l4txa\/#breadcrumb","itemListElement":[{"@type":"ListItem","position":1,"name":"In\u00edcio","item":"https:\/\/motionup.com.br\/site\/"},{"@type":"ListItem","position":2,"name":"Produtos","item":"https:\/\/motionup.com.br\/site\/produtos\/"},{"@type":"ListItem","position":3,"name":"Inversor De Frequ\u00eancia Lenze AC-Tech ESMD302L4TXA"}]},{"@type":"WebSite","@id":"https:\/\/motionup.com.br\/site\/#website","url":"https:\/\/motionup.com.br\/site\/","name":"Motion Up","description":"E-commerce Motion Up - Automa\u00e7\u00e3o Industrial","publisher":{"@id":"https:\/\/motionup.com.br\/site\/#organization"},"potentialAction":[{"@type":"SearchAction","target":{"@type":"EntryPoint","urlTemplate":"https:\/\/motionup.com.br\/site\/?s={search_term_string}"},"query-input":{"@type":"PropertyValueSpecification","valueRequired":true,"valueName":"search_term_string"}}],"inLanguage":"pt-BR"},{"@type":"Organization","@id":"https:\/\/motionup.com.br\/site\/#organization","name":"Motion Up","url":"https:\/\/motionup.com.br\/site\/","logo":{"@type":"ImageObject","inLanguage":"pt-BR","@id":"https:\/\/motionup.com.br\/site\/#\/schema\/logo\/image\/","url":"https:\/\/motionup.com.br\/site\/wp-content\/uploads\/2025\/05\/MOTIONUP.png","contentUrl":"https:\/\/motionup.com.br\/site\/wp-content\/uploads\/2025\/05\/MOTIONUP.png","width":1200,"height":601,"caption":"Motion Up"},"image":{"@id":"https:\/\/motionup.com.br\/site\/#\/schema\/logo\/image\/"},"sameAs":["https:\/\/m.facebook.com\/fp3motionup\/about\/","https:\/\/br.linkedin.com\/company\/fpn-controle-e-automao-industrial-ltda"]}]}},"_links":{"self":[{"href":"https:\/\/motionup.com.br\/site\/wp-json\/wp\/v2\/product\/2552","targetHints":{"allow":["GET"]}}],"collection":[{"href":"https:\/\/motionup.com.br\/site\/wp-json\/wp\/v2\/product"}],"about":[{"href":"https:\/\/motionup.com.br\/site\/wp-json\/wp\/v2\/types\/product"}],"wp:featuredmedia":[{"embeddable":true,"href":"https:\/\/motionup.com.br\/site\/wp-json\/wp\/v2\/media\/2553"}],"wp:attachment":[{"href":"https:\/\/motionup.com.br\/site\/wp-json\/wp\/v2\/media?parent=2552"}],"wp:term":[{"taxonomy":"product_brand","embeddable":true,"href":"https:\/\/motionup.com.br\/site\/wp-json\/wp\/v2\/product_brand?post=2552"},{"taxonomy":"product_cat","embeddable":true,"href":"https:\/\/motionup.com.br\/site\/wp-json\/wp\/v2\/product_cat?post=2552"},{"taxonomy":"product_tag","embeddable":true,"href":"https:\/\/motionup.com.br\/site\/wp-json\/wp\/v2\/product_tag?post=2552"}],"curies":[{"name":"wp","href":"https:\/\/api.w.org\/{rel}","templated":true}]}}