{"id":2563,"date":"2021-03-25T09:46:13","date_gmt":"2021-03-25T12:46:13","guid":{"rendered":"https:\/\/motionup.com.br\/site\/?post_type=product&#038;p=2563"},"modified":"2023-05-16T05:48:27","modified_gmt":"2023-05-16T08:48:27","slug":"inversor-de-frequencia-15kw-230v-lenze-smd-esmd152x2txa","status":"publish","type":"product","link":"https:\/\/motionup.com.br\/site\/produto\/inversor-de-frequencia-15kw-230v-lenze-smd-esmd152x2txa\/","title":{"rendered":"Inversor de Frequ\u00eancia 1,5KW 230V Lenze SMD-ESMD152X2TXA"},"content":{"rendered":"<table style=\"height: 1006px\" border=\"2\" width=\"1381\" cellspacing=\"0\" cellpadding=\"0\" align=\"left\">\n<tbody>\n<tr>\n<td><strong>Pot\u00eancia<\/strong><\/td>\n<td>\u00a01.5kW<\/td>\n<\/tr>\n<tr>\n<td><b>Tens\u00e3o<\/b><\/td>\n<td>\u00a0230 V, Trif\u00e1sico 180 &#8230; 264 V, 48 &#8230; 62 Hz<\/td>\n<\/tr>\n<tr>\n<td><b>\u00a0Condi\u00e7\u00f5es Clim\u00e1ticas\u00a0<\/b><\/td>\n<td>\u00a03K3 Classe por EN 50178<\/td>\n<\/tr>\n<tr>\n<td valign=\"top\"><strong>Fixa de Temperatura\u00a0<\/strong><\/td>\n<td>\n<table style=\"height: 27px\" width=\"1151\">\n<tbody>\n<tr>\n<td><\/td>\n<td>Armazenar: -20\u00baC hasta +70\u00baC<\/td>\n<\/tr>\n<tr>\n<td><\/td>\n<td>Opera\u00e7\u00e3o: 0\u00baC &#8230; +55\u00baC (2,5% Redu\u00e7\u00e3o de Pot\u00eancia para cada\u00a0 \u00baC sobre +40\u00baC)<\/td>\n<\/tr>\n<\/tbody>\n<\/table>\n<\/td>\n<\/tr>\n<tr>\n<td valign=\"top\"><strong>\u00a0Altura de Montagem<br \/>\n<\/strong><\/td>\n<td>\n<table style=\"height: 30px\" width=\"1149\">\n<tbody>\n<tr>\n<td><\/td>\n<td>0 &#8230; 4000m asl (5% Redu\u00e7\u00e3o de Pot\u00eancia para cada 1000 m sobre 1000m asl)<\/td>\n<\/tr>\n<\/tbody>\n<\/table>\n<\/td>\n<\/tr>\n<tr>\n<td><strong>Unidade\u00a0<\/strong><\/td>\n<td>\u00a0&lt; 95% (Sem condensa\u00e7\u00e3o)<\/td>\n<\/tr>\n<tr>\n<td><strong>Resist\u00eancia a Vibra\u00e7\u00e3o\u00a0<\/strong><\/td>\n<td valign=\"top\">Resist\u00eancia de Acelera\u00e7\u00e3o at\u00e9 0,7g at\u00e9 EN 5178<\/td>\n<\/tr>\n<tr>\n<td><b>Prote\u00e7\u00e3o\u00a0<\/b><\/td>\n<td>\u00a0IP20\u00a0 de EN 60529<\/td>\n<\/tr>\n<tr>\n<td valign=\"top\"><b>Medidas de Prote\u00e7\u00e3o\u00a0<\/b><\/td>\n<td>\n<table>\n<tbody>\n<tr>\n<td><\/td>\n<td>\n<ul>\n<li>Curto Circuito<\/li>\n<li>Vazamento do Terra<\/li>\n<\/ul>\n<\/td>\n<td><\/td>\n<td>\n<ul>\n<li>Sobre tens\u00e3o<\/li>\n<li>Sub voltagem<\/li>\n<\/ul>\n<\/td>\n<td><\/td>\n<td>\n<ul>\n<li>Balan\u00e7o do Motor<\/li>\n<li>Motor Sobrecarregado<\/li>\n<\/ul>\n<\/td>\n<\/tr>\n<\/tbody>\n<\/table>\n<\/td>\n<\/tr>\n<tr>\n<td><strong>\u00a0EMC<\/strong><\/td>\n<td>\u00a0Comprimento obrigat\u00f3rio por EN 61800-3\/A11<\/td>\n<\/tr>\n<tr>\n<td valign=\"top\"><strong>\u00a0Emiss\u00e3o de Interfer\u00eancia<br \/>\n<\/strong><\/td>\n<td>\n<table>\n<tbody>\n<tr>\n<td><\/td>\n<td>Cumprimento do valor limite da classe EN 55011 Montado sobre uma placa el\u00e9trica. Modelos monof\u00e1sicos sem filtro adicional(filtro integrado).Modelos trif\u00e1sicos com filtro apropriado.<\/td>\n<\/tr>\n<\/tbody>\n<\/table>\n<\/td>\n<\/tr>\n<tr>\n<td><strong>\u00a0Capacidade de Sobrecarga<br \/>\n<\/strong><\/td>\n<td>\u00a0Corrente Nominal\u00a0 150% sobre 60 segundos<\/td>\n<\/tr>\n<tr>\n<td><b>Frequ\u00eancia Portadora\u00a0<\/b><\/td>\n<td>\u00a04, 6, 8 y 10kHz (Perda de Pot\u00eancia necess\u00e1ria em\u00a0 10kHz)<\/td>\n<\/tr>\n<tr>\n<td><strong>\u00a0Frequ\u00eancia de sa\u00edda<br \/>\n<\/strong><\/td>\n<td>\u00a00 &#8230; 240 Hz<\/td>\n<\/tr>\n<tr>\n<td><strong>Conformidade e Aprova\u00e7\u00e3o<\/strong><\/td>\n<td valign=\"top\">\u00a0CE, UL, cUL<\/td>\n<\/tr>\n<tr>\n<td><strong>\u00a0Entradas Digitais<br \/>\n<\/strong><\/td>\n<td>\u00a03 Programas gratis, 1 &#8220;come\u00e7ar\/parar &#8220;<\/td>\n<\/tr>\n<tr>\n<td valign=\"top\"><b>\u00a0Ponto de Ajuste Anal\u00f3gico\u00a0<\/b><\/td>\n<td>Program\u00e1vel\u00a0 0 &#8230; 5 V, 0 &#8230; 10 V (max. 20mA); 0 &#8230; 20 ma , 4 &#8230; 20 mA<\/td>\n<\/tr>\n<tr>\n<td valign=\"top\"><strong>\u00a0Rel\u00e9 de Sa\u00edda<br \/>\n<\/strong><\/td>\n<td>\n<table>\n<tbody>\n<tr>\n<td><\/td>\n<td>Programa gr\u00e1tis, AC 250 V, 3 A;<\/td>\n<\/tr>\n<tr>\n<td><\/td>\n<td>24 V DC, 2 A; 240 V DC, 0.22 A<\/td>\n<\/tr>\n<\/tbody>\n<\/table>\n<\/td>\n<\/tr>\n<tr>\n<td valign=\"top\"><strong>\u00a0Sa\u00edda Digital<br \/>\n<\/strong><\/td>\n<td>\u00a01 Programa gr\u00e1tis (m\u00e1x. 30 V, 50 mA), Apenas para modelos trif\u00e1sicos.<\/td>\n<\/tr>\n<tr>\n<td valign=\"top\"><b>Sa\u00edda Anal\u00f3gica\u00a0<\/b><\/td>\n<td>\u00a01 Programa gr\u00e1tis (0-10 V, m\u00e1x. 20 mA), Apenas para modelos trif\u00e1sicos.<\/td>\n<\/tr>\n<tr>\n<td><strong>\u00a0Comunica\u00e7\u00e3o\u00a0<\/strong><\/td>\n<td>\u00a0Sem Comunica\u00e7\u00f5es<\/td>\n<\/tr>\n<\/tbody>\n<\/table>\n","protected":false},"excerpt":{"rendered":"<p>Pot\u00eancia \u00a01.5kW Tens\u00e3o \u00a0230 V, Trif\u00e1sico 180 &#8230; 264 V, 48 &#8230; 62 Hz \u00a0Condi\u00e7\u00f5es Clim\u00e1ticas\u00a0 \u00a03K3 Classe por EN 50178 Fixa de Temperatura\u00a0 Armazenar: -20\u00baC hasta +70\u00baC Opera\u00e7\u00e3o: 0\u00baC &#8230; +55\u00baC (2,5% Redu\u00e7\u00e3o de Pot\u00eancia para cada\u00a0 \u00baC sobre +40\u00baC) \u00a0Altura de Montagem 0 &#8230; 4000m asl (5% Redu\u00e7\u00e3o de Pot\u00eancia para cada 1000 [&hellip;]<\/p>\n","protected":false},"featured_media":2564,"template":"","meta":[],"product_brand":[],"product_cat":[355],"product_tag":[272,164,375],"class_list":{"0":"post-2563","1":"product","2":"type-product","3":"status-publish","4":"has-post-thumbnail","6":"product_cat-lenze","7":"product_tag-inversor-de-frequencia","8":"product_tag-lenze","9":"product_tag-smd","11":"first","12":"instock","13":"shipping-taxable","14":"product-type-simple"},"yoast_head":"<!-- This site is optimized with the Yoast SEO plugin v26.3 - https:\/\/yoast.com\/wordpress\/plugins\/seo\/ -->\n<title>Inversor de Frequ\u00eancia 1,5KW 230V Lenze SMD-ESMD152X2TXA - Loja Motion Up<\/title>\n<meta name=\"robots\" content=\"index, follow, max-snippet:-1, max-image-preview:large, max-video-preview:-1\" \/>\n<link rel=\"canonical\" href=\"https:\/\/motionup.com.br\/site\/produto\/inversor-de-frequencia-15kw-230v-lenze-smd-esmd152x2txa\/\" \/>\n<meta property=\"og:locale\" content=\"pt_BR\" \/>\n<meta property=\"og:type\" content=\"article\" \/>\n<meta property=\"og:title\" content=\"Inversor de Frequ\u00eancia 1,5KW 230V Lenze SMD-ESMD152X2TXA - Loja Motion Up\" \/>\n<meta property=\"og:description\" content=\"Pot\u00eancia \u00a01.5kW Tens\u00e3o \u00a0230 V, Trif\u00e1sico 180 &#8230; 264 V, 48 &#8230; 62 Hz \u00a0Condi\u00e7\u00f5es Clim\u00e1ticas\u00a0 \u00a03K3 Classe por EN 50178 Fixa de Temperatura\u00a0 Armazenar: -20\u00baC hasta +70\u00baC Opera\u00e7\u00e3o: 0\u00baC &#8230; +55\u00baC (2,5% Redu\u00e7\u00e3o de Pot\u00eancia para cada\u00a0 \u00baC sobre +40\u00baC) \u00a0Altura de Montagem 0 &#8230; 4000m asl (5% Redu\u00e7\u00e3o de Pot\u00eancia para cada 1000 [&hellip;]\" \/>\n<meta property=\"og:url\" content=\"https:\/\/motionup.com.br\/site\/produto\/inversor-de-frequencia-15kw-230v-lenze-smd-esmd152x2txa\/\" \/>\n<meta property=\"og:site_name\" content=\"Loja Motion Up\" \/>\n<meta property=\"article:publisher\" content=\"https:\/\/m.facebook.com\/fp3motionup\/about\/\" \/>\n<meta property=\"article:modified_time\" content=\"2023-05-16T08:48:27+00:00\" \/>\n<meta property=\"og:image\" content=\"https:\/\/motionup.com.br\/site\/wp-content\/uploads\/2021\/03\/esmd152x2txa-230v-iii-15kw.jpg\" \/>\n\t<meta property=\"og:image:width\" content=\"799\" \/>\n\t<meta property=\"og:image:height\" content=\"682\" \/>\n\t<meta property=\"og:image:type\" content=\"image\/jpeg\" \/>\n<meta name=\"twitter:card\" content=\"summary_large_image\" \/>\n<meta name=\"twitter:label1\" content=\"Est. tempo de leitura\" \/>\n\t<meta name=\"twitter:data1\" content=\"1 minuto\" \/>\n<script type=\"application\/ld+json\" class=\"yoast-schema-graph\">{\"@context\":\"https:\/\/schema.org\",\"@graph\":[{\"@type\":\"WebPage\",\"@id\":\"https:\/\/motionup.com.br\/site\/produto\/inversor-de-frequencia-15kw-230v-lenze-smd-esmd152x2txa\/\",\"url\":\"https:\/\/motionup.com.br\/site\/produto\/inversor-de-frequencia-15kw-230v-lenze-smd-esmd152x2txa\/\",\"name\":\"Inversor de Frequ\u00eancia 1,5KW 230V Lenze SMD-ESMD152X2TXA - Loja Motion Up\",\"isPartOf\":{\"@id\":\"https:\/\/motionup.com.br\/site\/#website\"},\"primaryImageOfPage\":{\"@id\":\"https:\/\/motionup.com.br\/site\/produto\/inversor-de-frequencia-15kw-230v-lenze-smd-esmd152x2txa\/#primaryimage\"},\"image\":{\"@id\":\"https:\/\/motionup.com.br\/site\/produto\/inversor-de-frequencia-15kw-230v-lenze-smd-esmd152x2txa\/#primaryimage\"},\"thumbnailUrl\":\"https:\/\/motionup.com.br\/site\/wp-content\/uploads\/2021\/03\/esmd152x2txa-230v-iii-15kw.jpg\",\"datePublished\":\"2021-03-25T12:46:13+00:00\",\"dateModified\":\"2023-05-16T08:48:27+00:00\",\"breadcrumb\":{\"@id\":\"https:\/\/motionup.com.br\/site\/produto\/inversor-de-frequencia-15kw-230v-lenze-smd-esmd152x2txa\/#breadcrumb\"},\"inLanguage\":\"pt-BR\",\"potentialAction\":[{\"@type\":\"ReadAction\",\"target\":[\"https:\/\/motionup.com.br\/site\/produto\/inversor-de-frequencia-15kw-230v-lenze-smd-esmd152x2txa\/\"]}]},{\"@type\":\"ImageObject\",\"inLanguage\":\"pt-BR\",\"@id\":\"https:\/\/motionup.com.br\/site\/produto\/inversor-de-frequencia-15kw-230v-lenze-smd-esmd152x2txa\/#primaryimage\",\"url\":\"https:\/\/motionup.com.br\/site\/wp-content\/uploads\/2021\/03\/esmd152x2txa-230v-iii-15kw.jpg\",\"contentUrl\":\"https:\/\/motionup.com.br\/site\/wp-content\/uploads\/2021\/03\/esmd152x2txa-230v-iii-15kw.jpg\",\"width\":799,\"height\":682,\"caption\":\"Inversor de frequ\u00eancia\"},{\"@type\":\"BreadcrumbList\",\"@id\":\"https:\/\/motionup.com.br\/site\/produto\/inversor-de-frequencia-15kw-230v-lenze-smd-esmd152x2txa\/#breadcrumb\",\"itemListElement\":[{\"@type\":\"ListItem\",\"position\":1,\"name\":\"In\u00edcio\",\"item\":\"https:\/\/motionup.com.br\/site\/\"},{\"@type\":\"ListItem\",\"position\":2,\"name\":\"Produtos\",\"item\":\"https:\/\/motionup.com.br\/site\/produtos\/\"},{\"@type\":\"ListItem\",\"position\":3,\"name\":\"Inversor de Frequ\u00eancia 1,5KW 230V Lenze SMD-ESMD152X2TXA\"}]},{\"@type\":\"WebSite\",\"@id\":\"https:\/\/motionup.com.br\/site\/#website\",\"url\":\"https:\/\/motionup.com.br\/site\/\",\"name\":\"Motion Up\",\"description\":\"E-commerce Motion Up - Automa\u00e7\u00e3o Industrial\",\"publisher\":{\"@id\":\"https:\/\/motionup.com.br\/site\/#organization\"},\"potentialAction\":[{\"@type\":\"SearchAction\",\"target\":{\"@type\":\"EntryPoint\",\"urlTemplate\":\"https:\/\/motionup.com.br\/site\/?s={search_term_string}\"},\"query-input\":{\"@type\":\"PropertyValueSpecification\",\"valueRequired\":true,\"valueName\":\"search_term_string\"}}],\"inLanguage\":\"pt-BR\"},{\"@type\":\"Organization\",\"@id\":\"https:\/\/motionup.com.br\/site\/#organization\",\"name\":\"Motion Up\",\"url\":\"https:\/\/motionup.com.br\/site\/\",\"logo\":{\"@type\":\"ImageObject\",\"inLanguage\":\"pt-BR\",\"@id\":\"https:\/\/motionup.com.br\/site\/#\/schema\/logo\/image\/\",\"url\":\"https:\/\/motionup.com.br\/site\/wp-content\/uploads\/2025\/05\/MOTIONUP.png\",\"contentUrl\":\"https:\/\/motionup.com.br\/site\/wp-content\/uploads\/2025\/05\/MOTIONUP.png\",\"width\":1200,\"height\":601,\"caption\":\"Motion Up\"},\"image\":{\"@id\":\"https:\/\/motionup.com.br\/site\/#\/schema\/logo\/image\/\"},\"sameAs\":[\"https:\/\/m.facebook.com\/fp3motionup\/about\/\",\"https:\/\/br.linkedin.com\/company\/fpn-controle-e-automao-industrial-ltda\"]}]}<\/script>\n<!-- \/ Yoast SEO plugin. -->","yoast_head_json":{"title":"Inversor de Frequ\u00eancia 1,5KW 230V Lenze SMD-ESMD152X2TXA - Loja Motion Up","robots":{"index":"index","follow":"follow","max-snippet":"max-snippet:-1","max-image-preview":"max-image-preview:large","max-video-preview":"max-video-preview:-1"},"canonical":"https:\/\/motionup.com.br\/site\/produto\/inversor-de-frequencia-15kw-230v-lenze-smd-esmd152x2txa\/","og_locale":"pt_BR","og_type":"article","og_title":"Inversor de Frequ\u00eancia 1,5KW 230V Lenze SMD-ESMD152X2TXA - Loja Motion Up","og_description":"Pot\u00eancia \u00a01.5kW Tens\u00e3o \u00a0230 V, Trif\u00e1sico 180 &#8230; 264 V, 48 &#8230; 62 Hz \u00a0Condi\u00e7\u00f5es Clim\u00e1ticas\u00a0 \u00a03K3 Classe por EN 50178 Fixa de Temperatura\u00a0 Armazenar: -20\u00baC hasta +70\u00baC Opera\u00e7\u00e3o: 0\u00baC &#8230; +55\u00baC (2,5% Redu\u00e7\u00e3o de Pot\u00eancia para cada\u00a0 \u00baC sobre +40\u00baC) \u00a0Altura de Montagem 0 &#8230; 4000m asl (5% Redu\u00e7\u00e3o de Pot\u00eancia para cada 1000 [&hellip;]","og_url":"https:\/\/motionup.com.br\/site\/produto\/inversor-de-frequencia-15kw-230v-lenze-smd-esmd152x2txa\/","og_site_name":"Loja Motion Up","article_publisher":"https:\/\/m.facebook.com\/fp3motionup\/about\/","article_modified_time":"2023-05-16T08:48:27+00:00","og_image":[{"width":799,"height":682,"url":"https:\/\/motionup.com.br\/site\/wp-content\/uploads\/2021\/03\/esmd152x2txa-230v-iii-15kw.jpg","type":"image\/jpeg"}],"twitter_card":"summary_large_image","twitter_misc":{"Est. tempo de leitura":"1 minuto"},"schema":{"@context":"https:\/\/schema.org","@graph":[{"@type":"WebPage","@id":"https:\/\/motionup.com.br\/site\/produto\/inversor-de-frequencia-15kw-230v-lenze-smd-esmd152x2txa\/","url":"https:\/\/motionup.com.br\/site\/produto\/inversor-de-frequencia-15kw-230v-lenze-smd-esmd152x2txa\/","name":"Inversor de Frequ\u00eancia 1,5KW 230V Lenze SMD-ESMD152X2TXA - Loja Motion Up","isPartOf":{"@id":"https:\/\/motionup.com.br\/site\/#website"},"primaryImageOfPage":{"@id":"https:\/\/motionup.com.br\/site\/produto\/inversor-de-frequencia-15kw-230v-lenze-smd-esmd152x2txa\/#primaryimage"},"image":{"@id":"https:\/\/motionup.com.br\/site\/produto\/inversor-de-frequencia-15kw-230v-lenze-smd-esmd152x2txa\/#primaryimage"},"thumbnailUrl":"https:\/\/motionup.com.br\/site\/wp-content\/uploads\/2021\/03\/esmd152x2txa-230v-iii-15kw.jpg","datePublished":"2021-03-25T12:46:13+00:00","dateModified":"2023-05-16T08:48:27+00:00","breadcrumb":{"@id":"https:\/\/motionup.com.br\/site\/produto\/inversor-de-frequencia-15kw-230v-lenze-smd-esmd152x2txa\/#breadcrumb"},"inLanguage":"pt-BR","potentialAction":[{"@type":"ReadAction","target":["https:\/\/motionup.com.br\/site\/produto\/inversor-de-frequencia-15kw-230v-lenze-smd-esmd152x2txa\/"]}]},{"@type":"ImageObject","inLanguage":"pt-BR","@id":"https:\/\/motionup.com.br\/site\/produto\/inversor-de-frequencia-15kw-230v-lenze-smd-esmd152x2txa\/#primaryimage","url":"https:\/\/motionup.com.br\/site\/wp-content\/uploads\/2021\/03\/esmd152x2txa-230v-iii-15kw.jpg","contentUrl":"https:\/\/motionup.com.br\/site\/wp-content\/uploads\/2021\/03\/esmd152x2txa-230v-iii-15kw.jpg","width":799,"height":682,"caption":"Inversor de frequ\u00eancia"},{"@type":"BreadcrumbList","@id":"https:\/\/motionup.com.br\/site\/produto\/inversor-de-frequencia-15kw-230v-lenze-smd-esmd152x2txa\/#breadcrumb","itemListElement":[{"@type":"ListItem","position":1,"name":"In\u00edcio","item":"https:\/\/motionup.com.br\/site\/"},{"@type":"ListItem","position":2,"name":"Produtos","item":"https:\/\/motionup.com.br\/site\/produtos\/"},{"@type":"ListItem","position":3,"name":"Inversor de Frequ\u00eancia 1,5KW 230V Lenze SMD-ESMD152X2TXA"}]},{"@type":"WebSite","@id":"https:\/\/motionup.com.br\/site\/#website","url":"https:\/\/motionup.com.br\/site\/","name":"Motion Up","description":"E-commerce Motion Up - Automa\u00e7\u00e3o Industrial","publisher":{"@id":"https:\/\/motionup.com.br\/site\/#organization"},"potentialAction":[{"@type":"SearchAction","target":{"@type":"EntryPoint","urlTemplate":"https:\/\/motionup.com.br\/site\/?s={search_term_string}"},"query-input":{"@type":"PropertyValueSpecification","valueRequired":true,"valueName":"search_term_string"}}],"inLanguage":"pt-BR"},{"@type":"Organization","@id":"https:\/\/motionup.com.br\/site\/#organization","name":"Motion Up","url":"https:\/\/motionup.com.br\/site\/","logo":{"@type":"ImageObject","inLanguage":"pt-BR","@id":"https:\/\/motionup.com.br\/site\/#\/schema\/logo\/image\/","url":"https:\/\/motionup.com.br\/site\/wp-content\/uploads\/2025\/05\/MOTIONUP.png","contentUrl":"https:\/\/motionup.com.br\/site\/wp-content\/uploads\/2025\/05\/MOTIONUP.png","width":1200,"height":601,"caption":"Motion Up"},"image":{"@id":"https:\/\/motionup.com.br\/site\/#\/schema\/logo\/image\/"},"sameAs":["https:\/\/m.facebook.com\/fp3motionup\/about\/","https:\/\/br.linkedin.com\/company\/fpn-controle-e-automao-industrial-ltda"]}]}},"_links":{"self":[{"href":"https:\/\/motionup.com.br\/site\/wp-json\/wp\/v2\/product\/2563","targetHints":{"allow":["GET"]}}],"collection":[{"href":"https:\/\/motionup.com.br\/site\/wp-json\/wp\/v2\/product"}],"about":[{"href":"https:\/\/motionup.com.br\/site\/wp-json\/wp\/v2\/types\/product"}],"wp:featuredmedia":[{"embeddable":true,"href":"https:\/\/motionup.com.br\/site\/wp-json\/wp\/v2\/media\/2564"}],"wp:attachment":[{"href":"https:\/\/motionup.com.br\/site\/wp-json\/wp\/v2\/media?parent=2563"}],"wp:term":[{"taxonomy":"product_brand","embeddable":true,"href":"https:\/\/motionup.com.br\/site\/wp-json\/wp\/v2\/product_brand?post=2563"},{"taxonomy":"product_cat","embeddable":true,"href":"https:\/\/motionup.com.br\/site\/wp-json\/wp\/v2\/product_cat?post=2563"},{"taxonomy":"product_tag","embeddable":true,"href":"https:\/\/motionup.com.br\/site\/wp-json\/wp\/v2\/product_tag?post=2563"}],"curies":[{"name":"wp","href":"https:\/\/api.w.org\/{rel}","templated":true}]}}