{"id":2591,"date":"2021-03-29T09:33:02","date_gmt":"2021-03-29T12:33:02","guid":{"rendered":"https:\/\/motionup.com.br\/site\/?post_type=product&#038;p=2591"},"modified":"2021-03-29T09:33:02","modified_gmt":"2021-03-29T12:33:02","slug":"inversor-de-frequencia-075-kw-230v-lenze-smd-esmd751l2yxa","status":"publish","type":"product","link":"https:\/\/motionup.com.br\/site\/produto\/inversor-de-frequencia-075-kw-230v-lenze-smd-esmd751l2yxa\/","title":{"rendered":"Inversor de Frequ\u00eancia 0,75 KW 230V Lenze SMD ESMD751L2YXA"},"content":{"rendered":"<table width=\"242\">\n<tbody>\n<tr>\n<td width=\"122\">Tipo :<\/td>\n<td width=\"120\">ESMD751L2YXA<\/td>\n<\/tr>\n<tr>\n<td>C\u00f3digo ID:<\/td>\n<td>13188627<\/td>\n<\/tr>\n<tr>\n<td>Pot\u00eancia:<\/td>\n<td>0,75 KW<\/td>\n<\/tr>\n<tr>\n<td>Tens\u00e3o:<\/td>\n<td>1(3)\/N\/PE AC 230V<\/td>\n<\/tr>\n<tr>\n<td>Corrente de Sa\u00edda:<\/td>\n<td>4 A\u00a0 0-500 Hz<\/td>\n<\/tr>\n<tr>\n<td>Grau de Prote\u00e7\u00e3o:<\/td>\n<td>IP20<\/td>\n<\/tr>\n<\/tbody>\n<\/table>\n","protected":false},"excerpt":{"rendered":"<p>Tipo : ESMD751L2YXA C\u00f3digo ID: 13188627 Pot\u00eancia: 0,75 KW Tens\u00e3o: 1(3)\/N\/PE AC 230V Corrente de Sa\u00edda: 4 A\u00a0 0-500 Hz Grau de Prote\u00e7\u00e3o: IP20<\/p>\n","protected":false},"featured_media":2553,"template":"","meta":[],"product_brand":[],"product_cat":[355],"product_tag":[272,164,375],"class_list":{"0":"post-2591","1":"product","2":"type-product","3":"status-publish","4":"has-post-thumbnail","6":"product_cat-lenze","7":"product_tag-inversor-de-frequencia","8":"product_tag-lenze","9":"product_tag-smd","11":"first","12":"instock","13":"shipping-taxable","14":"product-type-simple"},"yoast_head":"<!-- This site is optimized with the Yoast SEO plugin v26.3 - https:\/\/yoast.com\/wordpress\/plugins\/seo\/ -->\n<title>Inversor de Frequ\u00eancia 0,75 KW 230V Lenze SMD ESMD751L2YXA - Loja Motion Up<\/title>\n<meta name=\"robots\" content=\"index, follow, max-snippet:-1, max-image-preview:large, max-video-preview:-1\" \/>\n<link rel=\"canonical\" href=\"https:\/\/motionup.com.br\/site\/produto\/inversor-de-frequencia-075-kw-230v-lenze-smd-esmd751l2yxa\/\" \/>\n<meta property=\"og:locale\" content=\"pt_BR\" \/>\n<meta property=\"og:type\" content=\"article\" \/>\n<meta property=\"og:title\" content=\"Inversor de Frequ\u00eancia 0,75 KW 230V Lenze SMD ESMD751L2YXA - Loja Motion Up\" \/>\n<meta property=\"og:description\" content=\"Tipo : ESMD751L2YXA C\u00f3digo ID: 13188627 Pot\u00eancia: 0,75 KW Tens\u00e3o: 1(3)\/N\/PE AC 230V Corrente de Sa\u00edda: 4 A\u00a0 0-500 Hz Grau de Prote\u00e7\u00e3o: IP20\" \/>\n<meta property=\"og:url\" content=\"https:\/\/motionup.com.br\/site\/produto\/inversor-de-frequencia-075-kw-230v-lenze-smd-esmd751l2yxa\/\" \/>\n<meta property=\"og:site_name\" content=\"Loja Motion Up\" \/>\n<meta property=\"article:publisher\" content=\"https:\/\/m.facebook.com\/fp3motionup\/about\/\" \/>\n<meta property=\"og:image\" content=\"https:\/\/motionup.com.br\/site\/wp-content\/uploads\/2021\/03\/Lenze-SMD.jpg\" \/>\n\t<meta property=\"og:image:width\" content=\"300\" \/>\n\t<meta property=\"og:image:height\" content=\"300\" \/>\n\t<meta property=\"og:image:type\" content=\"image\/jpeg\" \/>\n<meta name=\"twitter:card\" content=\"summary_large_image\" \/>\n<script type=\"application\/ld+json\" class=\"yoast-schema-graph\">{\"@context\":\"https:\/\/schema.org\",\"@graph\":[{\"@type\":\"WebPage\",\"@id\":\"https:\/\/motionup.com.br\/site\/produto\/inversor-de-frequencia-075-kw-230v-lenze-smd-esmd751l2yxa\/\",\"url\":\"https:\/\/motionup.com.br\/site\/produto\/inversor-de-frequencia-075-kw-230v-lenze-smd-esmd751l2yxa\/\",\"name\":\"Inversor de Frequ\u00eancia 0,75 KW 230V Lenze SMD ESMD751L2YXA - Loja Motion Up\",\"isPartOf\":{\"@id\":\"https:\/\/motionup.com.br\/site\/#website\"},\"primaryImageOfPage\":{\"@id\":\"https:\/\/motionup.com.br\/site\/produto\/inversor-de-frequencia-075-kw-230v-lenze-smd-esmd751l2yxa\/#primaryimage\"},\"image\":{\"@id\":\"https:\/\/motionup.com.br\/site\/produto\/inversor-de-frequencia-075-kw-230v-lenze-smd-esmd751l2yxa\/#primaryimage\"},\"thumbnailUrl\":\"https:\/\/motionup.com.br\/site\/wp-content\/uploads\/2021\/03\/Lenze-SMD.jpg\",\"datePublished\":\"2021-03-29T12:33:02+00:00\",\"breadcrumb\":{\"@id\":\"https:\/\/motionup.com.br\/site\/produto\/inversor-de-frequencia-075-kw-230v-lenze-smd-esmd751l2yxa\/#breadcrumb\"},\"inLanguage\":\"pt-BR\",\"potentialAction\":[{\"@type\":\"ReadAction\",\"target\":[\"https:\/\/motionup.com.br\/site\/produto\/inversor-de-frequencia-075-kw-230v-lenze-smd-esmd751l2yxa\/\"]}]},{\"@type\":\"ImageObject\",\"inLanguage\":\"pt-BR\",\"@id\":\"https:\/\/motionup.com.br\/site\/produto\/inversor-de-frequencia-075-kw-230v-lenze-smd-esmd751l2yxa\/#primaryimage\",\"url\":\"https:\/\/motionup.com.br\/site\/wp-content\/uploads\/2021\/03\/Lenze-SMD.jpg\",\"contentUrl\":\"https:\/\/motionup.com.br\/site\/wp-content\/uploads\/2021\/03\/Lenze-SMD.jpg\",\"width\":300,\"height\":300,\"caption\":\"Inversor de Frequ\u00eancia Lenze\"},{\"@type\":\"BreadcrumbList\",\"@id\":\"https:\/\/motionup.com.br\/site\/produto\/inversor-de-frequencia-075-kw-230v-lenze-smd-esmd751l2yxa\/#breadcrumb\",\"itemListElement\":[{\"@type\":\"ListItem\",\"position\":1,\"name\":\"In\u00edcio\",\"item\":\"https:\/\/motionup.com.br\/site\/\"},{\"@type\":\"ListItem\",\"position\":2,\"name\":\"Produtos\",\"item\":\"https:\/\/motionup.com.br\/site\/produtos\/\"},{\"@type\":\"ListItem\",\"position\":3,\"name\":\"Inversor de Frequ\u00eancia 0,75 KW 230V Lenze SMD ESMD751L2YXA\"}]},{\"@type\":\"WebSite\",\"@id\":\"https:\/\/motionup.com.br\/site\/#website\",\"url\":\"https:\/\/motionup.com.br\/site\/\",\"name\":\"Motion Up\",\"description\":\"E-commerce Motion Up - Automa\u00e7\u00e3o Industrial\",\"publisher\":{\"@id\":\"https:\/\/motionup.com.br\/site\/#organization\"},\"potentialAction\":[{\"@type\":\"SearchAction\",\"target\":{\"@type\":\"EntryPoint\",\"urlTemplate\":\"https:\/\/motionup.com.br\/site\/?s={search_term_string}\"},\"query-input\":{\"@type\":\"PropertyValueSpecification\",\"valueRequired\":true,\"valueName\":\"search_term_string\"}}],\"inLanguage\":\"pt-BR\"},{\"@type\":\"Organization\",\"@id\":\"https:\/\/motionup.com.br\/site\/#organization\",\"name\":\"Motion Up\",\"url\":\"https:\/\/motionup.com.br\/site\/\",\"logo\":{\"@type\":\"ImageObject\",\"inLanguage\":\"pt-BR\",\"@id\":\"https:\/\/motionup.com.br\/site\/#\/schema\/logo\/image\/\",\"url\":\"https:\/\/motionup.com.br\/site\/wp-content\/uploads\/2025\/05\/MOTIONUP.png\",\"contentUrl\":\"https:\/\/motionup.com.br\/site\/wp-content\/uploads\/2025\/05\/MOTIONUP.png\",\"width\":1200,\"height\":601,\"caption\":\"Motion Up\"},\"image\":{\"@id\":\"https:\/\/motionup.com.br\/site\/#\/schema\/logo\/image\/\"},\"sameAs\":[\"https:\/\/m.facebook.com\/fp3motionup\/about\/\",\"https:\/\/br.linkedin.com\/company\/fpn-controle-e-automao-industrial-ltda\"]}]}<\/script>\n<!-- \/ Yoast SEO plugin. -->","yoast_head_json":{"title":"Inversor de Frequ\u00eancia 0,75 KW 230V Lenze SMD ESMD751L2YXA - Loja Motion Up","robots":{"index":"index","follow":"follow","max-snippet":"max-snippet:-1","max-image-preview":"max-image-preview:large","max-video-preview":"max-video-preview:-1"},"canonical":"https:\/\/motionup.com.br\/site\/produto\/inversor-de-frequencia-075-kw-230v-lenze-smd-esmd751l2yxa\/","og_locale":"pt_BR","og_type":"article","og_title":"Inversor de Frequ\u00eancia 0,75 KW 230V Lenze SMD ESMD751L2YXA - Loja Motion Up","og_description":"Tipo : ESMD751L2YXA C\u00f3digo ID: 13188627 Pot\u00eancia: 0,75 KW Tens\u00e3o: 1(3)\/N\/PE AC 230V Corrente de Sa\u00edda: 4 A\u00a0 0-500 Hz Grau de Prote\u00e7\u00e3o: IP20","og_url":"https:\/\/motionup.com.br\/site\/produto\/inversor-de-frequencia-075-kw-230v-lenze-smd-esmd751l2yxa\/","og_site_name":"Loja Motion Up","article_publisher":"https:\/\/m.facebook.com\/fp3motionup\/about\/","og_image":[{"width":300,"height":300,"url":"https:\/\/motionup.com.br\/site\/wp-content\/uploads\/2021\/03\/Lenze-SMD.jpg","type":"image\/jpeg"}],"twitter_card":"summary_large_image","schema":{"@context":"https:\/\/schema.org","@graph":[{"@type":"WebPage","@id":"https:\/\/motionup.com.br\/site\/produto\/inversor-de-frequencia-075-kw-230v-lenze-smd-esmd751l2yxa\/","url":"https:\/\/motionup.com.br\/site\/produto\/inversor-de-frequencia-075-kw-230v-lenze-smd-esmd751l2yxa\/","name":"Inversor de Frequ\u00eancia 0,75 KW 230V Lenze SMD ESMD751L2YXA - Loja Motion Up","isPartOf":{"@id":"https:\/\/motionup.com.br\/site\/#website"},"primaryImageOfPage":{"@id":"https:\/\/motionup.com.br\/site\/produto\/inversor-de-frequencia-075-kw-230v-lenze-smd-esmd751l2yxa\/#primaryimage"},"image":{"@id":"https:\/\/motionup.com.br\/site\/produto\/inversor-de-frequencia-075-kw-230v-lenze-smd-esmd751l2yxa\/#primaryimage"},"thumbnailUrl":"https:\/\/motionup.com.br\/site\/wp-content\/uploads\/2021\/03\/Lenze-SMD.jpg","datePublished":"2021-03-29T12:33:02+00:00","breadcrumb":{"@id":"https:\/\/motionup.com.br\/site\/produto\/inversor-de-frequencia-075-kw-230v-lenze-smd-esmd751l2yxa\/#breadcrumb"},"inLanguage":"pt-BR","potentialAction":[{"@type":"ReadAction","target":["https:\/\/motionup.com.br\/site\/produto\/inversor-de-frequencia-075-kw-230v-lenze-smd-esmd751l2yxa\/"]}]},{"@type":"ImageObject","inLanguage":"pt-BR","@id":"https:\/\/motionup.com.br\/site\/produto\/inversor-de-frequencia-075-kw-230v-lenze-smd-esmd751l2yxa\/#primaryimage","url":"https:\/\/motionup.com.br\/site\/wp-content\/uploads\/2021\/03\/Lenze-SMD.jpg","contentUrl":"https:\/\/motionup.com.br\/site\/wp-content\/uploads\/2021\/03\/Lenze-SMD.jpg","width":300,"height":300,"caption":"Inversor de Frequ\u00eancia Lenze"},{"@type":"BreadcrumbList","@id":"https:\/\/motionup.com.br\/site\/produto\/inversor-de-frequencia-075-kw-230v-lenze-smd-esmd751l2yxa\/#breadcrumb","itemListElement":[{"@type":"ListItem","position":1,"name":"In\u00edcio","item":"https:\/\/motionup.com.br\/site\/"},{"@type":"ListItem","position":2,"name":"Produtos","item":"https:\/\/motionup.com.br\/site\/produtos\/"},{"@type":"ListItem","position":3,"name":"Inversor de Frequ\u00eancia 0,75 KW 230V Lenze SMD ESMD751L2YXA"}]},{"@type":"WebSite","@id":"https:\/\/motionup.com.br\/site\/#website","url":"https:\/\/motionup.com.br\/site\/","name":"Motion Up","description":"E-commerce Motion Up - Automa\u00e7\u00e3o Industrial","publisher":{"@id":"https:\/\/motionup.com.br\/site\/#organization"},"potentialAction":[{"@type":"SearchAction","target":{"@type":"EntryPoint","urlTemplate":"https:\/\/motionup.com.br\/site\/?s={search_term_string}"},"query-input":{"@type":"PropertyValueSpecification","valueRequired":true,"valueName":"search_term_string"}}],"inLanguage":"pt-BR"},{"@type":"Organization","@id":"https:\/\/motionup.com.br\/site\/#organization","name":"Motion Up","url":"https:\/\/motionup.com.br\/site\/","logo":{"@type":"ImageObject","inLanguage":"pt-BR","@id":"https:\/\/motionup.com.br\/site\/#\/schema\/logo\/image\/","url":"https:\/\/motionup.com.br\/site\/wp-content\/uploads\/2025\/05\/MOTIONUP.png","contentUrl":"https:\/\/motionup.com.br\/site\/wp-content\/uploads\/2025\/05\/MOTIONUP.png","width":1200,"height":601,"caption":"Motion Up"},"image":{"@id":"https:\/\/motionup.com.br\/site\/#\/schema\/logo\/image\/"},"sameAs":["https:\/\/m.facebook.com\/fp3motionup\/about\/","https:\/\/br.linkedin.com\/company\/fpn-controle-e-automao-industrial-ltda"]}]}},"_links":{"self":[{"href":"https:\/\/motionup.com.br\/site\/wp-json\/wp\/v2\/product\/2591","targetHints":{"allow":["GET"]}}],"collection":[{"href":"https:\/\/motionup.com.br\/site\/wp-json\/wp\/v2\/product"}],"about":[{"href":"https:\/\/motionup.com.br\/site\/wp-json\/wp\/v2\/types\/product"}],"wp:featuredmedia":[{"embeddable":true,"href":"https:\/\/motionup.com.br\/site\/wp-json\/wp\/v2\/media\/2553"}],"wp:attachment":[{"href":"https:\/\/motionup.com.br\/site\/wp-json\/wp\/v2\/media?parent=2591"}],"wp:term":[{"taxonomy":"product_brand","embeddable":true,"href":"https:\/\/motionup.com.br\/site\/wp-json\/wp\/v2\/product_brand?post=2591"},{"taxonomy":"product_cat","embeddable":true,"href":"https:\/\/motionup.com.br\/site\/wp-json\/wp\/v2\/product_cat?post=2591"},{"taxonomy":"product_tag","embeddable":true,"href":"https:\/\/motionup.com.br\/site\/wp-json\/wp\/v2\/product_tag?post=2591"}],"curies":[{"name":"wp","href":"https:\/\/api.w.org\/{rel}","templated":true}]}}