{"id":2722,"date":"2021-04-05T11:03:54","date_gmt":"2021-04-05T14:03:54","guid":{"rendered":"https:\/\/motionup.com.br\/site\/?post_type=product&#038;p=2722"},"modified":"2021-04-06T11:24:45","modified_gmt":"2021-04-06T14:24:45","slug":"modulo-de-comunicacao-i500-io-link-i5ca5k02000va0000s-lenze-i500","status":"publish","type":"product","link":"https:\/\/motionup.com.br\/site\/produto\/modulo-de-comunicacao-i500-io-link-i5ca5k02000va0000s-lenze-i500\/","title":{"rendered":"M\u00f3dulo de Comunica\u00e7\u00e3o I500-IO-link I5CA5K02000VA0000S-Lenze I500"},"content":{"rendered":"<table width=\"364\">\n<tbody>\n<tr>\n<td width=\"201\">Tipo :<\/td>\n<td width=\"163\">I5CA5K02000VA0000S<\/td>\n<\/tr>\n<tr>\n<td>Extens\u00e3o IO:<\/td>\n<td>Standard I\/O<\/td>\n<\/tr>\n<tr>\n<td>Rede de barramento de campo:<\/td>\n<td>I\/O-Link<\/td>\n<\/tr>\n<\/tbody>\n<\/table>\n","protected":false},"excerpt":{"rendered":"<p>Tipo : I5CA5K02000VA0000S Extens\u00e3o IO: Standard I\/O Rede de barramento de campo: I\/O-Link<\/p>\n","protected":false},"featured_media":2723,"template":"","meta":[],"product_brand":[],"product_cat":[355],"product_tag":[189,164],"class_list":{"0":"post-2722","1":"product","2":"type-product","3":"status-publish","4":"has-post-thumbnail","6":"product_cat-lenze","7":"product_tag-comunicacao","8":"product_tag-lenze","10":"first","11":"instock","12":"shipping-taxable","13":"product-type-simple"},"yoast_head":"<!-- This site is optimized with the Yoast SEO plugin v26.3 - https:\/\/yoast.com\/wordpress\/plugins\/seo\/ -->\n<title>M\u00f3dulo de Comunica\u00e7\u00e3o I500-IO-link I5CA5K02000VA0000S-Lenze I500 - Loja Motion Up<\/title>\n<meta name=\"robots\" content=\"index, follow, max-snippet:-1, max-image-preview:large, max-video-preview:-1\" \/>\n<link rel=\"canonical\" href=\"https:\/\/motionup.com.br\/site\/produto\/modulo-de-comunicacao-i500-io-link-i5ca5k02000va0000s-lenze-i500\/\" \/>\n<meta property=\"og:locale\" content=\"pt_BR\" \/>\n<meta property=\"og:type\" content=\"article\" \/>\n<meta property=\"og:title\" content=\"M\u00f3dulo de Comunica\u00e7\u00e3o I500-IO-link I5CA5K02000VA0000S-Lenze I500 - Loja Motion Up\" \/>\n<meta property=\"og:description\" content=\"Tipo : I5CA5K02000VA0000S Extens\u00e3o IO: Standard I\/O Rede de barramento de campo: I\/O-Link\" \/>\n<meta property=\"og:url\" content=\"https:\/\/motionup.com.br\/site\/produto\/modulo-de-comunicacao-i500-io-link-i5ca5k02000va0000s-lenze-i500\/\" \/>\n<meta property=\"og:site_name\" content=\"Loja Motion Up\" \/>\n<meta property=\"article:publisher\" content=\"https:\/\/m.facebook.com\/fp3motionup\/about\/\" \/>\n<meta property=\"article:modified_time\" content=\"2021-04-06T14:24:45+00:00\" \/>\n<meta property=\"og:image\" content=\"https:\/\/motionup.com.br\/site\/wp-content\/uploads\/2021\/04\/Lenze5Ci5505Ci550_PR_CU_03.jpg.png\" \/>\n\t<meta property=\"og:image:width\" content=\"256\" \/>\n\t<meta property=\"og:image:height\" content=\"256\" \/>\n\t<meta property=\"og:image:type\" content=\"image\/png\" \/>\n<meta name=\"twitter:card\" content=\"summary_large_image\" \/>\n<script type=\"application\/ld+json\" class=\"yoast-schema-graph\">{\"@context\":\"https:\/\/schema.org\",\"@graph\":[{\"@type\":\"WebPage\",\"@id\":\"https:\/\/motionup.com.br\/site\/produto\/modulo-de-comunicacao-i500-io-link-i5ca5k02000va0000s-lenze-i500\/\",\"url\":\"https:\/\/motionup.com.br\/site\/produto\/modulo-de-comunicacao-i500-io-link-i5ca5k02000va0000s-lenze-i500\/\",\"name\":\"M\u00f3dulo de Comunica\u00e7\u00e3o I500-IO-link I5CA5K02000VA0000S-Lenze I500 - Loja Motion Up\",\"isPartOf\":{\"@id\":\"https:\/\/motionup.com.br\/site\/#website\"},\"primaryImageOfPage\":{\"@id\":\"https:\/\/motionup.com.br\/site\/produto\/modulo-de-comunicacao-i500-io-link-i5ca5k02000va0000s-lenze-i500\/#primaryimage\"},\"image\":{\"@id\":\"https:\/\/motionup.com.br\/site\/produto\/modulo-de-comunicacao-i500-io-link-i5ca5k02000va0000s-lenze-i500\/#primaryimage\"},\"thumbnailUrl\":\"https:\/\/motionup.com.br\/site\/wp-content\/uploads\/2021\/04\/Lenze5Ci5505Ci550_PR_CU_03.jpg.png\",\"datePublished\":\"2021-04-05T14:03:54+00:00\",\"dateModified\":\"2021-04-06T14:24:45+00:00\",\"breadcrumb\":{\"@id\":\"https:\/\/motionup.com.br\/site\/produto\/modulo-de-comunicacao-i500-io-link-i5ca5k02000va0000s-lenze-i500\/#breadcrumb\"},\"inLanguage\":\"pt-BR\",\"potentialAction\":[{\"@type\":\"ReadAction\",\"target\":[\"https:\/\/motionup.com.br\/site\/produto\/modulo-de-comunicacao-i500-io-link-i5ca5k02000va0000s-lenze-i500\/\"]}]},{\"@type\":\"ImageObject\",\"inLanguage\":\"pt-BR\",\"@id\":\"https:\/\/motionup.com.br\/site\/produto\/modulo-de-comunicacao-i500-io-link-i5ca5k02000va0000s-lenze-i500\/#primaryimage\",\"url\":\"https:\/\/motionup.com.br\/site\/wp-content\/uploads\/2021\/04\/Lenze5Ci5505Ci550_PR_CU_03.jpg.png\",\"contentUrl\":\"https:\/\/motionup.com.br\/site\/wp-content\/uploads\/2021\/04\/Lenze5Ci5505Ci550_PR_CU_03.jpg.png\",\"width\":256,\"height\":256},{\"@type\":\"BreadcrumbList\",\"@id\":\"https:\/\/motionup.com.br\/site\/produto\/modulo-de-comunicacao-i500-io-link-i5ca5k02000va0000s-lenze-i500\/#breadcrumb\",\"itemListElement\":[{\"@type\":\"ListItem\",\"position\":1,\"name\":\"In\u00edcio\",\"item\":\"https:\/\/motionup.com.br\/site\/\"},{\"@type\":\"ListItem\",\"position\":2,\"name\":\"Produtos\",\"item\":\"https:\/\/motionup.com.br\/site\/produtos\/\"},{\"@type\":\"ListItem\",\"position\":3,\"name\":\"M\u00f3dulo de Comunica\u00e7\u00e3o I500-IO-link I5CA5K02000VA0000S-Lenze I500\"}]},{\"@type\":\"WebSite\",\"@id\":\"https:\/\/motionup.com.br\/site\/#website\",\"url\":\"https:\/\/motionup.com.br\/site\/\",\"name\":\"Motion Up\",\"description\":\"E-commerce Motion Up - Automa\u00e7\u00e3o Industrial\",\"publisher\":{\"@id\":\"https:\/\/motionup.com.br\/site\/#organization\"},\"potentialAction\":[{\"@type\":\"SearchAction\",\"target\":{\"@type\":\"EntryPoint\",\"urlTemplate\":\"https:\/\/motionup.com.br\/site\/?s={search_term_string}\"},\"query-input\":{\"@type\":\"PropertyValueSpecification\",\"valueRequired\":true,\"valueName\":\"search_term_string\"}}],\"inLanguage\":\"pt-BR\"},{\"@type\":\"Organization\",\"@id\":\"https:\/\/motionup.com.br\/site\/#organization\",\"name\":\"Motion Up\",\"url\":\"https:\/\/motionup.com.br\/site\/\",\"logo\":{\"@type\":\"ImageObject\",\"inLanguage\":\"pt-BR\",\"@id\":\"https:\/\/motionup.com.br\/site\/#\/schema\/logo\/image\/\",\"url\":\"https:\/\/motionup.com.br\/site\/wp-content\/uploads\/2025\/05\/MOTIONUP.png\",\"contentUrl\":\"https:\/\/motionup.com.br\/site\/wp-content\/uploads\/2025\/05\/MOTIONUP.png\",\"width\":1200,\"height\":601,\"caption\":\"Motion Up\"},\"image\":{\"@id\":\"https:\/\/motionup.com.br\/site\/#\/schema\/logo\/image\/\"},\"sameAs\":[\"https:\/\/m.facebook.com\/fp3motionup\/about\/\",\"https:\/\/br.linkedin.com\/company\/fpn-controle-e-automao-industrial-ltda\"]}]}<\/script>\n<!-- \/ Yoast SEO plugin. -->","yoast_head_json":{"title":"M\u00f3dulo de Comunica\u00e7\u00e3o I500-IO-link I5CA5K02000VA0000S-Lenze I500 - Loja Motion Up","robots":{"index":"index","follow":"follow","max-snippet":"max-snippet:-1","max-image-preview":"max-image-preview:large","max-video-preview":"max-video-preview:-1"},"canonical":"https:\/\/motionup.com.br\/site\/produto\/modulo-de-comunicacao-i500-io-link-i5ca5k02000va0000s-lenze-i500\/","og_locale":"pt_BR","og_type":"article","og_title":"M\u00f3dulo de Comunica\u00e7\u00e3o I500-IO-link I5CA5K02000VA0000S-Lenze I500 - Loja Motion Up","og_description":"Tipo : I5CA5K02000VA0000S Extens\u00e3o IO: Standard I\/O Rede de barramento de campo: I\/O-Link","og_url":"https:\/\/motionup.com.br\/site\/produto\/modulo-de-comunicacao-i500-io-link-i5ca5k02000va0000s-lenze-i500\/","og_site_name":"Loja Motion Up","article_publisher":"https:\/\/m.facebook.com\/fp3motionup\/about\/","article_modified_time":"2021-04-06T14:24:45+00:00","og_image":[{"width":256,"height":256,"url":"https:\/\/motionup.com.br\/site\/wp-content\/uploads\/2021\/04\/Lenze5Ci5505Ci550_PR_CU_03.jpg.png","type":"image\/png"}],"twitter_card":"summary_large_image","schema":{"@context":"https:\/\/schema.org","@graph":[{"@type":"WebPage","@id":"https:\/\/motionup.com.br\/site\/produto\/modulo-de-comunicacao-i500-io-link-i5ca5k02000va0000s-lenze-i500\/","url":"https:\/\/motionup.com.br\/site\/produto\/modulo-de-comunicacao-i500-io-link-i5ca5k02000va0000s-lenze-i500\/","name":"M\u00f3dulo de Comunica\u00e7\u00e3o I500-IO-link I5CA5K02000VA0000S-Lenze I500 - Loja Motion Up","isPartOf":{"@id":"https:\/\/motionup.com.br\/site\/#website"},"primaryImageOfPage":{"@id":"https:\/\/motionup.com.br\/site\/produto\/modulo-de-comunicacao-i500-io-link-i5ca5k02000va0000s-lenze-i500\/#primaryimage"},"image":{"@id":"https:\/\/motionup.com.br\/site\/produto\/modulo-de-comunicacao-i500-io-link-i5ca5k02000va0000s-lenze-i500\/#primaryimage"},"thumbnailUrl":"https:\/\/motionup.com.br\/site\/wp-content\/uploads\/2021\/04\/Lenze5Ci5505Ci550_PR_CU_03.jpg.png","datePublished":"2021-04-05T14:03:54+00:00","dateModified":"2021-04-06T14:24:45+00:00","breadcrumb":{"@id":"https:\/\/motionup.com.br\/site\/produto\/modulo-de-comunicacao-i500-io-link-i5ca5k02000va0000s-lenze-i500\/#breadcrumb"},"inLanguage":"pt-BR","potentialAction":[{"@type":"ReadAction","target":["https:\/\/motionup.com.br\/site\/produto\/modulo-de-comunicacao-i500-io-link-i5ca5k02000va0000s-lenze-i500\/"]}]},{"@type":"ImageObject","inLanguage":"pt-BR","@id":"https:\/\/motionup.com.br\/site\/produto\/modulo-de-comunicacao-i500-io-link-i5ca5k02000va0000s-lenze-i500\/#primaryimage","url":"https:\/\/motionup.com.br\/site\/wp-content\/uploads\/2021\/04\/Lenze5Ci5505Ci550_PR_CU_03.jpg.png","contentUrl":"https:\/\/motionup.com.br\/site\/wp-content\/uploads\/2021\/04\/Lenze5Ci5505Ci550_PR_CU_03.jpg.png","width":256,"height":256},{"@type":"BreadcrumbList","@id":"https:\/\/motionup.com.br\/site\/produto\/modulo-de-comunicacao-i500-io-link-i5ca5k02000va0000s-lenze-i500\/#breadcrumb","itemListElement":[{"@type":"ListItem","position":1,"name":"In\u00edcio","item":"https:\/\/motionup.com.br\/site\/"},{"@type":"ListItem","position":2,"name":"Produtos","item":"https:\/\/motionup.com.br\/site\/produtos\/"},{"@type":"ListItem","position":3,"name":"M\u00f3dulo de Comunica\u00e7\u00e3o I500-IO-link I5CA5K02000VA0000S-Lenze I500"}]},{"@type":"WebSite","@id":"https:\/\/motionup.com.br\/site\/#website","url":"https:\/\/motionup.com.br\/site\/","name":"Motion Up","description":"E-commerce Motion Up - Automa\u00e7\u00e3o Industrial","publisher":{"@id":"https:\/\/motionup.com.br\/site\/#organization"},"potentialAction":[{"@type":"SearchAction","target":{"@type":"EntryPoint","urlTemplate":"https:\/\/motionup.com.br\/site\/?s={search_term_string}"},"query-input":{"@type":"PropertyValueSpecification","valueRequired":true,"valueName":"search_term_string"}}],"inLanguage":"pt-BR"},{"@type":"Organization","@id":"https:\/\/motionup.com.br\/site\/#organization","name":"Motion Up","url":"https:\/\/motionup.com.br\/site\/","logo":{"@type":"ImageObject","inLanguage":"pt-BR","@id":"https:\/\/motionup.com.br\/site\/#\/schema\/logo\/image\/","url":"https:\/\/motionup.com.br\/site\/wp-content\/uploads\/2025\/05\/MOTIONUP.png","contentUrl":"https:\/\/motionup.com.br\/site\/wp-content\/uploads\/2025\/05\/MOTIONUP.png","width":1200,"height":601,"caption":"Motion Up"},"image":{"@id":"https:\/\/motionup.com.br\/site\/#\/schema\/logo\/image\/"},"sameAs":["https:\/\/m.facebook.com\/fp3motionup\/about\/","https:\/\/br.linkedin.com\/company\/fpn-controle-e-automao-industrial-ltda"]}]}},"_links":{"self":[{"href":"https:\/\/motionup.com.br\/site\/wp-json\/wp\/v2\/product\/2722","targetHints":{"allow":["GET"]}}],"collection":[{"href":"https:\/\/motionup.com.br\/site\/wp-json\/wp\/v2\/product"}],"about":[{"href":"https:\/\/motionup.com.br\/site\/wp-json\/wp\/v2\/types\/product"}],"wp:featuredmedia":[{"embeddable":true,"href":"https:\/\/motionup.com.br\/site\/wp-json\/wp\/v2\/media\/2723"}],"wp:attachment":[{"href":"https:\/\/motionup.com.br\/site\/wp-json\/wp\/v2\/media?parent=2722"}],"wp:term":[{"taxonomy":"product_brand","embeddable":true,"href":"https:\/\/motionup.com.br\/site\/wp-json\/wp\/v2\/product_brand?post=2722"},{"taxonomy":"product_cat","embeddable":true,"href":"https:\/\/motionup.com.br\/site\/wp-json\/wp\/v2\/product_cat?post=2722"},{"taxonomy":"product_tag","embeddable":true,"href":"https:\/\/motionup.com.br\/site\/wp-json\/wp\/v2\/product_tag?post=2722"}],"curies":[{"name":"wp","href":"https:\/\/api.w.org\/{rel}","templated":true}]}}