{"id":2741,"date":"2021-04-07T09:51:38","date_gmt":"2021-04-07T12:51:38","guid":{"rendered":"https:\/\/motionup.com.br\/site\/?post_type=product&#038;p=2741"},"modified":"2021-05-21T13:58:03","modified_gmt":"2021-05-21T16:58:03","slug":"inversor-de-frequencia-11kw-230v-ac-tech-lenze-esmd113l2txa","status":"publish","type":"product","link":"https:\/\/motionup.com.br\/site\/produto\/inversor-de-frequencia-11kw-230v-ac-tech-lenze-esmd113l2txa\/","title":{"rendered":"Inversor de Frequ\u00eancia 11KW 230V AC-Tech Lenze &#8211; ESMD113L2TXA"},"content":{"rendered":"<table width=\"299\">\n<tbody>\n<tr>\n<td width=\"157\">Tipo:<\/td>\n<td width=\"142\">ESMD113L2TXA<\/td>\n<\/tr>\n<tr>\n<td>Pot\u00eancia:<\/td>\n<td>11kw<\/td>\n<\/tr>\n<tr>\n<td>Tens\u00e3o:<\/td>\n<td>3 PE 230V<\/td>\n<\/tr>\n<tr>\n<td>Entrada:<\/td>\n<td>48A 50\/60 Hz<\/td>\n<\/tr>\n<\/tbody>\n<\/table>\n","protected":false},"excerpt":{"rendered":"<p>Tipo: ESMD113L2TXA Pot\u00eancia: 11kw Tens\u00e3o: 3 PE 230V Entrada: 48A 50\/60 Hz<\/p>\n","protected":false},"featured_media":1944,"template":"","meta":[],"product_brand":[],"product_cat":[355,361],"product_tag":[301,272,164],"class_list":{"0":"post-2741","1":"product","2":"type-product","3":"status-publish","4":"has-post-thumbnail","6":"product_cat-lenze","7":"product_cat-inversores-de-frequencia-lenze","8":"product_tag-ac-tech","9":"product_tag-inversor-de-frequencia","10":"product_tag-lenze","12":"first","13":"instock","14":"shipping-taxable","15":"product-type-simple"},"yoast_head":"<!-- This site is optimized with the Yoast SEO plugin v26.3 - https:\/\/yoast.com\/wordpress\/plugins\/seo\/ -->\n<title>Inversor de Frequ\u00eancia 11KW 230V AC-Tech Lenze - ESMD113L2TXA - Loja Motion Up<\/title>\n<meta name=\"robots\" content=\"index, follow, max-snippet:-1, max-image-preview:large, max-video-preview:-1\" \/>\n<link rel=\"canonical\" href=\"https:\/\/motionup.com.br\/site\/produto\/inversor-de-frequencia-11kw-230v-ac-tech-lenze-esmd113l2txa\/\" \/>\n<meta property=\"og:locale\" content=\"pt_BR\" \/>\n<meta property=\"og:type\" content=\"article\" \/>\n<meta property=\"og:title\" content=\"Inversor de Frequ\u00eancia 11KW 230V AC-Tech Lenze - ESMD113L2TXA - Loja Motion Up\" \/>\n<meta property=\"og:description\" content=\"Tipo: ESMD113L2TXA Pot\u00eancia: 11kw Tens\u00e3o: 3 PE 230V Entrada: 48A 50\/60 Hz\" \/>\n<meta property=\"og:url\" content=\"https:\/\/motionup.com.br\/site\/produto\/inversor-de-frequencia-11kw-230v-ac-tech-lenze-esmd113l2txa\/\" \/>\n<meta property=\"og:site_name\" content=\"Loja Motion Up\" \/>\n<meta property=\"article:publisher\" content=\"https:\/\/m.facebook.com\/fp3motionup\/about\/\" \/>\n<meta property=\"article:modified_time\" content=\"2021-05-21T16:58:03+00:00\" \/>\n<meta property=\"og:image\" content=\"https:\/\/motionup.com.br\/site\/wp-content\/uploads\/2020\/05\/20200525_105646-scaled.jpg\" \/>\n\t<meta property=\"og:image:width\" content=\"1920\" \/>\n\t<meta property=\"og:image:height\" content=\"2560\" \/>\n\t<meta property=\"og:image:type\" content=\"image\/jpeg\" \/>\n<meta name=\"twitter:card\" content=\"summary_large_image\" \/>\n<script type=\"application\/ld+json\" class=\"yoast-schema-graph\">{\"@context\":\"https:\/\/schema.org\",\"@graph\":[{\"@type\":\"WebPage\",\"@id\":\"https:\/\/motionup.com.br\/site\/produto\/inversor-de-frequencia-11kw-230v-ac-tech-lenze-esmd113l2txa\/\",\"url\":\"https:\/\/motionup.com.br\/site\/produto\/inversor-de-frequencia-11kw-230v-ac-tech-lenze-esmd113l2txa\/\",\"name\":\"Inversor de Frequ\u00eancia 11KW 230V AC-Tech Lenze - ESMD113L2TXA - Loja Motion Up\",\"isPartOf\":{\"@id\":\"https:\/\/motionup.com.br\/site\/#website\"},\"primaryImageOfPage\":{\"@id\":\"https:\/\/motionup.com.br\/site\/produto\/inversor-de-frequencia-11kw-230v-ac-tech-lenze-esmd113l2txa\/#primaryimage\"},\"image\":{\"@id\":\"https:\/\/motionup.com.br\/site\/produto\/inversor-de-frequencia-11kw-230v-ac-tech-lenze-esmd113l2txa\/#primaryimage\"},\"thumbnailUrl\":\"https:\/\/motionup.com.br\/site\/wp-content\/uploads\/2020\/05\/20200525_105646-scaled.jpg\",\"datePublished\":\"2021-04-07T12:51:38+00:00\",\"dateModified\":\"2021-05-21T16:58:03+00:00\",\"breadcrumb\":{\"@id\":\"https:\/\/motionup.com.br\/site\/produto\/inversor-de-frequencia-11kw-230v-ac-tech-lenze-esmd113l2txa\/#breadcrumb\"},\"inLanguage\":\"pt-BR\",\"potentialAction\":[{\"@type\":\"ReadAction\",\"target\":[\"https:\/\/motionup.com.br\/site\/produto\/inversor-de-frequencia-11kw-230v-ac-tech-lenze-esmd113l2txa\/\"]}]},{\"@type\":\"ImageObject\",\"inLanguage\":\"pt-BR\",\"@id\":\"https:\/\/motionup.com.br\/site\/produto\/inversor-de-frequencia-11kw-230v-ac-tech-lenze-esmd113l2txa\/#primaryimage\",\"url\":\"https:\/\/motionup.com.br\/site\/wp-content\/uploads\/2020\/05\/20200525_105646-scaled.jpg\",\"contentUrl\":\"https:\/\/motionup.com.br\/site\/wp-content\/uploads\/2020\/05\/20200525_105646-scaled.jpg\",\"width\":1920,\"height\":2560},{\"@type\":\"BreadcrumbList\",\"@id\":\"https:\/\/motionup.com.br\/site\/produto\/inversor-de-frequencia-11kw-230v-ac-tech-lenze-esmd113l2txa\/#breadcrumb\",\"itemListElement\":[{\"@type\":\"ListItem\",\"position\":1,\"name\":\"In\u00edcio\",\"item\":\"https:\/\/motionup.com.br\/site\/\"},{\"@type\":\"ListItem\",\"position\":2,\"name\":\"Produtos\",\"item\":\"https:\/\/motionup.com.br\/site\/produtos\/\"},{\"@type\":\"ListItem\",\"position\":3,\"name\":\"Inversor de Frequ\u00eancia 11KW 230V AC-Tech Lenze &#8211; ESMD113L2TXA\"}]},{\"@type\":\"WebSite\",\"@id\":\"https:\/\/motionup.com.br\/site\/#website\",\"url\":\"https:\/\/motionup.com.br\/site\/\",\"name\":\"Motion Up\",\"description\":\"E-commerce Motion Up - Automa\u00e7\u00e3o Industrial\",\"publisher\":{\"@id\":\"https:\/\/motionup.com.br\/site\/#organization\"},\"potentialAction\":[{\"@type\":\"SearchAction\",\"target\":{\"@type\":\"EntryPoint\",\"urlTemplate\":\"https:\/\/motionup.com.br\/site\/?s={search_term_string}\"},\"query-input\":{\"@type\":\"PropertyValueSpecification\",\"valueRequired\":true,\"valueName\":\"search_term_string\"}}],\"inLanguage\":\"pt-BR\"},{\"@type\":\"Organization\",\"@id\":\"https:\/\/motionup.com.br\/site\/#organization\",\"name\":\"Motion Up\",\"url\":\"https:\/\/motionup.com.br\/site\/\",\"logo\":{\"@type\":\"ImageObject\",\"inLanguage\":\"pt-BR\",\"@id\":\"https:\/\/motionup.com.br\/site\/#\/schema\/logo\/image\/\",\"url\":\"https:\/\/motionup.com.br\/site\/wp-content\/uploads\/2025\/05\/MOTIONUP.png\",\"contentUrl\":\"https:\/\/motionup.com.br\/site\/wp-content\/uploads\/2025\/05\/MOTIONUP.png\",\"width\":1200,\"height\":601,\"caption\":\"Motion Up\"},\"image\":{\"@id\":\"https:\/\/motionup.com.br\/site\/#\/schema\/logo\/image\/\"},\"sameAs\":[\"https:\/\/m.facebook.com\/fp3motionup\/about\/\",\"https:\/\/br.linkedin.com\/company\/fpn-controle-e-automao-industrial-ltda\"]}]}<\/script>\n<!-- \/ Yoast SEO plugin. -->","yoast_head_json":{"title":"Inversor de Frequ\u00eancia 11KW 230V AC-Tech Lenze - ESMD113L2TXA - Loja Motion Up","robots":{"index":"index","follow":"follow","max-snippet":"max-snippet:-1","max-image-preview":"max-image-preview:large","max-video-preview":"max-video-preview:-1"},"canonical":"https:\/\/motionup.com.br\/site\/produto\/inversor-de-frequencia-11kw-230v-ac-tech-lenze-esmd113l2txa\/","og_locale":"pt_BR","og_type":"article","og_title":"Inversor de Frequ\u00eancia 11KW 230V AC-Tech Lenze - ESMD113L2TXA - Loja Motion Up","og_description":"Tipo: ESMD113L2TXA Pot\u00eancia: 11kw Tens\u00e3o: 3 PE 230V Entrada: 48A 50\/60 Hz","og_url":"https:\/\/motionup.com.br\/site\/produto\/inversor-de-frequencia-11kw-230v-ac-tech-lenze-esmd113l2txa\/","og_site_name":"Loja Motion Up","article_publisher":"https:\/\/m.facebook.com\/fp3motionup\/about\/","article_modified_time":"2021-05-21T16:58:03+00:00","og_image":[{"width":1920,"height":2560,"url":"https:\/\/motionup.com.br\/site\/wp-content\/uploads\/2020\/05\/20200525_105646-scaled.jpg","type":"image\/jpeg"}],"twitter_card":"summary_large_image","schema":{"@context":"https:\/\/schema.org","@graph":[{"@type":"WebPage","@id":"https:\/\/motionup.com.br\/site\/produto\/inversor-de-frequencia-11kw-230v-ac-tech-lenze-esmd113l2txa\/","url":"https:\/\/motionup.com.br\/site\/produto\/inversor-de-frequencia-11kw-230v-ac-tech-lenze-esmd113l2txa\/","name":"Inversor de Frequ\u00eancia 11KW 230V AC-Tech Lenze - ESMD113L2TXA - Loja Motion Up","isPartOf":{"@id":"https:\/\/motionup.com.br\/site\/#website"},"primaryImageOfPage":{"@id":"https:\/\/motionup.com.br\/site\/produto\/inversor-de-frequencia-11kw-230v-ac-tech-lenze-esmd113l2txa\/#primaryimage"},"image":{"@id":"https:\/\/motionup.com.br\/site\/produto\/inversor-de-frequencia-11kw-230v-ac-tech-lenze-esmd113l2txa\/#primaryimage"},"thumbnailUrl":"https:\/\/motionup.com.br\/site\/wp-content\/uploads\/2020\/05\/20200525_105646-scaled.jpg","datePublished":"2021-04-07T12:51:38+00:00","dateModified":"2021-05-21T16:58:03+00:00","breadcrumb":{"@id":"https:\/\/motionup.com.br\/site\/produto\/inversor-de-frequencia-11kw-230v-ac-tech-lenze-esmd113l2txa\/#breadcrumb"},"inLanguage":"pt-BR","potentialAction":[{"@type":"ReadAction","target":["https:\/\/motionup.com.br\/site\/produto\/inversor-de-frequencia-11kw-230v-ac-tech-lenze-esmd113l2txa\/"]}]},{"@type":"ImageObject","inLanguage":"pt-BR","@id":"https:\/\/motionup.com.br\/site\/produto\/inversor-de-frequencia-11kw-230v-ac-tech-lenze-esmd113l2txa\/#primaryimage","url":"https:\/\/motionup.com.br\/site\/wp-content\/uploads\/2020\/05\/20200525_105646-scaled.jpg","contentUrl":"https:\/\/motionup.com.br\/site\/wp-content\/uploads\/2020\/05\/20200525_105646-scaled.jpg","width":1920,"height":2560},{"@type":"BreadcrumbList","@id":"https:\/\/motionup.com.br\/site\/produto\/inversor-de-frequencia-11kw-230v-ac-tech-lenze-esmd113l2txa\/#breadcrumb","itemListElement":[{"@type":"ListItem","position":1,"name":"In\u00edcio","item":"https:\/\/motionup.com.br\/site\/"},{"@type":"ListItem","position":2,"name":"Produtos","item":"https:\/\/motionup.com.br\/site\/produtos\/"},{"@type":"ListItem","position":3,"name":"Inversor de Frequ\u00eancia 11KW 230V AC-Tech Lenze &#8211; ESMD113L2TXA"}]},{"@type":"WebSite","@id":"https:\/\/motionup.com.br\/site\/#website","url":"https:\/\/motionup.com.br\/site\/","name":"Motion Up","description":"E-commerce Motion Up - Automa\u00e7\u00e3o Industrial","publisher":{"@id":"https:\/\/motionup.com.br\/site\/#organization"},"potentialAction":[{"@type":"SearchAction","target":{"@type":"EntryPoint","urlTemplate":"https:\/\/motionup.com.br\/site\/?s={search_term_string}"},"query-input":{"@type":"PropertyValueSpecification","valueRequired":true,"valueName":"search_term_string"}}],"inLanguage":"pt-BR"},{"@type":"Organization","@id":"https:\/\/motionup.com.br\/site\/#organization","name":"Motion Up","url":"https:\/\/motionup.com.br\/site\/","logo":{"@type":"ImageObject","inLanguage":"pt-BR","@id":"https:\/\/motionup.com.br\/site\/#\/schema\/logo\/image\/","url":"https:\/\/motionup.com.br\/site\/wp-content\/uploads\/2025\/05\/MOTIONUP.png","contentUrl":"https:\/\/motionup.com.br\/site\/wp-content\/uploads\/2025\/05\/MOTIONUP.png","width":1200,"height":601,"caption":"Motion Up"},"image":{"@id":"https:\/\/motionup.com.br\/site\/#\/schema\/logo\/image\/"},"sameAs":["https:\/\/m.facebook.com\/fp3motionup\/about\/","https:\/\/br.linkedin.com\/company\/fpn-controle-e-automao-industrial-ltda"]}]}},"_links":{"self":[{"href":"https:\/\/motionup.com.br\/site\/wp-json\/wp\/v2\/product\/2741","targetHints":{"allow":["GET"]}}],"collection":[{"href":"https:\/\/motionup.com.br\/site\/wp-json\/wp\/v2\/product"}],"about":[{"href":"https:\/\/motionup.com.br\/site\/wp-json\/wp\/v2\/types\/product"}],"wp:featuredmedia":[{"embeddable":true,"href":"https:\/\/motionup.com.br\/site\/wp-json\/wp\/v2\/media\/1944"}],"wp:attachment":[{"href":"https:\/\/motionup.com.br\/site\/wp-json\/wp\/v2\/media?parent=2741"}],"wp:term":[{"taxonomy":"product_brand","embeddable":true,"href":"https:\/\/motionup.com.br\/site\/wp-json\/wp\/v2\/product_brand?post=2741"},{"taxonomy":"product_cat","embeddable":true,"href":"https:\/\/motionup.com.br\/site\/wp-json\/wp\/v2\/product_cat?post=2741"},{"taxonomy":"product_tag","embeddable":true,"href":"https:\/\/motionup.com.br\/site\/wp-json\/wp\/v2\/product_tag?post=2741"}],"curies":[{"name":"wp","href":"https:\/\/api.w.org\/{rel}","templated":true}]}}