{"id":3209,"date":"2021-04-28T10:38:16","date_gmt":"2021-04-28T13:38:16","guid":{"rendered":"https:\/\/motionup.com.br\/site\/?post_type=product&#038;p=3209"},"modified":"2023-10-18T10:44:15","modified_gmt":"2023-10-18T13:44:15","slug":"pg2793-sensor-de-pressao-de-alinhamento-frontal-com-exibicao-analogica-ifm","status":"publish","type":"product","link":"https:\/\/motionup.com.br\/site\/produto\/pg2793-sensor-de-pressao-de-alinhamento-frontal-com-exibicao-analogica-ifm\/","title":{"rendered":"PG2793 &#8211; SENSOR DE PRESSAO (ALINHAMENTO FRONTAL C\/ EXIBI\u00c7AO ANALOGICA) &#8211; ALCANCE: -1&#8230;25bar RESISTENCIA: 100bar &#8211; IFM"},"content":{"rendered":"<p>PG2793 &#8211; SENSOR DE PRESSAO (ALINHAMENTO FRONTAL C\/ EXIBI\u00c7AO ANALOGICA) &#8211; ALCANCE: -1&#8230;25bar RESISTENCIA: 100bar &#8211; IFM<\/p>\n<p>Consulte um vendedor e solicite um or\u00e7amento<\/p>\n<p>vendas@motionup.com.br<\/p>\n<p>motionup@motionup.com.br<\/p>\n<hr \/>\n<ul class=\"bulletpoint-list__entries\">\n<li>Indicador anal\u00f3gico, interruptor e transmissor de press\u00e3o em um aparelho<\/li>\n<li>Muito boa legibilidade tamb\u00e9m \u00e0 dist\u00e2ncia<\/li>\n<li>Display rotativo com barra LED para indica\u00e7\u00e3o dos pontos de comuta\u00e7\u00e3o<\/li>\n<li>Inv\u00f3lucro de a\u00e7o inoxid\u00e1vel robusto e higi\u00eanico para atender aos requisitos da ind\u00fastria aliment\u00edcia e de bebidas<\/li>\n<li>Conex\u00e3o de processo embutida para aplica\u00e7\u00e3o em processos de CIP e SIP<\/li>\n<\/ul>\n<blockquote><p><strong>CARACTERISTICAS DO PRODUTO<\/strong><\/p><\/blockquote>\n<ul>\n<li>Quantidade de entradas e sa\u00eddas &#8212;&gt; Quantidade de sa\u00eddas digitais: 1; Quantidade de sa\u00eddas anal\u00f3gicas: 1<\/li>\n<li>Alcance de medi\u00e7\u00e3o &#8212;&gt; -1&#8230;25 bar \/ -14,4&#8230;362,7 psi<\/li>\n<li>Conex\u00e3o de processo &#8212;&gt; conex\u00e3o da rosca G 1 rosca externa Aseptoflex Vario<\/li>\n<\/ul>\n<blockquote><p><strong>ENTRADAS\/SAIDAS<\/strong><\/p><\/blockquote>\n<ul>\n<li>Quantidade de entradas e sa\u00eddas &#8212;&gt; Quantidade de sa\u00eddas digitais: 1; Quantidade de sa\u00eddas anal\u00f3gicas: 1<\/li>\n<\/ul>\n","protected":false},"excerpt":{"rendered":"<p>PG2793 &#8211; SENSOR DE PRESSAO (ALINHAMENTO FRONTAL C\/ EXIBI\u00c7AO ANALOGICA) &#8211; ALCANCE: -1&#8230;25bar RESISTENCIA: 100bar &#8211; IFM Consulte um vendedor e solicite um or\u00e7amento vendas@motionup.com.br motionup@motionup.com.br Indicador anal\u00f3gico, interruptor e transmissor de press\u00e3o em um aparelho Muito boa legibilidade tamb\u00e9m \u00e0 dist\u00e2ncia Display rotativo com barra LED para indica\u00e7\u00e3o dos pontos de comuta\u00e7\u00e3o Inv\u00f3lucro de [&hellip;]<\/p>\n","protected":false},"featured_media":3210,"template":"","meta":[],"product_brand":[],"product_cat":[353,56,655],"product_tag":[],"class_list":{"0":"post-3209","1":"product","2":"type-product","3":"status-publish","4":"has-post-thumbnail","6":"product_cat-ifm","7":"product_cat-sensores","8":"product_cat-sensores-pressao","10":"first","11":"onbackorder","12":"shipping-taxable","13":"product-type-simple"},"yoast_head":"<!-- This site is optimized with the Yoast SEO plugin v26.3 - https:\/\/yoast.com\/wordpress\/plugins\/seo\/ -->\n<title>PG2793 - SENSOR DE PRESSAO (ALINHAMENTO FRONTAL C\/ EXIBI\u00c7AO ANALOGICA) - ALCANCE: -1...25bar RESISTENCIA: 100bar - IFM - Loja Motion Up<\/title>\n<meta name=\"robots\" content=\"index, follow, max-snippet:-1, max-image-preview:large, max-video-preview:-1\" \/>\n<link rel=\"canonical\" href=\"https:\/\/motionup.com.br\/site\/produto\/pg2793-sensor-de-pressao-de-alinhamento-frontal-com-exibicao-analogica-ifm\/\" \/>\n<meta property=\"og:locale\" content=\"pt_BR\" \/>\n<meta property=\"og:type\" content=\"article\" \/>\n<meta property=\"og:title\" content=\"PG2793 - SENSOR DE PRESSAO (ALINHAMENTO FRONTAL C\/ EXIBI\u00c7AO ANALOGICA) - ALCANCE: -1...25bar RESISTENCIA: 100bar - IFM - Loja Motion Up\" \/>\n<meta property=\"og:description\" content=\"PG2793 &#8211; SENSOR DE PRESSAO (ALINHAMENTO FRONTAL C\/ EXIBI\u00c7AO ANALOGICA) &#8211; ALCANCE: -1&#8230;25bar RESISTENCIA: 100bar &#8211; IFM Consulte um vendedor e solicite um or\u00e7amento vendas@motionup.com.br motionup@motionup.com.br Indicador anal\u00f3gico, interruptor e transmissor de press\u00e3o em um aparelho Muito boa legibilidade tamb\u00e9m \u00e0 dist\u00e2ncia Display rotativo com barra LED para indica\u00e7\u00e3o dos pontos de comuta\u00e7\u00e3o Inv\u00f3lucro de [&hellip;]\" \/>\n<meta property=\"og:url\" content=\"https:\/\/motionup.com.br\/site\/produto\/pg2793-sensor-de-pressao-de-alinhamento-frontal-com-exibicao-analogica-ifm\/\" \/>\n<meta property=\"og:site_name\" content=\"Loja Motion Up\" \/>\n<meta property=\"article:publisher\" content=\"https:\/\/m.facebook.com\/fp3motionup\/about\/\" \/>\n<meta property=\"article:modified_time\" content=\"2023-10-18T13:44:15+00:00\" \/>\n<meta property=\"og:image\" content=\"https:\/\/motionup.com.br\/site\/wp-content\/uploads\/2021\/04\/P_F_E_W_500_0082_PG2793_01.jpg\" \/>\n\t<meta property=\"og:image:width\" content=\"1200\" \/>\n\t<meta property=\"og:image:height\" content=\"1200\" \/>\n\t<meta property=\"og:image:type\" content=\"image\/jpeg\" \/>\n<meta name=\"twitter:card\" content=\"summary_large_image\" \/>\n<meta name=\"twitter:label1\" content=\"Est. tempo de leitura\" \/>\n\t<meta name=\"twitter:data1\" content=\"1 minuto\" \/>\n<script type=\"application\/ld+json\" class=\"yoast-schema-graph\">{\"@context\":\"https:\/\/schema.org\",\"@graph\":[{\"@type\":\"WebPage\",\"@id\":\"https:\/\/motionup.com.br\/site\/produto\/pg2793-sensor-de-pressao-de-alinhamento-frontal-com-exibicao-analogica-ifm\/\",\"url\":\"https:\/\/motionup.com.br\/site\/produto\/pg2793-sensor-de-pressao-de-alinhamento-frontal-com-exibicao-analogica-ifm\/\",\"name\":\"PG2793 - SENSOR DE PRESSAO (ALINHAMENTO FRONTAL C\/ EXIBI\u00c7AO ANALOGICA) - ALCANCE: -1...25bar RESISTENCIA: 100bar - IFM - Loja Motion Up\",\"isPartOf\":{\"@id\":\"https:\/\/motionup.com.br\/site\/#website\"},\"primaryImageOfPage\":{\"@id\":\"https:\/\/motionup.com.br\/site\/produto\/pg2793-sensor-de-pressao-de-alinhamento-frontal-com-exibicao-analogica-ifm\/#primaryimage\"},\"image\":{\"@id\":\"https:\/\/motionup.com.br\/site\/produto\/pg2793-sensor-de-pressao-de-alinhamento-frontal-com-exibicao-analogica-ifm\/#primaryimage\"},\"thumbnailUrl\":\"https:\/\/motionup.com.br\/site\/wp-content\/uploads\/2021\/04\/P_F_E_W_500_0082_PG2793_01.jpg\",\"datePublished\":\"2021-04-28T13:38:16+00:00\",\"dateModified\":\"2023-10-18T13:44:15+00:00\",\"breadcrumb\":{\"@id\":\"https:\/\/motionup.com.br\/site\/produto\/pg2793-sensor-de-pressao-de-alinhamento-frontal-com-exibicao-analogica-ifm\/#breadcrumb\"},\"inLanguage\":\"pt-BR\",\"potentialAction\":[{\"@type\":\"ReadAction\",\"target\":[\"https:\/\/motionup.com.br\/site\/produto\/pg2793-sensor-de-pressao-de-alinhamento-frontal-com-exibicao-analogica-ifm\/\"]}]},{\"@type\":\"ImageObject\",\"inLanguage\":\"pt-BR\",\"@id\":\"https:\/\/motionup.com.br\/site\/produto\/pg2793-sensor-de-pressao-de-alinhamento-frontal-com-exibicao-analogica-ifm\/#primaryimage\",\"url\":\"https:\/\/motionup.com.br\/site\/wp-content\/uploads\/2021\/04\/P_F_E_W_500_0082_PG2793_01.jpg\",\"contentUrl\":\"https:\/\/motionup.com.br\/site\/wp-content\/uploads\/2021\/04\/P_F_E_W_500_0082_PG2793_01.jpg\",\"width\":1200,\"height\":1200},{\"@type\":\"BreadcrumbList\",\"@id\":\"https:\/\/motionup.com.br\/site\/produto\/pg2793-sensor-de-pressao-de-alinhamento-frontal-com-exibicao-analogica-ifm\/#breadcrumb\",\"itemListElement\":[{\"@type\":\"ListItem\",\"position\":1,\"name\":\"In\u00edcio\",\"item\":\"https:\/\/motionup.com.br\/site\/\"},{\"@type\":\"ListItem\",\"position\":2,\"name\":\"Produtos\",\"item\":\"https:\/\/motionup.com.br\/site\/produtos\/\"},{\"@type\":\"ListItem\",\"position\":3,\"name\":\"PG2793 &#8211; SENSOR DE PRESSAO (ALINHAMENTO FRONTAL C\/ EXIBI\u00c7AO ANALOGICA) &#8211; ALCANCE: -1&#8230;25bar RESISTENCIA: 100bar &#8211; IFM\"}]},{\"@type\":\"WebSite\",\"@id\":\"https:\/\/motionup.com.br\/site\/#website\",\"url\":\"https:\/\/motionup.com.br\/site\/\",\"name\":\"Motion Up\",\"description\":\"E-commerce Motion Up - Automa\u00e7\u00e3o Industrial\",\"publisher\":{\"@id\":\"https:\/\/motionup.com.br\/site\/#organization\"},\"potentialAction\":[{\"@type\":\"SearchAction\",\"target\":{\"@type\":\"EntryPoint\",\"urlTemplate\":\"https:\/\/motionup.com.br\/site\/?s={search_term_string}\"},\"query-input\":{\"@type\":\"PropertyValueSpecification\",\"valueRequired\":true,\"valueName\":\"search_term_string\"}}],\"inLanguage\":\"pt-BR\"},{\"@type\":\"Organization\",\"@id\":\"https:\/\/motionup.com.br\/site\/#organization\",\"name\":\"Motion Up\",\"url\":\"https:\/\/motionup.com.br\/site\/\",\"logo\":{\"@type\":\"ImageObject\",\"inLanguage\":\"pt-BR\",\"@id\":\"https:\/\/motionup.com.br\/site\/#\/schema\/logo\/image\/\",\"url\":\"https:\/\/motionup.com.br\/site\/wp-content\/uploads\/2025\/05\/MOTIONUP.png\",\"contentUrl\":\"https:\/\/motionup.com.br\/site\/wp-content\/uploads\/2025\/05\/MOTIONUP.png\",\"width\":1200,\"height\":601,\"caption\":\"Motion Up\"},\"image\":{\"@id\":\"https:\/\/motionup.com.br\/site\/#\/schema\/logo\/image\/\"},\"sameAs\":[\"https:\/\/m.facebook.com\/fp3motionup\/about\/\",\"https:\/\/br.linkedin.com\/company\/fpn-controle-e-automao-industrial-ltda\"]}]}<\/script>\n<!-- \/ Yoast SEO plugin. -->","yoast_head_json":{"title":"PG2793 - SENSOR DE PRESSAO (ALINHAMENTO FRONTAL C\/ EXIBI\u00c7AO ANALOGICA) - ALCANCE: -1...25bar RESISTENCIA: 100bar - IFM - Loja Motion Up","robots":{"index":"index","follow":"follow","max-snippet":"max-snippet:-1","max-image-preview":"max-image-preview:large","max-video-preview":"max-video-preview:-1"},"canonical":"https:\/\/motionup.com.br\/site\/produto\/pg2793-sensor-de-pressao-de-alinhamento-frontal-com-exibicao-analogica-ifm\/","og_locale":"pt_BR","og_type":"article","og_title":"PG2793 - SENSOR DE PRESSAO (ALINHAMENTO FRONTAL C\/ EXIBI\u00c7AO ANALOGICA) - ALCANCE: -1...25bar RESISTENCIA: 100bar - IFM - Loja Motion Up","og_description":"PG2793 &#8211; SENSOR DE PRESSAO (ALINHAMENTO FRONTAL C\/ EXIBI\u00c7AO ANALOGICA) &#8211; ALCANCE: -1&#8230;25bar RESISTENCIA: 100bar &#8211; IFM Consulte um vendedor e solicite um or\u00e7amento vendas@motionup.com.br motionup@motionup.com.br Indicador anal\u00f3gico, interruptor e transmissor de press\u00e3o em um aparelho Muito boa legibilidade tamb\u00e9m \u00e0 dist\u00e2ncia Display rotativo com barra LED para indica\u00e7\u00e3o dos pontos de comuta\u00e7\u00e3o Inv\u00f3lucro de [&hellip;]","og_url":"https:\/\/motionup.com.br\/site\/produto\/pg2793-sensor-de-pressao-de-alinhamento-frontal-com-exibicao-analogica-ifm\/","og_site_name":"Loja Motion Up","article_publisher":"https:\/\/m.facebook.com\/fp3motionup\/about\/","article_modified_time":"2023-10-18T13:44:15+00:00","og_image":[{"width":1200,"height":1200,"url":"https:\/\/motionup.com.br\/site\/wp-content\/uploads\/2021\/04\/P_F_E_W_500_0082_PG2793_01.jpg","type":"image\/jpeg"}],"twitter_card":"summary_large_image","twitter_misc":{"Est. tempo de leitura":"1 minuto"},"schema":{"@context":"https:\/\/schema.org","@graph":[{"@type":"WebPage","@id":"https:\/\/motionup.com.br\/site\/produto\/pg2793-sensor-de-pressao-de-alinhamento-frontal-com-exibicao-analogica-ifm\/","url":"https:\/\/motionup.com.br\/site\/produto\/pg2793-sensor-de-pressao-de-alinhamento-frontal-com-exibicao-analogica-ifm\/","name":"PG2793 - SENSOR DE PRESSAO (ALINHAMENTO FRONTAL C\/ EXIBI\u00c7AO ANALOGICA) - ALCANCE: -1...25bar RESISTENCIA: 100bar - IFM - Loja Motion Up","isPartOf":{"@id":"https:\/\/motionup.com.br\/site\/#website"},"primaryImageOfPage":{"@id":"https:\/\/motionup.com.br\/site\/produto\/pg2793-sensor-de-pressao-de-alinhamento-frontal-com-exibicao-analogica-ifm\/#primaryimage"},"image":{"@id":"https:\/\/motionup.com.br\/site\/produto\/pg2793-sensor-de-pressao-de-alinhamento-frontal-com-exibicao-analogica-ifm\/#primaryimage"},"thumbnailUrl":"https:\/\/motionup.com.br\/site\/wp-content\/uploads\/2021\/04\/P_F_E_W_500_0082_PG2793_01.jpg","datePublished":"2021-04-28T13:38:16+00:00","dateModified":"2023-10-18T13:44:15+00:00","breadcrumb":{"@id":"https:\/\/motionup.com.br\/site\/produto\/pg2793-sensor-de-pressao-de-alinhamento-frontal-com-exibicao-analogica-ifm\/#breadcrumb"},"inLanguage":"pt-BR","potentialAction":[{"@type":"ReadAction","target":["https:\/\/motionup.com.br\/site\/produto\/pg2793-sensor-de-pressao-de-alinhamento-frontal-com-exibicao-analogica-ifm\/"]}]},{"@type":"ImageObject","inLanguage":"pt-BR","@id":"https:\/\/motionup.com.br\/site\/produto\/pg2793-sensor-de-pressao-de-alinhamento-frontal-com-exibicao-analogica-ifm\/#primaryimage","url":"https:\/\/motionup.com.br\/site\/wp-content\/uploads\/2021\/04\/P_F_E_W_500_0082_PG2793_01.jpg","contentUrl":"https:\/\/motionup.com.br\/site\/wp-content\/uploads\/2021\/04\/P_F_E_W_500_0082_PG2793_01.jpg","width":1200,"height":1200},{"@type":"BreadcrumbList","@id":"https:\/\/motionup.com.br\/site\/produto\/pg2793-sensor-de-pressao-de-alinhamento-frontal-com-exibicao-analogica-ifm\/#breadcrumb","itemListElement":[{"@type":"ListItem","position":1,"name":"In\u00edcio","item":"https:\/\/motionup.com.br\/site\/"},{"@type":"ListItem","position":2,"name":"Produtos","item":"https:\/\/motionup.com.br\/site\/produtos\/"},{"@type":"ListItem","position":3,"name":"PG2793 &#8211; SENSOR DE PRESSAO (ALINHAMENTO FRONTAL C\/ EXIBI\u00c7AO ANALOGICA) &#8211; ALCANCE: -1&#8230;25bar RESISTENCIA: 100bar &#8211; IFM"}]},{"@type":"WebSite","@id":"https:\/\/motionup.com.br\/site\/#website","url":"https:\/\/motionup.com.br\/site\/","name":"Motion Up","description":"E-commerce Motion Up - Automa\u00e7\u00e3o Industrial","publisher":{"@id":"https:\/\/motionup.com.br\/site\/#organization"},"potentialAction":[{"@type":"SearchAction","target":{"@type":"EntryPoint","urlTemplate":"https:\/\/motionup.com.br\/site\/?s={search_term_string}"},"query-input":{"@type":"PropertyValueSpecification","valueRequired":true,"valueName":"search_term_string"}}],"inLanguage":"pt-BR"},{"@type":"Organization","@id":"https:\/\/motionup.com.br\/site\/#organization","name":"Motion Up","url":"https:\/\/motionup.com.br\/site\/","logo":{"@type":"ImageObject","inLanguage":"pt-BR","@id":"https:\/\/motionup.com.br\/site\/#\/schema\/logo\/image\/","url":"https:\/\/motionup.com.br\/site\/wp-content\/uploads\/2025\/05\/MOTIONUP.png","contentUrl":"https:\/\/motionup.com.br\/site\/wp-content\/uploads\/2025\/05\/MOTIONUP.png","width":1200,"height":601,"caption":"Motion Up"},"image":{"@id":"https:\/\/motionup.com.br\/site\/#\/schema\/logo\/image\/"},"sameAs":["https:\/\/m.facebook.com\/fp3motionup\/about\/","https:\/\/br.linkedin.com\/company\/fpn-controle-e-automao-industrial-ltda"]}]}},"_links":{"self":[{"href":"https:\/\/motionup.com.br\/site\/wp-json\/wp\/v2\/product\/3209","targetHints":{"allow":["GET"]}}],"collection":[{"href":"https:\/\/motionup.com.br\/site\/wp-json\/wp\/v2\/product"}],"about":[{"href":"https:\/\/motionup.com.br\/site\/wp-json\/wp\/v2\/types\/product"}],"wp:featuredmedia":[{"embeddable":true,"href":"https:\/\/motionup.com.br\/site\/wp-json\/wp\/v2\/media\/3210"}],"wp:attachment":[{"href":"https:\/\/motionup.com.br\/site\/wp-json\/wp\/v2\/media?parent=3209"}],"wp:term":[{"taxonomy":"product_brand","embeddable":true,"href":"https:\/\/motionup.com.br\/site\/wp-json\/wp\/v2\/product_brand?post=3209"},{"taxonomy":"product_cat","embeddable":true,"href":"https:\/\/motionup.com.br\/site\/wp-json\/wp\/v2\/product_cat?post=3209"},{"taxonomy":"product_tag","embeddable":true,"href":"https:\/\/motionup.com.br\/site\/wp-json\/wp\/v2\/product_tag?post=3209"}],"curies":[{"name":"wp","href":"https:\/\/api.w.org\/{rel}","templated":true}]}}