{"id":3215,"date":"2021-04-28T11:40:17","date_gmt":"2021-04-28T14:40:17","guid":{"rendered":"https:\/\/motionup.com.br\/site\/?post_type=product&#038;p=3215"},"modified":"2021-04-28T11:40:17","modified_gmt":"2021-04-28T14:40:17","slug":"e40107-adaptador-rosqueavel-para-sensores-de-processo-ifm","status":"publish","type":"product","link":"https:\/\/motionup.com.br\/site\/produto\/e40107-adaptador-rosqueavel-para-sensores-de-processo-ifm\/","title":{"rendered":"E40107 Adaptador rosque\u00e1vel para sensores de processo- IFM"},"content":{"rendered":"<table class=\"pd-table\">\n<colgroup class=\"pd-table-cols-2\">\n<col class=\"pd-table-col-1\" \/>\n<col class=\"pd-table-col-2\" \/><\/colgroup>\n<tbody>\n<tr>\n<th class=\"pd-table-h1\" colspan=\"2\">Campo de aplica\u00e7\u00e3o<\/th>\n<\/tr>\n<tr>\n<td>Aplica\u00e7\u00e3o<\/td>\n<td>para aplica\u00e7\u00f5es industriais<\/td>\n<\/tr>\n<tr>\n<td>Subst\u00e2ncias<\/td>\n<td>fluidos l\u00edquidos e gasosos<\/td>\n<\/tr>\n<tr>\n<td>Resist\u00eancia \u00e0 press\u00e3o [bar]<\/td>\n<td>300<\/td>\n<\/tr>\n<tr>\n<td>MAWP nas aplica\u00e7\u00f5es segundo CRN [bar]<\/td>\n<td>303<\/td>\n<\/tr>\n<tr>\n<th class=\"pd-table-h1\" colspan=\"2\">Certifica\u00e7\u00f5es \/ testes<\/th>\n<\/tr>\n<tr>\n<td>Diretiva de equipamentos sob press\u00e3o<\/td>\n<td>Uma poss\u00edvel classifica\u00e7\u00e3o de acordo com o DESP depende da aplica\u00e7\u00e3o e deve ser realizada pelo usu\u00e1rio \/ operador.<\/td>\n<\/tr>\n<tr>\n<td>Instru\u00e7\u00f5es de seguran\u00e7a<\/td>\n<td>A compatibilidade entre fluido e subst\u00e2ncia do produto deve ser verificada em todas as aplica\u00e7\u00f5es.<\/td>\n<\/tr>\n<tr>\n<th class=\"pd-table-h1\" colspan=\"2\">Dados mec\u00e2nicos<\/th>\n<\/tr>\n<tr>\n<td>Peso [g]<\/td>\n<td>39<\/td>\n<\/tr>\n<tr>\n<td>Materiais<\/td>\n<td>1.4404 (a\u00e7o inoxid\u00e1vel \/ 316L)<\/td>\n<\/tr>\n<tr>\n<td>Conex\u00e3o do sensor<\/td>\n<td>M18 x 1,5 Rosca interna<\/td>\n<\/tr>\n<tr>\n<td>Conex\u00e3o de processo<\/td>\n<td>conex\u00e3o da rosca 1\/2&#8243; NPT<\/td>\n<\/tr>\n<tr>\n<td>Profundidade de imers\u00e3o [mm]<\/td>\n<td>23; (Sondas de medi\u00e7\u00e3o SID, SFD, TN)<\/td>\n<\/tr>\n<\/tbody>\n<\/table>\n","protected":false},"excerpt":{"rendered":"<p>Campo de aplica\u00e7\u00e3o Aplica\u00e7\u00e3o para aplica\u00e7\u00f5es industriais Subst\u00e2ncias fluidos l\u00edquidos e gasosos Resist\u00eancia \u00e0 press\u00e3o [bar] 300 MAWP nas aplica\u00e7\u00f5es segundo CRN [bar] 303 Certifica\u00e7\u00f5es \/ testes Diretiva de equipamentos sob press\u00e3o Uma poss\u00edvel classifica\u00e7\u00e3o de acordo com o DESP depende da aplica\u00e7\u00e3o e deve ser realizada pelo usu\u00e1rio \/ operador. Instru\u00e7\u00f5es de seguran\u00e7a A [&hellip;]<\/p>\n","protected":false},"featured_media":3216,"template":"","meta":[],"product_brand":[],"product_cat":[353,141,56],"product_tag":[58,57],"class_list":{"0":"post-3215","1":"product","2":"type-product","3":"status-publish","4":"has-post-thumbnail","6":"product_cat-ifm","7":"product_cat-encoder","8":"product_cat-sensores","9":"product_tag-ifm","10":"product_tag-sensor","12":"first","13":"instock","14":"shipping-taxable","15":"product-type-simple"},"yoast_head":"<!-- This site is optimized with the Yoast SEO plugin v26.3 - https:\/\/yoast.com\/wordpress\/plugins\/seo\/ -->\n<title>E40107 Adaptador rosque\u00e1vel para sensores de processo- IFM - Loja Motion Up<\/title>\n<meta name=\"robots\" content=\"index, follow, max-snippet:-1, max-image-preview:large, max-video-preview:-1\" \/>\n<link rel=\"canonical\" href=\"https:\/\/motionup.com.br\/site\/produto\/e40107-adaptador-rosqueavel-para-sensores-de-processo-ifm\/\" \/>\n<meta property=\"og:locale\" content=\"pt_BR\" \/>\n<meta property=\"og:type\" content=\"article\" \/>\n<meta property=\"og:title\" content=\"E40107 Adaptador rosque\u00e1vel para sensores de processo- IFM - Loja Motion Up\" \/>\n<meta property=\"og:description\" content=\"Campo de aplica\u00e7\u00e3o Aplica\u00e7\u00e3o para aplica\u00e7\u00f5es industriais Subst\u00e2ncias fluidos l\u00edquidos e gasosos Resist\u00eancia \u00e0 press\u00e3o [bar] 300 MAWP nas aplica\u00e7\u00f5es segundo CRN [bar] 303 Certifica\u00e7\u00f5es \/ testes Diretiva de equipamentos sob press\u00e3o Uma poss\u00edvel classifica\u00e7\u00e3o de acordo com o DESP depende da aplica\u00e7\u00e3o e deve ser realizada pelo usu\u00e1rio \/ operador. Instru\u00e7\u00f5es de seguran\u00e7a A [&hellip;]\" \/>\n<meta property=\"og:url\" content=\"https:\/\/motionup.com.br\/site\/produto\/e40107-adaptador-rosqueavel-para-sensores-de-processo-ifm\/\" \/>\n<meta property=\"og:site_name\" content=\"Loja Motion Up\" \/>\n<meta property=\"article:publisher\" content=\"https:\/\/m.facebook.com\/fp3motionup\/about\/\" \/>\n<meta property=\"og:image\" content=\"https:\/\/motionup.com.br\/site\/wp-content\/uploads\/2021\/04\/P_F_E_W_Z_0710_E40107_01.jpg\" \/>\n\t<meta property=\"og:image:width\" content=\"1200\" \/>\n\t<meta property=\"og:image:height\" content=\"1200\" \/>\n\t<meta property=\"og:image:type\" content=\"image\/jpeg\" \/>\n<meta name=\"twitter:card\" content=\"summary_large_image\" \/>\n<meta name=\"twitter:label1\" content=\"Est. tempo de leitura\" \/>\n\t<meta name=\"twitter:data1\" content=\"1 minuto\" \/>\n<script type=\"application\/ld+json\" class=\"yoast-schema-graph\">{\"@context\":\"https:\/\/schema.org\",\"@graph\":[{\"@type\":\"WebPage\",\"@id\":\"https:\/\/motionup.com.br\/site\/produto\/e40107-adaptador-rosqueavel-para-sensores-de-processo-ifm\/\",\"url\":\"https:\/\/motionup.com.br\/site\/produto\/e40107-adaptador-rosqueavel-para-sensores-de-processo-ifm\/\",\"name\":\"E40107 Adaptador rosque\u00e1vel para sensores de processo- IFM - Loja Motion Up\",\"isPartOf\":{\"@id\":\"https:\/\/motionup.com.br\/site\/#website\"},\"primaryImageOfPage\":{\"@id\":\"https:\/\/motionup.com.br\/site\/produto\/e40107-adaptador-rosqueavel-para-sensores-de-processo-ifm\/#primaryimage\"},\"image\":{\"@id\":\"https:\/\/motionup.com.br\/site\/produto\/e40107-adaptador-rosqueavel-para-sensores-de-processo-ifm\/#primaryimage\"},\"thumbnailUrl\":\"https:\/\/motionup.com.br\/site\/wp-content\/uploads\/2021\/04\/P_F_E_W_Z_0710_E40107_01.jpg\",\"datePublished\":\"2021-04-28T14:40:17+00:00\",\"breadcrumb\":{\"@id\":\"https:\/\/motionup.com.br\/site\/produto\/e40107-adaptador-rosqueavel-para-sensores-de-processo-ifm\/#breadcrumb\"},\"inLanguage\":\"pt-BR\",\"potentialAction\":[{\"@type\":\"ReadAction\",\"target\":[\"https:\/\/motionup.com.br\/site\/produto\/e40107-adaptador-rosqueavel-para-sensores-de-processo-ifm\/\"]}]},{\"@type\":\"ImageObject\",\"inLanguage\":\"pt-BR\",\"@id\":\"https:\/\/motionup.com.br\/site\/produto\/e40107-adaptador-rosqueavel-para-sensores-de-processo-ifm\/#primaryimage\",\"url\":\"https:\/\/motionup.com.br\/site\/wp-content\/uploads\/2021\/04\/P_F_E_W_Z_0710_E40107_01.jpg\",\"contentUrl\":\"https:\/\/motionup.com.br\/site\/wp-content\/uploads\/2021\/04\/P_F_E_W_Z_0710_E40107_01.jpg\",\"width\":1200,\"height\":1200},{\"@type\":\"BreadcrumbList\",\"@id\":\"https:\/\/motionup.com.br\/site\/produto\/e40107-adaptador-rosqueavel-para-sensores-de-processo-ifm\/#breadcrumb\",\"itemListElement\":[{\"@type\":\"ListItem\",\"position\":1,\"name\":\"In\u00edcio\",\"item\":\"https:\/\/motionup.com.br\/site\/\"},{\"@type\":\"ListItem\",\"position\":2,\"name\":\"Produtos\",\"item\":\"https:\/\/motionup.com.br\/site\/produtos\/\"},{\"@type\":\"ListItem\",\"position\":3,\"name\":\"E40107 Adaptador rosque\u00e1vel para sensores de processo- IFM\"}]},{\"@type\":\"WebSite\",\"@id\":\"https:\/\/motionup.com.br\/site\/#website\",\"url\":\"https:\/\/motionup.com.br\/site\/\",\"name\":\"Motion Up\",\"description\":\"E-commerce Motion Up - Automa\u00e7\u00e3o Industrial\",\"publisher\":{\"@id\":\"https:\/\/motionup.com.br\/site\/#organization\"},\"potentialAction\":[{\"@type\":\"SearchAction\",\"target\":{\"@type\":\"EntryPoint\",\"urlTemplate\":\"https:\/\/motionup.com.br\/site\/?s={search_term_string}\"},\"query-input\":{\"@type\":\"PropertyValueSpecification\",\"valueRequired\":true,\"valueName\":\"search_term_string\"}}],\"inLanguage\":\"pt-BR\"},{\"@type\":\"Organization\",\"@id\":\"https:\/\/motionup.com.br\/site\/#organization\",\"name\":\"Motion Up\",\"url\":\"https:\/\/motionup.com.br\/site\/\",\"logo\":{\"@type\":\"ImageObject\",\"inLanguage\":\"pt-BR\",\"@id\":\"https:\/\/motionup.com.br\/site\/#\/schema\/logo\/image\/\",\"url\":\"https:\/\/motionup.com.br\/site\/wp-content\/uploads\/2025\/05\/MOTIONUP.png\",\"contentUrl\":\"https:\/\/motionup.com.br\/site\/wp-content\/uploads\/2025\/05\/MOTIONUP.png\",\"width\":1200,\"height\":601,\"caption\":\"Motion Up\"},\"image\":{\"@id\":\"https:\/\/motionup.com.br\/site\/#\/schema\/logo\/image\/\"},\"sameAs\":[\"https:\/\/m.facebook.com\/fp3motionup\/about\/\",\"https:\/\/br.linkedin.com\/company\/fpn-controle-e-automao-industrial-ltda\"]}]}<\/script>\n<!-- \/ Yoast SEO plugin. -->","yoast_head_json":{"title":"E40107 Adaptador rosque\u00e1vel para sensores de processo- IFM - Loja Motion Up","robots":{"index":"index","follow":"follow","max-snippet":"max-snippet:-1","max-image-preview":"max-image-preview:large","max-video-preview":"max-video-preview:-1"},"canonical":"https:\/\/motionup.com.br\/site\/produto\/e40107-adaptador-rosqueavel-para-sensores-de-processo-ifm\/","og_locale":"pt_BR","og_type":"article","og_title":"E40107 Adaptador rosque\u00e1vel para sensores de processo- IFM - Loja Motion Up","og_description":"Campo de aplica\u00e7\u00e3o Aplica\u00e7\u00e3o para aplica\u00e7\u00f5es industriais Subst\u00e2ncias fluidos l\u00edquidos e gasosos Resist\u00eancia \u00e0 press\u00e3o [bar] 300 MAWP nas aplica\u00e7\u00f5es segundo CRN [bar] 303 Certifica\u00e7\u00f5es \/ testes Diretiva de equipamentos sob press\u00e3o Uma poss\u00edvel classifica\u00e7\u00e3o de acordo com o DESP depende da aplica\u00e7\u00e3o e deve ser realizada pelo usu\u00e1rio \/ operador. Instru\u00e7\u00f5es de seguran\u00e7a A [&hellip;]","og_url":"https:\/\/motionup.com.br\/site\/produto\/e40107-adaptador-rosqueavel-para-sensores-de-processo-ifm\/","og_site_name":"Loja Motion Up","article_publisher":"https:\/\/m.facebook.com\/fp3motionup\/about\/","og_image":[{"width":1200,"height":1200,"url":"https:\/\/motionup.com.br\/site\/wp-content\/uploads\/2021\/04\/P_F_E_W_Z_0710_E40107_01.jpg","type":"image\/jpeg"}],"twitter_card":"summary_large_image","twitter_misc":{"Est. tempo de leitura":"1 minuto"},"schema":{"@context":"https:\/\/schema.org","@graph":[{"@type":"WebPage","@id":"https:\/\/motionup.com.br\/site\/produto\/e40107-adaptador-rosqueavel-para-sensores-de-processo-ifm\/","url":"https:\/\/motionup.com.br\/site\/produto\/e40107-adaptador-rosqueavel-para-sensores-de-processo-ifm\/","name":"E40107 Adaptador rosque\u00e1vel para sensores de processo- IFM - Loja Motion Up","isPartOf":{"@id":"https:\/\/motionup.com.br\/site\/#website"},"primaryImageOfPage":{"@id":"https:\/\/motionup.com.br\/site\/produto\/e40107-adaptador-rosqueavel-para-sensores-de-processo-ifm\/#primaryimage"},"image":{"@id":"https:\/\/motionup.com.br\/site\/produto\/e40107-adaptador-rosqueavel-para-sensores-de-processo-ifm\/#primaryimage"},"thumbnailUrl":"https:\/\/motionup.com.br\/site\/wp-content\/uploads\/2021\/04\/P_F_E_W_Z_0710_E40107_01.jpg","datePublished":"2021-04-28T14:40:17+00:00","breadcrumb":{"@id":"https:\/\/motionup.com.br\/site\/produto\/e40107-adaptador-rosqueavel-para-sensores-de-processo-ifm\/#breadcrumb"},"inLanguage":"pt-BR","potentialAction":[{"@type":"ReadAction","target":["https:\/\/motionup.com.br\/site\/produto\/e40107-adaptador-rosqueavel-para-sensores-de-processo-ifm\/"]}]},{"@type":"ImageObject","inLanguage":"pt-BR","@id":"https:\/\/motionup.com.br\/site\/produto\/e40107-adaptador-rosqueavel-para-sensores-de-processo-ifm\/#primaryimage","url":"https:\/\/motionup.com.br\/site\/wp-content\/uploads\/2021\/04\/P_F_E_W_Z_0710_E40107_01.jpg","contentUrl":"https:\/\/motionup.com.br\/site\/wp-content\/uploads\/2021\/04\/P_F_E_W_Z_0710_E40107_01.jpg","width":1200,"height":1200},{"@type":"BreadcrumbList","@id":"https:\/\/motionup.com.br\/site\/produto\/e40107-adaptador-rosqueavel-para-sensores-de-processo-ifm\/#breadcrumb","itemListElement":[{"@type":"ListItem","position":1,"name":"In\u00edcio","item":"https:\/\/motionup.com.br\/site\/"},{"@type":"ListItem","position":2,"name":"Produtos","item":"https:\/\/motionup.com.br\/site\/produtos\/"},{"@type":"ListItem","position":3,"name":"E40107 Adaptador rosque\u00e1vel para sensores de processo- IFM"}]},{"@type":"WebSite","@id":"https:\/\/motionup.com.br\/site\/#website","url":"https:\/\/motionup.com.br\/site\/","name":"Motion Up","description":"E-commerce Motion Up - Automa\u00e7\u00e3o Industrial","publisher":{"@id":"https:\/\/motionup.com.br\/site\/#organization"},"potentialAction":[{"@type":"SearchAction","target":{"@type":"EntryPoint","urlTemplate":"https:\/\/motionup.com.br\/site\/?s={search_term_string}"},"query-input":{"@type":"PropertyValueSpecification","valueRequired":true,"valueName":"search_term_string"}}],"inLanguage":"pt-BR"},{"@type":"Organization","@id":"https:\/\/motionup.com.br\/site\/#organization","name":"Motion Up","url":"https:\/\/motionup.com.br\/site\/","logo":{"@type":"ImageObject","inLanguage":"pt-BR","@id":"https:\/\/motionup.com.br\/site\/#\/schema\/logo\/image\/","url":"https:\/\/motionup.com.br\/site\/wp-content\/uploads\/2025\/05\/MOTIONUP.png","contentUrl":"https:\/\/motionup.com.br\/site\/wp-content\/uploads\/2025\/05\/MOTIONUP.png","width":1200,"height":601,"caption":"Motion Up"},"image":{"@id":"https:\/\/motionup.com.br\/site\/#\/schema\/logo\/image\/"},"sameAs":["https:\/\/m.facebook.com\/fp3motionup\/about\/","https:\/\/br.linkedin.com\/company\/fpn-controle-e-automao-industrial-ltda"]}]}},"_links":{"self":[{"href":"https:\/\/motionup.com.br\/site\/wp-json\/wp\/v2\/product\/3215","targetHints":{"allow":["GET"]}}],"collection":[{"href":"https:\/\/motionup.com.br\/site\/wp-json\/wp\/v2\/product"}],"about":[{"href":"https:\/\/motionup.com.br\/site\/wp-json\/wp\/v2\/types\/product"}],"wp:featuredmedia":[{"embeddable":true,"href":"https:\/\/motionup.com.br\/site\/wp-json\/wp\/v2\/media\/3216"}],"wp:attachment":[{"href":"https:\/\/motionup.com.br\/site\/wp-json\/wp\/v2\/media?parent=3215"}],"wp:term":[{"taxonomy":"product_brand","embeddable":true,"href":"https:\/\/motionup.com.br\/site\/wp-json\/wp\/v2\/product_brand?post=3215"},{"taxonomy":"product_cat","embeddable":true,"href":"https:\/\/motionup.com.br\/site\/wp-json\/wp\/v2\/product_cat?post=3215"},{"taxonomy":"product_tag","embeddable":true,"href":"https:\/\/motionup.com.br\/site\/wp-json\/wp\/v2\/product_tag?post=3215"}],"curies":[{"name":"wp","href":"https:\/\/api.w.org\/{rel}","templated":true}]}}