{"id":3252,"date":"2021-05-03T13:16:07","date_gmt":"2021-05-03T16:16:07","guid":{"rendered":"https:\/\/motionup.com.br\/site\/?post_type=product&#038;p=3252"},"modified":"2024-01-02T11:46:01","modified_gmt":"2024-01-02T14:46:01","slug":"vse002-eletronica-de-diagnostico-para-sensores-de-vibracao","status":"publish","type":"product","link":"https:\/\/motionup.com.br\/site\/produto\/vse002-eletronica-de-diagnostico-para-sensores-de-vibracao\/","title":{"rendered":"VSE002 &#8211; ELETRONICA DE DIAGNOSTICO P\/ SENSORES DE VIBRA\u00c7\u00c3O &#8211; ETHERNET TCP\/IP &#8211; IFM"},"content":{"rendered":"<p>VSE002 &#8211; ELETRONICA DE DIAGNOSTICO P\/ SENSORES DE VIBRA\u00c7\u00c3O &#8211; ETHERNET TCP\/IP &#8211; IFM<\/p>\n<p>Consulte um vendedor e solicite um or\u00e7amento<\/p>\n<p>vendas@motionup.com.br<\/p>\n<p>motionup@motionup.com.br<\/p>\n<hr \/>\n<ul class=\"bulletpoint-list__entries\">\n<li>Para o monitoramento confi\u00e1vel da vibra\u00e7\u00e3o de m\u00e1quinas e sistemas<\/li>\n<li>Conserva\u00e7\u00e3o baseada no estado gra\u00e7as ao monitoramento de desbalanceamentos e do estado do rolamento ou da engrenagem<\/li>\n<li>Entradas din\u00e2micas para a detec\u00e7\u00e3o simult\u00e2nea de at\u00e9 quatro sensores de vibra\u00e7\u00e3o<\/li>\n<li>Duas sa\u00eddas de comuta\u00e7\u00e3o para pr\u00e9-alarme e alarme principal<\/li>\n<li>Entradas anal\u00f3gicas para monitoramento de outras grandezas de medi\u00e7\u00e3o f\u00edsicas<\/li>\n<\/ul>\n<blockquote><p><strong>INTERFACE<\/strong><\/p><\/blockquote>\n<ul>\n<li>Interface de comunica\u00e7\u00e3o &#8212;&gt; Ethernet<\/li>\n<li>Taxa de transmiss\u00e3o &#8212;&gt; 10 MBaud; 100 MBaud<\/li>\n<li>Protocolo &#8212;&gt; TCP\/IP<\/li>\n<\/ul>\n","protected":false},"excerpt":{"rendered":"<p>VSE002 &#8211; ELETRONICA DE DIAGNOSTICO P\/ SENSORES DE VIBRA\u00c7\u00c3O &#8211; ETHERNET TCP\/IP &#8211; IFM Consulte um vendedor e solicite um or\u00e7amento vendas@motionup.com.br motionup@motionup.com.br Para o monitoramento confi\u00e1vel da vibra\u00e7\u00e3o de m\u00e1quinas e sistemas Conserva\u00e7\u00e3o baseada no estado gra\u00e7as ao monitoramento de desbalanceamentos e do estado do rolamento ou da engrenagem Entradas din\u00e2micas para a detec\u00e7\u00e3o [&hellip;]<\/p>\n","protected":false},"featured_media":3253,"template":"","meta":[],"product_brand":[],"product_cat":[353,56,372],"product_tag":[],"class_list":{"0":"post-3252","1":"product","2":"type-product","3":"status-publish","4":"has-post-thumbnail","6":"product_cat-ifm","7":"product_cat-sensores","8":"product_cat-transmissores-de-vibracao","10":"first","11":"onbackorder","12":"shipping-taxable","13":"product-type-simple"},"yoast_head":"<!-- This site is optimized with the Yoast SEO plugin v26.3 - https:\/\/yoast.com\/wordpress\/plugins\/seo\/ -->\n<title>VSE002 - ELETRONICA DE DIAGNOSTICO P\/ SENSORES DE VIBRA\u00c7\u00c3O - ETHERNET TCP\/IP - IFM - Loja Motion Up<\/title>\n<meta name=\"robots\" content=\"index, follow, max-snippet:-1, max-image-preview:large, max-video-preview:-1\" \/>\n<link rel=\"canonical\" href=\"https:\/\/motionup.com.br\/site\/produto\/vse002-eletronica-de-diagnostico-para-sensores-de-vibracao\/\" \/>\n<meta property=\"og:locale\" content=\"pt_BR\" \/>\n<meta property=\"og:type\" content=\"article\" \/>\n<meta property=\"og:title\" content=\"VSE002 - ELETRONICA DE DIAGNOSTICO P\/ SENSORES DE VIBRA\u00c7\u00c3O - ETHERNET TCP\/IP - IFM - Loja Motion Up\" \/>\n<meta property=\"og:description\" content=\"VSE002 &#8211; ELETRONICA DE DIAGNOSTICO P\/ SENSORES DE VIBRA\u00c7\u00c3O &#8211; ETHERNET TCP\/IP &#8211; IFM Consulte um vendedor e solicite um or\u00e7amento vendas@motionup.com.br motionup@motionup.com.br Para o monitoramento confi\u00e1vel da vibra\u00e7\u00e3o de m\u00e1quinas e sistemas Conserva\u00e7\u00e3o baseada no estado gra\u00e7as ao monitoramento de desbalanceamentos e do estado do rolamento ou da engrenagem Entradas din\u00e2micas para a detec\u00e7\u00e3o [&hellip;]\" \/>\n<meta property=\"og:url\" content=\"https:\/\/motionup.com.br\/site\/produto\/vse002-eletronica-de-diagnostico-para-sensores-de-vibracao\/\" \/>\n<meta property=\"og:site_name\" content=\"Loja Motion Up\" \/>\n<meta property=\"article:publisher\" content=\"https:\/\/m.facebook.com\/fp3motionup\/about\/\" \/>\n<meta property=\"article:modified_time\" content=\"2024-01-02T14:46:01+00:00\" \/>\n<meta property=\"og:image\" content=\"https:\/\/motionup.com.br\/site\/wp-content\/uploads\/2021\/05\/P_F_E_W_800_0046_VSE002_02.jpg\" \/>\n\t<meta property=\"og:image:width\" content=\"1200\" \/>\n\t<meta property=\"og:image:height\" content=\"1200\" \/>\n\t<meta property=\"og:image:type\" content=\"image\/jpeg\" \/>\n<meta name=\"twitter:card\" content=\"summary_large_image\" \/>\n<meta name=\"twitter:label1\" content=\"Est. tempo de leitura\" \/>\n\t<meta name=\"twitter:data1\" content=\"1 minuto\" \/>\n<script type=\"application\/ld+json\" class=\"yoast-schema-graph\">{\"@context\":\"https:\/\/schema.org\",\"@graph\":[{\"@type\":\"WebPage\",\"@id\":\"https:\/\/motionup.com.br\/site\/produto\/vse002-eletronica-de-diagnostico-para-sensores-de-vibracao\/\",\"url\":\"https:\/\/motionup.com.br\/site\/produto\/vse002-eletronica-de-diagnostico-para-sensores-de-vibracao\/\",\"name\":\"VSE002 - ELETRONICA DE DIAGNOSTICO P\/ SENSORES DE VIBRA\u00c7\u00c3O - ETHERNET TCP\/IP - IFM - Loja Motion Up\",\"isPartOf\":{\"@id\":\"https:\/\/motionup.com.br\/site\/#website\"},\"primaryImageOfPage\":{\"@id\":\"https:\/\/motionup.com.br\/site\/produto\/vse002-eletronica-de-diagnostico-para-sensores-de-vibracao\/#primaryimage\"},\"image\":{\"@id\":\"https:\/\/motionup.com.br\/site\/produto\/vse002-eletronica-de-diagnostico-para-sensores-de-vibracao\/#primaryimage\"},\"thumbnailUrl\":\"https:\/\/motionup.com.br\/site\/wp-content\/uploads\/2021\/05\/P_F_E_W_800_0046_VSE002_02.jpg\",\"datePublished\":\"2021-05-03T16:16:07+00:00\",\"dateModified\":\"2024-01-02T14:46:01+00:00\",\"breadcrumb\":{\"@id\":\"https:\/\/motionup.com.br\/site\/produto\/vse002-eletronica-de-diagnostico-para-sensores-de-vibracao\/#breadcrumb\"},\"inLanguage\":\"pt-BR\",\"potentialAction\":[{\"@type\":\"ReadAction\",\"target\":[\"https:\/\/motionup.com.br\/site\/produto\/vse002-eletronica-de-diagnostico-para-sensores-de-vibracao\/\"]}]},{\"@type\":\"ImageObject\",\"inLanguage\":\"pt-BR\",\"@id\":\"https:\/\/motionup.com.br\/site\/produto\/vse002-eletronica-de-diagnostico-para-sensores-de-vibracao\/#primaryimage\",\"url\":\"https:\/\/motionup.com.br\/site\/wp-content\/uploads\/2021\/05\/P_F_E_W_800_0046_VSE002_02.jpg\",\"contentUrl\":\"https:\/\/motionup.com.br\/site\/wp-content\/uploads\/2021\/05\/P_F_E_W_800_0046_VSE002_02.jpg\",\"width\":1200,\"height\":1200},{\"@type\":\"BreadcrumbList\",\"@id\":\"https:\/\/motionup.com.br\/site\/produto\/vse002-eletronica-de-diagnostico-para-sensores-de-vibracao\/#breadcrumb\",\"itemListElement\":[{\"@type\":\"ListItem\",\"position\":1,\"name\":\"In\u00edcio\",\"item\":\"https:\/\/motionup.com.br\/site\/\"},{\"@type\":\"ListItem\",\"position\":2,\"name\":\"Produtos\",\"item\":\"https:\/\/motionup.com.br\/site\/produtos\/\"},{\"@type\":\"ListItem\",\"position\":3,\"name\":\"VSE002 &#8211; ELETRONICA DE DIAGNOSTICO P\/ SENSORES DE VIBRA\u00c7\u00c3O &#8211; ETHERNET TCP\/IP &#8211; IFM\"}]},{\"@type\":\"WebSite\",\"@id\":\"https:\/\/motionup.com.br\/site\/#website\",\"url\":\"https:\/\/motionup.com.br\/site\/\",\"name\":\"Motion Up\",\"description\":\"E-commerce Motion Up - Automa\u00e7\u00e3o Industrial\",\"publisher\":{\"@id\":\"https:\/\/motionup.com.br\/site\/#organization\"},\"potentialAction\":[{\"@type\":\"SearchAction\",\"target\":{\"@type\":\"EntryPoint\",\"urlTemplate\":\"https:\/\/motionup.com.br\/site\/?s={search_term_string}\"},\"query-input\":{\"@type\":\"PropertyValueSpecification\",\"valueRequired\":true,\"valueName\":\"search_term_string\"}}],\"inLanguage\":\"pt-BR\"},{\"@type\":\"Organization\",\"@id\":\"https:\/\/motionup.com.br\/site\/#organization\",\"name\":\"Motion Up\",\"url\":\"https:\/\/motionup.com.br\/site\/\",\"logo\":{\"@type\":\"ImageObject\",\"inLanguage\":\"pt-BR\",\"@id\":\"https:\/\/motionup.com.br\/site\/#\/schema\/logo\/image\/\",\"url\":\"https:\/\/motionup.com.br\/site\/wp-content\/uploads\/2025\/05\/MOTIONUP.png\",\"contentUrl\":\"https:\/\/motionup.com.br\/site\/wp-content\/uploads\/2025\/05\/MOTIONUP.png\",\"width\":1200,\"height\":601,\"caption\":\"Motion Up\"},\"image\":{\"@id\":\"https:\/\/motionup.com.br\/site\/#\/schema\/logo\/image\/\"},\"sameAs\":[\"https:\/\/m.facebook.com\/fp3motionup\/about\/\",\"https:\/\/br.linkedin.com\/company\/fpn-controle-e-automao-industrial-ltda\"]}]}<\/script>\n<!-- \/ Yoast SEO plugin. -->","yoast_head_json":{"title":"VSE002 - ELETRONICA DE DIAGNOSTICO P\/ SENSORES DE VIBRA\u00c7\u00c3O - ETHERNET TCP\/IP - IFM - Loja Motion Up","robots":{"index":"index","follow":"follow","max-snippet":"max-snippet:-1","max-image-preview":"max-image-preview:large","max-video-preview":"max-video-preview:-1"},"canonical":"https:\/\/motionup.com.br\/site\/produto\/vse002-eletronica-de-diagnostico-para-sensores-de-vibracao\/","og_locale":"pt_BR","og_type":"article","og_title":"VSE002 - ELETRONICA DE DIAGNOSTICO P\/ SENSORES DE VIBRA\u00c7\u00c3O - ETHERNET TCP\/IP - IFM - Loja Motion Up","og_description":"VSE002 &#8211; ELETRONICA DE DIAGNOSTICO P\/ SENSORES DE VIBRA\u00c7\u00c3O &#8211; ETHERNET TCP\/IP &#8211; IFM Consulte um vendedor e solicite um or\u00e7amento vendas@motionup.com.br motionup@motionup.com.br Para o monitoramento confi\u00e1vel da vibra\u00e7\u00e3o de m\u00e1quinas e sistemas Conserva\u00e7\u00e3o baseada no estado gra\u00e7as ao monitoramento de desbalanceamentos e do estado do rolamento ou da engrenagem Entradas din\u00e2micas para a detec\u00e7\u00e3o [&hellip;]","og_url":"https:\/\/motionup.com.br\/site\/produto\/vse002-eletronica-de-diagnostico-para-sensores-de-vibracao\/","og_site_name":"Loja Motion Up","article_publisher":"https:\/\/m.facebook.com\/fp3motionup\/about\/","article_modified_time":"2024-01-02T14:46:01+00:00","og_image":[{"width":1200,"height":1200,"url":"https:\/\/motionup.com.br\/site\/wp-content\/uploads\/2021\/05\/P_F_E_W_800_0046_VSE002_02.jpg","type":"image\/jpeg"}],"twitter_card":"summary_large_image","twitter_misc":{"Est. tempo de leitura":"1 minuto"},"schema":{"@context":"https:\/\/schema.org","@graph":[{"@type":"WebPage","@id":"https:\/\/motionup.com.br\/site\/produto\/vse002-eletronica-de-diagnostico-para-sensores-de-vibracao\/","url":"https:\/\/motionup.com.br\/site\/produto\/vse002-eletronica-de-diagnostico-para-sensores-de-vibracao\/","name":"VSE002 - ELETRONICA DE DIAGNOSTICO P\/ SENSORES DE VIBRA\u00c7\u00c3O - ETHERNET TCP\/IP - IFM - Loja Motion Up","isPartOf":{"@id":"https:\/\/motionup.com.br\/site\/#website"},"primaryImageOfPage":{"@id":"https:\/\/motionup.com.br\/site\/produto\/vse002-eletronica-de-diagnostico-para-sensores-de-vibracao\/#primaryimage"},"image":{"@id":"https:\/\/motionup.com.br\/site\/produto\/vse002-eletronica-de-diagnostico-para-sensores-de-vibracao\/#primaryimage"},"thumbnailUrl":"https:\/\/motionup.com.br\/site\/wp-content\/uploads\/2021\/05\/P_F_E_W_800_0046_VSE002_02.jpg","datePublished":"2021-05-03T16:16:07+00:00","dateModified":"2024-01-02T14:46:01+00:00","breadcrumb":{"@id":"https:\/\/motionup.com.br\/site\/produto\/vse002-eletronica-de-diagnostico-para-sensores-de-vibracao\/#breadcrumb"},"inLanguage":"pt-BR","potentialAction":[{"@type":"ReadAction","target":["https:\/\/motionup.com.br\/site\/produto\/vse002-eletronica-de-diagnostico-para-sensores-de-vibracao\/"]}]},{"@type":"ImageObject","inLanguage":"pt-BR","@id":"https:\/\/motionup.com.br\/site\/produto\/vse002-eletronica-de-diagnostico-para-sensores-de-vibracao\/#primaryimage","url":"https:\/\/motionup.com.br\/site\/wp-content\/uploads\/2021\/05\/P_F_E_W_800_0046_VSE002_02.jpg","contentUrl":"https:\/\/motionup.com.br\/site\/wp-content\/uploads\/2021\/05\/P_F_E_W_800_0046_VSE002_02.jpg","width":1200,"height":1200},{"@type":"BreadcrumbList","@id":"https:\/\/motionup.com.br\/site\/produto\/vse002-eletronica-de-diagnostico-para-sensores-de-vibracao\/#breadcrumb","itemListElement":[{"@type":"ListItem","position":1,"name":"In\u00edcio","item":"https:\/\/motionup.com.br\/site\/"},{"@type":"ListItem","position":2,"name":"Produtos","item":"https:\/\/motionup.com.br\/site\/produtos\/"},{"@type":"ListItem","position":3,"name":"VSE002 &#8211; ELETRONICA DE DIAGNOSTICO P\/ SENSORES DE VIBRA\u00c7\u00c3O &#8211; ETHERNET TCP\/IP &#8211; IFM"}]},{"@type":"WebSite","@id":"https:\/\/motionup.com.br\/site\/#website","url":"https:\/\/motionup.com.br\/site\/","name":"Motion Up","description":"E-commerce Motion Up - Automa\u00e7\u00e3o Industrial","publisher":{"@id":"https:\/\/motionup.com.br\/site\/#organization"},"potentialAction":[{"@type":"SearchAction","target":{"@type":"EntryPoint","urlTemplate":"https:\/\/motionup.com.br\/site\/?s={search_term_string}"},"query-input":{"@type":"PropertyValueSpecification","valueRequired":true,"valueName":"search_term_string"}}],"inLanguage":"pt-BR"},{"@type":"Organization","@id":"https:\/\/motionup.com.br\/site\/#organization","name":"Motion Up","url":"https:\/\/motionup.com.br\/site\/","logo":{"@type":"ImageObject","inLanguage":"pt-BR","@id":"https:\/\/motionup.com.br\/site\/#\/schema\/logo\/image\/","url":"https:\/\/motionup.com.br\/site\/wp-content\/uploads\/2025\/05\/MOTIONUP.png","contentUrl":"https:\/\/motionup.com.br\/site\/wp-content\/uploads\/2025\/05\/MOTIONUP.png","width":1200,"height":601,"caption":"Motion Up"},"image":{"@id":"https:\/\/motionup.com.br\/site\/#\/schema\/logo\/image\/"},"sameAs":["https:\/\/m.facebook.com\/fp3motionup\/about\/","https:\/\/br.linkedin.com\/company\/fpn-controle-e-automao-industrial-ltda"]}]}},"_links":{"self":[{"href":"https:\/\/motionup.com.br\/site\/wp-json\/wp\/v2\/product\/3252","targetHints":{"allow":["GET"]}}],"collection":[{"href":"https:\/\/motionup.com.br\/site\/wp-json\/wp\/v2\/product"}],"about":[{"href":"https:\/\/motionup.com.br\/site\/wp-json\/wp\/v2\/types\/product"}],"wp:featuredmedia":[{"embeddable":true,"href":"https:\/\/motionup.com.br\/site\/wp-json\/wp\/v2\/media\/3253"}],"wp:attachment":[{"href":"https:\/\/motionup.com.br\/site\/wp-json\/wp\/v2\/media?parent=3252"}],"wp:term":[{"taxonomy":"product_brand","embeddable":true,"href":"https:\/\/motionup.com.br\/site\/wp-json\/wp\/v2\/product_brand?post=3252"},{"taxonomy":"product_cat","embeddable":true,"href":"https:\/\/motionup.com.br\/site\/wp-json\/wp\/v2\/product_cat?post=3252"},{"taxonomy":"product_tag","embeddable":true,"href":"https:\/\/motionup.com.br\/site\/wp-json\/wp\/v2\/product_tag?post=3252"}],"curies":[{"name":"wp","href":"https:\/\/api.w.org\/{rel}","templated":true}]}}