{"id":3258,"date":"2021-05-03T13:30:31","date_gmt":"2021-05-03T16:30:31","guid":{"rendered":"https:\/\/motionup.com.br\/site\/?post_type=product&#038;p=3258"},"modified":"2021-05-03T13:35:09","modified_gmt":"2021-05-03T16:35:09","slug":"oy044s-cortina-fotoeletrica-de-luz-de-seguranca-ifm","status":"publish","type":"product","link":"https:\/\/motionup.com.br\/site\/produto\/oy044s-cortina-fotoeletrica-de-luz-de-seguranca-ifm\/","title":{"rendered":"OY044S-Cortina Fotoel\u00e9trica de luz de seguran\u00e7a-IFM"},"content":{"rendered":"<table class=\"pd-table\">\n<tbody>\n<tr>\n<th class=\"pd-table-h1\" colspan=\"2\" scope=\"colgroup\">Caracter\u00edsticas do produto<\/th>\n<\/tr>\n<tr>\n<td>Tipo de luz<\/td>\n<td>luz infravermelha<\/td>\n<\/tr>\n<tr>\n<td>Dimens\u00f5es [mm]<\/td>\n<td>663 x 28 x 30<\/td>\n<\/tr>\n<tr>\n<th class=\"pd-table-h1\" colspan=\"2\" scope=\"colgroup\">Campo de aplica\u00e7\u00e3o<\/th>\n<\/tr>\n<tr>\n<td>Fun\u00e7\u00e3o de protec\u00e7\u00e3o<\/td>\n<td>Protec\u00e7\u00e3o de acesso para m\u00e3os<\/td>\n<\/tr>\n<tr>\n<th class=\"pd-table-h1\" colspan=\"2\" scope=\"colgroup\">Dados el\u00e9tricos<\/th>\n<\/tr>\n<tr>\n<td>Toler\u00e2ncia da tens\u00e3o de opera\u00e7\u00e3o [%]<\/td>\n<td>20<\/td>\n<\/tr>\n<tr>\n<td>Tens\u00e3o de opera\u00e7\u00e3o [V]<\/td>\n<td>24 DC<\/td>\n<\/tr>\n<tr>\n<td>Classe de prote\u00e7\u00e3o<\/td>\n<td>III<\/td>\n<\/tr>\n<tr>\n<td>Prote\u00e7\u00e3o contra invers\u00e3o de polaridade<\/td>\n<td>sim<\/td>\n<\/tr>\n<tr>\n<td>Retardo de prontid\u00e3o [s]<\/td>\n<td>&lt; 2<\/td>\n<\/tr>\n<tr>\n<td>Tipo de luz<\/td>\n<td>luz infravermelha<\/td>\n<\/tr>\n<tr>\n<td>Comprimento da onda [nm]<\/td>\n<td>950<\/td>\n<\/tr>\n<tr>\n<th class=\"pd-table-h2\" colspan=\"2\" scope=\"colgroup\">Receptor<\/th>\n<\/tr>\n<tr>\n<td>Consumo de corrente [mA]<\/td>\n<td>83<\/td>\n<\/tr>\n<tr>\n<th class=\"pd-table-h2\" colspan=\"2\" scope=\"colgroup\">Transmissor<\/th>\n<\/tr>\n<tr>\n<td>Consumo de corrente [mA]<\/td>\n<td>42<\/td>\n<\/tr>\n<tr>\n<th class=\"pd-table-h1\" colspan=\"2\" scope=\"colgroup\">Sa\u00eddas<\/th>\n<\/tr>\n<tr>\n<td>Fun\u00e7\u00e3o el\u00e9trica<\/td>\n<td>PNP<\/td>\n<\/tr>\n<tr>\n<td>N\u00famero de sa\u00eddas OSSD<\/td>\n<td>2<\/td>\n<\/tr>\n<tr>\n<td>Capacidade de carga da corrente por sa\u00edda OSSD [mA]<\/td>\n<td>400; (24 V)<\/td>\n<\/tr>\n<tr>\n<td>Prote\u00e7\u00e3o contra curto-circuitos<\/td>\n<td>sim<\/td>\n<\/tr>\n<tr>\n<th class=\"pd-table-h1\" colspan=\"2\" scope=\"colgroup\">Faixa de registro<\/th>\n<\/tr>\n<tr>\n<td>Altura do campo de prote\u00e7\u00e3o [mm]<\/td>\n<td>610<\/td>\n<\/tr>\n<tr>\n<td>Resolu\u00e7\u00e3o (Capacidade de detec\u00e7\u00e3o d) [mm]<\/td>\n<td>30<\/td>\n<\/tr>\n<tr>\n<td>Largura da \u00e1rea de prote\u00e7\u00e3o (pot\u00eancia luminosa baixa) [m]<\/td>\n<td>0&#8230;4<\/td>\n<\/tr>\n<tr>\n<td>Largura da \u00e1rea de prote\u00e7\u00e3o (pot\u00eancia luminosa elevada) [m]<\/td>\n<td>3&#8230;12<\/td>\n<\/tr>\n<tr>\n<th class=\"pd-table-h1\" colspan=\"2\" scope=\"colgroup\">Tempos de rea\u00e7\u00e3o<\/th>\n<\/tr>\n<tr>\n<td>Tempo de resposta [ms]<\/td>\n<td>8,5<\/td>\n<\/tr>\n<tr>\n<th class=\"pd-table-h1\" colspan=\"2\" scope=\"colgroup\">Condi\u00e7\u00f5es ambientais<\/th>\n<\/tr>\n<tr>\n<td>Aplica\u00e7\u00f5es<\/td>\n<td>Classe C conforme EN 60654-1 Local de aplica\u00e7\u00e3o \u00e0 prova de tempo<\/td>\n<\/tr>\n<tr>\n<td>Temperatura ambiente [\u00b0C]<\/td>\n<td>-10&#8230;55<\/td>\n<\/tr>\n<tr>\n<td>Temperatura de armazenamento [\u00b0C]<\/td>\n<td>-20&#8230;70<\/td>\n<\/tr>\n<tr>\n<td>Umidade relativa do ar m\u00e1x. [%]<\/td>\n<td>95<\/td>\n<\/tr>\n<tr>\n<td>Prote\u00e7\u00e3o<\/td>\n<td>IP 65; IP 67<\/td>\n<\/tr>\n<tr>\n<th class=\"pd-table-h1\" colspan=\"2\" scope=\"colgroup\">Certifica\u00e7\u00f5es \/ testes<\/th>\n<\/tr>\n<tr>\n<td>EMC<\/td>\n<td>\n<table>\n<colgroup class=\"pd-table-cols-2\">\n<col class=\"pd-table-col-1\" \/>\n<col class=\"pd-table-col-2\" \/><\/colgroup>\n<tbody>\n<tr>\n<td>IEC 61496-1<\/td>\n<td><\/td>\n<\/tr>\n<\/tbody>\n<\/table>\n<\/td>\n<\/tr>\n<tr>\n<td>Resist\u00eancia a choques<\/td>\n<td>\n<table>\n<colgroup class=\"pd-table-cols-2\">\n<col class=\"pd-table-col-1\" \/>\n<col class=\"pd-table-col-2\" \/><\/colgroup>\n<tbody>\n<tr>\n<td>IEC 61496-1<\/td>\n<td><\/td>\n<\/tr>\n<\/tbody>\n<\/table>\n<\/td>\n<\/tr>\n<tr>\n<td>Resist\u00eancia \u00e0 vibra\u00e7\u00f5es<\/td>\n<td>\n<table>\n<colgroup class=\"pd-table-cols-2\">\n<col class=\"pd-table-col-1\" \/>\n<col class=\"pd-table-col-2\" \/><\/colgroup>\n<tbody>\n<tr>\n<td>IEC 61496-1<\/td>\n<td><\/td>\n<\/tr>\n<\/tbody>\n<\/table>\n<\/td>\n<\/tr>\n<tr>\n<th class=\"pd-table-h1\" colspan=\"2\" scope=\"colgroup\">Classifica\u00e7\u00e3o de seguran\u00e7a<\/th>\n<\/tr>\n<tr>\n<td>Tipo BWS (IEC 61496-1)<\/td>\n<td>4<\/td>\n<\/tr>\n<tr>\n<td>ISO 13849-1<\/td>\n<td>categoria 4, PL e<\/td>\n<\/tr>\n<tr>\n<td>IEC 61508<\/td>\n<td>SIL 3<\/td>\n<\/tr>\n<tr>\n<td>IEC 62061<\/td>\n<td>SIL cl 3<\/td>\n<\/tr>\n<tr>\n<td>Vida \u00fatil TM (Mission Time) [h]<\/td>\n<td>175200<\/td>\n<\/tr>\n<tr>\n<td>Confiabilidade relativa \u00e0 seguran\u00e7a PFHD [1\/h]<\/td>\n<td>1,1E-08<\/td>\n<\/tr>\n<tr>\n<th class=\"pd-table-h1\" colspan=\"2\" scope=\"colgroup\">Dados mec\u00e2nicos<\/th>\n<\/tr>\n<tr>\n<td>Peso [g]<\/td>\n<td>2370<\/td>\n<\/tr>\n<tr>\n<td>Dimens\u00f5es [mm]<\/td>\n<td>663 x 28 x 30<\/td>\n<\/tr>\n<tr>\n<td>Materiais<\/td>\n<td>inv\u00f3lucro: alum\u00ednio; visor: PC<\/td>\n<\/tr>\n<tr>\n<td>Comprimento L [mm]<\/td>\n<td>663<\/td>\n<\/tr>\n<tr>\n<th class=\"pd-table-h1\" colspan=\"2\" scope=\"colgroup\">Displays \/ elementos de opera\u00e7\u00e3o<\/th>\n<\/tr>\n<tr>\n<td>Display<\/td>\n<td>\n<table>\n<colgroup class=\"pd-table-cols-2\">\n<col class=\"pd-table-col-1\" \/>\n<col class=\"pd-table-col-2\" \/><\/colgroup>\n<tbody>\n<tr>\n<td>transmissor<\/td>\n<td>1 x LED<\/td>\n<\/tr>\n<tr>\n<td>receptor<\/td>\n<td>2 x LED<\/td>\n<\/tr>\n<\/tbody>\n<\/table>\n<\/td>\n<\/tr>\n<tr>\n<th class=\"pd-table-h1\" colspan=\"2\" scope=\"colgroup\">Acess\u00f3rios<\/th>\n<\/tr>\n<tr>\n<td>Material inclu\u00eddo<\/td>\n<td>\n<table>\n<colgroup class=\"pd-table-cols-1\">\n<col class=\"pd-table-col-1\" \/><\/colgroup>\n<tbody>\n<tr>\n<td>elemento angular de montagem: 4<\/td>\n<\/tr>\n<tr>\n<td>Porcas em T: 4<\/td>\n<\/tr>\n<tr>\n<td>Porcas<\/td>\n<\/tr>\n<\/tbody>\n<\/table>\n<\/td>\n<\/tr>\n<tr>\n<th class=\"pd-table-h1\" colspan=\"2\" scope=\"colgroup\">Notas<\/th>\n<\/tr>\n<tr>\n<td>Quantidade<\/td>\n<td>1 pe\u00e7a<\/td>\n<\/tr>\n<tr>\n<th class=\"pd-table-h1\" colspan=\"2\" scope=\"colgroup\">conex\u00e3o el\u00e9trica &#8211; receptor<\/th>\n<\/tr>\n<tr>\n<td>Conex\u00e3o<\/td>\n<td>Conex\u00e3o: 1 x M12; Comprimento m\u00e1x. do cabo: 100 m; para se\u00e7\u00e3o transversal do n\u00facleo de 0,34 mm\u00b2<\/td>\n<\/tr>\n<tr>\n<th class=\"pd-table-h1\" colspan=\"2\" scope=\"colgroup\">conex\u00e3o el\u00e9trica &#8211; transmissor<\/th>\n<\/tr>\n<tr>\n<td>Conex\u00e3o<\/td>\n<td>Conex\u00e3o: 1 x M12<\/td>\n<\/tr>\n<\/tbody>\n<\/table>\n","protected":false},"excerpt":{"rendered":"<p>Caracter\u00edsticas do produto Tipo de luz luz infravermelha Dimens\u00f5es [mm] 663 x 28 x 30 Campo de aplica\u00e7\u00e3o Fun\u00e7\u00e3o de protec\u00e7\u00e3o Protec\u00e7\u00e3o de acesso para m\u00e3os Dados el\u00e9tricos Toler\u00e2ncia da tens\u00e3o de opera\u00e7\u00e3o [%] 20 Tens\u00e3o de opera\u00e7\u00e3o [V] 24 DC Classe de prote\u00e7\u00e3o III Prote\u00e7\u00e3o contra invers\u00e3o de polaridade sim Retardo de prontid\u00e3o [s] [&hellip;]<\/p>\n","protected":false},"featured_media":3259,"template":"","meta":[],"product_brand":[],"product_cat":[353,96,79],"product_tag":[385,58,57],"class_list":{"0":"post-3258","1":"product","2":"type-product","3":"status-publish","4":"has-post-thumbnail","6":"product_cat-ifm","7":"product_cat-cabos","8":"product_cat-acessorios","9":"product_tag-fotoeletrica","10":"product_tag-ifm","11":"product_tag-sensor","13":"first","14":"instock","15":"shipping-taxable","16":"product-type-simple"},"yoast_head":"<!-- This site is optimized with the Yoast SEO plugin v26.3 - https:\/\/yoast.com\/wordpress\/plugins\/seo\/ -->\n<title>OY044S-Cortina Fotoel\u00e9trica de luz de seguran\u00e7a-IFM - Loja Motion Up<\/title>\n<meta name=\"robots\" content=\"index, follow, max-snippet:-1, max-image-preview:large, max-video-preview:-1\" \/>\n<link rel=\"canonical\" href=\"https:\/\/motionup.com.br\/site\/produto\/oy044s-cortina-fotoeletrica-de-luz-de-seguranca-ifm\/\" \/>\n<meta property=\"og:locale\" content=\"pt_BR\" \/>\n<meta property=\"og:type\" content=\"article\" \/>\n<meta property=\"og:title\" content=\"OY044S-Cortina Fotoel\u00e9trica de luz de seguran\u00e7a-IFM - Loja Motion Up\" \/>\n<meta property=\"og:description\" content=\"Caracter\u00edsticas do produto Tipo de luz luz infravermelha Dimens\u00f5es [mm] 663 x 28 x 30 Campo de aplica\u00e7\u00e3o Fun\u00e7\u00e3o de protec\u00e7\u00e3o Protec\u00e7\u00e3o de acesso para m\u00e3os Dados el\u00e9tricos Toler\u00e2ncia da tens\u00e3o de opera\u00e7\u00e3o [%] 20 Tens\u00e3o de opera\u00e7\u00e3o [V] 24 DC Classe de prote\u00e7\u00e3o III Prote\u00e7\u00e3o contra invers\u00e3o de polaridade sim Retardo de prontid\u00e3o [s] [&hellip;]\" \/>\n<meta property=\"og:url\" content=\"https:\/\/motionup.com.br\/site\/produto\/oy044s-cortina-fotoeletrica-de-luz-de-seguranca-ifm\/\" \/>\n<meta property=\"og:site_name\" content=\"Loja Motion Up\" \/>\n<meta property=\"article:publisher\" content=\"https:\/\/m.facebook.com\/fp3motionup\/about\/\" \/>\n<meta property=\"article:modified_time\" content=\"2021-05-03T16:35:09+00:00\" \/>\n<meta property=\"og:image\" content=\"https:\/\/motionup.com.br\/site\/wp-content\/uploads\/2021\/05\/P_F_E_W_200_0176_OY044S_01.jpg\" \/>\n\t<meta property=\"og:image:width\" content=\"1200\" \/>\n\t<meta property=\"og:image:height\" content=\"1200\" \/>\n\t<meta property=\"og:image:type\" content=\"image\/jpeg\" \/>\n<meta name=\"twitter:card\" content=\"summary_large_image\" \/>\n<meta name=\"twitter:label1\" content=\"Est. tempo de leitura\" \/>\n\t<meta name=\"twitter:data1\" content=\"2 minutos\" \/>\n<script type=\"application\/ld+json\" class=\"yoast-schema-graph\">{\"@context\":\"https:\/\/schema.org\",\"@graph\":[{\"@type\":\"WebPage\",\"@id\":\"https:\/\/motionup.com.br\/site\/produto\/oy044s-cortina-fotoeletrica-de-luz-de-seguranca-ifm\/\",\"url\":\"https:\/\/motionup.com.br\/site\/produto\/oy044s-cortina-fotoeletrica-de-luz-de-seguranca-ifm\/\",\"name\":\"OY044S-Cortina Fotoel\u00e9trica de luz de seguran\u00e7a-IFM - Loja Motion Up\",\"isPartOf\":{\"@id\":\"https:\/\/motionup.com.br\/site\/#website\"},\"primaryImageOfPage\":{\"@id\":\"https:\/\/motionup.com.br\/site\/produto\/oy044s-cortina-fotoeletrica-de-luz-de-seguranca-ifm\/#primaryimage\"},\"image\":{\"@id\":\"https:\/\/motionup.com.br\/site\/produto\/oy044s-cortina-fotoeletrica-de-luz-de-seguranca-ifm\/#primaryimage\"},\"thumbnailUrl\":\"https:\/\/motionup.com.br\/site\/wp-content\/uploads\/2021\/05\/P_F_E_W_200_0176_OY044S_01.jpg\",\"datePublished\":\"2021-05-03T16:30:31+00:00\",\"dateModified\":\"2021-05-03T16:35:09+00:00\",\"breadcrumb\":{\"@id\":\"https:\/\/motionup.com.br\/site\/produto\/oy044s-cortina-fotoeletrica-de-luz-de-seguranca-ifm\/#breadcrumb\"},\"inLanguage\":\"pt-BR\",\"potentialAction\":[{\"@type\":\"ReadAction\",\"target\":[\"https:\/\/motionup.com.br\/site\/produto\/oy044s-cortina-fotoeletrica-de-luz-de-seguranca-ifm\/\"]}]},{\"@type\":\"ImageObject\",\"inLanguage\":\"pt-BR\",\"@id\":\"https:\/\/motionup.com.br\/site\/produto\/oy044s-cortina-fotoeletrica-de-luz-de-seguranca-ifm\/#primaryimage\",\"url\":\"https:\/\/motionup.com.br\/site\/wp-content\/uploads\/2021\/05\/P_F_E_W_200_0176_OY044S_01.jpg\",\"contentUrl\":\"https:\/\/motionup.com.br\/site\/wp-content\/uploads\/2021\/05\/P_F_E_W_200_0176_OY044S_01.jpg\",\"width\":1200,\"height\":1200},{\"@type\":\"BreadcrumbList\",\"@id\":\"https:\/\/motionup.com.br\/site\/produto\/oy044s-cortina-fotoeletrica-de-luz-de-seguranca-ifm\/#breadcrumb\",\"itemListElement\":[{\"@type\":\"ListItem\",\"position\":1,\"name\":\"In\u00edcio\",\"item\":\"https:\/\/motionup.com.br\/site\/\"},{\"@type\":\"ListItem\",\"position\":2,\"name\":\"Produtos\",\"item\":\"https:\/\/motionup.com.br\/site\/produtos\/\"},{\"@type\":\"ListItem\",\"position\":3,\"name\":\"OY044S-Cortina Fotoel\u00e9trica de luz de seguran\u00e7a-IFM\"}]},{\"@type\":\"WebSite\",\"@id\":\"https:\/\/motionup.com.br\/site\/#website\",\"url\":\"https:\/\/motionup.com.br\/site\/\",\"name\":\"Motion Up\",\"description\":\"E-commerce Motion Up - Automa\u00e7\u00e3o Industrial\",\"publisher\":{\"@id\":\"https:\/\/motionup.com.br\/site\/#organization\"},\"potentialAction\":[{\"@type\":\"SearchAction\",\"target\":{\"@type\":\"EntryPoint\",\"urlTemplate\":\"https:\/\/motionup.com.br\/site\/?s={search_term_string}\"},\"query-input\":{\"@type\":\"PropertyValueSpecification\",\"valueRequired\":true,\"valueName\":\"search_term_string\"}}],\"inLanguage\":\"pt-BR\"},{\"@type\":\"Organization\",\"@id\":\"https:\/\/motionup.com.br\/site\/#organization\",\"name\":\"Motion Up\",\"url\":\"https:\/\/motionup.com.br\/site\/\",\"logo\":{\"@type\":\"ImageObject\",\"inLanguage\":\"pt-BR\",\"@id\":\"https:\/\/motionup.com.br\/site\/#\/schema\/logo\/image\/\",\"url\":\"https:\/\/motionup.com.br\/site\/wp-content\/uploads\/2025\/05\/MOTIONUP.png\",\"contentUrl\":\"https:\/\/motionup.com.br\/site\/wp-content\/uploads\/2025\/05\/MOTIONUP.png\",\"width\":1200,\"height\":601,\"caption\":\"Motion Up\"},\"image\":{\"@id\":\"https:\/\/motionup.com.br\/site\/#\/schema\/logo\/image\/\"},\"sameAs\":[\"https:\/\/m.facebook.com\/fp3motionup\/about\/\",\"https:\/\/br.linkedin.com\/company\/fpn-controle-e-automao-industrial-ltda\"]}]}<\/script>\n<!-- \/ Yoast SEO plugin. -->","yoast_head_json":{"title":"OY044S-Cortina Fotoel\u00e9trica de luz de seguran\u00e7a-IFM - Loja Motion Up","robots":{"index":"index","follow":"follow","max-snippet":"max-snippet:-1","max-image-preview":"max-image-preview:large","max-video-preview":"max-video-preview:-1"},"canonical":"https:\/\/motionup.com.br\/site\/produto\/oy044s-cortina-fotoeletrica-de-luz-de-seguranca-ifm\/","og_locale":"pt_BR","og_type":"article","og_title":"OY044S-Cortina Fotoel\u00e9trica de luz de seguran\u00e7a-IFM - Loja Motion Up","og_description":"Caracter\u00edsticas do produto Tipo de luz luz infravermelha Dimens\u00f5es [mm] 663 x 28 x 30 Campo de aplica\u00e7\u00e3o Fun\u00e7\u00e3o de protec\u00e7\u00e3o Protec\u00e7\u00e3o de acesso para m\u00e3os Dados el\u00e9tricos Toler\u00e2ncia da tens\u00e3o de opera\u00e7\u00e3o [%] 20 Tens\u00e3o de opera\u00e7\u00e3o [V] 24 DC Classe de prote\u00e7\u00e3o III Prote\u00e7\u00e3o contra invers\u00e3o de polaridade sim Retardo de prontid\u00e3o [s] [&hellip;]","og_url":"https:\/\/motionup.com.br\/site\/produto\/oy044s-cortina-fotoeletrica-de-luz-de-seguranca-ifm\/","og_site_name":"Loja Motion Up","article_publisher":"https:\/\/m.facebook.com\/fp3motionup\/about\/","article_modified_time":"2021-05-03T16:35:09+00:00","og_image":[{"width":1200,"height":1200,"url":"https:\/\/motionup.com.br\/site\/wp-content\/uploads\/2021\/05\/P_F_E_W_200_0176_OY044S_01.jpg","type":"image\/jpeg"}],"twitter_card":"summary_large_image","twitter_misc":{"Est. tempo de leitura":"2 minutos"},"schema":{"@context":"https:\/\/schema.org","@graph":[{"@type":"WebPage","@id":"https:\/\/motionup.com.br\/site\/produto\/oy044s-cortina-fotoeletrica-de-luz-de-seguranca-ifm\/","url":"https:\/\/motionup.com.br\/site\/produto\/oy044s-cortina-fotoeletrica-de-luz-de-seguranca-ifm\/","name":"OY044S-Cortina Fotoel\u00e9trica de luz de seguran\u00e7a-IFM - Loja Motion Up","isPartOf":{"@id":"https:\/\/motionup.com.br\/site\/#website"},"primaryImageOfPage":{"@id":"https:\/\/motionup.com.br\/site\/produto\/oy044s-cortina-fotoeletrica-de-luz-de-seguranca-ifm\/#primaryimage"},"image":{"@id":"https:\/\/motionup.com.br\/site\/produto\/oy044s-cortina-fotoeletrica-de-luz-de-seguranca-ifm\/#primaryimage"},"thumbnailUrl":"https:\/\/motionup.com.br\/site\/wp-content\/uploads\/2021\/05\/P_F_E_W_200_0176_OY044S_01.jpg","datePublished":"2021-05-03T16:30:31+00:00","dateModified":"2021-05-03T16:35:09+00:00","breadcrumb":{"@id":"https:\/\/motionup.com.br\/site\/produto\/oy044s-cortina-fotoeletrica-de-luz-de-seguranca-ifm\/#breadcrumb"},"inLanguage":"pt-BR","potentialAction":[{"@type":"ReadAction","target":["https:\/\/motionup.com.br\/site\/produto\/oy044s-cortina-fotoeletrica-de-luz-de-seguranca-ifm\/"]}]},{"@type":"ImageObject","inLanguage":"pt-BR","@id":"https:\/\/motionup.com.br\/site\/produto\/oy044s-cortina-fotoeletrica-de-luz-de-seguranca-ifm\/#primaryimage","url":"https:\/\/motionup.com.br\/site\/wp-content\/uploads\/2021\/05\/P_F_E_W_200_0176_OY044S_01.jpg","contentUrl":"https:\/\/motionup.com.br\/site\/wp-content\/uploads\/2021\/05\/P_F_E_W_200_0176_OY044S_01.jpg","width":1200,"height":1200},{"@type":"BreadcrumbList","@id":"https:\/\/motionup.com.br\/site\/produto\/oy044s-cortina-fotoeletrica-de-luz-de-seguranca-ifm\/#breadcrumb","itemListElement":[{"@type":"ListItem","position":1,"name":"In\u00edcio","item":"https:\/\/motionup.com.br\/site\/"},{"@type":"ListItem","position":2,"name":"Produtos","item":"https:\/\/motionup.com.br\/site\/produtos\/"},{"@type":"ListItem","position":3,"name":"OY044S-Cortina Fotoel\u00e9trica de luz de seguran\u00e7a-IFM"}]},{"@type":"WebSite","@id":"https:\/\/motionup.com.br\/site\/#website","url":"https:\/\/motionup.com.br\/site\/","name":"Motion Up","description":"E-commerce Motion Up - Automa\u00e7\u00e3o Industrial","publisher":{"@id":"https:\/\/motionup.com.br\/site\/#organization"},"potentialAction":[{"@type":"SearchAction","target":{"@type":"EntryPoint","urlTemplate":"https:\/\/motionup.com.br\/site\/?s={search_term_string}"},"query-input":{"@type":"PropertyValueSpecification","valueRequired":true,"valueName":"search_term_string"}}],"inLanguage":"pt-BR"},{"@type":"Organization","@id":"https:\/\/motionup.com.br\/site\/#organization","name":"Motion Up","url":"https:\/\/motionup.com.br\/site\/","logo":{"@type":"ImageObject","inLanguage":"pt-BR","@id":"https:\/\/motionup.com.br\/site\/#\/schema\/logo\/image\/","url":"https:\/\/motionup.com.br\/site\/wp-content\/uploads\/2025\/05\/MOTIONUP.png","contentUrl":"https:\/\/motionup.com.br\/site\/wp-content\/uploads\/2025\/05\/MOTIONUP.png","width":1200,"height":601,"caption":"Motion Up"},"image":{"@id":"https:\/\/motionup.com.br\/site\/#\/schema\/logo\/image\/"},"sameAs":["https:\/\/m.facebook.com\/fp3motionup\/about\/","https:\/\/br.linkedin.com\/company\/fpn-controle-e-automao-industrial-ltda"]}]}},"_links":{"self":[{"href":"https:\/\/motionup.com.br\/site\/wp-json\/wp\/v2\/product\/3258","targetHints":{"allow":["GET"]}}],"collection":[{"href":"https:\/\/motionup.com.br\/site\/wp-json\/wp\/v2\/product"}],"about":[{"href":"https:\/\/motionup.com.br\/site\/wp-json\/wp\/v2\/types\/product"}],"wp:featuredmedia":[{"embeddable":true,"href":"https:\/\/motionup.com.br\/site\/wp-json\/wp\/v2\/media\/3259"}],"wp:attachment":[{"href":"https:\/\/motionup.com.br\/site\/wp-json\/wp\/v2\/media?parent=3258"}],"wp:term":[{"taxonomy":"product_brand","embeddable":true,"href":"https:\/\/motionup.com.br\/site\/wp-json\/wp\/v2\/product_brand?post=3258"},{"taxonomy":"product_cat","embeddable":true,"href":"https:\/\/motionup.com.br\/site\/wp-json\/wp\/v2\/product_cat?post=3258"},{"taxonomy":"product_tag","embeddable":true,"href":"https:\/\/motionup.com.br\/site\/wp-json\/wp\/v2\/product_tag?post=3258"}],"curies":[{"name":"wp","href":"https:\/\/api.w.org\/{rel}","templated":true}]}}