{"id":3266,"date":"2021-05-03T13:43:28","date_gmt":"2021-05-03T16:43:28","guid":{"rendered":"https:\/\/motionup.com.br\/site\/?post_type=product&#038;p=3266"},"modified":"2021-05-03T13:45:21","modified_gmt":"2021-05-03T16:45:21","slug":"al1940-mestre-io-link-com-interface-modbus-tcp-ifm","status":"publish","type":"product","link":"https:\/\/motionup.com.br\/site\/produto\/al1940-mestre-io-link-com-interface-modbus-tcp-ifm\/","title":{"rendered":"AL1940-mestre IO-Link com interface Modbus TCP-IFM"},"content":{"rendered":"<table class=\"pd-table\">\n<colgroup class=\"pd-table-cols-2\">\n<col class=\"pd-table-col-1\" \/>\n<col class=\"pd-table-col-2\" \/><\/colgroup>\n<tbody>\n<tr>\n<th class=\"pd-table-h1\" colspan=\"2\" scope=\"colgroup\">Campo de aplica\u00e7\u00e3o<\/th>\n<\/tr>\n<tr>\n<td>Aplica\u00e7\u00e3o<\/td>\n<td>m\u00f3dulos E\/S para o uso em quadro de disjuntor<\/td>\n<\/tr>\n<tr>\n<th class=\"pd-table-h1\" colspan=\"2\" scope=\"colgroup\">Dados el\u00e9tricos<\/th>\n<\/tr>\n<tr>\n<td>Tens\u00e3o de opera\u00e7\u00e3o [V]<\/td>\n<td>20&#8230;30 DC; (US; para SELV\/PELV)<\/td>\n<\/tr>\n<tr>\n<td>Consumo de corrente [mA]<\/td>\n<td>300&#8230;3900; (US)<\/td>\n<\/tr>\n<tr>\n<td>Classe de prote\u00e7\u00e3o<\/td>\n<td>III<\/td>\n<\/tr>\n<tr>\n<th class=\"pd-table-h2\" colspan=\"2\" scope=\"colgroup\">Alimenta\u00e7\u00e3o do sensor US<\/th>\n<\/tr>\n<tr>\n<td>Capacidade de carga total [A]<\/td>\n<td>3,6<\/td>\n<\/tr>\n<tr>\n<th class=\"pd-table-h1\" colspan=\"2\" scope=\"colgroup\">Entradas\/sa\u00eddas<\/th>\n<\/tr>\n<tr>\n<td>Quantidade total de entradas e sa\u00eddas<\/td>\n<td>16; (configur\u00e1veis)<\/td>\n<\/tr>\n<tr>\n<td>Quantidade de entradas e sa\u00eddas<\/td>\n<td>Quantidade de entradas digitais: 8; Quantidade de sa\u00eddas digitais: 8<\/td>\n<\/tr>\n<tr>\n<th class=\"pd-table-h1\" colspan=\"2\" scope=\"colgroup\">Entradas<\/th>\n<\/tr>\n<tr>\n<td>Quantidade de entradas digitais<\/td>\n<td>8; (IO-Link Port Class A)<\/td>\n<\/tr>\n<tr>\n<td>N\u00edvel de comuta\u00e7\u00e3o High [V]<\/td>\n<td>11&#8230;30<\/td>\n<\/tr>\n<tr>\n<td>N\u00edvel de comuta\u00e7\u00e3o Low [V]<\/td>\n<td>0&#8230;5<\/td>\n<\/tr>\n<tr>\n<td>Entradas digitais com resist\u00eancia contra curto-circuito<\/td>\n<td>sim<\/td>\n<\/tr>\n<tr>\n<th class=\"pd-table-h1\" colspan=\"2\" scope=\"colgroup\">Sa\u00eddas<\/th>\n<\/tr>\n<tr>\n<td>Quantidade de sa\u00eddas digitais<\/td>\n<td>8; (IO-Link Port Class A)<\/td>\n<\/tr>\n<tr>\n<td>Carga de corrente m\u00e1x. por sa\u00edda [mA]<\/td>\n<td>300<\/td>\n<\/tr>\n<tr>\n<td>Prote\u00e7\u00e3o contra curto-circuitos<\/td>\n<td>sim<\/td>\n<\/tr>\n<tr>\n<th class=\"pd-table-h1\" colspan=\"2\" scope=\"colgroup\">Interfaces<\/th>\n<\/tr>\n<tr>\n<td>Interface de comunica\u00e7\u00e3o<\/td>\n<td>Ethernet; IO-Link<\/td>\n<\/tr>\n<tr>\n<td>Note on interfaces<\/td>\n<td>\n<table>\n<colgroup class=\"pd-table-cols-1\">\n<col class=\"pd-table-col-1\" \/><\/colgroup>\n<tbody>\n<tr>\n<td>Protocolo de seguran\u00e7a: HTTPS<\/td>\n<\/tr>\n<\/tbody>\n<\/table>\n<\/td>\n<\/tr>\n<tr>\n<th class=\"pd-table-h2\" colspan=\"2\" scope=\"colgroup\">Ethernet &#8211; Internet of Things<\/th>\n<\/tr>\n<tr>\n<td>Padr\u00e3o de transmiss\u00e3o<\/td>\n<td>10Base-T; 100Base-TX<\/td>\n<\/tr>\n<tr>\n<td>Taxa de transmiss\u00e3o<\/td>\n<td>10; 100<\/td>\n<\/tr>\n<tr>\n<td>Protocolo<\/td>\n<td>MQTT JSON<\/td>\n<\/tr>\n<tr>\n<td>Configura\u00e7\u00f5es de f\u00e1brica<\/td>\n<td>\n<table>\n<colgroup class=\"pd-table-cols-1\">\n<col class=\"pd-table-col-1\" \/><\/colgroup>\n<tbody>\n<tr>\n<td>endere\u00e7o IP: 169.254.x.x<\/td>\n<\/tr>\n<tr>\n<td>m\u00e1scara da subrede: 255.255.0.0<\/td>\n<\/tr>\n<tr>\n<td>endere\u00e7o IP do gateway: 0.0.0.0<\/td>\n<\/tr>\n<tr>\n<td>endere\u00e7o MAC: consulte a placa de tipo<\/td>\n<\/tr>\n<\/tbody>\n<\/table>\n<\/td>\n<\/tr>\n<tr>\n<th class=\"pd-table-h2\" colspan=\"2\" scope=\"colgroup\">Ethernet &#8211; Modbus TCP<\/th>\n<\/tr>\n<tr>\n<td>Padr\u00e3o de transmiss\u00e3o<\/td>\n<td>10Base-T; 100Base-TX<\/td>\n<\/tr>\n<tr>\n<td>Taxa de transmiss\u00e3o<\/td>\n<td>10; 100<\/td>\n<\/tr>\n<tr>\n<td>Protocolo<\/td>\n<td>Modbus TCP<\/td>\n<\/tr>\n<tr>\n<td>Configura\u00e7\u00f5es de f\u00e1brica<\/td>\n<td>\n<table>\n<colgroup class=\"pd-table-cols-1\">\n<col class=\"pd-table-col-1\" \/><\/colgroup>\n<tbody>\n<tr>\n<td>endere\u00e7o IP: 192.168.1.250<\/td>\n<\/tr>\n<tr>\n<td>m\u00e1scara da subrede: 255.255.255.0<\/td>\n<\/tr>\n<tr>\n<td>endere\u00e7o IP do gateway: 0.0.0.0<\/td>\n<\/tr>\n<tr>\n<td>endere\u00e7o MAC: consulte a placa de tipo<\/td>\n<\/tr>\n<\/tbody>\n<\/table>\n<\/td>\n<\/tr>\n<tr>\n<th class=\"pd-table-h2\" colspan=\"2\" scope=\"colgroup\">IO-Link Master<\/th>\n<\/tr>\n<tr>\n<td>Tipo de transfer\u00eancia<\/td>\n<td>COM1 (4,8 kBaud); COM2 (38,4 kBaud); COM3 (230,4 kBaud)<\/td>\n<\/tr>\n<tr>\n<td>Revis\u00e3o IO-Link<\/td>\n<td>1.1<\/td>\n<\/tr>\n<tr>\n<td>Quantidade de portas classe A<\/td>\n<td>8<\/td>\n<\/tr>\n<tr>\n<th class=\"pd-table-h1\" colspan=\"2\" scope=\"colgroup\">Condi\u00e7\u00f5es ambientais<\/th>\n<\/tr>\n<tr>\n<td>Temperatura ambiente [\u00b0C]<\/td>\n<td>-25&#8230;65<\/td>\n<\/tr>\n<tr>\n<td>Temperatura de armazenamento [\u00b0C]<\/td>\n<td>-25&#8230;85<\/td>\n<\/tr>\n<tr>\n<td>Umidade relativa do ar m\u00e1x. [%]<\/td>\n<td>90<\/td>\n<\/tr>\n<tr>\n<td>Prote\u00e7\u00e3o<\/td>\n<td>IP 20<\/td>\n<\/tr>\n<tr>\n<th class=\"pd-table-h1\" colspan=\"2\" scope=\"colgroup\">Certifica\u00e7\u00f5es \/ testes<\/th>\n<\/tr>\n<tr>\n<td>EMC<\/td>\n<td>\n<table>\n<colgroup class=\"pd-table-cols-2\">\n<col class=\"pd-table-col-1\" \/>\n<col class=\"pd-table-col-2\" \/><\/colgroup>\n<tbody>\n<tr>\n<td>EN 61000-6-2<\/td>\n<td><\/td>\n<\/tr>\n<tr>\n<td>EN 61000-6-4<\/td>\n<td><\/td>\n<\/tr>\n<\/tbody>\n<\/table>\n<\/td>\n<\/tr>\n<tr>\n<td>MTTF [anos]<\/td>\n<td>78<\/td>\n<\/tr>\n<tr>\n<th class=\"pd-table-h1\" colspan=\"2\" scope=\"colgroup\">Dados mec\u00e2nicos<\/th>\n<\/tr>\n<tr>\n<td>Peso [g]<\/td>\n<td>329,5<\/td>\n<\/tr>\n<tr>\n<td>Materiais<\/td>\n<td>inv\u00f3lucro: PA<\/td>\n<\/tr>\n<tr>\n<th class=\"pd-table-h1\" colspan=\"2\" scope=\"colgroup\">Acess\u00f3rios<\/th>\n<\/tr>\n<tr>\n<td>Material inclu\u00eddo<\/td>\n<td>\n<table>\n<colgroup class=\"pd-table-cols-1\">\n<col class=\"pd-table-col-1\" \/><\/colgroup>\n<tbody>\n<tr>\n<td>conector Combicon: 9<\/td>\n<\/tr>\n<\/tbody>\n<\/table>\n<\/td>\n<\/tr>\n<tr>\n<th class=\"pd-table-h1\" colspan=\"2\" scope=\"colgroup\">Notas<\/th>\n<\/tr>\n<tr>\n<td>Notas<\/td>\n<td>\n<table>\n<colgroup class=\"pd-table-cols-1\">\n<col class=\"pd-table-col-1\" \/><\/colgroup>\n<tbody>\n<tr>\n<td>Para obter mais informa\u00e7\u00f5es, favor consulte o manual de opera\u00e7\u00e3o.<\/td>\n<\/tr>\n<\/tbody>\n<\/table>\n<\/td>\n<\/tr>\n<tr>\n<td>Quantidade<\/td>\n<td>1 pe\u00e7a<\/td>\n<\/tr>\n<tr>\n<th class=\"pd-table-h1\" colspan=\"2\" scope=\"colgroup\">conex\u00e3o el\u00e9trica &#8211; Ethernet<\/th>\n<\/tr>\n<tr>\n<td>EtherNet IP X21, X22<\/td>\n<td>Conex\u00e3o: RJ45<\/td>\n<\/tr>\n<\/tbody>\n<\/table>\n","protected":false},"excerpt":{"rendered":"<p>Campo de aplica\u00e7\u00e3o Aplica\u00e7\u00e3o m\u00f3dulos E\/S para o uso em quadro de disjuntor Dados el\u00e9tricos Tens\u00e3o de opera\u00e7\u00e3o [V] 20&#8230;30 DC; (US; para SELV\/PELV) Consumo de corrente [mA] 300&#8230;3900; (US) Classe de prote\u00e7\u00e3o III Alimenta\u00e7\u00e3o do sensor US Capacidade de carga total [A] 3,6 Entradas\/sa\u00eddas Quantidade total de entradas e sa\u00eddas 16; (configur\u00e1veis) Quantidade de [&hellip;]<\/p>\n","protected":false},"featured_media":3267,"template":"","meta":[],"product_brand":[],"product_cat":[353,56],"product_tag":[58,57],"class_list":{"0":"post-3266","1":"product","2":"type-product","3":"status-publish","4":"has-post-thumbnail","6":"product_cat-ifm","7":"product_cat-sensores","8":"product_tag-ifm","9":"product_tag-sensor","11":"first","12":"instock","13":"shipping-taxable","14":"product-type-simple"},"yoast_head":"<!-- This site is optimized with the Yoast SEO plugin v26.3 - https:\/\/yoast.com\/wordpress\/plugins\/seo\/ -->\n<title>AL1940-mestre IO-Link com interface Modbus TCP-IFM - Loja Motion Up<\/title>\n<meta name=\"robots\" content=\"index, follow, max-snippet:-1, max-image-preview:large, max-video-preview:-1\" \/>\n<link rel=\"canonical\" href=\"https:\/\/motionup.com.br\/site\/produto\/al1940-mestre-io-link-com-interface-modbus-tcp-ifm\/\" \/>\n<meta property=\"og:locale\" content=\"pt_BR\" \/>\n<meta property=\"og:type\" content=\"article\" \/>\n<meta property=\"og:title\" content=\"AL1940-mestre IO-Link com interface Modbus TCP-IFM - Loja Motion Up\" \/>\n<meta property=\"og:description\" content=\"Campo de aplica\u00e7\u00e3o Aplica\u00e7\u00e3o m\u00f3dulos E\/S para o uso em quadro de disjuntor Dados el\u00e9tricos Tens\u00e3o de opera\u00e7\u00e3o [V] 20&#8230;30 DC; (US; para SELV\/PELV) Consumo de corrente [mA] 300&#8230;3900; (US) Classe de prote\u00e7\u00e3o III Alimenta\u00e7\u00e3o do sensor US Capacidade de carga total [A] 3,6 Entradas\/sa\u00eddas Quantidade total de entradas e sa\u00eddas 16; (configur\u00e1veis) Quantidade de [&hellip;]\" \/>\n<meta property=\"og:url\" content=\"https:\/\/motionup.com.br\/site\/produto\/al1940-mestre-io-link-com-interface-modbus-tcp-ifm\/\" \/>\n<meta property=\"og:site_name\" content=\"Loja Motion Up\" \/>\n<meta property=\"article:publisher\" content=\"https:\/\/m.facebook.com\/fp3motionup\/about\/\" \/>\n<meta property=\"article:modified_time\" content=\"2021-05-03T16:45:21+00:00\" \/>\n<meta property=\"og:image\" content=\"https:\/\/motionup.com.br\/site\/wp-content\/uploads\/2021\/05\/P_F_E_W_ASI_0349_AL1940_02.jpg\" \/>\n\t<meta property=\"og:image:width\" content=\"800\" \/>\n\t<meta property=\"og:image:height\" content=\"800\" \/>\n\t<meta property=\"og:image:type\" content=\"image\/jpeg\" \/>\n<meta name=\"twitter:card\" content=\"summary_large_image\" \/>\n<meta name=\"twitter:label1\" content=\"Est. tempo de leitura\" \/>\n\t<meta name=\"twitter:data1\" content=\"2 minutos\" \/>\n<script type=\"application\/ld+json\" class=\"yoast-schema-graph\">{\"@context\":\"https:\/\/schema.org\",\"@graph\":[{\"@type\":\"WebPage\",\"@id\":\"https:\/\/motionup.com.br\/site\/produto\/al1940-mestre-io-link-com-interface-modbus-tcp-ifm\/\",\"url\":\"https:\/\/motionup.com.br\/site\/produto\/al1940-mestre-io-link-com-interface-modbus-tcp-ifm\/\",\"name\":\"AL1940-mestre IO-Link com interface Modbus TCP-IFM - Loja Motion Up\",\"isPartOf\":{\"@id\":\"https:\/\/motionup.com.br\/site\/#website\"},\"primaryImageOfPage\":{\"@id\":\"https:\/\/motionup.com.br\/site\/produto\/al1940-mestre-io-link-com-interface-modbus-tcp-ifm\/#primaryimage\"},\"image\":{\"@id\":\"https:\/\/motionup.com.br\/site\/produto\/al1940-mestre-io-link-com-interface-modbus-tcp-ifm\/#primaryimage\"},\"thumbnailUrl\":\"https:\/\/motionup.com.br\/site\/wp-content\/uploads\/2021\/05\/P_F_E_W_ASI_0349_AL1940_02.jpg\",\"datePublished\":\"2021-05-03T16:43:28+00:00\",\"dateModified\":\"2021-05-03T16:45:21+00:00\",\"breadcrumb\":{\"@id\":\"https:\/\/motionup.com.br\/site\/produto\/al1940-mestre-io-link-com-interface-modbus-tcp-ifm\/#breadcrumb\"},\"inLanguage\":\"pt-BR\",\"potentialAction\":[{\"@type\":\"ReadAction\",\"target\":[\"https:\/\/motionup.com.br\/site\/produto\/al1940-mestre-io-link-com-interface-modbus-tcp-ifm\/\"]}]},{\"@type\":\"ImageObject\",\"inLanguage\":\"pt-BR\",\"@id\":\"https:\/\/motionup.com.br\/site\/produto\/al1940-mestre-io-link-com-interface-modbus-tcp-ifm\/#primaryimage\",\"url\":\"https:\/\/motionup.com.br\/site\/wp-content\/uploads\/2021\/05\/P_F_E_W_ASI_0349_AL1940_02.jpg\",\"contentUrl\":\"https:\/\/motionup.com.br\/site\/wp-content\/uploads\/2021\/05\/P_F_E_W_ASI_0349_AL1940_02.jpg\",\"width\":800,\"height\":800},{\"@type\":\"BreadcrumbList\",\"@id\":\"https:\/\/motionup.com.br\/site\/produto\/al1940-mestre-io-link-com-interface-modbus-tcp-ifm\/#breadcrumb\",\"itemListElement\":[{\"@type\":\"ListItem\",\"position\":1,\"name\":\"In\u00edcio\",\"item\":\"https:\/\/motionup.com.br\/site\/\"},{\"@type\":\"ListItem\",\"position\":2,\"name\":\"Produtos\",\"item\":\"https:\/\/motionup.com.br\/site\/produtos\/\"},{\"@type\":\"ListItem\",\"position\":3,\"name\":\"AL1940-mestre IO-Link com interface Modbus TCP-IFM\"}]},{\"@type\":\"WebSite\",\"@id\":\"https:\/\/motionup.com.br\/site\/#website\",\"url\":\"https:\/\/motionup.com.br\/site\/\",\"name\":\"Motion Up\",\"description\":\"E-commerce Motion Up - Automa\u00e7\u00e3o Industrial\",\"publisher\":{\"@id\":\"https:\/\/motionup.com.br\/site\/#organization\"},\"potentialAction\":[{\"@type\":\"SearchAction\",\"target\":{\"@type\":\"EntryPoint\",\"urlTemplate\":\"https:\/\/motionup.com.br\/site\/?s={search_term_string}\"},\"query-input\":{\"@type\":\"PropertyValueSpecification\",\"valueRequired\":true,\"valueName\":\"search_term_string\"}}],\"inLanguage\":\"pt-BR\"},{\"@type\":\"Organization\",\"@id\":\"https:\/\/motionup.com.br\/site\/#organization\",\"name\":\"Motion Up\",\"url\":\"https:\/\/motionup.com.br\/site\/\",\"logo\":{\"@type\":\"ImageObject\",\"inLanguage\":\"pt-BR\",\"@id\":\"https:\/\/motionup.com.br\/site\/#\/schema\/logo\/image\/\",\"url\":\"https:\/\/motionup.com.br\/site\/wp-content\/uploads\/2025\/05\/MOTIONUP.png\",\"contentUrl\":\"https:\/\/motionup.com.br\/site\/wp-content\/uploads\/2025\/05\/MOTIONUP.png\",\"width\":1200,\"height\":601,\"caption\":\"Motion Up\"},\"image\":{\"@id\":\"https:\/\/motionup.com.br\/site\/#\/schema\/logo\/image\/\"},\"sameAs\":[\"https:\/\/m.facebook.com\/fp3motionup\/about\/\",\"https:\/\/br.linkedin.com\/company\/fpn-controle-e-automao-industrial-ltda\"]}]}<\/script>\n<!-- \/ Yoast SEO plugin. -->","yoast_head_json":{"title":"AL1940-mestre IO-Link com interface Modbus TCP-IFM - Loja Motion Up","robots":{"index":"index","follow":"follow","max-snippet":"max-snippet:-1","max-image-preview":"max-image-preview:large","max-video-preview":"max-video-preview:-1"},"canonical":"https:\/\/motionup.com.br\/site\/produto\/al1940-mestre-io-link-com-interface-modbus-tcp-ifm\/","og_locale":"pt_BR","og_type":"article","og_title":"AL1940-mestre IO-Link com interface Modbus TCP-IFM - Loja Motion Up","og_description":"Campo de aplica\u00e7\u00e3o Aplica\u00e7\u00e3o m\u00f3dulos E\/S para o uso em quadro de disjuntor Dados el\u00e9tricos Tens\u00e3o de opera\u00e7\u00e3o [V] 20&#8230;30 DC; (US; para SELV\/PELV) Consumo de corrente [mA] 300&#8230;3900; (US) Classe de prote\u00e7\u00e3o III Alimenta\u00e7\u00e3o do sensor US Capacidade de carga total [A] 3,6 Entradas\/sa\u00eddas Quantidade total de entradas e sa\u00eddas 16; (configur\u00e1veis) Quantidade de [&hellip;]","og_url":"https:\/\/motionup.com.br\/site\/produto\/al1940-mestre-io-link-com-interface-modbus-tcp-ifm\/","og_site_name":"Loja Motion Up","article_publisher":"https:\/\/m.facebook.com\/fp3motionup\/about\/","article_modified_time":"2021-05-03T16:45:21+00:00","og_image":[{"width":800,"height":800,"url":"https:\/\/motionup.com.br\/site\/wp-content\/uploads\/2021\/05\/P_F_E_W_ASI_0349_AL1940_02.jpg","type":"image\/jpeg"}],"twitter_card":"summary_large_image","twitter_misc":{"Est. tempo de leitura":"2 minutos"},"schema":{"@context":"https:\/\/schema.org","@graph":[{"@type":"WebPage","@id":"https:\/\/motionup.com.br\/site\/produto\/al1940-mestre-io-link-com-interface-modbus-tcp-ifm\/","url":"https:\/\/motionup.com.br\/site\/produto\/al1940-mestre-io-link-com-interface-modbus-tcp-ifm\/","name":"AL1940-mestre IO-Link com interface Modbus TCP-IFM - Loja Motion Up","isPartOf":{"@id":"https:\/\/motionup.com.br\/site\/#website"},"primaryImageOfPage":{"@id":"https:\/\/motionup.com.br\/site\/produto\/al1940-mestre-io-link-com-interface-modbus-tcp-ifm\/#primaryimage"},"image":{"@id":"https:\/\/motionup.com.br\/site\/produto\/al1940-mestre-io-link-com-interface-modbus-tcp-ifm\/#primaryimage"},"thumbnailUrl":"https:\/\/motionup.com.br\/site\/wp-content\/uploads\/2021\/05\/P_F_E_W_ASI_0349_AL1940_02.jpg","datePublished":"2021-05-03T16:43:28+00:00","dateModified":"2021-05-03T16:45:21+00:00","breadcrumb":{"@id":"https:\/\/motionup.com.br\/site\/produto\/al1940-mestre-io-link-com-interface-modbus-tcp-ifm\/#breadcrumb"},"inLanguage":"pt-BR","potentialAction":[{"@type":"ReadAction","target":["https:\/\/motionup.com.br\/site\/produto\/al1940-mestre-io-link-com-interface-modbus-tcp-ifm\/"]}]},{"@type":"ImageObject","inLanguage":"pt-BR","@id":"https:\/\/motionup.com.br\/site\/produto\/al1940-mestre-io-link-com-interface-modbus-tcp-ifm\/#primaryimage","url":"https:\/\/motionup.com.br\/site\/wp-content\/uploads\/2021\/05\/P_F_E_W_ASI_0349_AL1940_02.jpg","contentUrl":"https:\/\/motionup.com.br\/site\/wp-content\/uploads\/2021\/05\/P_F_E_W_ASI_0349_AL1940_02.jpg","width":800,"height":800},{"@type":"BreadcrumbList","@id":"https:\/\/motionup.com.br\/site\/produto\/al1940-mestre-io-link-com-interface-modbus-tcp-ifm\/#breadcrumb","itemListElement":[{"@type":"ListItem","position":1,"name":"In\u00edcio","item":"https:\/\/motionup.com.br\/site\/"},{"@type":"ListItem","position":2,"name":"Produtos","item":"https:\/\/motionup.com.br\/site\/produtos\/"},{"@type":"ListItem","position":3,"name":"AL1940-mestre IO-Link com interface Modbus TCP-IFM"}]},{"@type":"WebSite","@id":"https:\/\/motionup.com.br\/site\/#website","url":"https:\/\/motionup.com.br\/site\/","name":"Motion Up","description":"E-commerce Motion Up - Automa\u00e7\u00e3o Industrial","publisher":{"@id":"https:\/\/motionup.com.br\/site\/#organization"},"potentialAction":[{"@type":"SearchAction","target":{"@type":"EntryPoint","urlTemplate":"https:\/\/motionup.com.br\/site\/?s={search_term_string}"},"query-input":{"@type":"PropertyValueSpecification","valueRequired":true,"valueName":"search_term_string"}}],"inLanguage":"pt-BR"},{"@type":"Organization","@id":"https:\/\/motionup.com.br\/site\/#organization","name":"Motion Up","url":"https:\/\/motionup.com.br\/site\/","logo":{"@type":"ImageObject","inLanguage":"pt-BR","@id":"https:\/\/motionup.com.br\/site\/#\/schema\/logo\/image\/","url":"https:\/\/motionup.com.br\/site\/wp-content\/uploads\/2025\/05\/MOTIONUP.png","contentUrl":"https:\/\/motionup.com.br\/site\/wp-content\/uploads\/2025\/05\/MOTIONUP.png","width":1200,"height":601,"caption":"Motion Up"},"image":{"@id":"https:\/\/motionup.com.br\/site\/#\/schema\/logo\/image\/"},"sameAs":["https:\/\/m.facebook.com\/fp3motionup\/about\/","https:\/\/br.linkedin.com\/company\/fpn-controle-e-automao-industrial-ltda"]}]}},"_links":{"self":[{"href":"https:\/\/motionup.com.br\/site\/wp-json\/wp\/v2\/product\/3266","targetHints":{"allow":["GET"]}}],"collection":[{"href":"https:\/\/motionup.com.br\/site\/wp-json\/wp\/v2\/product"}],"about":[{"href":"https:\/\/motionup.com.br\/site\/wp-json\/wp\/v2\/types\/product"}],"wp:featuredmedia":[{"embeddable":true,"href":"https:\/\/motionup.com.br\/site\/wp-json\/wp\/v2\/media\/3267"}],"wp:attachment":[{"href":"https:\/\/motionup.com.br\/site\/wp-json\/wp\/v2\/media?parent=3266"}],"wp:term":[{"taxonomy":"product_brand","embeddable":true,"href":"https:\/\/motionup.com.br\/site\/wp-json\/wp\/v2\/product_brand?post=3266"},{"taxonomy":"product_cat","embeddable":true,"href":"https:\/\/motionup.com.br\/site\/wp-json\/wp\/v2\/product_cat?post=3266"},{"taxonomy":"product_tag","embeddable":true,"href":"https:\/\/motionup.com.br\/site\/wp-json\/wp\/v2\/product_tag?post=3266"}],"curies":[{"name":"wp","href":"https:\/\/api.w.org\/{rel}","templated":true}]}}