{"id":3269,"date":"2021-05-03T13:48:22","date_gmt":"2021-05-03T16:48:22","guid":{"rendered":"https:\/\/motionup.com.br\/site\/?post_type=product&#038;p=3269"},"modified":"2021-05-03T13:50:13","modified_gmt":"2021-05-03T16:50:13","slug":"dn1020-fonte-de-alimentacao-do-modo-comutado-24-v-dc-ifm","status":"publish","type":"product","link":"https:\/\/motionup.com.br\/site\/produto\/dn1020-fonte-de-alimentacao-do-modo-comutado-24-v-dc-ifm\/","title":{"rendered":"DN1020-fonte de alimenta\u00e7\u00e3o do modo comutado 24 V DC-IFM"},"content":{"rendered":"<table class=\"pd-table\">\n<tbody>\n<tr>\n<th class=\"pd-table-h1\" colspan=\"2\" scope=\"colgroup\">Dados el\u00e9tricos<\/th>\n<\/tr>\n<tr>\n<td>Tens\u00e3o nominal AC [V]<\/td>\n<td>&lt; 230<\/td>\n<\/tr>\n<tr>\n<td>Frequ\u00eancia nominal AC [Hz]<\/td>\n<td>50&#8230;60<\/td>\n<\/tr>\n<tr>\n<td>Range de tens\u00e3o da entrada AC [V]<\/td>\n<td>100&#8230;240<\/td>\n<\/tr>\n<tr>\n<td>Tens\u00e3o de sa\u00edda DC [V]<\/td>\n<td>24&#8230;28<\/td>\n<\/tr>\n<tr>\n<td>Classe de prote\u00e7\u00e3o<\/td>\n<td>I; (IEC 61140)<\/td>\n<\/tr>\n<tr>\n<td>Prote\u00e7\u00e3o contra sobretens\u00e3o<\/td>\n<td>sim; (&lt; 40)<\/td>\n<\/tr>\n<tr>\n<td>Tens\u00e3o de sa\u00edda [V]<\/td>\n<td>ajust\u00e1vel<\/td>\n<\/tr>\n<tr>\n<td>Toler\u00e2ncia da tens\u00e3o de sa\u00edda [%]<\/td>\n<td>2<\/td>\n<\/tr>\n<tr>\n<td>Corrente m\u00e1x. de sa\u00edda na tens\u00e3o m\u00edn. de sa\u00edda [A]<\/td>\n<td>1,3<\/td>\n<\/tr>\n<tr>\n<td>Quantidade de circuitos de sa\u00edda<\/td>\n<td>1<\/td>\n<\/tr>\n<tr>\n<td>Ondula\u00e7\u00e3o residual m\u00e1x. [mV]<\/td>\n<td>50<\/td>\n<\/tr>\n<tr>\n<td>Efici\u00eancia (tens\u00e3o nominal de 230 V AC \/ 50 Hz) [%]<\/td>\n<td>87,5<\/td>\n<\/tr>\n<tr>\n<td>Deriva\u00e7\u00e3o [W\/K]<\/td>\n<td>1 (60&#8230;70 \u00b0C)<\/td>\n<\/tr>\n<tr>\n<td>Tempo de liga\u00e7\u00e3o em ponte em caso de falha de rede (tens\u00e3o nominal de 230 V AC \/ 50 Hz) [ms]<\/td>\n<td>190<\/td>\n<\/tr>\n<tr>\n<th class=\"pd-table-h1\" colspan=\"2\" scope=\"colgroup\">Sa\u00eddas<\/th>\n<\/tr>\n<tr>\n<td>Prote\u00e7\u00e3o contra curto-circuitos<\/td>\n<td>sim<\/td>\n<\/tr>\n<tr>\n<td>Prote\u00e7\u00e3o contra sobrecarga<\/td>\n<td>sim<\/td>\n<\/tr>\n<tr>\n<th class=\"pd-table-h1\" colspan=\"2\" scope=\"colgroup\">Condi\u00e7\u00f5es ambientais<\/th>\n<\/tr>\n<tr>\n<td>Temperatura ambiente [\u00b0C]<\/td>\n<td>-10&#8230;70<\/td>\n<\/tr>\n<tr>\n<td>Prote\u00e7\u00e3o<\/td>\n<td>IP 20<\/td>\n<\/tr>\n<tr>\n<th class=\"pd-table-h1\" colspan=\"2\" scope=\"colgroup\">Certifica\u00e7\u00f5es \/ testes<\/th>\n<\/tr>\n<tr>\n<td>EMC<\/td>\n<td>\n<table>\n<colgroup class=\"pd-table-cols-2\">\n<col class=\"pd-table-col-1\" \/>\n<col class=\"pd-table-col-2\" \/><\/colgroup>\n<tbody>\n<tr>\n<td>EN 61000-6-2<\/td>\n<td><\/td>\n<\/tr>\n<tr>\n<td>EN 61000-6-3<\/td>\n<td><\/td>\n<\/tr>\n<\/tbody>\n<\/table>\n<\/td>\n<\/tr>\n<tr>\n<td>MTTF [anos]<\/td>\n<td>411<\/td>\n<\/tr>\n<tr>\n<th class=\"pd-table-h1\" colspan=\"2\" scope=\"colgroup\">Dados mec\u00e2nicos<\/th>\n<\/tr>\n<tr>\n<td>Peso [g]<\/td>\n<td>310,5<\/td>\n<\/tr>\n<tr>\n<td>Tipo de montagem<\/td>\n<td>trilho; (TH35 (EN 60715))<\/td>\n<\/tr>\n<tr>\n<td>Dimens\u00f5es [mm]<\/td>\n<td>83 x 45 x 96<\/td>\n<\/tr>\n<tr>\n<td>Materiais<\/td>\n<td>PC<\/td>\n<\/tr>\n<tr>\n<th class=\"pd-table-h1\" colspan=\"2\" scope=\"colgroup\">Displays \/ elementos de opera\u00e7\u00e3o<\/th>\n<\/tr>\n<tr>\n<td>Display<\/td>\n<td>\n<table>\n<colgroup class=\"pd-table-cols-2\">\n<col class=\"pd-table-col-1\" \/>\n<col class=\"pd-table-col-2\" \/><\/colgroup>\n<tbody>\n<tr>\n<td>Fun\u00e7\u00e3o<\/td>\n<td>LED, verde<\/td>\n<\/tr>\n<\/tbody>\n<\/table>\n<\/td>\n<\/tr>\n<tr>\n<th class=\"pd-table-h1\" colspan=\"2\" scope=\"colgroup\">Notas<\/th>\n<\/tr>\n<tr>\n<td>Quantidade<\/td>\n<td>1 pe\u00e7a<\/td>\n<\/tr>\n<tr>\n<th class=\"pd-table-h1\" colspan=\"2\" scope=\"colgroup\">conex\u00e3o el\u00e9trica<\/th>\n<\/tr>\n<tr>\n<td>Conex\u00e3o<\/td>\n<td>terminais da for\u00e7a da mola: &#8230;2,5 mm\u00b2<\/td>\n<\/tr>\n<\/tbody>\n<\/table>\n","protected":false},"excerpt":{"rendered":"<p>Dados el\u00e9tricos Tens\u00e3o nominal AC [V] &lt; 230 Frequ\u00eancia nominal AC [Hz] 50&#8230;60 Range de tens\u00e3o da entrada AC [V] 100&#8230;240 Tens\u00e3o de sa\u00edda DC [V] 24&#8230;28 Classe de prote\u00e7\u00e3o I; (IEC 61140) Prote\u00e7\u00e3o contra sobretens\u00e3o sim; (&lt; 40) Tens\u00e3o de sa\u00edda [V] ajust\u00e1vel Toler\u00e2ncia da tens\u00e3o de sa\u00edda [%] 2 Corrente m\u00e1x. de sa\u00edda [&hellip;]<\/p>\n","protected":false},"featured_media":3270,"template":"","meta":[],"product_brand":[],"product_cat":[353,56],"product_tag":[307,58,57],"class_list":{"0":"post-3269","1":"product","2":"type-product","3":"status-publish","4":"has-post-thumbnail","6":"product_cat-ifm","7":"product_cat-sensores","8":"product_tag-fonte","9":"product_tag-ifm","10":"product_tag-sensor","12":"first","13":"instock","14":"shipping-taxable","15":"product-type-simple"},"yoast_head":"<!-- This site is optimized with the Yoast SEO plugin v27.5 - https:\/\/yoast.com\/product\/yoast-seo-wordpress\/ -->\n<title>DN1020-fonte de alimenta\u00e7\u00e3o do modo comutado 24 V DC-IFM - Loja Motion Up<\/title>\n<meta name=\"robots\" content=\"index, follow, max-snippet:-1, max-image-preview:large, max-video-preview:-1\" \/>\n<link rel=\"canonical\" href=\"https:\/\/motionup.com.br\/site\/produto\/dn1020-fonte-de-alimentacao-do-modo-comutado-24-v-dc-ifm\/\" \/>\n<meta property=\"og:locale\" content=\"pt_BR\" \/>\n<meta property=\"og:type\" content=\"article\" \/>\n<meta property=\"og:title\" content=\"DN1020-fonte de alimenta\u00e7\u00e3o do modo comutado 24 V DC-IFM - Loja Motion Up\" \/>\n<meta property=\"og:description\" content=\"Dados el\u00e9tricos Tens\u00e3o nominal AC [V] &lt; 230 Frequ\u00eancia nominal AC [Hz] 50&#8230;60 Range de tens\u00e3o da entrada AC [V] 100&#8230;240 Tens\u00e3o de sa\u00edda DC [V] 24&#8230;28 Classe de prote\u00e7\u00e3o I; (IEC 61140) Prote\u00e7\u00e3o contra sobretens\u00e3o sim; (&lt; 40) Tens\u00e3o de sa\u00edda [V] ajust\u00e1vel Toler\u00e2ncia da tens\u00e3o de sa\u00edda [%] 2 Corrente m\u00e1x. de sa\u00edda [&hellip;]\" \/>\n<meta property=\"og:url\" content=\"https:\/\/motionup.com.br\/site\/produto\/dn1020-fonte-de-alimentacao-do-modo-comutado-24-v-dc-ifm\/\" \/>\n<meta property=\"og:site_name\" content=\"Loja Motion Up\" \/>\n<meta property=\"article:publisher\" content=\"https:\/\/m.facebook.com\/fp3motionup\/about\/\" \/>\n<meta property=\"article:modified_time\" content=\"2021-05-03T16:50:13+00:00\" \/>\n<meta property=\"og:image\" content=\"https:\/\/motionup.com.br\/site\/wp-content\/uploads\/2021\/05\/P_F_E_W_E200_0125_DN1020_02.jpg\" \/>\n\t<meta property=\"og:image:width\" content=\"800\" \/>\n\t<meta property=\"og:image:height\" content=\"800\" \/>\n\t<meta property=\"og:image:type\" content=\"image\/jpeg\" \/>\n<meta name=\"twitter:card\" content=\"summary_large_image\" \/>\n<meta name=\"twitter:label1\" content=\"Est. tempo de leitura\" \/>\n\t<meta name=\"twitter:data1\" content=\"1 minuto\" \/>\n<script type=\"application\/ld+json\" class=\"yoast-schema-graph\">{\"@context\":\"https:\\\/\\\/schema.org\",\"@graph\":[{\"@type\":\"WebPage\",\"@id\":\"https:\\\/\\\/motionup.com.br\\\/site\\\/produto\\\/dn1020-fonte-de-alimentacao-do-modo-comutado-24-v-dc-ifm\\\/\",\"url\":\"https:\\\/\\\/motionup.com.br\\\/site\\\/produto\\\/dn1020-fonte-de-alimentacao-do-modo-comutado-24-v-dc-ifm\\\/\",\"name\":\"DN1020-fonte de alimenta\u00e7\u00e3o do modo comutado 24 V DC-IFM - Loja Motion Up\",\"isPartOf\":{\"@id\":\"https:\\\/\\\/motionup.com.br\\\/site\\\/#website\"},\"primaryImageOfPage\":{\"@id\":\"https:\\\/\\\/motionup.com.br\\\/site\\\/produto\\\/dn1020-fonte-de-alimentacao-do-modo-comutado-24-v-dc-ifm\\\/#primaryimage\"},\"image\":{\"@id\":\"https:\\\/\\\/motionup.com.br\\\/site\\\/produto\\\/dn1020-fonte-de-alimentacao-do-modo-comutado-24-v-dc-ifm\\\/#primaryimage\"},\"thumbnailUrl\":\"https:\\\/\\\/motionup.com.br\\\/site\\\/wp-content\\\/uploads\\\/2021\\\/05\\\/P_F_E_W_E200_0125_DN1020_02.jpg\",\"datePublished\":\"2021-05-03T16:48:22+00:00\",\"dateModified\":\"2021-05-03T16:50:13+00:00\",\"breadcrumb\":{\"@id\":\"https:\\\/\\\/motionup.com.br\\\/site\\\/produto\\\/dn1020-fonte-de-alimentacao-do-modo-comutado-24-v-dc-ifm\\\/#breadcrumb\"},\"inLanguage\":\"pt-BR\",\"potentialAction\":[{\"@type\":\"ReadAction\",\"target\":[\"https:\\\/\\\/motionup.com.br\\\/site\\\/produto\\\/dn1020-fonte-de-alimentacao-do-modo-comutado-24-v-dc-ifm\\\/\"]}]},{\"@type\":\"ImageObject\",\"inLanguage\":\"pt-BR\",\"@id\":\"https:\\\/\\\/motionup.com.br\\\/site\\\/produto\\\/dn1020-fonte-de-alimentacao-do-modo-comutado-24-v-dc-ifm\\\/#primaryimage\",\"url\":\"https:\\\/\\\/motionup.com.br\\\/site\\\/wp-content\\\/uploads\\\/2021\\\/05\\\/P_F_E_W_E200_0125_DN1020_02.jpg\",\"contentUrl\":\"https:\\\/\\\/motionup.com.br\\\/site\\\/wp-content\\\/uploads\\\/2021\\\/05\\\/P_F_E_W_E200_0125_DN1020_02.jpg\",\"width\":800,\"height\":800},{\"@type\":\"BreadcrumbList\",\"@id\":\"https:\\\/\\\/motionup.com.br\\\/site\\\/produto\\\/dn1020-fonte-de-alimentacao-do-modo-comutado-24-v-dc-ifm\\\/#breadcrumb\",\"itemListElement\":[{\"@type\":\"ListItem\",\"position\":1,\"name\":\"In\u00edcio\",\"item\":\"https:\\\/\\\/motionup.com.br\\\/site\\\/\"},{\"@type\":\"ListItem\",\"position\":2,\"name\":\"Produtos\",\"item\":\"https:\\\/\\\/motionup.com.br\\\/site\\\/produtos\\\/\"},{\"@type\":\"ListItem\",\"position\":3,\"name\":\"DN1020-fonte de alimenta\u00e7\u00e3o do modo comutado 24 V DC-IFM\"}]},{\"@type\":\"WebSite\",\"@id\":\"https:\\\/\\\/motionup.com.br\\\/site\\\/#website\",\"url\":\"https:\\\/\\\/motionup.com.br\\\/site\\\/\",\"name\":\"Motion Up\",\"description\":\"E-commerce Motion Up - Automa\u00e7\u00e3o Industrial\",\"publisher\":{\"@id\":\"https:\\\/\\\/motionup.com.br\\\/site\\\/#organization\"},\"potentialAction\":[{\"@type\":\"SearchAction\",\"target\":{\"@type\":\"EntryPoint\",\"urlTemplate\":\"https:\\\/\\\/motionup.com.br\\\/site\\\/?s={search_term_string}\"},\"query-input\":{\"@type\":\"PropertyValueSpecification\",\"valueRequired\":true,\"valueName\":\"search_term_string\"}}],\"inLanguage\":\"pt-BR\"},{\"@type\":\"Organization\",\"@id\":\"https:\\\/\\\/motionup.com.br\\\/site\\\/#organization\",\"name\":\"Motion Up\",\"url\":\"https:\\\/\\\/motionup.com.br\\\/site\\\/\",\"logo\":{\"@type\":\"ImageObject\",\"inLanguage\":\"pt-BR\",\"@id\":\"https:\\\/\\\/motionup.com.br\\\/site\\\/#\\\/schema\\\/logo\\\/image\\\/\",\"url\":\"https:\\\/\\\/motionup.com.br\\\/site\\\/wp-content\\\/uploads\\\/2025\\\/05\\\/MOTIONUP.png\",\"contentUrl\":\"https:\\\/\\\/motionup.com.br\\\/site\\\/wp-content\\\/uploads\\\/2025\\\/05\\\/MOTIONUP.png\",\"width\":1200,\"height\":601,\"caption\":\"Motion Up\"},\"image\":{\"@id\":\"https:\\\/\\\/motionup.com.br\\\/site\\\/#\\\/schema\\\/logo\\\/image\\\/\"},\"sameAs\":[\"https:\\\/\\\/m.facebook.com\\\/fp3motionup\\\/about\\\/\",\"https:\\\/\\\/br.linkedin.com\\\/company\\\/fpn-controle-e-automao-industrial-ltda\"]}]}<\/script>\n<!-- \/ Yoast SEO plugin. -->","yoast_head_json":{"title":"DN1020-fonte de alimenta\u00e7\u00e3o do modo comutado 24 V DC-IFM - Loja Motion Up","robots":{"index":"index","follow":"follow","max-snippet":"max-snippet:-1","max-image-preview":"max-image-preview:large","max-video-preview":"max-video-preview:-1"},"canonical":"https:\/\/motionup.com.br\/site\/produto\/dn1020-fonte-de-alimentacao-do-modo-comutado-24-v-dc-ifm\/","og_locale":"pt_BR","og_type":"article","og_title":"DN1020-fonte de alimenta\u00e7\u00e3o do modo comutado 24 V DC-IFM - Loja Motion Up","og_description":"Dados el\u00e9tricos Tens\u00e3o nominal AC [V] &lt; 230 Frequ\u00eancia nominal AC [Hz] 50&#8230;60 Range de tens\u00e3o da entrada AC [V] 100&#8230;240 Tens\u00e3o de sa\u00edda DC [V] 24&#8230;28 Classe de prote\u00e7\u00e3o I; (IEC 61140) Prote\u00e7\u00e3o contra sobretens\u00e3o sim; (&lt; 40) Tens\u00e3o de sa\u00edda [V] ajust\u00e1vel Toler\u00e2ncia da tens\u00e3o de sa\u00edda [%] 2 Corrente m\u00e1x. de sa\u00edda [&hellip;]","og_url":"https:\/\/motionup.com.br\/site\/produto\/dn1020-fonte-de-alimentacao-do-modo-comutado-24-v-dc-ifm\/","og_site_name":"Loja Motion Up","article_publisher":"https:\/\/m.facebook.com\/fp3motionup\/about\/","article_modified_time":"2021-05-03T16:50:13+00:00","og_image":[{"width":800,"height":800,"url":"https:\/\/motionup.com.br\/site\/wp-content\/uploads\/2021\/05\/P_F_E_W_E200_0125_DN1020_02.jpg","type":"image\/jpeg"}],"twitter_card":"summary_large_image","twitter_misc":{"Est. tempo de leitura":"1 minuto"},"schema":{"@context":"https:\/\/schema.org","@graph":[{"@type":"WebPage","@id":"https:\/\/motionup.com.br\/site\/produto\/dn1020-fonte-de-alimentacao-do-modo-comutado-24-v-dc-ifm\/","url":"https:\/\/motionup.com.br\/site\/produto\/dn1020-fonte-de-alimentacao-do-modo-comutado-24-v-dc-ifm\/","name":"DN1020-fonte de alimenta\u00e7\u00e3o do modo comutado 24 V DC-IFM - Loja Motion Up","isPartOf":{"@id":"https:\/\/motionup.com.br\/site\/#website"},"primaryImageOfPage":{"@id":"https:\/\/motionup.com.br\/site\/produto\/dn1020-fonte-de-alimentacao-do-modo-comutado-24-v-dc-ifm\/#primaryimage"},"image":{"@id":"https:\/\/motionup.com.br\/site\/produto\/dn1020-fonte-de-alimentacao-do-modo-comutado-24-v-dc-ifm\/#primaryimage"},"thumbnailUrl":"https:\/\/motionup.com.br\/site\/wp-content\/uploads\/2021\/05\/P_F_E_W_E200_0125_DN1020_02.jpg","datePublished":"2021-05-03T16:48:22+00:00","dateModified":"2021-05-03T16:50:13+00:00","breadcrumb":{"@id":"https:\/\/motionup.com.br\/site\/produto\/dn1020-fonte-de-alimentacao-do-modo-comutado-24-v-dc-ifm\/#breadcrumb"},"inLanguage":"pt-BR","potentialAction":[{"@type":"ReadAction","target":["https:\/\/motionup.com.br\/site\/produto\/dn1020-fonte-de-alimentacao-do-modo-comutado-24-v-dc-ifm\/"]}]},{"@type":"ImageObject","inLanguage":"pt-BR","@id":"https:\/\/motionup.com.br\/site\/produto\/dn1020-fonte-de-alimentacao-do-modo-comutado-24-v-dc-ifm\/#primaryimage","url":"https:\/\/motionup.com.br\/site\/wp-content\/uploads\/2021\/05\/P_F_E_W_E200_0125_DN1020_02.jpg","contentUrl":"https:\/\/motionup.com.br\/site\/wp-content\/uploads\/2021\/05\/P_F_E_W_E200_0125_DN1020_02.jpg","width":800,"height":800},{"@type":"BreadcrumbList","@id":"https:\/\/motionup.com.br\/site\/produto\/dn1020-fonte-de-alimentacao-do-modo-comutado-24-v-dc-ifm\/#breadcrumb","itemListElement":[{"@type":"ListItem","position":1,"name":"In\u00edcio","item":"https:\/\/motionup.com.br\/site\/"},{"@type":"ListItem","position":2,"name":"Produtos","item":"https:\/\/motionup.com.br\/site\/produtos\/"},{"@type":"ListItem","position":3,"name":"DN1020-fonte de alimenta\u00e7\u00e3o do modo comutado 24 V DC-IFM"}]},{"@type":"WebSite","@id":"https:\/\/motionup.com.br\/site\/#website","url":"https:\/\/motionup.com.br\/site\/","name":"Motion Up","description":"E-commerce Motion Up - Automa\u00e7\u00e3o Industrial","publisher":{"@id":"https:\/\/motionup.com.br\/site\/#organization"},"potentialAction":[{"@type":"SearchAction","target":{"@type":"EntryPoint","urlTemplate":"https:\/\/motionup.com.br\/site\/?s={search_term_string}"},"query-input":{"@type":"PropertyValueSpecification","valueRequired":true,"valueName":"search_term_string"}}],"inLanguage":"pt-BR"},{"@type":"Organization","@id":"https:\/\/motionup.com.br\/site\/#organization","name":"Motion Up","url":"https:\/\/motionup.com.br\/site\/","logo":{"@type":"ImageObject","inLanguage":"pt-BR","@id":"https:\/\/motionup.com.br\/site\/#\/schema\/logo\/image\/","url":"https:\/\/motionup.com.br\/site\/wp-content\/uploads\/2025\/05\/MOTIONUP.png","contentUrl":"https:\/\/motionup.com.br\/site\/wp-content\/uploads\/2025\/05\/MOTIONUP.png","width":1200,"height":601,"caption":"Motion Up"},"image":{"@id":"https:\/\/motionup.com.br\/site\/#\/schema\/logo\/image\/"},"sameAs":["https:\/\/m.facebook.com\/fp3motionup\/about\/","https:\/\/br.linkedin.com\/company\/fpn-controle-e-automao-industrial-ltda"]}]}},"_links":{"self":[{"href":"https:\/\/motionup.com.br\/site\/wp-json\/wp\/v2\/product\/3269","targetHints":{"allow":["GET"]}}],"collection":[{"href":"https:\/\/motionup.com.br\/site\/wp-json\/wp\/v2\/product"}],"about":[{"href":"https:\/\/motionup.com.br\/site\/wp-json\/wp\/v2\/types\/product"}],"wp:featuredmedia":[{"embeddable":true,"href":"https:\/\/motionup.com.br\/site\/wp-json\/wp\/v2\/media\/3270"}],"wp:attachment":[{"href":"https:\/\/motionup.com.br\/site\/wp-json\/wp\/v2\/media?parent=3269"}],"wp:term":[{"taxonomy":"product_brand","embeddable":true,"href":"https:\/\/motionup.com.br\/site\/wp-json\/wp\/v2\/product_brand?post=3269"},{"taxonomy":"product_cat","embeddable":true,"href":"https:\/\/motionup.com.br\/site\/wp-json\/wp\/v2\/product_cat?post=3269"},{"taxonomy":"product_tag","embeddable":true,"href":"https:\/\/motionup.com.br\/site\/wp-json\/wp\/v2\/product_tag?post=3269"}],"curies":[{"name":"wp","href":"https:\/\/api.w.org\/{rel}","templated":true}]}}