{"id":3287,"date":"2021-05-03T14:24:24","date_gmt":"2021-05-03T17:24:24","guid":{"rendered":"https:\/\/motionup.com.br\/site\/?post_type=product&#038;p=3287"},"modified":"2021-10-29T08:15:03","modified_gmt":"2021-10-29T11:15:03","slug":"ec0456-involucro-de-contato-timer-padrao-com-contatos-ifm-copia","status":"publish","type":"product","link":"https:\/\/motionup.com.br\/site\/produto\/ec0456-involucro-de-contato-timer-padrao-com-contatos-ifm-copia\/","title":{"rendered":"EC0456-Inv\u00f3lucro de contato timer padr\u00e3o com contatos-IFM"},"content":{"rendered":"<table class=\"pd-table\">\n<colgroup class=\"pd-table-cols-2\">\n<col class=\"pd-table-col-1\" \/>\n<col class=\"pd-table-col-2\" \/><\/colgroup>\n<tbody>\n<tr>\n<th class=\"pd-table-h1\" colspan=\"2\" scope=\"colgroup\">Campo de aplica\u00e7\u00e3o<\/th>\n<\/tr>\n<tr>\n<td>Modelo<\/td>\n<td>para BasicController, para a ocupa\u00e7\u00e3o completa de um BasicController, CR04xx<\/td>\n<\/tr>\n<tr>\n<th class=\"pd-table-h1\" colspan=\"2\" scope=\"colgroup\">Dados mec\u00e2nicos<\/th>\n<\/tr>\n<tr>\n<td>Peso [g]<\/td>\n<td>77,5<\/td>\n<\/tr>\n<tr>\n<th class=\"pd-table-h1\" colspan=\"2\" scope=\"colgroup\">Acess\u00f3rios<\/th>\n<\/tr>\n<tr>\n<td>Material inclu\u00eddo<\/td>\n<td>\n<table>\n<colgroup class=\"pd-table-cols-1\">\n<col class=\"pd-table-col-1\" \/><\/colgroup>\n<tbody>\n<tr>\n<td>Inv\u00f3lucro de contato de Timer padr\u00e3o: 3, 8 p\u00f3los, cinza (A\/B\/C = entradas)<\/td>\n<\/tr>\n<tr>\n<td>Inv\u00f3lucro de contato de Timer padr\u00e3o: 3, 8 p\u00f3los, natural (D\/E\/F = sa\u00eddas)<\/td>\n<\/tr>\n<tr>\n<td>Inv\u00f3lucro de contato de Timer padr\u00e3o: 1, 6 polos, natural (P\/N1 = CAN1 e alimenta\u00e7\u00e3o)<\/td>\n<\/tr>\n<tr>\n<td>Inv\u00f3lucro de contato de Timer padr\u00e3o: 1, 4 polos, natural (N2 = CAN2)<\/td>\n<\/tr>\n<tr>\n<td>contatos do temporizador Standard: 10 x 0,2&#8230;0,5 mm\u00b2, estanhado<\/td>\n<\/tr>\n<tr>\n<td>contatos do temporizador Standard: 40 x 0,5&#8230;1,0 mm\u00b2, estanhado<\/td>\n<\/tr>\n<tr>\n<td>contatos do temporizador Standard: 20 x 1,0&#8230;2,5 mm\u00b2, estanhado<\/td>\n<\/tr>\n<\/tbody>\n<\/table>\n<\/td>\n<\/tr>\n<tr>\n<th class=\"pd-table-h1\" colspan=\"2\" scope=\"colgroup\">Notas<\/th>\n<\/tr>\n<tr>\n<td>Quantidade<\/td>\n<td>1 pe\u00e7a<\/td>\n<\/tr>\n<tr>\n<th class=\"pd-table-h1\" colspan=\"2\" scope=\"colgroup\">conex\u00e3o el\u00e9trica &#8211; 10x<\/th>\n<\/tr>\n<tr>\n<td><\/td>\n<td>Contato do temporizador Standard: 0,2&#8230;0,5 mm\u00b2<\/td>\n<\/tr>\n<tr>\n<th class=\"pd-table-h1\" colspan=\"2\" scope=\"colgroup\">conex\u00e3o el\u00e9trica &#8211; 20x<\/th>\n<\/tr>\n<tr>\n<td><\/td>\n<td>Contato do temporizador Standard: 1,0&#8230;2,5 mm\u00b2<\/td>\n<\/tr>\n<tr>\n<th class=\"pd-table-h1\" colspan=\"2\" scope=\"colgroup\">conex\u00e3o el\u00e9trica &#8211; 40x<\/th>\n<\/tr>\n<tr>\n<td><\/td>\n<td>Contato do temporizador Standard: 0,5&#8230;1,0 mm\u00b2<\/td>\n<\/tr>\n<\/tbody>\n<\/table>\n","protected":false},"excerpt":{"rendered":"<p>Campo de aplica\u00e7\u00e3o Modelo para BasicController, para a ocupa\u00e7\u00e3o completa de um BasicController, CR04xx Dados mec\u00e2nicos Peso [g] 77,5 Acess\u00f3rios Material inclu\u00eddo Inv\u00f3lucro de contato de Timer padr\u00e3o: 3, 8 p\u00f3los, cinza (A\/B\/C = entradas) Inv\u00f3lucro de contato de Timer padr\u00e3o: 3, 8 p\u00f3los, natural (D\/E\/F = sa\u00eddas) Inv\u00f3lucro de contato de Timer padr\u00e3o: 1, [&hellip;]<\/p>\n","protected":false},"featured_media":3288,"template":"","meta":[],"product_brand":[],"product_cat":[353,96,56],"product_tag":[58,386,57],"class_list":{"0":"post-3287","1":"product","2":"type-product","3":"status-publish","4":"has-post-thumbnail","6":"product_cat-ifm","7":"product_cat-cabos","8":"product_cat-sensores","9":"product_tag-ifm","10":"product_tag-involucro","11":"product_tag-sensor","13":"first","14":"instock","15":"shipping-taxable","16":"product-type-simple"},"yoast_head":"<!-- This site is optimized with the Yoast SEO plugin v26.3 - https:\/\/yoast.com\/wordpress\/plugins\/seo\/ -->\n<title>EC0456-Inv\u00f3lucro de contato timer padr\u00e3o com contatos-IFM - Loja Motion Up<\/title>\n<meta name=\"robots\" content=\"index, follow, max-snippet:-1, max-image-preview:large, max-video-preview:-1\" \/>\n<link rel=\"canonical\" href=\"https:\/\/motionup.com.br\/site\/produto\/ec0456-involucro-de-contato-timer-padrao-com-contatos-ifm-copia\/\" \/>\n<meta property=\"og:locale\" content=\"pt_BR\" \/>\n<meta property=\"og:type\" content=\"article\" \/>\n<meta property=\"og:title\" content=\"EC0456-Inv\u00f3lucro de contato timer padr\u00e3o com contatos-IFM - Loja Motion Up\" \/>\n<meta property=\"og:description\" content=\"Campo de aplica\u00e7\u00e3o Modelo para BasicController, para a ocupa\u00e7\u00e3o completa de um BasicController, CR04xx Dados mec\u00e2nicos Peso [g] 77,5 Acess\u00f3rios Material inclu\u00eddo Inv\u00f3lucro de contato de Timer padr\u00e3o: 3, 8 p\u00f3los, cinza (A\/B\/C = entradas) Inv\u00f3lucro de contato de Timer padr\u00e3o: 3, 8 p\u00f3los, natural (D\/E\/F = sa\u00eddas) Inv\u00f3lucro de contato de Timer padr\u00e3o: 1, [&hellip;]\" \/>\n<meta property=\"og:url\" content=\"https:\/\/motionup.com.br\/site\/produto\/ec0456-involucro-de-contato-timer-padrao-com-contatos-ifm-copia\/\" \/>\n<meta property=\"og:site_name\" content=\"Loja Motion Up\" \/>\n<meta property=\"article:publisher\" content=\"https:\/\/m.facebook.com\/fp3motionup\/about\/\" \/>\n<meta property=\"article:modified_time\" content=\"2021-10-29T11:15:03+00:00\" \/>\n<meta property=\"og:image\" content=\"https:\/\/motionup.com.br\/site\/wp-content\/uploads\/2021\/05\/P_F_E_W_Z_1137_EC0456_01.jpg\" \/>\n\t<meta property=\"og:image:width\" content=\"1200\" \/>\n\t<meta property=\"og:image:height\" content=\"1200\" \/>\n\t<meta property=\"og:image:type\" content=\"image\/jpeg\" \/>\n<meta name=\"twitter:card\" content=\"summary_large_image\" \/>\n<meta name=\"twitter:label1\" content=\"Est. tempo de leitura\" \/>\n\t<meta name=\"twitter:data1\" content=\"1 minuto\" \/>\n<script type=\"application\/ld+json\" class=\"yoast-schema-graph\">{\"@context\":\"https:\/\/schema.org\",\"@graph\":[{\"@type\":\"WebPage\",\"@id\":\"https:\/\/motionup.com.br\/site\/produto\/ec0456-involucro-de-contato-timer-padrao-com-contatos-ifm-copia\/\",\"url\":\"https:\/\/motionup.com.br\/site\/produto\/ec0456-involucro-de-contato-timer-padrao-com-contatos-ifm-copia\/\",\"name\":\"EC0456-Inv\u00f3lucro de contato timer padr\u00e3o com contatos-IFM - Loja Motion Up\",\"isPartOf\":{\"@id\":\"https:\/\/motionup.com.br\/site\/#website\"},\"primaryImageOfPage\":{\"@id\":\"https:\/\/motionup.com.br\/site\/produto\/ec0456-involucro-de-contato-timer-padrao-com-contatos-ifm-copia\/#primaryimage\"},\"image\":{\"@id\":\"https:\/\/motionup.com.br\/site\/produto\/ec0456-involucro-de-contato-timer-padrao-com-contatos-ifm-copia\/#primaryimage\"},\"thumbnailUrl\":\"https:\/\/motionup.com.br\/site\/wp-content\/uploads\/2021\/05\/P_F_E_W_Z_1137_EC0456_01.jpg\",\"datePublished\":\"2021-05-03T17:24:24+00:00\",\"dateModified\":\"2021-10-29T11:15:03+00:00\",\"breadcrumb\":{\"@id\":\"https:\/\/motionup.com.br\/site\/produto\/ec0456-involucro-de-contato-timer-padrao-com-contatos-ifm-copia\/#breadcrumb\"},\"inLanguage\":\"pt-BR\",\"potentialAction\":[{\"@type\":\"ReadAction\",\"target\":[\"https:\/\/motionup.com.br\/site\/produto\/ec0456-involucro-de-contato-timer-padrao-com-contatos-ifm-copia\/\"]}]},{\"@type\":\"ImageObject\",\"inLanguage\":\"pt-BR\",\"@id\":\"https:\/\/motionup.com.br\/site\/produto\/ec0456-involucro-de-contato-timer-padrao-com-contatos-ifm-copia\/#primaryimage\",\"url\":\"https:\/\/motionup.com.br\/site\/wp-content\/uploads\/2021\/05\/P_F_E_W_Z_1137_EC0456_01.jpg\",\"contentUrl\":\"https:\/\/motionup.com.br\/site\/wp-content\/uploads\/2021\/05\/P_F_E_W_Z_1137_EC0456_01.jpg\",\"width\":1200,\"height\":1200},{\"@type\":\"BreadcrumbList\",\"@id\":\"https:\/\/motionup.com.br\/site\/produto\/ec0456-involucro-de-contato-timer-padrao-com-contatos-ifm-copia\/#breadcrumb\",\"itemListElement\":[{\"@type\":\"ListItem\",\"position\":1,\"name\":\"In\u00edcio\",\"item\":\"https:\/\/motionup.com.br\/site\/\"},{\"@type\":\"ListItem\",\"position\":2,\"name\":\"Produtos\",\"item\":\"https:\/\/motionup.com.br\/site\/produtos\/\"},{\"@type\":\"ListItem\",\"position\":3,\"name\":\"EC0456-Inv\u00f3lucro de contato timer padr\u00e3o com contatos-IFM\"}]},{\"@type\":\"WebSite\",\"@id\":\"https:\/\/motionup.com.br\/site\/#website\",\"url\":\"https:\/\/motionup.com.br\/site\/\",\"name\":\"Motion Up\",\"description\":\"E-commerce Motion Up - Automa\u00e7\u00e3o Industrial\",\"publisher\":{\"@id\":\"https:\/\/motionup.com.br\/site\/#organization\"},\"potentialAction\":[{\"@type\":\"SearchAction\",\"target\":{\"@type\":\"EntryPoint\",\"urlTemplate\":\"https:\/\/motionup.com.br\/site\/?s={search_term_string}\"},\"query-input\":{\"@type\":\"PropertyValueSpecification\",\"valueRequired\":true,\"valueName\":\"search_term_string\"}}],\"inLanguage\":\"pt-BR\"},{\"@type\":\"Organization\",\"@id\":\"https:\/\/motionup.com.br\/site\/#organization\",\"name\":\"Motion Up\",\"url\":\"https:\/\/motionup.com.br\/site\/\",\"logo\":{\"@type\":\"ImageObject\",\"inLanguage\":\"pt-BR\",\"@id\":\"https:\/\/motionup.com.br\/site\/#\/schema\/logo\/image\/\",\"url\":\"https:\/\/motionup.com.br\/site\/wp-content\/uploads\/2025\/05\/MOTIONUP.png\",\"contentUrl\":\"https:\/\/motionup.com.br\/site\/wp-content\/uploads\/2025\/05\/MOTIONUP.png\",\"width\":1200,\"height\":601,\"caption\":\"Motion Up\"},\"image\":{\"@id\":\"https:\/\/motionup.com.br\/site\/#\/schema\/logo\/image\/\"},\"sameAs\":[\"https:\/\/m.facebook.com\/fp3motionup\/about\/\",\"https:\/\/br.linkedin.com\/company\/fpn-controle-e-automao-industrial-ltda\"]}]}<\/script>\n<!-- \/ Yoast SEO plugin. -->","yoast_head_json":{"title":"EC0456-Inv\u00f3lucro de contato timer padr\u00e3o com contatos-IFM - Loja Motion Up","robots":{"index":"index","follow":"follow","max-snippet":"max-snippet:-1","max-image-preview":"max-image-preview:large","max-video-preview":"max-video-preview:-1"},"canonical":"https:\/\/motionup.com.br\/site\/produto\/ec0456-involucro-de-contato-timer-padrao-com-contatos-ifm-copia\/","og_locale":"pt_BR","og_type":"article","og_title":"EC0456-Inv\u00f3lucro de contato timer padr\u00e3o com contatos-IFM - Loja Motion Up","og_description":"Campo de aplica\u00e7\u00e3o Modelo para BasicController, para a ocupa\u00e7\u00e3o completa de um BasicController, CR04xx Dados mec\u00e2nicos Peso [g] 77,5 Acess\u00f3rios Material inclu\u00eddo Inv\u00f3lucro de contato de Timer padr\u00e3o: 3, 8 p\u00f3los, cinza (A\/B\/C = entradas) Inv\u00f3lucro de contato de Timer padr\u00e3o: 3, 8 p\u00f3los, natural (D\/E\/F = sa\u00eddas) Inv\u00f3lucro de contato de Timer padr\u00e3o: 1, [&hellip;]","og_url":"https:\/\/motionup.com.br\/site\/produto\/ec0456-involucro-de-contato-timer-padrao-com-contatos-ifm-copia\/","og_site_name":"Loja Motion Up","article_publisher":"https:\/\/m.facebook.com\/fp3motionup\/about\/","article_modified_time":"2021-10-29T11:15:03+00:00","og_image":[{"width":1200,"height":1200,"url":"https:\/\/motionup.com.br\/site\/wp-content\/uploads\/2021\/05\/P_F_E_W_Z_1137_EC0456_01.jpg","type":"image\/jpeg"}],"twitter_card":"summary_large_image","twitter_misc":{"Est. tempo de leitura":"1 minuto"},"schema":{"@context":"https:\/\/schema.org","@graph":[{"@type":"WebPage","@id":"https:\/\/motionup.com.br\/site\/produto\/ec0456-involucro-de-contato-timer-padrao-com-contatos-ifm-copia\/","url":"https:\/\/motionup.com.br\/site\/produto\/ec0456-involucro-de-contato-timer-padrao-com-contatos-ifm-copia\/","name":"EC0456-Inv\u00f3lucro de contato timer padr\u00e3o com contatos-IFM - Loja Motion Up","isPartOf":{"@id":"https:\/\/motionup.com.br\/site\/#website"},"primaryImageOfPage":{"@id":"https:\/\/motionup.com.br\/site\/produto\/ec0456-involucro-de-contato-timer-padrao-com-contatos-ifm-copia\/#primaryimage"},"image":{"@id":"https:\/\/motionup.com.br\/site\/produto\/ec0456-involucro-de-contato-timer-padrao-com-contatos-ifm-copia\/#primaryimage"},"thumbnailUrl":"https:\/\/motionup.com.br\/site\/wp-content\/uploads\/2021\/05\/P_F_E_W_Z_1137_EC0456_01.jpg","datePublished":"2021-05-03T17:24:24+00:00","dateModified":"2021-10-29T11:15:03+00:00","breadcrumb":{"@id":"https:\/\/motionup.com.br\/site\/produto\/ec0456-involucro-de-contato-timer-padrao-com-contatos-ifm-copia\/#breadcrumb"},"inLanguage":"pt-BR","potentialAction":[{"@type":"ReadAction","target":["https:\/\/motionup.com.br\/site\/produto\/ec0456-involucro-de-contato-timer-padrao-com-contatos-ifm-copia\/"]}]},{"@type":"ImageObject","inLanguage":"pt-BR","@id":"https:\/\/motionup.com.br\/site\/produto\/ec0456-involucro-de-contato-timer-padrao-com-contatos-ifm-copia\/#primaryimage","url":"https:\/\/motionup.com.br\/site\/wp-content\/uploads\/2021\/05\/P_F_E_W_Z_1137_EC0456_01.jpg","contentUrl":"https:\/\/motionup.com.br\/site\/wp-content\/uploads\/2021\/05\/P_F_E_W_Z_1137_EC0456_01.jpg","width":1200,"height":1200},{"@type":"BreadcrumbList","@id":"https:\/\/motionup.com.br\/site\/produto\/ec0456-involucro-de-contato-timer-padrao-com-contatos-ifm-copia\/#breadcrumb","itemListElement":[{"@type":"ListItem","position":1,"name":"In\u00edcio","item":"https:\/\/motionup.com.br\/site\/"},{"@type":"ListItem","position":2,"name":"Produtos","item":"https:\/\/motionup.com.br\/site\/produtos\/"},{"@type":"ListItem","position":3,"name":"EC0456-Inv\u00f3lucro de contato timer padr\u00e3o com contatos-IFM"}]},{"@type":"WebSite","@id":"https:\/\/motionup.com.br\/site\/#website","url":"https:\/\/motionup.com.br\/site\/","name":"Motion Up","description":"E-commerce Motion Up - Automa\u00e7\u00e3o Industrial","publisher":{"@id":"https:\/\/motionup.com.br\/site\/#organization"},"potentialAction":[{"@type":"SearchAction","target":{"@type":"EntryPoint","urlTemplate":"https:\/\/motionup.com.br\/site\/?s={search_term_string}"},"query-input":{"@type":"PropertyValueSpecification","valueRequired":true,"valueName":"search_term_string"}}],"inLanguage":"pt-BR"},{"@type":"Organization","@id":"https:\/\/motionup.com.br\/site\/#organization","name":"Motion Up","url":"https:\/\/motionup.com.br\/site\/","logo":{"@type":"ImageObject","inLanguage":"pt-BR","@id":"https:\/\/motionup.com.br\/site\/#\/schema\/logo\/image\/","url":"https:\/\/motionup.com.br\/site\/wp-content\/uploads\/2025\/05\/MOTIONUP.png","contentUrl":"https:\/\/motionup.com.br\/site\/wp-content\/uploads\/2025\/05\/MOTIONUP.png","width":1200,"height":601,"caption":"Motion Up"},"image":{"@id":"https:\/\/motionup.com.br\/site\/#\/schema\/logo\/image\/"},"sameAs":["https:\/\/m.facebook.com\/fp3motionup\/about\/","https:\/\/br.linkedin.com\/company\/fpn-controle-e-automao-industrial-ltda"]}]}},"_links":{"self":[{"href":"https:\/\/motionup.com.br\/site\/wp-json\/wp\/v2\/product\/3287","targetHints":{"allow":["GET"]}}],"collection":[{"href":"https:\/\/motionup.com.br\/site\/wp-json\/wp\/v2\/product"}],"about":[{"href":"https:\/\/motionup.com.br\/site\/wp-json\/wp\/v2\/types\/product"}],"wp:featuredmedia":[{"embeddable":true,"href":"https:\/\/motionup.com.br\/site\/wp-json\/wp\/v2\/media\/3288"}],"wp:attachment":[{"href":"https:\/\/motionup.com.br\/site\/wp-json\/wp\/v2\/media?parent=3287"}],"wp:term":[{"taxonomy":"product_brand","embeddable":true,"href":"https:\/\/motionup.com.br\/site\/wp-json\/wp\/v2\/product_brand?post=3287"},{"taxonomy":"product_cat","embeddable":true,"href":"https:\/\/motionup.com.br\/site\/wp-json\/wp\/v2\/product_cat?post=3287"},{"taxonomy":"product_tag","embeddable":true,"href":"https:\/\/motionup.com.br\/site\/wp-json\/wp\/v2\/product_tag?post=3287"}],"curies":[{"name":"wp","href":"https:\/\/api.w.org\/{rel}","templated":true}]}}