{"id":3310,"date":"2021-05-04T08:37:55","date_gmt":"2021-05-04T11:37:55","guid":{"rendered":"https:\/\/motionup.com.br\/site\/?post_type=product&#038;p=3310"},"modified":"2021-05-04T08:41:52","modified_gmt":"2021-05-04T11:41:52","slug":"zz0588-kit-de-aplicacao-para-aplicacoes-de-soldagem-ifm","status":"publish","type":"product","link":"https:\/\/motionup.com.br\/site\/produto\/zz0588-kit-de-aplicacao-para-aplicacoes-de-soldagem-ifm\/","title":{"rendered":"ZZ0588-Kit de aplica\u00e7\u00e3o para aplica\u00e7\u00f5es de soldagem-IFM"},"content":{"rendered":"<table class=\"pd-table\">\n<colgroup class=\"pd-table-cols-2\">\n<col class=\"pd-table-col-1\" \/>\n<col class=\"pd-table-col-2\" \/><\/colgroup>\n<tbody>\n<tr>\n<th class=\"pd-table-h1\" colspan=\"2\" scope=\"colgroup\">Dados mec\u00e2nicos<\/th>\n<\/tr>\n<tr>\n<td>Peso [g]<\/td>\n<td>955<\/td>\n<\/tr>\n<tr>\n<th class=\"pd-table-h1\" colspan=\"2\" scope=\"colgroup\">Acess\u00f3rios<\/th>\n<\/tr>\n<tr>\n<td>Material inclu\u00eddo<\/td>\n<td>\n<table>\n<colgroup class=\"pd-table-cols-1\">\n<col class=\"pd-table-col-1\" \/><\/colgroup>\n<tbody>\n<tr>\n<td>mestre IO-Link StandardLine: 1, PROFINET, AL1300<\/td>\n<\/tr>\n<tr>\n<td>cabo de Ethernet: 1 x M12 \/ RJ45; 0,5 m, E12490<\/td>\n<\/tr>\n<tr>\n<td>Sensor magn\u00e9tico: 1, MQ2004<\/td>\n<\/tr>\n<tr>\n<td>Indicador IO-Link: 1, E30443<\/td>\n<\/tr>\n<tr>\n<td>Jumper: 1 x M12; 2 m, EVC013<\/td>\n<\/tr>\n<tr>\n<td>Jumper: 1 x M12; 2 m, resistente a fa\u00edscas de solda, EVW025<\/td>\n<\/tr>\n<\/tbody>\n<\/table>\n<\/td>\n<\/tr>\n<tr>\n<th class=\"pd-table-h1\" colspan=\"2\" scope=\"colgroup\">Notas<\/th>\n<\/tr>\n<tr>\n<td>Notas<\/td>\n<td>\n<table>\n<colgroup class=\"pd-table-cols-1\">\n<col class=\"pd-table-col-1\" \/><\/colgroup>\n<tbody>\n<tr>\n<td>Mais informa\u00e7\u00f5es est\u00e3o dispon\u00edveis nas fichas de dados e nas instru\u00e7\u00f5es de utiliza\u00e7\u00e3o dos componentes listados.<\/td>\n<\/tr>\n<\/tbody>\n<\/table>\n<\/td>\n<\/tr>\n<\/tbody>\n<\/table>\n","protected":false},"excerpt":{"rendered":"<p>Dados mec\u00e2nicos Peso [g] 955 Acess\u00f3rios Material inclu\u00eddo mestre IO-Link StandardLine: 1, PROFINET, AL1300 cabo de Ethernet: 1 x M12 \/ RJ45; 0,5 m, E12490 Sensor magn\u00e9tico: 1, MQ2004 Indicador IO-Link: 1, E30443 Jumper: 1 x M12; 2 m, EVC013 Jumper: 1 x M12; 2 m, resistente a fa\u00edscas de solda, EVW025 Notas Notas Mais [&hellip;]<\/p>\n","protected":false},"featured_media":3311,"template":"","meta":[],"product_brand":[],"product_cat":[79,96,353,56],"product_tag":[58,57],"class_list":{"0":"post-3310","1":"product","2":"type-product","3":"status-publish","4":"has-post-thumbnail","6":"product_cat-acessorios","7":"product_cat-cabos","8":"product_cat-ifm","9":"product_cat-sensores","10":"product_tag-ifm","11":"product_tag-sensor","13":"first","14":"instock","15":"shipping-taxable","16":"product-type-simple"},"yoast_head":"<!-- This site is optimized with the Yoast SEO plugin v27.5 - https:\/\/yoast.com\/product\/yoast-seo-wordpress\/ -->\n<title>ZZ0588-Kit de aplica\u00e7\u00e3o para aplica\u00e7\u00f5es de soldagem-IFM - Loja Motion Up<\/title>\n<meta name=\"robots\" content=\"index, follow, max-snippet:-1, max-image-preview:large, max-video-preview:-1\" \/>\n<link rel=\"canonical\" href=\"https:\/\/motionup.com.br\/site\/produto\/zz0588-kit-de-aplicacao-para-aplicacoes-de-soldagem-ifm\/\" \/>\n<meta property=\"og:locale\" content=\"pt_BR\" \/>\n<meta property=\"og:type\" content=\"article\" \/>\n<meta property=\"og:title\" content=\"ZZ0588-Kit de aplica\u00e7\u00e3o para aplica\u00e7\u00f5es de soldagem-IFM - Loja Motion Up\" \/>\n<meta property=\"og:description\" content=\"Dados mec\u00e2nicos Peso [g] 955 Acess\u00f3rios Material inclu\u00eddo mestre IO-Link StandardLine: 1, PROFINET, AL1300 cabo de Ethernet: 1 x M12 \/ RJ45; 0,5 m, E12490 Sensor magn\u00e9tico: 1, MQ2004 Indicador IO-Link: 1, E30443 Jumper: 1 x M12; 2 m, EVC013 Jumper: 1 x M12; 2 m, resistente a fa\u00edscas de solda, EVW025 Notas Notas Mais [&hellip;]\" \/>\n<meta property=\"og:url\" content=\"https:\/\/motionup.com.br\/site\/produto\/zz0588-kit-de-aplicacao-para-aplicacoes-de-soldagem-ifm\/\" \/>\n<meta property=\"og:site_name\" content=\"Loja Motion Up\" \/>\n<meta property=\"article:publisher\" content=\"https:\/\/m.facebook.com\/fp3motionup\/about\/\" \/>\n<meta property=\"article:modified_time\" content=\"2021-05-04T11:41:52+00:00\" \/>\n<meta property=\"og:image\" content=\"https:\/\/motionup.com.br\/site\/wp-content\/uploads\/2021\/05\/P_F_E_W_Z_1841_ZZ0588_01.jpg\" \/>\n\t<meta property=\"og:image:width\" content=\"1200\" \/>\n\t<meta property=\"og:image:height\" content=\"1200\" \/>\n\t<meta property=\"og:image:type\" content=\"image\/jpeg\" \/>\n<meta name=\"twitter:card\" content=\"summary_large_image\" \/>\n<script type=\"application\/ld+json\" class=\"yoast-schema-graph\">{\"@context\":\"https:\\\/\\\/schema.org\",\"@graph\":[{\"@type\":\"WebPage\",\"@id\":\"https:\\\/\\\/motionup.com.br\\\/site\\\/produto\\\/zz0588-kit-de-aplicacao-para-aplicacoes-de-soldagem-ifm\\\/\",\"url\":\"https:\\\/\\\/motionup.com.br\\\/site\\\/produto\\\/zz0588-kit-de-aplicacao-para-aplicacoes-de-soldagem-ifm\\\/\",\"name\":\"ZZ0588-Kit de aplica\u00e7\u00e3o para aplica\u00e7\u00f5es de soldagem-IFM - Loja Motion Up\",\"isPartOf\":{\"@id\":\"https:\\\/\\\/motionup.com.br\\\/site\\\/#website\"},\"primaryImageOfPage\":{\"@id\":\"https:\\\/\\\/motionup.com.br\\\/site\\\/produto\\\/zz0588-kit-de-aplicacao-para-aplicacoes-de-soldagem-ifm\\\/#primaryimage\"},\"image\":{\"@id\":\"https:\\\/\\\/motionup.com.br\\\/site\\\/produto\\\/zz0588-kit-de-aplicacao-para-aplicacoes-de-soldagem-ifm\\\/#primaryimage\"},\"thumbnailUrl\":\"https:\\\/\\\/motionup.com.br\\\/site\\\/wp-content\\\/uploads\\\/2021\\\/05\\\/P_F_E_W_Z_1841_ZZ0588_01.jpg\",\"datePublished\":\"2021-05-04T11:37:55+00:00\",\"dateModified\":\"2021-05-04T11:41:52+00:00\",\"breadcrumb\":{\"@id\":\"https:\\\/\\\/motionup.com.br\\\/site\\\/produto\\\/zz0588-kit-de-aplicacao-para-aplicacoes-de-soldagem-ifm\\\/#breadcrumb\"},\"inLanguage\":\"pt-BR\",\"potentialAction\":[{\"@type\":\"ReadAction\",\"target\":[\"https:\\\/\\\/motionup.com.br\\\/site\\\/produto\\\/zz0588-kit-de-aplicacao-para-aplicacoes-de-soldagem-ifm\\\/\"]}]},{\"@type\":\"ImageObject\",\"inLanguage\":\"pt-BR\",\"@id\":\"https:\\\/\\\/motionup.com.br\\\/site\\\/produto\\\/zz0588-kit-de-aplicacao-para-aplicacoes-de-soldagem-ifm\\\/#primaryimage\",\"url\":\"https:\\\/\\\/motionup.com.br\\\/site\\\/wp-content\\\/uploads\\\/2021\\\/05\\\/P_F_E_W_Z_1841_ZZ0588_01.jpg\",\"contentUrl\":\"https:\\\/\\\/motionup.com.br\\\/site\\\/wp-content\\\/uploads\\\/2021\\\/05\\\/P_F_E_W_Z_1841_ZZ0588_01.jpg\",\"width\":1200,\"height\":1200},{\"@type\":\"BreadcrumbList\",\"@id\":\"https:\\\/\\\/motionup.com.br\\\/site\\\/produto\\\/zz0588-kit-de-aplicacao-para-aplicacoes-de-soldagem-ifm\\\/#breadcrumb\",\"itemListElement\":[{\"@type\":\"ListItem\",\"position\":1,\"name\":\"In\u00edcio\",\"item\":\"https:\\\/\\\/motionup.com.br\\\/site\\\/\"},{\"@type\":\"ListItem\",\"position\":2,\"name\":\"Produtos\",\"item\":\"https:\\\/\\\/motionup.com.br\\\/site\\\/produtos\\\/\"},{\"@type\":\"ListItem\",\"position\":3,\"name\":\"ZZ0588-Kit de aplica\u00e7\u00e3o para aplica\u00e7\u00f5es de soldagem-IFM\"}]},{\"@type\":\"WebSite\",\"@id\":\"https:\\\/\\\/motionup.com.br\\\/site\\\/#website\",\"url\":\"https:\\\/\\\/motionup.com.br\\\/site\\\/\",\"name\":\"Motion Up\",\"description\":\"E-commerce Motion Up - Automa\u00e7\u00e3o Industrial\",\"publisher\":{\"@id\":\"https:\\\/\\\/motionup.com.br\\\/site\\\/#organization\"},\"potentialAction\":[{\"@type\":\"SearchAction\",\"target\":{\"@type\":\"EntryPoint\",\"urlTemplate\":\"https:\\\/\\\/motionup.com.br\\\/site\\\/?s={search_term_string}\"},\"query-input\":{\"@type\":\"PropertyValueSpecification\",\"valueRequired\":true,\"valueName\":\"search_term_string\"}}],\"inLanguage\":\"pt-BR\"},{\"@type\":\"Organization\",\"@id\":\"https:\\\/\\\/motionup.com.br\\\/site\\\/#organization\",\"name\":\"Motion Up\",\"url\":\"https:\\\/\\\/motionup.com.br\\\/site\\\/\",\"logo\":{\"@type\":\"ImageObject\",\"inLanguage\":\"pt-BR\",\"@id\":\"https:\\\/\\\/motionup.com.br\\\/site\\\/#\\\/schema\\\/logo\\\/image\\\/\",\"url\":\"https:\\\/\\\/motionup.com.br\\\/site\\\/wp-content\\\/uploads\\\/2025\\\/05\\\/MOTIONUP.png\",\"contentUrl\":\"https:\\\/\\\/motionup.com.br\\\/site\\\/wp-content\\\/uploads\\\/2025\\\/05\\\/MOTIONUP.png\",\"width\":1200,\"height\":601,\"caption\":\"Motion Up\"},\"image\":{\"@id\":\"https:\\\/\\\/motionup.com.br\\\/site\\\/#\\\/schema\\\/logo\\\/image\\\/\"},\"sameAs\":[\"https:\\\/\\\/m.facebook.com\\\/fp3motionup\\\/about\\\/\",\"https:\\\/\\\/br.linkedin.com\\\/company\\\/fpn-controle-e-automao-industrial-ltda\"]}]}<\/script>\n<!-- \/ Yoast SEO plugin. -->","yoast_head_json":{"title":"ZZ0588-Kit de aplica\u00e7\u00e3o para aplica\u00e7\u00f5es de soldagem-IFM - Loja Motion Up","robots":{"index":"index","follow":"follow","max-snippet":"max-snippet:-1","max-image-preview":"max-image-preview:large","max-video-preview":"max-video-preview:-1"},"canonical":"https:\/\/motionup.com.br\/site\/produto\/zz0588-kit-de-aplicacao-para-aplicacoes-de-soldagem-ifm\/","og_locale":"pt_BR","og_type":"article","og_title":"ZZ0588-Kit de aplica\u00e7\u00e3o para aplica\u00e7\u00f5es de soldagem-IFM - Loja Motion Up","og_description":"Dados mec\u00e2nicos Peso [g] 955 Acess\u00f3rios Material inclu\u00eddo mestre IO-Link StandardLine: 1, PROFINET, AL1300 cabo de Ethernet: 1 x M12 \/ RJ45; 0,5 m, E12490 Sensor magn\u00e9tico: 1, MQ2004 Indicador IO-Link: 1, E30443 Jumper: 1 x M12; 2 m, EVC013 Jumper: 1 x M12; 2 m, resistente a fa\u00edscas de solda, EVW025 Notas Notas Mais [&hellip;]","og_url":"https:\/\/motionup.com.br\/site\/produto\/zz0588-kit-de-aplicacao-para-aplicacoes-de-soldagem-ifm\/","og_site_name":"Loja Motion Up","article_publisher":"https:\/\/m.facebook.com\/fp3motionup\/about\/","article_modified_time":"2021-05-04T11:41:52+00:00","og_image":[{"width":1200,"height":1200,"url":"https:\/\/motionup.com.br\/site\/wp-content\/uploads\/2021\/05\/P_F_E_W_Z_1841_ZZ0588_01.jpg","type":"image\/jpeg"}],"twitter_card":"summary_large_image","schema":{"@context":"https:\/\/schema.org","@graph":[{"@type":"WebPage","@id":"https:\/\/motionup.com.br\/site\/produto\/zz0588-kit-de-aplicacao-para-aplicacoes-de-soldagem-ifm\/","url":"https:\/\/motionup.com.br\/site\/produto\/zz0588-kit-de-aplicacao-para-aplicacoes-de-soldagem-ifm\/","name":"ZZ0588-Kit de aplica\u00e7\u00e3o para aplica\u00e7\u00f5es de soldagem-IFM - Loja Motion Up","isPartOf":{"@id":"https:\/\/motionup.com.br\/site\/#website"},"primaryImageOfPage":{"@id":"https:\/\/motionup.com.br\/site\/produto\/zz0588-kit-de-aplicacao-para-aplicacoes-de-soldagem-ifm\/#primaryimage"},"image":{"@id":"https:\/\/motionup.com.br\/site\/produto\/zz0588-kit-de-aplicacao-para-aplicacoes-de-soldagem-ifm\/#primaryimage"},"thumbnailUrl":"https:\/\/motionup.com.br\/site\/wp-content\/uploads\/2021\/05\/P_F_E_W_Z_1841_ZZ0588_01.jpg","datePublished":"2021-05-04T11:37:55+00:00","dateModified":"2021-05-04T11:41:52+00:00","breadcrumb":{"@id":"https:\/\/motionup.com.br\/site\/produto\/zz0588-kit-de-aplicacao-para-aplicacoes-de-soldagem-ifm\/#breadcrumb"},"inLanguage":"pt-BR","potentialAction":[{"@type":"ReadAction","target":["https:\/\/motionup.com.br\/site\/produto\/zz0588-kit-de-aplicacao-para-aplicacoes-de-soldagem-ifm\/"]}]},{"@type":"ImageObject","inLanguage":"pt-BR","@id":"https:\/\/motionup.com.br\/site\/produto\/zz0588-kit-de-aplicacao-para-aplicacoes-de-soldagem-ifm\/#primaryimage","url":"https:\/\/motionup.com.br\/site\/wp-content\/uploads\/2021\/05\/P_F_E_W_Z_1841_ZZ0588_01.jpg","contentUrl":"https:\/\/motionup.com.br\/site\/wp-content\/uploads\/2021\/05\/P_F_E_W_Z_1841_ZZ0588_01.jpg","width":1200,"height":1200},{"@type":"BreadcrumbList","@id":"https:\/\/motionup.com.br\/site\/produto\/zz0588-kit-de-aplicacao-para-aplicacoes-de-soldagem-ifm\/#breadcrumb","itemListElement":[{"@type":"ListItem","position":1,"name":"In\u00edcio","item":"https:\/\/motionup.com.br\/site\/"},{"@type":"ListItem","position":2,"name":"Produtos","item":"https:\/\/motionup.com.br\/site\/produtos\/"},{"@type":"ListItem","position":3,"name":"ZZ0588-Kit de aplica\u00e7\u00e3o para aplica\u00e7\u00f5es de soldagem-IFM"}]},{"@type":"WebSite","@id":"https:\/\/motionup.com.br\/site\/#website","url":"https:\/\/motionup.com.br\/site\/","name":"Motion Up","description":"E-commerce Motion Up - Automa\u00e7\u00e3o Industrial","publisher":{"@id":"https:\/\/motionup.com.br\/site\/#organization"},"potentialAction":[{"@type":"SearchAction","target":{"@type":"EntryPoint","urlTemplate":"https:\/\/motionup.com.br\/site\/?s={search_term_string}"},"query-input":{"@type":"PropertyValueSpecification","valueRequired":true,"valueName":"search_term_string"}}],"inLanguage":"pt-BR"},{"@type":"Organization","@id":"https:\/\/motionup.com.br\/site\/#organization","name":"Motion Up","url":"https:\/\/motionup.com.br\/site\/","logo":{"@type":"ImageObject","inLanguage":"pt-BR","@id":"https:\/\/motionup.com.br\/site\/#\/schema\/logo\/image\/","url":"https:\/\/motionup.com.br\/site\/wp-content\/uploads\/2025\/05\/MOTIONUP.png","contentUrl":"https:\/\/motionup.com.br\/site\/wp-content\/uploads\/2025\/05\/MOTIONUP.png","width":1200,"height":601,"caption":"Motion Up"},"image":{"@id":"https:\/\/motionup.com.br\/site\/#\/schema\/logo\/image\/"},"sameAs":["https:\/\/m.facebook.com\/fp3motionup\/about\/","https:\/\/br.linkedin.com\/company\/fpn-controle-e-automao-industrial-ltda"]}]}},"_links":{"self":[{"href":"https:\/\/motionup.com.br\/site\/wp-json\/wp\/v2\/product\/3310","targetHints":{"allow":["GET"]}}],"collection":[{"href":"https:\/\/motionup.com.br\/site\/wp-json\/wp\/v2\/product"}],"about":[{"href":"https:\/\/motionup.com.br\/site\/wp-json\/wp\/v2\/types\/product"}],"wp:featuredmedia":[{"embeddable":true,"href":"https:\/\/motionup.com.br\/site\/wp-json\/wp\/v2\/media\/3311"}],"wp:attachment":[{"href":"https:\/\/motionup.com.br\/site\/wp-json\/wp\/v2\/media?parent=3310"}],"wp:term":[{"taxonomy":"product_brand","embeddable":true,"href":"https:\/\/motionup.com.br\/site\/wp-json\/wp\/v2\/product_brand?post=3310"},{"taxonomy":"product_cat","embeddable":true,"href":"https:\/\/motionup.com.br\/site\/wp-json\/wp\/v2\/product_cat?post=3310"},{"taxonomy":"product_tag","embeddable":true,"href":"https:\/\/motionup.com.br\/site\/wp-json\/wp\/v2\/product_tag?post=3310"}],"curies":[{"name":"wp","href":"https:\/\/api.w.org\/{rel}","templated":true}]}}