{"id":3328,"date":"2021-05-04T09:09:25","date_gmt":"2021-05-04T12:09:25","guid":{"rendered":"https:\/\/motionup.com.br\/site\/?post_type=product&#038;p=3328"},"modified":"2021-05-04T09:15:45","modified_gmt":"2021-05-04T12:15:45","slug":"ac5228-airbox-as-interface-com-tecnica-de-montagem-rapida-ifm","status":"publish","type":"product","link":"https:\/\/motionup.com.br\/site\/produto\/ac5228-airbox-as-interface-com-tecnica-de-montagem-rapida-ifm\/","title":{"rendered":"AC5228-AirBox AS-Interface com t\u00e9cnica de montagem r\u00e1pida-IFM"},"content":{"rendered":"<table class=\"pd-table\">\n<colgroup class=\"pd-table-cols-2\">\n<col class=\"pd-table-col-1\" \/>\n<col class=\"pd-table-col-2\" \/><\/colgroup>\n<tbody>\n<tr>\n<th class=\"pd-table-h1\" colspan=\"2\" scope=\"colgroup\">Campo de aplica\u00e7\u00e3o<\/th>\n<\/tr>\n<tr>\n<td>Aplica\u00e7\u00e3o<\/td>\n<td>Montagem em campo<\/td>\n<\/tr>\n<tr>\n<td>Temperatura do flu\u00eddo [\u00b0C]<\/td>\n<td>-10&#8230;50<\/td>\n<\/tr>\n<tr>\n<th class=\"pd-table-h1\" colspan=\"2\" scope=\"colgroup\">Dados el\u00e9tricos<\/th>\n<\/tr>\n<tr>\n<td>Tens\u00e3o de opera\u00e7\u00e3o [V]<\/td>\n<td>26,5&#8230;31,6 DC<\/td>\n<\/tr>\n<tr>\n<td>Consumo de corrente m\u00e1x. da interface AS [mA]<\/td>\n<td>280<\/td>\n<\/tr>\n<tr>\n<td>Watchdog integrado<\/td>\n<td>sim<\/td>\n<\/tr>\n<tr>\n<th class=\"pd-table-h1\" colspan=\"2\" scope=\"colgroup\">Entradas\/sa\u00eddas<\/th>\n<\/tr>\n<tr>\n<td>Quantidade de entradas e sa\u00eddas<\/td>\n<td>Quantidade de entradas digitais: 4; quantidade de sa\u00eddas penum\u00e1ticas: 2<\/td>\n<\/tr>\n<tr>\n<th class=\"pd-table-h1\" colspan=\"2\" scope=\"colgroup\">Entradas<\/th>\n<\/tr>\n<tr>\n<td>Quantidade de entradas digitais<\/td>\n<td>4<\/td>\n<\/tr>\n<tr>\n<td>Circuito de entrada das entradas digitais<\/td>\n<td>PNP<\/td>\n<\/tr>\n<tr>\n<td>Alimenta\u00e7\u00e3o de sensor das entradas<\/td>\n<td>AS-i<\/td>\n<\/tr>\n<tr>\n<td>Fontes de alimenta\u00e7\u00e3o [V]<\/td>\n<td>20&#8230;30; (atrav\u00e9s de cabo chato)<\/td>\n<\/tr>\n<tr>\n<td>Capacidade de carga m\u00e1x. das entradas totais [mA]<\/td>\n<td>200<\/td>\n<\/tr>\n<tr>\n<td>Corrente de entrada High [mA]<\/td>\n<td>6&#8230;10<\/td>\n<\/tr>\n<tr>\n<td>Corrente de entrada Low [mA]<\/td>\n<td>0&#8230;2<\/td>\n<\/tr>\n<tr>\n<td>N\u00edvel de comuta\u00e7\u00e3o m\u00edn. sinal alto [V]<\/td>\n<td>11<\/td>\n<\/tr>\n<tr>\n<td>Entradas digitais com resist\u00eancia contra curto-circuito<\/td>\n<td>sim<\/td>\n<\/tr>\n<tr>\n<th class=\"pd-table-h1\" colspan=\"2\" scope=\"colgroup\">Sa\u00eddas<\/th>\n<\/tr>\n<tr>\n<td>Quantidade de sa\u00eddas penum\u00e1ticas<\/td>\n<td>2<\/td>\n<\/tr>\n<tr>\n<td>Alimenta\u00e7\u00e3o dos atuadores para as sa\u00eddas<\/td>\n<td>AS-i<\/td>\n<\/tr>\n<tr>\n<th class=\"pd-table-h1\" colspan=\"2\" scope=\"colgroup\">Condi\u00e7\u00f5es ambientais<\/th>\n<\/tr>\n<tr>\n<td>Temperatura ambiente [\u00b0C]<\/td>\n<td>-10&#8230;55<\/td>\n<\/tr>\n<tr>\n<td>Prote\u00e7\u00e3o<\/td>\n<td>IP 65; IP 67<\/td>\n<\/tr>\n<tr>\n<th class=\"pd-table-h1\" colspan=\"2\" scope=\"colgroup\">Certifica\u00e7\u00f5es \/ testes<\/th>\n<\/tr>\n<tr>\n<td>EMC<\/td>\n<td>\n<table>\n<colgroup class=\"pd-table-cols-2\">\n<col class=\"pd-table-col-1\" \/>\n<col class=\"pd-table-col-2\" \/><\/colgroup>\n<tbody>\n<tr>\n<td>EN 50295<\/td>\n<td><\/td>\n<\/tr>\n<tr>\n<td>IEC 61000-6-2<\/td>\n<td><\/td>\n<\/tr>\n<\/tbody>\n<\/table>\n<\/td>\n<\/tr>\n<tr>\n<td>MTTF [anos]<\/td>\n<td>287<\/td>\n<\/tr>\n<tr>\n<th class=\"pd-table-h1\" colspan=\"2\" scope=\"colgroup\">Valor caracter\u00edstico AS-i<\/th>\n<\/tr>\n<tr>\n<td>Vers\u00e3o AS-i<\/td>\n<td>2.11; 3.0<\/td>\n<\/tr>\n<tr>\n<td>Endere\u00e7amento AS-i<\/td>\n<td>soquete de endere\u00e7amento<\/td>\n<\/tr>\n<tr>\n<td>Modo de endere\u00e7amento ampliado<\/td>\n<td>sim<\/td>\n<\/tr>\n<tr>\n<td>Perfil AS-i<\/td>\n<td>S-7.A.E<\/td>\n<\/tr>\n<tr>\n<td>Configura\u00e7\u00e3o da AS-i E\/S [hex]<\/td>\n<td>7<\/td>\n<\/tr>\n<tr>\n<td>C\u00f3digo ID da AS-i [hex]<\/td>\n<td>A.E<\/td>\n<\/tr>\n<tr>\n<td>Certificado AS-i solicitado<\/td>\n<td>sim<\/td>\n<\/tr>\n<tr>\n<td>Bits de dados<\/td>\n<td>\n<table>\n<colgroup class=\"pd-table-cols-5\">\n<col class=\"pd-table-col-1\" \/>\n<col class=\"pd-table-col-2\" \/>\n<col class=\"pd-table-col-3\" \/>\n<col class=\"pd-table-col-4\" \/>\n<col class=\"pd-table-col-5\" \/><\/colgroup>\n<tbody>\n<tr>\n<td>bit de dados<\/td>\n<td>D0<\/td>\n<td>D1<\/td>\n<td>D2<\/td>\n<td>D3<\/td>\n<\/tr>\n<tr>\n<td>Entrada<\/td>\n<td>1<\/td>\n<td>2<\/td>\n<td>3<\/td>\n<td>4<\/td>\n<\/tr>\n<tr>\n<td>soquete<\/td>\n<td>I-1\/2<\/td>\n<td>I-1\/2 I-2<\/td>\n<td>I-3\/4<\/td>\n<td>I-3\/4 I-4<\/td>\n<\/tr>\n<tr>\n<td>Pino<\/td>\n<td>4<\/td>\n<td>2 4<\/td>\n<td>4<\/td>\n<td>2 4<\/td>\n<\/tr>\n<tr>\n<td>sa\u00edda pneum\u00e1tica<\/td>\n<td>2<\/td>\n<td>4<\/td>\n<td>&#8211;<\/td>\n<td>&#8211;<\/td>\n<\/tr>\n<\/tbody>\n<\/table>\n<\/td>\n<\/tr>\n<tr>\n<th class=\"pd-table-h1\" colspan=\"2\" scope=\"colgroup\">Dados mec\u00e2nicos<\/th>\n<\/tr>\n<tr>\n<td>Peso [g]<\/td>\n<td>378<\/td>\n<\/tr>\n<tr>\n<td>Tipo de montagem<\/td>\n<td>Montagem r\u00e1pida<\/td>\n<\/tr>\n<tr>\n<td>Materiais<\/td>\n<td>PA; POM; Contatos vampiro: CuSn6 revestido de n\u00edquel e de estanho<\/td>\n<\/tr>\n<tr>\n<td>Sistema pneum\u00e1tico<\/td>\n<td>2 x v\u00e1lvulas direcionais de 3\/2 vias (sem sobreposi\u00e7\u00e3o)<\/td>\n<\/tr>\n<tr>\n<td>\u00c1rea de press\u00e3o operacional [bar]<\/td>\n<td>2&#8230;8<\/td>\n<\/tr>\n<tr>\n<td>\u00c1rea de press\u00e3o operacional [MPa]<\/td>\n<td>0,2&#8230;0,8<\/td>\n<\/tr>\n<tr>\n<td>\u00c1rea de press\u00e3o operacional [psi]<\/td>\n<td>29&#8230;116<\/td>\n<\/tr>\n<tr>\n<td>Fluxo de ar em 6\/5 bar [l\/min]<\/td>\n<td>500<\/td>\n<\/tr>\n<tr>\n<td>Admite ar comprimido<\/td>\n<td>ar comprimido n\u00e3o lubrificado classe 6-3-1; ar comprimido lubrificado classe 6-3-4<\/td>\n<\/tr>\n<tr>\n<td>Acionamento manual<\/td>\n<td>pressionando levemente ou pressionando\/girando\/travando<\/td>\n<\/tr>\n<tr>\n<td>Conector tubular<\/td>\n<td>8 mm<\/td>\n<\/tr>\n<tr>\n<td>Condu\u00e7\u00e3o do ar de exaust\u00e3o<\/td>\n<td>exaust\u00e3o pode ser desviada pela conex\u00e3o de tubo<\/td>\n<\/tr>\n<tr>\n<th class=\"pd-table-h1\" colspan=\"2\" scope=\"colgroup\">Displays \/ elementos de opera\u00e7\u00e3o<\/th>\n<\/tr>\n<tr>\n<td>Display<\/td>\n<td>\n<table>\n<colgroup class=\"pd-table-cols-2\">\n<col class=\"pd-table-col-1\" \/>\n<col class=\"pd-table-col-2\" \/><\/colgroup>\n<tbody>\n<tr>\n<td>em opera\u00e7\u00e3o<\/td>\n<td>LED, verde<\/td>\n<\/tr>\n<tr>\n<td>erro<\/td>\n<td>LED, vermelho<\/td>\n<\/tr>\n<tr>\n<td>Fun\u00e7\u00e3o<\/td>\n<td>LED, amarelo<\/td>\n<\/tr>\n<\/tbody>\n<\/table>\n<\/td>\n<\/tr>\n<tr>\n<th class=\"pd-table-h1\" colspan=\"2\" scope=\"colgroup\">Conex\u00e3o el\u00e9trica<\/th>\n<\/tr>\n<tr>\n<td>Conex\u00e3o do m\u00f3dulo<\/td>\n<td>Flachkabel<\/td>\n<\/tr>\n<tr>\n<th class=\"pd-table-h1\" colspan=\"2\" scope=\"colgroup\">Acess\u00f3rios<\/th>\n<\/tr>\n<tr>\n<td>Material inclu\u00eddo<\/td>\n<td>\n<table>\n<colgroup class=\"pd-table-cols-1\">\n<col class=\"pd-table-col-1\" \/><\/colgroup>\n<tbody>\n<tr>\n<td>parte inferior<\/td>\n<\/tr>\n<\/tbody>\n<\/table>\n<\/td>\n<\/tr>\n<tr>\n<td>Acess\u00f3rio opcional<\/td>\n<td>\n<table>\n<colgroup class=\"pd-table-cols-1\">\n<col class=\"pd-table-col-1\" \/><\/colgroup>\n<tbody>\n<tr>\n<td>suporte de montagem:, E74999<\/td>\n<\/tr>\n<tr>\n<td>Parte inferior do m\u00f3dulo:, E75000<\/td>\n<\/tr>\n<tr>\n<td>tampa de prote\u00e7\u00e3o: M12, E73004<\/td>\n<\/tr>\n<tr>\n<td>Conector vedado:, E75231<\/td>\n<\/tr>\n<tr>\n<td>silenciador:, E75232<\/td>\n<\/tr>\n<tr>\n<td>Conex\u00e3o tomada L:, E75228<\/td>\n<\/tr>\n<tr>\n<td>Conex\u00e3o tomada T:, E75227<\/td>\n<\/tr>\n<\/tbody>\n<\/table>\n<\/td>\n<\/tr>\n<tr>\n<th class=\"pd-table-h1\" colspan=\"2\" scope=\"colgroup\">Notas<\/th>\n<\/tr>\n<tr>\n<td>Notas<\/td>\n<td>\n<table>\n<colgroup class=\"pd-table-cols-1\">\n<col class=\"pd-table-col-1\" \/><\/colgroup>\n<tbody>\n<tr>\n<td>Na opera\u00e7\u00e3o n\u00e3o pneum\u00e1tica, inserir tampas de veda\u00e7\u00e3o E75231 nas conex\u00f5es abertas.<\/td>\n<\/tr>\n<tr>\n<td>Evitar a entrada de sujeira e poeira.<\/td>\n<\/tr>\n<tr>\n<td>Nenhuma das conex\u00f5es seguintes pode ser conectada a um potencial externo:<\/td>\n<\/tr>\n<tr>\n<td>L-, L+, I-1, I-2, I-3, I-4<\/td>\n<\/tr>\n<tr>\n<td>As conex\u00f5es est\u00e3o ligadas galvanicamente ao cabo AS-i.<\/td>\n<\/tr>\n<tr>\n<td>Favor observar as informa\u00e7\u00f5es sobre ar comprimido e EMC\/descarga de seguran\u00e7a em \u201cdownloads\u201d<\/td>\n<\/tr>\n<\/tbody>\n<\/table>\n<\/td>\n<\/tr>\n<tr>\n<td>Quantidade<\/td>\n<td>1 pe\u00e7a<\/td>\n<\/tr>\n<tr>\n<th class=\"pd-table-h1\" colspan=\"2\" scope=\"colgroup\">conex\u00e3o el\u00e9trica<\/th>\n<\/tr>\n<tr>\n<td>Conex\u00e3o<\/td>\n<td>t\u00e9cnica r\u00e1pida de montagem para cabo chato AS-i: ; poss\u00edvel alinhar em tr\u00eas dire\u00e7\u00f5es<\/td>\n<\/tr>\n<tr>\n<td>Conex\u00e3o<\/td>\n<td>Conex\u00e3o: M12<\/td>\n<\/tr>\n<\/tbody>\n<\/table>\n","protected":false},"excerpt":{"rendered":"<p>Campo de aplica\u00e7\u00e3o Aplica\u00e7\u00e3o Montagem em campo Temperatura do flu\u00eddo [\u00b0C] -10&#8230;50 Dados el\u00e9tricos Tens\u00e3o de opera\u00e7\u00e3o [V] 26,5&#8230;31,6 DC Consumo de corrente m\u00e1x. da interface AS [mA] 280 Watchdog integrado sim Entradas\/sa\u00eddas Quantidade de entradas e sa\u00eddas Quantidade de entradas digitais: 4; quantidade de sa\u00eddas penum\u00e1ticas: 2 Entradas Quantidade de entradas digitais 4 Circuito [&hellip;]<\/p>\n","protected":false},"featured_media":3329,"template":"","meta":[],"product_brand":[],"product_cat":[353,96,56,79],"product_tag":[58,188,57],"class_list":{"0":"post-3328","1":"product","2":"type-product","3":"status-publish","4":"has-post-thumbnail","6":"product_cat-ifm","7":"product_cat-cabos","8":"product_cat-sensores","9":"product_cat-acessorios","10":"product_tag-ifm","11":"product_tag-modulo","12":"product_tag-sensor","14":"first","15":"instock","16":"shipping-taxable","17":"product-type-simple"},"yoast_head":"<!-- This site is optimized with the Yoast SEO plugin v26.3 - https:\/\/yoast.com\/wordpress\/plugins\/seo\/ -->\n<title>AC5228-AirBox AS-Interface com t\u00e9cnica de montagem r\u00e1pida-IFM - Loja Motion Up<\/title>\n<meta name=\"robots\" content=\"index, follow, max-snippet:-1, max-image-preview:large, max-video-preview:-1\" \/>\n<link rel=\"canonical\" href=\"https:\/\/motionup.com.br\/site\/produto\/ac5228-airbox-as-interface-com-tecnica-de-montagem-rapida-ifm\/\" \/>\n<meta property=\"og:locale\" content=\"pt_BR\" \/>\n<meta property=\"og:type\" content=\"article\" \/>\n<meta property=\"og:title\" content=\"AC5228-AirBox AS-Interface com t\u00e9cnica de montagem r\u00e1pida-IFM - Loja Motion Up\" \/>\n<meta property=\"og:description\" content=\"Campo de aplica\u00e7\u00e3o Aplica\u00e7\u00e3o Montagem em campo Temperatura do flu\u00eddo [\u00b0C] -10&#8230;50 Dados el\u00e9tricos Tens\u00e3o de opera\u00e7\u00e3o [V] 26,5&#8230;31,6 DC Consumo de corrente m\u00e1x. da interface AS [mA] 280 Watchdog integrado sim Entradas\/sa\u00eddas Quantidade de entradas e sa\u00eddas Quantidade de entradas digitais: 4; quantidade de sa\u00eddas penum\u00e1ticas: 2 Entradas Quantidade de entradas digitais 4 Circuito [&hellip;]\" \/>\n<meta property=\"og:url\" content=\"https:\/\/motionup.com.br\/site\/produto\/ac5228-airbox-as-interface-com-tecnica-de-montagem-rapida-ifm\/\" \/>\n<meta property=\"og:site_name\" content=\"Loja Motion Up\" \/>\n<meta property=\"article:publisher\" content=\"https:\/\/m.facebook.com\/fp3motionup\/about\/\" \/>\n<meta property=\"article:modified_time\" content=\"2021-05-04T12:15:45+00:00\" \/>\n<meta property=\"og:image\" content=\"https:\/\/motionup.com.br\/site\/wp-content\/uploads\/2021\/05\/P_F_E_W_ASI_0208_AC5228_01.jpg\" \/>\n\t<meta property=\"og:image:width\" content=\"800\" \/>\n\t<meta property=\"og:image:height\" content=\"800\" \/>\n\t<meta property=\"og:image:type\" content=\"image\/jpeg\" \/>\n<meta name=\"twitter:card\" content=\"summary_large_image\" \/>\n<meta name=\"twitter:label1\" content=\"Est. tempo de leitura\" \/>\n\t<meta name=\"twitter:data1\" content=\"3 minutos\" \/>\n<script type=\"application\/ld+json\" class=\"yoast-schema-graph\">{\"@context\":\"https:\/\/schema.org\",\"@graph\":[{\"@type\":\"WebPage\",\"@id\":\"https:\/\/motionup.com.br\/site\/produto\/ac5228-airbox-as-interface-com-tecnica-de-montagem-rapida-ifm\/\",\"url\":\"https:\/\/motionup.com.br\/site\/produto\/ac5228-airbox-as-interface-com-tecnica-de-montagem-rapida-ifm\/\",\"name\":\"AC5228-AirBox AS-Interface com t\u00e9cnica de montagem r\u00e1pida-IFM - Loja Motion Up\",\"isPartOf\":{\"@id\":\"https:\/\/motionup.com.br\/site\/#website\"},\"primaryImageOfPage\":{\"@id\":\"https:\/\/motionup.com.br\/site\/produto\/ac5228-airbox-as-interface-com-tecnica-de-montagem-rapida-ifm\/#primaryimage\"},\"image\":{\"@id\":\"https:\/\/motionup.com.br\/site\/produto\/ac5228-airbox-as-interface-com-tecnica-de-montagem-rapida-ifm\/#primaryimage\"},\"thumbnailUrl\":\"https:\/\/motionup.com.br\/site\/wp-content\/uploads\/2021\/05\/P_F_E_W_ASI_0208_AC5228_01.jpg\",\"datePublished\":\"2021-05-04T12:09:25+00:00\",\"dateModified\":\"2021-05-04T12:15:45+00:00\",\"breadcrumb\":{\"@id\":\"https:\/\/motionup.com.br\/site\/produto\/ac5228-airbox-as-interface-com-tecnica-de-montagem-rapida-ifm\/#breadcrumb\"},\"inLanguage\":\"pt-BR\",\"potentialAction\":[{\"@type\":\"ReadAction\",\"target\":[\"https:\/\/motionup.com.br\/site\/produto\/ac5228-airbox-as-interface-com-tecnica-de-montagem-rapida-ifm\/\"]}]},{\"@type\":\"ImageObject\",\"inLanguage\":\"pt-BR\",\"@id\":\"https:\/\/motionup.com.br\/site\/produto\/ac5228-airbox-as-interface-com-tecnica-de-montagem-rapida-ifm\/#primaryimage\",\"url\":\"https:\/\/motionup.com.br\/site\/wp-content\/uploads\/2021\/05\/P_F_E_W_ASI_0208_AC5228_01.jpg\",\"contentUrl\":\"https:\/\/motionup.com.br\/site\/wp-content\/uploads\/2021\/05\/P_F_E_W_ASI_0208_AC5228_01.jpg\",\"width\":800,\"height\":800},{\"@type\":\"BreadcrumbList\",\"@id\":\"https:\/\/motionup.com.br\/site\/produto\/ac5228-airbox-as-interface-com-tecnica-de-montagem-rapida-ifm\/#breadcrumb\",\"itemListElement\":[{\"@type\":\"ListItem\",\"position\":1,\"name\":\"In\u00edcio\",\"item\":\"https:\/\/motionup.com.br\/site\/\"},{\"@type\":\"ListItem\",\"position\":2,\"name\":\"Produtos\",\"item\":\"https:\/\/motionup.com.br\/site\/produtos\/\"},{\"@type\":\"ListItem\",\"position\":3,\"name\":\"AC5228-AirBox AS-Interface com t\u00e9cnica de montagem r\u00e1pida-IFM\"}]},{\"@type\":\"WebSite\",\"@id\":\"https:\/\/motionup.com.br\/site\/#website\",\"url\":\"https:\/\/motionup.com.br\/site\/\",\"name\":\"Motion Up\",\"description\":\"E-commerce Motion Up - Automa\u00e7\u00e3o Industrial\",\"publisher\":{\"@id\":\"https:\/\/motionup.com.br\/site\/#organization\"},\"potentialAction\":[{\"@type\":\"SearchAction\",\"target\":{\"@type\":\"EntryPoint\",\"urlTemplate\":\"https:\/\/motionup.com.br\/site\/?s={search_term_string}\"},\"query-input\":{\"@type\":\"PropertyValueSpecification\",\"valueRequired\":true,\"valueName\":\"search_term_string\"}}],\"inLanguage\":\"pt-BR\"},{\"@type\":\"Organization\",\"@id\":\"https:\/\/motionup.com.br\/site\/#organization\",\"name\":\"Motion Up\",\"url\":\"https:\/\/motionup.com.br\/site\/\",\"logo\":{\"@type\":\"ImageObject\",\"inLanguage\":\"pt-BR\",\"@id\":\"https:\/\/motionup.com.br\/site\/#\/schema\/logo\/image\/\",\"url\":\"https:\/\/motionup.com.br\/site\/wp-content\/uploads\/2025\/05\/MOTIONUP.png\",\"contentUrl\":\"https:\/\/motionup.com.br\/site\/wp-content\/uploads\/2025\/05\/MOTIONUP.png\",\"width\":1200,\"height\":601,\"caption\":\"Motion Up\"},\"image\":{\"@id\":\"https:\/\/motionup.com.br\/site\/#\/schema\/logo\/image\/\"},\"sameAs\":[\"https:\/\/m.facebook.com\/fp3motionup\/about\/\",\"https:\/\/br.linkedin.com\/company\/fpn-controle-e-automao-industrial-ltda\"]}]}<\/script>\n<!-- \/ Yoast SEO plugin. -->","yoast_head_json":{"title":"AC5228-AirBox AS-Interface com t\u00e9cnica de montagem r\u00e1pida-IFM - Loja Motion Up","robots":{"index":"index","follow":"follow","max-snippet":"max-snippet:-1","max-image-preview":"max-image-preview:large","max-video-preview":"max-video-preview:-1"},"canonical":"https:\/\/motionup.com.br\/site\/produto\/ac5228-airbox-as-interface-com-tecnica-de-montagem-rapida-ifm\/","og_locale":"pt_BR","og_type":"article","og_title":"AC5228-AirBox AS-Interface com t\u00e9cnica de montagem r\u00e1pida-IFM - Loja Motion Up","og_description":"Campo de aplica\u00e7\u00e3o Aplica\u00e7\u00e3o Montagem em campo Temperatura do flu\u00eddo [\u00b0C] -10&#8230;50 Dados el\u00e9tricos Tens\u00e3o de opera\u00e7\u00e3o [V] 26,5&#8230;31,6 DC Consumo de corrente m\u00e1x. da interface AS [mA] 280 Watchdog integrado sim Entradas\/sa\u00eddas Quantidade de entradas e sa\u00eddas Quantidade de entradas digitais: 4; quantidade de sa\u00eddas penum\u00e1ticas: 2 Entradas Quantidade de entradas digitais 4 Circuito [&hellip;]","og_url":"https:\/\/motionup.com.br\/site\/produto\/ac5228-airbox-as-interface-com-tecnica-de-montagem-rapida-ifm\/","og_site_name":"Loja Motion Up","article_publisher":"https:\/\/m.facebook.com\/fp3motionup\/about\/","article_modified_time":"2021-05-04T12:15:45+00:00","og_image":[{"width":800,"height":800,"url":"https:\/\/motionup.com.br\/site\/wp-content\/uploads\/2021\/05\/P_F_E_W_ASI_0208_AC5228_01.jpg","type":"image\/jpeg"}],"twitter_card":"summary_large_image","twitter_misc":{"Est. tempo de leitura":"3 minutos"},"schema":{"@context":"https:\/\/schema.org","@graph":[{"@type":"WebPage","@id":"https:\/\/motionup.com.br\/site\/produto\/ac5228-airbox-as-interface-com-tecnica-de-montagem-rapida-ifm\/","url":"https:\/\/motionup.com.br\/site\/produto\/ac5228-airbox-as-interface-com-tecnica-de-montagem-rapida-ifm\/","name":"AC5228-AirBox AS-Interface com t\u00e9cnica de montagem r\u00e1pida-IFM - Loja Motion Up","isPartOf":{"@id":"https:\/\/motionup.com.br\/site\/#website"},"primaryImageOfPage":{"@id":"https:\/\/motionup.com.br\/site\/produto\/ac5228-airbox-as-interface-com-tecnica-de-montagem-rapida-ifm\/#primaryimage"},"image":{"@id":"https:\/\/motionup.com.br\/site\/produto\/ac5228-airbox-as-interface-com-tecnica-de-montagem-rapida-ifm\/#primaryimage"},"thumbnailUrl":"https:\/\/motionup.com.br\/site\/wp-content\/uploads\/2021\/05\/P_F_E_W_ASI_0208_AC5228_01.jpg","datePublished":"2021-05-04T12:09:25+00:00","dateModified":"2021-05-04T12:15:45+00:00","breadcrumb":{"@id":"https:\/\/motionup.com.br\/site\/produto\/ac5228-airbox-as-interface-com-tecnica-de-montagem-rapida-ifm\/#breadcrumb"},"inLanguage":"pt-BR","potentialAction":[{"@type":"ReadAction","target":["https:\/\/motionup.com.br\/site\/produto\/ac5228-airbox-as-interface-com-tecnica-de-montagem-rapida-ifm\/"]}]},{"@type":"ImageObject","inLanguage":"pt-BR","@id":"https:\/\/motionup.com.br\/site\/produto\/ac5228-airbox-as-interface-com-tecnica-de-montagem-rapida-ifm\/#primaryimage","url":"https:\/\/motionup.com.br\/site\/wp-content\/uploads\/2021\/05\/P_F_E_W_ASI_0208_AC5228_01.jpg","contentUrl":"https:\/\/motionup.com.br\/site\/wp-content\/uploads\/2021\/05\/P_F_E_W_ASI_0208_AC5228_01.jpg","width":800,"height":800},{"@type":"BreadcrumbList","@id":"https:\/\/motionup.com.br\/site\/produto\/ac5228-airbox-as-interface-com-tecnica-de-montagem-rapida-ifm\/#breadcrumb","itemListElement":[{"@type":"ListItem","position":1,"name":"In\u00edcio","item":"https:\/\/motionup.com.br\/site\/"},{"@type":"ListItem","position":2,"name":"Produtos","item":"https:\/\/motionup.com.br\/site\/produtos\/"},{"@type":"ListItem","position":3,"name":"AC5228-AirBox AS-Interface com t\u00e9cnica de montagem r\u00e1pida-IFM"}]},{"@type":"WebSite","@id":"https:\/\/motionup.com.br\/site\/#website","url":"https:\/\/motionup.com.br\/site\/","name":"Motion Up","description":"E-commerce Motion Up - Automa\u00e7\u00e3o Industrial","publisher":{"@id":"https:\/\/motionup.com.br\/site\/#organization"},"potentialAction":[{"@type":"SearchAction","target":{"@type":"EntryPoint","urlTemplate":"https:\/\/motionup.com.br\/site\/?s={search_term_string}"},"query-input":{"@type":"PropertyValueSpecification","valueRequired":true,"valueName":"search_term_string"}}],"inLanguage":"pt-BR"},{"@type":"Organization","@id":"https:\/\/motionup.com.br\/site\/#organization","name":"Motion Up","url":"https:\/\/motionup.com.br\/site\/","logo":{"@type":"ImageObject","inLanguage":"pt-BR","@id":"https:\/\/motionup.com.br\/site\/#\/schema\/logo\/image\/","url":"https:\/\/motionup.com.br\/site\/wp-content\/uploads\/2025\/05\/MOTIONUP.png","contentUrl":"https:\/\/motionup.com.br\/site\/wp-content\/uploads\/2025\/05\/MOTIONUP.png","width":1200,"height":601,"caption":"Motion Up"},"image":{"@id":"https:\/\/motionup.com.br\/site\/#\/schema\/logo\/image\/"},"sameAs":["https:\/\/m.facebook.com\/fp3motionup\/about\/","https:\/\/br.linkedin.com\/company\/fpn-controle-e-automao-industrial-ltda"]}]}},"_links":{"self":[{"href":"https:\/\/motionup.com.br\/site\/wp-json\/wp\/v2\/product\/3328","targetHints":{"allow":["GET"]}}],"collection":[{"href":"https:\/\/motionup.com.br\/site\/wp-json\/wp\/v2\/product"}],"about":[{"href":"https:\/\/motionup.com.br\/site\/wp-json\/wp\/v2\/types\/product"}],"wp:featuredmedia":[{"embeddable":true,"href":"https:\/\/motionup.com.br\/site\/wp-json\/wp\/v2\/media\/3329"}],"wp:attachment":[{"href":"https:\/\/motionup.com.br\/site\/wp-json\/wp\/v2\/media?parent=3328"}],"wp:term":[{"taxonomy":"product_brand","embeddable":true,"href":"https:\/\/motionup.com.br\/site\/wp-json\/wp\/v2\/product_brand?post=3328"},{"taxonomy":"product_cat","embeddable":true,"href":"https:\/\/motionup.com.br\/site\/wp-json\/wp\/v2\/product_cat?post=3328"},{"taxonomy":"product_tag","embeddable":true,"href":"https:\/\/motionup.com.br\/site\/wp-json\/wp\/v2\/product_tag?post=3328"}],"curies":[{"name":"wp","href":"https:\/\/api.w.org\/{rel}","templated":true}]}}