{"id":3333,"date":"2021-05-10T11:22:45","date_gmt":"2021-05-10T14:22:45","guid":{"rendered":"https:\/\/motionup.com.br\/site\/?post_type=product&#038;p=3333"},"modified":"2021-05-10T11:27:35","modified_gmt":"2021-05-10T14:27:35","slug":"ac1375-profibus-dp-gateway-as-interface-ifm","status":"publish","type":"product","link":"https:\/\/motionup.com.br\/site\/produto\/ac1375-profibus-dp-gateway-as-interface-ifm\/","title":{"rendered":"AC1375-PROFIBUS DP-Gateway AS-Interface-IFM"},"content":{"rendered":"<table class=\"pd-table\">\n<colgroup class=\"pd-table-cols-2\">\n<col class=\"pd-table-col-1\" \/>\n<col class=\"pd-table-col-2\" \/><\/colgroup>\n<tbody>\n<tr>\n<th class=\"pd-table-h1\" colspan=\"2\" scope=\"colgroup\">Campo de aplica\u00e7\u00e3o<\/th>\n<\/tr>\n<tr>\n<td>Aplica\u00e7\u00e3o<\/td>\n<td>Gateway PROFIBUS DP<\/td>\n<\/tr>\n<tr>\n<th class=\"pd-table-h1\" colspan=\"2\" scope=\"colgroup\">Dados el\u00e9tricos<\/th>\n<\/tr>\n<tr>\n<td>Tens\u00e3o de opera\u00e7\u00e3o [V]<\/td>\n<td>26,5&#8230;31,6 DC; (AS-i)<\/td>\n<\/tr>\n<tr>\n<td>Resist\u00eancia do isolamento [V]<\/td>\n<td>500<\/td>\n<\/tr>\n<tr>\n<td>Consumo de corrente m\u00e1x. da interface AS [mA]<\/td>\n<td>200<\/td>\n<\/tr>\n<tr>\n<td>Consumo energ\u00e9tico m\u00e1x. [VA]<\/td>\n<td>4<\/td>\n<\/tr>\n<tr>\n<td>N\u00famero de mestres AS-i<\/td>\n<td>1<\/td>\n<\/tr>\n<tr>\n<td>Separa\u00e7\u00e3o galv\u00e2nica<\/td>\n<td>sim<\/td>\n<\/tr>\n<tr>\n<th class=\"pd-table-h1\" colspan=\"2\" scope=\"colgroup\">Sa\u00eddas<\/th>\n<\/tr>\n<tr>\n<td>Fun\u00e7\u00e3o el\u00e9trica<\/td>\n<td>AS-i<\/td>\n<\/tr>\n<tr>\n<th class=\"pd-table-h1\" colspan=\"2\" scope=\"colgroup\">Interfaces<\/th>\n<\/tr>\n<tr>\n<td>Interface de comunica\u00e7\u00e3o<\/td>\n<td>PROFIBUS<\/td>\n<\/tr>\n<tr>\n<th class=\"pd-table-h2\" colspan=\"2\" scope=\"colgroup\">PROFIBUS<\/th>\n<\/tr>\n<tr>\n<td>Padr\u00e3o de transmiss\u00e3o<\/td>\n<td>EN 50170<\/td>\n<\/tr>\n<tr>\n<td>Taxa de transmiss\u00e3o<\/td>\n<td>12 MBaud<\/td>\n<\/tr>\n<tr>\n<td>Protocolo<\/td>\n<td>Profibus DP<\/td>\n<\/tr>\n<tr>\n<td>Tipo utilizado<\/td>\n<td>transmiss\u00e3o de dados<\/td>\n<\/tr>\n<tr>\n<td>Note on interfaces<\/td>\n<td>\n<table>\n<colgroup class=\"pd-table-cols-1\">\n<col class=\"pd-table-col-1\" \/><\/colgroup>\n<tbody>\n<tr>\n<td>fun\u00e7\u00e3o de diagn\u00f3stico<\/td>\n<\/tr>\n<\/tbody>\n<\/table>\n<\/td>\n<\/tr>\n<tr>\n<th class=\"pd-table-h1\" colspan=\"2\" scope=\"colgroup\">Condi\u00e7\u00f5es ambientais<\/th>\n<\/tr>\n<tr>\n<td>Temperatura ambiente [\u00b0C]<\/td>\n<td>0&#8230;60<\/td>\n<\/tr>\n<tr>\n<td>Temperatura de armazenamento [\u00b0C]<\/td>\n<td>-20&#8230;70<\/td>\n<\/tr>\n<tr>\n<td>Prote\u00e7\u00e3o<\/td>\n<td>IP 20<\/td>\n<\/tr>\n<tr>\n<th class=\"pd-table-h1\" colspan=\"2\" scope=\"colgroup\">Valor caracter\u00edstico AS-i<\/th>\n<\/tr>\n<tr>\n<td>Vers\u00e3o AS-i<\/td>\n<td>2.11; 3.0<\/td>\n<\/tr>\n<tr>\n<td>Perfil AS-i<\/td>\n<td>M4<\/td>\n<\/tr>\n<tr>\n<td>Certificado AS-i solicitado<\/td>\n<td>sim<\/td>\n<\/tr>\n<tr>\n<th class=\"pd-table-h1\" colspan=\"2\" scope=\"colgroup\">Dados mec\u00e2nicos<\/th>\n<\/tr>\n<tr>\n<td>Peso [g]<\/td>\n<td>391,5<\/td>\n<\/tr>\n<tr>\n<td>Inv\u00f3lucro<\/td>\n<td>Inv\u00f3lucro para montagem de acordo com as normas DIN<\/td>\n<\/tr>\n<tr>\n<td>Materiais<\/td>\n<td>alum\u00ednio; chapa de a\u00e7o galvanizado<\/td>\n<\/tr>\n<tr>\n<th class=\"pd-table-h1\" colspan=\"2\" scope=\"colgroup\">Displays \/ elementos de opera\u00e7\u00e3o<\/th>\n<\/tr>\n<tr>\n<td>Display<\/td>\n<td>\n<table>\n<colgroup class=\"pd-table-cols-2\">\n<col class=\"pd-table-col-1\" \/>\n<col class=\"pd-table-col-2\" \/><\/colgroup>\n<tbody>\n<tr>\n<td>Fun\u00e7\u00e3o<\/td>\n<td>2 x LED, vermelho<\/td>\n<\/tr>\n<tr>\n<td><\/td>\n<td>1 x LED, verde<\/td>\n<\/tr>\n<tr>\n<td><\/td>\n<td>1 x LED, amarelo<\/td>\n<\/tr>\n<tr>\n<td><\/td>\n<td>display LCD plenamente gr\u00e1fico<\/td>\n<\/tr>\n<\/tbody>\n<\/table>\n<\/td>\n<\/tr>\n<\/tbody>\n<\/table>\n","protected":false},"excerpt":{"rendered":"<p>Campo de aplica\u00e7\u00e3o Aplica\u00e7\u00e3o Gateway PROFIBUS DP Dados el\u00e9tricos Tens\u00e3o de opera\u00e7\u00e3o [V] 26,5&#8230;31,6 DC; (AS-i) Resist\u00eancia do isolamento [V] 500 Consumo de corrente m\u00e1x. da interface AS [mA] 200 Consumo energ\u00e9tico m\u00e1x. [VA] 4 N\u00famero de mestres AS-i 1 Separa\u00e7\u00e3o galv\u00e2nica sim Sa\u00eddas Fun\u00e7\u00e3o el\u00e9trica AS-i Interfaces Interface de comunica\u00e7\u00e3o PROFIBUS PROFIBUS Padr\u00e3o de [&hellip;]<\/p>\n","protected":false},"featured_media":3334,"template":"","meta":[],"product_brand":[],"product_cat":[353,96,56,79],"product_tag":[58,188,57],"class_list":{"0":"post-3333","1":"product","2":"type-product","3":"status-publish","4":"has-post-thumbnail","6":"product_cat-ifm","7":"product_cat-cabos","8":"product_cat-sensores","9":"product_cat-acessorios","10":"product_tag-ifm","11":"product_tag-modulo","12":"product_tag-sensor","14":"first","15":"instock","16":"shipping-taxable","17":"product-type-simple"},"yoast_head":"<!-- This site is optimized with the Yoast SEO plugin v26.3 - https:\/\/yoast.com\/wordpress\/plugins\/seo\/ -->\n<title>AC1375-PROFIBUS DP-Gateway AS-Interface-IFM - Loja Motion Up<\/title>\n<meta name=\"robots\" content=\"index, follow, max-snippet:-1, max-image-preview:large, max-video-preview:-1\" \/>\n<link rel=\"canonical\" href=\"https:\/\/motionup.com.br\/site\/produto\/ac1375-profibus-dp-gateway-as-interface-ifm\/\" \/>\n<meta property=\"og:locale\" content=\"pt_BR\" \/>\n<meta property=\"og:type\" content=\"article\" \/>\n<meta property=\"og:title\" content=\"AC1375-PROFIBUS DP-Gateway AS-Interface-IFM - Loja Motion Up\" \/>\n<meta property=\"og:description\" content=\"Campo de aplica\u00e7\u00e3o Aplica\u00e7\u00e3o Gateway PROFIBUS DP Dados el\u00e9tricos Tens\u00e3o de opera\u00e7\u00e3o [V] 26,5&#8230;31,6 DC; (AS-i) Resist\u00eancia do isolamento [V] 500 Consumo de corrente m\u00e1x. da interface AS [mA] 200 Consumo energ\u00e9tico m\u00e1x. [VA] 4 N\u00famero de mestres AS-i 1 Separa\u00e7\u00e3o galv\u00e2nica sim Sa\u00eddas Fun\u00e7\u00e3o el\u00e9trica AS-i Interfaces Interface de comunica\u00e7\u00e3o PROFIBUS PROFIBUS Padr\u00e3o de [&hellip;]\" \/>\n<meta property=\"og:url\" content=\"https:\/\/motionup.com.br\/site\/produto\/ac1375-profibus-dp-gateway-as-interface-ifm\/\" \/>\n<meta property=\"og:site_name\" content=\"Loja Motion Up\" \/>\n<meta property=\"article:publisher\" content=\"https:\/\/m.facebook.com\/fp3motionup\/about\/\" \/>\n<meta property=\"article:modified_time\" content=\"2021-05-10T14:27:35+00:00\" \/>\n<meta property=\"og:image\" content=\"https:\/\/motionup.com.br\/site\/wp-content\/uploads\/2021\/05\/P_F_E_W_ASI_0054_AC1375_01.jpg\" \/>\n\t<meta property=\"og:image:width\" content=\"1200\" \/>\n\t<meta property=\"og:image:height\" content=\"1200\" \/>\n\t<meta property=\"og:image:type\" content=\"image\/jpeg\" \/>\n<meta name=\"twitter:card\" content=\"summary_large_image\" \/>\n<meta name=\"twitter:label1\" content=\"Est. tempo de leitura\" \/>\n\t<meta name=\"twitter:data1\" content=\"1 minuto\" \/>\n<script type=\"application\/ld+json\" class=\"yoast-schema-graph\">{\"@context\":\"https:\/\/schema.org\",\"@graph\":[{\"@type\":\"WebPage\",\"@id\":\"https:\/\/motionup.com.br\/site\/produto\/ac1375-profibus-dp-gateway-as-interface-ifm\/\",\"url\":\"https:\/\/motionup.com.br\/site\/produto\/ac1375-profibus-dp-gateway-as-interface-ifm\/\",\"name\":\"AC1375-PROFIBUS DP-Gateway AS-Interface-IFM - Loja Motion Up\",\"isPartOf\":{\"@id\":\"https:\/\/motionup.com.br\/site\/#website\"},\"primaryImageOfPage\":{\"@id\":\"https:\/\/motionup.com.br\/site\/produto\/ac1375-profibus-dp-gateway-as-interface-ifm\/#primaryimage\"},\"image\":{\"@id\":\"https:\/\/motionup.com.br\/site\/produto\/ac1375-profibus-dp-gateway-as-interface-ifm\/#primaryimage\"},\"thumbnailUrl\":\"https:\/\/motionup.com.br\/site\/wp-content\/uploads\/2021\/05\/P_F_E_W_ASI_0054_AC1375_01.jpg\",\"datePublished\":\"2021-05-10T14:22:45+00:00\",\"dateModified\":\"2021-05-10T14:27:35+00:00\",\"breadcrumb\":{\"@id\":\"https:\/\/motionup.com.br\/site\/produto\/ac1375-profibus-dp-gateway-as-interface-ifm\/#breadcrumb\"},\"inLanguage\":\"pt-BR\",\"potentialAction\":[{\"@type\":\"ReadAction\",\"target\":[\"https:\/\/motionup.com.br\/site\/produto\/ac1375-profibus-dp-gateway-as-interface-ifm\/\"]}]},{\"@type\":\"ImageObject\",\"inLanguage\":\"pt-BR\",\"@id\":\"https:\/\/motionup.com.br\/site\/produto\/ac1375-profibus-dp-gateway-as-interface-ifm\/#primaryimage\",\"url\":\"https:\/\/motionup.com.br\/site\/wp-content\/uploads\/2021\/05\/P_F_E_W_ASI_0054_AC1375_01.jpg\",\"contentUrl\":\"https:\/\/motionup.com.br\/site\/wp-content\/uploads\/2021\/05\/P_F_E_W_ASI_0054_AC1375_01.jpg\",\"width\":1200,\"height\":1200},{\"@type\":\"BreadcrumbList\",\"@id\":\"https:\/\/motionup.com.br\/site\/produto\/ac1375-profibus-dp-gateway-as-interface-ifm\/#breadcrumb\",\"itemListElement\":[{\"@type\":\"ListItem\",\"position\":1,\"name\":\"In\u00edcio\",\"item\":\"https:\/\/motionup.com.br\/site\/\"},{\"@type\":\"ListItem\",\"position\":2,\"name\":\"Produtos\",\"item\":\"https:\/\/motionup.com.br\/site\/produtos\/\"},{\"@type\":\"ListItem\",\"position\":3,\"name\":\"AC1375-PROFIBUS DP-Gateway AS-Interface-IFM\"}]},{\"@type\":\"WebSite\",\"@id\":\"https:\/\/motionup.com.br\/site\/#website\",\"url\":\"https:\/\/motionup.com.br\/site\/\",\"name\":\"Motion Up\",\"description\":\"E-commerce Motion Up - Automa\u00e7\u00e3o Industrial\",\"publisher\":{\"@id\":\"https:\/\/motionup.com.br\/site\/#organization\"},\"potentialAction\":[{\"@type\":\"SearchAction\",\"target\":{\"@type\":\"EntryPoint\",\"urlTemplate\":\"https:\/\/motionup.com.br\/site\/?s={search_term_string}\"},\"query-input\":{\"@type\":\"PropertyValueSpecification\",\"valueRequired\":true,\"valueName\":\"search_term_string\"}}],\"inLanguage\":\"pt-BR\"},{\"@type\":\"Organization\",\"@id\":\"https:\/\/motionup.com.br\/site\/#organization\",\"name\":\"Motion Up\",\"url\":\"https:\/\/motionup.com.br\/site\/\",\"logo\":{\"@type\":\"ImageObject\",\"inLanguage\":\"pt-BR\",\"@id\":\"https:\/\/motionup.com.br\/site\/#\/schema\/logo\/image\/\",\"url\":\"https:\/\/motionup.com.br\/site\/wp-content\/uploads\/2025\/05\/MOTIONUP.png\",\"contentUrl\":\"https:\/\/motionup.com.br\/site\/wp-content\/uploads\/2025\/05\/MOTIONUP.png\",\"width\":1200,\"height\":601,\"caption\":\"Motion Up\"},\"image\":{\"@id\":\"https:\/\/motionup.com.br\/site\/#\/schema\/logo\/image\/\"},\"sameAs\":[\"https:\/\/m.facebook.com\/fp3motionup\/about\/\",\"https:\/\/br.linkedin.com\/company\/fpn-controle-e-automao-industrial-ltda\"]}]}<\/script>\n<!-- \/ Yoast SEO plugin. -->","yoast_head_json":{"title":"AC1375-PROFIBUS DP-Gateway AS-Interface-IFM - Loja Motion Up","robots":{"index":"index","follow":"follow","max-snippet":"max-snippet:-1","max-image-preview":"max-image-preview:large","max-video-preview":"max-video-preview:-1"},"canonical":"https:\/\/motionup.com.br\/site\/produto\/ac1375-profibus-dp-gateway-as-interface-ifm\/","og_locale":"pt_BR","og_type":"article","og_title":"AC1375-PROFIBUS DP-Gateway AS-Interface-IFM - Loja Motion Up","og_description":"Campo de aplica\u00e7\u00e3o Aplica\u00e7\u00e3o Gateway PROFIBUS DP Dados el\u00e9tricos Tens\u00e3o de opera\u00e7\u00e3o [V] 26,5&#8230;31,6 DC; (AS-i) Resist\u00eancia do isolamento [V] 500 Consumo de corrente m\u00e1x. da interface AS [mA] 200 Consumo energ\u00e9tico m\u00e1x. [VA] 4 N\u00famero de mestres AS-i 1 Separa\u00e7\u00e3o galv\u00e2nica sim Sa\u00eddas Fun\u00e7\u00e3o el\u00e9trica AS-i Interfaces Interface de comunica\u00e7\u00e3o PROFIBUS PROFIBUS Padr\u00e3o de [&hellip;]","og_url":"https:\/\/motionup.com.br\/site\/produto\/ac1375-profibus-dp-gateway-as-interface-ifm\/","og_site_name":"Loja Motion Up","article_publisher":"https:\/\/m.facebook.com\/fp3motionup\/about\/","article_modified_time":"2021-05-10T14:27:35+00:00","og_image":[{"width":1200,"height":1200,"url":"https:\/\/motionup.com.br\/site\/wp-content\/uploads\/2021\/05\/P_F_E_W_ASI_0054_AC1375_01.jpg","type":"image\/jpeg"}],"twitter_card":"summary_large_image","twitter_misc":{"Est. tempo de leitura":"1 minuto"},"schema":{"@context":"https:\/\/schema.org","@graph":[{"@type":"WebPage","@id":"https:\/\/motionup.com.br\/site\/produto\/ac1375-profibus-dp-gateway-as-interface-ifm\/","url":"https:\/\/motionup.com.br\/site\/produto\/ac1375-profibus-dp-gateway-as-interface-ifm\/","name":"AC1375-PROFIBUS DP-Gateway AS-Interface-IFM - Loja Motion Up","isPartOf":{"@id":"https:\/\/motionup.com.br\/site\/#website"},"primaryImageOfPage":{"@id":"https:\/\/motionup.com.br\/site\/produto\/ac1375-profibus-dp-gateway-as-interface-ifm\/#primaryimage"},"image":{"@id":"https:\/\/motionup.com.br\/site\/produto\/ac1375-profibus-dp-gateway-as-interface-ifm\/#primaryimage"},"thumbnailUrl":"https:\/\/motionup.com.br\/site\/wp-content\/uploads\/2021\/05\/P_F_E_W_ASI_0054_AC1375_01.jpg","datePublished":"2021-05-10T14:22:45+00:00","dateModified":"2021-05-10T14:27:35+00:00","breadcrumb":{"@id":"https:\/\/motionup.com.br\/site\/produto\/ac1375-profibus-dp-gateway-as-interface-ifm\/#breadcrumb"},"inLanguage":"pt-BR","potentialAction":[{"@type":"ReadAction","target":["https:\/\/motionup.com.br\/site\/produto\/ac1375-profibus-dp-gateway-as-interface-ifm\/"]}]},{"@type":"ImageObject","inLanguage":"pt-BR","@id":"https:\/\/motionup.com.br\/site\/produto\/ac1375-profibus-dp-gateway-as-interface-ifm\/#primaryimage","url":"https:\/\/motionup.com.br\/site\/wp-content\/uploads\/2021\/05\/P_F_E_W_ASI_0054_AC1375_01.jpg","contentUrl":"https:\/\/motionup.com.br\/site\/wp-content\/uploads\/2021\/05\/P_F_E_W_ASI_0054_AC1375_01.jpg","width":1200,"height":1200},{"@type":"BreadcrumbList","@id":"https:\/\/motionup.com.br\/site\/produto\/ac1375-profibus-dp-gateway-as-interface-ifm\/#breadcrumb","itemListElement":[{"@type":"ListItem","position":1,"name":"In\u00edcio","item":"https:\/\/motionup.com.br\/site\/"},{"@type":"ListItem","position":2,"name":"Produtos","item":"https:\/\/motionup.com.br\/site\/produtos\/"},{"@type":"ListItem","position":3,"name":"AC1375-PROFIBUS DP-Gateway AS-Interface-IFM"}]},{"@type":"WebSite","@id":"https:\/\/motionup.com.br\/site\/#website","url":"https:\/\/motionup.com.br\/site\/","name":"Motion Up","description":"E-commerce Motion Up - Automa\u00e7\u00e3o Industrial","publisher":{"@id":"https:\/\/motionup.com.br\/site\/#organization"},"potentialAction":[{"@type":"SearchAction","target":{"@type":"EntryPoint","urlTemplate":"https:\/\/motionup.com.br\/site\/?s={search_term_string}"},"query-input":{"@type":"PropertyValueSpecification","valueRequired":true,"valueName":"search_term_string"}}],"inLanguage":"pt-BR"},{"@type":"Organization","@id":"https:\/\/motionup.com.br\/site\/#organization","name":"Motion Up","url":"https:\/\/motionup.com.br\/site\/","logo":{"@type":"ImageObject","inLanguage":"pt-BR","@id":"https:\/\/motionup.com.br\/site\/#\/schema\/logo\/image\/","url":"https:\/\/motionup.com.br\/site\/wp-content\/uploads\/2025\/05\/MOTIONUP.png","contentUrl":"https:\/\/motionup.com.br\/site\/wp-content\/uploads\/2025\/05\/MOTIONUP.png","width":1200,"height":601,"caption":"Motion Up"},"image":{"@id":"https:\/\/motionup.com.br\/site\/#\/schema\/logo\/image\/"},"sameAs":["https:\/\/m.facebook.com\/fp3motionup\/about\/","https:\/\/br.linkedin.com\/company\/fpn-controle-e-automao-industrial-ltda"]}]}},"_links":{"self":[{"href":"https:\/\/motionup.com.br\/site\/wp-json\/wp\/v2\/product\/3333","targetHints":{"allow":["GET"]}}],"collection":[{"href":"https:\/\/motionup.com.br\/site\/wp-json\/wp\/v2\/product"}],"about":[{"href":"https:\/\/motionup.com.br\/site\/wp-json\/wp\/v2\/types\/product"}],"wp:featuredmedia":[{"embeddable":true,"href":"https:\/\/motionup.com.br\/site\/wp-json\/wp\/v2\/media\/3334"}],"wp:attachment":[{"href":"https:\/\/motionup.com.br\/site\/wp-json\/wp\/v2\/media?parent=3333"}],"wp:term":[{"taxonomy":"product_brand","embeddable":true,"href":"https:\/\/motionup.com.br\/site\/wp-json\/wp\/v2\/product_brand?post=3333"},{"taxonomy":"product_cat","embeddable":true,"href":"https:\/\/motionup.com.br\/site\/wp-json\/wp\/v2\/product_cat?post=3333"},{"taxonomy":"product_tag","embeddable":true,"href":"https:\/\/motionup.com.br\/site\/wp-json\/wp\/v2\/product_tag?post=3333"}],"curies":[{"name":"wp","href":"https:\/\/api.w.org\/{rel}","templated":true}]}}