{"id":3346,"date":"2021-05-10T11:52:22","date_gmt":"2021-05-10T14:52:22","guid":{"rendered":"https:\/\/motionup.com.br\/site\/?post_type=product&#038;p=3346"},"modified":"2023-10-06T14:00:19","modified_gmt":"2023-10-06T17:00:19","slug":"o1d300-sensor-optico-de-nivel-ifm","status":"publish","type":"product","link":"https:\/\/motionup.com.br\/site\/produto\/o1d300-sensor-optico-de-nivel-ifm\/","title":{"rendered":"O1D300 &#8211; SENSOR OPTICO DE NIVEL &#8211; ALCANCE: 0,2&#8230;10M (PAPEL BRANCO 200 x 200 mm 90% REMISSAO) &#8211; FREQ.: 1&#8230;33Hz &#8211; IFM"},"content":{"rendered":"<p>O1D300 &#8211; SENSOR OPTICO DE NIVEL &#8211; ALCANCE: 0,2&#8230;10M (PAPEL BRANCO 200 x 200 mm 90% REMISSAO) &#8211; FREQ.: 1&#8230;33Hz &#8211; IFM<\/p>\n<p>Consulte um vendedor e solicite um or\u00e7amento<\/p>\n<p>vendas@motionup.com.br<\/p>\n<p>motionup@motionup.com.br<\/p>\n<hr \/>\n<ul class=\"bulletpoint-list__entries\">\n<li>Medi\u00e7\u00e3o \u00f3ptica confi\u00e1vel do n\u00edvel com elevado alcance at\u00e9 9,8 m<\/li>\n<li>Faixa de medi\u00e7\u00e3o gradu\u00e1vel e fun\u00e7\u00e3o de janela ajust\u00e1vel<\/li>\n<li>Duas sa\u00eddas de comuta\u00e7\u00e3o, uma delas program\u00e1vel como sa\u00edda anal\u00f3gica<\/li>\n<li>Ampla gama de componentes para uma montagem simples e um ajuste preciso<\/li>\n<li>Muito boa rela\u00e7\u00e3o pre\u00e7o-desempenho<\/li>\n<\/ul>\n<blockquote><p><strong>CARACTERISTICAS DO PRODUTO<\/strong><\/p><\/blockquote>\n<ul>\n<li>Classe de prote\u00e7\u00e3o do laser &#8212;&gt; 2<\/li>\n<li>Inv\u00f3lucro &#8212;&gt; Retangular<\/li>\n<\/ul>\n<blockquote><p><strong>FAIXA DE MEDI\u00c7\u00c3O\/DE AJUSTE<\/strong><\/p><\/blockquote>\n<ul>\n<li>Alcance de medi\u00e7\u00e3o [m] &#8212;&gt; 0,2&#8230;10; (papel branco 200 x 200 mm 90\u202f% remiss\u00e3o)<\/li>\n<li>Freq\u00fc\u00eancia de medi\u00e7\u00e3o [Hz] &#8212;&gt; 1&#8230;33<\/li>\n<\/ul>\n","protected":false},"excerpt":{"rendered":"<p>O1D300 &#8211; SENSOR OPTICO DE NIVEL &#8211; ALCANCE: 0,2&#8230;10M (PAPEL BRANCO 200 x 200 mm 90% REMISSAO) &#8211; FREQ.: 1&#8230;33Hz &#8211; IFM Consulte um vendedor e solicite um or\u00e7amento vendas@motionup.com.br motionup@motionup.com.br Medi\u00e7\u00e3o \u00f3ptica confi\u00e1vel do n\u00edvel com elevado alcance at\u00e9 9,8 m Faixa de medi\u00e7\u00e3o gradu\u00e1vel e fun\u00e7\u00e3o de janela ajust\u00e1vel Duas sa\u00eddas de comuta\u00e7\u00e3o, [&hellip;]<\/p>\n","protected":false},"featured_media":3344,"template":"","meta":[],"product_brand":[],"product_cat":[353,56,665],"product_tag":[],"class_list":{"0":"post-3346","1":"product","2":"type-product","3":"status-publish","4":"has-post-thumbnail","6":"product_cat-ifm","7":"product_cat-sensores","8":"product_cat-sensores-distancia","10":"first","11":"onbackorder","12":"shipping-taxable","13":"product-type-simple"},"yoast_head":"<!-- This site is optimized with the Yoast SEO plugin v26.3 - https:\/\/yoast.com\/wordpress\/plugins\/seo\/ -->\n<title>O1D300 - SENSOR OPTICO DE NIVEL - ALCANCE: 0,2...10M (PAPEL BRANCO 200 x 200 mm 90% REMISSAO) - FREQ.: 1...33Hz - IFM - Loja Motion Up<\/title>\n<meta name=\"robots\" content=\"index, follow, max-snippet:-1, max-image-preview:large, max-video-preview:-1\" \/>\n<link rel=\"canonical\" href=\"https:\/\/motionup.com.br\/site\/produto\/o1d300-sensor-optico-de-nivel-ifm\/\" \/>\n<meta property=\"og:locale\" content=\"pt_BR\" \/>\n<meta property=\"og:type\" content=\"article\" \/>\n<meta property=\"og:title\" content=\"O1D300 - SENSOR OPTICO DE NIVEL - ALCANCE: 0,2...10M (PAPEL BRANCO 200 x 200 mm 90% REMISSAO) - FREQ.: 1...33Hz - IFM - Loja Motion Up\" \/>\n<meta property=\"og:description\" content=\"O1D300 &#8211; SENSOR OPTICO DE NIVEL &#8211; ALCANCE: 0,2&#8230;10M (PAPEL BRANCO 200 x 200 mm 90% REMISSAO) &#8211; FREQ.: 1&#8230;33Hz &#8211; IFM Consulte um vendedor e solicite um or\u00e7amento vendas@motionup.com.br motionup@motionup.com.br Medi\u00e7\u00e3o \u00f3ptica confi\u00e1vel do n\u00edvel com elevado alcance at\u00e9 9,8 m Faixa de medi\u00e7\u00e3o gradu\u00e1vel e fun\u00e7\u00e3o de janela ajust\u00e1vel Duas sa\u00eddas de comuta\u00e7\u00e3o, [&hellip;]\" \/>\n<meta property=\"og:url\" content=\"https:\/\/motionup.com.br\/site\/produto\/o1d300-sensor-optico-de-nivel-ifm\/\" \/>\n<meta property=\"og:site_name\" content=\"Loja Motion Up\" \/>\n<meta property=\"article:publisher\" content=\"https:\/\/m.facebook.com\/fp3motionup\/about\/\" \/>\n<meta property=\"article:modified_time\" content=\"2023-10-06T17:00:19+00:00\" \/>\n<meta property=\"og:image\" content=\"https:\/\/motionup.com.br\/site\/wp-content\/uploads\/2021\/05\/P_F_E_W_200_0492_O1D102_01.jpg\" \/>\n\t<meta property=\"og:image:width\" content=\"1200\" \/>\n\t<meta property=\"og:image:height\" content=\"1200\" \/>\n\t<meta property=\"og:image:type\" content=\"image\/jpeg\" \/>\n<meta name=\"twitter:card\" content=\"summary_large_image\" \/>\n<meta name=\"twitter:label1\" content=\"Est. tempo de leitura\" \/>\n\t<meta name=\"twitter:data1\" content=\"1 minuto\" \/>\n<script type=\"application\/ld+json\" class=\"yoast-schema-graph\">{\"@context\":\"https:\/\/schema.org\",\"@graph\":[{\"@type\":\"WebPage\",\"@id\":\"https:\/\/motionup.com.br\/site\/produto\/o1d300-sensor-optico-de-nivel-ifm\/\",\"url\":\"https:\/\/motionup.com.br\/site\/produto\/o1d300-sensor-optico-de-nivel-ifm\/\",\"name\":\"O1D300 - SENSOR OPTICO DE NIVEL - ALCANCE: 0,2...10M (PAPEL BRANCO 200 x 200 mm 90% REMISSAO) - FREQ.: 1...33Hz - IFM - Loja Motion Up\",\"isPartOf\":{\"@id\":\"https:\/\/motionup.com.br\/site\/#website\"},\"primaryImageOfPage\":{\"@id\":\"https:\/\/motionup.com.br\/site\/produto\/o1d300-sensor-optico-de-nivel-ifm\/#primaryimage\"},\"image\":{\"@id\":\"https:\/\/motionup.com.br\/site\/produto\/o1d300-sensor-optico-de-nivel-ifm\/#primaryimage\"},\"thumbnailUrl\":\"https:\/\/motionup.com.br\/site\/wp-content\/uploads\/2021\/05\/P_F_E_W_200_0492_O1D102_01.jpg\",\"datePublished\":\"2021-05-10T14:52:22+00:00\",\"dateModified\":\"2023-10-06T17:00:19+00:00\",\"breadcrumb\":{\"@id\":\"https:\/\/motionup.com.br\/site\/produto\/o1d300-sensor-optico-de-nivel-ifm\/#breadcrumb\"},\"inLanguage\":\"pt-BR\",\"potentialAction\":[{\"@type\":\"ReadAction\",\"target\":[\"https:\/\/motionup.com.br\/site\/produto\/o1d300-sensor-optico-de-nivel-ifm\/\"]}]},{\"@type\":\"ImageObject\",\"inLanguage\":\"pt-BR\",\"@id\":\"https:\/\/motionup.com.br\/site\/produto\/o1d300-sensor-optico-de-nivel-ifm\/#primaryimage\",\"url\":\"https:\/\/motionup.com.br\/site\/wp-content\/uploads\/2021\/05\/P_F_E_W_200_0492_O1D102_01.jpg\",\"contentUrl\":\"https:\/\/motionup.com.br\/site\/wp-content\/uploads\/2021\/05\/P_F_E_W_200_0492_O1D102_01.jpg\",\"width\":1200,\"height\":1200},{\"@type\":\"BreadcrumbList\",\"@id\":\"https:\/\/motionup.com.br\/site\/produto\/o1d300-sensor-optico-de-nivel-ifm\/#breadcrumb\",\"itemListElement\":[{\"@type\":\"ListItem\",\"position\":1,\"name\":\"In\u00edcio\",\"item\":\"https:\/\/motionup.com.br\/site\/\"},{\"@type\":\"ListItem\",\"position\":2,\"name\":\"Produtos\",\"item\":\"https:\/\/motionup.com.br\/site\/produtos\/\"},{\"@type\":\"ListItem\",\"position\":3,\"name\":\"O1D300 &#8211; SENSOR OPTICO DE NIVEL &#8211; ALCANCE: 0,2&#8230;10M (PAPEL BRANCO 200 x 200 mm 90% REMISSAO) &#8211; FREQ.: 1&#8230;33Hz &#8211; IFM\"}]},{\"@type\":\"WebSite\",\"@id\":\"https:\/\/motionup.com.br\/site\/#website\",\"url\":\"https:\/\/motionup.com.br\/site\/\",\"name\":\"Motion Up\",\"description\":\"E-commerce Motion Up - Automa\u00e7\u00e3o Industrial\",\"publisher\":{\"@id\":\"https:\/\/motionup.com.br\/site\/#organization\"},\"potentialAction\":[{\"@type\":\"SearchAction\",\"target\":{\"@type\":\"EntryPoint\",\"urlTemplate\":\"https:\/\/motionup.com.br\/site\/?s={search_term_string}\"},\"query-input\":{\"@type\":\"PropertyValueSpecification\",\"valueRequired\":true,\"valueName\":\"search_term_string\"}}],\"inLanguage\":\"pt-BR\"},{\"@type\":\"Organization\",\"@id\":\"https:\/\/motionup.com.br\/site\/#organization\",\"name\":\"Motion Up\",\"url\":\"https:\/\/motionup.com.br\/site\/\",\"logo\":{\"@type\":\"ImageObject\",\"inLanguage\":\"pt-BR\",\"@id\":\"https:\/\/motionup.com.br\/site\/#\/schema\/logo\/image\/\",\"url\":\"https:\/\/motionup.com.br\/site\/wp-content\/uploads\/2025\/05\/MOTIONUP.png\",\"contentUrl\":\"https:\/\/motionup.com.br\/site\/wp-content\/uploads\/2025\/05\/MOTIONUP.png\",\"width\":1200,\"height\":601,\"caption\":\"Motion Up\"},\"image\":{\"@id\":\"https:\/\/motionup.com.br\/site\/#\/schema\/logo\/image\/\"},\"sameAs\":[\"https:\/\/m.facebook.com\/fp3motionup\/about\/\",\"https:\/\/br.linkedin.com\/company\/fpn-controle-e-automao-industrial-ltda\"]}]}<\/script>\n<!-- \/ Yoast SEO plugin. -->","yoast_head_json":{"title":"O1D300 - SENSOR OPTICO DE NIVEL - ALCANCE: 0,2...10M (PAPEL BRANCO 200 x 200 mm 90% REMISSAO) - FREQ.: 1...33Hz - IFM - Loja Motion Up","robots":{"index":"index","follow":"follow","max-snippet":"max-snippet:-1","max-image-preview":"max-image-preview:large","max-video-preview":"max-video-preview:-1"},"canonical":"https:\/\/motionup.com.br\/site\/produto\/o1d300-sensor-optico-de-nivel-ifm\/","og_locale":"pt_BR","og_type":"article","og_title":"O1D300 - SENSOR OPTICO DE NIVEL - ALCANCE: 0,2...10M (PAPEL BRANCO 200 x 200 mm 90% REMISSAO) - FREQ.: 1...33Hz - IFM - Loja Motion Up","og_description":"O1D300 &#8211; SENSOR OPTICO DE NIVEL &#8211; ALCANCE: 0,2&#8230;10M (PAPEL BRANCO 200 x 200 mm 90% REMISSAO) &#8211; FREQ.: 1&#8230;33Hz &#8211; IFM Consulte um vendedor e solicite um or\u00e7amento vendas@motionup.com.br motionup@motionup.com.br Medi\u00e7\u00e3o \u00f3ptica confi\u00e1vel do n\u00edvel com elevado alcance at\u00e9 9,8 m Faixa de medi\u00e7\u00e3o gradu\u00e1vel e fun\u00e7\u00e3o de janela ajust\u00e1vel Duas sa\u00eddas de comuta\u00e7\u00e3o, [&hellip;]","og_url":"https:\/\/motionup.com.br\/site\/produto\/o1d300-sensor-optico-de-nivel-ifm\/","og_site_name":"Loja Motion Up","article_publisher":"https:\/\/m.facebook.com\/fp3motionup\/about\/","article_modified_time":"2023-10-06T17:00:19+00:00","og_image":[{"width":1200,"height":1200,"url":"https:\/\/motionup.com.br\/site\/wp-content\/uploads\/2021\/05\/P_F_E_W_200_0492_O1D102_01.jpg","type":"image\/jpeg"}],"twitter_card":"summary_large_image","twitter_misc":{"Est. tempo de leitura":"1 minuto"},"schema":{"@context":"https:\/\/schema.org","@graph":[{"@type":"WebPage","@id":"https:\/\/motionup.com.br\/site\/produto\/o1d300-sensor-optico-de-nivel-ifm\/","url":"https:\/\/motionup.com.br\/site\/produto\/o1d300-sensor-optico-de-nivel-ifm\/","name":"O1D300 - SENSOR OPTICO DE NIVEL - ALCANCE: 0,2...10M (PAPEL BRANCO 200 x 200 mm 90% REMISSAO) - FREQ.: 1...33Hz - IFM - Loja Motion Up","isPartOf":{"@id":"https:\/\/motionup.com.br\/site\/#website"},"primaryImageOfPage":{"@id":"https:\/\/motionup.com.br\/site\/produto\/o1d300-sensor-optico-de-nivel-ifm\/#primaryimage"},"image":{"@id":"https:\/\/motionup.com.br\/site\/produto\/o1d300-sensor-optico-de-nivel-ifm\/#primaryimage"},"thumbnailUrl":"https:\/\/motionup.com.br\/site\/wp-content\/uploads\/2021\/05\/P_F_E_W_200_0492_O1D102_01.jpg","datePublished":"2021-05-10T14:52:22+00:00","dateModified":"2023-10-06T17:00:19+00:00","breadcrumb":{"@id":"https:\/\/motionup.com.br\/site\/produto\/o1d300-sensor-optico-de-nivel-ifm\/#breadcrumb"},"inLanguage":"pt-BR","potentialAction":[{"@type":"ReadAction","target":["https:\/\/motionup.com.br\/site\/produto\/o1d300-sensor-optico-de-nivel-ifm\/"]}]},{"@type":"ImageObject","inLanguage":"pt-BR","@id":"https:\/\/motionup.com.br\/site\/produto\/o1d300-sensor-optico-de-nivel-ifm\/#primaryimage","url":"https:\/\/motionup.com.br\/site\/wp-content\/uploads\/2021\/05\/P_F_E_W_200_0492_O1D102_01.jpg","contentUrl":"https:\/\/motionup.com.br\/site\/wp-content\/uploads\/2021\/05\/P_F_E_W_200_0492_O1D102_01.jpg","width":1200,"height":1200},{"@type":"BreadcrumbList","@id":"https:\/\/motionup.com.br\/site\/produto\/o1d300-sensor-optico-de-nivel-ifm\/#breadcrumb","itemListElement":[{"@type":"ListItem","position":1,"name":"In\u00edcio","item":"https:\/\/motionup.com.br\/site\/"},{"@type":"ListItem","position":2,"name":"Produtos","item":"https:\/\/motionup.com.br\/site\/produtos\/"},{"@type":"ListItem","position":3,"name":"O1D300 &#8211; SENSOR OPTICO DE NIVEL &#8211; ALCANCE: 0,2&#8230;10M (PAPEL BRANCO 200 x 200 mm 90% REMISSAO) &#8211; FREQ.: 1&#8230;33Hz &#8211; IFM"}]},{"@type":"WebSite","@id":"https:\/\/motionup.com.br\/site\/#website","url":"https:\/\/motionup.com.br\/site\/","name":"Motion Up","description":"E-commerce Motion Up - Automa\u00e7\u00e3o Industrial","publisher":{"@id":"https:\/\/motionup.com.br\/site\/#organization"},"potentialAction":[{"@type":"SearchAction","target":{"@type":"EntryPoint","urlTemplate":"https:\/\/motionup.com.br\/site\/?s={search_term_string}"},"query-input":{"@type":"PropertyValueSpecification","valueRequired":true,"valueName":"search_term_string"}}],"inLanguage":"pt-BR"},{"@type":"Organization","@id":"https:\/\/motionup.com.br\/site\/#organization","name":"Motion Up","url":"https:\/\/motionup.com.br\/site\/","logo":{"@type":"ImageObject","inLanguage":"pt-BR","@id":"https:\/\/motionup.com.br\/site\/#\/schema\/logo\/image\/","url":"https:\/\/motionup.com.br\/site\/wp-content\/uploads\/2025\/05\/MOTIONUP.png","contentUrl":"https:\/\/motionup.com.br\/site\/wp-content\/uploads\/2025\/05\/MOTIONUP.png","width":1200,"height":601,"caption":"Motion Up"},"image":{"@id":"https:\/\/motionup.com.br\/site\/#\/schema\/logo\/image\/"},"sameAs":["https:\/\/m.facebook.com\/fp3motionup\/about\/","https:\/\/br.linkedin.com\/company\/fpn-controle-e-automao-industrial-ltda"]}]}},"_links":{"self":[{"href":"https:\/\/motionup.com.br\/site\/wp-json\/wp\/v2\/product\/3346","targetHints":{"allow":["GET"]}}],"collection":[{"href":"https:\/\/motionup.com.br\/site\/wp-json\/wp\/v2\/product"}],"about":[{"href":"https:\/\/motionup.com.br\/site\/wp-json\/wp\/v2\/types\/product"}],"wp:featuredmedia":[{"embeddable":true,"href":"https:\/\/motionup.com.br\/site\/wp-json\/wp\/v2\/media\/3344"}],"wp:attachment":[{"href":"https:\/\/motionup.com.br\/site\/wp-json\/wp\/v2\/media?parent=3346"}],"wp:term":[{"taxonomy":"product_brand","embeddable":true,"href":"https:\/\/motionup.com.br\/site\/wp-json\/wp\/v2\/product_brand?post=3346"},{"taxonomy":"product_cat","embeddable":true,"href":"https:\/\/motionup.com.br\/site\/wp-json\/wp\/v2\/product_cat?post=3346"},{"taxonomy":"product_tag","embeddable":true,"href":"https:\/\/motionup.com.br\/site\/wp-json\/wp\/v2\/product_tag?post=3346"}],"curies":[{"name":"wp","href":"https:\/\/api.w.org\/{rel}","templated":true}]}}