{"id":3348,"date":"2021-05-10T11:58:29","date_gmt":"2021-05-10T14:58:29","guid":{"rendered":"https:\/\/motionup.com.br\/site\/?post_type=product&#038;p=3348"},"modified":"2021-05-10T12:00:08","modified_gmt":"2021-05-10T15:00:08","slug":"lr2050-sensor-de-nivel-continuo-microondas-guiadas-ifm","status":"publish","type":"product","link":"https:\/\/motionup.com.br\/site\/produto\/lr2050-sensor-de-nivel-continuo-microondas-guiadas-ifm\/","title":{"rendered":"LR2050-Sensor de n\u00edvel cont\u00ednuo (microondas guiadas)-IFM"},"content":{"rendered":"<table class=\"pd-table\">\n<tbody>\n<tr>\n<th class=\"pd-table-h1\" colspan=\"2\" scope=\"colgroup\">Caracter\u00edsticas do produto<\/th>\n<\/tr>\n<tr>\n<td>Quantidade de entradas e sa\u00eddas<\/td>\n<td>Quantidade de sa\u00eddas digitais: 1; Quantidade de sa\u00eddas anal\u00f3gicas: 1<\/td>\n<\/tr>\n<tr>\n<td>Comprimento da haste L [mm]<\/td>\n<td>150&#8230;2000<\/td>\n<\/tr>\n<tr>\n<td>Conex\u00e3o de processo<\/td>\n<td>G 3\/4 rosca externa<\/td>\n<\/tr>\n<tr>\n<th class=\"pd-table-h1\" colspan=\"2\" scope=\"colgroup\">Campo de aplica\u00e7\u00e3o<\/th>\n<\/tr>\n<tr>\n<td>Caracter\u00edstica especial<\/td>\n<td>Contatos banhados a ouro<\/td>\n<\/tr>\n<tr>\n<td>Subst\u00e2ncias<\/td>\n<td>Fluidos l\u00edquidos; subst\u00e2ncias \u00e0 base de \u00f3leo; meios \u00e0 base de \u00e1gua<\/td>\n<\/tr>\n<tr>\n<td>Constante diel\u00e9trica da subst\u00e2ncia<\/td>\n<td>\u2265 1,8; (nas subst\u00e2ncias com DK 1,8&#8230;5 (por exemplo, \u00f3leos) um tubo coaxial \u00e9 necess\u00e1rio para a opera\u00e7\u00e3o)<\/td>\n<\/tr>\n<tr>\n<td>Meios recomendados<\/td>\n<td>\u00e1gua; meios \u00e0 base de \u00e1gua; \u00f3leos; subst\u00e2ncias \u00e0 base de \u00f3leo<\/td>\n<\/tr>\n<tr>\n<td>Temperatura do flu\u00eddo [\u00b0C]<\/td>\n<td>-20&#8230;100<\/td>\n<\/tr>\n<tr>\n<td>Press\u00e3o do reservat\u00f3rio [bar]<\/td>\n<td>-1&#8230;16<\/td>\n<\/tr>\n<tr>\n<td>MAWP nas aplica\u00e7\u00f5es segundo CRN [bar]<\/td>\n<td>16<\/td>\n<\/tr>\n<tr>\n<th class=\"pd-table-h1\" colspan=\"2\" scope=\"colgroup\">Dados el\u00e9tricos<\/th>\n<\/tr>\n<tr>\n<td>Tens\u00e3o de opera\u00e7\u00e3o [V]<\/td>\n<td>18&#8230;30 DC<\/td>\n<\/tr>\n<tr>\n<td>Consumo de corrente [mA]<\/td>\n<td>&lt; 50<\/td>\n<\/tr>\n<tr>\n<td>Classe de prote\u00e7\u00e3o<\/td>\n<td>III<\/td>\n<\/tr>\n<tr>\n<td>Prote\u00e7\u00e3o contra invers\u00e3o de polaridade<\/td>\n<td>sim<\/td>\n<\/tr>\n<tr>\n<td>Retardo de prontid\u00e3o [s]<\/td>\n<td>&lt; 3<\/td>\n<\/tr>\n<tr>\n<th class=\"pd-table-h1\" colspan=\"2\" scope=\"colgroup\">Entradas\/sa\u00eddas<\/th>\n<\/tr>\n<tr>\n<td>Quantidade de entradas e sa\u00eddas<\/td>\n<td>Quantidade de sa\u00eddas digitais: 1; Quantidade de sa\u00eddas anal\u00f3gicas: 1<\/td>\n<\/tr>\n<tr>\n<th class=\"pd-table-h1\" colspan=\"2\" scope=\"colgroup\">Sa\u00eddas<\/th>\n<\/tr>\n<tr>\n<td>Sa\u00eddas totais<\/td>\n<td>2<\/td>\n<\/tr>\n<tr>\n<td>Sinal de sa\u00edda<\/td>\n<td>sinal de comuta\u00e7\u00e3o; sinal anal\u00f3gico; IO-Link<\/td>\n<\/tr>\n<tr>\n<td>Fun\u00e7\u00e3o el\u00e9trica<\/td>\n<td>PNP\/NPN<\/td>\n<\/tr>\n<tr>\n<td>Quantidade de sa\u00eddas digitais<\/td>\n<td>1<\/td>\n<\/tr>\n<tr>\n<td>Sa\u00edda<\/td>\n<td>abertura \/ fechamento; (parametriz\u00e1vel)<\/td>\n<\/tr>\n<tr>\n<td>Queda de tens\u00e3o m\u00e1x. da sa\u00edda de comuta\u00e7\u00e3o DC [V]<\/td>\n<td>2,5<\/td>\n<\/tr>\n<tr>\n<td>Intensidade de corrente m\u00e1xima constante da sa\u00edda de comuta\u00e7\u00e3o DC [mA]<\/td>\n<td>150; (200 (&#8230;60 \u00b0C))<\/td>\n<\/tr>\n<tr>\n<td>Quantidade de sa\u00eddas anal\u00f3gicas<\/td>\n<td>1<\/td>\n<\/tr>\n<tr>\n<td>Corrente da sa\u00edda anal\u00f3gica [mA]<\/td>\n<td>4&#8230;20, invert\u00edvel; (de escala ajust\u00e1vel)<\/td>\n<\/tr>\n<tr>\n<td>Carga m\u00e1x. [\u03a9]<\/td>\n<td>500<\/td>\n<\/tr>\n<tr>\n<td>Prote\u00e7\u00e3o contra curto-circuitos<\/td>\n<td>sim<\/td>\n<\/tr>\n<tr>\n<td>Vers\u00e3o da prote\u00e7\u00e3o contra curto-circuito<\/td>\n<td>por impulso<\/td>\n<\/tr>\n<tr>\n<td>Prote\u00e7\u00e3o contra sobrecarga<\/td>\n<td>sim<\/td>\n<\/tr>\n<tr>\n<th class=\"pd-table-h1\" colspan=\"2\" scope=\"colgroup\">Faixa de medi\u00e7\u00e3o \/ de ajuste<\/th>\n<\/tr>\n<tr>\n<td>Comprimento da haste L [mm]<\/td>\n<td>150&#8230;2000<\/td>\n<\/tr>\n<tr>\n<td>Zona ativa A [mm]<\/td>\n<td>L-40 (L-60); (na configura\u00e7\u00e3o em \u00f3leo e subst\u00e2ncias baseadas em \u00f3leo)<\/td>\n<\/tr>\n<tr>\n<td>Zona inativa I1 \/ I2 [mm]<\/td>\n<td>30 \/ 10 (30); (na configura\u00e7\u00e3o em \u00f3leo e subst\u00e2ncias baseadas em \u00f3leo)<\/td>\n<\/tr>\n<tr>\n<td>Freq\u00fc\u00eancia de medi\u00e7\u00e3o [Hz]<\/td>\n<td>4<\/td>\n<\/tr>\n<tr>\n<th class=\"pd-table-h2\" colspan=\"2\" scope=\"colgroup\">Alcance de ajuste<\/th>\n<\/tr>\n<tr>\n<td>Ponto de comuta\u00e7\u00e3o SP [mm]<\/td>\n<td>\u2265 15 (35) \/ \u2264 L-30<\/td>\n<\/tr>\n<tr>\n<td>Aviso sobre o ponto de comuta\u00e7\u00e3o SP<\/td>\n<td>\n<table>\n<colgroup class=\"pd-table-cols-1\">\n<col class=\"pd-table-col-1\" \/><\/colgroup>\n<tbody>\n<tr>\n<td>na configura\u00e7\u00e3o em \u00f3leo e subst\u00e2ncias baseadas em \u00f3leo<\/td>\n<\/tr>\n<\/tbody>\n<\/table>\n<\/td>\n<\/tr>\n<tr>\n<td>Ponto de comuta\u00e7\u00e3o e retorno rP [mm]<\/td>\n<td>\u2265 10 (30) \/ \u2264 L-35<\/td>\n<\/tr>\n<tr>\n<td>Aviso sobre o ponto de desligamento rP<\/td>\n<td>\n<table>\n<colgroup class=\"pd-table-cols-1\">\n<col class=\"pd-table-col-1\" \/><\/colgroup>\n<tbody>\n<tr>\n<td>na configura\u00e7\u00e3o em \u00f3leo e subst\u00e2ncias baseadas em \u00f3leo<\/td>\n<\/tr>\n<\/tbody>\n<\/table>\n<\/td>\n<\/tr>\n<tr>\n<td>Em intervalos de [mm]<\/td>\n<td>1<\/td>\n<\/tr>\n<tr>\n<td>Histerese [mm]<\/td>\n<td>&gt; 5<\/td>\n<\/tr>\n<tr>\n<th class=\"pd-table-h1\" colspan=\"2\" scope=\"colgroup\">Precis\u00e3o \/ desvios<\/th>\n<\/tr>\n<tr>\n<td>Erro de medi\u00e7\u00e3o [mm]<\/td>\n<td>\u00b1 7<\/td>\n<\/tr>\n<tr>\n<td>Erro de offset [mm]<\/td>\n<td>5<\/td>\n<\/tr>\n<tr>\n<td>Resolu\u00e7\u00e3o [mm]<\/td>\n<td>1<\/td>\n<\/tr>\n<tr>\n<td>Corrente do sinal zero [mA]<\/td>\n<td>4,0<\/td>\n<\/tr>\n<tr>\n<td>Corrente de sinal completo [mA]<\/td>\n<td>20<\/td>\n<\/tr>\n<tr>\n<td>Influ\u00eancia da temperatura por 10 K<\/td>\n<td>\u00b1 0,2 %<\/td>\n<\/tr>\n<tr>\n<th class=\"pd-table-h1\" colspan=\"2\" scope=\"colgroup\">Interfaces<\/th>\n<\/tr>\n<tr>\n<td>Interface de comunica\u00e7\u00e3o<\/td>\n<td>IO-Link<\/td>\n<\/tr>\n<tr>\n<td>Tipo de transfer\u00eancia<\/td>\n<td>COM2 (38,4 kBaud)<\/td>\n<\/tr>\n<tr>\n<td>Revis\u00e3o IO-Link<\/td>\n<td>1.1<\/td>\n<\/tr>\n<tr>\n<td>SDCI-Padr\u00e3o<\/td>\n<td>IEC 61131-9<\/td>\n<\/tr>\n<tr>\n<td>Perfil<\/td>\n<td>Smart Sensor: Process Data Variable; Device Identification, Device Diagnosis<\/td>\n<\/tr>\n<tr>\n<td>Modo SIO<\/td>\n<td>sim<\/td>\n<\/tr>\n<tr>\n<td>Classe de master port exigida<\/td>\n<td>A<\/td>\n<\/tr>\n<tr>\n<td>Dados do processo anal\u00f3gicos<\/td>\n<td>1<\/td>\n<\/tr>\n<tr>\n<td>Dados do processo bin\u00e1rios<\/td>\n<td>2<\/td>\n<\/tr>\n<tr>\n<td>Tempo m\u00edn. do ciclo do processo [ms]<\/td>\n<td>2,3<\/td>\n<\/tr>\n<tr>\n<td>DeviceIDs suportados<\/td>\n<td>\n<table>\n<colgroup class=\"pd-table-cols-2\">\n<col class=\"pd-table-col-1\" \/>\n<col class=\"pd-table-col-2\" \/><\/colgroup>\n<tbody>\n<tr>\n<td>Modo de opera\u00e7\u00e3o<\/td>\n<td>DeviceID<\/td>\n<\/tr>\n<tr>\n<td>falho<\/td>\n<td>479<\/td>\n<\/tr>\n<\/tbody>\n<\/table>\n<\/td>\n<\/tr>\n<tr>\n<th class=\"pd-table-h1\" colspan=\"2\" scope=\"colgroup\">Condi\u00e7\u00f5es ambientais<\/th>\n<\/tr>\n<tr>\n<td>Temperatura ambiente [\u00b0C]<\/td>\n<td>-40&#8230;80<\/td>\n<\/tr>\n<tr>\n<td>Temperatura de armazenamento [\u00b0C]<\/td>\n<td>-40&#8230;100<\/td>\n<\/tr>\n<tr>\n<td>Prote\u00e7\u00e3o<\/td>\n<td>IP 68; IP 69K<\/td>\n<\/tr>\n<tr>\n<th class=\"pd-table-h1\" colspan=\"2\" scope=\"colgroup\">Certifica\u00e7\u00f5es \/ testes<\/th>\n<\/tr>\n<tr>\n<td>EMC<\/td>\n<td>\n<table>\n<colgroup class=\"pd-table-cols-2\">\n<col class=\"pd-table-col-1\" \/>\n<col class=\"pd-table-col-2\" \/><\/colgroup>\n<tbody>\n<tr>\n<td>DIN EN 61000-6-2<\/td>\n<td><\/td>\n<\/tr>\n<tr>\n<td>DIN EN 61000-6-3<\/td>\n<td>: em um tanque de metal<\/td>\n<\/tr>\n<tr>\n<td>DIN EN 61000-6-4<\/td>\n<td>: em um tanque de pl\u00e1stico<\/td>\n<\/tr>\n<\/tbody>\n<\/table>\n<\/td>\n<\/tr>\n<tr>\n<td>Resist\u00eancia a choques<\/td>\n<td>\n<table>\n<colgroup class=\"pd-table-cols-2\">\n<col class=\"pd-table-col-1\" \/>\n<col class=\"pd-table-col-2\" \/><\/colgroup>\n<tbody>\n<tr>\n<td>DIN EN 60068-2-27<\/td>\n<td>50 g (11 ms) \/ 20 g (6 ms) com sonda de refer\u00eancia 0,5 m<\/td>\n<\/tr>\n<\/tbody>\n<\/table>\n<\/td>\n<\/tr>\n<tr>\n<td>Resist\u00eancia \u00e0 vibra\u00e7\u00f5es<\/td>\n<td>\n<table>\n<colgroup class=\"pd-table-cols-2\">\n<col class=\"pd-table-col-1\" \/>\n<col class=\"pd-table-col-2\" \/><\/colgroup>\n<tbody>\n<tr>\n<td>DIN EN 60068-2-6<\/td>\n<td>20 g (10&#8230;2000 Hz) \/ 1 g (5&#8230;200 Hz) com sonda de refer\u00eancia 0,5 m<\/td>\n<\/tr>\n<\/tbody>\n<\/table>\n<\/td>\n<\/tr>\n<tr>\n<td>MTTF [anos]<\/td>\n<td>216<\/td>\n<\/tr>\n<tr>\n<th class=\"pd-table-h1\" colspan=\"2\" scope=\"colgroup\">Dados mec\u00e2nicos<\/th>\n<\/tr>\n<tr>\n<td>Peso [g]<\/td>\n<td>447<\/td>\n<\/tr>\n<tr>\n<td>Materiais<\/td>\n<td>1.4404 (a\u00e7o inoxid\u00e1vel \/ 316L); PEI; PFA; PBT; FKM<\/td>\n<\/tr>\n<tr>\n<td>Materiais em contato com o flu\u00eddo<\/td>\n<td>1.4404 (a\u00e7o inoxid\u00e1vel \/ 316L); 1.4435 (a\u00e7o inoxid\u00e1vel \/ 316L); PTFE; FKM<\/td>\n<\/tr>\n<tr>\n<td>Conex\u00e3o de processo<\/td>\n<td>G 3\/4 rosca externa<\/td>\n<\/tr>\n<tr>\n<th class=\"pd-table-h1\" colspan=\"2\" scope=\"colgroup\">Displays \/ elementos de opera\u00e7\u00e3o<\/th>\n<\/tr>\n<tr>\n<td>Display<\/td>\n<td>\n<table>\n<colgroup class=\"pd-table-cols-2\">\n<col class=\"pd-table-col-1\" \/>\n<col class=\"pd-table-col-2\" \/><\/colgroup>\n<tbody>\n<tr>\n<td>Unidade do display<\/td>\n<td>3 x LED, verde<\/td>\n<\/tr>\n<tr>\n<td>Status de chaveamento<\/td>\n<td>2 x LED, amarelo<\/td>\n<\/tr>\n<tr>\n<td>N\u00edvel<\/td>\n<td>exibi\u00e7\u00e3o alfanum\u00e9rica, 4 d\u00edgitos<\/td>\n<\/tr>\n<tr>\n<td>Configura\u00e7\u00e3o de par\u00e2metros<\/td>\n<td>exibi\u00e7\u00e3o alfanum\u00e9rica, 4 d\u00edgitos<\/td>\n<\/tr>\n<\/tbody>\n<\/table>\n<\/td>\n<\/tr>\n<tr>\n<th class=\"pd-table-h1\" colspan=\"2\" scope=\"colgroup\">Notas<\/th>\n<\/tr>\n<tr>\n<td>Quantidade<\/td>\n<td>1 pe\u00e7a<\/td>\n<\/tr>\n<tr>\n<th class=\"pd-table-h1\" colspan=\"2\" scope=\"colgroup\">conex\u00e3o el\u00e9trica<\/th>\n<\/tr>\n<tr>\n<td>Conex\u00e3o<\/td>\n<td>Conex\u00e3o: 1 x M12; Contatos: dourado<\/td>\n<\/tr>\n<\/tbody>\n<\/table>\n","protected":false},"excerpt":{"rendered":"<p>Caracter\u00edsticas do produto Quantidade de entradas e sa\u00eddas Quantidade de sa\u00eddas digitais: 1; Quantidade de sa\u00eddas anal\u00f3gicas: 1 Comprimento da haste L [mm] 150&#8230;2000 Conex\u00e3o de processo G 3\/4 rosca externa Campo de aplica\u00e7\u00e3o Caracter\u00edstica especial Contatos banhados a ouro Subst\u00e2ncias Fluidos l\u00edquidos; subst\u00e2ncias \u00e0 base de \u00f3leo; meios \u00e0 base de \u00e1gua Constante diel\u00e9trica [&hellip;]<\/p>\n","protected":false},"featured_media":3349,"template":"","meta":[],"product_brand":[],"product_cat":[353,96,56],"product_tag":[58,57],"class_list":{"0":"post-3348","1":"product","2":"type-product","3":"status-publish","4":"has-post-thumbnail","6":"product_cat-ifm","7":"product_cat-cabos","8":"product_cat-sensores","9":"product_tag-ifm","10":"product_tag-sensor","12":"first","13":"instock","14":"shipping-taxable","15":"product-type-simple"},"yoast_head":"<!-- This site is optimized with the Yoast SEO plugin v26.3 - https:\/\/yoast.com\/wordpress\/plugins\/seo\/ -->\n<title>LR2050-Sensor de n\u00edvel cont\u00ednuo (microondas guiadas)-IFM - Loja Motion Up<\/title>\n<meta name=\"robots\" content=\"index, follow, max-snippet:-1, max-image-preview:large, max-video-preview:-1\" \/>\n<link rel=\"canonical\" href=\"https:\/\/motionup.com.br\/site\/produto\/lr2050-sensor-de-nivel-continuo-microondas-guiadas-ifm\/\" \/>\n<meta property=\"og:locale\" content=\"pt_BR\" \/>\n<meta property=\"og:type\" content=\"article\" \/>\n<meta property=\"og:title\" content=\"LR2050-Sensor de n\u00edvel cont\u00ednuo (microondas guiadas)-IFM - Loja Motion Up\" \/>\n<meta property=\"og:description\" content=\"Caracter\u00edsticas do produto Quantidade de entradas e sa\u00eddas Quantidade de sa\u00eddas digitais: 1; Quantidade de sa\u00eddas anal\u00f3gicas: 1 Comprimento da haste L [mm] 150&#8230;2000 Conex\u00e3o de processo G 3\/4 rosca externa Campo de aplica\u00e7\u00e3o Caracter\u00edstica especial Contatos banhados a ouro Subst\u00e2ncias Fluidos l\u00edquidos; subst\u00e2ncias \u00e0 base de \u00f3leo; meios \u00e0 base de \u00e1gua Constante diel\u00e9trica [&hellip;]\" \/>\n<meta property=\"og:url\" content=\"https:\/\/motionup.com.br\/site\/produto\/lr2050-sensor-de-nivel-continuo-microondas-guiadas-ifm\/\" \/>\n<meta property=\"og:site_name\" content=\"Loja Motion Up\" \/>\n<meta property=\"article:publisher\" content=\"https:\/\/m.facebook.com\/fp3motionup\/about\/\" \/>\n<meta property=\"article:modified_time\" content=\"2021-05-10T15:00:08+00:00\" \/>\n<meta property=\"og:image\" content=\"https:\/\/motionup.com.br\/site\/wp-content\/uploads\/2021\/05\/P_F_E_W_160_0042_LR2050_01.jpg\" \/>\n\t<meta property=\"og:image:width\" content=\"1200\" \/>\n\t<meta property=\"og:image:height\" content=\"1200\" \/>\n\t<meta property=\"og:image:type\" content=\"image\/jpeg\" \/>\n<meta name=\"twitter:card\" content=\"summary_large_image\" \/>\n<meta name=\"twitter:label1\" content=\"Est. tempo de leitura\" \/>\n\t<meta name=\"twitter:data1\" content=\"3 minutos\" \/>\n<script type=\"application\/ld+json\" class=\"yoast-schema-graph\">{\"@context\":\"https:\/\/schema.org\",\"@graph\":[{\"@type\":\"WebPage\",\"@id\":\"https:\/\/motionup.com.br\/site\/produto\/lr2050-sensor-de-nivel-continuo-microondas-guiadas-ifm\/\",\"url\":\"https:\/\/motionup.com.br\/site\/produto\/lr2050-sensor-de-nivel-continuo-microondas-guiadas-ifm\/\",\"name\":\"LR2050-Sensor de n\u00edvel cont\u00ednuo (microondas guiadas)-IFM - Loja Motion Up\",\"isPartOf\":{\"@id\":\"https:\/\/motionup.com.br\/site\/#website\"},\"primaryImageOfPage\":{\"@id\":\"https:\/\/motionup.com.br\/site\/produto\/lr2050-sensor-de-nivel-continuo-microondas-guiadas-ifm\/#primaryimage\"},\"image\":{\"@id\":\"https:\/\/motionup.com.br\/site\/produto\/lr2050-sensor-de-nivel-continuo-microondas-guiadas-ifm\/#primaryimage\"},\"thumbnailUrl\":\"https:\/\/motionup.com.br\/site\/wp-content\/uploads\/2021\/05\/P_F_E_W_160_0042_LR2050_01.jpg\",\"datePublished\":\"2021-05-10T14:58:29+00:00\",\"dateModified\":\"2021-05-10T15:00:08+00:00\",\"breadcrumb\":{\"@id\":\"https:\/\/motionup.com.br\/site\/produto\/lr2050-sensor-de-nivel-continuo-microondas-guiadas-ifm\/#breadcrumb\"},\"inLanguage\":\"pt-BR\",\"potentialAction\":[{\"@type\":\"ReadAction\",\"target\":[\"https:\/\/motionup.com.br\/site\/produto\/lr2050-sensor-de-nivel-continuo-microondas-guiadas-ifm\/\"]}]},{\"@type\":\"ImageObject\",\"inLanguage\":\"pt-BR\",\"@id\":\"https:\/\/motionup.com.br\/site\/produto\/lr2050-sensor-de-nivel-continuo-microondas-guiadas-ifm\/#primaryimage\",\"url\":\"https:\/\/motionup.com.br\/site\/wp-content\/uploads\/2021\/05\/P_F_E_W_160_0042_LR2050_01.jpg\",\"contentUrl\":\"https:\/\/motionup.com.br\/site\/wp-content\/uploads\/2021\/05\/P_F_E_W_160_0042_LR2050_01.jpg\",\"width\":1200,\"height\":1200},{\"@type\":\"BreadcrumbList\",\"@id\":\"https:\/\/motionup.com.br\/site\/produto\/lr2050-sensor-de-nivel-continuo-microondas-guiadas-ifm\/#breadcrumb\",\"itemListElement\":[{\"@type\":\"ListItem\",\"position\":1,\"name\":\"In\u00edcio\",\"item\":\"https:\/\/motionup.com.br\/site\/\"},{\"@type\":\"ListItem\",\"position\":2,\"name\":\"Produtos\",\"item\":\"https:\/\/motionup.com.br\/site\/produtos\/\"},{\"@type\":\"ListItem\",\"position\":3,\"name\":\"LR2050-Sensor de n\u00edvel cont\u00ednuo (microondas guiadas)-IFM\"}]},{\"@type\":\"WebSite\",\"@id\":\"https:\/\/motionup.com.br\/site\/#website\",\"url\":\"https:\/\/motionup.com.br\/site\/\",\"name\":\"Motion Up\",\"description\":\"E-commerce Motion Up - Automa\u00e7\u00e3o Industrial\",\"publisher\":{\"@id\":\"https:\/\/motionup.com.br\/site\/#organization\"},\"potentialAction\":[{\"@type\":\"SearchAction\",\"target\":{\"@type\":\"EntryPoint\",\"urlTemplate\":\"https:\/\/motionup.com.br\/site\/?s={search_term_string}\"},\"query-input\":{\"@type\":\"PropertyValueSpecification\",\"valueRequired\":true,\"valueName\":\"search_term_string\"}}],\"inLanguage\":\"pt-BR\"},{\"@type\":\"Organization\",\"@id\":\"https:\/\/motionup.com.br\/site\/#organization\",\"name\":\"Motion Up\",\"url\":\"https:\/\/motionup.com.br\/site\/\",\"logo\":{\"@type\":\"ImageObject\",\"inLanguage\":\"pt-BR\",\"@id\":\"https:\/\/motionup.com.br\/site\/#\/schema\/logo\/image\/\",\"url\":\"https:\/\/motionup.com.br\/site\/wp-content\/uploads\/2025\/05\/MOTIONUP.png\",\"contentUrl\":\"https:\/\/motionup.com.br\/site\/wp-content\/uploads\/2025\/05\/MOTIONUP.png\",\"width\":1200,\"height\":601,\"caption\":\"Motion Up\"},\"image\":{\"@id\":\"https:\/\/motionup.com.br\/site\/#\/schema\/logo\/image\/\"},\"sameAs\":[\"https:\/\/m.facebook.com\/fp3motionup\/about\/\",\"https:\/\/br.linkedin.com\/company\/fpn-controle-e-automao-industrial-ltda\"]}]}<\/script>\n<!-- \/ Yoast SEO plugin. -->","yoast_head_json":{"title":"LR2050-Sensor de n\u00edvel cont\u00ednuo (microondas guiadas)-IFM - Loja Motion Up","robots":{"index":"index","follow":"follow","max-snippet":"max-snippet:-1","max-image-preview":"max-image-preview:large","max-video-preview":"max-video-preview:-1"},"canonical":"https:\/\/motionup.com.br\/site\/produto\/lr2050-sensor-de-nivel-continuo-microondas-guiadas-ifm\/","og_locale":"pt_BR","og_type":"article","og_title":"LR2050-Sensor de n\u00edvel cont\u00ednuo (microondas guiadas)-IFM - Loja Motion Up","og_description":"Caracter\u00edsticas do produto Quantidade de entradas e sa\u00eddas Quantidade de sa\u00eddas digitais: 1; Quantidade de sa\u00eddas anal\u00f3gicas: 1 Comprimento da haste L [mm] 150&#8230;2000 Conex\u00e3o de processo G 3\/4 rosca externa Campo de aplica\u00e7\u00e3o Caracter\u00edstica especial Contatos banhados a ouro Subst\u00e2ncias Fluidos l\u00edquidos; subst\u00e2ncias \u00e0 base de \u00f3leo; meios \u00e0 base de \u00e1gua Constante diel\u00e9trica [&hellip;]","og_url":"https:\/\/motionup.com.br\/site\/produto\/lr2050-sensor-de-nivel-continuo-microondas-guiadas-ifm\/","og_site_name":"Loja Motion Up","article_publisher":"https:\/\/m.facebook.com\/fp3motionup\/about\/","article_modified_time":"2021-05-10T15:00:08+00:00","og_image":[{"width":1200,"height":1200,"url":"https:\/\/motionup.com.br\/site\/wp-content\/uploads\/2021\/05\/P_F_E_W_160_0042_LR2050_01.jpg","type":"image\/jpeg"}],"twitter_card":"summary_large_image","twitter_misc":{"Est. tempo de leitura":"3 minutos"},"schema":{"@context":"https:\/\/schema.org","@graph":[{"@type":"WebPage","@id":"https:\/\/motionup.com.br\/site\/produto\/lr2050-sensor-de-nivel-continuo-microondas-guiadas-ifm\/","url":"https:\/\/motionup.com.br\/site\/produto\/lr2050-sensor-de-nivel-continuo-microondas-guiadas-ifm\/","name":"LR2050-Sensor de n\u00edvel cont\u00ednuo (microondas guiadas)-IFM - Loja Motion Up","isPartOf":{"@id":"https:\/\/motionup.com.br\/site\/#website"},"primaryImageOfPage":{"@id":"https:\/\/motionup.com.br\/site\/produto\/lr2050-sensor-de-nivel-continuo-microondas-guiadas-ifm\/#primaryimage"},"image":{"@id":"https:\/\/motionup.com.br\/site\/produto\/lr2050-sensor-de-nivel-continuo-microondas-guiadas-ifm\/#primaryimage"},"thumbnailUrl":"https:\/\/motionup.com.br\/site\/wp-content\/uploads\/2021\/05\/P_F_E_W_160_0042_LR2050_01.jpg","datePublished":"2021-05-10T14:58:29+00:00","dateModified":"2021-05-10T15:00:08+00:00","breadcrumb":{"@id":"https:\/\/motionup.com.br\/site\/produto\/lr2050-sensor-de-nivel-continuo-microondas-guiadas-ifm\/#breadcrumb"},"inLanguage":"pt-BR","potentialAction":[{"@type":"ReadAction","target":["https:\/\/motionup.com.br\/site\/produto\/lr2050-sensor-de-nivel-continuo-microondas-guiadas-ifm\/"]}]},{"@type":"ImageObject","inLanguage":"pt-BR","@id":"https:\/\/motionup.com.br\/site\/produto\/lr2050-sensor-de-nivel-continuo-microondas-guiadas-ifm\/#primaryimage","url":"https:\/\/motionup.com.br\/site\/wp-content\/uploads\/2021\/05\/P_F_E_W_160_0042_LR2050_01.jpg","contentUrl":"https:\/\/motionup.com.br\/site\/wp-content\/uploads\/2021\/05\/P_F_E_W_160_0042_LR2050_01.jpg","width":1200,"height":1200},{"@type":"BreadcrumbList","@id":"https:\/\/motionup.com.br\/site\/produto\/lr2050-sensor-de-nivel-continuo-microondas-guiadas-ifm\/#breadcrumb","itemListElement":[{"@type":"ListItem","position":1,"name":"In\u00edcio","item":"https:\/\/motionup.com.br\/site\/"},{"@type":"ListItem","position":2,"name":"Produtos","item":"https:\/\/motionup.com.br\/site\/produtos\/"},{"@type":"ListItem","position":3,"name":"LR2050-Sensor de n\u00edvel cont\u00ednuo (microondas guiadas)-IFM"}]},{"@type":"WebSite","@id":"https:\/\/motionup.com.br\/site\/#website","url":"https:\/\/motionup.com.br\/site\/","name":"Motion Up","description":"E-commerce Motion Up - Automa\u00e7\u00e3o Industrial","publisher":{"@id":"https:\/\/motionup.com.br\/site\/#organization"},"potentialAction":[{"@type":"SearchAction","target":{"@type":"EntryPoint","urlTemplate":"https:\/\/motionup.com.br\/site\/?s={search_term_string}"},"query-input":{"@type":"PropertyValueSpecification","valueRequired":true,"valueName":"search_term_string"}}],"inLanguage":"pt-BR"},{"@type":"Organization","@id":"https:\/\/motionup.com.br\/site\/#organization","name":"Motion Up","url":"https:\/\/motionup.com.br\/site\/","logo":{"@type":"ImageObject","inLanguage":"pt-BR","@id":"https:\/\/motionup.com.br\/site\/#\/schema\/logo\/image\/","url":"https:\/\/motionup.com.br\/site\/wp-content\/uploads\/2025\/05\/MOTIONUP.png","contentUrl":"https:\/\/motionup.com.br\/site\/wp-content\/uploads\/2025\/05\/MOTIONUP.png","width":1200,"height":601,"caption":"Motion Up"},"image":{"@id":"https:\/\/motionup.com.br\/site\/#\/schema\/logo\/image\/"},"sameAs":["https:\/\/m.facebook.com\/fp3motionup\/about\/","https:\/\/br.linkedin.com\/company\/fpn-controle-e-automao-industrial-ltda"]}]}},"_links":{"self":[{"href":"https:\/\/motionup.com.br\/site\/wp-json\/wp\/v2\/product\/3348","targetHints":{"allow":["GET"]}}],"collection":[{"href":"https:\/\/motionup.com.br\/site\/wp-json\/wp\/v2\/product"}],"about":[{"href":"https:\/\/motionup.com.br\/site\/wp-json\/wp\/v2\/types\/product"}],"wp:featuredmedia":[{"embeddable":true,"href":"https:\/\/motionup.com.br\/site\/wp-json\/wp\/v2\/media\/3349"}],"wp:attachment":[{"href":"https:\/\/motionup.com.br\/site\/wp-json\/wp\/v2\/media?parent=3348"}],"wp:term":[{"taxonomy":"product_brand","embeddable":true,"href":"https:\/\/motionup.com.br\/site\/wp-json\/wp\/v2\/product_brand?post=3348"},{"taxonomy":"product_cat","embeddable":true,"href":"https:\/\/motionup.com.br\/site\/wp-json\/wp\/v2\/product_cat?post=3348"},{"taxonomy":"product_tag","embeddable":true,"href":"https:\/\/motionup.com.br\/site\/wp-json\/wp\/v2\/product_tag?post=3348"}],"curies":[{"name":"wp","href":"https:\/\/api.w.org\/{rel}","templated":true}]}}