{"id":3386,"date":"2021-05-11T09:15:47","date_gmt":"2021-05-11T12:15:47","guid":{"rendered":"https:\/\/motionup.com.br\/site\/?post_type=product&#038;p=3386"},"modified":"2021-05-11T10:04:13","modified_gmt":"2021-05-11T13:04:13","slug":"e43337-haste-de-sonda-para-sensores-de-nivel-ifm","status":"publish","type":"product","link":"https:\/\/motionup.com.br\/site\/produto\/e43337-haste-de-sonda-para-sensores-de-nivel-ifm\/","title":{"rendered":"E43337-Haste de sonda para sensores de n\u00edvel-IFM"},"content":{"rendered":"<table class=\"pd-table\">\n<tbody>\n<tr>\n<th class=\"pd-table-h1\" colspan=\"2\" scope=\"colgroup\">Campo de aplica\u00e7\u00e3o<\/th>\n<\/tr>\n<tr>\n<td>Modelo<\/td>\n<td>para sensores de n\u00edvel LR<\/td>\n<\/tr>\n<tr>\n<th class=\"pd-table-h1\" colspan=\"2\" scope=\"colgroup\">Faixa de medi\u00e7\u00e3o \/ de ajuste<\/th>\n<\/tr>\n<tr>\n<td>Comprimento da haste L [mm]<\/td>\n<td>800<\/td>\n<\/tr>\n<tr>\n<th class=\"pd-table-h1\" colspan=\"2\" scope=\"colgroup\">Dados mec\u00e2nicos<\/th>\n<\/tr>\n<tr>\n<td>Peso [g]<\/td>\n<td>345<\/td>\n<\/tr>\n<tr>\n<td>Materiais<\/td>\n<td>1.4404 (a\u00e7o inoxid\u00e1vel \/ 316L)<\/td>\n<\/tr>\n<tr>\n<td>M\u00e1x. torque de aperto [Nm]<\/td>\n<td>4<\/td>\n<\/tr>\n<tr>\n<th class=\"pd-table-h1\" colspan=\"2\" scope=\"colgroup\">Notas<\/th>\n<\/tr>\n<tr>\n<td>Quantidade<\/td>\n<td>1 pe\u00e7a<\/td>\n<\/tr>\n<\/tbody>\n<\/table>\n","protected":false},"excerpt":{"rendered":"<p>Campo de aplica\u00e7\u00e3o Modelo para sensores de n\u00edvel LR Faixa de medi\u00e7\u00e3o \/ de ajuste Comprimento da haste L [mm] 800 Dados mec\u00e2nicos Peso [g] 345 Materiais 1.4404 (a\u00e7o inoxid\u00e1vel \/ 316L) M\u00e1x. torque de aperto [Nm] 4 Notas Quantidade 1 pe\u00e7a<\/p>\n","protected":false},"featured_media":3387,"template":"","meta":[],"product_brand":[],"product_cat":[353,96,56,79],"product_tag":[58,57],"class_list":{"0":"post-3386","1":"product","2":"type-product","3":"status-publish","4":"has-post-thumbnail","6":"product_cat-ifm","7":"product_cat-cabos","8":"product_cat-sensores","9":"product_cat-acessorios","10":"product_tag-ifm","11":"product_tag-sensor","13":"first","14":"instock","15":"shipping-taxable","16":"product-type-simple"},"yoast_head":"<!-- This site is optimized with the Yoast SEO plugin v26.3 - https:\/\/yoast.com\/wordpress\/plugins\/seo\/ -->\n<title>E43337-Haste de sonda para sensores de n\u00edvel-IFM - Loja Motion Up<\/title>\n<meta name=\"robots\" content=\"index, follow, max-snippet:-1, max-image-preview:large, max-video-preview:-1\" \/>\n<link rel=\"canonical\" href=\"https:\/\/motionup.com.br\/site\/produto\/e43337-haste-de-sonda-para-sensores-de-nivel-ifm\/\" \/>\n<meta property=\"og:locale\" content=\"pt_BR\" \/>\n<meta property=\"og:type\" content=\"article\" \/>\n<meta property=\"og:title\" content=\"E43337-Haste de sonda para sensores de n\u00edvel-IFM - Loja Motion Up\" \/>\n<meta property=\"og:description\" content=\"Campo de aplica\u00e7\u00e3o Modelo para sensores de n\u00edvel LR Faixa de medi\u00e7\u00e3o \/ de ajuste Comprimento da haste L [mm] 800 Dados mec\u00e2nicos Peso [g] 345 Materiais 1.4404 (a\u00e7o inoxid\u00e1vel \/ 316L) M\u00e1x. torque de aperto [Nm] 4 Notas Quantidade 1 pe\u00e7a\" \/>\n<meta property=\"og:url\" content=\"https:\/\/motionup.com.br\/site\/produto\/e43337-haste-de-sonda-para-sensores-de-nivel-ifm\/\" \/>\n<meta property=\"og:site_name\" content=\"Loja Motion Up\" \/>\n<meta property=\"article:publisher\" content=\"https:\/\/m.facebook.com\/fp3motionup\/about\/\" \/>\n<meta property=\"article:modified_time\" content=\"2021-05-11T13:04:13+00:00\" \/>\n<meta property=\"og:image\" content=\"https:\/\/motionup.com.br\/site\/wp-content\/uploads\/2021\/05\/P_F_E_W_Z_0872_E43337_01.jpg\" \/>\n\t<meta property=\"og:image:width\" content=\"1200\" \/>\n\t<meta property=\"og:image:height\" content=\"1200\" \/>\n\t<meta property=\"og:image:type\" content=\"image\/jpeg\" \/>\n<meta name=\"twitter:card\" content=\"summary_large_image\" \/>\n<script type=\"application\/ld+json\" class=\"yoast-schema-graph\">{\"@context\":\"https:\/\/schema.org\",\"@graph\":[{\"@type\":\"WebPage\",\"@id\":\"https:\/\/motionup.com.br\/site\/produto\/e43337-haste-de-sonda-para-sensores-de-nivel-ifm\/\",\"url\":\"https:\/\/motionup.com.br\/site\/produto\/e43337-haste-de-sonda-para-sensores-de-nivel-ifm\/\",\"name\":\"E43337-Haste de sonda para sensores de n\u00edvel-IFM - Loja Motion Up\",\"isPartOf\":{\"@id\":\"https:\/\/motionup.com.br\/site\/#website\"},\"primaryImageOfPage\":{\"@id\":\"https:\/\/motionup.com.br\/site\/produto\/e43337-haste-de-sonda-para-sensores-de-nivel-ifm\/#primaryimage\"},\"image\":{\"@id\":\"https:\/\/motionup.com.br\/site\/produto\/e43337-haste-de-sonda-para-sensores-de-nivel-ifm\/#primaryimage\"},\"thumbnailUrl\":\"https:\/\/motionup.com.br\/site\/wp-content\/uploads\/2021\/05\/P_F_E_W_Z_0872_E43337_01.jpg\",\"datePublished\":\"2021-05-11T12:15:47+00:00\",\"dateModified\":\"2021-05-11T13:04:13+00:00\",\"breadcrumb\":{\"@id\":\"https:\/\/motionup.com.br\/site\/produto\/e43337-haste-de-sonda-para-sensores-de-nivel-ifm\/#breadcrumb\"},\"inLanguage\":\"pt-BR\",\"potentialAction\":[{\"@type\":\"ReadAction\",\"target\":[\"https:\/\/motionup.com.br\/site\/produto\/e43337-haste-de-sonda-para-sensores-de-nivel-ifm\/\"]}]},{\"@type\":\"ImageObject\",\"inLanguage\":\"pt-BR\",\"@id\":\"https:\/\/motionup.com.br\/site\/produto\/e43337-haste-de-sonda-para-sensores-de-nivel-ifm\/#primaryimage\",\"url\":\"https:\/\/motionup.com.br\/site\/wp-content\/uploads\/2021\/05\/P_F_E_W_Z_0872_E43337_01.jpg\",\"contentUrl\":\"https:\/\/motionup.com.br\/site\/wp-content\/uploads\/2021\/05\/P_F_E_W_Z_0872_E43337_01.jpg\",\"width\":1200,\"height\":1200},{\"@type\":\"BreadcrumbList\",\"@id\":\"https:\/\/motionup.com.br\/site\/produto\/e43337-haste-de-sonda-para-sensores-de-nivel-ifm\/#breadcrumb\",\"itemListElement\":[{\"@type\":\"ListItem\",\"position\":1,\"name\":\"In\u00edcio\",\"item\":\"https:\/\/motionup.com.br\/site\/\"},{\"@type\":\"ListItem\",\"position\":2,\"name\":\"Produtos\",\"item\":\"https:\/\/motionup.com.br\/site\/produtos\/\"},{\"@type\":\"ListItem\",\"position\":3,\"name\":\"E43337-Haste de sonda para sensores de n\u00edvel-IFM\"}]},{\"@type\":\"WebSite\",\"@id\":\"https:\/\/motionup.com.br\/site\/#website\",\"url\":\"https:\/\/motionup.com.br\/site\/\",\"name\":\"Motion Up\",\"description\":\"E-commerce Motion Up - Automa\u00e7\u00e3o Industrial\",\"publisher\":{\"@id\":\"https:\/\/motionup.com.br\/site\/#organization\"},\"potentialAction\":[{\"@type\":\"SearchAction\",\"target\":{\"@type\":\"EntryPoint\",\"urlTemplate\":\"https:\/\/motionup.com.br\/site\/?s={search_term_string}\"},\"query-input\":{\"@type\":\"PropertyValueSpecification\",\"valueRequired\":true,\"valueName\":\"search_term_string\"}}],\"inLanguage\":\"pt-BR\"},{\"@type\":\"Organization\",\"@id\":\"https:\/\/motionup.com.br\/site\/#organization\",\"name\":\"Motion Up\",\"url\":\"https:\/\/motionup.com.br\/site\/\",\"logo\":{\"@type\":\"ImageObject\",\"inLanguage\":\"pt-BR\",\"@id\":\"https:\/\/motionup.com.br\/site\/#\/schema\/logo\/image\/\",\"url\":\"https:\/\/motionup.com.br\/site\/wp-content\/uploads\/2025\/05\/MOTIONUP.png\",\"contentUrl\":\"https:\/\/motionup.com.br\/site\/wp-content\/uploads\/2025\/05\/MOTIONUP.png\",\"width\":1200,\"height\":601,\"caption\":\"Motion Up\"},\"image\":{\"@id\":\"https:\/\/motionup.com.br\/site\/#\/schema\/logo\/image\/\"},\"sameAs\":[\"https:\/\/m.facebook.com\/fp3motionup\/about\/\",\"https:\/\/br.linkedin.com\/company\/fpn-controle-e-automao-industrial-ltda\"]}]}<\/script>\n<!-- \/ Yoast SEO plugin. -->","yoast_head_json":{"title":"E43337-Haste de sonda para sensores de n\u00edvel-IFM - Loja Motion Up","robots":{"index":"index","follow":"follow","max-snippet":"max-snippet:-1","max-image-preview":"max-image-preview:large","max-video-preview":"max-video-preview:-1"},"canonical":"https:\/\/motionup.com.br\/site\/produto\/e43337-haste-de-sonda-para-sensores-de-nivel-ifm\/","og_locale":"pt_BR","og_type":"article","og_title":"E43337-Haste de sonda para sensores de n\u00edvel-IFM - Loja Motion Up","og_description":"Campo de aplica\u00e7\u00e3o Modelo para sensores de n\u00edvel LR Faixa de medi\u00e7\u00e3o \/ de ajuste Comprimento da haste L [mm] 800 Dados mec\u00e2nicos Peso [g] 345 Materiais 1.4404 (a\u00e7o inoxid\u00e1vel \/ 316L) M\u00e1x. torque de aperto [Nm] 4 Notas Quantidade 1 pe\u00e7a","og_url":"https:\/\/motionup.com.br\/site\/produto\/e43337-haste-de-sonda-para-sensores-de-nivel-ifm\/","og_site_name":"Loja Motion Up","article_publisher":"https:\/\/m.facebook.com\/fp3motionup\/about\/","article_modified_time":"2021-05-11T13:04:13+00:00","og_image":[{"width":1200,"height":1200,"url":"https:\/\/motionup.com.br\/site\/wp-content\/uploads\/2021\/05\/P_F_E_W_Z_0872_E43337_01.jpg","type":"image\/jpeg"}],"twitter_card":"summary_large_image","schema":{"@context":"https:\/\/schema.org","@graph":[{"@type":"WebPage","@id":"https:\/\/motionup.com.br\/site\/produto\/e43337-haste-de-sonda-para-sensores-de-nivel-ifm\/","url":"https:\/\/motionup.com.br\/site\/produto\/e43337-haste-de-sonda-para-sensores-de-nivel-ifm\/","name":"E43337-Haste de sonda para sensores de n\u00edvel-IFM - Loja Motion Up","isPartOf":{"@id":"https:\/\/motionup.com.br\/site\/#website"},"primaryImageOfPage":{"@id":"https:\/\/motionup.com.br\/site\/produto\/e43337-haste-de-sonda-para-sensores-de-nivel-ifm\/#primaryimage"},"image":{"@id":"https:\/\/motionup.com.br\/site\/produto\/e43337-haste-de-sonda-para-sensores-de-nivel-ifm\/#primaryimage"},"thumbnailUrl":"https:\/\/motionup.com.br\/site\/wp-content\/uploads\/2021\/05\/P_F_E_W_Z_0872_E43337_01.jpg","datePublished":"2021-05-11T12:15:47+00:00","dateModified":"2021-05-11T13:04:13+00:00","breadcrumb":{"@id":"https:\/\/motionup.com.br\/site\/produto\/e43337-haste-de-sonda-para-sensores-de-nivel-ifm\/#breadcrumb"},"inLanguage":"pt-BR","potentialAction":[{"@type":"ReadAction","target":["https:\/\/motionup.com.br\/site\/produto\/e43337-haste-de-sonda-para-sensores-de-nivel-ifm\/"]}]},{"@type":"ImageObject","inLanguage":"pt-BR","@id":"https:\/\/motionup.com.br\/site\/produto\/e43337-haste-de-sonda-para-sensores-de-nivel-ifm\/#primaryimage","url":"https:\/\/motionup.com.br\/site\/wp-content\/uploads\/2021\/05\/P_F_E_W_Z_0872_E43337_01.jpg","contentUrl":"https:\/\/motionup.com.br\/site\/wp-content\/uploads\/2021\/05\/P_F_E_W_Z_0872_E43337_01.jpg","width":1200,"height":1200},{"@type":"BreadcrumbList","@id":"https:\/\/motionup.com.br\/site\/produto\/e43337-haste-de-sonda-para-sensores-de-nivel-ifm\/#breadcrumb","itemListElement":[{"@type":"ListItem","position":1,"name":"In\u00edcio","item":"https:\/\/motionup.com.br\/site\/"},{"@type":"ListItem","position":2,"name":"Produtos","item":"https:\/\/motionup.com.br\/site\/produtos\/"},{"@type":"ListItem","position":3,"name":"E43337-Haste de sonda para sensores de n\u00edvel-IFM"}]},{"@type":"WebSite","@id":"https:\/\/motionup.com.br\/site\/#website","url":"https:\/\/motionup.com.br\/site\/","name":"Motion Up","description":"E-commerce Motion Up - Automa\u00e7\u00e3o Industrial","publisher":{"@id":"https:\/\/motionup.com.br\/site\/#organization"},"potentialAction":[{"@type":"SearchAction","target":{"@type":"EntryPoint","urlTemplate":"https:\/\/motionup.com.br\/site\/?s={search_term_string}"},"query-input":{"@type":"PropertyValueSpecification","valueRequired":true,"valueName":"search_term_string"}}],"inLanguage":"pt-BR"},{"@type":"Organization","@id":"https:\/\/motionup.com.br\/site\/#organization","name":"Motion Up","url":"https:\/\/motionup.com.br\/site\/","logo":{"@type":"ImageObject","inLanguage":"pt-BR","@id":"https:\/\/motionup.com.br\/site\/#\/schema\/logo\/image\/","url":"https:\/\/motionup.com.br\/site\/wp-content\/uploads\/2025\/05\/MOTIONUP.png","contentUrl":"https:\/\/motionup.com.br\/site\/wp-content\/uploads\/2025\/05\/MOTIONUP.png","width":1200,"height":601,"caption":"Motion Up"},"image":{"@id":"https:\/\/motionup.com.br\/site\/#\/schema\/logo\/image\/"},"sameAs":["https:\/\/m.facebook.com\/fp3motionup\/about\/","https:\/\/br.linkedin.com\/company\/fpn-controle-e-automao-industrial-ltda"]}]}},"_links":{"self":[{"href":"https:\/\/motionup.com.br\/site\/wp-json\/wp\/v2\/product\/3386","targetHints":{"allow":["GET"]}}],"collection":[{"href":"https:\/\/motionup.com.br\/site\/wp-json\/wp\/v2\/product"}],"about":[{"href":"https:\/\/motionup.com.br\/site\/wp-json\/wp\/v2\/types\/product"}],"wp:featuredmedia":[{"embeddable":true,"href":"https:\/\/motionup.com.br\/site\/wp-json\/wp\/v2\/media\/3387"}],"wp:attachment":[{"href":"https:\/\/motionup.com.br\/site\/wp-json\/wp\/v2\/media?parent=3386"}],"wp:term":[{"taxonomy":"product_brand","embeddable":true,"href":"https:\/\/motionup.com.br\/site\/wp-json\/wp\/v2\/product_brand?post=3386"},{"taxonomy":"product_cat","embeddable":true,"href":"https:\/\/motionup.com.br\/site\/wp-json\/wp\/v2\/product_cat?post=3386"},{"taxonomy":"product_tag","embeddable":true,"href":"https:\/\/motionup.com.br\/site\/wp-json\/wp\/v2\/product_tag?post=3386"}],"curies":[{"name":"wp","href":"https:\/\/api.w.org\/{rel}","templated":true}]}}