{"id":3398,"date":"2021-05-11T11:52:42","date_gmt":"2021-05-11T14:52:42","guid":{"rendered":"https:\/\/motionup.com.br\/site\/?post_type=product&#038;p=3398"},"modified":"2021-05-11T11:55:11","modified_gmt":"2021-05-11T14:55:11","slug":"o5g500-sensor-fotoeletrico-de-luz-reflexiva-para-deteccao-de-objetos-transparentes-ifm","status":"publish","type":"product","link":"https:\/\/motionup.com.br\/site\/produto\/o5g500-sensor-fotoeletrico-de-luz-reflexiva-para-deteccao-de-objetos-transparentes-ifm\/","title":{"rendered":"O5G500-Sensor fotoel\u00e9trico de luz reflexiva para detec\u00e7\u00e3o de objetos transparentes-IFM"},"content":{"rendered":"<table class=\"pd-table\">\n<colgroup class=\"pd-table-cols-2\">\n<col class=\"pd-table-col-1\" \/>\n<col class=\"pd-table-col-2\" \/><\/colgroup>\n<tbody>\n<tr>\n<th class=\"pd-table-h1\" colspan=\"2\" scope=\"colgroup\">Caracter\u00edsticas do produto<\/th>\n<\/tr>\n<tr>\n<td>Tipo de luz<\/td>\n<td>luz vermelha<\/td>\n<\/tr>\n<tr>\n<td>Inv\u00f3lucro<\/td>\n<td>Retangular<\/td>\n<\/tr>\n<tr>\n<td>Dimens\u00f5es [mm]<\/td>\n<td>56 x 18,2 x 46,8<\/td>\n<\/tr>\n<tr>\n<th class=\"pd-table-h1\" colspan=\"2\" scope=\"colgroup\">Campo de aplica\u00e7\u00e3o<\/th>\n<\/tr>\n<tr>\n<td>Caracter\u00edstica especial<\/td>\n<td>filtro de polariza\u00e7\u00e3o; sa\u00edda de controle<\/td>\n<\/tr>\n<tr>\n<td>Princ\u00edpio de funcionamento<\/td>\n<td>Sensores retroreflexivos<\/td>\n<\/tr>\n<tr>\n<th class=\"pd-table-h1\" colspan=\"2\" scope=\"colgroup\">Dados el\u00e9tricos<\/th>\n<\/tr>\n<tr>\n<td>Tens\u00e3o de opera\u00e7\u00e3o [V]<\/td>\n<td>10&#8230;36 DC; (&#8220;supply class 2&#8221; conforme cULus)<\/td>\n<\/tr>\n<tr>\n<td>Consumo de corrente [mA]<\/td>\n<td>&lt; 50<\/td>\n<\/tr>\n<tr>\n<td>Classe de prote\u00e7\u00e3o<\/td>\n<td>II<\/td>\n<\/tr>\n<tr>\n<td>Prote\u00e7\u00e3o contra invers\u00e3o de polaridade<\/td>\n<td>sim<\/td>\n<\/tr>\n<tr>\n<td>Tipo de luz<\/td>\n<td>luz vermelha<\/td>\n<\/tr>\n<tr>\n<td>Comprimento da onda [nm]<\/td>\n<td>624<\/td>\n<\/tr>\n<tr>\n<th class=\"pd-table-h1\" colspan=\"2\" scope=\"colgroup\">Sa\u00eddas<\/th>\n<\/tr>\n<tr>\n<td>Fun\u00e7\u00e3o el\u00e9trica<\/td>\n<td>PNP\/NPN; (Detec\u00e7\u00e3o autom\u00e1tica de carga PNP\/NPN)<\/td>\n<\/tr>\n<tr>\n<td>Sa\u00edda<\/td>\n<td>Comuta\u00e7\u00e3o de modo Claro\/Escuro; (program\u00e1vel)<\/td>\n<\/tr>\n<tr>\n<td>Queda de tens\u00e3o m\u00e1x. da sa\u00edda de comuta\u00e7\u00e3o DC [V]<\/td>\n<td>2,5<\/td>\n<\/tr>\n<tr>\n<td>Sa\u00edda de controle<\/td>\n<td>sim<\/td>\n<\/tr>\n<tr>\n<td>Queda de tens\u00e3o m\u00e1x. da sa\u00edda de controle da fun\u00e7\u00e3o [V]<\/td>\n<td>2,5<\/td>\n<\/tr>\n<tr>\n<td>Capacidade de carga da sa\u00edda do controle de fun\u00e7\u00e3o [mA]<\/td>\n<td>50<\/td>\n<\/tr>\n<tr>\n<td>Intensidade de corrente m\u00e1xima constante da sa\u00edda de comuta\u00e7\u00e3o DC [mA]<\/td>\n<td>200<\/td>\n<\/tr>\n<tr>\n<td>Frequ\u00eancia de comuta\u00e7\u00e3o DC [Hz]<\/td>\n<td>1500<\/td>\n<\/tr>\n<tr>\n<td>Prote\u00e7\u00e3o contra curto-circuitos<\/td>\n<td>sim<\/td>\n<\/tr>\n<tr>\n<td>Vers\u00e3o da prote\u00e7\u00e3o contra curto-circuito<\/td>\n<td>por impulso<\/td>\n<\/tr>\n<tr>\n<td>Prote\u00e7\u00e3o contra sobrecarga<\/td>\n<td>sim<\/td>\n<\/tr>\n<tr>\n<th class=\"pd-table-h1\" colspan=\"2\" scope=\"colgroup\">Faixa de registro<\/th>\n<\/tr>\n<tr>\n<td>Alcance sobre refletor prism\u00e1tico [m]<\/td>\n<td>0&#8230;3; (Refletor prism\u00e1tico 100 x 100 mm E20454)<\/td>\n<\/tr>\n<tr>\n<td>Alcance\/alcance de detec\u00e7\u00e3o ajust\u00e1vel<\/td>\n<td>sim<\/td>\n<\/tr>\n<tr>\n<td>Di\u00e2metro m\u00e1x. da mancha de luz [mm]<\/td>\n<td>80<\/td>\n<\/tr>\n<tr>\n<td>Dimens\u00f5es da mancha de luz valem para<\/td>\n<td>\u00e0 faixa m\u00e1xima<\/td>\n<\/tr>\n<tr>\n<td>Filtro polarizador dispon\u00edvel<\/td>\n<td>sim<\/td>\n<\/tr>\n<tr>\n<th class=\"pd-table-h1\" colspan=\"2\" scope=\"colgroup\">Condi\u00e7\u00f5es ambientais<\/th>\n<\/tr>\n<tr>\n<td>Temperatura ambiente [\u00b0C]<\/td>\n<td>-25&#8230;60<\/td>\n<\/tr>\n<tr>\n<td>Prote\u00e7\u00e3o<\/td>\n<td>IP 67<\/td>\n<\/tr>\n<tr>\n<th class=\"pd-table-h1\" colspan=\"2\" scope=\"colgroup\">Certifica\u00e7\u00f5es \/ testes<\/th>\n<\/tr>\n<tr>\n<td>EMC<\/td>\n<td>\n<table>\n<colgroup class=\"pd-table-cols-2\">\n<col class=\"pd-table-col-1\" \/>\n<col class=\"pd-table-col-2\" \/><\/colgroup>\n<tbody>\n<tr>\n<td>EN 60947-5-2<\/td>\n<td><\/td>\n<\/tr>\n<\/tbody>\n<\/table>\n<\/td>\n<\/tr>\n<tr>\n<td>MTTF [anos]<\/td>\n<td>405<\/td>\n<\/tr>\n<tr>\n<th class=\"pd-table-h1\" colspan=\"2\" scope=\"colgroup\">Dados mec\u00e2nicos<\/th>\n<\/tr>\n<tr>\n<td>Peso [g]<\/td>\n<td>73<\/td>\n<\/tr>\n<tr>\n<td>Inv\u00f3lucro<\/td>\n<td>Retangular<\/td>\n<\/tr>\n<tr>\n<td>Dimens\u00f5es [mm]<\/td>\n<td>56 x 18,2 x 46,8<\/td>\n<\/tr>\n<tr>\n<td>Materiais<\/td>\n<td>inv\u00f3lucro: PA; quadro frontal: A\u00e7o inoxid\u00e1vel; painel de comando: TPU<\/td>\n<\/tr>\n<tr>\n<td>Material da lente<\/td>\n<td>\n<table>\n<colgroup class=\"pd-table-cols-1\">\n<col class=\"pd-table-col-1\" \/><\/colgroup>\n<tbody>\n<tr>\n<td>PMMA<\/td>\n<\/tr>\n<\/tbody>\n<\/table>\n<\/td>\n<\/tr>\n<tr>\n<td>Orienta\u00e7\u00e3o da lente<\/td>\n<td>\u00f3tica lateral<\/td>\n<\/tr>\n<tr>\n<th class=\"pd-table-h1\" colspan=\"2\" scope=\"colgroup\">Displays \/ elementos de opera\u00e7\u00e3o<\/th>\n<\/tr>\n<tr>\n<td>Display<\/td>\n<td>\n<table>\n<colgroup class=\"pd-table-cols-2\">\n<col class=\"pd-table-col-1\" \/>\n<col class=\"pd-table-col-2\" \/><\/colgroup>\n<tbody>\n<tr>\n<td>Status de chaveamento<\/td>\n<td>1 x LED, amarelo<\/td>\n<\/tr>\n<tr>\n<td>Fun\u00e7\u00e3o<\/td>\n<td>1 x LED, vermelho<\/td>\n<\/tr>\n<\/tbody>\n<\/table>\n<\/td>\n<\/tr>\n<tr>\n<td>Fun\u00e7\u00e3o Teach<\/td>\n<td>sim<\/td>\n<\/tr>\n<tr>\n<td>Trava eletr\u00f4nica<\/td>\n<td>sim<\/td>\n<\/tr>\n<tr>\n<th class=\"pd-table-h1\" colspan=\"2\" scope=\"colgroup\">Notas<\/th>\n<\/tr>\n<tr>\n<td>Quantidade<\/td>\n<td>1 pe\u00e7a<\/td>\n<\/tr>\n<tr>\n<th class=\"pd-table-h1\" colspan=\"2\" scope=\"colgroup\">conex\u00e3o el\u00e9trica<\/th>\n<\/tr>\n<tr>\n<td>Conex\u00e3o<\/td>\n<td>Conex\u00e3o: 1 x M12<\/td>\n<\/tr>\n<\/tbody>\n<\/table>\n","protected":false},"excerpt":{"rendered":"<p>Caracter\u00edsticas do produto Tipo de luz luz vermelha Inv\u00f3lucro Retangular Dimens\u00f5es [mm] 56 x 18,2 x 46,8 Campo de aplica\u00e7\u00e3o Caracter\u00edstica especial filtro de polariza\u00e7\u00e3o; sa\u00edda de controle Princ\u00edpio de funcionamento Sensores retroreflexivos Dados el\u00e9tricos Tens\u00e3o de opera\u00e7\u00e3o [V] 10&#8230;36 DC; (&#8220;supply class 2&#8221; conforme cULus) Consumo de corrente [mA] &lt; 50 Classe de prote\u00e7\u00e3o [&hellip;]<\/p>\n","protected":false},"featured_media":3399,"template":"","meta":[],"product_brand":[],"product_cat":[353,96,56],"product_tag":[59,58,57],"class_list":{"0":"post-3398","1":"product","2":"type-product","3":"status-publish","4":"has-post-thumbnail","6":"product_cat-ifm","7":"product_cat-cabos","8":"product_cat-sensores","9":"product_tag-fotoeletrico","10":"product_tag-ifm","11":"product_tag-sensor","13":"first","14":"instock","15":"shipping-taxable","16":"product-type-simple"},"yoast_head":"<!-- This site is optimized with the Yoast SEO plugin v26.3 - https:\/\/yoast.com\/wordpress\/plugins\/seo\/ -->\n<title>O5G500-Sensor fotoel\u00e9trico de luz reflexiva para detec\u00e7\u00e3o de objetos transparentes-IFM - Loja Motion Up<\/title>\n<meta name=\"robots\" content=\"index, follow, max-snippet:-1, max-image-preview:large, max-video-preview:-1\" \/>\n<link rel=\"canonical\" href=\"https:\/\/motionup.com.br\/site\/produto\/o5g500-sensor-fotoeletrico-de-luz-reflexiva-para-deteccao-de-objetos-transparentes-ifm\/\" \/>\n<meta property=\"og:locale\" content=\"pt_BR\" \/>\n<meta property=\"og:type\" content=\"article\" \/>\n<meta property=\"og:title\" content=\"O5G500-Sensor fotoel\u00e9trico de luz reflexiva para detec\u00e7\u00e3o de objetos transparentes-IFM - Loja Motion Up\" \/>\n<meta property=\"og:description\" content=\"Caracter\u00edsticas do produto Tipo de luz luz vermelha Inv\u00f3lucro Retangular Dimens\u00f5es [mm] 56 x 18,2 x 46,8 Campo de aplica\u00e7\u00e3o Caracter\u00edstica especial filtro de polariza\u00e7\u00e3o; sa\u00edda de controle Princ\u00edpio de funcionamento Sensores retroreflexivos Dados el\u00e9tricos Tens\u00e3o de opera\u00e7\u00e3o [V] 10&#8230;36 DC; (&#8220;supply class 2&#8221; conforme cULus) Consumo de corrente [mA] &lt; 50 Classe de prote\u00e7\u00e3o [&hellip;]\" \/>\n<meta property=\"og:url\" content=\"https:\/\/motionup.com.br\/site\/produto\/o5g500-sensor-fotoeletrico-de-luz-reflexiva-para-deteccao-de-objetos-transparentes-ifm\/\" \/>\n<meta property=\"og:site_name\" content=\"Loja Motion Up\" \/>\n<meta property=\"article:publisher\" content=\"https:\/\/m.facebook.com\/fp3motionup\/about\/\" \/>\n<meta property=\"article:modified_time\" content=\"2021-05-11T14:55:11+00:00\" \/>\n<meta property=\"og:image\" content=\"https:\/\/motionup.com.br\/site\/wp-content\/uploads\/2021\/05\/P_F_E_W_200_0077_O5G500_01.jpg\" \/>\n\t<meta property=\"og:image:width\" content=\"1200\" \/>\n\t<meta property=\"og:image:height\" content=\"1200\" \/>\n\t<meta property=\"og:image:type\" content=\"image\/jpeg\" \/>\n<meta name=\"twitter:card\" content=\"summary_large_image\" \/>\n<meta name=\"twitter:label1\" content=\"Est. tempo de leitura\" \/>\n\t<meta name=\"twitter:data1\" content=\"2 minutos\" \/>\n<script type=\"application\/ld+json\" class=\"yoast-schema-graph\">{\"@context\":\"https:\/\/schema.org\",\"@graph\":[{\"@type\":\"WebPage\",\"@id\":\"https:\/\/motionup.com.br\/site\/produto\/o5g500-sensor-fotoeletrico-de-luz-reflexiva-para-deteccao-de-objetos-transparentes-ifm\/\",\"url\":\"https:\/\/motionup.com.br\/site\/produto\/o5g500-sensor-fotoeletrico-de-luz-reflexiva-para-deteccao-de-objetos-transparentes-ifm\/\",\"name\":\"O5G500-Sensor fotoel\u00e9trico de luz reflexiva para detec\u00e7\u00e3o de objetos transparentes-IFM - Loja Motion Up\",\"isPartOf\":{\"@id\":\"https:\/\/motionup.com.br\/site\/#website\"},\"primaryImageOfPage\":{\"@id\":\"https:\/\/motionup.com.br\/site\/produto\/o5g500-sensor-fotoeletrico-de-luz-reflexiva-para-deteccao-de-objetos-transparentes-ifm\/#primaryimage\"},\"image\":{\"@id\":\"https:\/\/motionup.com.br\/site\/produto\/o5g500-sensor-fotoeletrico-de-luz-reflexiva-para-deteccao-de-objetos-transparentes-ifm\/#primaryimage\"},\"thumbnailUrl\":\"https:\/\/motionup.com.br\/site\/wp-content\/uploads\/2021\/05\/P_F_E_W_200_0077_O5G500_01.jpg\",\"datePublished\":\"2021-05-11T14:52:42+00:00\",\"dateModified\":\"2021-05-11T14:55:11+00:00\",\"breadcrumb\":{\"@id\":\"https:\/\/motionup.com.br\/site\/produto\/o5g500-sensor-fotoeletrico-de-luz-reflexiva-para-deteccao-de-objetos-transparentes-ifm\/#breadcrumb\"},\"inLanguage\":\"pt-BR\",\"potentialAction\":[{\"@type\":\"ReadAction\",\"target\":[\"https:\/\/motionup.com.br\/site\/produto\/o5g500-sensor-fotoeletrico-de-luz-reflexiva-para-deteccao-de-objetos-transparentes-ifm\/\"]}]},{\"@type\":\"ImageObject\",\"inLanguage\":\"pt-BR\",\"@id\":\"https:\/\/motionup.com.br\/site\/produto\/o5g500-sensor-fotoeletrico-de-luz-reflexiva-para-deteccao-de-objetos-transparentes-ifm\/#primaryimage\",\"url\":\"https:\/\/motionup.com.br\/site\/wp-content\/uploads\/2021\/05\/P_F_E_W_200_0077_O5G500_01.jpg\",\"contentUrl\":\"https:\/\/motionup.com.br\/site\/wp-content\/uploads\/2021\/05\/P_F_E_W_200_0077_O5G500_01.jpg\",\"width\":1200,\"height\":1200},{\"@type\":\"BreadcrumbList\",\"@id\":\"https:\/\/motionup.com.br\/site\/produto\/o5g500-sensor-fotoeletrico-de-luz-reflexiva-para-deteccao-de-objetos-transparentes-ifm\/#breadcrumb\",\"itemListElement\":[{\"@type\":\"ListItem\",\"position\":1,\"name\":\"In\u00edcio\",\"item\":\"https:\/\/motionup.com.br\/site\/\"},{\"@type\":\"ListItem\",\"position\":2,\"name\":\"Produtos\",\"item\":\"https:\/\/motionup.com.br\/site\/produtos\/\"},{\"@type\":\"ListItem\",\"position\":3,\"name\":\"O5G500-Sensor fotoel\u00e9trico de luz reflexiva para detec\u00e7\u00e3o de objetos transparentes-IFM\"}]},{\"@type\":\"WebSite\",\"@id\":\"https:\/\/motionup.com.br\/site\/#website\",\"url\":\"https:\/\/motionup.com.br\/site\/\",\"name\":\"Motion Up\",\"description\":\"E-commerce Motion Up - Automa\u00e7\u00e3o Industrial\",\"publisher\":{\"@id\":\"https:\/\/motionup.com.br\/site\/#organization\"},\"potentialAction\":[{\"@type\":\"SearchAction\",\"target\":{\"@type\":\"EntryPoint\",\"urlTemplate\":\"https:\/\/motionup.com.br\/site\/?s={search_term_string}\"},\"query-input\":{\"@type\":\"PropertyValueSpecification\",\"valueRequired\":true,\"valueName\":\"search_term_string\"}}],\"inLanguage\":\"pt-BR\"},{\"@type\":\"Organization\",\"@id\":\"https:\/\/motionup.com.br\/site\/#organization\",\"name\":\"Motion Up\",\"url\":\"https:\/\/motionup.com.br\/site\/\",\"logo\":{\"@type\":\"ImageObject\",\"inLanguage\":\"pt-BR\",\"@id\":\"https:\/\/motionup.com.br\/site\/#\/schema\/logo\/image\/\",\"url\":\"https:\/\/motionup.com.br\/site\/wp-content\/uploads\/2025\/05\/MOTIONUP.png\",\"contentUrl\":\"https:\/\/motionup.com.br\/site\/wp-content\/uploads\/2025\/05\/MOTIONUP.png\",\"width\":1200,\"height\":601,\"caption\":\"Motion Up\"},\"image\":{\"@id\":\"https:\/\/motionup.com.br\/site\/#\/schema\/logo\/image\/\"},\"sameAs\":[\"https:\/\/m.facebook.com\/fp3motionup\/about\/\",\"https:\/\/br.linkedin.com\/company\/fpn-controle-e-automao-industrial-ltda\"]}]}<\/script>\n<!-- \/ Yoast SEO plugin. -->","yoast_head_json":{"title":"O5G500-Sensor fotoel\u00e9trico de luz reflexiva para detec\u00e7\u00e3o de objetos transparentes-IFM - Loja Motion Up","robots":{"index":"index","follow":"follow","max-snippet":"max-snippet:-1","max-image-preview":"max-image-preview:large","max-video-preview":"max-video-preview:-1"},"canonical":"https:\/\/motionup.com.br\/site\/produto\/o5g500-sensor-fotoeletrico-de-luz-reflexiva-para-deteccao-de-objetos-transparentes-ifm\/","og_locale":"pt_BR","og_type":"article","og_title":"O5G500-Sensor fotoel\u00e9trico de luz reflexiva para detec\u00e7\u00e3o de objetos transparentes-IFM - Loja Motion Up","og_description":"Caracter\u00edsticas do produto Tipo de luz luz vermelha Inv\u00f3lucro Retangular Dimens\u00f5es [mm] 56 x 18,2 x 46,8 Campo de aplica\u00e7\u00e3o Caracter\u00edstica especial filtro de polariza\u00e7\u00e3o; sa\u00edda de controle Princ\u00edpio de funcionamento Sensores retroreflexivos Dados el\u00e9tricos Tens\u00e3o de opera\u00e7\u00e3o [V] 10&#8230;36 DC; (&#8220;supply class 2&#8221; conforme cULus) Consumo de corrente [mA] &lt; 50 Classe de prote\u00e7\u00e3o [&hellip;]","og_url":"https:\/\/motionup.com.br\/site\/produto\/o5g500-sensor-fotoeletrico-de-luz-reflexiva-para-deteccao-de-objetos-transparentes-ifm\/","og_site_name":"Loja Motion Up","article_publisher":"https:\/\/m.facebook.com\/fp3motionup\/about\/","article_modified_time":"2021-05-11T14:55:11+00:00","og_image":[{"width":1200,"height":1200,"url":"https:\/\/motionup.com.br\/site\/wp-content\/uploads\/2021\/05\/P_F_E_W_200_0077_O5G500_01.jpg","type":"image\/jpeg"}],"twitter_card":"summary_large_image","twitter_misc":{"Est. tempo de leitura":"2 minutos"},"schema":{"@context":"https:\/\/schema.org","@graph":[{"@type":"WebPage","@id":"https:\/\/motionup.com.br\/site\/produto\/o5g500-sensor-fotoeletrico-de-luz-reflexiva-para-deteccao-de-objetos-transparentes-ifm\/","url":"https:\/\/motionup.com.br\/site\/produto\/o5g500-sensor-fotoeletrico-de-luz-reflexiva-para-deteccao-de-objetos-transparentes-ifm\/","name":"O5G500-Sensor fotoel\u00e9trico de luz reflexiva para detec\u00e7\u00e3o de objetos transparentes-IFM - Loja Motion Up","isPartOf":{"@id":"https:\/\/motionup.com.br\/site\/#website"},"primaryImageOfPage":{"@id":"https:\/\/motionup.com.br\/site\/produto\/o5g500-sensor-fotoeletrico-de-luz-reflexiva-para-deteccao-de-objetos-transparentes-ifm\/#primaryimage"},"image":{"@id":"https:\/\/motionup.com.br\/site\/produto\/o5g500-sensor-fotoeletrico-de-luz-reflexiva-para-deteccao-de-objetos-transparentes-ifm\/#primaryimage"},"thumbnailUrl":"https:\/\/motionup.com.br\/site\/wp-content\/uploads\/2021\/05\/P_F_E_W_200_0077_O5G500_01.jpg","datePublished":"2021-05-11T14:52:42+00:00","dateModified":"2021-05-11T14:55:11+00:00","breadcrumb":{"@id":"https:\/\/motionup.com.br\/site\/produto\/o5g500-sensor-fotoeletrico-de-luz-reflexiva-para-deteccao-de-objetos-transparentes-ifm\/#breadcrumb"},"inLanguage":"pt-BR","potentialAction":[{"@type":"ReadAction","target":["https:\/\/motionup.com.br\/site\/produto\/o5g500-sensor-fotoeletrico-de-luz-reflexiva-para-deteccao-de-objetos-transparentes-ifm\/"]}]},{"@type":"ImageObject","inLanguage":"pt-BR","@id":"https:\/\/motionup.com.br\/site\/produto\/o5g500-sensor-fotoeletrico-de-luz-reflexiva-para-deteccao-de-objetos-transparentes-ifm\/#primaryimage","url":"https:\/\/motionup.com.br\/site\/wp-content\/uploads\/2021\/05\/P_F_E_W_200_0077_O5G500_01.jpg","contentUrl":"https:\/\/motionup.com.br\/site\/wp-content\/uploads\/2021\/05\/P_F_E_W_200_0077_O5G500_01.jpg","width":1200,"height":1200},{"@type":"BreadcrumbList","@id":"https:\/\/motionup.com.br\/site\/produto\/o5g500-sensor-fotoeletrico-de-luz-reflexiva-para-deteccao-de-objetos-transparentes-ifm\/#breadcrumb","itemListElement":[{"@type":"ListItem","position":1,"name":"In\u00edcio","item":"https:\/\/motionup.com.br\/site\/"},{"@type":"ListItem","position":2,"name":"Produtos","item":"https:\/\/motionup.com.br\/site\/produtos\/"},{"@type":"ListItem","position":3,"name":"O5G500-Sensor fotoel\u00e9trico de luz reflexiva para detec\u00e7\u00e3o de objetos transparentes-IFM"}]},{"@type":"WebSite","@id":"https:\/\/motionup.com.br\/site\/#website","url":"https:\/\/motionup.com.br\/site\/","name":"Motion Up","description":"E-commerce Motion Up - Automa\u00e7\u00e3o Industrial","publisher":{"@id":"https:\/\/motionup.com.br\/site\/#organization"},"potentialAction":[{"@type":"SearchAction","target":{"@type":"EntryPoint","urlTemplate":"https:\/\/motionup.com.br\/site\/?s={search_term_string}"},"query-input":{"@type":"PropertyValueSpecification","valueRequired":true,"valueName":"search_term_string"}}],"inLanguage":"pt-BR"},{"@type":"Organization","@id":"https:\/\/motionup.com.br\/site\/#organization","name":"Motion Up","url":"https:\/\/motionup.com.br\/site\/","logo":{"@type":"ImageObject","inLanguage":"pt-BR","@id":"https:\/\/motionup.com.br\/site\/#\/schema\/logo\/image\/","url":"https:\/\/motionup.com.br\/site\/wp-content\/uploads\/2025\/05\/MOTIONUP.png","contentUrl":"https:\/\/motionup.com.br\/site\/wp-content\/uploads\/2025\/05\/MOTIONUP.png","width":1200,"height":601,"caption":"Motion Up"},"image":{"@id":"https:\/\/motionup.com.br\/site\/#\/schema\/logo\/image\/"},"sameAs":["https:\/\/m.facebook.com\/fp3motionup\/about\/","https:\/\/br.linkedin.com\/company\/fpn-controle-e-automao-industrial-ltda"]}]}},"_links":{"self":[{"href":"https:\/\/motionup.com.br\/site\/wp-json\/wp\/v2\/product\/3398","targetHints":{"allow":["GET"]}}],"collection":[{"href":"https:\/\/motionup.com.br\/site\/wp-json\/wp\/v2\/product"}],"about":[{"href":"https:\/\/motionup.com.br\/site\/wp-json\/wp\/v2\/types\/product"}],"wp:featuredmedia":[{"embeddable":true,"href":"https:\/\/motionup.com.br\/site\/wp-json\/wp\/v2\/media\/3399"}],"wp:attachment":[{"href":"https:\/\/motionup.com.br\/site\/wp-json\/wp\/v2\/media?parent=3398"}],"wp:term":[{"taxonomy":"product_brand","embeddable":true,"href":"https:\/\/motionup.com.br\/site\/wp-json\/wp\/v2\/product_brand?post=3398"},{"taxonomy":"product_cat","embeddable":true,"href":"https:\/\/motionup.com.br\/site\/wp-json\/wp\/v2\/product_cat?post=3398"},{"taxonomy":"product_tag","embeddable":true,"href":"https:\/\/motionup.com.br\/site\/wp-json\/wp\/v2\/product_tag?post=3398"}],"curies":[{"name":"wp","href":"https:\/\/api.w.org\/{rel}","templated":true}]}}