{"id":3460,"date":"2021-05-31T11:05:48","date_gmt":"2021-05-31T14:05:48","guid":{"rendered":"https:\/\/motionup.com.br\/site\/?post_type=product&#038;p=3460"},"modified":"2023-10-05T09:39:31","modified_gmt":"2023-10-05T12:39:31","slug":"im5117-sensor-indutivo-ifm","status":"publish","type":"product","link":"https:\/\/motionup.com.br\/site\/produto\/im5117-sensor-indutivo-ifm\/","title":{"rendered":"IM5117 &#8211; SENSOR INDUTIVO (RETANGULAR) &#8211; ALCANCE: 40mm &#8211; NAO EMBUTIDO &#8211; IFM"},"content":{"rendered":"<p>IM5117 &#8211; SENSOR INDUTIVO (RETANGULAR) &#8211; ALCANCE: 40mm &#8211; NAO EMBUTIDO &#8211; IFM<\/p>\n<p>Consulte um vendedor e solicite um or\u00e7amento<\/p>\n<p>vendas@motionup.com.br<\/p>\n<p>motionup@motionup.com.br<\/p>\n<hr \/>\n<ul class=\"bulletpoint-list__entries\">\n<li>Ampla dist\u00e2ncia de comuta\u00e7\u00e3o para aplica\u00e7\u00e3o na tecnologia de transporte<\/li>\n<li>Inv\u00f3lucro robusto para aplica\u00e7\u00e3o em ambiente industrial duro<\/li>\n<li>Superf\u00edcie ativa ajust\u00e1vel em cinco posi\u00e7\u00f5es<\/li>\n<li>Indica\u00e7\u00e3o LED para controle do estado de comuta\u00e7\u00e3o e da fun\u00e7\u00e3o<\/li>\n<li>LEDs de canto bem vis\u00edveis de qualquer posi\u00e7\u00e3o de ajuste<\/li>\n<\/ul>\n<blockquote><p><strong>CARACTERISTICAS DO PRODUTO<\/strong><\/p><\/blockquote>\n<ul>\n<li>Fun\u00e7\u00e3o el\u00e9trica &#8212;&gt; PNP<\/li>\n<li>Sa\u00edda &#8212;&gt; normalmente aberto<\/li>\n<li>Alcance de detec\u00e7\u00e3o [mm] &#8212;&gt; 40<\/li>\n<li>Inv\u00f3lucro &#8212;&gt; Retangular<\/li>\n<li>Dimens\u00f5es [mm] &#8212;&gt; 40 x 40 x 54<\/li>\n<\/ul>\n","protected":false},"excerpt":{"rendered":"<p>IM5117 &#8211; SENSOR INDUTIVO (RETANGULAR) &#8211; ALCANCE: 40mm &#8211; NAO EMBUTIDO &#8211; IFM Consulte um vendedor e solicite um or\u00e7amento vendas@motionup.com.br motionup@motionup.com.br Ampla dist\u00e2ncia de comuta\u00e7\u00e3o para aplica\u00e7\u00e3o na tecnologia de transporte Inv\u00f3lucro robusto para aplica\u00e7\u00e3o em ambiente industrial duro Superf\u00edcie ativa ajust\u00e1vel em cinco posi\u00e7\u00f5es Indica\u00e7\u00e3o LED para controle do estado de comuta\u00e7\u00e3o e [&hellip;]<\/p>\n","protected":false},"featured_media":3461,"template":"","meta":[],"product_brand":[],"product_cat":[353,56,652],"product_tag":[],"class_list":{"0":"post-3460","1":"product","2":"type-product","3":"status-publish","4":"has-post-thumbnail","6":"product_cat-ifm","7":"product_cat-sensores","8":"product_cat-sensores-indutivo","10":"first","11":"onbackorder","12":"shipping-taxable","13":"product-type-simple"},"yoast_head":"<!-- This site is optimized with the Yoast SEO plugin v26.3 - https:\/\/yoast.com\/wordpress\/plugins\/seo\/ -->\n<title>IM5117 - SENSOR INDUTIVO (RETANGULAR) - ALCANCE: 40mm - NAO EMBUTIDO - IFM - Loja Motion Up<\/title>\n<meta name=\"robots\" content=\"index, follow, max-snippet:-1, max-image-preview:large, max-video-preview:-1\" \/>\n<link rel=\"canonical\" href=\"https:\/\/motionup.com.br\/site\/produto\/im5117-sensor-indutivo-ifm\/\" \/>\n<meta property=\"og:locale\" content=\"pt_BR\" \/>\n<meta property=\"og:type\" content=\"article\" \/>\n<meta property=\"og:title\" content=\"IM5117 - SENSOR INDUTIVO (RETANGULAR) - ALCANCE: 40mm - NAO EMBUTIDO - IFM - Loja Motion Up\" \/>\n<meta property=\"og:description\" content=\"IM5117 &#8211; SENSOR INDUTIVO (RETANGULAR) &#8211; ALCANCE: 40mm &#8211; NAO EMBUTIDO &#8211; IFM Consulte um vendedor e solicite um or\u00e7amento vendas@motionup.com.br motionup@motionup.com.br Ampla dist\u00e2ncia de comuta\u00e7\u00e3o para aplica\u00e7\u00e3o na tecnologia de transporte Inv\u00f3lucro robusto para aplica\u00e7\u00e3o em ambiente industrial duro Superf\u00edcie ativa ajust\u00e1vel em cinco posi\u00e7\u00f5es Indica\u00e7\u00e3o LED para controle do estado de comuta\u00e7\u00e3o e [&hellip;]\" \/>\n<meta property=\"og:url\" content=\"https:\/\/motionup.com.br\/site\/produto\/im5117-sensor-indutivo-ifm\/\" \/>\n<meta property=\"og:site_name\" content=\"Loja Motion Up\" \/>\n<meta property=\"article:publisher\" content=\"https:\/\/m.facebook.com\/fp3motionup\/about\/\" \/>\n<meta property=\"article:modified_time\" content=\"2023-10-05T12:39:31+00:00\" \/>\n<meta property=\"og:image\" content=\"https:\/\/motionup.com.br\/site\/wp-content\/uploads\/2021\/05\/P_F_E_W_100_1292_IM5117_01.jpg\" \/>\n\t<meta property=\"og:image:width\" content=\"1200\" \/>\n\t<meta property=\"og:image:height\" content=\"1200\" \/>\n\t<meta property=\"og:image:type\" content=\"image\/jpeg\" \/>\n<meta name=\"twitter:card\" content=\"summary_large_image\" \/>\n<meta name=\"twitter:label1\" content=\"Est. tempo de leitura\" \/>\n\t<meta name=\"twitter:data1\" content=\"1 minuto\" \/>\n<script type=\"application\/ld+json\" class=\"yoast-schema-graph\">{\"@context\":\"https:\/\/schema.org\",\"@graph\":[{\"@type\":\"WebPage\",\"@id\":\"https:\/\/motionup.com.br\/site\/produto\/im5117-sensor-indutivo-ifm\/\",\"url\":\"https:\/\/motionup.com.br\/site\/produto\/im5117-sensor-indutivo-ifm\/\",\"name\":\"IM5117 - SENSOR INDUTIVO (RETANGULAR) - ALCANCE: 40mm - NAO EMBUTIDO - IFM - Loja Motion Up\",\"isPartOf\":{\"@id\":\"https:\/\/motionup.com.br\/site\/#website\"},\"primaryImageOfPage\":{\"@id\":\"https:\/\/motionup.com.br\/site\/produto\/im5117-sensor-indutivo-ifm\/#primaryimage\"},\"image\":{\"@id\":\"https:\/\/motionup.com.br\/site\/produto\/im5117-sensor-indutivo-ifm\/#primaryimage\"},\"thumbnailUrl\":\"https:\/\/motionup.com.br\/site\/wp-content\/uploads\/2021\/05\/P_F_E_W_100_1292_IM5117_01.jpg\",\"datePublished\":\"2021-05-31T14:05:48+00:00\",\"dateModified\":\"2023-10-05T12:39:31+00:00\",\"breadcrumb\":{\"@id\":\"https:\/\/motionup.com.br\/site\/produto\/im5117-sensor-indutivo-ifm\/#breadcrumb\"},\"inLanguage\":\"pt-BR\",\"potentialAction\":[{\"@type\":\"ReadAction\",\"target\":[\"https:\/\/motionup.com.br\/site\/produto\/im5117-sensor-indutivo-ifm\/\"]}]},{\"@type\":\"ImageObject\",\"inLanguage\":\"pt-BR\",\"@id\":\"https:\/\/motionup.com.br\/site\/produto\/im5117-sensor-indutivo-ifm\/#primaryimage\",\"url\":\"https:\/\/motionup.com.br\/site\/wp-content\/uploads\/2021\/05\/P_F_E_W_100_1292_IM5117_01.jpg\",\"contentUrl\":\"https:\/\/motionup.com.br\/site\/wp-content\/uploads\/2021\/05\/P_F_E_W_100_1292_IM5117_01.jpg\",\"width\":1200,\"height\":1200},{\"@type\":\"BreadcrumbList\",\"@id\":\"https:\/\/motionup.com.br\/site\/produto\/im5117-sensor-indutivo-ifm\/#breadcrumb\",\"itemListElement\":[{\"@type\":\"ListItem\",\"position\":1,\"name\":\"In\u00edcio\",\"item\":\"https:\/\/motionup.com.br\/site\/\"},{\"@type\":\"ListItem\",\"position\":2,\"name\":\"Produtos\",\"item\":\"https:\/\/motionup.com.br\/site\/produtos\/\"},{\"@type\":\"ListItem\",\"position\":3,\"name\":\"IM5117 &#8211; SENSOR INDUTIVO (RETANGULAR) &#8211; ALCANCE: 40mm &#8211; NAO EMBUTIDO &#8211; IFM\"}]},{\"@type\":\"WebSite\",\"@id\":\"https:\/\/motionup.com.br\/site\/#website\",\"url\":\"https:\/\/motionup.com.br\/site\/\",\"name\":\"Motion Up\",\"description\":\"E-commerce Motion Up - Automa\u00e7\u00e3o Industrial\",\"publisher\":{\"@id\":\"https:\/\/motionup.com.br\/site\/#organization\"},\"potentialAction\":[{\"@type\":\"SearchAction\",\"target\":{\"@type\":\"EntryPoint\",\"urlTemplate\":\"https:\/\/motionup.com.br\/site\/?s={search_term_string}\"},\"query-input\":{\"@type\":\"PropertyValueSpecification\",\"valueRequired\":true,\"valueName\":\"search_term_string\"}}],\"inLanguage\":\"pt-BR\"},{\"@type\":\"Organization\",\"@id\":\"https:\/\/motionup.com.br\/site\/#organization\",\"name\":\"Motion Up\",\"url\":\"https:\/\/motionup.com.br\/site\/\",\"logo\":{\"@type\":\"ImageObject\",\"inLanguage\":\"pt-BR\",\"@id\":\"https:\/\/motionup.com.br\/site\/#\/schema\/logo\/image\/\",\"url\":\"https:\/\/motionup.com.br\/site\/wp-content\/uploads\/2025\/05\/MOTIONUP.png\",\"contentUrl\":\"https:\/\/motionup.com.br\/site\/wp-content\/uploads\/2025\/05\/MOTIONUP.png\",\"width\":1200,\"height\":601,\"caption\":\"Motion Up\"},\"image\":{\"@id\":\"https:\/\/motionup.com.br\/site\/#\/schema\/logo\/image\/\"},\"sameAs\":[\"https:\/\/m.facebook.com\/fp3motionup\/about\/\",\"https:\/\/br.linkedin.com\/company\/fpn-controle-e-automao-industrial-ltda\"]}]}<\/script>\n<!-- \/ Yoast SEO plugin. -->","yoast_head_json":{"title":"IM5117 - SENSOR INDUTIVO (RETANGULAR) - ALCANCE: 40mm - NAO EMBUTIDO - IFM - Loja Motion Up","robots":{"index":"index","follow":"follow","max-snippet":"max-snippet:-1","max-image-preview":"max-image-preview:large","max-video-preview":"max-video-preview:-1"},"canonical":"https:\/\/motionup.com.br\/site\/produto\/im5117-sensor-indutivo-ifm\/","og_locale":"pt_BR","og_type":"article","og_title":"IM5117 - SENSOR INDUTIVO (RETANGULAR) - ALCANCE: 40mm - NAO EMBUTIDO - IFM - Loja Motion Up","og_description":"IM5117 &#8211; SENSOR INDUTIVO (RETANGULAR) &#8211; ALCANCE: 40mm &#8211; NAO EMBUTIDO &#8211; IFM Consulte um vendedor e solicite um or\u00e7amento vendas@motionup.com.br motionup@motionup.com.br Ampla dist\u00e2ncia de comuta\u00e7\u00e3o para aplica\u00e7\u00e3o na tecnologia de transporte Inv\u00f3lucro robusto para aplica\u00e7\u00e3o em ambiente industrial duro Superf\u00edcie ativa ajust\u00e1vel em cinco posi\u00e7\u00f5es Indica\u00e7\u00e3o LED para controle do estado de comuta\u00e7\u00e3o e [&hellip;]","og_url":"https:\/\/motionup.com.br\/site\/produto\/im5117-sensor-indutivo-ifm\/","og_site_name":"Loja Motion Up","article_publisher":"https:\/\/m.facebook.com\/fp3motionup\/about\/","article_modified_time":"2023-10-05T12:39:31+00:00","og_image":[{"width":1200,"height":1200,"url":"https:\/\/motionup.com.br\/site\/wp-content\/uploads\/2021\/05\/P_F_E_W_100_1292_IM5117_01.jpg","type":"image\/jpeg"}],"twitter_card":"summary_large_image","twitter_misc":{"Est. tempo de leitura":"1 minuto"},"schema":{"@context":"https:\/\/schema.org","@graph":[{"@type":"WebPage","@id":"https:\/\/motionup.com.br\/site\/produto\/im5117-sensor-indutivo-ifm\/","url":"https:\/\/motionup.com.br\/site\/produto\/im5117-sensor-indutivo-ifm\/","name":"IM5117 - SENSOR INDUTIVO (RETANGULAR) - ALCANCE: 40mm - NAO EMBUTIDO - IFM - Loja Motion Up","isPartOf":{"@id":"https:\/\/motionup.com.br\/site\/#website"},"primaryImageOfPage":{"@id":"https:\/\/motionup.com.br\/site\/produto\/im5117-sensor-indutivo-ifm\/#primaryimage"},"image":{"@id":"https:\/\/motionup.com.br\/site\/produto\/im5117-sensor-indutivo-ifm\/#primaryimage"},"thumbnailUrl":"https:\/\/motionup.com.br\/site\/wp-content\/uploads\/2021\/05\/P_F_E_W_100_1292_IM5117_01.jpg","datePublished":"2021-05-31T14:05:48+00:00","dateModified":"2023-10-05T12:39:31+00:00","breadcrumb":{"@id":"https:\/\/motionup.com.br\/site\/produto\/im5117-sensor-indutivo-ifm\/#breadcrumb"},"inLanguage":"pt-BR","potentialAction":[{"@type":"ReadAction","target":["https:\/\/motionup.com.br\/site\/produto\/im5117-sensor-indutivo-ifm\/"]}]},{"@type":"ImageObject","inLanguage":"pt-BR","@id":"https:\/\/motionup.com.br\/site\/produto\/im5117-sensor-indutivo-ifm\/#primaryimage","url":"https:\/\/motionup.com.br\/site\/wp-content\/uploads\/2021\/05\/P_F_E_W_100_1292_IM5117_01.jpg","contentUrl":"https:\/\/motionup.com.br\/site\/wp-content\/uploads\/2021\/05\/P_F_E_W_100_1292_IM5117_01.jpg","width":1200,"height":1200},{"@type":"BreadcrumbList","@id":"https:\/\/motionup.com.br\/site\/produto\/im5117-sensor-indutivo-ifm\/#breadcrumb","itemListElement":[{"@type":"ListItem","position":1,"name":"In\u00edcio","item":"https:\/\/motionup.com.br\/site\/"},{"@type":"ListItem","position":2,"name":"Produtos","item":"https:\/\/motionup.com.br\/site\/produtos\/"},{"@type":"ListItem","position":3,"name":"IM5117 &#8211; SENSOR INDUTIVO (RETANGULAR) &#8211; ALCANCE: 40mm &#8211; NAO EMBUTIDO &#8211; IFM"}]},{"@type":"WebSite","@id":"https:\/\/motionup.com.br\/site\/#website","url":"https:\/\/motionup.com.br\/site\/","name":"Motion Up","description":"E-commerce Motion Up - Automa\u00e7\u00e3o Industrial","publisher":{"@id":"https:\/\/motionup.com.br\/site\/#organization"},"potentialAction":[{"@type":"SearchAction","target":{"@type":"EntryPoint","urlTemplate":"https:\/\/motionup.com.br\/site\/?s={search_term_string}"},"query-input":{"@type":"PropertyValueSpecification","valueRequired":true,"valueName":"search_term_string"}}],"inLanguage":"pt-BR"},{"@type":"Organization","@id":"https:\/\/motionup.com.br\/site\/#organization","name":"Motion Up","url":"https:\/\/motionup.com.br\/site\/","logo":{"@type":"ImageObject","inLanguage":"pt-BR","@id":"https:\/\/motionup.com.br\/site\/#\/schema\/logo\/image\/","url":"https:\/\/motionup.com.br\/site\/wp-content\/uploads\/2025\/05\/MOTIONUP.png","contentUrl":"https:\/\/motionup.com.br\/site\/wp-content\/uploads\/2025\/05\/MOTIONUP.png","width":1200,"height":601,"caption":"Motion Up"},"image":{"@id":"https:\/\/motionup.com.br\/site\/#\/schema\/logo\/image\/"},"sameAs":["https:\/\/m.facebook.com\/fp3motionup\/about\/","https:\/\/br.linkedin.com\/company\/fpn-controle-e-automao-industrial-ltda"]}]}},"_links":{"self":[{"href":"https:\/\/motionup.com.br\/site\/wp-json\/wp\/v2\/product\/3460","targetHints":{"allow":["GET"]}}],"collection":[{"href":"https:\/\/motionup.com.br\/site\/wp-json\/wp\/v2\/product"}],"about":[{"href":"https:\/\/motionup.com.br\/site\/wp-json\/wp\/v2\/types\/product"}],"wp:featuredmedia":[{"embeddable":true,"href":"https:\/\/motionup.com.br\/site\/wp-json\/wp\/v2\/media\/3461"}],"wp:attachment":[{"href":"https:\/\/motionup.com.br\/site\/wp-json\/wp\/v2\/media?parent=3460"}],"wp:term":[{"taxonomy":"product_brand","embeddable":true,"href":"https:\/\/motionup.com.br\/site\/wp-json\/wp\/v2\/product_brand?post=3460"},{"taxonomy":"product_cat","embeddable":true,"href":"https:\/\/motionup.com.br\/site\/wp-json\/wp\/v2\/product_cat?post=3460"},{"taxonomy":"product_tag","embeddable":true,"href":"https:\/\/motionup.com.br\/site\/wp-json\/wp\/v2\/product_tag?post=3460"}],"curies":[{"name":"wp","href":"https:\/\/api.w.org\/{rel}","templated":true}]}}