{"id":3487,"date":"2021-05-31T13:42:32","date_gmt":"2021-05-31T16:42:32","guid":{"rendered":"https:\/\/motionup.com.br\/site\/?post_type=product&#038;p=3487"},"modified":"2021-05-31T13:52:33","modified_gmt":"2021-05-31T16:52:33","slug":"iec212-sensor-indutivo-de-metal-macico-ifm","status":"publish","type":"product","link":"https:\/\/motionup.com.br\/site\/produto\/iec212-sensor-indutivo-de-metal-macico-ifm\/","title":{"rendered":"IEC212-Sensor indutivo de metal maci\u00e7o-IFM"},"content":{"rendered":"<table class=\"pd-table\">\n<colgroup class=\"pd-table-cols-2\">\n<col class=\"pd-table-col-1\" \/>\n<col class=\"pd-table-col-2\" \/><\/colgroup>\n<tbody>\n<tr>\n<th class=\"pd-table-h1\" colspan=\"2\" scope=\"colgroup\">Caracter\u00edsticas do produto<\/th>\n<\/tr>\n<tr>\n<td>Fun\u00e7\u00e3o el\u00e9trica<\/td>\n<td>PNP<\/td>\n<\/tr>\n<tr>\n<td>Sa\u00edda<\/td>\n<td>normalmente aberto<\/td>\n<\/tr>\n<tr>\n<td>Alcance de detec\u00e7\u00e3o [mm]<\/td>\n<td>5<\/td>\n<\/tr>\n<tr>\n<td>Inv\u00f3lucro<\/td>\n<td>forma construtiva de roscas<\/td>\n<\/tr>\n<tr>\n<td>Dimens\u00f5es [mm]<\/td>\n<td>M8 x 1 \/ L = 45<\/td>\n<\/tr>\n<tr>\n<th class=\"pd-table-h1\" colspan=\"2\" scope=\"colgroup\">Campo de aplica\u00e7\u00e3o<\/th>\n<\/tr>\n<tr>\n<td>Caracter\u00edstica especial<\/td>\n<td>Contatos banhados a ouro; alcance aumentado; Inv\u00f3lucro todo em metal<\/td>\n<\/tr>\n<tr>\n<td>Aplica\u00e7\u00e3o<\/td>\n<td>Aplica\u00e7\u00e3o em m\u00e1quinas de ferramentas, refrigerantes e lubrificantes<\/td>\n<\/tr>\n<tr>\n<td>Resist\u00eancia \u00e0 press\u00e3o [bar]<\/td>\n<td>50<\/td>\n<\/tr>\n<tr>\n<td>Aviso da resist\u00eancia \u00e0 press\u00e3o<\/td>\n<td>\n<table>\n<colgroup class=\"pd-table-cols-1\">\n<col class=\"pd-table-col-1\" \/><\/colgroup>\n<tbody>\n<tr>\n<td>face ativa<\/td>\n<\/tr>\n<\/tbody>\n<\/table>\n<\/td>\n<\/tr>\n<tr>\n<th class=\"pd-table-h1\" colspan=\"2\" scope=\"colgroup\">Dados el\u00e9tricos<\/th>\n<\/tr>\n<tr>\n<td>Tens\u00e3o de opera\u00e7\u00e3o [V]<\/td>\n<td>10&#8230;30 DC<\/td>\n<\/tr>\n<tr>\n<td>Consumo de corrente [mA]<\/td>\n<td>&lt; 20<\/td>\n<\/tr>\n<tr>\n<td>Classe de prote\u00e7\u00e3o<\/td>\n<td>III<\/td>\n<\/tr>\n<tr>\n<td>Prote\u00e7\u00e3o contra invers\u00e3o de polaridade<\/td>\n<td>sim<\/td>\n<\/tr>\n<tr>\n<th class=\"pd-table-h1\" colspan=\"2\" scope=\"colgroup\">Sa\u00eddas<\/th>\n<\/tr>\n<tr>\n<td>Fun\u00e7\u00e3o el\u00e9trica<\/td>\n<td>PNP<\/td>\n<\/tr>\n<tr>\n<td>Sa\u00edda<\/td>\n<td>normalmente aberto<\/td>\n<\/tr>\n<tr>\n<td>Queda de tens\u00e3o m\u00e1x. da sa\u00edda de comuta\u00e7\u00e3o DC [V]<\/td>\n<td>2,5<\/td>\n<\/tr>\n<tr>\n<td>Intensidade de corrente m\u00e1xima constante da sa\u00edda de comuta\u00e7\u00e3o DC [mA]<\/td>\n<td>100<\/td>\n<\/tr>\n<tr>\n<td>Frequ\u00eancia de comuta\u00e7\u00e3o DC [Hz]<\/td>\n<td>500<\/td>\n<\/tr>\n<tr>\n<td>Prote\u00e7\u00e3o contra curto-circuitos<\/td>\n<td>sim<\/td>\n<\/tr>\n<tr>\n<td>Prote\u00e7\u00e3o contra sobrecarga<\/td>\n<td>sim<\/td>\n<\/tr>\n<tr>\n<th class=\"pd-table-h1\" colspan=\"2\" scope=\"colgroup\">Faixa de registro<\/th>\n<\/tr>\n<tr>\n<td>Alcance de detec\u00e7\u00e3o [mm]<\/td>\n<td>5<\/td>\n<\/tr>\n<tr>\n<td>Dist\u00e2ncia real de comuta\u00e7\u00e3o Sr [mm]<\/td>\n<td>5 \u00b1 10 %<\/td>\n<\/tr>\n<tr>\n<td>Dist\u00e2ncia de trabalho [mm]<\/td>\n<td>0&#8230;4,05<\/td>\n<\/tr>\n<tr>\n<td>Alcance aumentado<\/td>\n<td>sim<\/td>\n<\/tr>\n<tr>\n<th class=\"pd-table-h1\" colspan=\"2\" scope=\"colgroup\">Precis\u00e3o \/ desvios<\/th>\n<\/tr>\n<tr>\n<td>Fator de corre\u00e7\u00e3o<\/td>\n<td>a\u00e7o: 1 \/ A\u00e7o inoxid\u00e1vel: 1 \/ lat\u00e3o: 0,8 \/ alum\u00ednio: 0,7 \/ cobre: 0,6<\/td>\n<\/tr>\n<tr>\n<td>Histerese [% de Sr]<\/td>\n<td>3&#8230;15<\/td>\n<\/tr>\n<tr>\n<td>Varia\u00e7\u00e3o no ponto de comuta\u00e7\u00e3o [% de Sr]<\/td>\n<td>-10&#8230;10<\/td>\n<\/tr>\n<tr>\n<th class=\"pd-table-h1\" colspan=\"2\" scope=\"colgroup\">Condi\u00e7\u00f5es ambientais<\/th>\n<\/tr>\n<tr>\n<td>Temperatura ambiente [\u00b0C]<\/td>\n<td>-40&#8230;85<\/td>\n<\/tr>\n<tr>\n<td>Prote\u00e7\u00e3o<\/td>\n<td>IP 65; IP 66; IP 67; IP 68; IP 69K; (com tomada de cabos da ifm corretamente aparafusada)<\/td>\n<\/tr>\n<tr>\n<th class=\"pd-table-h1\" colspan=\"2\" scope=\"colgroup\">Certifica\u00e7\u00f5es \/ testes<\/th>\n<\/tr>\n<tr>\n<td>EMC<\/td>\n<td>\n<table>\n<colgroup class=\"pd-table-cols-2\">\n<col class=\"pd-table-col-1\" \/>\n<col class=\"pd-table-col-2\" \/><\/colgroup>\n<tbody>\n<tr>\n<td>EN 61000-4-2 ESD<\/td>\n<td>4 kV CD \/ 8 kV AD<\/td>\n<\/tr>\n<tr>\n<td>EN 61000-4-3 HF irradiado<\/td>\n<td>10 V\/m<\/td>\n<\/tr>\n<tr>\n<td>EN 61000-4-4 Burst<\/td>\n<td>2 kV<\/td>\n<\/tr>\n<tr>\n<td>EN 61000-4-6 AF com fio<\/td>\n<td>10 V<\/td>\n<\/tr>\n<tr>\n<td>EN 55011<\/td>\n<td>classe B<\/td>\n<\/tr>\n<\/tbody>\n<\/table>\n<\/td>\n<\/tr>\n<tr>\n<td>Estabilidade de vibra\u00e7\u00e3o<\/td>\n<td>\n<table>\n<colgroup class=\"pd-table-cols-2\">\n<col class=\"pd-table-col-1\" \/>\n<col class=\"pd-table-col-2\" \/><\/colgroup>\n<tbody>\n<tr>\n<td>EN 60068-2-6 Fc<\/td>\n<td>20 g (10&#8230;3000 Hz) \/ 50 ciclos de frequ\u00eancia, 1 oitava \/ minuto, em 3 eixos<\/td>\n<\/tr>\n<\/tbody>\n<\/table>\n<\/td>\n<\/tr>\n<tr>\n<td>Resist\u00eancia a choques<\/td>\n<td>\n<table>\n<colgroup class=\"pd-table-cols-2\">\n<col class=\"pd-table-col-1\" \/>\n<col class=\"pd-table-col-2\" \/><\/colgroup>\n<tbody>\n<tr>\n<td>EN 60068-2-27 Ea<\/td>\n<td>100 g 11 ms de meio seno; cada 3 choques em cada dire\u00e7\u00e3o dos 3 eixos de coordenadas<\/td>\n<\/tr>\n<\/tbody>\n<\/table>\n<\/td>\n<\/tr>\n<tr>\n<td>Resist\u00eancia duradoura ao choque<\/td>\n<td>\n<table>\n<colgroup class=\"pd-table-cols-2\">\n<col class=\"pd-table-col-1\" \/>\n<col class=\"pd-table-col-2\" \/><\/colgroup>\n<tbody>\n<tr>\n<td>EN 60068-2-27<\/td>\n<td>40 g 6 ms; cada um com 4000 choques em cada dire\u00e7\u00e3o dos 3 eixos de coordenadas<\/td>\n<\/tr>\n<\/tbody>\n<\/table>\n<\/td>\n<\/tr>\n<tr>\n<td>Altera\u00e7\u00e3o r\u00e1pida da temperatura<\/td>\n<td>\n<table>\n<colgroup class=\"pd-table-cols-2\">\n<col class=\"pd-table-col-1\" \/>\n<col class=\"pd-table-col-2\" \/><\/colgroup>\n<tbody>\n<tr>\n<td>EN 60068-2-14 Na<\/td>\n<td>TA = -40 \u00b0C; TB = 85 \u00b0C; t1 = 30 min; t2 = &lt; 10 s; 50 ciclos<\/td>\n<\/tr>\n<\/tbody>\n<\/table>\n<\/td>\n<\/tr>\n<tr>\n<td>Teste de n\u00e9voa salina<\/td>\n<td>\n<table>\n<colgroup class=\"pd-table-cols-2\">\n<col class=\"pd-table-col-1\" \/>\n<col class=\"pd-table-col-2\" \/><\/colgroup>\n<tbody>\n<tr>\n<td>EN 60068-2-52 Kb<\/td>\n<td>severidade 5 (4 ciclos de testes)<\/td>\n<\/tr>\n<\/tbody>\n<\/table>\n<\/td>\n<\/tr>\n<tr>\n<td>MTTF [anos]<\/td>\n<td>1261<\/td>\n<\/tr>\n<tr>\n<td>Certificado UL<\/td>\n<td>\n<table>\n<colgroup class=\"pd-table-cols-2\">\n<col class=\"pd-table-col-1\" \/>\n<col class=\"pd-table-col-2\" \/><\/colgroup>\n<tbody>\n<tr>\n<td>Ta<\/td>\n<td>-25&#8230;85 \u00b0C<\/td>\n<\/tr>\n<tr>\n<td>Enclosure type<\/td>\n<td>Type 1<\/td>\n<\/tr>\n<tr>\n<td>Fontes de alimenta\u00e7\u00e3o<\/td>\n<td>Limited Voltage\/Current<\/td>\n<\/tr>\n<tr>\n<td>N\u00famero de aprova\u00e7\u00e3o UL<\/td>\n<td>A017<\/td>\n<\/tr>\n<tr>\n<td>N\u00famero do arquivo UL<\/td>\n<td>E174191<\/td>\n<\/tr>\n<\/tbody>\n<\/table>\n<\/td>\n<\/tr>\n<tr>\n<th class=\"pd-table-h1\" colspan=\"2\" scope=\"colgroup\">Dados mec\u00e2nicos<\/th>\n<\/tr>\n<tr>\n<td>Peso [g]<\/td>\n<td>15,2<\/td>\n<\/tr>\n<tr>\n<td>Inv\u00f3lucro<\/td>\n<td>forma construtiva de roscas<\/td>\n<\/tr>\n<tr>\n<td>Montagem<\/td>\n<td>n\u00e3o embutido<\/td>\n<\/tr>\n<tr>\n<td>Dimens\u00f5es [mm]<\/td>\n<td>M8 x 1 \/ L = 45<\/td>\n<\/tr>\n<tr>\n<td>Designa\u00e7\u00e3o da rosca<\/td>\n<td>M8 x 1<\/td>\n<\/tr>\n<tr>\n<td>Materiais<\/td>\n<td>1.4404 (a\u00e7o inoxid\u00e1vel \/ 316L); face ativa: 1.4404 (a\u00e7o inoxid\u00e1vel \/ 316L); janela LEDs: PPSU; porcas de fixa\u00e7\u00e3o: 1.4404 (a\u00e7o inoxid\u00e1vel \/ 316L)<\/td>\n<\/tr>\n<tr>\n<td>M\u00e1x. torque de aperto [Nm]<\/td>\n<td>5<\/td>\n<\/tr>\n<tr>\n<td>Inv\u00f3lucro todo em metal<\/td>\n<td>sim<\/td>\n<\/tr>\n<tr>\n<th class=\"pd-table-h1\" colspan=\"2\" scope=\"colgroup\">Displays \/ elementos de opera\u00e7\u00e3o<\/th>\n<\/tr>\n<tr>\n<td>Display<\/td>\n<td>\n<table>\n<colgroup class=\"pd-table-cols-2\">\n<col class=\"pd-table-col-1\" \/>\n<col class=\"pd-table-col-2\" \/><\/colgroup>\n<tbody>\n<tr>\n<td>Status de chaveamento<\/td>\n<td>4 x 90\u00b0 LED, amarelo<\/td>\n<\/tr>\n<\/tbody>\n<\/table>\n<\/td>\n<\/tr>\n<tr>\n<th class=\"pd-table-h1\" colspan=\"2\" scope=\"colgroup\">Acess\u00f3rios<\/th>\n<\/tr>\n<tr>\n<td>Material inclu\u00eddo<\/td>\n<td>\n<table>\n<colgroup class=\"pd-table-cols-1\">\n<col class=\"pd-table-col-1\" \/><\/colgroup>\n<tbody>\n<tr>\n<td>porcas de fixa\u00e7\u00e3o: 2<\/td>\n<\/tr>\n<\/tbody>\n<\/table>\n<\/td>\n<\/tr>\n<tr>\n<th class=\"pd-table-h1\" colspan=\"2\" scope=\"colgroup\">Notas<\/th>\n<\/tr>\n<tr>\n<td>Quantidade<\/td>\n<td>1 pe\u00e7a<\/td>\n<\/tr>\n<tr>\n<th class=\"pd-table-h1\" colspan=\"2\" scope=\"colgroup\">conex\u00e3o el\u00e9trica &#8211; conector<\/th>\n<\/tr>\n<tr>\n<td>Conex\u00e3o<\/td>\n<td>Conex\u00e3o: 1 x M8; Contatos: dourado<\/td>\n<\/tr>\n<\/tbody>\n<\/table>\n","protected":false},"excerpt":{"rendered":"<p>Caracter\u00edsticas do produto Fun\u00e7\u00e3o el\u00e9trica PNP Sa\u00edda normalmente aberto Alcance de detec\u00e7\u00e3o [mm] 5 Inv\u00f3lucro forma construtiva de roscas Dimens\u00f5es [mm] M8 x 1 \/ L = 45 Campo de aplica\u00e7\u00e3o Caracter\u00edstica especial Contatos banhados a ouro; alcance aumentado; Inv\u00f3lucro todo em metal Aplica\u00e7\u00e3o Aplica\u00e7\u00e3o em m\u00e1quinas de ferramentas, refrigerantes e lubrificantes Resist\u00eancia \u00e0 press\u00e3o [&hellip;]<\/p>\n","protected":false},"featured_media":3488,"template":"","meta":[],"product_brand":[],"product_cat":[353,56],"product_tag":[58,67,57],"class_list":{"0":"post-3487","1":"product","2":"type-product","3":"status-publish","4":"has-post-thumbnail","6":"product_cat-ifm","7":"product_cat-sensores","8":"product_tag-ifm","9":"product_tag-indutivo","10":"product_tag-sensor","12":"first","13":"instock","14":"shipping-taxable","15":"product-type-simple"},"yoast_head":"<!-- This site is optimized with the Yoast SEO plugin v26.3 - https:\/\/yoast.com\/wordpress\/plugins\/seo\/ -->\n<title>IEC212-Sensor indutivo de metal maci\u00e7o-IFM - Loja Motion Up<\/title>\n<meta name=\"robots\" content=\"index, follow, max-snippet:-1, max-image-preview:large, max-video-preview:-1\" \/>\n<link rel=\"canonical\" href=\"https:\/\/motionup.com.br\/site\/produto\/iec212-sensor-indutivo-de-metal-macico-ifm\/\" \/>\n<meta property=\"og:locale\" content=\"pt_BR\" \/>\n<meta property=\"og:type\" content=\"article\" \/>\n<meta property=\"og:title\" content=\"IEC212-Sensor indutivo de metal maci\u00e7o-IFM - Loja Motion Up\" \/>\n<meta property=\"og:description\" content=\"Caracter\u00edsticas do produto Fun\u00e7\u00e3o el\u00e9trica PNP Sa\u00edda normalmente aberto Alcance de detec\u00e7\u00e3o [mm] 5 Inv\u00f3lucro forma construtiva de roscas Dimens\u00f5es [mm] M8 x 1 \/ L = 45 Campo de aplica\u00e7\u00e3o Caracter\u00edstica especial Contatos banhados a ouro; alcance aumentado; Inv\u00f3lucro todo em metal Aplica\u00e7\u00e3o Aplica\u00e7\u00e3o em m\u00e1quinas de ferramentas, refrigerantes e lubrificantes Resist\u00eancia \u00e0 press\u00e3o [&hellip;]\" \/>\n<meta property=\"og:url\" content=\"https:\/\/motionup.com.br\/site\/produto\/iec212-sensor-indutivo-de-metal-macico-ifm\/\" \/>\n<meta property=\"og:site_name\" content=\"Loja Motion Up\" \/>\n<meta property=\"article:publisher\" content=\"https:\/\/m.facebook.com\/fp3motionup\/about\/\" \/>\n<meta property=\"article:modified_time\" content=\"2021-05-31T16:52:33+00:00\" \/>\n<meta property=\"og:image\" content=\"https:\/\/motionup.com.br\/site\/wp-content\/uploads\/2021\/05\/P_F_E_W_100_1756_IEC212_01.jpg\" \/>\n\t<meta property=\"og:image:width\" content=\"800\" \/>\n\t<meta property=\"og:image:height\" content=\"800\" \/>\n\t<meta property=\"og:image:type\" content=\"image\/jpeg\" \/>\n<meta name=\"twitter:card\" content=\"summary_large_image\" \/>\n<meta name=\"twitter:label1\" content=\"Est. tempo de leitura\" \/>\n\t<meta name=\"twitter:data1\" content=\"2 minutos\" \/>\n<script type=\"application\/ld+json\" class=\"yoast-schema-graph\">{\"@context\":\"https:\/\/schema.org\",\"@graph\":[{\"@type\":\"WebPage\",\"@id\":\"https:\/\/motionup.com.br\/site\/produto\/iec212-sensor-indutivo-de-metal-macico-ifm\/\",\"url\":\"https:\/\/motionup.com.br\/site\/produto\/iec212-sensor-indutivo-de-metal-macico-ifm\/\",\"name\":\"IEC212-Sensor indutivo de metal maci\u00e7o-IFM - Loja Motion Up\",\"isPartOf\":{\"@id\":\"https:\/\/motionup.com.br\/site\/#website\"},\"primaryImageOfPage\":{\"@id\":\"https:\/\/motionup.com.br\/site\/produto\/iec212-sensor-indutivo-de-metal-macico-ifm\/#primaryimage\"},\"image\":{\"@id\":\"https:\/\/motionup.com.br\/site\/produto\/iec212-sensor-indutivo-de-metal-macico-ifm\/#primaryimage\"},\"thumbnailUrl\":\"https:\/\/motionup.com.br\/site\/wp-content\/uploads\/2021\/05\/P_F_E_W_100_1756_IEC212_01.jpg\",\"datePublished\":\"2021-05-31T16:42:32+00:00\",\"dateModified\":\"2021-05-31T16:52:33+00:00\",\"breadcrumb\":{\"@id\":\"https:\/\/motionup.com.br\/site\/produto\/iec212-sensor-indutivo-de-metal-macico-ifm\/#breadcrumb\"},\"inLanguage\":\"pt-BR\",\"potentialAction\":[{\"@type\":\"ReadAction\",\"target\":[\"https:\/\/motionup.com.br\/site\/produto\/iec212-sensor-indutivo-de-metal-macico-ifm\/\"]}]},{\"@type\":\"ImageObject\",\"inLanguage\":\"pt-BR\",\"@id\":\"https:\/\/motionup.com.br\/site\/produto\/iec212-sensor-indutivo-de-metal-macico-ifm\/#primaryimage\",\"url\":\"https:\/\/motionup.com.br\/site\/wp-content\/uploads\/2021\/05\/P_F_E_W_100_1756_IEC212_01.jpg\",\"contentUrl\":\"https:\/\/motionup.com.br\/site\/wp-content\/uploads\/2021\/05\/P_F_E_W_100_1756_IEC212_01.jpg\",\"width\":800,\"height\":800},{\"@type\":\"BreadcrumbList\",\"@id\":\"https:\/\/motionup.com.br\/site\/produto\/iec212-sensor-indutivo-de-metal-macico-ifm\/#breadcrumb\",\"itemListElement\":[{\"@type\":\"ListItem\",\"position\":1,\"name\":\"In\u00edcio\",\"item\":\"https:\/\/motionup.com.br\/site\/\"},{\"@type\":\"ListItem\",\"position\":2,\"name\":\"Produtos\",\"item\":\"https:\/\/motionup.com.br\/site\/produtos\/\"},{\"@type\":\"ListItem\",\"position\":3,\"name\":\"IEC212-Sensor indutivo de metal maci\u00e7o-IFM\"}]},{\"@type\":\"WebSite\",\"@id\":\"https:\/\/motionup.com.br\/site\/#website\",\"url\":\"https:\/\/motionup.com.br\/site\/\",\"name\":\"Motion Up\",\"description\":\"E-commerce Motion Up - Automa\u00e7\u00e3o Industrial\",\"publisher\":{\"@id\":\"https:\/\/motionup.com.br\/site\/#organization\"},\"potentialAction\":[{\"@type\":\"SearchAction\",\"target\":{\"@type\":\"EntryPoint\",\"urlTemplate\":\"https:\/\/motionup.com.br\/site\/?s={search_term_string}\"},\"query-input\":{\"@type\":\"PropertyValueSpecification\",\"valueRequired\":true,\"valueName\":\"search_term_string\"}}],\"inLanguage\":\"pt-BR\"},{\"@type\":\"Organization\",\"@id\":\"https:\/\/motionup.com.br\/site\/#organization\",\"name\":\"Motion Up\",\"url\":\"https:\/\/motionup.com.br\/site\/\",\"logo\":{\"@type\":\"ImageObject\",\"inLanguage\":\"pt-BR\",\"@id\":\"https:\/\/motionup.com.br\/site\/#\/schema\/logo\/image\/\",\"url\":\"https:\/\/motionup.com.br\/site\/wp-content\/uploads\/2025\/05\/MOTIONUP.png\",\"contentUrl\":\"https:\/\/motionup.com.br\/site\/wp-content\/uploads\/2025\/05\/MOTIONUP.png\",\"width\":1200,\"height\":601,\"caption\":\"Motion Up\"},\"image\":{\"@id\":\"https:\/\/motionup.com.br\/site\/#\/schema\/logo\/image\/\"},\"sameAs\":[\"https:\/\/m.facebook.com\/fp3motionup\/about\/\",\"https:\/\/br.linkedin.com\/company\/fpn-controle-e-automao-industrial-ltda\"]}]}<\/script>\n<!-- \/ Yoast SEO plugin. -->","yoast_head_json":{"title":"IEC212-Sensor indutivo de metal maci\u00e7o-IFM - Loja Motion Up","robots":{"index":"index","follow":"follow","max-snippet":"max-snippet:-1","max-image-preview":"max-image-preview:large","max-video-preview":"max-video-preview:-1"},"canonical":"https:\/\/motionup.com.br\/site\/produto\/iec212-sensor-indutivo-de-metal-macico-ifm\/","og_locale":"pt_BR","og_type":"article","og_title":"IEC212-Sensor indutivo de metal maci\u00e7o-IFM - Loja Motion Up","og_description":"Caracter\u00edsticas do produto Fun\u00e7\u00e3o el\u00e9trica PNP Sa\u00edda normalmente aberto Alcance de detec\u00e7\u00e3o [mm] 5 Inv\u00f3lucro forma construtiva de roscas Dimens\u00f5es [mm] M8 x 1 \/ L = 45 Campo de aplica\u00e7\u00e3o Caracter\u00edstica especial Contatos banhados a ouro; alcance aumentado; Inv\u00f3lucro todo em metal Aplica\u00e7\u00e3o Aplica\u00e7\u00e3o em m\u00e1quinas de ferramentas, refrigerantes e lubrificantes Resist\u00eancia \u00e0 press\u00e3o [&hellip;]","og_url":"https:\/\/motionup.com.br\/site\/produto\/iec212-sensor-indutivo-de-metal-macico-ifm\/","og_site_name":"Loja Motion Up","article_publisher":"https:\/\/m.facebook.com\/fp3motionup\/about\/","article_modified_time":"2021-05-31T16:52:33+00:00","og_image":[{"width":800,"height":800,"url":"https:\/\/motionup.com.br\/site\/wp-content\/uploads\/2021\/05\/P_F_E_W_100_1756_IEC212_01.jpg","type":"image\/jpeg"}],"twitter_card":"summary_large_image","twitter_misc":{"Est. tempo de leitura":"2 minutos"},"schema":{"@context":"https:\/\/schema.org","@graph":[{"@type":"WebPage","@id":"https:\/\/motionup.com.br\/site\/produto\/iec212-sensor-indutivo-de-metal-macico-ifm\/","url":"https:\/\/motionup.com.br\/site\/produto\/iec212-sensor-indutivo-de-metal-macico-ifm\/","name":"IEC212-Sensor indutivo de metal maci\u00e7o-IFM - Loja Motion Up","isPartOf":{"@id":"https:\/\/motionup.com.br\/site\/#website"},"primaryImageOfPage":{"@id":"https:\/\/motionup.com.br\/site\/produto\/iec212-sensor-indutivo-de-metal-macico-ifm\/#primaryimage"},"image":{"@id":"https:\/\/motionup.com.br\/site\/produto\/iec212-sensor-indutivo-de-metal-macico-ifm\/#primaryimage"},"thumbnailUrl":"https:\/\/motionup.com.br\/site\/wp-content\/uploads\/2021\/05\/P_F_E_W_100_1756_IEC212_01.jpg","datePublished":"2021-05-31T16:42:32+00:00","dateModified":"2021-05-31T16:52:33+00:00","breadcrumb":{"@id":"https:\/\/motionup.com.br\/site\/produto\/iec212-sensor-indutivo-de-metal-macico-ifm\/#breadcrumb"},"inLanguage":"pt-BR","potentialAction":[{"@type":"ReadAction","target":["https:\/\/motionup.com.br\/site\/produto\/iec212-sensor-indutivo-de-metal-macico-ifm\/"]}]},{"@type":"ImageObject","inLanguage":"pt-BR","@id":"https:\/\/motionup.com.br\/site\/produto\/iec212-sensor-indutivo-de-metal-macico-ifm\/#primaryimage","url":"https:\/\/motionup.com.br\/site\/wp-content\/uploads\/2021\/05\/P_F_E_W_100_1756_IEC212_01.jpg","contentUrl":"https:\/\/motionup.com.br\/site\/wp-content\/uploads\/2021\/05\/P_F_E_W_100_1756_IEC212_01.jpg","width":800,"height":800},{"@type":"BreadcrumbList","@id":"https:\/\/motionup.com.br\/site\/produto\/iec212-sensor-indutivo-de-metal-macico-ifm\/#breadcrumb","itemListElement":[{"@type":"ListItem","position":1,"name":"In\u00edcio","item":"https:\/\/motionup.com.br\/site\/"},{"@type":"ListItem","position":2,"name":"Produtos","item":"https:\/\/motionup.com.br\/site\/produtos\/"},{"@type":"ListItem","position":3,"name":"IEC212-Sensor indutivo de metal maci\u00e7o-IFM"}]},{"@type":"WebSite","@id":"https:\/\/motionup.com.br\/site\/#website","url":"https:\/\/motionup.com.br\/site\/","name":"Motion Up","description":"E-commerce Motion Up - Automa\u00e7\u00e3o Industrial","publisher":{"@id":"https:\/\/motionup.com.br\/site\/#organization"},"potentialAction":[{"@type":"SearchAction","target":{"@type":"EntryPoint","urlTemplate":"https:\/\/motionup.com.br\/site\/?s={search_term_string}"},"query-input":{"@type":"PropertyValueSpecification","valueRequired":true,"valueName":"search_term_string"}}],"inLanguage":"pt-BR"},{"@type":"Organization","@id":"https:\/\/motionup.com.br\/site\/#organization","name":"Motion Up","url":"https:\/\/motionup.com.br\/site\/","logo":{"@type":"ImageObject","inLanguage":"pt-BR","@id":"https:\/\/motionup.com.br\/site\/#\/schema\/logo\/image\/","url":"https:\/\/motionup.com.br\/site\/wp-content\/uploads\/2025\/05\/MOTIONUP.png","contentUrl":"https:\/\/motionup.com.br\/site\/wp-content\/uploads\/2025\/05\/MOTIONUP.png","width":1200,"height":601,"caption":"Motion Up"},"image":{"@id":"https:\/\/motionup.com.br\/site\/#\/schema\/logo\/image\/"},"sameAs":["https:\/\/m.facebook.com\/fp3motionup\/about\/","https:\/\/br.linkedin.com\/company\/fpn-controle-e-automao-industrial-ltda"]}]}},"_links":{"self":[{"href":"https:\/\/motionup.com.br\/site\/wp-json\/wp\/v2\/product\/3487","targetHints":{"allow":["GET"]}}],"collection":[{"href":"https:\/\/motionup.com.br\/site\/wp-json\/wp\/v2\/product"}],"about":[{"href":"https:\/\/motionup.com.br\/site\/wp-json\/wp\/v2\/types\/product"}],"wp:featuredmedia":[{"embeddable":true,"href":"https:\/\/motionup.com.br\/site\/wp-json\/wp\/v2\/media\/3488"}],"wp:attachment":[{"href":"https:\/\/motionup.com.br\/site\/wp-json\/wp\/v2\/media?parent=3487"}],"wp:term":[{"taxonomy":"product_brand","embeddable":true,"href":"https:\/\/motionup.com.br\/site\/wp-json\/wp\/v2\/product_brand?post=3487"},{"taxonomy":"product_cat","embeddable":true,"href":"https:\/\/motionup.com.br\/site\/wp-json\/wp\/v2\/product_cat?post=3487"},{"taxonomy":"product_tag","embeddable":true,"href":"https:\/\/motionup.com.br\/site\/wp-json\/wp\/v2\/product_tag?post=3487"}],"curies":[{"name":"wp","href":"https:\/\/api.w.org\/{rel}","templated":true}]}}