{"id":3593,"date":"2021-06-01T14:11:36","date_gmt":"2021-06-01T17:11:36","guid":{"rendered":"https:\/\/motionup.com.br\/site\/?post_type=product&#038;p=3593"},"modified":"2021-06-01T14:15:25","modified_gmt":"2021-06-01T17:15:25","slug":"pp7551-interruptor-de-pressao-com-celula-de-medicao-de-ceramica-ifm","status":"publish","type":"product","link":"https:\/\/motionup.com.br\/site\/produto\/pp7551-interruptor-de-pressao-com-celula-de-medicao-de-ceramica-ifm\/","title":{"rendered":"PP7551-Interruptor de press\u00e3o com c\u00e9lula de medi\u00e7\u00e3o de cer\u00e2mica-IFM"},"content":{"rendered":"<table class=\"pd-table\">\n<tbody>\n<tr>\n<th class=\"pd-table-h1\" colspan=\"2\" scope=\"colgroup\">Caracter\u00edsticas do produto<\/th>\n<\/tr>\n<tr>\n<td>Sinal de sa\u00edda<\/td>\n<td>sinal de comuta\u00e7\u00e3o; IO-Link; (configur\u00e1veis)<\/td>\n<\/tr>\n<tr>\n<td>Alcance de medi\u00e7\u00e3o<\/td>\n<td>\n<table>\n<colgroup class=\"pd-table-cols-3\">\n<col class=\"pd-table-col-1\" \/>\n<col class=\"pd-table-col-2\" \/>\n<col class=\"pd-table-col-3\" \/><\/colgroup>\n<tbody>\n<tr>\n<td>0&#8230;250 bar<\/td>\n<td>0&#8230;3625 psi<\/td>\n<td>0&#8230;25 MPa<\/td>\n<\/tr>\n<\/tbody>\n<\/table>\n<\/td>\n<\/tr>\n<tr>\n<td>Conex\u00e3o de processo<\/td>\n<td>conex\u00e3o da rosca G 1\/4 rosca externa Rosca interna:M5<\/td>\n<\/tr>\n<tr>\n<th class=\"pd-table-h1\" colspan=\"2\" scope=\"colgroup\">Campo de aplica\u00e7\u00e3o<\/th>\n<\/tr>\n<tr>\n<td>Aplica\u00e7\u00e3o<\/td>\n<td>para aplica\u00e7\u00f5es industriais<\/td>\n<\/tr>\n<tr>\n<td>Subst\u00e2ncias<\/td>\n<td>fluidos l\u00edquidos e gasosos<\/td>\n<\/tr>\n<tr>\n<td>Condicional utiliz\u00e1vel para<\/td>\n<td>aplica\u00e7\u00e3o em meios gasosos no caso de press\u00f5es &gt; 25 bar apenas sob encomenda<\/td>\n<\/tr>\n<tr>\n<td>Temperatura do flu\u00eddo [\u00b0C]<\/td>\n<td>-25&#8230;90<\/td>\n<\/tr>\n<tr>\n<td>Min. Berstdruck<\/td>\n<td>\n<table>\n<colgroup class=\"pd-table-cols-3\">\n<col class=\"pd-table-col-1\" \/>\n<col class=\"pd-table-col-2\" \/>\n<col class=\"pd-table-col-3\" \/><\/colgroup>\n<tbody>\n<tr>\n<td>850 bar<\/td>\n<td>12300 psi<\/td>\n<td>85 MPa<\/td>\n<\/tr>\n<\/tbody>\n<\/table>\n<\/td>\n<\/tr>\n<tr>\n<td>Resist\u00eancia \u00e0 press\u00e3o<\/td>\n<td>\n<table>\n<colgroup class=\"pd-table-cols-3\">\n<col class=\"pd-table-col-1\" \/>\n<col class=\"pd-table-col-2\" \/>\n<col class=\"pd-table-col-3\" \/><\/colgroup>\n<tbody>\n<tr>\n<td>400 bar<\/td>\n<td>5800 psi<\/td>\n<td>40 Mpa<\/td>\n<\/tr>\n<\/tbody>\n<\/table>\n<\/td>\n<\/tr>\n<tr>\n<td>Tipo de press\u00e3o<\/td>\n<td>press\u00e3o relativa<\/td>\n<\/tr>\n<tr>\n<th class=\"pd-table-h1\" colspan=\"2\" scope=\"colgroup\">Dados el\u00e9tricos<\/th>\n<\/tr>\n<tr>\n<td>Tens\u00e3o de opera\u00e7\u00e3o [V]<\/td>\n<td>9,6&#8230;36 DC; (opera\u00e7\u00e3o de comunica\u00e7\u00e3o: 18&#8230;32)<\/td>\n<\/tr>\n<tr>\n<td>Consumo de corrente [mA]<\/td>\n<td>&lt; 45<\/td>\n<\/tr>\n<tr>\n<td>Resist\u00eancia de isolamento m\u00edn. [M\u03a9]<\/td>\n<td>100; (500 V DC)<\/td>\n<\/tr>\n<tr>\n<td>Classe de prote\u00e7\u00e3o<\/td>\n<td>III<\/td>\n<\/tr>\n<tr>\n<td>Prote\u00e7\u00e3o contra invers\u00e3o de polaridade<\/td>\n<td>sim<\/td>\n<\/tr>\n<tr>\n<td>Retardo de prontid\u00e3o [s]<\/td>\n<td>0,3<\/td>\n<\/tr>\n<tr>\n<th class=\"pd-table-h1\" colspan=\"2\" scope=\"colgroup\">Entradas\/sa\u00eddas<\/th>\n<\/tr>\n<tr>\n<td>Quantidade de entradas e sa\u00eddas<\/td>\n<td>Quantidade de sa\u00eddas digitais: 2<\/td>\n<\/tr>\n<tr>\n<th class=\"pd-table-h1\" colspan=\"2\" scope=\"colgroup\">Sa\u00eddas<\/th>\n<\/tr>\n<tr>\n<td>Sa\u00eddas totais<\/td>\n<td>2<\/td>\n<\/tr>\n<tr>\n<td>Sinal de sa\u00edda<\/td>\n<td>sinal de comuta\u00e7\u00e3o; IO-Link; (configur\u00e1veis)<\/td>\n<\/tr>\n<tr>\n<td>Fun\u00e7\u00e3o el\u00e9trica<\/td>\n<td>PNP<\/td>\n<\/tr>\n<tr>\n<td>Quantidade de sa\u00eddas digitais<\/td>\n<td>2<\/td>\n<\/tr>\n<tr>\n<td>Sa\u00edda<\/td>\n<td>abertura \/ fechamento; (parametriz\u00e1vel)<\/td>\n<\/tr>\n<tr>\n<td>Queda de tens\u00e3o m\u00e1x. da sa\u00edda de comuta\u00e7\u00e3o DC [V]<\/td>\n<td>2<\/td>\n<\/tr>\n<tr>\n<td>Intensidade de corrente m\u00e1xima constante da sa\u00edda de comuta\u00e7\u00e3o DC [mA]<\/td>\n<td>250<\/td>\n<\/tr>\n<tr>\n<td>Frequ\u00eancia de comuta\u00e7\u00e3o DC [Hz]<\/td>\n<td>170<\/td>\n<\/tr>\n<tr>\n<td>Prote\u00e7\u00e3o contra curto-circuitos<\/td>\n<td>sim<\/td>\n<\/tr>\n<tr>\n<td>Vers\u00e3o da prote\u00e7\u00e3o contra curto-circuito<\/td>\n<td>por impulso<\/td>\n<\/tr>\n<tr>\n<td>Prote\u00e7\u00e3o contra sobrecarga<\/td>\n<td>sim<\/td>\n<\/tr>\n<tr>\n<th class=\"pd-table-h1\" colspan=\"2\" scope=\"colgroup\">Faixa de medi\u00e7\u00e3o \/ de ajuste<\/th>\n<\/tr>\n<tr>\n<td>Alcance de medi\u00e7\u00e3o<\/td>\n<td>\n<table>\n<colgroup class=\"pd-table-cols-3\">\n<col class=\"pd-table-col-1\" \/>\n<col class=\"pd-table-col-2\" \/>\n<col class=\"pd-table-col-3\" \/><\/colgroup>\n<tbody>\n<tr>\n<td>0&#8230;250 bar<\/td>\n<td>0&#8230;3625 psi<\/td>\n<td>0&#8230;25 MPa<\/td>\n<\/tr>\n<\/tbody>\n<\/table>\n<\/td>\n<\/tr>\n<tr>\n<td>Ponto de comuta\u00e7\u00e3o SP<\/td>\n<td>\n<table>\n<colgroup class=\"pd-table-cols-3\">\n<col class=\"pd-table-col-1\" \/>\n<col class=\"pd-table-col-2\" \/>\n<col class=\"pd-table-col-3\" \/><\/colgroup>\n<tbody>\n<tr>\n<td>2&#8230;250 bar<\/td>\n<td>40&#8230;3620 psi<\/td>\n<td>0,2&#8230;25 MPa<\/td>\n<\/tr>\n<\/tbody>\n<\/table>\n<\/td>\n<\/tr>\n<tr>\n<td>Ponto de comuta\u00e7\u00e3o e retorno rP<\/td>\n<td>\n<table>\n<colgroup class=\"pd-table-cols-3\">\n<col class=\"pd-table-col-1\" \/>\n<col class=\"pd-table-col-2\" \/>\n<col class=\"pd-table-col-3\" \/><\/colgroup>\n<tbody>\n<tr>\n<td>1&#8230;249 bar<\/td>\n<td>20&#8230;3600 psi<\/td>\n<td>0,1&#8230;24,9 MPa<\/td>\n<\/tr>\n<\/tbody>\n<\/table>\n<\/td>\n<\/tr>\n<tr>\n<td>Em intervalos de<\/td>\n<td>\n<table>\n<colgroup class=\"pd-table-cols-3\">\n<col class=\"pd-table-col-1\" \/>\n<col class=\"pd-table-col-2\" \/>\n<col class=\"pd-table-col-3\" \/><\/colgroup>\n<tbody>\n<tr>\n<td>1 bar<\/td>\n<td>20 psi<\/td>\n<td>0,1 MPa<\/td>\n<\/tr>\n<\/tbody>\n<\/table>\n<\/td>\n<\/tr>\n<tr>\n<td>Ajuste de f\u00e1brica<\/td>\n<td>\n<table>\n<colgroup class=\"pd-table-cols-3\">\n<col class=\"pd-table-col-1\" \/>\n<col class=\"pd-table-col-2\" \/>\n<col class=\"pd-table-col-3\" \/><\/colgroup>\n<tbody>\n<tr>\n<td><\/td>\n<td>SP1 = 63 bar<\/td>\n<td>rP1 = 58 bar<\/td>\n<\/tr>\n<tr>\n<td><\/td>\n<td>SP2 = 188 bar<\/td>\n<td>rP2 = 183 bar<\/td>\n<\/tr>\n<tr>\n<td><\/td>\n<td>OUT1 = Hno<\/td>\n<td>OUT2 = Hno<\/td>\n<\/tr>\n<\/tbody>\n<\/table>\n<\/td>\n<\/tr>\n<tr>\n<th class=\"pd-table-h1\" colspan=\"2\" scope=\"colgroup\">Precis\u00e3o \/ desvios<\/th>\n<\/tr>\n<tr>\n<td>Precis\u00e3o do ponto de ajuste [% de dura\u00e7\u00e3o]<\/td>\n<td>&lt; \u00b1 0,5<\/td>\n<\/tr>\n<tr>\n<td>Repetibilidade [% de dura\u00e7\u00e3o]<\/td>\n<td>&lt; \u00b1 0,1; (nas varia\u00e7\u00f5es de temperatura &lt; 10K)<\/td>\n<\/tr>\n<tr>\n<td>Desvio de caracter\u00edsticas [% de dura\u00e7\u00e3o]<\/td>\n<td>&lt; \u00b1 0,25 (BFSL) \/ &lt; \u00b1 0,5 (LS); (BFSL = Best Fit Straight Line (configura\u00e7\u00e3o do valor m\u00ednimo); LS = ajuste de ponto limite)<\/td>\n<\/tr>\n<tr>\n<td>Desvio de histerese [% de dura\u00e7\u00e3o]<\/td>\n<td>&lt; \u00b1 0,1<\/td>\n<\/tr>\n<tr>\n<td>Estabilidade ao longo do tempo [% de dura\u00e7\u00e3o]<\/td>\n<td>&lt; \u00b1 0,1; (por ano)<\/td>\n<\/tr>\n<tr>\n<td>Coeficiente de temperatura do ponto zero [% de dura\u00e7\u00e3o \/ 10 K]<\/td>\n<td>0,2; (0&#8230;80 \u00b0C)<\/td>\n<\/tr>\n<tr>\n<td>Coeficiente de temperatura da amplitude [% de dura\u00e7\u00e3o \/ 10 K]<\/td>\n<td>0,2; (0&#8230;80 \u00b0C)<\/td>\n<\/tr>\n<tr>\n<th class=\"pd-table-h1\" colspan=\"2\" scope=\"colgroup\">Tempos de rea\u00e7\u00e3o<\/th>\n<\/tr>\n<tr>\n<td>Tempo de resposta [ms]<\/td>\n<td>&lt; 3<\/td>\n<\/tr>\n<tr>\n<td>Amortecimento da sa\u00edda de comuta\u00e7\u00e3o dAP n\u00edveis [s]<\/td>\n<td>0,003 &#8211; 0,006 &#8211; 0,010 &#8211; 0,017 &#8211; 0,060 &#8211; 0,125 &#8211; 0,250 &#8211; 0,500<\/td>\n<\/tr>\n<tr>\n<th class=\"pd-table-h1\" colspan=\"2\" scope=\"colgroup\">Interfaces<\/th>\n<\/tr>\n<tr>\n<td>Interface de comunica\u00e7\u00e3o<\/td>\n<td>IO-Link<\/td>\n<\/tr>\n<tr>\n<td>Tipo de transfer\u00eancia<\/td>\n<td>COM2 (38,4 kBaud)<\/td>\n<\/tr>\n<tr>\n<td>Revis\u00e3o IO-Link<\/td>\n<td>1.0<\/td>\n<\/tr>\n<tr>\n<td>Perfil<\/td>\n<td>sem perfil<\/td>\n<\/tr>\n<tr>\n<td>Modo SIO<\/td>\n<td>sim<\/td>\n<\/tr>\n<tr>\n<td>Classe de master port exigida<\/td>\n<td>A<\/td>\n<\/tr>\n<tr>\n<td>Dados do processo anal\u00f3gicos<\/td>\n<td>1<\/td>\n<\/tr>\n<tr>\n<td>Dados do processo bin\u00e1rios<\/td>\n<td>2<\/td>\n<\/tr>\n<tr>\n<td>Tempo m\u00edn. do ciclo do processo [ms]<\/td>\n<td>2,3<\/td>\n<\/tr>\n<tr>\n<td>DeviceIDs suportados<\/td>\n<td>\n<table>\n<colgroup class=\"pd-table-cols-2\">\n<col class=\"pd-table-col-1\" \/>\n<col class=\"pd-table-col-2\" \/><\/colgroup>\n<tbody>\n<tr>\n<td>Modo de opera\u00e7\u00e3o<\/td>\n<td>DeviceID<\/td>\n<\/tr>\n<tr>\n<td>falho<\/td>\n<td>3<\/td>\n<\/tr>\n<\/tbody>\n<\/table>\n<\/td>\n<\/tr>\n<tr>\n<th class=\"pd-table-h1\" colspan=\"2\" scope=\"colgroup\">Condi\u00e7\u00f5es ambientais<\/th>\n<\/tr>\n<tr>\n<td>Temperatura ambiente [\u00b0C]<\/td>\n<td>-25&#8230;85<\/td>\n<\/tr>\n<tr>\n<td>Temperatura de armazenamento [\u00b0C]<\/td>\n<td>-40&#8230;100<\/td>\n<\/tr>\n<tr>\n<td>Prote\u00e7\u00e3o<\/td>\n<td>IP 68; (7 dias \/ 1 m de profundidade de \u00e1gua \/ 0,1 bar)<\/td>\n<\/tr>\n<tr>\n<th class=\"pd-table-h1\" colspan=\"2\" scope=\"colgroup\">Certifica\u00e7\u00f5es \/ testes<\/th>\n<\/tr>\n<tr>\n<td>EMC<\/td>\n<td>\n<table>\n<colgroup class=\"pd-table-cols-2\">\n<col class=\"pd-table-col-1\" \/>\n<col class=\"pd-table-col-2\" \/><\/colgroup>\n<tbody>\n<tr>\n<td>imunidade a ru\u00eddo<\/td>\n<td>EN 61000-6-2<\/td>\n<\/tr>\n<tr>\n<td>EN 61000-4-2 ESD<\/td>\n<td>4 kV carga de contato \/ 15 kV carga de ar<\/td>\n<\/tr>\n<tr>\n<td>EN 61000-4-3 HF irradiado<\/td>\n<td>20 V\/m<\/td>\n<\/tr>\n<tr>\n<td>EN 61000-4-4 Burst<\/td>\n<td>4 kV alicate de acoplamento<\/td>\n<\/tr>\n<tr>\n<td>EN 61000-4-5 Surge<\/td>\n<td>0,5 kV Alimenta\u00e7\u00e3o \/ 1 kV Sinal em aparelhos DC<\/td>\n<\/tr>\n<tr>\n<td>EN 61000-4-6 AF com fio<\/td>\n<td>10 V<\/td>\n<\/tr>\n<tr>\n<td>imunidade a ru\u00eddo<\/td>\n<td>segundo a diretriz de ve\u00edculos 1995\/54\/CE \/ 04\/104EG \/ 05\/83\/EG<\/td>\n<\/tr>\n<tr>\n<td>Ensaio da c\u00e2mara de absor\u00e7\u00e3o conforme a ISO 11452-2:<\/td>\n<td>80 V\/m<\/td>\n<\/tr>\n<tr>\n<td>EN 50155<\/td>\n<td>Klasse T3, C1, S1<\/td>\n<\/tr>\n<\/tbody>\n<\/table>\n<\/td>\n<\/tr>\n<tr>\n<td>Resist\u00eancia a choques<\/td>\n<td>\n<table>\n<colgroup class=\"pd-table-cols-2\">\n<col class=\"pd-table-col-1\" \/>\n<col class=\"pd-table-col-2\" \/><\/colgroup>\n<tbody>\n<tr>\n<td>DIN IEC 60068-2-27 \/ DIN IEC 60068-2-29<\/td>\n<td>1000 g<\/td>\n<\/tr>\n<tr>\n<td>DIN EN 61373<\/td>\n<td>Categoria 3<\/td>\n<\/tr>\n<\/tbody>\n<\/table>\n<\/td>\n<\/tr>\n<tr>\n<td>Resist\u00eancia \u00e0 vibra\u00e7\u00f5es<\/td>\n<td>\n<table>\n<colgroup class=\"pd-table-cols-2\">\n<col class=\"pd-table-col-1\" \/>\n<col class=\"pd-table-col-2\" \/><\/colgroup>\n<tbody>\n<tr>\n<td>DIN IEC 68-2-6<\/td>\n<td>20 g (10&#8230;2000 Hz)<\/td>\n<\/tr>\n<tr>\n<td>DIN EN 60068-2-64<\/td>\n<td>14 g<\/td>\n<\/tr>\n<tr>\n<td>DIN EN 61373<\/td>\n<td>Categoria 2<\/td>\n<\/tr>\n<\/tbody>\n<\/table>\n<\/td>\n<\/tr>\n<tr>\n<td>MTTF [anos]<\/td>\n<td>310<\/td>\n<\/tr>\n<tr>\n<td>Certificado UL<\/td>\n<td>\n<table>\n<colgroup class=\"pd-table-cols-2\">\n<col class=\"pd-table-col-1\" \/>\n<col class=\"pd-table-col-2\" \/><\/colgroup>\n<tbody>\n<tr>\n<td>N\u00famero de aprova\u00e7\u00e3o UL<\/td>\n<td>J010<\/td>\n<\/tr>\n<\/tbody>\n<\/table>\n<\/td>\n<\/tr>\n<tr>\n<td>Diretiva de equipamentos sob press\u00e3o<\/td>\n<td>Boas pr\u00e1ticas de engenharia; pode ser utilizada para fluidos do grupo 2; subst\u00e2ncias do grupo de fluidos 1 sob encomenda<\/td>\n<\/tr>\n<tr>\n<th class=\"pd-table-h1\" colspan=\"2\" scope=\"colgroup\">Dados mec\u00e2nicos<\/th>\n<\/tr>\n<tr>\n<td>Peso [g]<\/td>\n<td>227,5<\/td>\n<\/tr>\n<tr>\n<td>Materiais<\/td>\n<td>1.4301 (a\u00e7o inoxid\u00e1vel \/ 304); FKM; EPDM\/X; PA<\/td>\n<\/tr>\n<tr>\n<td>Materiais em contato com o flu\u00eddo<\/td>\n<td>1.4305 (a\u00e7o inoxid\u00e1vel \/ 303); cer\u00e2mica; FKM<\/td>\n<\/tr>\n<tr>\n<td>Ciclos de press\u00e3o m\u00edn.<\/td>\n<td>100 milh\u00f5es<\/td>\n<\/tr>\n<tr>\n<td>Conex\u00e3o de processo<\/td>\n<td>conex\u00e3o da rosca G 1\/4 rosca externa Rosca interna:M5<\/td>\n<\/tr>\n<tr>\n<td>Elemento de estrangulamento dispon\u00edvel<\/td>\n<td>n\u00e3o (instala\u00e7\u00e3o posterior)<\/td>\n<\/tr>\n<tr>\n<th class=\"pd-table-h1\" colspan=\"2\" scope=\"colgroup\">Displays \/ elementos de opera\u00e7\u00e3o<\/th>\n<\/tr>\n<tr>\n<td>Display<\/td>\n<td>\n<table>\n<colgroup class=\"pd-table-cols-2\">\n<col class=\"pd-table-col-1\" \/>\n<col class=\"pd-table-col-2\" \/><\/colgroup>\n<tbody>\n<tr>\n<td>em opera\u00e7\u00e3o<\/td>\n<td>2 x LED, verde<\/td>\n<\/tr>\n<tr>\n<td>Status de chaveamento<\/td>\n<td>2 x LED, amarelo<\/td>\n<\/tr>\n<\/tbody>\n<\/table>\n<\/td>\n<\/tr>\n<tr>\n<td>Fun\u00e7\u00e3o Teach<\/td>\n<td>sim<\/td>\n<\/tr>\n<tr>\n<th class=\"pd-table-h1\" colspan=\"2\" scope=\"colgroup\">Notas<\/th>\n<\/tr>\n<tr>\n<td>Quantidade<\/td>\n<td>1 pe\u00e7a<\/td>\n<\/tr>\n<tr>\n<th class=\"pd-table-h1\" colspan=\"2\" scope=\"colgroup\">conex\u00e3o el\u00e9trica<\/th>\n<\/tr>\n<tr>\n<td>Conex\u00e3o<\/td>\n<td>Conex\u00e3o: 1 x M12<\/td>\n<\/tr>\n<\/tbody>\n<\/table>\n","protected":false},"excerpt":{"rendered":"<p>Caracter\u00edsticas do produto Sinal de sa\u00edda sinal de comuta\u00e7\u00e3o; IO-Link; (configur\u00e1veis) Alcance de medi\u00e7\u00e3o 0&#8230;250 bar 0&#8230;3625 psi 0&#8230;25 MPa Conex\u00e3o de processo conex\u00e3o da rosca G 1\/4 rosca externa Rosca interna:M5 Campo de aplica\u00e7\u00e3o Aplica\u00e7\u00e3o para aplica\u00e7\u00f5es industriais Subst\u00e2ncias fluidos l\u00edquidos e gasosos Condicional utiliz\u00e1vel para aplica\u00e7\u00e3o em meios gasosos no caso de press\u00f5es [&hellip;]<\/p>\n","protected":false},"featured_media":3594,"template":"","meta":[],"product_brand":[],"product_cat":[353,56,372],"product_tag":[58,61,57],"class_list":{"0":"post-3593","1":"product","2":"type-product","3":"status-publish","4":"has-post-thumbnail","6":"product_cat-ifm","7":"product_cat-sensores","8":"product_cat-transmissores-de-vibracao","9":"product_tag-ifm","10":"product_tag-pressao","11":"product_tag-sensor","13":"first","14":"instock","15":"shipping-taxable","16":"product-type-simple"},"yoast_head":"<!-- This site is optimized with the Yoast SEO plugin v26.3 - https:\/\/yoast.com\/wordpress\/plugins\/seo\/ -->\n<title>PP7551-Interruptor de press\u00e3o com c\u00e9lula de medi\u00e7\u00e3o de cer\u00e2mica-IFM - Loja Motion Up<\/title>\n<meta name=\"robots\" content=\"index, follow, max-snippet:-1, max-image-preview:large, max-video-preview:-1\" \/>\n<link rel=\"canonical\" href=\"https:\/\/motionup.com.br\/site\/produto\/pp7551-interruptor-de-pressao-com-celula-de-medicao-de-ceramica-ifm\/\" \/>\n<meta property=\"og:locale\" content=\"pt_BR\" \/>\n<meta property=\"og:type\" content=\"article\" \/>\n<meta property=\"og:title\" content=\"PP7551-Interruptor de press\u00e3o com c\u00e9lula de medi\u00e7\u00e3o de cer\u00e2mica-IFM - Loja Motion Up\" \/>\n<meta property=\"og:description\" content=\"Caracter\u00edsticas do produto Sinal de sa\u00edda sinal de comuta\u00e7\u00e3o; IO-Link; (configur\u00e1veis) Alcance de medi\u00e7\u00e3o 0&#8230;250 bar 0&#8230;3625 psi 0&#8230;25 MPa Conex\u00e3o de processo conex\u00e3o da rosca G 1\/4 rosca externa Rosca interna:M5 Campo de aplica\u00e7\u00e3o Aplica\u00e7\u00e3o para aplica\u00e7\u00f5es industriais Subst\u00e2ncias fluidos l\u00edquidos e gasosos Condicional utiliz\u00e1vel para aplica\u00e7\u00e3o em meios gasosos no caso de press\u00f5es [&hellip;]\" \/>\n<meta property=\"og:url\" content=\"https:\/\/motionup.com.br\/site\/produto\/pp7551-interruptor-de-pressao-com-celula-de-medicao-de-ceramica-ifm\/\" \/>\n<meta property=\"og:site_name\" content=\"Loja Motion Up\" \/>\n<meta property=\"article:publisher\" content=\"https:\/\/m.facebook.com\/fp3motionup\/about\/\" \/>\n<meta property=\"article:modified_time\" content=\"2021-06-01T17:15:25+00:00\" \/>\n<meta property=\"og:image\" content=\"https:\/\/motionup.com.br\/site\/wp-content\/uploads\/2021\/06\/P_F_E_W_500_0051_PP7551_01.jpg\" \/>\n\t<meta property=\"og:image:width\" content=\"1200\" \/>\n\t<meta property=\"og:image:height\" content=\"1200\" \/>\n\t<meta property=\"og:image:type\" content=\"image\/jpeg\" \/>\n<meta name=\"twitter:card\" content=\"summary_large_image\" \/>\n<meta name=\"twitter:label1\" content=\"Est. tempo de leitura\" \/>\n\t<meta name=\"twitter:data1\" content=\"4 minutos\" \/>\n<script type=\"application\/ld+json\" class=\"yoast-schema-graph\">{\"@context\":\"https:\/\/schema.org\",\"@graph\":[{\"@type\":\"WebPage\",\"@id\":\"https:\/\/motionup.com.br\/site\/produto\/pp7551-interruptor-de-pressao-com-celula-de-medicao-de-ceramica-ifm\/\",\"url\":\"https:\/\/motionup.com.br\/site\/produto\/pp7551-interruptor-de-pressao-com-celula-de-medicao-de-ceramica-ifm\/\",\"name\":\"PP7551-Interruptor de press\u00e3o com c\u00e9lula de medi\u00e7\u00e3o de cer\u00e2mica-IFM - Loja Motion Up\",\"isPartOf\":{\"@id\":\"https:\/\/motionup.com.br\/site\/#website\"},\"primaryImageOfPage\":{\"@id\":\"https:\/\/motionup.com.br\/site\/produto\/pp7551-interruptor-de-pressao-com-celula-de-medicao-de-ceramica-ifm\/#primaryimage\"},\"image\":{\"@id\":\"https:\/\/motionup.com.br\/site\/produto\/pp7551-interruptor-de-pressao-com-celula-de-medicao-de-ceramica-ifm\/#primaryimage\"},\"thumbnailUrl\":\"https:\/\/motionup.com.br\/site\/wp-content\/uploads\/2021\/06\/P_F_E_W_500_0051_PP7551_01.jpg\",\"datePublished\":\"2021-06-01T17:11:36+00:00\",\"dateModified\":\"2021-06-01T17:15:25+00:00\",\"breadcrumb\":{\"@id\":\"https:\/\/motionup.com.br\/site\/produto\/pp7551-interruptor-de-pressao-com-celula-de-medicao-de-ceramica-ifm\/#breadcrumb\"},\"inLanguage\":\"pt-BR\",\"potentialAction\":[{\"@type\":\"ReadAction\",\"target\":[\"https:\/\/motionup.com.br\/site\/produto\/pp7551-interruptor-de-pressao-com-celula-de-medicao-de-ceramica-ifm\/\"]}]},{\"@type\":\"ImageObject\",\"inLanguage\":\"pt-BR\",\"@id\":\"https:\/\/motionup.com.br\/site\/produto\/pp7551-interruptor-de-pressao-com-celula-de-medicao-de-ceramica-ifm\/#primaryimage\",\"url\":\"https:\/\/motionup.com.br\/site\/wp-content\/uploads\/2021\/06\/P_F_E_W_500_0051_PP7551_01.jpg\",\"contentUrl\":\"https:\/\/motionup.com.br\/site\/wp-content\/uploads\/2021\/06\/P_F_E_W_500_0051_PP7551_01.jpg\",\"width\":1200,\"height\":1200},{\"@type\":\"BreadcrumbList\",\"@id\":\"https:\/\/motionup.com.br\/site\/produto\/pp7551-interruptor-de-pressao-com-celula-de-medicao-de-ceramica-ifm\/#breadcrumb\",\"itemListElement\":[{\"@type\":\"ListItem\",\"position\":1,\"name\":\"In\u00edcio\",\"item\":\"https:\/\/motionup.com.br\/site\/\"},{\"@type\":\"ListItem\",\"position\":2,\"name\":\"Produtos\",\"item\":\"https:\/\/motionup.com.br\/site\/produtos\/\"},{\"@type\":\"ListItem\",\"position\":3,\"name\":\"PP7551-Interruptor de press\u00e3o com c\u00e9lula de medi\u00e7\u00e3o de cer\u00e2mica-IFM\"}]},{\"@type\":\"WebSite\",\"@id\":\"https:\/\/motionup.com.br\/site\/#website\",\"url\":\"https:\/\/motionup.com.br\/site\/\",\"name\":\"Motion Up\",\"description\":\"E-commerce Motion Up - Automa\u00e7\u00e3o Industrial\",\"publisher\":{\"@id\":\"https:\/\/motionup.com.br\/site\/#organization\"},\"potentialAction\":[{\"@type\":\"SearchAction\",\"target\":{\"@type\":\"EntryPoint\",\"urlTemplate\":\"https:\/\/motionup.com.br\/site\/?s={search_term_string}\"},\"query-input\":{\"@type\":\"PropertyValueSpecification\",\"valueRequired\":true,\"valueName\":\"search_term_string\"}}],\"inLanguage\":\"pt-BR\"},{\"@type\":\"Organization\",\"@id\":\"https:\/\/motionup.com.br\/site\/#organization\",\"name\":\"Motion Up\",\"url\":\"https:\/\/motionup.com.br\/site\/\",\"logo\":{\"@type\":\"ImageObject\",\"inLanguage\":\"pt-BR\",\"@id\":\"https:\/\/motionup.com.br\/site\/#\/schema\/logo\/image\/\",\"url\":\"https:\/\/motionup.com.br\/site\/wp-content\/uploads\/2025\/05\/MOTIONUP.png\",\"contentUrl\":\"https:\/\/motionup.com.br\/site\/wp-content\/uploads\/2025\/05\/MOTIONUP.png\",\"width\":1200,\"height\":601,\"caption\":\"Motion Up\"},\"image\":{\"@id\":\"https:\/\/motionup.com.br\/site\/#\/schema\/logo\/image\/\"},\"sameAs\":[\"https:\/\/m.facebook.com\/fp3motionup\/about\/\",\"https:\/\/br.linkedin.com\/company\/fpn-controle-e-automao-industrial-ltda\"]}]}<\/script>\n<!-- \/ Yoast SEO plugin. -->","yoast_head_json":{"title":"PP7551-Interruptor de press\u00e3o com c\u00e9lula de medi\u00e7\u00e3o de cer\u00e2mica-IFM - Loja Motion Up","robots":{"index":"index","follow":"follow","max-snippet":"max-snippet:-1","max-image-preview":"max-image-preview:large","max-video-preview":"max-video-preview:-1"},"canonical":"https:\/\/motionup.com.br\/site\/produto\/pp7551-interruptor-de-pressao-com-celula-de-medicao-de-ceramica-ifm\/","og_locale":"pt_BR","og_type":"article","og_title":"PP7551-Interruptor de press\u00e3o com c\u00e9lula de medi\u00e7\u00e3o de cer\u00e2mica-IFM - Loja Motion Up","og_description":"Caracter\u00edsticas do produto Sinal de sa\u00edda sinal de comuta\u00e7\u00e3o; IO-Link; (configur\u00e1veis) Alcance de medi\u00e7\u00e3o 0&#8230;250 bar 0&#8230;3625 psi 0&#8230;25 MPa Conex\u00e3o de processo conex\u00e3o da rosca G 1\/4 rosca externa Rosca interna:M5 Campo de aplica\u00e7\u00e3o Aplica\u00e7\u00e3o para aplica\u00e7\u00f5es industriais Subst\u00e2ncias fluidos l\u00edquidos e gasosos Condicional utiliz\u00e1vel para aplica\u00e7\u00e3o em meios gasosos no caso de press\u00f5es [&hellip;]","og_url":"https:\/\/motionup.com.br\/site\/produto\/pp7551-interruptor-de-pressao-com-celula-de-medicao-de-ceramica-ifm\/","og_site_name":"Loja Motion Up","article_publisher":"https:\/\/m.facebook.com\/fp3motionup\/about\/","article_modified_time":"2021-06-01T17:15:25+00:00","og_image":[{"width":1200,"height":1200,"url":"https:\/\/motionup.com.br\/site\/wp-content\/uploads\/2021\/06\/P_F_E_W_500_0051_PP7551_01.jpg","type":"image\/jpeg"}],"twitter_card":"summary_large_image","twitter_misc":{"Est. tempo de leitura":"4 minutos"},"schema":{"@context":"https:\/\/schema.org","@graph":[{"@type":"WebPage","@id":"https:\/\/motionup.com.br\/site\/produto\/pp7551-interruptor-de-pressao-com-celula-de-medicao-de-ceramica-ifm\/","url":"https:\/\/motionup.com.br\/site\/produto\/pp7551-interruptor-de-pressao-com-celula-de-medicao-de-ceramica-ifm\/","name":"PP7551-Interruptor de press\u00e3o com c\u00e9lula de medi\u00e7\u00e3o de cer\u00e2mica-IFM - Loja Motion Up","isPartOf":{"@id":"https:\/\/motionup.com.br\/site\/#website"},"primaryImageOfPage":{"@id":"https:\/\/motionup.com.br\/site\/produto\/pp7551-interruptor-de-pressao-com-celula-de-medicao-de-ceramica-ifm\/#primaryimage"},"image":{"@id":"https:\/\/motionup.com.br\/site\/produto\/pp7551-interruptor-de-pressao-com-celula-de-medicao-de-ceramica-ifm\/#primaryimage"},"thumbnailUrl":"https:\/\/motionup.com.br\/site\/wp-content\/uploads\/2021\/06\/P_F_E_W_500_0051_PP7551_01.jpg","datePublished":"2021-06-01T17:11:36+00:00","dateModified":"2021-06-01T17:15:25+00:00","breadcrumb":{"@id":"https:\/\/motionup.com.br\/site\/produto\/pp7551-interruptor-de-pressao-com-celula-de-medicao-de-ceramica-ifm\/#breadcrumb"},"inLanguage":"pt-BR","potentialAction":[{"@type":"ReadAction","target":["https:\/\/motionup.com.br\/site\/produto\/pp7551-interruptor-de-pressao-com-celula-de-medicao-de-ceramica-ifm\/"]}]},{"@type":"ImageObject","inLanguage":"pt-BR","@id":"https:\/\/motionup.com.br\/site\/produto\/pp7551-interruptor-de-pressao-com-celula-de-medicao-de-ceramica-ifm\/#primaryimage","url":"https:\/\/motionup.com.br\/site\/wp-content\/uploads\/2021\/06\/P_F_E_W_500_0051_PP7551_01.jpg","contentUrl":"https:\/\/motionup.com.br\/site\/wp-content\/uploads\/2021\/06\/P_F_E_W_500_0051_PP7551_01.jpg","width":1200,"height":1200},{"@type":"BreadcrumbList","@id":"https:\/\/motionup.com.br\/site\/produto\/pp7551-interruptor-de-pressao-com-celula-de-medicao-de-ceramica-ifm\/#breadcrumb","itemListElement":[{"@type":"ListItem","position":1,"name":"In\u00edcio","item":"https:\/\/motionup.com.br\/site\/"},{"@type":"ListItem","position":2,"name":"Produtos","item":"https:\/\/motionup.com.br\/site\/produtos\/"},{"@type":"ListItem","position":3,"name":"PP7551-Interruptor de press\u00e3o com c\u00e9lula de medi\u00e7\u00e3o de cer\u00e2mica-IFM"}]},{"@type":"WebSite","@id":"https:\/\/motionup.com.br\/site\/#website","url":"https:\/\/motionup.com.br\/site\/","name":"Motion Up","description":"E-commerce Motion Up - Automa\u00e7\u00e3o Industrial","publisher":{"@id":"https:\/\/motionup.com.br\/site\/#organization"},"potentialAction":[{"@type":"SearchAction","target":{"@type":"EntryPoint","urlTemplate":"https:\/\/motionup.com.br\/site\/?s={search_term_string}"},"query-input":{"@type":"PropertyValueSpecification","valueRequired":true,"valueName":"search_term_string"}}],"inLanguage":"pt-BR"},{"@type":"Organization","@id":"https:\/\/motionup.com.br\/site\/#organization","name":"Motion Up","url":"https:\/\/motionup.com.br\/site\/","logo":{"@type":"ImageObject","inLanguage":"pt-BR","@id":"https:\/\/motionup.com.br\/site\/#\/schema\/logo\/image\/","url":"https:\/\/motionup.com.br\/site\/wp-content\/uploads\/2025\/05\/MOTIONUP.png","contentUrl":"https:\/\/motionup.com.br\/site\/wp-content\/uploads\/2025\/05\/MOTIONUP.png","width":1200,"height":601,"caption":"Motion Up"},"image":{"@id":"https:\/\/motionup.com.br\/site\/#\/schema\/logo\/image\/"},"sameAs":["https:\/\/m.facebook.com\/fp3motionup\/about\/","https:\/\/br.linkedin.com\/company\/fpn-controle-e-automao-industrial-ltda"]}]}},"_links":{"self":[{"href":"https:\/\/motionup.com.br\/site\/wp-json\/wp\/v2\/product\/3593","targetHints":{"allow":["GET"]}}],"collection":[{"href":"https:\/\/motionup.com.br\/site\/wp-json\/wp\/v2\/product"}],"about":[{"href":"https:\/\/motionup.com.br\/site\/wp-json\/wp\/v2\/types\/product"}],"wp:featuredmedia":[{"embeddable":true,"href":"https:\/\/motionup.com.br\/site\/wp-json\/wp\/v2\/media\/3594"}],"wp:attachment":[{"href":"https:\/\/motionup.com.br\/site\/wp-json\/wp\/v2\/media?parent=3593"}],"wp:term":[{"taxonomy":"product_brand","embeddable":true,"href":"https:\/\/motionup.com.br\/site\/wp-json\/wp\/v2\/product_brand?post=3593"},{"taxonomy":"product_cat","embeddable":true,"href":"https:\/\/motionup.com.br\/site\/wp-json\/wp\/v2\/product_cat?post=3593"},{"taxonomy":"product_tag","embeddable":true,"href":"https:\/\/motionup.com.br\/site\/wp-json\/wp\/v2\/product_tag?post=3593"}],"curies":[{"name":"wp","href":"https:\/\/api.w.org\/{rel}","templated":true}]}}