{"id":3601,"date":"2021-06-01T14:33:02","date_gmt":"2021-06-01T17:33:02","guid":{"rendered":"https:\/\/motionup.com.br\/site\/?post_type=product&#038;p=3601"},"modified":"2021-06-01T14:35:28","modified_gmt":"2021-06-01T17:35:28","slug":"ac2620-modulo-universal-as-interface-ifm","status":"publish","type":"product","link":"https:\/\/motionup.com.br\/site\/produto\/ac2620-modulo-universal-as-interface-ifm\/","title":{"rendered":"AC2620-M\u00f3dulo universal AS-Interface-IFM"},"content":{"rendered":"<table class=\"pd-table\">\n<colgroup class=\"pd-table-cols-2\">\n<col class=\"pd-table-col-1\" \/>\n<col class=\"pd-table-col-2\" \/><\/colgroup>\n<tbody>\n<tr>\n<th class=\"pd-table-h1\" colspan=\"2\" scope=\"colgroup\">Caracter\u00edsticas do produto<\/th>\n<\/tr>\n<tr>\n<td>Quantidade de entradas e sa\u00eddas<\/td>\n<td>Quantidade de entradas Pt100: 4<\/td>\n<\/tr>\n<tr>\n<td>Alcance de medi\u00e7\u00e3o [\u00b0C]<\/td>\n<td>-200&#8230;850<\/td>\n<\/tr>\n<tr>\n<th class=\"pd-table-h1\" colspan=\"2\" scope=\"colgroup\">Campo de aplica\u00e7\u00e3o<\/th>\n<\/tr>\n<tr>\n<td>Aplica\u00e7\u00e3o<\/td>\n<td>Montagem em campo<\/td>\n<\/tr>\n<tr>\n<th class=\"pd-table-h1\" colspan=\"2\" scope=\"colgroup\">Dados el\u00e9tricos<\/th>\n<\/tr>\n<tr>\n<td>Tens\u00e3o de opera\u00e7\u00e3o [V]<\/td>\n<td>26,5&#8230;31,6 DC<\/td>\n<\/tr>\n<tr>\n<td>Consumo de corrente m\u00e1x. da interface AS [mA]<\/td>\n<td>80<\/td>\n<\/tr>\n<tr>\n<td>Prote\u00e7\u00e3o contra invers\u00e3o de polaridade<\/td>\n<td>sim<\/td>\n<\/tr>\n<tr>\n<th class=\"pd-table-h1\" colspan=\"2\" scope=\"colgroup\">Entradas\/sa\u00eddas<\/th>\n<\/tr>\n<tr>\n<td>Quantidade de entradas e sa\u00eddas<\/td>\n<td>Quantidade de entradas Pt100: 4<\/td>\n<\/tr>\n<tr>\n<th class=\"pd-table-h1\" colspan=\"2\" scope=\"colgroup\">Entradas<\/th>\n<\/tr>\n<tr>\n<td>Quantidade de entradas Pt100<\/td>\n<td>4<\/td>\n<\/tr>\n<tr>\n<td>Alimenta\u00e7\u00e3o de sensor das entradas<\/td>\n<td>AS-i<\/td>\n<\/tr>\n<tr>\n<td>Fontes de alimenta\u00e7\u00e3o [V]<\/td>\n<td>24<\/td>\n<\/tr>\n<tr>\n<td>Capacidade de carga m\u00e1x. das entradas totais [mA]<\/td>\n<td>20<\/td>\n<\/tr>\n<tr>\n<td>Entradas digitais com resist\u00eancia contra curto-circuito<\/td>\n<td>sim<\/td>\n<\/tr>\n<tr>\n<td>Resolu\u00e7\u00e3o entrada anal\u00f3gica<\/td>\n<td>16 \/ 0,1 \u00b0C<\/td>\n<\/tr>\n<tr>\n<th class=\"pd-table-h1\" colspan=\"2\" scope=\"colgroup\">Sa\u00eddas<\/th>\n<\/tr>\n<tr>\n<td>Resolu\u00e7\u00e3o da sa\u00edda anal\u00f3gica<\/td>\n<td>16 bit \/ 0,1 \u00b0C<\/td>\n<\/tr>\n<tr>\n<th class=\"pd-table-h1\" colspan=\"2\" scope=\"colgroup\">Faixa de medi\u00e7\u00e3o \/ de ajuste<\/th>\n<\/tr>\n<tr>\n<td>Alcance de medi\u00e7\u00e3o [\u00b0C]<\/td>\n<td>-200&#8230;850<\/td>\n<\/tr>\n<tr>\n<th class=\"pd-table-h1\" colspan=\"2\" scope=\"colgroup\">Condi\u00e7\u00f5es ambientais<\/th>\n<\/tr>\n<tr>\n<td>Temperatura ambiente [\u00b0C]<\/td>\n<td>0&#8230;70<\/td>\n<\/tr>\n<tr>\n<td>Temperatura de armazenamento [\u00b0C]<\/td>\n<td>-25&#8230;85<\/td>\n<\/tr>\n<tr>\n<td>Prote\u00e7\u00e3o<\/td>\n<td>IP 65<\/td>\n<\/tr>\n<tr>\n<th class=\"pd-table-h1\" colspan=\"2\" scope=\"colgroup\">Certifica\u00e7\u00f5es \/ testes<\/th>\n<\/tr>\n<tr>\n<td>EMC<\/td>\n<td>\n<table>\n<colgroup class=\"pd-table-cols-2\">\n<col class=\"pd-table-col-1\" \/>\n<col class=\"pd-table-col-2\" \/><\/colgroup>\n<tbody>\n<tr>\n<td>EN 50295<\/td>\n<td><\/td>\n<\/tr>\n<\/tbody>\n<\/table>\n<\/td>\n<\/tr>\n<tr>\n<td>MTTF [anos]<\/td>\n<td>150<\/td>\n<\/tr>\n<tr>\n<th class=\"pd-table-h1\" colspan=\"2\" scope=\"colgroup\">Valor caracter\u00edstico AS-i<\/th>\n<\/tr>\n<tr>\n<td>Perfil AS-i<\/td>\n<td>S-7.3.E<\/td>\n<\/tr>\n<tr>\n<td>Configura\u00e7\u00e3o da AS-i E\/S [hex]<\/td>\n<td>7<\/td>\n<\/tr>\n<tr>\n<td>C\u00f3digo ID da AS-i [hex]<\/td>\n<td>3.E<\/td>\n<\/tr>\n<tr>\n<td>Certificado AS-i solicitado<\/td>\n<td>sim<\/td>\n<\/tr>\n<tr>\n<td>Bits de par\u00e2metro<\/td>\n<td>\n<table>\n<colgroup class=\"pd-table-cols-7\">\n<col class=\"pd-table-col-1\" \/>\n<col class=\"pd-table-col-2\" \/>\n<col class=\"pd-table-col-3\" \/>\n<col class=\"pd-table-col-4\" \/>\n<col class=\"pd-table-col-5\" \/>\n<col class=\"pd-table-col-6\" \/>\n<col class=\"pd-table-col-7\" \/><\/colgroup>\n<tbody>\n<tr>\n<td>bit de par\u00e2metro<\/td>\n<td>descri\u00e7\u00e3o<\/td>\n<td><\/td>\n<td><\/td>\n<td><\/td>\n<td><\/td>\n<td><\/td>\n<\/tr>\n<tr>\n<td>P0<\/td>\n<td>filtro no conversor A\/D<\/td>\n<td>: 1<\/td>\n<td>50 Hz<\/td>\n<td>* \/ 0<\/td>\n<td>60 Hz<\/td>\n<td><\/td>\n<\/tr>\n<tr>\n<td>P1<\/td>\n<td>erro perif\u00e9rico<\/td>\n<td><\/td>\n<td>codifica\u00e7\u00e3o<\/td>\n<td>: 1 \/ 0<\/td>\n<td><\/td>\n<td><\/td>\n<\/tr>\n<tr>\n<td>P2<\/td>\n<td>erro perif\u00e9rico<\/td>\n<td><\/td>\n<td>codifica\u00e7\u00e3o<\/td>\n<td>: 1 \/ 0<\/td>\n<td><\/td>\n<td><\/td>\n<\/tr>\n<tr>\n<td>P3<\/td>\n<td>elemento Pt100<\/td>\n<td>: 1<\/td>\n<td>2 fios<\/td>\n<td>\/ 0<\/td>\n<td>3 fios<\/td>\n<td><\/td>\n<\/tr>\n<\/tbody>\n<\/table>\n<\/td>\n<\/tr>\n<tr>\n<th class=\"pd-table-h1\" colspan=\"2\" scope=\"colgroup\">Dados mec\u00e2nicos<\/th>\n<\/tr>\n<tr>\n<td>Peso [g]<\/td>\n<td>299<\/td>\n<\/tr>\n<tr>\n<td>Tipo de montagem<\/td>\n<td>interface AS-i para partes inferiores FC<\/td>\n<\/tr>\n<tr>\n<td>Materiais<\/td>\n<td>PBT<\/td>\n<\/tr>\n<tr>\n<th class=\"pd-table-h1\" colspan=\"2\" scope=\"colgroup\">Displays \/ elementos de opera\u00e7\u00e3o<\/th>\n<\/tr>\n<tr>\n<td>Display<\/td>\n<td>\n<table>\n<colgroup class=\"pd-table-cols-2\">\n<col class=\"pd-table-col-1\" \/>\n<col class=\"pd-table-col-2\" \/><\/colgroup>\n<tbody>\n<tr>\n<td>Status de chaveamento<\/td>\n<td>LED, verde Canais 1&#8230;4<\/td>\n<\/tr>\n<tr>\n<td>em opera\u00e7\u00e3o<\/td>\n<td>LED, verde Tens\u00e3o AS-i &#8211; AS-i<\/td>\n<\/tr>\n<tr>\n<td>erro<\/td>\n<td>LED, vermelho<\/td>\n<\/tr>\n<\/tbody>\n<\/table>\n<\/td>\n<\/tr>\n<tr>\n<th class=\"pd-table-h1\" colspan=\"2\" scope=\"colgroup\">Conex\u00e3o el\u00e9trica<\/th>\n<\/tr>\n<tr>\n<td>Conex\u00e3o do m\u00f3dulo<\/td>\n<td>Flachkabel<\/td>\n<\/tr>\n<tr>\n<th class=\"pd-table-h1\" colspan=\"2\" scope=\"colgroup\">Notas<\/th>\n<\/tr>\n<tr>\n<td>Quantidade<\/td>\n<td>1 pe\u00e7a<\/td>\n<\/tr>\n<tr>\n<th class=\"pd-table-h1\" colspan=\"2\" scope=\"colgroup\">conex\u00e3o el\u00e9trica<\/th>\n<\/tr>\n<tr>\n<td>Conex\u00e3o<\/td>\n<td>grampos de gaiola de mola:<\/td>\n<\/tr>\n<\/tbody>\n<\/table>\n","protected":false},"excerpt":{"rendered":"<p>Caracter\u00edsticas do produto Quantidade de entradas e sa\u00eddas Quantidade de entradas Pt100: 4 Alcance de medi\u00e7\u00e3o [\u00b0C] -200&#8230;850 Campo de aplica\u00e7\u00e3o Aplica\u00e7\u00e3o Montagem em campo Dados el\u00e9tricos Tens\u00e3o de opera\u00e7\u00e3o [V] 26,5&#8230;31,6 DC Consumo de corrente m\u00e1x. da interface AS [mA] 80 Prote\u00e7\u00e3o contra invers\u00e3o de polaridade sim Entradas\/sa\u00eddas Quantidade de entradas e sa\u00eddas Quantidade [&hellip;]<\/p>\n","protected":false},"featured_media":3602,"template":"","meta":[],"product_brand":[],"product_cat":[353,56],"product_tag":[58,57],"class_list":{"0":"post-3601","1":"product","2":"type-product","3":"status-publish","4":"has-post-thumbnail","6":"product_cat-ifm","7":"product_cat-sensores","8":"product_tag-ifm","9":"product_tag-sensor","11":"first","12":"instock","13":"shipping-taxable","14":"product-type-simple"},"yoast_head":"<!-- This site is optimized with the Yoast SEO plugin v26.3 - https:\/\/yoast.com\/wordpress\/plugins\/seo\/ -->\n<title>AC2620-M\u00f3dulo universal AS-Interface-IFM - Loja Motion Up<\/title>\n<meta name=\"robots\" content=\"index, follow, max-snippet:-1, max-image-preview:large, max-video-preview:-1\" \/>\n<link rel=\"canonical\" href=\"https:\/\/motionup.com.br\/site\/produto\/ac2620-modulo-universal-as-interface-ifm\/\" \/>\n<meta property=\"og:locale\" content=\"pt_BR\" \/>\n<meta property=\"og:type\" content=\"article\" \/>\n<meta property=\"og:title\" content=\"AC2620-M\u00f3dulo universal AS-Interface-IFM - Loja Motion Up\" \/>\n<meta property=\"og:description\" content=\"Caracter\u00edsticas do produto Quantidade de entradas e sa\u00eddas Quantidade de entradas Pt100: 4 Alcance de medi\u00e7\u00e3o [\u00b0C] -200&#8230;850 Campo de aplica\u00e7\u00e3o Aplica\u00e7\u00e3o Montagem em campo Dados el\u00e9tricos Tens\u00e3o de opera\u00e7\u00e3o [V] 26,5&#8230;31,6 DC Consumo de corrente m\u00e1x. da interface AS [mA] 80 Prote\u00e7\u00e3o contra invers\u00e3o de polaridade sim Entradas\/sa\u00eddas Quantidade de entradas e sa\u00eddas Quantidade [&hellip;]\" \/>\n<meta property=\"og:url\" content=\"https:\/\/motionup.com.br\/site\/produto\/ac2620-modulo-universal-as-interface-ifm\/\" \/>\n<meta property=\"og:site_name\" content=\"Loja Motion Up\" \/>\n<meta property=\"article:publisher\" content=\"https:\/\/m.facebook.com\/fp3motionup\/about\/\" \/>\n<meta property=\"article:modified_time\" content=\"2021-06-01T17:35:28+00:00\" \/>\n<meta property=\"og:image\" content=\"https:\/\/motionup.com.br\/site\/wp-content\/uploads\/2021\/06\/P_F_E_W_ASI_0229_AC2620_01.jpg\" \/>\n\t<meta property=\"og:image:width\" content=\"1200\" \/>\n\t<meta property=\"og:image:height\" content=\"1200\" \/>\n\t<meta property=\"og:image:type\" content=\"image\/jpeg\" \/>\n<meta name=\"twitter:card\" content=\"summary_large_image\" \/>\n<meta name=\"twitter:label1\" content=\"Est. tempo de leitura\" \/>\n\t<meta name=\"twitter:data1\" content=\"1 minuto\" \/>\n<script type=\"application\/ld+json\" class=\"yoast-schema-graph\">{\"@context\":\"https:\/\/schema.org\",\"@graph\":[{\"@type\":\"WebPage\",\"@id\":\"https:\/\/motionup.com.br\/site\/produto\/ac2620-modulo-universal-as-interface-ifm\/\",\"url\":\"https:\/\/motionup.com.br\/site\/produto\/ac2620-modulo-universal-as-interface-ifm\/\",\"name\":\"AC2620-M\u00f3dulo universal AS-Interface-IFM - Loja Motion Up\",\"isPartOf\":{\"@id\":\"https:\/\/motionup.com.br\/site\/#website\"},\"primaryImageOfPage\":{\"@id\":\"https:\/\/motionup.com.br\/site\/produto\/ac2620-modulo-universal-as-interface-ifm\/#primaryimage\"},\"image\":{\"@id\":\"https:\/\/motionup.com.br\/site\/produto\/ac2620-modulo-universal-as-interface-ifm\/#primaryimage\"},\"thumbnailUrl\":\"https:\/\/motionup.com.br\/site\/wp-content\/uploads\/2021\/06\/P_F_E_W_ASI_0229_AC2620_01.jpg\",\"datePublished\":\"2021-06-01T17:33:02+00:00\",\"dateModified\":\"2021-06-01T17:35:28+00:00\",\"breadcrumb\":{\"@id\":\"https:\/\/motionup.com.br\/site\/produto\/ac2620-modulo-universal-as-interface-ifm\/#breadcrumb\"},\"inLanguage\":\"pt-BR\",\"potentialAction\":[{\"@type\":\"ReadAction\",\"target\":[\"https:\/\/motionup.com.br\/site\/produto\/ac2620-modulo-universal-as-interface-ifm\/\"]}]},{\"@type\":\"ImageObject\",\"inLanguage\":\"pt-BR\",\"@id\":\"https:\/\/motionup.com.br\/site\/produto\/ac2620-modulo-universal-as-interface-ifm\/#primaryimage\",\"url\":\"https:\/\/motionup.com.br\/site\/wp-content\/uploads\/2021\/06\/P_F_E_W_ASI_0229_AC2620_01.jpg\",\"contentUrl\":\"https:\/\/motionup.com.br\/site\/wp-content\/uploads\/2021\/06\/P_F_E_W_ASI_0229_AC2620_01.jpg\",\"width\":1200,\"height\":1200},{\"@type\":\"BreadcrumbList\",\"@id\":\"https:\/\/motionup.com.br\/site\/produto\/ac2620-modulo-universal-as-interface-ifm\/#breadcrumb\",\"itemListElement\":[{\"@type\":\"ListItem\",\"position\":1,\"name\":\"In\u00edcio\",\"item\":\"https:\/\/motionup.com.br\/site\/\"},{\"@type\":\"ListItem\",\"position\":2,\"name\":\"Produtos\",\"item\":\"https:\/\/motionup.com.br\/site\/produtos\/\"},{\"@type\":\"ListItem\",\"position\":3,\"name\":\"AC2620-M\u00f3dulo universal AS-Interface-IFM\"}]},{\"@type\":\"WebSite\",\"@id\":\"https:\/\/motionup.com.br\/site\/#website\",\"url\":\"https:\/\/motionup.com.br\/site\/\",\"name\":\"Motion Up\",\"description\":\"E-commerce Motion Up - Automa\u00e7\u00e3o Industrial\",\"publisher\":{\"@id\":\"https:\/\/motionup.com.br\/site\/#organization\"},\"potentialAction\":[{\"@type\":\"SearchAction\",\"target\":{\"@type\":\"EntryPoint\",\"urlTemplate\":\"https:\/\/motionup.com.br\/site\/?s={search_term_string}\"},\"query-input\":{\"@type\":\"PropertyValueSpecification\",\"valueRequired\":true,\"valueName\":\"search_term_string\"}}],\"inLanguage\":\"pt-BR\"},{\"@type\":\"Organization\",\"@id\":\"https:\/\/motionup.com.br\/site\/#organization\",\"name\":\"Motion Up\",\"url\":\"https:\/\/motionup.com.br\/site\/\",\"logo\":{\"@type\":\"ImageObject\",\"inLanguage\":\"pt-BR\",\"@id\":\"https:\/\/motionup.com.br\/site\/#\/schema\/logo\/image\/\",\"url\":\"https:\/\/motionup.com.br\/site\/wp-content\/uploads\/2025\/05\/MOTIONUP.png\",\"contentUrl\":\"https:\/\/motionup.com.br\/site\/wp-content\/uploads\/2025\/05\/MOTIONUP.png\",\"width\":1200,\"height\":601,\"caption\":\"Motion Up\"},\"image\":{\"@id\":\"https:\/\/motionup.com.br\/site\/#\/schema\/logo\/image\/\"},\"sameAs\":[\"https:\/\/m.facebook.com\/fp3motionup\/about\/\",\"https:\/\/br.linkedin.com\/company\/fpn-controle-e-automao-industrial-ltda\"]}]}<\/script>\n<!-- \/ Yoast SEO plugin. -->","yoast_head_json":{"title":"AC2620-M\u00f3dulo universal AS-Interface-IFM - Loja Motion Up","robots":{"index":"index","follow":"follow","max-snippet":"max-snippet:-1","max-image-preview":"max-image-preview:large","max-video-preview":"max-video-preview:-1"},"canonical":"https:\/\/motionup.com.br\/site\/produto\/ac2620-modulo-universal-as-interface-ifm\/","og_locale":"pt_BR","og_type":"article","og_title":"AC2620-M\u00f3dulo universal AS-Interface-IFM - Loja Motion Up","og_description":"Caracter\u00edsticas do produto Quantidade de entradas e sa\u00eddas Quantidade de entradas Pt100: 4 Alcance de medi\u00e7\u00e3o [\u00b0C] -200&#8230;850 Campo de aplica\u00e7\u00e3o Aplica\u00e7\u00e3o Montagem em campo Dados el\u00e9tricos Tens\u00e3o de opera\u00e7\u00e3o [V] 26,5&#8230;31,6 DC Consumo de corrente m\u00e1x. da interface AS [mA] 80 Prote\u00e7\u00e3o contra invers\u00e3o de polaridade sim Entradas\/sa\u00eddas Quantidade de entradas e sa\u00eddas Quantidade [&hellip;]","og_url":"https:\/\/motionup.com.br\/site\/produto\/ac2620-modulo-universal-as-interface-ifm\/","og_site_name":"Loja Motion Up","article_publisher":"https:\/\/m.facebook.com\/fp3motionup\/about\/","article_modified_time":"2021-06-01T17:35:28+00:00","og_image":[{"width":1200,"height":1200,"url":"https:\/\/motionup.com.br\/site\/wp-content\/uploads\/2021\/06\/P_F_E_W_ASI_0229_AC2620_01.jpg","type":"image\/jpeg"}],"twitter_card":"summary_large_image","twitter_misc":{"Est. tempo de leitura":"1 minuto"},"schema":{"@context":"https:\/\/schema.org","@graph":[{"@type":"WebPage","@id":"https:\/\/motionup.com.br\/site\/produto\/ac2620-modulo-universal-as-interface-ifm\/","url":"https:\/\/motionup.com.br\/site\/produto\/ac2620-modulo-universal-as-interface-ifm\/","name":"AC2620-M\u00f3dulo universal AS-Interface-IFM - Loja Motion Up","isPartOf":{"@id":"https:\/\/motionup.com.br\/site\/#website"},"primaryImageOfPage":{"@id":"https:\/\/motionup.com.br\/site\/produto\/ac2620-modulo-universal-as-interface-ifm\/#primaryimage"},"image":{"@id":"https:\/\/motionup.com.br\/site\/produto\/ac2620-modulo-universal-as-interface-ifm\/#primaryimage"},"thumbnailUrl":"https:\/\/motionup.com.br\/site\/wp-content\/uploads\/2021\/06\/P_F_E_W_ASI_0229_AC2620_01.jpg","datePublished":"2021-06-01T17:33:02+00:00","dateModified":"2021-06-01T17:35:28+00:00","breadcrumb":{"@id":"https:\/\/motionup.com.br\/site\/produto\/ac2620-modulo-universal-as-interface-ifm\/#breadcrumb"},"inLanguage":"pt-BR","potentialAction":[{"@type":"ReadAction","target":["https:\/\/motionup.com.br\/site\/produto\/ac2620-modulo-universal-as-interface-ifm\/"]}]},{"@type":"ImageObject","inLanguage":"pt-BR","@id":"https:\/\/motionup.com.br\/site\/produto\/ac2620-modulo-universal-as-interface-ifm\/#primaryimage","url":"https:\/\/motionup.com.br\/site\/wp-content\/uploads\/2021\/06\/P_F_E_W_ASI_0229_AC2620_01.jpg","contentUrl":"https:\/\/motionup.com.br\/site\/wp-content\/uploads\/2021\/06\/P_F_E_W_ASI_0229_AC2620_01.jpg","width":1200,"height":1200},{"@type":"BreadcrumbList","@id":"https:\/\/motionup.com.br\/site\/produto\/ac2620-modulo-universal-as-interface-ifm\/#breadcrumb","itemListElement":[{"@type":"ListItem","position":1,"name":"In\u00edcio","item":"https:\/\/motionup.com.br\/site\/"},{"@type":"ListItem","position":2,"name":"Produtos","item":"https:\/\/motionup.com.br\/site\/produtos\/"},{"@type":"ListItem","position":3,"name":"AC2620-M\u00f3dulo universal AS-Interface-IFM"}]},{"@type":"WebSite","@id":"https:\/\/motionup.com.br\/site\/#website","url":"https:\/\/motionup.com.br\/site\/","name":"Motion Up","description":"E-commerce Motion Up - Automa\u00e7\u00e3o Industrial","publisher":{"@id":"https:\/\/motionup.com.br\/site\/#organization"},"potentialAction":[{"@type":"SearchAction","target":{"@type":"EntryPoint","urlTemplate":"https:\/\/motionup.com.br\/site\/?s={search_term_string}"},"query-input":{"@type":"PropertyValueSpecification","valueRequired":true,"valueName":"search_term_string"}}],"inLanguage":"pt-BR"},{"@type":"Organization","@id":"https:\/\/motionup.com.br\/site\/#organization","name":"Motion Up","url":"https:\/\/motionup.com.br\/site\/","logo":{"@type":"ImageObject","inLanguage":"pt-BR","@id":"https:\/\/motionup.com.br\/site\/#\/schema\/logo\/image\/","url":"https:\/\/motionup.com.br\/site\/wp-content\/uploads\/2025\/05\/MOTIONUP.png","contentUrl":"https:\/\/motionup.com.br\/site\/wp-content\/uploads\/2025\/05\/MOTIONUP.png","width":1200,"height":601,"caption":"Motion Up"},"image":{"@id":"https:\/\/motionup.com.br\/site\/#\/schema\/logo\/image\/"},"sameAs":["https:\/\/m.facebook.com\/fp3motionup\/about\/","https:\/\/br.linkedin.com\/company\/fpn-controle-e-automao-industrial-ltda"]}]}},"_links":{"self":[{"href":"https:\/\/motionup.com.br\/site\/wp-json\/wp\/v2\/product\/3601","targetHints":{"allow":["GET"]}}],"collection":[{"href":"https:\/\/motionup.com.br\/site\/wp-json\/wp\/v2\/product"}],"about":[{"href":"https:\/\/motionup.com.br\/site\/wp-json\/wp\/v2\/types\/product"}],"wp:featuredmedia":[{"embeddable":true,"href":"https:\/\/motionup.com.br\/site\/wp-json\/wp\/v2\/media\/3602"}],"wp:attachment":[{"href":"https:\/\/motionup.com.br\/site\/wp-json\/wp\/v2\/media?parent=3601"}],"wp:term":[{"taxonomy":"product_brand","embeddable":true,"href":"https:\/\/motionup.com.br\/site\/wp-json\/wp\/v2\/product_brand?post=3601"},{"taxonomy":"product_cat","embeddable":true,"href":"https:\/\/motionup.com.br\/site\/wp-json\/wp\/v2\/product_cat?post=3601"},{"taxonomy":"product_tag","embeddable":true,"href":"https:\/\/motionup.com.br\/site\/wp-json\/wp\/v2\/product_tag?post=3601"}],"curies":[{"name":"wp","href":"https:\/\/api.w.org\/{rel}","templated":true}]}}