{"id":3619,"date":"2021-06-02T10:07:25","date_gmt":"2021-06-02T13:07:25","guid":{"rendered":"https:\/\/motionup.com.br\/site\/?post_type=product&#038;p=3619"},"modified":"2021-06-02T10:15:33","modified_gmt":"2021-06-02T13:15:33","slug":"pm2658-sensor-de-pressao-de-alinhamento-frontal-ifm","status":"publish","type":"product","link":"https:\/\/motionup.com.br\/site\/produto\/pm2658-sensor-de-pressao-de-alinhamento-frontal-ifm\/","title":{"rendered":"PM2658- Sensor de press\u00e3o de alinhamento frontal-IFM"},"content":{"rendered":"<table class=\"pd-table\">\n<tbody>\n<tr>\n<th class=\"pd-table-h1\" colspan=\"2\" scope=\"colgroup\">Caracter\u00edsticas do produto<\/th>\n<\/tr>\n<tr>\n<td>Sinal de sa\u00edda<\/td>\n<td>sinal anal\u00f3gico<\/td>\n<\/tr>\n<tr>\n<td>Alcance de medi\u00e7\u00e3o<\/td>\n<td>\n<table>\n<colgroup class=\"pd-table-cols-2\">\n<col class=\"pd-table-col-1\" \/>\n<col class=\"pd-table-col-2\" \/><\/colgroup>\n<tbody>\n<tr>\n<td>-0,0125&#8230;0,25 bar<\/td>\n<td>-12,5&#8230;250 mbar<\/td>\n<\/tr>\n<\/tbody>\n<\/table>\n<\/td>\n<\/tr>\n<tr>\n<td>Conex\u00e3o de processo<\/td>\n<td>conex\u00e3o da rosca G 1 rosca externa cone de veda\u00e7\u00e3o<\/td>\n<\/tr>\n<tr>\n<th class=\"pd-table-h1\" colspan=\"2\" scope=\"colgroup\">Campo de aplica\u00e7\u00e3o<\/th>\n<\/tr>\n<tr>\n<td>Caracter\u00edstica especial<\/td>\n<td>Contatos banhados a ouro<\/td>\n<\/tr>\n<tr>\n<td>Aplica\u00e7\u00e3o<\/td>\n<td>montagem faceada para a ind\u00fastria aliment\u00edcia e de bebidas<\/td>\n<\/tr>\n<tr>\n<td>Subst\u00e2ncias<\/td>\n<td>Meios pastosos e s\u00f3lidos; fluidos l\u00edquidos e gasosos<\/td>\n<\/tr>\n<tr>\n<td>Temperatura do flu\u00eddo [\u00b0C]<\/td>\n<td>-25&#8230;125; (145 max. 1h)<\/td>\n<\/tr>\n<tr>\n<td>Min. Berstdruck [mbar]<\/td>\n<td>30000<\/td>\n<\/tr>\n<tr>\n<td>Resist\u00eancia \u00e0 press\u00e3o [mbar]<\/td>\n<td>6000<\/td>\n<\/tr>\n<tr>\n<td>Tipo de press\u00e3o<\/td>\n<td>press\u00e3o relativa<\/td>\n<\/tr>\n<tr>\n<td>Para uma estanqueneidade perfeita<\/td>\n<td>sim<\/td>\n<\/tr>\n<tr>\n<th class=\"pd-table-h1\" colspan=\"2\" scope=\"colgroup\">Dados el\u00e9tricos<\/th>\n<\/tr>\n<tr>\n<td>Tens\u00e3o de opera\u00e7\u00e3o [V]<\/td>\n<td>14&#8230;30 DC<\/td>\n<\/tr>\n<tr>\n<td>Resist\u00eancia de isolamento m\u00edn. [M\u03a9]<\/td>\n<td>100; (500 V DC)<\/td>\n<\/tr>\n<tr>\n<td>Classe de prote\u00e7\u00e3o<\/td>\n<td>III<\/td>\n<\/tr>\n<tr>\n<td>Prote\u00e7\u00e3o contra invers\u00e3o de polaridade<\/td>\n<td>sim<\/td>\n<\/tr>\n<tr>\n<th class=\"pd-table-h1\" colspan=\"2\" scope=\"colgroup\">Entradas\/sa\u00eddas<\/th>\n<\/tr>\n<tr>\n<td>Quantidade de entradas e sa\u00eddas<\/td>\n<td>Quantidade de sa\u00eddas anal\u00f3gicas: 1<\/td>\n<\/tr>\n<tr>\n<th class=\"pd-table-h1\" colspan=\"2\" scope=\"colgroup\">Sa\u00eddas<\/th>\n<\/tr>\n<tr>\n<td>Sa\u00eddas totais<\/td>\n<td>1<\/td>\n<\/tr>\n<tr>\n<td>Sinal de sa\u00edda<\/td>\n<td>sinal anal\u00f3gico<\/td>\n<\/tr>\n<tr>\n<td>Quantidade de sa\u00eddas anal\u00f3gicas<\/td>\n<td>1<\/td>\n<\/tr>\n<tr>\n<td>Corrente da sa\u00edda anal\u00f3gica [mA]<\/td>\n<td>4&#8230;20<\/td>\n<\/tr>\n<tr>\n<td>Carga m\u00e1x. [\u03a9]<\/td>\n<td>550; (Ub = 24 V; (Ub &#8211; 13 V) \/ 20 mA)<\/td>\n<\/tr>\n<tr>\n<td>Prote\u00e7\u00e3o contra sobrecarga<\/td>\n<td>sim<\/td>\n<\/tr>\n<tr>\n<th class=\"pd-table-h1\" colspan=\"2\" scope=\"colgroup\">Faixa de medi\u00e7\u00e3o \/ de ajuste<\/th>\n<\/tr>\n<tr>\n<td>Alcance de medi\u00e7\u00e3o<\/td>\n<td>\n<table>\n<colgroup class=\"pd-table-cols-2\">\n<col class=\"pd-table-col-1\" \/>\n<col class=\"pd-table-col-2\" \/><\/colgroup>\n<tbody>\n<tr>\n<td>-0,0125&#8230;0,25 bar<\/td>\n<td>-12,5&#8230;250 mbar<\/td>\n<\/tr>\n<\/tbody>\n<\/table>\n<\/td>\n<\/tr>\n<tr>\n<td>Ponto inicial do sinal anal\u00f3gico [mbar]<\/td>\n<td>-12,5&#8230;100<\/td>\n<\/tr>\n<tr>\n<td>Ponto final do sinal anal\u00f3gico [mbar]<\/td>\n<td>50&#8230;250<\/td>\n<\/tr>\n<tr>\n<td>Em intervalos de [mbar]<\/td>\n<td>0,5<\/td>\n<\/tr>\n<tr>\n<td>Ajuste de f\u00e1brica<\/td>\n<td>\n<table>\n<colgroup class=\"pd-table-cols-3\">\n<col class=\"pd-table-col-1\" \/>\n<col class=\"pd-table-col-2\" \/>\n<col class=\"pd-table-col-3\" \/><\/colgroup>\n<tbody>\n<tr>\n<td><\/td>\n<td>ASP = 0,0 mbar<\/td>\n<td>AEP = 250,0 mbar<\/td>\n<\/tr>\n<\/tbody>\n<\/table>\n<\/td>\n<\/tr>\n<tr>\n<th class=\"pd-table-h1\" colspan=\"2\" scope=\"colgroup\">Precis\u00e3o \/ desvios<\/th>\n<\/tr>\n<tr>\n<td>Repetibilidade [% de dura\u00e7\u00e3o]<\/td>\n<td>&lt; \u00b1 0,1; (nas varia\u00e7\u00f5es de temperatura &lt; 10K; Turn down 1:1)<\/td>\n<\/tr>\n<tr>\n<td>Desvio de caracter\u00edsticas [% de dura\u00e7\u00e3o]<\/td>\n<td>&lt; \u00b1 0,6; (Turn down 1:1 , linearidade, inclusive histerese e repetibilidade , Ajuste do ponto limite conforme a DIN EN IEC 62828-1)<\/td>\n<\/tr>\n<tr>\n<td>Desvio de linearidade [% de dura\u00e7\u00e3o]<\/td>\n<td>&lt; \u00b1 0,5; (Turn down 1:1)<\/td>\n<\/tr>\n<tr>\n<td>Desvio de histerese [% de dura\u00e7\u00e3o]<\/td>\n<td>&lt; \u00b1 0,1; (Turn down 1:1)<\/td>\n<\/tr>\n<tr>\n<td>Estabilidade ao longo do tempo [% de dura\u00e7\u00e3o]<\/td>\n<td>&lt; \u00b1 0,1; (Turn down 1:1; por ano)<\/td>\n<\/tr>\n<tr>\n<td>Coeficiente de temperatura do ponto zero [% de dura\u00e7\u00e3o \/ 10 K]<\/td>\n<td>&lt; \u00b1 0,1; (0&#8230;80 \u00b0C)<\/td>\n<\/tr>\n<tr>\n<td>Coeficiente de temperatura da amplitude [% de dura\u00e7\u00e3o \/ 10 K]<\/td>\n<td>&lt; \u00b1 0,4; (0&#8230;80 \u00b0C)<\/td>\n<\/tr>\n<tr>\n<th class=\"pd-table-h1\" colspan=\"2\" scope=\"colgroup\">Tempos de rea\u00e7\u00e3o<\/th>\n<\/tr>\n<tr>\n<td>Tempo de subida m\u00e1x. da sa\u00edda anal\u00f3gica [ms]<\/td>\n<td>3<\/td>\n<\/tr>\n<tr>\n<th class=\"pd-table-h1\" colspan=\"2\" scope=\"colgroup\">Software \/ programa\u00e7\u00e3o<\/th>\n<\/tr>\n<tr>\n<td>Possibilidades de ajuste dos par\u00e2metros<\/td>\n<td>ponto zero; amplitude<\/td>\n<\/tr>\n<tr>\n<th class=\"pd-table-h1\" colspan=\"2\" scope=\"colgroup\">Interfaces<\/th>\n<\/tr>\n<tr>\n<td>Interface de comunica\u00e7\u00e3o<\/td>\n<td>EPS<\/td>\n<\/tr>\n<tr>\n<th class=\"pd-table-h1\" colspan=\"2\" scope=\"colgroup\">Condi\u00e7\u00f5es ambientais<\/th>\n<\/tr>\n<tr>\n<td>Temperatura ambiente [\u00b0C]<\/td>\n<td>-25&#8230;80<\/td>\n<\/tr>\n<tr>\n<td>Temperatura de armazenamento [\u00b0C]<\/td>\n<td>-40&#8230;100<\/td>\n<\/tr>\n<tr>\n<td>Prote\u00e7\u00e3o<\/td>\n<td>IP 67<\/td>\n<\/tr>\n<tr>\n<th class=\"pd-table-h1\" colspan=\"2\" scope=\"colgroup\">Certifica\u00e7\u00f5es \/ testes<\/th>\n<\/tr>\n<tr>\n<td>EMC<\/td>\n<td>\n<table>\n<colgroup class=\"pd-table-cols-2\">\n<col class=\"pd-table-col-1\" \/>\n<col class=\"pd-table-col-2\" \/><\/colgroup>\n<tbody>\n<tr>\n<td>EN 61000-4-2 ESD<\/td>\n<td>4 kV CD \/ 8 kV AD<\/td>\n<\/tr>\n<tr>\n<td>EN 61000-4-3 HF irradiado<\/td>\n<td>10 V\/m<\/td>\n<\/tr>\n<tr>\n<td>EN 61000-4-4 Burst<\/td>\n<td>2 kV<\/td>\n<\/tr>\n<tr>\n<td>EN 61000-4-6 AF com fio<\/td>\n<td>10 V<\/td>\n<\/tr>\n<\/tbody>\n<\/table>\n<\/td>\n<\/tr>\n<tr>\n<td>Resist\u00eancia a choques<\/td>\n<td>\n<table>\n<colgroup class=\"pd-table-cols-2\">\n<col class=\"pd-table-col-1\" \/>\n<col class=\"pd-table-col-2\" \/><\/colgroup>\n<tbody>\n<tr>\n<td>DIN IEC 68-2-27<\/td>\n<td>50 g (11 ms)<\/td>\n<\/tr>\n<\/tbody>\n<\/table>\n<\/td>\n<\/tr>\n<tr>\n<td>Resist\u00eancia \u00e0 vibra\u00e7\u00f5es<\/td>\n<td>\n<table>\n<colgroup class=\"pd-table-cols-2\">\n<col class=\"pd-table-col-1\" \/>\n<col class=\"pd-table-col-2\" \/><\/colgroup>\n<tbody>\n<tr>\n<td>DIN IEC 68-2-6<\/td>\n<td>20 g (10&#8230;2000 Hz)<\/td>\n<\/tr>\n<\/tbody>\n<\/table>\n<\/td>\n<\/tr>\n<tr>\n<td>MTTF [anos]<\/td>\n<td>271<\/td>\n<\/tr>\n<tr>\n<th class=\"pd-table-h1\" colspan=\"2\" scope=\"colgroup\">Dados mec\u00e2nicos<\/th>\n<\/tr>\n<tr>\n<td>Peso [g]<\/td>\n<td>531,5<\/td>\n<\/tr>\n<tr>\n<td>Materiais<\/td>\n<td>1.4404 (a\u00e7o inoxid\u00e1vel \/ 316L); PEI; FKM<\/td>\n<\/tr>\n<tr>\n<td>Materiais em contato com o flu\u00eddo<\/td>\n<td>cer\u00e2mica (99,9 % Al2 O3); 1.4435 (a\u00e7o inoxid\u00e1vel \/ 316L); caracter\u00edsticas da superf\u00edcie: Ra &lt; 0,4 \/ Rz 4; PTFE<\/td>\n<\/tr>\n<tr>\n<td>Ciclos de press\u00e3o m\u00edn.<\/td>\n<td>100 milh\u00f5es<\/td>\n<\/tr>\n<tr>\n<td>Conex\u00e3o de processo<\/td>\n<td>conex\u00e3o da rosca G 1 rosca externa cone de veda\u00e7\u00e3o<\/td>\n<\/tr>\n<tr>\n<th class=\"pd-table-h1\" colspan=\"2\" scope=\"colgroup\">anzeigen-bedienelemente<\/th>\n<\/tr>\n<tr>\n<th class=\"pd-table-h1\" colspan=\"2\" scope=\"colgroup\">Notas<\/th>\n<\/tr>\n<tr>\n<td>Notas<\/td>\n<td>\n<table>\n<colgroup class=\"pd-table-cols-1\">\n<col class=\"pd-table-col-1\" \/><\/colgroup>\n<tbody>\n<tr>\n<td>A licen\u00e7a 3A somente tem validade com a instala\u00e7\u00e3o de adaptadores que tamb\u00e9m tem a licen\u00e7a 3A.<\/td>\n<\/tr>\n<\/tbody>\n<\/table>\n<\/td>\n<\/tr>\n<tr>\n<td>Quantidade<\/td>\n<td>1 pe\u00e7a<\/td>\n<\/tr>\n<tr>\n<th class=\"pd-table-h1\" colspan=\"2\" scope=\"colgroup\">conex\u00e3o el\u00e9trica<\/th>\n<\/tr>\n<tr>\n<td>Conex\u00e3o<\/td>\n<td>Conex\u00e3o: 1 x M12; Contatos: dourado<\/td>\n<\/tr>\n<\/tbody>\n<\/table>\n","protected":false},"excerpt":{"rendered":"<p>Caracter\u00edsticas do produto Sinal de sa\u00edda sinal anal\u00f3gico Alcance de medi\u00e7\u00e3o -0,0125&#8230;0,25 bar -12,5&#8230;250 mbar Conex\u00e3o de processo conex\u00e3o da rosca G 1 rosca externa cone de veda\u00e7\u00e3o Campo de aplica\u00e7\u00e3o Caracter\u00edstica especial Contatos banhados a ouro Aplica\u00e7\u00e3o montagem faceada para a ind\u00fastria aliment\u00edcia e de bebidas Subst\u00e2ncias Meios pastosos e s\u00f3lidos; fluidos l\u00edquidos e [&hellip;]<\/p>\n","protected":false},"featured_media":3620,"template":"","meta":[],"product_brand":[],"product_cat":[353,96,56],"product_tag":[58,61,57],"class_list":{"0":"post-3619","1":"product","2":"type-product","3":"status-publish","4":"has-post-thumbnail","6":"product_cat-ifm","7":"product_cat-cabos","8":"product_cat-sensores","9":"product_tag-ifm","10":"product_tag-pressao","11":"product_tag-sensor","13":"first","14":"instock","15":"shipping-taxable","16":"product-type-simple"},"yoast_head":"<!-- This site is optimized with the Yoast SEO plugin v26.3 - https:\/\/yoast.com\/wordpress\/plugins\/seo\/ -->\n<title>PM2658- Sensor de press\u00e3o de alinhamento frontal-IFM - Loja Motion Up<\/title>\n<meta name=\"robots\" content=\"index, follow, max-snippet:-1, max-image-preview:large, max-video-preview:-1\" \/>\n<link rel=\"canonical\" href=\"https:\/\/motionup.com.br\/site\/produto\/pm2658-sensor-de-pressao-de-alinhamento-frontal-ifm\/\" \/>\n<meta property=\"og:locale\" content=\"pt_BR\" \/>\n<meta property=\"og:type\" content=\"article\" \/>\n<meta property=\"og:title\" content=\"PM2658- Sensor de press\u00e3o de alinhamento frontal-IFM - Loja Motion Up\" \/>\n<meta property=\"og:description\" content=\"Caracter\u00edsticas do produto Sinal de sa\u00edda sinal anal\u00f3gico Alcance de medi\u00e7\u00e3o -0,0125&#8230;0,25 bar -12,5&#8230;250 mbar Conex\u00e3o de processo conex\u00e3o da rosca G 1 rosca externa cone de veda\u00e7\u00e3o Campo de aplica\u00e7\u00e3o Caracter\u00edstica especial Contatos banhados a ouro Aplica\u00e7\u00e3o montagem faceada para a ind\u00fastria aliment\u00edcia e de bebidas Subst\u00e2ncias Meios pastosos e s\u00f3lidos; fluidos l\u00edquidos e [&hellip;]\" \/>\n<meta property=\"og:url\" content=\"https:\/\/motionup.com.br\/site\/produto\/pm2658-sensor-de-pressao-de-alinhamento-frontal-ifm\/\" \/>\n<meta property=\"og:site_name\" content=\"Loja Motion Up\" \/>\n<meta property=\"article:publisher\" content=\"https:\/\/m.facebook.com\/fp3motionup\/about\/\" \/>\n<meta property=\"article:modified_time\" content=\"2021-06-02T13:15:33+00:00\" \/>\n<meta property=\"og:image\" content=\"https:\/\/motionup.com.br\/site\/wp-content\/uploads\/2021\/06\/P_F_E_W_500_0030_PM2658_01.jpg\" \/>\n\t<meta property=\"og:image:width\" content=\"1200\" \/>\n\t<meta property=\"og:image:height\" content=\"1200\" \/>\n\t<meta property=\"og:image:type\" content=\"image\/jpeg\" \/>\n<meta name=\"twitter:card\" content=\"summary_large_image\" \/>\n<meta name=\"twitter:label1\" content=\"Est. tempo de leitura\" \/>\n\t<meta name=\"twitter:data1\" content=\"3 minutos\" \/>\n<script type=\"application\/ld+json\" class=\"yoast-schema-graph\">{\"@context\":\"https:\/\/schema.org\",\"@graph\":[{\"@type\":\"WebPage\",\"@id\":\"https:\/\/motionup.com.br\/site\/produto\/pm2658-sensor-de-pressao-de-alinhamento-frontal-ifm\/\",\"url\":\"https:\/\/motionup.com.br\/site\/produto\/pm2658-sensor-de-pressao-de-alinhamento-frontal-ifm\/\",\"name\":\"PM2658- Sensor de press\u00e3o de alinhamento frontal-IFM - Loja Motion Up\",\"isPartOf\":{\"@id\":\"https:\/\/motionup.com.br\/site\/#website\"},\"primaryImageOfPage\":{\"@id\":\"https:\/\/motionup.com.br\/site\/produto\/pm2658-sensor-de-pressao-de-alinhamento-frontal-ifm\/#primaryimage\"},\"image\":{\"@id\":\"https:\/\/motionup.com.br\/site\/produto\/pm2658-sensor-de-pressao-de-alinhamento-frontal-ifm\/#primaryimage\"},\"thumbnailUrl\":\"https:\/\/motionup.com.br\/site\/wp-content\/uploads\/2021\/06\/P_F_E_W_500_0030_PM2658_01.jpg\",\"datePublished\":\"2021-06-02T13:07:25+00:00\",\"dateModified\":\"2021-06-02T13:15:33+00:00\",\"breadcrumb\":{\"@id\":\"https:\/\/motionup.com.br\/site\/produto\/pm2658-sensor-de-pressao-de-alinhamento-frontal-ifm\/#breadcrumb\"},\"inLanguage\":\"pt-BR\",\"potentialAction\":[{\"@type\":\"ReadAction\",\"target\":[\"https:\/\/motionup.com.br\/site\/produto\/pm2658-sensor-de-pressao-de-alinhamento-frontal-ifm\/\"]}]},{\"@type\":\"ImageObject\",\"inLanguage\":\"pt-BR\",\"@id\":\"https:\/\/motionup.com.br\/site\/produto\/pm2658-sensor-de-pressao-de-alinhamento-frontal-ifm\/#primaryimage\",\"url\":\"https:\/\/motionup.com.br\/site\/wp-content\/uploads\/2021\/06\/P_F_E_W_500_0030_PM2658_01.jpg\",\"contentUrl\":\"https:\/\/motionup.com.br\/site\/wp-content\/uploads\/2021\/06\/P_F_E_W_500_0030_PM2658_01.jpg\",\"width\":1200,\"height\":1200},{\"@type\":\"BreadcrumbList\",\"@id\":\"https:\/\/motionup.com.br\/site\/produto\/pm2658-sensor-de-pressao-de-alinhamento-frontal-ifm\/#breadcrumb\",\"itemListElement\":[{\"@type\":\"ListItem\",\"position\":1,\"name\":\"In\u00edcio\",\"item\":\"https:\/\/motionup.com.br\/site\/\"},{\"@type\":\"ListItem\",\"position\":2,\"name\":\"Produtos\",\"item\":\"https:\/\/motionup.com.br\/site\/produtos\/\"},{\"@type\":\"ListItem\",\"position\":3,\"name\":\"PM2658- Sensor de press\u00e3o de alinhamento frontal-IFM\"}]},{\"@type\":\"WebSite\",\"@id\":\"https:\/\/motionup.com.br\/site\/#website\",\"url\":\"https:\/\/motionup.com.br\/site\/\",\"name\":\"Motion Up\",\"description\":\"E-commerce Motion Up - Automa\u00e7\u00e3o Industrial\",\"publisher\":{\"@id\":\"https:\/\/motionup.com.br\/site\/#organization\"},\"potentialAction\":[{\"@type\":\"SearchAction\",\"target\":{\"@type\":\"EntryPoint\",\"urlTemplate\":\"https:\/\/motionup.com.br\/site\/?s={search_term_string}\"},\"query-input\":{\"@type\":\"PropertyValueSpecification\",\"valueRequired\":true,\"valueName\":\"search_term_string\"}}],\"inLanguage\":\"pt-BR\"},{\"@type\":\"Organization\",\"@id\":\"https:\/\/motionup.com.br\/site\/#organization\",\"name\":\"Motion Up\",\"url\":\"https:\/\/motionup.com.br\/site\/\",\"logo\":{\"@type\":\"ImageObject\",\"inLanguage\":\"pt-BR\",\"@id\":\"https:\/\/motionup.com.br\/site\/#\/schema\/logo\/image\/\",\"url\":\"https:\/\/motionup.com.br\/site\/wp-content\/uploads\/2025\/05\/MOTIONUP.png\",\"contentUrl\":\"https:\/\/motionup.com.br\/site\/wp-content\/uploads\/2025\/05\/MOTIONUP.png\",\"width\":1200,\"height\":601,\"caption\":\"Motion Up\"},\"image\":{\"@id\":\"https:\/\/motionup.com.br\/site\/#\/schema\/logo\/image\/\"},\"sameAs\":[\"https:\/\/m.facebook.com\/fp3motionup\/about\/\",\"https:\/\/br.linkedin.com\/company\/fpn-controle-e-automao-industrial-ltda\"]}]}<\/script>\n<!-- \/ Yoast SEO plugin. -->","yoast_head_json":{"title":"PM2658- Sensor de press\u00e3o de alinhamento frontal-IFM - Loja Motion Up","robots":{"index":"index","follow":"follow","max-snippet":"max-snippet:-1","max-image-preview":"max-image-preview:large","max-video-preview":"max-video-preview:-1"},"canonical":"https:\/\/motionup.com.br\/site\/produto\/pm2658-sensor-de-pressao-de-alinhamento-frontal-ifm\/","og_locale":"pt_BR","og_type":"article","og_title":"PM2658- Sensor de press\u00e3o de alinhamento frontal-IFM - Loja Motion Up","og_description":"Caracter\u00edsticas do produto Sinal de sa\u00edda sinal anal\u00f3gico Alcance de medi\u00e7\u00e3o -0,0125&#8230;0,25 bar -12,5&#8230;250 mbar Conex\u00e3o de processo conex\u00e3o da rosca G 1 rosca externa cone de veda\u00e7\u00e3o Campo de aplica\u00e7\u00e3o Caracter\u00edstica especial Contatos banhados a ouro Aplica\u00e7\u00e3o montagem faceada para a ind\u00fastria aliment\u00edcia e de bebidas Subst\u00e2ncias Meios pastosos e s\u00f3lidos; fluidos l\u00edquidos e [&hellip;]","og_url":"https:\/\/motionup.com.br\/site\/produto\/pm2658-sensor-de-pressao-de-alinhamento-frontal-ifm\/","og_site_name":"Loja Motion Up","article_publisher":"https:\/\/m.facebook.com\/fp3motionup\/about\/","article_modified_time":"2021-06-02T13:15:33+00:00","og_image":[{"width":1200,"height":1200,"url":"https:\/\/motionup.com.br\/site\/wp-content\/uploads\/2021\/06\/P_F_E_W_500_0030_PM2658_01.jpg","type":"image\/jpeg"}],"twitter_card":"summary_large_image","twitter_misc":{"Est. tempo de leitura":"3 minutos"},"schema":{"@context":"https:\/\/schema.org","@graph":[{"@type":"WebPage","@id":"https:\/\/motionup.com.br\/site\/produto\/pm2658-sensor-de-pressao-de-alinhamento-frontal-ifm\/","url":"https:\/\/motionup.com.br\/site\/produto\/pm2658-sensor-de-pressao-de-alinhamento-frontal-ifm\/","name":"PM2658- Sensor de press\u00e3o de alinhamento frontal-IFM - Loja Motion Up","isPartOf":{"@id":"https:\/\/motionup.com.br\/site\/#website"},"primaryImageOfPage":{"@id":"https:\/\/motionup.com.br\/site\/produto\/pm2658-sensor-de-pressao-de-alinhamento-frontal-ifm\/#primaryimage"},"image":{"@id":"https:\/\/motionup.com.br\/site\/produto\/pm2658-sensor-de-pressao-de-alinhamento-frontal-ifm\/#primaryimage"},"thumbnailUrl":"https:\/\/motionup.com.br\/site\/wp-content\/uploads\/2021\/06\/P_F_E_W_500_0030_PM2658_01.jpg","datePublished":"2021-06-02T13:07:25+00:00","dateModified":"2021-06-02T13:15:33+00:00","breadcrumb":{"@id":"https:\/\/motionup.com.br\/site\/produto\/pm2658-sensor-de-pressao-de-alinhamento-frontal-ifm\/#breadcrumb"},"inLanguage":"pt-BR","potentialAction":[{"@type":"ReadAction","target":["https:\/\/motionup.com.br\/site\/produto\/pm2658-sensor-de-pressao-de-alinhamento-frontal-ifm\/"]}]},{"@type":"ImageObject","inLanguage":"pt-BR","@id":"https:\/\/motionup.com.br\/site\/produto\/pm2658-sensor-de-pressao-de-alinhamento-frontal-ifm\/#primaryimage","url":"https:\/\/motionup.com.br\/site\/wp-content\/uploads\/2021\/06\/P_F_E_W_500_0030_PM2658_01.jpg","contentUrl":"https:\/\/motionup.com.br\/site\/wp-content\/uploads\/2021\/06\/P_F_E_W_500_0030_PM2658_01.jpg","width":1200,"height":1200},{"@type":"BreadcrumbList","@id":"https:\/\/motionup.com.br\/site\/produto\/pm2658-sensor-de-pressao-de-alinhamento-frontal-ifm\/#breadcrumb","itemListElement":[{"@type":"ListItem","position":1,"name":"In\u00edcio","item":"https:\/\/motionup.com.br\/site\/"},{"@type":"ListItem","position":2,"name":"Produtos","item":"https:\/\/motionup.com.br\/site\/produtos\/"},{"@type":"ListItem","position":3,"name":"PM2658- Sensor de press\u00e3o de alinhamento frontal-IFM"}]},{"@type":"WebSite","@id":"https:\/\/motionup.com.br\/site\/#website","url":"https:\/\/motionup.com.br\/site\/","name":"Motion Up","description":"E-commerce Motion Up - Automa\u00e7\u00e3o Industrial","publisher":{"@id":"https:\/\/motionup.com.br\/site\/#organization"},"potentialAction":[{"@type":"SearchAction","target":{"@type":"EntryPoint","urlTemplate":"https:\/\/motionup.com.br\/site\/?s={search_term_string}"},"query-input":{"@type":"PropertyValueSpecification","valueRequired":true,"valueName":"search_term_string"}}],"inLanguage":"pt-BR"},{"@type":"Organization","@id":"https:\/\/motionup.com.br\/site\/#organization","name":"Motion Up","url":"https:\/\/motionup.com.br\/site\/","logo":{"@type":"ImageObject","inLanguage":"pt-BR","@id":"https:\/\/motionup.com.br\/site\/#\/schema\/logo\/image\/","url":"https:\/\/motionup.com.br\/site\/wp-content\/uploads\/2025\/05\/MOTIONUP.png","contentUrl":"https:\/\/motionup.com.br\/site\/wp-content\/uploads\/2025\/05\/MOTIONUP.png","width":1200,"height":601,"caption":"Motion Up"},"image":{"@id":"https:\/\/motionup.com.br\/site\/#\/schema\/logo\/image\/"},"sameAs":["https:\/\/m.facebook.com\/fp3motionup\/about\/","https:\/\/br.linkedin.com\/company\/fpn-controle-e-automao-industrial-ltda"]}]}},"_links":{"self":[{"href":"https:\/\/motionup.com.br\/site\/wp-json\/wp\/v2\/product\/3619","targetHints":{"allow":["GET"]}}],"collection":[{"href":"https:\/\/motionup.com.br\/site\/wp-json\/wp\/v2\/product"}],"about":[{"href":"https:\/\/motionup.com.br\/site\/wp-json\/wp\/v2\/types\/product"}],"wp:featuredmedia":[{"embeddable":true,"href":"https:\/\/motionup.com.br\/site\/wp-json\/wp\/v2\/media\/3620"}],"wp:attachment":[{"href":"https:\/\/motionup.com.br\/site\/wp-json\/wp\/v2\/media?parent=3619"}],"wp:term":[{"taxonomy":"product_brand","embeddable":true,"href":"https:\/\/motionup.com.br\/site\/wp-json\/wp\/v2\/product_brand?post=3619"},{"taxonomy":"product_cat","embeddable":true,"href":"https:\/\/motionup.com.br\/site\/wp-json\/wp\/v2\/product_cat?post=3619"},{"taxonomy":"product_tag","embeddable":true,"href":"https:\/\/motionup.com.br\/site\/wp-json\/wp\/v2\/product_tag?post=3619"}],"curies":[{"name":"wp","href":"https:\/\/api.w.org\/{rel}","templated":true}]}}