{"id":3630,"date":"2021-06-02T13:20:31","date_gmt":"2021-06-02T16:20:31","guid":{"rendered":"https:\/\/motionup.com.br\/site\/?post_type=product&#038;p=3630"},"modified":"2024-01-02T09:32:31","modified_gmt":"2024-01-02T12:32:31","slug":"vkv021-monitor-de-vibracoes-com-ajuste-intuitivo-do-ponto-de-comutacao-ifm","status":"publish","type":"product","link":"https:\/\/motionup.com.br\/site\/produto\/vkv021-monitor-de-vibracoes-com-ajuste-intuitivo-do-ponto-de-comutacao-ifm\/","title":{"rendered":"VKV021 &#8211; MONITOR DE VIBRA\u00c7\u00d5ES COM AJUSTE INTUITIVO DO PONTO DE COMUTA\u00c7\u00c3O &#8211; VIBRA\u00c7\u00c3O: 0&#8230;25mm\/s &#8211; IFM"},"content":{"rendered":"<p>VKV021 &#8211; MONITOR DE VIBRA\u00c7\u00d5ES COM AJUSTE INTUITIVO DO PONTO DE COMUTA\u00c7\u00c3O &#8211; VIBRA\u00c7\u00c3O: 0&#8230;25mm\/s &#8211; IFM<\/p>\n<p>Consulte um vendedor e solicite um or\u00e7amento<\/p>\n<p>vendas@motionup.com.br<\/p>\n<p>motionup@motionup.com.br<\/p>\n<hr \/>\n<ul class=\"bulletpoint-list__entries\">\n<li>Monitoramento permanente confi\u00e1vel da vibra\u00e7\u00e3o total conforme DIN ISO 10816<\/li>\n<li>Sa\u00edda de comuta\u00e7\u00e3o com ponto de comuta\u00e7\u00e3o ajust\u00e1vel e atua\u00e7\u00e3o retardada<\/li>\n<li>F\u00e1cil ajuste do ponto de comuta\u00e7\u00e3o com dois an\u00e9is de ajuste que podem ser lidos de forma ideal<\/li>\n<li>Com sa\u00edda de corrente anal\u00f3gica para a emiss\u00e3o da velocidade de vibra\u00e7\u00e3o<\/li>\n<li>LEDs bem vis\u00edveis para indica\u00e7\u00e3o do estado de comuta\u00e7\u00e3o e da opera\u00e7\u00e3o<\/li>\n<\/ul>\n<blockquote><p><strong>CARACTERISTICAS DO PRODUTO<\/strong><\/p><\/blockquote>\n<ul>\n<li>Vibra\u00e7\u00e3o da \u00e1rea de medi\u00e7\u00e3o [mm\/s] &#8212;&gt; 0&#8230;25; (RMS)<\/li>\n<li>Faixa de freq\u00fc\u00eancia [Hz] &#8212;&gt; 10&#8230;1000<\/li>\n<\/ul>\n","protected":false},"excerpt":{"rendered":"<p>VKV021 &#8211; MONITOR DE VIBRA\u00c7\u00d5ES COM AJUSTE INTUITIVO DO PONTO DE COMUTA\u00c7\u00c3O &#8211; VIBRA\u00c7\u00c3O: 0&#8230;25mm\/s &#8211; IFM Consulte um vendedor e solicite um or\u00e7amento vendas@motionup.com.br motionup@motionup.com.br Monitoramento permanente confi\u00e1vel da vibra\u00e7\u00e3o total conforme DIN ISO 10816 Sa\u00edda de comuta\u00e7\u00e3o com ponto de comuta\u00e7\u00e3o ajust\u00e1vel e atua\u00e7\u00e3o retardada F\u00e1cil ajuste do ponto de comuta\u00e7\u00e3o com dois [&hellip;]<\/p>\n","protected":false},"featured_media":3631,"template":"","meta":[],"product_brand":[],"product_cat":[353,56,372],"product_tag":[],"class_list":{"0":"post-3630","1":"product","2":"type-product","3":"status-publish","4":"has-post-thumbnail","6":"product_cat-ifm","7":"product_cat-sensores","8":"product_cat-transmissores-de-vibracao","10":"first","11":"onbackorder","12":"shipping-taxable","13":"product-type-simple"},"yoast_head":"<!-- This site is optimized with the Yoast SEO plugin v26.3 - https:\/\/yoast.com\/wordpress\/plugins\/seo\/ -->\n<title>VKV021 - MONITOR DE VIBRA\u00c7\u00d5ES COM AJUSTE INTUITIVO DO PONTO DE COMUTA\u00c7\u00c3O - VIBRA\u00c7\u00c3O: 0...25mm\/s - IFM - Loja Motion Up<\/title>\n<meta name=\"robots\" content=\"index, follow, max-snippet:-1, max-image-preview:large, max-video-preview:-1\" \/>\n<link rel=\"canonical\" href=\"https:\/\/motionup.com.br\/site\/produto\/vkv021-monitor-de-vibracoes-com-ajuste-intuitivo-do-ponto-de-comutacao-ifm\/\" \/>\n<meta property=\"og:locale\" content=\"pt_BR\" \/>\n<meta property=\"og:type\" content=\"article\" \/>\n<meta property=\"og:title\" content=\"VKV021 - MONITOR DE VIBRA\u00c7\u00d5ES COM AJUSTE INTUITIVO DO PONTO DE COMUTA\u00c7\u00c3O - VIBRA\u00c7\u00c3O: 0...25mm\/s - IFM - Loja Motion Up\" \/>\n<meta property=\"og:description\" content=\"VKV021 &#8211; MONITOR DE VIBRA\u00c7\u00d5ES COM AJUSTE INTUITIVO DO PONTO DE COMUTA\u00c7\u00c3O &#8211; VIBRA\u00c7\u00c3O: 0&#8230;25mm\/s &#8211; IFM Consulte um vendedor e solicite um or\u00e7amento vendas@motionup.com.br motionup@motionup.com.br Monitoramento permanente confi\u00e1vel da vibra\u00e7\u00e3o total conforme DIN ISO 10816 Sa\u00edda de comuta\u00e7\u00e3o com ponto de comuta\u00e7\u00e3o ajust\u00e1vel e atua\u00e7\u00e3o retardada F\u00e1cil ajuste do ponto de comuta\u00e7\u00e3o com dois [&hellip;]\" \/>\n<meta property=\"og:url\" content=\"https:\/\/motionup.com.br\/site\/produto\/vkv021-monitor-de-vibracoes-com-ajuste-intuitivo-do-ponto-de-comutacao-ifm\/\" \/>\n<meta property=\"og:site_name\" content=\"Loja Motion Up\" \/>\n<meta property=\"article:publisher\" content=\"https:\/\/m.facebook.com\/fp3motionup\/about\/\" \/>\n<meta property=\"article:modified_time\" content=\"2024-01-02T12:32:31+00:00\" \/>\n<meta property=\"og:image\" content=\"https:\/\/motionup.com.br\/site\/wp-content\/uploads\/2021\/06\/P_F_E_W_800_0011_VKV021_01.jpg\" \/>\n\t<meta property=\"og:image:width\" content=\"1200\" \/>\n\t<meta property=\"og:image:height\" content=\"1200\" \/>\n\t<meta property=\"og:image:type\" content=\"image\/jpeg\" \/>\n<meta name=\"twitter:card\" content=\"summary_large_image\" \/>\n<meta name=\"twitter:label1\" content=\"Est. tempo de leitura\" \/>\n\t<meta name=\"twitter:data1\" content=\"1 minuto\" \/>\n<script type=\"application\/ld+json\" class=\"yoast-schema-graph\">{\"@context\":\"https:\/\/schema.org\",\"@graph\":[{\"@type\":\"WebPage\",\"@id\":\"https:\/\/motionup.com.br\/site\/produto\/vkv021-monitor-de-vibracoes-com-ajuste-intuitivo-do-ponto-de-comutacao-ifm\/\",\"url\":\"https:\/\/motionup.com.br\/site\/produto\/vkv021-monitor-de-vibracoes-com-ajuste-intuitivo-do-ponto-de-comutacao-ifm\/\",\"name\":\"VKV021 - MONITOR DE VIBRA\u00c7\u00d5ES COM AJUSTE INTUITIVO DO PONTO DE COMUTA\u00c7\u00c3O - VIBRA\u00c7\u00c3O: 0...25mm\/s - IFM - Loja Motion Up\",\"isPartOf\":{\"@id\":\"https:\/\/motionup.com.br\/site\/#website\"},\"primaryImageOfPage\":{\"@id\":\"https:\/\/motionup.com.br\/site\/produto\/vkv021-monitor-de-vibracoes-com-ajuste-intuitivo-do-ponto-de-comutacao-ifm\/#primaryimage\"},\"image\":{\"@id\":\"https:\/\/motionup.com.br\/site\/produto\/vkv021-monitor-de-vibracoes-com-ajuste-intuitivo-do-ponto-de-comutacao-ifm\/#primaryimage\"},\"thumbnailUrl\":\"https:\/\/motionup.com.br\/site\/wp-content\/uploads\/2021\/06\/P_F_E_W_800_0011_VKV021_01.jpg\",\"datePublished\":\"2021-06-02T16:20:31+00:00\",\"dateModified\":\"2024-01-02T12:32:31+00:00\",\"breadcrumb\":{\"@id\":\"https:\/\/motionup.com.br\/site\/produto\/vkv021-monitor-de-vibracoes-com-ajuste-intuitivo-do-ponto-de-comutacao-ifm\/#breadcrumb\"},\"inLanguage\":\"pt-BR\",\"potentialAction\":[{\"@type\":\"ReadAction\",\"target\":[\"https:\/\/motionup.com.br\/site\/produto\/vkv021-monitor-de-vibracoes-com-ajuste-intuitivo-do-ponto-de-comutacao-ifm\/\"]}]},{\"@type\":\"ImageObject\",\"inLanguage\":\"pt-BR\",\"@id\":\"https:\/\/motionup.com.br\/site\/produto\/vkv021-monitor-de-vibracoes-com-ajuste-intuitivo-do-ponto-de-comutacao-ifm\/#primaryimage\",\"url\":\"https:\/\/motionup.com.br\/site\/wp-content\/uploads\/2021\/06\/P_F_E_W_800_0011_VKV021_01.jpg\",\"contentUrl\":\"https:\/\/motionup.com.br\/site\/wp-content\/uploads\/2021\/06\/P_F_E_W_800_0011_VKV021_01.jpg\",\"width\":1200,\"height\":1200},{\"@type\":\"BreadcrumbList\",\"@id\":\"https:\/\/motionup.com.br\/site\/produto\/vkv021-monitor-de-vibracoes-com-ajuste-intuitivo-do-ponto-de-comutacao-ifm\/#breadcrumb\",\"itemListElement\":[{\"@type\":\"ListItem\",\"position\":1,\"name\":\"In\u00edcio\",\"item\":\"https:\/\/motionup.com.br\/site\/\"},{\"@type\":\"ListItem\",\"position\":2,\"name\":\"Produtos\",\"item\":\"https:\/\/motionup.com.br\/site\/produtos\/\"},{\"@type\":\"ListItem\",\"position\":3,\"name\":\"VKV021 &#8211; MONITOR DE VIBRA\u00c7\u00d5ES COM AJUSTE INTUITIVO DO PONTO DE COMUTA\u00c7\u00c3O &#8211; VIBRA\u00c7\u00c3O: 0&#8230;25mm\/s &#8211; IFM\"}]},{\"@type\":\"WebSite\",\"@id\":\"https:\/\/motionup.com.br\/site\/#website\",\"url\":\"https:\/\/motionup.com.br\/site\/\",\"name\":\"Motion Up\",\"description\":\"E-commerce Motion Up - Automa\u00e7\u00e3o Industrial\",\"publisher\":{\"@id\":\"https:\/\/motionup.com.br\/site\/#organization\"},\"potentialAction\":[{\"@type\":\"SearchAction\",\"target\":{\"@type\":\"EntryPoint\",\"urlTemplate\":\"https:\/\/motionup.com.br\/site\/?s={search_term_string}\"},\"query-input\":{\"@type\":\"PropertyValueSpecification\",\"valueRequired\":true,\"valueName\":\"search_term_string\"}}],\"inLanguage\":\"pt-BR\"},{\"@type\":\"Organization\",\"@id\":\"https:\/\/motionup.com.br\/site\/#organization\",\"name\":\"Motion Up\",\"url\":\"https:\/\/motionup.com.br\/site\/\",\"logo\":{\"@type\":\"ImageObject\",\"inLanguage\":\"pt-BR\",\"@id\":\"https:\/\/motionup.com.br\/site\/#\/schema\/logo\/image\/\",\"url\":\"https:\/\/motionup.com.br\/site\/wp-content\/uploads\/2025\/05\/MOTIONUP.png\",\"contentUrl\":\"https:\/\/motionup.com.br\/site\/wp-content\/uploads\/2025\/05\/MOTIONUP.png\",\"width\":1200,\"height\":601,\"caption\":\"Motion Up\"},\"image\":{\"@id\":\"https:\/\/motionup.com.br\/site\/#\/schema\/logo\/image\/\"},\"sameAs\":[\"https:\/\/m.facebook.com\/fp3motionup\/about\/\",\"https:\/\/br.linkedin.com\/company\/fpn-controle-e-automao-industrial-ltda\"]}]}<\/script>\n<!-- \/ Yoast SEO plugin. -->","yoast_head_json":{"title":"VKV021 - MONITOR DE VIBRA\u00c7\u00d5ES COM AJUSTE INTUITIVO DO PONTO DE COMUTA\u00c7\u00c3O - VIBRA\u00c7\u00c3O: 0...25mm\/s - IFM - Loja Motion Up","robots":{"index":"index","follow":"follow","max-snippet":"max-snippet:-1","max-image-preview":"max-image-preview:large","max-video-preview":"max-video-preview:-1"},"canonical":"https:\/\/motionup.com.br\/site\/produto\/vkv021-monitor-de-vibracoes-com-ajuste-intuitivo-do-ponto-de-comutacao-ifm\/","og_locale":"pt_BR","og_type":"article","og_title":"VKV021 - MONITOR DE VIBRA\u00c7\u00d5ES COM AJUSTE INTUITIVO DO PONTO DE COMUTA\u00c7\u00c3O - VIBRA\u00c7\u00c3O: 0...25mm\/s - IFM - Loja Motion Up","og_description":"VKV021 &#8211; MONITOR DE VIBRA\u00c7\u00d5ES COM AJUSTE INTUITIVO DO PONTO DE COMUTA\u00c7\u00c3O &#8211; VIBRA\u00c7\u00c3O: 0&#8230;25mm\/s &#8211; IFM Consulte um vendedor e solicite um or\u00e7amento vendas@motionup.com.br motionup@motionup.com.br Monitoramento permanente confi\u00e1vel da vibra\u00e7\u00e3o total conforme DIN ISO 10816 Sa\u00edda de comuta\u00e7\u00e3o com ponto de comuta\u00e7\u00e3o ajust\u00e1vel e atua\u00e7\u00e3o retardada F\u00e1cil ajuste do ponto de comuta\u00e7\u00e3o com dois [&hellip;]","og_url":"https:\/\/motionup.com.br\/site\/produto\/vkv021-monitor-de-vibracoes-com-ajuste-intuitivo-do-ponto-de-comutacao-ifm\/","og_site_name":"Loja Motion Up","article_publisher":"https:\/\/m.facebook.com\/fp3motionup\/about\/","article_modified_time":"2024-01-02T12:32:31+00:00","og_image":[{"width":1200,"height":1200,"url":"https:\/\/motionup.com.br\/site\/wp-content\/uploads\/2021\/06\/P_F_E_W_800_0011_VKV021_01.jpg","type":"image\/jpeg"}],"twitter_card":"summary_large_image","twitter_misc":{"Est. tempo de leitura":"1 minuto"},"schema":{"@context":"https:\/\/schema.org","@graph":[{"@type":"WebPage","@id":"https:\/\/motionup.com.br\/site\/produto\/vkv021-monitor-de-vibracoes-com-ajuste-intuitivo-do-ponto-de-comutacao-ifm\/","url":"https:\/\/motionup.com.br\/site\/produto\/vkv021-monitor-de-vibracoes-com-ajuste-intuitivo-do-ponto-de-comutacao-ifm\/","name":"VKV021 - MONITOR DE VIBRA\u00c7\u00d5ES COM AJUSTE INTUITIVO DO PONTO DE COMUTA\u00c7\u00c3O - VIBRA\u00c7\u00c3O: 0...25mm\/s - IFM - Loja Motion Up","isPartOf":{"@id":"https:\/\/motionup.com.br\/site\/#website"},"primaryImageOfPage":{"@id":"https:\/\/motionup.com.br\/site\/produto\/vkv021-monitor-de-vibracoes-com-ajuste-intuitivo-do-ponto-de-comutacao-ifm\/#primaryimage"},"image":{"@id":"https:\/\/motionup.com.br\/site\/produto\/vkv021-monitor-de-vibracoes-com-ajuste-intuitivo-do-ponto-de-comutacao-ifm\/#primaryimage"},"thumbnailUrl":"https:\/\/motionup.com.br\/site\/wp-content\/uploads\/2021\/06\/P_F_E_W_800_0011_VKV021_01.jpg","datePublished":"2021-06-02T16:20:31+00:00","dateModified":"2024-01-02T12:32:31+00:00","breadcrumb":{"@id":"https:\/\/motionup.com.br\/site\/produto\/vkv021-monitor-de-vibracoes-com-ajuste-intuitivo-do-ponto-de-comutacao-ifm\/#breadcrumb"},"inLanguage":"pt-BR","potentialAction":[{"@type":"ReadAction","target":["https:\/\/motionup.com.br\/site\/produto\/vkv021-monitor-de-vibracoes-com-ajuste-intuitivo-do-ponto-de-comutacao-ifm\/"]}]},{"@type":"ImageObject","inLanguage":"pt-BR","@id":"https:\/\/motionup.com.br\/site\/produto\/vkv021-monitor-de-vibracoes-com-ajuste-intuitivo-do-ponto-de-comutacao-ifm\/#primaryimage","url":"https:\/\/motionup.com.br\/site\/wp-content\/uploads\/2021\/06\/P_F_E_W_800_0011_VKV021_01.jpg","contentUrl":"https:\/\/motionup.com.br\/site\/wp-content\/uploads\/2021\/06\/P_F_E_W_800_0011_VKV021_01.jpg","width":1200,"height":1200},{"@type":"BreadcrumbList","@id":"https:\/\/motionup.com.br\/site\/produto\/vkv021-monitor-de-vibracoes-com-ajuste-intuitivo-do-ponto-de-comutacao-ifm\/#breadcrumb","itemListElement":[{"@type":"ListItem","position":1,"name":"In\u00edcio","item":"https:\/\/motionup.com.br\/site\/"},{"@type":"ListItem","position":2,"name":"Produtos","item":"https:\/\/motionup.com.br\/site\/produtos\/"},{"@type":"ListItem","position":3,"name":"VKV021 &#8211; MONITOR DE VIBRA\u00c7\u00d5ES COM AJUSTE INTUITIVO DO PONTO DE COMUTA\u00c7\u00c3O &#8211; VIBRA\u00c7\u00c3O: 0&#8230;25mm\/s &#8211; IFM"}]},{"@type":"WebSite","@id":"https:\/\/motionup.com.br\/site\/#website","url":"https:\/\/motionup.com.br\/site\/","name":"Motion Up","description":"E-commerce Motion Up - Automa\u00e7\u00e3o Industrial","publisher":{"@id":"https:\/\/motionup.com.br\/site\/#organization"},"potentialAction":[{"@type":"SearchAction","target":{"@type":"EntryPoint","urlTemplate":"https:\/\/motionup.com.br\/site\/?s={search_term_string}"},"query-input":{"@type":"PropertyValueSpecification","valueRequired":true,"valueName":"search_term_string"}}],"inLanguage":"pt-BR"},{"@type":"Organization","@id":"https:\/\/motionup.com.br\/site\/#organization","name":"Motion Up","url":"https:\/\/motionup.com.br\/site\/","logo":{"@type":"ImageObject","inLanguage":"pt-BR","@id":"https:\/\/motionup.com.br\/site\/#\/schema\/logo\/image\/","url":"https:\/\/motionup.com.br\/site\/wp-content\/uploads\/2025\/05\/MOTIONUP.png","contentUrl":"https:\/\/motionup.com.br\/site\/wp-content\/uploads\/2025\/05\/MOTIONUP.png","width":1200,"height":601,"caption":"Motion Up"},"image":{"@id":"https:\/\/motionup.com.br\/site\/#\/schema\/logo\/image\/"},"sameAs":["https:\/\/m.facebook.com\/fp3motionup\/about\/","https:\/\/br.linkedin.com\/company\/fpn-controle-e-automao-industrial-ltda"]}]}},"_links":{"self":[{"href":"https:\/\/motionup.com.br\/site\/wp-json\/wp\/v2\/product\/3630","targetHints":{"allow":["GET"]}}],"collection":[{"href":"https:\/\/motionup.com.br\/site\/wp-json\/wp\/v2\/product"}],"about":[{"href":"https:\/\/motionup.com.br\/site\/wp-json\/wp\/v2\/types\/product"}],"wp:featuredmedia":[{"embeddable":true,"href":"https:\/\/motionup.com.br\/site\/wp-json\/wp\/v2\/media\/3631"}],"wp:attachment":[{"href":"https:\/\/motionup.com.br\/site\/wp-json\/wp\/v2\/media?parent=3630"}],"wp:term":[{"taxonomy":"product_brand","embeddable":true,"href":"https:\/\/motionup.com.br\/site\/wp-json\/wp\/v2\/product_brand?post=3630"},{"taxonomy":"product_cat","embeddable":true,"href":"https:\/\/motionup.com.br\/site\/wp-json\/wp\/v2\/product_cat?post=3630"},{"taxonomy":"product_tag","embeddable":true,"href":"https:\/\/motionup.com.br\/site\/wp-json\/wp\/v2\/product_tag?post=3630"}],"curies":[{"name":"wp","href":"https:\/\/api.w.org\/{rel}","templated":true}]}}