{"id":3643,"date":"2021-06-02T13:39:02","date_gmt":"2021-06-02T16:39:02","guid":{"rendered":"https:\/\/motionup.com.br\/site\/?post_type=product&#038;p=3643"},"modified":"2021-06-02T13:42:41","modified_gmt":"2021-06-02T16:42:41","slug":"tw2000-sensor-de-temperatura-infravermelho-ifm","status":"publish","type":"product","link":"https:\/\/motionup.com.br\/site\/produto\/tw2000-sensor-de-temperatura-infravermelho-ifm\/","title":{"rendered":"TW2000-Sensor de temperatura infravermelho-IFM"},"content":{"rendered":"<table class=\"pd-table\">\n<tbody>\n<tr>\n<th class=\"pd-table-h1\" colspan=\"2\" scope=\"colgroup\">Caracter\u00edsticas do produto<\/th>\n<\/tr>\n<tr>\n<td>Quantidade de entradas e sa\u00eddas<\/td>\n<td>Quantidade de sa\u00eddas digitais: 1; Quantidade de sa\u00eddas anal\u00f3gicas: 1<\/td>\n<\/tr>\n<tr>\n<td>Alcance de medi\u00e7\u00e3o<\/td>\n<td>\n<table>\n<colgroup class=\"pd-table-cols-2\">\n<col class=\"pd-table-col-1\" \/>\n<col class=\"pd-table-col-2\" \/><\/colgroup>\n<tbody>\n<tr>\n<td>0&#8230;999,5 \u00b0C<\/td>\n<td>32&#8230;1831 \u00b0F<\/td>\n<\/tr>\n<\/tbody>\n<\/table>\n<\/td>\n<\/tr>\n<tr>\n<th class=\"pd-table-h1\" colspan=\"2\" scope=\"colgroup\">Campo de aplica\u00e7\u00e3o<\/th>\n<\/tr>\n<tr>\n<td>Aplica\u00e7\u00e3o<\/td>\n<td>asfalto; metal revestido; l\u00edquidos; vidro; Borracha \/ el\u00e1stico; madeira; cer\u00e2mica; pl\u00e1stico; tinta; alimentos; papel; t\u00eaxtil<\/td>\n<\/tr>\n<tr>\n<th class=\"pd-table-h1\" colspan=\"2\" scope=\"colgroup\">Dados el\u00e9tricos<\/th>\n<\/tr>\n<tr>\n<td>Tens\u00e3o de opera\u00e7\u00e3o [V]<\/td>\n<td>18&#8230;32 DC; (para SELV\/PELV)<\/td>\n<\/tr>\n<tr>\n<td>Consumo de corrente [mA]<\/td>\n<td>&lt; 50<\/td>\n<\/tr>\n<tr>\n<td>Resist\u00eancia de isolamento m\u00edn. [M\u03a9]<\/td>\n<td>100; (50 V DC)<\/td>\n<\/tr>\n<tr>\n<td>Classe de prote\u00e7\u00e3o<\/td>\n<td>III<\/td>\n<\/tr>\n<tr>\n<td>Prote\u00e7\u00e3o contra invers\u00e3o de polaridade<\/td>\n<td>sim<\/td>\n<\/tr>\n<tr>\n<td>Retardo de prontid\u00e3o [s]<\/td>\n<td>&lt; 1<\/td>\n<\/tr>\n<tr>\n<th class=\"pd-table-h1\" colspan=\"2\" scope=\"colgroup\">Entradas\/sa\u00eddas<\/th>\n<\/tr>\n<tr>\n<td>Quantidade de entradas e sa\u00eddas<\/td>\n<td>Quantidade de sa\u00eddas digitais: 1; Quantidade de sa\u00eddas anal\u00f3gicas: 1<\/td>\n<\/tr>\n<tr>\n<th class=\"pd-table-h1\" colspan=\"2\" scope=\"colgroup\">Entradas<\/th>\n<\/tr>\n<tr>\n<td>Entrada de teste<\/td>\n<td>Tipo 3 (IEC 61131-2)<\/td>\n<\/tr>\n<tr>\n<th class=\"pd-table-h1\" colspan=\"2\" scope=\"colgroup\">Sa\u00eddas<\/th>\n<\/tr>\n<tr>\n<td>Sa\u00eddas totais<\/td>\n<td>2<\/td>\n<\/tr>\n<tr>\n<td>Sinal de sa\u00edda<\/td>\n<td>sinal de comuta\u00e7\u00e3o; sinal anal\u00f3gico; IO-Link; (configur\u00e1veis)<\/td>\n<\/tr>\n<tr>\n<td>Fun\u00e7\u00e3o el\u00e9trica<\/td>\n<td>PNP<\/td>\n<\/tr>\n<tr>\n<td>Quantidade de sa\u00eddas digitais<\/td>\n<td>1<\/td>\n<\/tr>\n<tr>\n<td>Sa\u00edda<\/td>\n<td>abertura \/ fechamento; (parametriz\u00e1vel)<\/td>\n<\/tr>\n<tr>\n<td>Queda de tens\u00e3o m\u00e1x. da sa\u00edda de comuta\u00e7\u00e3o DC [V]<\/td>\n<td>2,5<\/td>\n<\/tr>\n<tr>\n<td>Intensidade de corrente m\u00e1xima constante da sa\u00edda de comuta\u00e7\u00e3o DC [mA]<\/td>\n<td>150<\/td>\n<\/tr>\n<tr>\n<td>Quantidade de sa\u00eddas anal\u00f3gicas<\/td>\n<td>1<\/td>\n<\/tr>\n<tr>\n<td>Corrente da sa\u00edda anal\u00f3gica [mA]<\/td>\n<td>4&#8230;20<\/td>\n<\/tr>\n<tr>\n<td>Carga m\u00e1x. [\u03a9]<\/td>\n<td>500<\/td>\n<\/tr>\n<tr>\n<td>Prote\u00e7\u00e3o contra curto-circuitos<\/td>\n<td>sim<\/td>\n<\/tr>\n<tr>\n<td>Vers\u00e3o da prote\u00e7\u00e3o contra curto-circuito<\/td>\n<td>por impulso<\/td>\n<\/tr>\n<tr>\n<td>Prote\u00e7\u00e3o contra curto-circuitos<\/td>\n<td>sim<\/td>\n<\/tr>\n<tr>\n<td>Prote\u00e7\u00e3o contra sobrecarga<\/td>\n<td>sim<\/td>\n<\/tr>\n<tr>\n<th class=\"pd-table-h1\" colspan=\"2\" scope=\"colgroup\">Faixa de registro<\/th>\n<\/tr>\n<tr>\n<td>Alcance do comprimento da onda [\u00b5m]<\/td>\n<td>8&#8230;14<\/td>\n<\/tr>\n<tr>\n<th class=\"pd-table-h1\" colspan=\"2\" scope=\"colgroup\">Faixa de medi\u00e7\u00e3o \/ de ajuste<\/th>\n<\/tr>\n<tr>\n<td>Alcance de medi\u00e7\u00e3o<\/td>\n<td>\n<table>\n<colgroup class=\"pd-table-cols-2\">\n<col class=\"pd-table-col-1\" \/>\n<col class=\"pd-table-col-2\" \/><\/colgroup>\n<tbody>\n<tr>\n<td>0&#8230;999,5 \u00b0C<\/td>\n<td>32&#8230;1831 \u00b0F<\/td>\n<\/tr>\n<\/tbody>\n<\/table>\n<\/td>\n<\/tr>\n<tr>\n<td>Ponto de comuta\u00e7\u00e3o SP<\/td>\n<td>\n<table>\n<colgroup class=\"pd-table-cols-2\">\n<col class=\"pd-table-col-1\" \/>\n<col class=\"pd-table-col-2\" \/><\/colgroup>\n<tbody>\n<tr>\n<td>1&#8230;999,5 \u00b0C<\/td>\n<td>34&#8230;1831 \u00b0F<\/td>\n<\/tr>\n<\/tbody>\n<\/table>\n<\/td>\n<\/tr>\n<tr>\n<td>Ponto de comuta\u00e7\u00e3o e retorno rP<\/td>\n<td>\n<table>\n<colgroup class=\"pd-table-cols-2\">\n<col class=\"pd-table-col-1\" \/>\n<col class=\"pd-table-col-2\" \/><\/colgroup>\n<tbody>\n<tr>\n<td>0&#8230;998,5 \u00b0C<\/td>\n<td>32&#8230;1829 \u00b0F<\/td>\n<\/tr>\n<\/tbody>\n<\/table>\n<\/td>\n<\/tr>\n<tr>\n<td>Ponto inicial do sinal anal\u00f3gico<\/td>\n<td>\n<table>\n<colgroup class=\"pd-table-cols-2\">\n<col class=\"pd-table-col-1\" \/>\n<col class=\"pd-table-col-2\" \/><\/colgroup>\n<tbody>\n<tr>\n<td>0&#8230;949,5 \u00b0C<\/td>\n<td>32&#8230;1741,1 \u00b0F<\/td>\n<\/tr>\n<\/tbody>\n<\/table>\n<\/td>\n<\/tr>\n<tr>\n<td>Ponto final do sinal anal\u00f3gico<\/td>\n<td>\n<table>\n<colgroup class=\"pd-table-cols-2\">\n<col class=\"pd-table-col-1\" \/>\n<col class=\"pd-table-col-2\" \/><\/colgroup>\n<tbody>\n<tr>\n<td>50&#8230;999,5 \u00b0C<\/td>\n<td>122&#8230;1831 \u00b0F<\/td>\n<\/tr>\n<\/tbody>\n<\/table>\n<\/td>\n<\/tr>\n<tr>\n<td>Em intervalos de<\/td>\n<td>\n<table>\n<colgroup class=\"pd-table-cols-2\">\n<col class=\"pd-table-col-1\" \/>\n<col class=\"pd-table-col-2\" \/><\/colgroup>\n<tbody>\n<tr>\n<td>0,5 \u00b0C<\/td>\n<td>1 \u00b0F<\/td>\n<\/tr>\n<\/tbody>\n<\/table>\n<\/td>\n<\/tr>\n<tr>\n<th class=\"pd-table-h2\" colspan=\"2\" scope=\"colgroup\">Resolu\u00e7\u00e3o<\/th>\n<\/tr>\n<tr>\n<td>Resolu\u00e7\u00e3o da sa\u00edda de comuta\u00e7\u00e3o [K]<\/td>\n<td>0,5<\/td>\n<\/tr>\n<tr>\n<td>Resolu\u00e7\u00e3o da sa\u00edda anal\u00f3gica [K]<\/td>\n<td>0,2; (+ 0,03 % da margem de medi\u00e7\u00e3o ajustada)<\/td>\n<\/tr>\n<tr>\n<td>Resolu\u00e7\u00e3o do display [K]<\/td>\n<td>0,5<\/td>\n<\/tr>\n<tr>\n<th class=\"pd-table-h1\" colspan=\"2\" scope=\"colgroup\">Precis\u00e3o \/ desvios<\/th>\n<\/tr>\n<tr>\n<td>Precis\u00e3o [K]<\/td>\n<td>&lt; \u00b1 1 %; (do valor de medi\u00e7\u00e3o, pelo menos 2 K (grau de emiss\u00e3o = 1, T = 23\u00b0C))<\/td>\n<\/tr>\n<tr>\n<td>Repetibilidade [K]<\/td>\n<td>1<\/td>\n<\/tr>\n<tr>\n<th class=\"pd-table-h1\" colspan=\"2\" scope=\"colgroup\">Tempos de rea\u00e7\u00e3o<\/th>\n<\/tr>\n<tr>\n<td>Tempo de resposta [ms]<\/td>\n<td>100<\/td>\n<\/tr>\n<tr>\n<th class=\"pd-table-h1\" colspan=\"2\" scope=\"colgroup\">Software \/ programa\u00e7\u00e3o<\/th>\n<\/tr>\n<tr>\n<td>Ajuste do ponto de comuta\u00e7\u00e3o<\/td>\n<td>bot\u00f5es de programa\u00e7\u00e3o<\/td>\n<\/tr>\n<tr>\n<td>Possibilidades de ajuste dos par\u00e2metros<\/td>\n<td>range anal\u00f3gico; abertura \/ fechamento; atraso na tra\u00e7\u00e3o\/desenergiza\u00e7\u00e3o; Amortecimento; Peakhold; emissividade; fun\u00e7\u00e3o de simula\u00e7\u00e3o<\/td>\n<\/tr>\n<tr>\n<th class=\"pd-table-h1\" colspan=\"2\" scope=\"colgroup\">Interfaces<\/th>\n<\/tr>\n<tr>\n<td>Interface de comunica\u00e7\u00e3o<\/td>\n<td>IO-Link<\/td>\n<\/tr>\n<tr>\n<td>Tipo de transfer\u00eancia<\/td>\n<td>COM2 (38,4 kBaud)<\/td>\n<\/tr>\n<tr>\n<td>Revis\u00e3o IO-Link<\/td>\n<td>1.1<\/td>\n<\/tr>\n<tr>\n<td>SDCI-Padr\u00e3o<\/td>\n<td>IEC 61131-9<\/td>\n<\/tr>\n<tr>\n<td>Modo SIO<\/td>\n<td>sim<\/td>\n<\/tr>\n<tr>\n<td>Classe de master port exigida<\/td>\n<td>A<\/td>\n<\/tr>\n<tr>\n<td>Dados do processo anal\u00f3gicos<\/td>\n<td>16<\/td>\n<\/tr>\n<tr>\n<td>Dados do processo bin\u00e1rios<\/td>\n<td>1<\/td>\n<\/tr>\n<tr>\n<td>Tempo m\u00edn. do ciclo do processo [ms]<\/td>\n<td>3,6<\/td>\n<\/tr>\n<tr>\n<td>DeviceIDs suportados<\/td>\n<td>\n<table>\n<colgroup class=\"pd-table-cols-2\">\n<col class=\"pd-table-col-1\" \/>\n<col class=\"pd-table-col-2\" \/><\/colgroup>\n<tbody>\n<tr>\n<td>Modo de opera\u00e7\u00e3o<\/td>\n<td>DeviceID<\/td>\n<\/tr>\n<tr>\n<td>falho<\/td>\n<td>716<\/td>\n<\/tr>\n<\/tbody>\n<\/table>\n<\/td>\n<\/tr>\n<tr>\n<th class=\"pd-table-h1\" colspan=\"2\" scope=\"colgroup\">Condi\u00e7\u00f5es ambientais<\/th>\n<\/tr>\n<tr>\n<td>Temperatura ambiente [\u00b0C]<\/td>\n<td>0&#8230;65<\/td>\n<\/tr>\n<tr>\n<td>Temperatura de armazenamento [\u00b0C]<\/td>\n<td>-20&#8230;80<\/td>\n<\/tr>\n<tr>\n<td>Umidade relativa do ar m\u00e1x. [%]<\/td>\n<td>95; (sem condensa\u00e7\u00e3o)<\/td>\n<\/tr>\n<tr>\n<td>Prote\u00e7\u00e3o<\/td>\n<td>IP 65<\/td>\n<\/tr>\n<tr>\n<th class=\"pd-table-h1\" colspan=\"2\" scope=\"colgroup\">Certifica\u00e7\u00f5es \/ testes<\/th>\n<\/tr>\n<tr>\n<td>EMC<\/td>\n<td>\n<table>\n<colgroup class=\"pd-table-cols-2\">\n<col class=\"pd-table-col-1\" \/>\n<col class=\"pd-table-col-2\" \/><\/colgroup>\n<tbody>\n<tr>\n<td>DIN EN 61000-6-2<\/td>\n<td><\/td>\n<\/tr>\n<tr>\n<td>DIN EN 61000-6-4<\/td>\n<td><\/td>\n<\/tr>\n<\/tbody>\n<\/table>\n<\/td>\n<\/tr>\n<tr>\n<td>Resist\u00eancia a choques<\/td>\n<td>\n<table>\n<colgroup class=\"pd-table-cols-2\">\n<col class=\"pd-table-col-1\" \/>\n<col class=\"pd-table-col-2\" \/><\/colgroup>\n<tbody>\n<tr>\n<td>DIN EN 60068-2-27<\/td>\n<td>30 g (11 ms)<\/td>\n<\/tr>\n<\/tbody>\n<\/table>\n<\/td>\n<\/tr>\n<tr>\n<td>Resist\u00eancia \u00e0 vibra\u00e7\u00f5es<\/td>\n<td>\n<table>\n<colgroup class=\"pd-table-cols-2\">\n<col class=\"pd-table-col-1\" \/>\n<col class=\"pd-table-col-2\" \/><\/colgroup>\n<tbody>\n<tr>\n<td>DIN EN 60068-2-6<\/td>\n<td>5 g (10&#8230;2000 Hz)<\/td>\n<\/tr>\n<\/tbody>\n<\/table>\n<\/td>\n<\/tr>\n<tr>\n<td>MTTF [anos]<\/td>\n<td>88<\/td>\n<\/tr>\n<tr>\n<th class=\"pd-table-h1\" colspan=\"2\" scope=\"colgroup\">Dados mec\u00e2nicos<\/th>\n<\/tr>\n<tr>\n<td>Peso [g]<\/td>\n<td>411,5<\/td>\n<\/tr>\n<tr>\n<td>Inv\u00f3lucro<\/td>\n<td>forma construtiva de roscas<\/td>\n<\/tr>\n<tr>\n<td>Dimens\u00f5es [mm]<\/td>\n<td>M30 x 1,5<\/td>\n<\/tr>\n<tr>\n<td>Designa\u00e7\u00e3o da rosca<\/td>\n<td>M30 x 1,5<\/td>\n<\/tr>\n<tr>\n<td>Materiais<\/td>\n<td>Bucha rosqueada: 1.4305 (a\u00e7o inoxid\u00e1vel \/ 303); Poli\u00e9ster<\/td>\n<\/tr>\n<tr>\n<td>Material da lente<\/td>\n<td>\n<table>\n<colgroup class=\"pd-table-cols-1\">\n<col class=\"pd-table-col-1\" \/><\/colgroup>\n<tbody>\n<tr>\n<td>cristal infravermelho transparente com revestimento anti-reflexo<\/td>\n<\/tr>\n<\/tbody>\n<\/table>\n<\/td>\n<\/tr>\n<tr>\n<th class=\"pd-table-h1\" colspan=\"2\" scope=\"colgroup\">Displays \/ elementos de opera\u00e7\u00e3o<\/th>\n<\/tr>\n<tr>\n<td>Display<\/td>\n<td>\n<table>\n<colgroup class=\"pd-table-cols-2\">\n<col class=\"pd-table-col-1\" \/>\n<col class=\"pd-table-col-2\" \/><\/colgroup>\n<tbody>\n<tr>\n<td>Unidade do display<\/td>\n<td>2 x LED, amarelo<\/td>\n<\/tr>\n<tr>\n<td>Status de chaveamento<\/td>\n<td>1 x LED, amarelo<\/td>\n<\/tr>\n<tr>\n<td>Display de fun\u00e7\u00f5es<\/td>\n<td>Display do LED de 7 segmentos, 4 d\u00edgitos<\/td>\n<\/tr>\n<tr>\n<td>valores de medi\u00e7\u00e3o<\/td>\n<td>Display do LED de 7 segmentos, 4 d\u00edgitos<\/td>\n<\/tr>\n<\/tbody>\n<\/table>\n<\/td>\n<\/tr>\n<tr>\n<td>Elementos operacionais<\/td>\n<td>\n<table>\n<colgroup class=\"pd-table-cols-2\">\n<col class=\"pd-table-col-1\" \/>\n<col class=\"pd-table-col-2\" \/><\/colgroup>\n<tbody>\n<tr>\n<td>3<\/td>\n<td>Bot\u00e3o<\/td>\n<\/tr>\n<\/tbody>\n<\/table>\n<\/td>\n<\/tr>\n<tr>\n<th class=\"pd-table-h1\" colspan=\"2\" scope=\"colgroup\">Acess\u00f3rios<\/th>\n<\/tr>\n<tr>\n<td>Material inclu\u00eddo<\/td>\n<td>\n<table>\n<colgroup class=\"pd-table-cols-1\">\n<col class=\"pd-table-col-1\" \/><\/colgroup>\n<tbody>\n<tr>\n<td>porcas de fixa\u00e7\u00e3o: 2<\/td>\n<\/tr>\n<\/tbody>\n<\/table>\n<\/td>\n<\/tr>\n<tr>\n<th class=\"pd-table-h1\" colspan=\"2\" scope=\"colgroup\">Notas<\/th>\n<\/tr>\n<tr>\n<td>Notas<\/td>\n<td>\n<table>\n<colgroup class=\"pd-table-cols-1\">\n<col class=\"pd-table-col-1\" \/><\/colgroup>\n<tbody>\n<tr>\n<td>Para manter campos el\u00e9tricos e\/ou magn\u00e9ticos afastados do sensor infravermelho de temperatura, deve ser usado um cabo blindado.<\/td>\n<\/tr>\n<tr>\n<td>A blindagem deve estar conectada ao inv\u00f3lucro atrav\u00e9s da inv\u00f3lucro do conector.<\/td>\n<\/tr>\n<\/tbody>\n<\/table>\n<\/td>\n<\/tr>\n<tr>\n<td>Quantidade<\/td>\n<td>1 pe\u00e7a<\/td>\n<\/tr>\n<tr>\n<th class=\"pd-table-h1\" colspan=\"2\" scope=\"colgroup\">conex\u00e3o el\u00e9trica<\/th>\n<\/tr>\n<tr>\n<td>Conex\u00e3o<\/td>\n<td>Conex\u00e3o: 1 x M12<\/td>\n<\/tr>\n<\/tbody>\n<\/table>\n","protected":false},"excerpt":{"rendered":"<p>Caracter\u00edsticas do produto Quantidade de entradas e sa\u00eddas Quantidade de sa\u00eddas digitais: 1; Quantidade de sa\u00eddas anal\u00f3gicas: 1 Alcance de medi\u00e7\u00e3o 0&#8230;999,5 \u00b0C 32&#8230;1831 \u00b0F Campo de aplica\u00e7\u00e3o Aplica\u00e7\u00e3o asfalto; metal revestido; l\u00edquidos; vidro; Borracha \/ el\u00e1stico; madeira; cer\u00e2mica; pl\u00e1stico; tinta; alimentos; papel; t\u00eaxtil Dados el\u00e9tricos Tens\u00e3o de opera\u00e7\u00e3o [V] 18&#8230;32 DC; (para SELV\/PELV) Consumo [&hellip;]<\/p>\n","protected":false},"featured_media":3644,"template":"","meta":[],"product_brand":[],"product_cat":[353,96,56],"product_tag":[58,388,57,101],"class_list":{"0":"post-3643","1":"product","2":"type-product","3":"status-publish","4":"has-post-thumbnail","6":"product_cat-ifm","7":"product_cat-cabos","8":"product_cat-sensores","9":"product_tag-ifm","10":"product_tag-infravermelho","11":"product_tag-sensor","12":"product_tag-temperatura","14":"first","15":"instock","16":"shipping-taxable","17":"product-type-simple"},"yoast_head":"<!-- This site is optimized with the Yoast SEO plugin v26.3 - https:\/\/yoast.com\/wordpress\/plugins\/seo\/ -->\n<title>TW2000-Sensor de temperatura infravermelho-IFM - Loja Motion Up<\/title>\n<meta name=\"robots\" content=\"index, follow, max-snippet:-1, max-image-preview:large, max-video-preview:-1\" \/>\n<link rel=\"canonical\" href=\"https:\/\/motionup.com.br\/site\/produto\/tw2000-sensor-de-temperatura-infravermelho-ifm\/\" \/>\n<meta property=\"og:locale\" content=\"pt_BR\" \/>\n<meta property=\"og:type\" content=\"article\" \/>\n<meta property=\"og:title\" content=\"TW2000-Sensor de temperatura infravermelho-IFM - Loja Motion Up\" \/>\n<meta property=\"og:description\" content=\"Caracter\u00edsticas do produto Quantidade de entradas e sa\u00eddas Quantidade de sa\u00eddas digitais: 1; Quantidade de sa\u00eddas anal\u00f3gicas: 1 Alcance de medi\u00e7\u00e3o 0&#8230;999,5 \u00b0C 32&#8230;1831 \u00b0F Campo de aplica\u00e7\u00e3o Aplica\u00e7\u00e3o asfalto; metal revestido; l\u00edquidos; vidro; Borracha \/ el\u00e1stico; madeira; cer\u00e2mica; pl\u00e1stico; tinta; alimentos; papel; t\u00eaxtil Dados el\u00e9tricos Tens\u00e3o de opera\u00e7\u00e3o [V] 18&#8230;32 DC; (para SELV\/PELV) Consumo [&hellip;]\" \/>\n<meta property=\"og:url\" content=\"https:\/\/motionup.com.br\/site\/produto\/tw2000-sensor-de-temperatura-infravermelho-ifm\/\" \/>\n<meta property=\"og:site_name\" content=\"Loja Motion Up\" \/>\n<meta property=\"article:publisher\" content=\"https:\/\/m.facebook.com\/fp3motionup\/about\/\" \/>\n<meta property=\"article:modified_time\" content=\"2021-06-02T16:42:41+00:00\" \/>\n<meta property=\"og:image\" content=\"https:\/\/motionup.com.br\/site\/wp-content\/uploads\/2021\/06\/P_F_E_W_600_0071_TW2000_01.jpg\" \/>\n\t<meta property=\"og:image:width\" content=\"1200\" \/>\n\t<meta property=\"og:image:height\" content=\"1200\" \/>\n\t<meta property=\"og:image:type\" content=\"image\/jpeg\" \/>\n<meta name=\"twitter:card\" content=\"summary_large_image\" \/>\n<meta name=\"twitter:label1\" content=\"Est. tempo de leitura\" \/>\n\t<meta name=\"twitter:data1\" content=\"3 minutos\" \/>\n<script type=\"application\/ld+json\" class=\"yoast-schema-graph\">{\"@context\":\"https:\/\/schema.org\",\"@graph\":[{\"@type\":\"WebPage\",\"@id\":\"https:\/\/motionup.com.br\/site\/produto\/tw2000-sensor-de-temperatura-infravermelho-ifm\/\",\"url\":\"https:\/\/motionup.com.br\/site\/produto\/tw2000-sensor-de-temperatura-infravermelho-ifm\/\",\"name\":\"TW2000-Sensor de temperatura infravermelho-IFM - Loja Motion Up\",\"isPartOf\":{\"@id\":\"https:\/\/motionup.com.br\/site\/#website\"},\"primaryImageOfPage\":{\"@id\":\"https:\/\/motionup.com.br\/site\/produto\/tw2000-sensor-de-temperatura-infravermelho-ifm\/#primaryimage\"},\"image\":{\"@id\":\"https:\/\/motionup.com.br\/site\/produto\/tw2000-sensor-de-temperatura-infravermelho-ifm\/#primaryimage\"},\"thumbnailUrl\":\"https:\/\/motionup.com.br\/site\/wp-content\/uploads\/2021\/06\/P_F_E_W_600_0071_TW2000_01.jpg\",\"datePublished\":\"2021-06-02T16:39:02+00:00\",\"dateModified\":\"2021-06-02T16:42:41+00:00\",\"breadcrumb\":{\"@id\":\"https:\/\/motionup.com.br\/site\/produto\/tw2000-sensor-de-temperatura-infravermelho-ifm\/#breadcrumb\"},\"inLanguage\":\"pt-BR\",\"potentialAction\":[{\"@type\":\"ReadAction\",\"target\":[\"https:\/\/motionup.com.br\/site\/produto\/tw2000-sensor-de-temperatura-infravermelho-ifm\/\"]}]},{\"@type\":\"ImageObject\",\"inLanguage\":\"pt-BR\",\"@id\":\"https:\/\/motionup.com.br\/site\/produto\/tw2000-sensor-de-temperatura-infravermelho-ifm\/#primaryimage\",\"url\":\"https:\/\/motionup.com.br\/site\/wp-content\/uploads\/2021\/06\/P_F_E_W_600_0071_TW2000_01.jpg\",\"contentUrl\":\"https:\/\/motionup.com.br\/site\/wp-content\/uploads\/2021\/06\/P_F_E_W_600_0071_TW2000_01.jpg\",\"width\":1200,\"height\":1200},{\"@type\":\"BreadcrumbList\",\"@id\":\"https:\/\/motionup.com.br\/site\/produto\/tw2000-sensor-de-temperatura-infravermelho-ifm\/#breadcrumb\",\"itemListElement\":[{\"@type\":\"ListItem\",\"position\":1,\"name\":\"In\u00edcio\",\"item\":\"https:\/\/motionup.com.br\/site\/\"},{\"@type\":\"ListItem\",\"position\":2,\"name\":\"Produtos\",\"item\":\"https:\/\/motionup.com.br\/site\/produtos\/\"},{\"@type\":\"ListItem\",\"position\":3,\"name\":\"TW2000-Sensor de temperatura infravermelho-IFM\"}]},{\"@type\":\"WebSite\",\"@id\":\"https:\/\/motionup.com.br\/site\/#website\",\"url\":\"https:\/\/motionup.com.br\/site\/\",\"name\":\"Motion Up\",\"description\":\"E-commerce Motion Up - Automa\u00e7\u00e3o Industrial\",\"publisher\":{\"@id\":\"https:\/\/motionup.com.br\/site\/#organization\"},\"potentialAction\":[{\"@type\":\"SearchAction\",\"target\":{\"@type\":\"EntryPoint\",\"urlTemplate\":\"https:\/\/motionup.com.br\/site\/?s={search_term_string}\"},\"query-input\":{\"@type\":\"PropertyValueSpecification\",\"valueRequired\":true,\"valueName\":\"search_term_string\"}}],\"inLanguage\":\"pt-BR\"},{\"@type\":\"Organization\",\"@id\":\"https:\/\/motionup.com.br\/site\/#organization\",\"name\":\"Motion Up\",\"url\":\"https:\/\/motionup.com.br\/site\/\",\"logo\":{\"@type\":\"ImageObject\",\"inLanguage\":\"pt-BR\",\"@id\":\"https:\/\/motionup.com.br\/site\/#\/schema\/logo\/image\/\",\"url\":\"https:\/\/motionup.com.br\/site\/wp-content\/uploads\/2025\/05\/MOTIONUP.png\",\"contentUrl\":\"https:\/\/motionup.com.br\/site\/wp-content\/uploads\/2025\/05\/MOTIONUP.png\",\"width\":1200,\"height\":601,\"caption\":\"Motion Up\"},\"image\":{\"@id\":\"https:\/\/motionup.com.br\/site\/#\/schema\/logo\/image\/\"},\"sameAs\":[\"https:\/\/m.facebook.com\/fp3motionup\/about\/\",\"https:\/\/br.linkedin.com\/company\/fpn-controle-e-automao-industrial-ltda\"]}]}<\/script>\n<!-- \/ Yoast SEO plugin. -->","yoast_head_json":{"title":"TW2000-Sensor de temperatura infravermelho-IFM - Loja Motion Up","robots":{"index":"index","follow":"follow","max-snippet":"max-snippet:-1","max-image-preview":"max-image-preview:large","max-video-preview":"max-video-preview:-1"},"canonical":"https:\/\/motionup.com.br\/site\/produto\/tw2000-sensor-de-temperatura-infravermelho-ifm\/","og_locale":"pt_BR","og_type":"article","og_title":"TW2000-Sensor de temperatura infravermelho-IFM - Loja Motion Up","og_description":"Caracter\u00edsticas do produto Quantidade de entradas e sa\u00eddas Quantidade de sa\u00eddas digitais: 1; Quantidade de sa\u00eddas anal\u00f3gicas: 1 Alcance de medi\u00e7\u00e3o 0&#8230;999,5 \u00b0C 32&#8230;1831 \u00b0F Campo de aplica\u00e7\u00e3o Aplica\u00e7\u00e3o asfalto; metal revestido; l\u00edquidos; vidro; Borracha \/ el\u00e1stico; madeira; cer\u00e2mica; pl\u00e1stico; tinta; alimentos; papel; t\u00eaxtil Dados el\u00e9tricos Tens\u00e3o de opera\u00e7\u00e3o [V] 18&#8230;32 DC; (para SELV\/PELV) Consumo [&hellip;]","og_url":"https:\/\/motionup.com.br\/site\/produto\/tw2000-sensor-de-temperatura-infravermelho-ifm\/","og_site_name":"Loja Motion Up","article_publisher":"https:\/\/m.facebook.com\/fp3motionup\/about\/","article_modified_time":"2021-06-02T16:42:41+00:00","og_image":[{"width":1200,"height":1200,"url":"https:\/\/motionup.com.br\/site\/wp-content\/uploads\/2021\/06\/P_F_E_W_600_0071_TW2000_01.jpg","type":"image\/jpeg"}],"twitter_card":"summary_large_image","twitter_misc":{"Est. tempo de leitura":"3 minutos"},"schema":{"@context":"https:\/\/schema.org","@graph":[{"@type":"WebPage","@id":"https:\/\/motionup.com.br\/site\/produto\/tw2000-sensor-de-temperatura-infravermelho-ifm\/","url":"https:\/\/motionup.com.br\/site\/produto\/tw2000-sensor-de-temperatura-infravermelho-ifm\/","name":"TW2000-Sensor de temperatura infravermelho-IFM - Loja Motion Up","isPartOf":{"@id":"https:\/\/motionup.com.br\/site\/#website"},"primaryImageOfPage":{"@id":"https:\/\/motionup.com.br\/site\/produto\/tw2000-sensor-de-temperatura-infravermelho-ifm\/#primaryimage"},"image":{"@id":"https:\/\/motionup.com.br\/site\/produto\/tw2000-sensor-de-temperatura-infravermelho-ifm\/#primaryimage"},"thumbnailUrl":"https:\/\/motionup.com.br\/site\/wp-content\/uploads\/2021\/06\/P_F_E_W_600_0071_TW2000_01.jpg","datePublished":"2021-06-02T16:39:02+00:00","dateModified":"2021-06-02T16:42:41+00:00","breadcrumb":{"@id":"https:\/\/motionup.com.br\/site\/produto\/tw2000-sensor-de-temperatura-infravermelho-ifm\/#breadcrumb"},"inLanguage":"pt-BR","potentialAction":[{"@type":"ReadAction","target":["https:\/\/motionup.com.br\/site\/produto\/tw2000-sensor-de-temperatura-infravermelho-ifm\/"]}]},{"@type":"ImageObject","inLanguage":"pt-BR","@id":"https:\/\/motionup.com.br\/site\/produto\/tw2000-sensor-de-temperatura-infravermelho-ifm\/#primaryimage","url":"https:\/\/motionup.com.br\/site\/wp-content\/uploads\/2021\/06\/P_F_E_W_600_0071_TW2000_01.jpg","contentUrl":"https:\/\/motionup.com.br\/site\/wp-content\/uploads\/2021\/06\/P_F_E_W_600_0071_TW2000_01.jpg","width":1200,"height":1200},{"@type":"BreadcrumbList","@id":"https:\/\/motionup.com.br\/site\/produto\/tw2000-sensor-de-temperatura-infravermelho-ifm\/#breadcrumb","itemListElement":[{"@type":"ListItem","position":1,"name":"In\u00edcio","item":"https:\/\/motionup.com.br\/site\/"},{"@type":"ListItem","position":2,"name":"Produtos","item":"https:\/\/motionup.com.br\/site\/produtos\/"},{"@type":"ListItem","position":3,"name":"TW2000-Sensor de temperatura infravermelho-IFM"}]},{"@type":"WebSite","@id":"https:\/\/motionup.com.br\/site\/#website","url":"https:\/\/motionup.com.br\/site\/","name":"Motion Up","description":"E-commerce Motion Up - Automa\u00e7\u00e3o Industrial","publisher":{"@id":"https:\/\/motionup.com.br\/site\/#organization"},"potentialAction":[{"@type":"SearchAction","target":{"@type":"EntryPoint","urlTemplate":"https:\/\/motionup.com.br\/site\/?s={search_term_string}"},"query-input":{"@type":"PropertyValueSpecification","valueRequired":true,"valueName":"search_term_string"}}],"inLanguage":"pt-BR"},{"@type":"Organization","@id":"https:\/\/motionup.com.br\/site\/#organization","name":"Motion Up","url":"https:\/\/motionup.com.br\/site\/","logo":{"@type":"ImageObject","inLanguage":"pt-BR","@id":"https:\/\/motionup.com.br\/site\/#\/schema\/logo\/image\/","url":"https:\/\/motionup.com.br\/site\/wp-content\/uploads\/2025\/05\/MOTIONUP.png","contentUrl":"https:\/\/motionup.com.br\/site\/wp-content\/uploads\/2025\/05\/MOTIONUP.png","width":1200,"height":601,"caption":"Motion Up"},"image":{"@id":"https:\/\/motionup.com.br\/site\/#\/schema\/logo\/image\/"},"sameAs":["https:\/\/m.facebook.com\/fp3motionup\/about\/","https:\/\/br.linkedin.com\/company\/fpn-controle-e-automao-industrial-ltda"]}]}},"_links":{"self":[{"href":"https:\/\/motionup.com.br\/site\/wp-json\/wp\/v2\/product\/3643","targetHints":{"allow":["GET"]}}],"collection":[{"href":"https:\/\/motionup.com.br\/site\/wp-json\/wp\/v2\/product"}],"about":[{"href":"https:\/\/motionup.com.br\/site\/wp-json\/wp\/v2\/types\/product"}],"wp:featuredmedia":[{"embeddable":true,"href":"https:\/\/motionup.com.br\/site\/wp-json\/wp\/v2\/media\/3644"}],"wp:attachment":[{"href":"https:\/\/motionup.com.br\/site\/wp-json\/wp\/v2\/media?parent=3643"}],"wp:term":[{"taxonomy":"product_brand","embeddable":true,"href":"https:\/\/motionup.com.br\/site\/wp-json\/wp\/v2\/product_brand?post=3643"},{"taxonomy":"product_cat","embeddable":true,"href":"https:\/\/motionup.com.br\/site\/wp-json\/wp\/v2\/product_cat?post=3643"},{"taxonomy":"product_tag","embeddable":true,"href":"https:\/\/motionup.com.br\/site\/wp-json\/wp\/v2\/product_tag?post=3643"}],"curies":[{"name":"wp","href":"https:\/\/api.w.org\/{rel}","templated":true}]}}