{"id":3655,"date":"2021-06-02T14:32:18","date_gmt":"2021-06-02T17:32:18","guid":{"rendered":"https:\/\/motionup.com.br\/site\/?post_type=product&#038;p=3655"},"modified":"2021-06-02T14:33:58","modified_gmt":"2021-06-02T17:33:58","slug":"sd0523-medidor-de-ar-comprimido-ifm","status":"publish","type":"product","link":"https:\/\/motionup.com.br\/site\/produto\/sd0523-medidor-de-ar-comprimido-ifm\/","title":{"rendered":"SD0523-medidor de ar comprimido-IFM"},"content":{"rendered":"<table class=\"pd-table\">\n<colgroup class=\"pd-table-cols-2\">\n<col class=\"pd-table-col-1\" \/>\n<col class=\"pd-table-col-2\" \/><\/colgroup>\n<tbody>\n<tr>\n<th class=\"pd-table-h1\" colspan=\"2\" scope=\"colgroup\">Caracter\u00edsticas do produto<\/th>\n<\/tr>\n<tr>\n<td>Quantidade de entradas e sa\u00eddas<\/td>\n<td>Quantidade de sa\u00eddas digitais: 2; Quantidade de sa\u00eddas anal\u00f3gicas: 1<\/td>\n<\/tr>\n<tr>\n<td>Alcance de medi\u00e7\u00e3o<\/td>\n<td>\n<table>\n<colgroup class=\"pd-table-cols-3\">\n<col class=\"pd-table-col-1\" \/>\n<col class=\"pd-table-col-2\" \/>\n<col class=\"pd-table-col-3\" \/><\/colgroup>\n<tbody>\n<tr>\n<td>0,5&#8230;143,9 m\/s<\/td>\n<td>8&#8230;2110 m\u00b3\/h<\/td>\n<td>0,12&#8230;35,18 m\u00b3\/min<\/td>\n<\/tr>\n<\/tbody>\n<\/table>\n<\/td>\n<\/tr>\n<tr>\n<td>Conex\u00e3o de processo<\/td>\n<td>conex\u00e3o da rosca G 1 Rosca interna<\/td>\n<\/tr>\n<tr>\n<th class=\"pd-table-h1\" colspan=\"2\" scope=\"colgroup\">Campo de aplica\u00e7\u00e3o<\/th>\n<\/tr>\n<tr>\n<td>Montagem<\/td>\n<td>Ajust\u00e1vel ao di\u00e2metro interno dos tubos; (38&#8230;254 mm)<\/td>\n<\/tr>\n<tr>\n<td>Subst\u00e2ncias<\/td>\n<td>Ar comprimido<\/td>\n<\/tr>\n<tr>\n<td>Temperatura do flu\u00eddo [\u00b0C]<\/td>\n<td>0&#8230;60<\/td>\n<\/tr>\n<tr>\n<td>Resist\u00eancia \u00e0 press\u00e3o [bar]<\/td>\n<td>16<\/td>\n<\/tr>\n<tr>\n<td>Resist\u00eancia \u00e0 press\u00e3o [Mpa]<\/td>\n<td>1,6<\/td>\n<\/tr>\n<tr>\n<td>Resist\u00eancia \u00e0 press\u00e3o [psi]<\/td>\n<td>232<\/td>\n<\/tr>\n<tr>\n<td>MAWP nas aplica\u00e7\u00f5es segundo CRN [bar]<\/td>\n<td>16<\/td>\n<\/tr>\n<tr>\n<th class=\"pd-table-h1\" colspan=\"2\" scope=\"colgroup\">Dados el\u00e9tricos<\/th>\n<\/tr>\n<tr>\n<td>Tens\u00e3o de opera\u00e7\u00e3o [V]<\/td>\n<td>18&#8230;30 DC; (conforme EN 50178 SELV\/PELV)<\/td>\n<\/tr>\n<tr>\n<td>Consumo de corrente [mA]<\/td>\n<td>&lt; 110<\/td>\n<\/tr>\n<tr>\n<td>Classe de prote\u00e7\u00e3o<\/td>\n<td>III<\/td>\n<\/tr>\n<tr>\n<td>Prote\u00e7\u00e3o contra invers\u00e3o de polaridade<\/td>\n<td>sim<\/td>\n<\/tr>\n<tr>\n<td>Retardo de prontid\u00e3o [s]<\/td>\n<td>1<\/td>\n<\/tr>\n<tr>\n<th class=\"pd-table-h1\" colspan=\"2\" scope=\"colgroup\">Entradas\/sa\u00eddas<\/th>\n<\/tr>\n<tr>\n<td>Quantidade de entradas e sa\u00eddas<\/td>\n<td>Quantidade de sa\u00eddas digitais: 2; Quantidade de sa\u00eddas anal\u00f3gicas: 1<\/td>\n<\/tr>\n<tr>\n<th class=\"pd-table-h1\" colspan=\"2\" scope=\"colgroup\">Sa\u00eddas<\/th>\n<\/tr>\n<tr>\n<td>Sa\u00eddas totais<\/td>\n<td>2<\/td>\n<\/tr>\n<tr>\n<td>Sinal de sa\u00edda<\/td>\n<td>sinal de comuta\u00e7\u00e3o; sinal anal\u00f3gico; sinal de pulso; IO-Link; (configur\u00e1veis)<\/td>\n<\/tr>\n<tr>\n<td>Fun\u00e7\u00e3o el\u00e9trica<\/td>\n<td>PNP<\/td>\n<\/tr>\n<tr>\n<td>Quantidade de sa\u00eddas digitais<\/td>\n<td>2<\/td>\n<\/tr>\n<tr>\n<td>Sa\u00edda<\/td>\n<td>abertura \/ fechamento; (parametriz\u00e1vel)<\/td>\n<\/tr>\n<tr>\n<td>Queda de tens\u00e3o m\u00e1x. da sa\u00edda de comuta\u00e7\u00e3o DC [V]<\/td>\n<td>2<\/td>\n<\/tr>\n<tr>\n<td>Intensidade de corrente m\u00e1xima constante da sa\u00edda de comuta\u00e7\u00e3o DC [mA]<\/td>\n<td>250; (por sa\u00edda)<\/td>\n<\/tr>\n<tr>\n<td>Quantidade de sa\u00eddas anal\u00f3gicas<\/td>\n<td>1<\/td>\n<\/tr>\n<tr>\n<td>Corrente da sa\u00edda anal\u00f3gica [mA]<\/td>\n<td>4&#8230;20; (de escala ajust\u00e1vel)<\/td>\n<\/tr>\n<tr>\n<td>Carga m\u00e1x. [\u03a9]<\/td>\n<td>500<\/td>\n<\/tr>\n<tr>\n<td>Sa\u00edda de impulso<\/td>\n<td>contador de quantidades de consumo<\/td>\n<\/tr>\n<tr>\n<td>Prote\u00e7\u00e3o contra curto-circuitos<\/td>\n<td>sim<\/td>\n<\/tr>\n<tr>\n<td>Vers\u00e3o da prote\u00e7\u00e3o contra curto-circuito<\/td>\n<td>por impulso<\/td>\n<\/tr>\n<tr>\n<td>Prote\u00e7\u00e3o contra sobrecarga<\/td>\n<td>sim<\/td>\n<\/tr>\n<tr>\n<th class=\"pd-table-h1\" colspan=\"2\" scope=\"colgroup\">Faixa de medi\u00e7\u00e3o \/ de ajuste<\/th>\n<\/tr>\n<tr>\n<td>Alcance de medi\u00e7\u00e3o<\/td>\n<td>Faixa de medi\u00e7\u00e3o \/ de ajuste; Controle de fluxo; As valores aplicam-se a: \u00d8 72 mm<\/td>\n<\/tr>\n<tr>\n<td>Alcance de medi\u00e7\u00e3o<\/td>\n<td>\n<table>\n<colgroup class=\"pd-table-cols-3\">\n<col class=\"pd-table-col-1\" \/>\n<col class=\"pd-table-col-2\" \/>\n<col class=\"pd-table-col-3\" \/><\/colgroup>\n<tbody>\n<tr>\n<td>0,5&#8230;143,9 m\/s<\/td>\n<td>8&#8230;2110 m\u00b3\/h<\/td>\n<td>0,12&#8230;35,18 m\u00b3\/min<\/td>\n<\/tr>\n<\/tbody>\n<\/table>\n<\/td>\n<\/tr>\n<tr>\n<td>Escala do display<\/td>\n<td>\n<table>\n<colgroup class=\"pd-table-cols-3\">\n<col class=\"pd-table-col-1\" \/>\n<col class=\"pd-table-col-2\" \/>\n<col class=\"pd-table-col-3\" \/><\/colgroup>\n<tbody>\n<tr>\n<td>0&#8230;172,7 m\/s<\/td>\n<td>0&#8230;2532 m\u00b3\/h<\/td>\n<td>0&#8230;42,22 m\u00b3\/min<\/td>\n<\/tr>\n<\/tbody>\n<\/table>\n<\/td>\n<\/tr>\n<tr>\n<td>Resolu\u00e7\u00e3o<\/td>\n<td>\n<table>\n<colgroup class=\"pd-table-cols-3\">\n<col class=\"pd-table-col-1\" \/>\n<col class=\"pd-table-col-2\" \/>\n<col class=\"pd-table-col-3\" \/><\/colgroup>\n<tbody>\n<tr>\n<td>0,1 m\/s<\/td>\n<td>2 m\u00b3\/h<\/td>\n<td>0,02 m\u00b3\/min<\/td>\n<\/tr>\n<\/tbody>\n<\/table>\n<\/td>\n<\/tr>\n<tr>\n<td>Ponto de comuta\u00e7\u00e3o SP<\/td>\n<td>\n<table>\n<colgroup class=\"pd-table-cols-3\">\n<col class=\"pd-table-col-1\" \/>\n<col class=\"pd-table-col-2\" \/>\n<col class=\"pd-table-col-3\" \/><\/colgroup>\n<tbody>\n<tr>\n<td>1,2&#8230;143,9 m\/s<\/td>\n<td>18&#8230;2110 m\u00b3\/h<\/td>\n<td>0,28&#8230;35,18 m\u00b3\/min<\/td>\n<\/tr>\n<\/tbody>\n<\/table>\n<\/td>\n<\/tr>\n<tr>\n<td>Ponto de comuta\u00e7\u00e3o e retorno rP<\/td>\n<td>\n<table>\n<colgroup class=\"pd-table-cols-3\">\n<col class=\"pd-table-col-1\" \/>\n<col class=\"pd-table-col-2\" \/>\n<col class=\"pd-table-col-3\" \/><\/colgroup>\n<tbody>\n<tr>\n<td>0,5&#8230;143,2 m\/s<\/td>\n<td>6&#8230;2100 m\u00b3\/h<\/td>\n<td>0,12&#8230;35 m\u00b3\/min<\/td>\n<\/tr>\n<\/tbody>\n<\/table>\n<\/td>\n<\/tr>\n<tr>\n<td>Ponto inicial do sinal anal\u00f3gico ASP<\/td>\n<td>\n<table>\n<colgroup class=\"pd-table-cols-3\">\n<col class=\"pd-table-col-1\" \/>\n<col class=\"pd-table-col-2\" \/>\n<col class=\"pd-table-col-3\" \/><\/colgroup>\n<tbody>\n<tr>\n<td>0&#8230;107,9 m\/s<\/td>\n<td>0&#8230;1582 m\u00b3\/h<\/td>\n<td>0&#8230;26,38 m\u00b3\/min<\/td>\n<\/tr>\n<\/tbody>\n<\/table>\n<\/td>\n<\/tr>\n<tr>\n<td>Ponto final do sinal anal\u00f3gico AEP<\/td>\n<td>\n<table>\n<colgroup class=\"pd-table-cols-3\">\n<col class=\"pd-table-col-1\" \/>\n<col class=\"pd-table-col-2\" \/>\n<col class=\"pd-table-col-3\" \/><\/colgroup>\n<tbody>\n<tr>\n<td>36&#8230;143,9 m\/s<\/td>\n<td>528&#8230;2110 m\u00b3\/h<\/td>\n<td>8,8&#8230;35,18 m\u00b3\/min<\/td>\n<\/tr>\n<\/tbody>\n<\/table>\n<\/td>\n<\/tr>\n<tr>\n<td>Em passos de<\/td>\n<td>\n<table>\n<colgroup class=\"pd-table-cols-3\">\n<col class=\"pd-table-col-1\" \/>\n<col class=\"pd-table-col-2\" \/>\n<col class=\"pd-table-col-3\" \/><\/colgroup>\n<tbody>\n<tr>\n<td>0,1 m\/s<\/td>\n<td>2 m\u00b3\/h<\/td>\n<td>0,02 m\u00b3\/min<\/td>\n<\/tr>\n<\/tbody>\n<\/table>\n<\/td>\n<\/tr>\n<tr>\n<th class=\"pd-table-h2\" colspan=\"2\" scope=\"colgroup\">Monitoramento da quantidade do fluxo volum\u00e9trico<\/th>\n<\/tr>\n<tr>\n<td>Val\u00eancia de impulso<\/td>\n<td>1&#8230;1000 x 10\u00b3<\/td>\n<\/tr>\n<tr>\n<td>Em intervalos de<\/td>\n<td>1 Nm\u00b3<\/td>\n<\/tr>\n<tr>\n<td>Comprimento do pulso [s]<\/td>\n<td>0,7&#8230;2 (D = 72 mm)<\/td>\n<\/tr>\n<tr>\n<th class=\"pd-table-h2\" colspan=\"2\" scope=\"colgroup\">Controle de temperatura<\/th>\n<\/tr>\n<tr>\n<td>Alcance de medi\u00e7\u00e3o [\u00b0C]<\/td>\n<td>0&#8230;60<\/td>\n<\/tr>\n<tr>\n<td>Escala do display [\u00b0C]<\/td>\n<td>-12&#8230;72<\/td>\n<\/tr>\n<tr>\n<td>Resolu\u00e7\u00e3o [\u00b0C]<\/td>\n<td>0,2<\/td>\n<\/tr>\n<tr>\n<td>Ponto de comuta\u00e7\u00e3o SP [\u00b0C]<\/td>\n<td>0,4&#8230;60<\/td>\n<\/tr>\n<tr>\n<td>Ponto de comuta\u00e7\u00e3o e retorno rP [\u00b0C]<\/td>\n<td>0,2&#8230;59,8<\/td>\n<\/tr>\n<tr>\n<td>Ponto inicial do sinal anal\u00f3gico [\u00b0C]<\/td>\n<td>0&#8230;45<\/td>\n<\/tr>\n<tr>\n<td>Ponto final do sinal anal\u00f3gico [\u00b0C]<\/td>\n<td>15&#8230;60<\/td>\n<\/tr>\n<tr>\n<td>Em intervalos de [\u00b0C]<\/td>\n<td>0,2<\/td>\n<\/tr>\n<tr>\n<th class=\"pd-table-h1\" colspan=\"2\" scope=\"colgroup\">Precis\u00e3o \/ desvios<\/th>\n<\/tr>\n<tr>\n<th class=\"pd-table-h2\" colspan=\"2\" scope=\"colgroup\">Controle de fluxo<\/th>\n<\/tr>\n<tr>\n<td>Repetibilidade [% do valor medido]<\/td>\n<td>\u00b1 1,5<\/td>\n<\/tr>\n<tr>\n<td>Precis\u00e3o (na \u00e1rea de medi\u00e7\u00e3o)<\/td>\n<td>\u00b1 (6 % MW + 0,6 % MEW); (D = 72mm, T = 22 \u00b0C; corrente de volume padr\u00e3o: 50&#8230;850 Nm\u00b3\/h)<\/td>\n<\/tr>\n<tr>\n<th class=\"pd-table-h2\" colspan=\"2\" scope=\"colgroup\">Controle de temperatura<\/th>\n<\/tr>\n<tr>\n<td>Precis\u00e3o [K]<\/td>\n<td>\u00b1 2,5 (Q &gt; 2 Nm\u00b3\/h)<\/td>\n<\/tr>\n<tr>\n<th class=\"pd-table-h1\" colspan=\"2\" scope=\"colgroup\">Tempos de rea\u00e7\u00e3o<\/th>\n<\/tr>\n<tr>\n<th class=\"pd-table-h2\" colspan=\"2\" scope=\"colgroup\">Controle de fluxo<\/th>\n<\/tr>\n<tr>\n<td>Tempo de resposta [s]<\/td>\n<td>0,1; (dAP = 0)<\/td>\n<\/tr>\n<tr>\n<td>Amortecimento da sa\u00edda de comuta\u00e7\u00e3o dAP n\u00edveis [s]<\/td>\n<td>0 &#8211; 0,2 &#8211; 0,4 &#8211; 0,6 &#8211; 0,8 &#8211; 1<\/td>\n<\/tr>\n<tr>\n<th class=\"pd-table-h2\" colspan=\"2\" scope=\"colgroup\">Controle de temperatura<\/th>\n<\/tr>\n<tr>\n<td>Tempo din\u00e2mico de respostas T05 \/ T09 [s]<\/td>\n<td>30 (Q &gt; 2 Nm\u00b3\/h)<\/td>\n<\/tr>\n<tr>\n<th class=\"pd-table-h1\" colspan=\"2\" scope=\"colgroup\">Software \/ programa\u00e7\u00e3o<\/th>\n<\/tr>\n<tr>\n<td>Possibilidades de ajuste dos par\u00e2metros<\/td>\n<td>Controle de fluxo; contador de quantidade; Contadores pr\u00e9-program\u00e1veis; controle de temperatura; histerese \/ janela; abertura \/ fechamento; sa\u00edda de corrente\/pulso; display rotativo\/deslig\u00e1vel; Unidade do display; totalizador<\/td>\n<\/tr>\n<tr>\n<th class=\"pd-table-h1\" colspan=\"2\" scope=\"colgroup\">Interfaces<\/th>\n<\/tr>\n<tr>\n<td>Interface de comunica\u00e7\u00e3o<\/td>\n<td>IO-Link<\/td>\n<\/tr>\n<tr>\n<td>Tipo de transfer\u00eancia<\/td>\n<td>COM2 (38,4 kBaud)<\/td>\n<\/tr>\n<tr>\n<td>Revis\u00e3o IO-Link<\/td>\n<td>1.1<\/td>\n<\/tr>\n<tr>\n<td>SDCI-Padr\u00e3o<\/td>\n<td>IEC 61131-9<\/td>\n<\/tr>\n<tr>\n<td>Perfil<\/td>\n<td>Smart Sensor: Process Data Variable; Device Identification<\/td>\n<\/tr>\n<tr>\n<td>Modo SIO<\/td>\n<td>sim<\/td>\n<\/tr>\n<tr>\n<td>Classe de master port exigida<\/td>\n<td>A<\/td>\n<\/tr>\n<tr>\n<td>Dados do processo anal\u00f3gicos<\/td>\n<td>3<\/td>\n<\/tr>\n<tr>\n<td>Dados do processo bin\u00e1rios<\/td>\n<td>2<\/td>\n<\/tr>\n<tr>\n<td>Tempo m\u00edn. do ciclo do processo [ms]<\/td>\n<td>5<\/td>\n<\/tr>\n<tr>\n<td>DeviceIDs suportados<\/td>\n<td>\n<table>\n<colgroup class=\"pd-table-cols-2\">\n<col class=\"pd-table-col-1\" \/>\n<col class=\"pd-table-col-2\" \/><\/colgroup>\n<tbody>\n<tr>\n<td>Modo de opera\u00e7\u00e3o<\/td>\n<td>DeviceID<\/td>\n<\/tr>\n<tr>\n<td>falho<\/td>\n<td>381<\/td>\n<\/tr>\n<\/tbody>\n<\/table>\n<\/td>\n<\/tr>\n<tr>\n<th class=\"pd-table-h1\" colspan=\"2\" scope=\"colgroup\">Condi\u00e7\u00f5es ambientais<\/th>\n<\/tr>\n<tr>\n<td>Temperatura ambiente [\u00b0C]<\/td>\n<td>0&#8230;60<\/td>\n<\/tr>\n<tr>\n<td>Temperatura de armazenamento [\u00b0C]<\/td>\n<td>-20&#8230;85<\/td>\n<\/tr>\n<tr>\n<td>Umidade relativa do ar m\u00e1x. [%]<\/td>\n<td>90<\/td>\n<\/tr>\n<tr>\n<td>Prote\u00e7\u00e3o<\/td>\n<td>IP 65<\/td>\n<\/tr>\n<tr>\n<th class=\"pd-table-h1\" colspan=\"2\" scope=\"colgroup\">Certifica\u00e7\u00f5es \/ testes<\/th>\n<\/tr>\n<tr>\n<td>EMC<\/td>\n<td>\n<table>\n<colgroup class=\"pd-table-cols-2\">\n<col class=\"pd-table-col-1\" \/>\n<col class=\"pd-table-col-2\" \/><\/colgroup>\n<tbody>\n<tr>\n<td>DIN EN 60947-5-9<\/td>\n<td><\/td>\n<\/tr>\n<tr>\n<td>DIN EN 61000-6-3<\/td>\n<td><\/td>\n<\/tr>\n<\/tbody>\n<\/table>\n<\/td>\n<\/tr>\n<tr>\n<td>Resist\u00eancia \u00e0 vibra\u00e7\u00f5es<\/td>\n<td>\n<table>\n<colgroup class=\"pd-table-cols-2\">\n<col class=\"pd-table-col-1\" \/>\n<col class=\"pd-table-col-2\" \/><\/colgroup>\n<tbody>\n<tr>\n<td>DIN EN 60068-2-6<\/td>\n<td>5 g (55&#8230;2000 Hz)<\/td>\n<\/tr>\n<\/tbody>\n<\/table>\n<\/td>\n<\/tr>\n<tr>\n<td>MTTF [anos]<\/td>\n<td>213<\/td>\n<\/tr>\n<tr>\n<th class=\"pd-table-h1\" colspan=\"2\" scope=\"colgroup\">Dados mec\u00e2nicos<\/th>\n<\/tr>\n<tr>\n<td>Peso [g]<\/td>\n<td>539,5<\/td>\n<\/tr>\n<tr>\n<td>Materiais<\/td>\n<td>PBT-GF20; PC; 1.4301 (a\u00e7o inoxid\u00e1vel \/ 304); FKM<\/td>\n<\/tr>\n<tr>\n<td>Materiais em contato com o flu\u00eddo<\/td>\n<td>1.4401 (a\u00e7o inoxid\u00e1vel \/ 316); 1.4301 (a\u00e7o inoxid\u00e1vel \/ 304); cer\u00e2mica de vidro passivado; PEEK; Poli\u00e9ster; FKM<\/td>\n<\/tr>\n<tr>\n<td>Conex\u00e3o de processo<\/td>\n<td>conex\u00e3o da rosca G 1 Rosca interna<\/td>\n<\/tr>\n<tr>\n<th class=\"pd-table-h1\" colspan=\"2\" scope=\"colgroup\">Displays \/ elementos de opera\u00e7\u00e3o<\/th>\n<\/tr>\n<tr>\n<td>Display<\/td>\n<td>\n<table>\n<colgroup class=\"pd-table-cols-2\">\n<col class=\"pd-table-col-1\" \/>\n<col class=\"pd-table-col-2\" \/><\/colgroup>\n<tbody>\n<tr>\n<td>Unidade do display<\/td>\n<td>4 x LED, verde (Nm\u00b3\/min, Nm\u00b3\/h, Nm\u00b3, \u00b0C)<\/td>\n<\/tr>\n<tr>\n<td>Display de fun\u00e7\u00f5es<\/td>\n<td>1 x LED, verde<\/td>\n<\/tr>\n<tr>\n<td>Status de chaveamento<\/td>\n<td>2 x LED, amarelo<\/td>\n<\/tr>\n<tr>\n<td>valores de medi\u00e7\u00e3o<\/td>\n<td>exibi\u00e7\u00e3o alfanum\u00e9rica, 4 d\u00edgitos<\/td>\n<\/tr>\n<tr>\n<td>programa\u00e7\u00e3o<\/td>\n<td>exibi\u00e7\u00e3o alfanum\u00e9rica, 4 d\u00edgitos<\/td>\n<\/tr>\n<\/tbody>\n<\/table>\n<\/td>\n<\/tr>\n<tr>\n<th class=\"pd-table-h1\" colspan=\"2\" scope=\"colgroup\">Notas<\/th>\n<\/tr>\n<tr>\n<td>Notas<\/td>\n<td>\n<table>\n<colgroup class=\"pd-table-cols-1\">\n<col class=\"pd-table-col-1\" \/><\/colgroup>\n<tbody>\n<tr>\n<td>Faixas de medi\u00e7\u00e3o, de indica\u00e7\u00e3o e de ajuste referem-se ao fluxo volum\u00e9trico padr\u00e3o conforme DIN ISO 2533.<\/td>\n<\/tr>\n<tr>\n<td>D = di\u00e2metro interno do tubo<\/td>\n<\/tr>\n<\/tbody>\n<\/table>\n<\/td>\n<\/tr>\n<tr>\n<td>Quantidade<\/td>\n<td>1 pe\u00e7a<\/td>\n<\/tr>\n<tr>\n<th class=\"pd-table-h1\" colspan=\"2\" scope=\"colgroup\">conex\u00e3o el\u00e9trica<\/th>\n<\/tr>\n<tr>\n<td>Conex\u00e3o<\/td>\n<td>Conex\u00e3o: 1 x M12<\/td>\n<\/tr>\n<\/tbody>\n<\/table>\n","protected":false},"excerpt":{"rendered":"<p>Caracter\u00edsticas do produto Quantidade de entradas e sa\u00eddas Quantidade de sa\u00eddas digitais: 2; Quantidade de sa\u00eddas anal\u00f3gicas: 1 Alcance de medi\u00e7\u00e3o 0,5&#8230;143,9 m\/s 8&#8230;2110 m\u00b3\/h 0,12&#8230;35,18 m\u00b3\/min Conex\u00e3o de processo conex\u00e3o da rosca G 1 Rosca interna Campo de aplica\u00e7\u00e3o Montagem Ajust\u00e1vel ao di\u00e2metro interno dos tubos; (38&#8230;254 mm) Subst\u00e2ncias Ar comprimido Temperatura do flu\u00eddo [&hellip;]<\/p>\n","protected":false},"featured_media":3656,"template":"","meta":[],"product_brand":[],"product_cat":[353,96,56],"product_tag":[58,57],"class_list":{"0":"post-3655","1":"product","2":"type-product","3":"status-publish","4":"has-post-thumbnail","6":"product_cat-ifm","7":"product_cat-cabos","8":"product_cat-sensores","9":"product_tag-ifm","10":"product_tag-sensor","12":"first","13":"instock","14":"shipping-taxable","15":"product-type-simple"},"yoast_head":"<!-- This site is optimized with the Yoast SEO plugin v26.3 - https:\/\/yoast.com\/wordpress\/plugins\/seo\/ -->\n<title>SD0523-medidor de ar comprimido-IFM - Loja Motion Up<\/title>\n<meta name=\"robots\" content=\"index, follow, max-snippet:-1, max-image-preview:large, max-video-preview:-1\" \/>\n<link rel=\"canonical\" href=\"https:\/\/motionup.com.br\/site\/produto\/sd0523-medidor-de-ar-comprimido-ifm\/\" \/>\n<meta property=\"og:locale\" content=\"pt_BR\" \/>\n<meta property=\"og:type\" content=\"article\" \/>\n<meta property=\"og:title\" content=\"SD0523-medidor de ar comprimido-IFM - Loja Motion Up\" \/>\n<meta property=\"og:description\" content=\"Caracter\u00edsticas do produto Quantidade de entradas e sa\u00eddas Quantidade de sa\u00eddas digitais: 2; Quantidade de sa\u00eddas anal\u00f3gicas: 1 Alcance de medi\u00e7\u00e3o 0,5&#8230;143,9 m\/s 8&#8230;2110 m\u00b3\/h 0,12&#8230;35,18 m\u00b3\/min Conex\u00e3o de processo conex\u00e3o da rosca G 1 Rosca interna Campo de aplica\u00e7\u00e3o Montagem Ajust\u00e1vel ao di\u00e2metro interno dos tubos; (38&#8230;254 mm) Subst\u00e2ncias Ar comprimido Temperatura do flu\u00eddo [&hellip;]\" \/>\n<meta property=\"og:url\" content=\"https:\/\/motionup.com.br\/site\/produto\/sd0523-medidor-de-ar-comprimido-ifm\/\" \/>\n<meta property=\"og:site_name\" content=\"Loja Motion Up\" \/>\n<meta property=\"article:publisher\" content=\"https:\/\/m.facebook.com\/fp3motionup\/about\/\" \/>\n<meta property=\"article:modified_time\" content=\"2021-06-02T17:33:58+00:00\" \/>\n<meta property=\"og:image\" content=\"https:\/\/motionup.com.br\/site\/wp-content\/uploads\/2021\/06\/P_F_E_W_300_0135_SD0523_01.jpg\" \/>\n\t<meta property=\"og:image:width\" content=\"1200\" \/>\n\t<meta property=\"og:image:height\" content=\"1200\" \/>\n\t<meta property=\"og:image:type\" content=\"image\/jpeg\" \/>\n<meta name=\"twitter:card\" content=\"summary_large_image\" \/>\n<meta name=\"twitter:label1\" content=\"Est. tempo de leitura\" \/>\n\t<meta name=\"twitter:data1\" content=\"4 minutos\" \/>\n<script type=\"application\/ld+json\" class=\"yoast-schema-graph\">{\"@context\":\"https:\/\/schema.org\",\"@graph\":[{\"@type\":\"WebPage\",\"@id\":\"https:\/\/motionup.com.br\/site\/produto\/sd0523-medidor-de-ar-comprimido-ifm\/\",\"url\":\"https:\/\/motionup.com.br\/site\/produto\/sd0523-medidor-de-ar-comprimido-ifm\/\",\"name\":\"SD0523-medidor de ar comprimido-IFM - Loja Motion Up\",\"isPartOf\":{\"@id\":\"https:\/\/motionup.com.br\/site\/#website\"},\"primaryImageOfPage\":{\"@id\":\"https:\/\/motionup.com.br\/site\/produto\/sd0523-medidor-de-ar-comprimido-ifm\/#primaryimage\"},\"image\":{\"@id\":\"https:\/\/motionup.com.br\/site\/produto\/sd0523-medidor-de-ar-comprimido-ifm\/#primaryimage\"},\"thumbnailUrl\":\"https:\/\/motionup.com.br\/site\/wp-content\/uploads\/2021\/06\/P_F_E_W_300_0135_SD0523_01.jpg\",\"datePublished\":\"2021-06-02T17:32:18+00:00\",\"dateModified\":\"2021-06-02T17:33:58+00:00\",\"breadcrumb\":{\"@id\":\"https:\/\/motionup.com.br\/site\/produto\/sd0523-medidor-de-ar-comprimido-ifm\/#breadcrumb\"},\"inLanguage\":\"pt-BR\",\"potentialAction\":[{\"@type\":\"ReadAction\",\"target\":[\"https:\/\/motionup.com.br\/site\/produto\/sd0523-medidor-de-ar-comprimido-ifm\/\"]}]},{\"@type\":\"ImageObject\",\"inLanguage\":\"pt-BR\",\"@id\":\"https:\/\/motionup.com.br\/site\/produto\/sd0523-medidor-de-ar-comprimido-ifm\/#primaryimage\",\"url\":\"https:\/\/motionup.com.br\/site\/wp-content\/uploads\/2021\/06\/P_F_E_W_300_0135_SD0523_01.jpg\",\"contentUrl\":\"https:\/\/motionup.com.br\/site\/wp-content\/uploads\/2021\/06\/P_F_E_W_300_0135_SD0523_01.jpg\",\"width\":1200,\"height\":1200},{\"@type\":\"BreadcrumbList\",\"@id\":\"https:\/\/motionup.com.br\/site\/produto\/sd0523-medidor-de-ar-comprimido-ifm\/#breadcrumb\",\"itemListElement\":[{\"@type\":\"ListItem\",\"position\":1,\"name\":\"In\u00edcio\",\"item\":\"https:\/\/motionup.com.br\/site\/\"},{\"@type\":\"ListItem\",\"position\":2,\"name\":\"Produtos\",\"item\":\"https:\/\/motionup.com.br\/site\/produtos\/\"},{\"@type\":\"ListItem\",\"position\":3,\"name\":\"SD0523-medidor de ar comprimido-IFM\"}]},{\"@type\":\"WebSite\",\"@id\":\"https:\/\/motionup.com.br\/site\/#website\",\"url\":\"https:\/\/motionup.com.br\/site\/\",\"name\":\"Motion Up\",\"description\":\"E-commerce Motion Up - Automa\u00e7\u00e3o Industrial\",\"publisher\":{\"@id\":\"https:\/\/motionup.com.br\/site\/#organization\"},\"potentialAction\":[{\"@type\":\"SearchAction\",\"target\":{\"@type\":\"EntryPoint\",\"urlTemplate\":\"https:\/\/motionup.com.br\/site\/?s={search_term_string}\"},\"query-input\":{\"@type\":\"PropertyValueSpecification\",\"valueRequired\":true,\"valueName\":\"search_term_string\"}}],\"inLanguage\":\"pt-BR\"},{\"@type\":\"Organization\",\"@id\":\"https:\/\/motionup.com.br\/site\/#organization\",\"name\":\"Motion Up\",\"url\":\"https:\/\/motionup.com.br\/site\/\",\"logo\":{\"@type\":\"ImageObject\",\"inLanguage\":\"pt-BR\",\"@id\":\"https:\/\/motionup.com.br\/site\/#\/schema\/logo\/image\/\",\"url\":\"https:\/\/motionup.com.br\/site\/wp-content\/uploads\/2025\/05\/MOTIONUP.png\",\"contentUrl\":\"https:\/\/motionup.com.br\/site\/wp-content\/uploads\/2025\/05\/MOTIONUP.png\",\"width\":1200,\"height\":601,\"caption\":\"Motion Up\"},\"image\":{\"@id\":\"https:\/\/motionup.com.br\/site\/#\/schema\/logo\/image\/\"},\"sameAs\":[\"https:\/\/m.facebook.com\/fp3motionup\/about\/\",\"https:\/\/br.linkedin.com\/company\/fpn-controle-e-automao-industrial-ltda\"]}]}<\/script>\n<!-- \/ Yoast SEO plugin. -->","yoast_head_json":{"title":"SD0523-medidor de ar comprimido-IFM - Loja Motion Up","robots":{"index":"index","follow":"follow","max-snippet":"max-snippet:-1","max-image-preview":"max-image-preview:large","max-video-preview":"max-video-preview:-1"},"canonical":"https:\/\/motionup.com.br\/site\/produto\/sd0523-medidor-de-ar-comprimido-ifm\/","og_locale":"pt_BR","og_type":"article","og_title":"SD0523-medidor de ar comprimido-IFM - Loja Motion Up","og_description":"Caracter\u00edsticas do produto Quantidade de entradas e sa\u00eddas Quantidade de sa\u00eddas digitais: 2; Quantidade de sa\u00eddas anal\u00f3gicas: 1 Alcance de medi\u00e7\u00e3o 0,5&#8230;143,9 m\/s 8&#8230;2110 m\u00b3\/h 0,12&#8230;35,18 m\u00b3\/min Conex\u00e3o de processo conex\u00e3o da rosca G 1 Rosca interna Campo de aplica\u00e7\u00e3o Montagem Ajust\u00e1vel ao di\u00e2metro interno dos tubos; (38&#8230;254 mm) Subst\u00e2ncias Ar comprimido Temperatura do flu\u00eddo [&hellip;]","og_url":"https:\/\/motionup.com.br\/site\/produto\/sd0523-medidor-de-ar-comprimido-ifm\/","og_site_name":"Loja Motion Up","article_publisher":"https:\/\/m.facebook.com\/fp3motionup\/about\/","article_modified_time":"2021-06-02T17:33:58+00:00","og_image":[{"width":1200,"height":1200,"url":"https:\/\/motionup.com.br\/site\/wp-content\/uploads\/2021\/06\/P_F_E_W_300_0135_SD0523_01.jpg","type":"image\/jpeg"}],"twitter_card":"summary_large_image","twitter_misc":{"Est. tempo de leitura":"4 minutos"},"schema":{"@context":"https:\/\/schema.org","@graph":[{"@type":"WebPage","@id":"https:\/\/motionup.com.br\/site\/produto\/sd0523-medidor-de-ar-comprimido-ifm\/","url":"https:\/\/motionup.com.br\/site\/produto\/sd0523-medidor-de-ar-comprimido-ifm\/","name":"SD0523-medidor de ar comprimido-IFM - Loja Motion Up","isPartOf":{"@id":"https:\/\/motionup.com.br\/site\/#website"},"primaryImageOfPage":{"@id":"https:\/\/motionup.com.br\/site\/produto\/sd0523-medidor-de-ar-comprimido-ifm\/#primaryimage"},"image":{"@id":"https:\/\/motionup.com.br\/site\/produto\/sd0523-medidor-de-ar-comprimido-ifm\/#primaryimage"},"thumbnailUrl":"https:\/\/motionup.com.br\/site\/wp-content\/uploads\/2021\/06\/P_F_E_W_300_0135_SD0523_01.jpg","datePublished":"2021-06-02T17:32:18+00:00","dateModified":"2021-06-02T17:33:58+00:00","breadcrumb":{"@id":"https:\/\/motionup.com.br\/site\/produto\/sd0523-medidor-de-ar-comprimido-ifm\/#breadcrumb"},"inLanguage":"pt-BR","potentialAction":[{"@type":"ReadAction","target":["https:\/\/motionup.com.br\/site\/produto\/sd0523-medidor-de-ar-comprimido-ifm\/"]}]},{"@type":"ImageObject","inLanguage":"pt-BR","@id":"https:\/\/motionup.com.br\/site\/produto\/sd0523-medidor-de-ar-comprimido-ifm\/#primaryimage","url":"https:\/\/motionup.com.br\/site\/wp-content\/uploads\/2021\/06\/P_F_E_W_300_0135_SD0523_01.jpg","contentUrl":"https:\/\/motionup.com.br\/site\/wp-content\/uploads\/2021\/06\/P_F_E_W_300_0135_SD0523_01.jpg","width":1200,"height":1200},{"@type":"BreadcrumbList","@id":"https:\/\/motionup.com.br\/site\/produto\/sd0523-medidor-de-ar-comprimido-ifm\/#breadcrumb","itemListElement":[{"@type":"ListItem","position":1,"name":"In\u00edcio","item":"https:\/\/motionup.com.br\/site\/"},{"@type":"ListItem","position":2,"name":"Produtos","item":"https:\/\/motionup.com.br\/site\/produtos\/"},{"@type":"ListItem","position":3,"name":"SD0523-medidor de ar comprimido-IFM"}]},{"@type":"WebSite","@id":"https:\/\/motionup.com.br\/site\/#website","url":"https:\/\/motionup.com.br\/site\/","name":"Motion Up","description":"E-commerce Motion Up - Automa\u00e7\u00e3o Industrial","publisher":{"@id":"https:\/\/motionup.com.br\/site\/#organization"},"potentialAction":[{"@type":"SearchAction","target":{"@type":"EntryPoint","urlTemplate":"https:\/\/motionup.com.br\/site\/?s={search_term_string}"},"query-input":{"@type":"PropertyValueSpecification","valueRequired":true,"valueName":"search_term_string"}}],"inLanguage":"pt-BR"},{"@type":"Organization","@id":"https:\/\/motionup.com.br\/site\/#organization","name":"Motion Up","url":"https:\/\/motionup.com.br\/site\/","logo":{"@type":"ImageObject","inLanguage":"pt-BR","@id":"https:\/\/motionup.com.br\/site\/#\/schema\/logo\/image\/","url":"https:\/\/motionup.com.br\/site\/wp-content\/uploads\/2025\/05\/MOTIONUP.png","contentUrl":"https:\/\/motionup.com.br\/site\/wp-content\/uploads\/2025\/05\/MOTIONUP.png","width":1200,"height":601,"caption":"Motion Up"},"image":{"@id":"https:\/\/motionup.com.br\/site\/#\/schema\/logo\/image\/"},"sameAs":["https:\/\/m.facebook.com\/fp3motionup\/about\/","https:\/\/br.linkedin.com\/company\/fpn-controle-e-automao-industrial-ltda"]}]}},"_links":{"self":[{"href":"https:\/\/motionup.com.br\/site\/wp-json\/wp\/v2\/product\/3655","targetHints":{"allow":["GET"]}}],"collection":[{"href":"https:\/\/motionup.com.br\/site\/wp-json\/wp\/v2\/product"}],"about":[{"href":"https:\/\/motionup.com.br\/site\/wp-json\/wp\/v2\/types\/product"}],"wp:featuredmedia":[{"embeddable":true,"href":"https:\/\/motionup.com.br\/site\/wp-json\/wp\/v2\/media\/3656"}],"wp:attachment":[{"href":"https:\/\/motionup.com.br\/site\/wp-json\/wp\/v2\/media?parent=3655"}],"wp:term":[{"taxonomy":"product_brand","embeddable":true,"href":"https:\/\/motionup.com.br\/site\/wp-json\/wp\/v2\/product_brand?post=3655"},{"taxonomy":"product_cat","embeddable":true,"href":"https:\/\/motionup.com.br\/site\/wp-json\/wp\/v2\/product_cat?post=3655"},{"taxonomy":"product_tag","embeddable":true,"href":"https:\/\/motionup.com.br\/site\/wp-json\/wp\/v2\/product_tag?post=3655"}],"curies":[{"name":"wp","href":"https:\/\/api.w.org\/{rel}","templated":true}]}}