{"id":3669,"date":"2021-06-04T08:55:12","date_gmt":"2021-06-04T11:55:12","guid":{"rendered":"https:\/\/motionup.com.br\/site\/?post_type=product&#038;p=3669"},"modified":"2021-06-04T08:58:15","modified_gmt":"2021-06-04T11:58:15","slug":"sl0101-controlador-de-circulacao-de-ar-ifm","status":"publish","type":"product","link":"https:\/\/motionup.com.br\/site\/produto\/sl0101-controlador-de-circulacao-de-ar-ifm\/","title":{"rendered":"SL0101-Controlador de circula\u00e7\u00e3o de ar-IFM"},"content":{"rendered":"<table class=\"pd-table\">\n<tbody>\n<tr>\n<th class=\"pd-table-h1\" colspan=\"2\" scope=\"colgroup\">Caracter\u00edsticas do produto<\/th>\n<\/tr>\n<tr>\n<td>Quantidade de entradas e sa\u00eddas<\/td>\n<td>Quantidade de sa\u00eddas de rel\u00e9: 1<\/td>\n<\/tr>\n<tr>\n<td>Conex\u00e3o de processo<\/td>\n<td>\u00d8 23 mm<\/td>\n<\/tr>\n<tr>\n<th class=\"pd-table-h1\" colspan=\"2\" scope=\"colgroup\">Campo de aplica\u00e7\u00e3o<\/th>\n<\/tr>\n<tr>\n<td>Temperatura do flu\u00eddo [\u00b0C]<\/td>\n<td>-10&#8230;50<\/td>\n<\/tr>\n<tr>\n<td>Resist\u00eancia \u00e0 press\u00e3o [bar]<\/td>\n<td>1<\/td>\n<\/tr>\n<tr>\n<th class=\"pd-table-h1\" colspan=\"2\" scope=\"colgroup\">Dados el\u00e9tricos<\/th>\n<\/tr>\n<tr>\n<td>Tens\u00e3o de opera\u00e7\u00e3o [V]<\/td>\n<td>80&#8230;250 AC \/ 90&#8230;250 DC<\/td>\n<\/tr>\n<tr>\n<td>Consumo energ\u00e9tico m\u00e1x. [VA]<\/td>\n<td>3<\/td>\n<\/tr>\n<tr>\n<td>Resist\u00eancia de isolamento m\u00edn. [M\u03a9]<\/td>\n<td>100; (500 V DC)<\/td>\n<\/tr>\n<tr>\n<td>Prote\u00e7\u00e3o contra invers\u00e3o de polaridade<\/td>\n<td>n\u00e3o<\/td>\n<\/tr>\n<tr>\n<td>Retardo de prontid\u00e3o [s]<\/td>\n<td>60<\/td>\n<\/tr>\n<tr>\n<th class=\"pd-table-h1\" colspan=\"2\" scope=\"colgroup\">Entradas\/sa\u00eddas<\/th>\n<\/tr>\n<tr>\n<td>Quantidade de entradas e sa\u00eddas<\/td>\n<td>Quantidade de sa\u00eddas de rel\u00e9: 1<\/td>\n<\/tr>\n<tr>\n<th class=\"pd-table-h1\" colspan=\"2\" scope=\"colgroup\">Sa\u00eddas<\/th>\n<\/tr>\n<tr>\n<td>Sinal de sa\u00edda<\/td>\n<td>sinal de comuta\u00e7\u00e3o<\/td>\n<\/tr>\n<tr>\n<td>Quantidade de sa\u00eddas de rel\u00e9<\/td>\n<td>1<\/td>\n<\/tr>\n<tr>\n<td>Poder de corte<\/td>\n<td>3 A (30 V DC \/ 250 V AC)<\/td>\n<\/tr>\n<tr>\n<td>Fun\u00e7\u00e3o de comuta\u00e7\u00e3o do monitoramento do fluxo<\/td>\n<td>rel\u00e9 \u00e9 energizado quando o fluxo estiver presente<\/td>\n<\/tr>\n<tr>\n<td>Prote\u00e7\u00e3o contra curto-circuitos<\/td>\n<td>n\u00e3o<\/td>\n<\/tr>\n<tr>\n<td>Prote\u00e7\u00e3o contra sobrecarga<\/td>\n<td>n\u00e3o<\/td>\n<\/tr>\n<tr>\n<th class=\"pd-table-h1\" colspan=\"2\" scope=\"colgroup\">Faixa de medi\u00e7\u00e3o \/ de ajuste<\/th>\n<\/tr>\n<tr>\n<th class=\"pd-table-h2\" colspan=\"2\" scope=\"colgroup\">Meios gasosos<\/th>\n<\/tr>\n<tr>\n<td>Alcance de ajuste [cm\/s]<\/td>\n<td>100&#8230;1000<\/td>\n<\/tr>\n<tr>\n<td>Sensibilidade m\u00e1xima [cm\/s]<\/td>\n<td>100&#8230;400<\/td>\n<\/tr>\n<tr>\n<th class=\"pd-table-h1\" colspan=\"2\" scope=\"colgroup\">Precis\u00e3o \/ desvios<\/th>\n<\/tr>\n<tr>\n<td>Gradiente da temperatura [K\/min]<\/td>\n<td>5<\/td>\n<\/tr>\n<tr>\n<th class=\"pd-table-h1\" colspan=\"2\" scope=\"colgroup\">Tempos de rea\u00e7\u00e3o<\/th>\n<\/tr>\n<tr>\n<td>Tempo de resposta [s]<\/td>\n<td>3&#8230;60<\/td>\n<\/tr>\n<tr>\n<th class=\"pd-table-h2\" colspan=\"2\" scope=\"colgroup\">Meios gasosos<\/th>\n<\/tr>\n<tr>\n<td>Tempo de resposta [s]<\/td>\n<td>3&#8230;60<\/td>\n<\/tr>\n<tr>\n<th class=\"pd-table-h1\" colspan=\"2\" scope=\"colgroup\">Software \/ programa\u00e7\u00e3o<\/th>\n<\/tr>\n<tr>\n<td>Ajuste do ponto de comuta\u00e7\u00e3o<\/td>\n<td>com potenci\u00f4metro<\/td>\n<\/tr>\n<tr>\n<th class=\"pd-table-h1\" colspan=\"2\" scope=\"colgroup\">Condi\u00e7\u00f5es ambientais<\/th>\n<\/tr>\n<tr>\n<td>Temperatura ambiente [\u00b0C]<\/td>\n<td>-10&#8230;50<\/td>\n<\/tr>\n<tr>\n<td>Temperatura de armazenamento [\u00b0C]<\/td>\n<td>-25&#8230;85<\/td>\n<\/tr>\n<tr>\n<td>Umidade relativa do ar m\u00e1x. [%]<\/td>\n<td>90<\/td>\n<\/tr>\n<tr>\n<td>Prote\u00e7\u00e3o<\/td>\n<td>IP 65<\/td>\n<\/tr>\n<tr>\n<th class=\"pd-table-h1\" colspan=\"2\" scope=\"colgroup\">Certifica\u00e7\u00f5es \/ testes<\/th>\n<\/tr>\n<tr>\n<td>MTTF [anos]<\/td>\n<td>747<\/td>\n<\/tr>\n<tr>\n<th class=\"pd-table-h1\" colspan=\"2\" scope=\"colgroup\">Dados mec\u00e2nicos<\/th>\n<\/tr>\n<tr>\n<td>Peso [g]<\/td>\n<td>208<\/td>\n<\/tr>\n<tr>\n<td>Dimens\u00f5es [mm]<\/td>\n<td>\u00d8 23 \/ L = 142<\/td>\n<\/tr>\n<tr>\n<td>Materiais<\/td>\n<td>inv\u00f3lucro: PBT; superf\u00edcie do sensor: tit\u00e2nio<\/td>\n<\/tr>\n<tr>\n<td>Materiais em contato com o flu\u00eddo<\/td>\n<td>PBT; tit\u00e2nio<\/td>\n<\/tr>\n<tr>\n<td>Conex\u00e3o de processo<\/td>\n<td>\u00d8 23 mm<\/td>\n<\/tr>\n<tr>\n<th class=\"pd-table-h1\" colspan=\"2\" scope=\"colgroup\">Displays \/ elementos de opera\u00e7\u00e3o<\/th>\n<\/tr>\n<tr>\n<td>Display<\/td>\n<td>\n<table>\n<colgroup class=\"pd-table-cols-2\">\n<col class=\"pd-table-col-1\" \/>\n<col class=\"pd-table-col-2\" \/><\/colgroup>\n<tbody>\n<tr>\n<td>Fun\u00e7\u00e3o<\/td>\n<td>1 x LED, vermelho<\/td>\n<\/tr>\n<tr>\n<td>Fun\u00e7\u00e3o<\/td>\n<td>1 x LED, verde<\/td>\n<\/tr>\n<\/tbody>\n<\/table>\n<\/td>\n<\/tr>\n<tr>\n<th class=\"pd-table-h1\" colspan=\"2\" scope=\"colgroup\">Conex\u00e3o el\u00e9trica<\/th>\n<\/tr>\n<tr>\n<td>Prote\u00e7\u00e3o necess\u00e1ria<\/td>\n<td>fus\u00edvel miniatura conforme a norma IEC60127-2 Folha 1; \u2264 5 A; r\u00e1pido<\/td>\n<\/tr>\n<tr>\n<th class=\"pd-table-h1\" colspan=\"2\" scope=\"colgroup\">Acess\u00f3rios<\/th>\n<\/tr>\n<tr>\n<td>Material inclu\u00eddo<\/td>\n<td>\n<table>\n<colgroup class=\"pd-table-cols-1\">\n<col class=\"pd-table-col-1\" \/><\/colgroup>\n<tbody>\n<tr>\n<td>Grampo de fixa\u00e7\u00e3o: 1, E40048<\/td>\n<\/tr>\n<\/tbody>\n<\/table>\n<\/td>\n<\/tr>\n<tr>\n<th class=\"pd-table-h1\" colspan=\"2\" scope=\"colgroup\">Notas<\/th>\n<\/tr>\n<tr>\n<td>Notas<\/td>\n<td>\n<table>\n<colgroup class=\"pd-table-cols-1\">\n<col class=\"pd-table-col-1\" \/><\/colgroup>\n<tbody>\n<tr>\n<td>recomenda\u00e7\u00e3o Ap\u00f3s um curto-circuito, o aparelho deve ser verificado se est\u00e1 funcionando corretamente!<\/td>\n<\/tr>\n<\/tbody>\n<\/table>\n<\/td>\n<\/tr>\n<tr>\n<td>Quantidade<\/td>\n<td>1 pe\u00e7a<\/td>\n<\/tr>\n<tr>\n<th class=\"pd-table-h1\" colspan=\"2\" scope=\"colgroup\">conex\u00e3o el\u00e9trica<\/th>\n<\/tr>\n<tr>\n<td>Conex\u00e3o<\/td>\n<td>cabo: 2 m, PVC; 4 x 0,5 mm\u00b2<\/td>\n<\/tr>\n<\/tbody>\n<\/table>\n","protected":false},"excerpt":{"rendered":"<p>Caracter\u00edsticas do produto Quantidade de entradas e sa\u00eddas Quantidade de sa\u00eddas de rel\u00e9: 1 Conex\u00e3o de processo \u00d8 23 mm Campo de aplica\u00e7\u00e3o Temperatura do flu\u00eddo [\u00b0C] -10&#8230;50 Resist\u00eancia \u00e0 press\u00e3o [bar] 1 Dados el\u00e9tricos Tens\u00e3o de opera\u00e7\u00e3o [V] 80&#8230;250 AC \/ 90&#8230;250 DC Consumo energ\u00e9tico m\u00e1x. [VA] 3 Resist\u00eancia de isolamento m\u00edn. [M\u03a9] 100; [&hellip;]<\/p>\n","protected":false},"featured_media":3670,"template":"","meta":[],"product_brand":[],"product_cat":[353,56],"product_tag":[63,58,57],"class_list":{"0":"post-3669","1":"product","2":"type-product","3":"status-publish","4":"has-post-thumbnail","6":"product_cat-ifm","7":"product_cat-sensores","8":"product_tag-fluxo","9":"product_tag-ifm","10":"product_tag-sensor","12":"first","13":"instock","14":"shipping-taxable","15":"product-type-simple"},"yoast_head":"<!-- This site is optimized with the Yoast SEO plugin v26.3 - https:\/\/yoast.com\/wordpress\/plugins\/seo\/ -->\n<title>SL0101-Controlador de circula\u00e7\u00e3o de ar-IFM - Loja Motion Up<\/title>\n<meta name=\"robots\" content=\"index, follow, max-snippet:-1, max-image-preview:large, max-video-preview:-1\" \/>\n<link rel=\"canonical\" href=\"https:\/\/motionup.com.br\/site\/produto\/sl0101-controlador-de-circulacao-de-ar-ifm\/\" \/>\n<meta property=\"og:locale\" content=\"pt_BR\" \/>\n<meta property=\"og:type\" content=\"article\" \/>\n<meta property=\"og:title\" content=\"SL0101-Controlador de circula\u00e7\u00e3o de ar-IFM - Loja Motion Up\" \/>\n<meta property=\"og:description\" content=\"Caracter\u00edsticas do produto Quantidade de entradas e sa\u00eddas Quantidade de sa\u00eddas de rel\u00e9: 1 Conex\u00e3o de processo \u00d8 23 mm Campo de aplica\u00e7\u00e3o Temperatura do flu\u00eddo [\u00b0C] -10&#8230;50 Resist\u00eancia \u00e0 press\u00e3o [bar] 1 Dados el\u00e9tricos Tens\u00e3o de opera\u00e7\u00e3o [V] 80&#8230;250 AC \/ 90&#8230;250 DC Consumo energ\u00e9tico m\u00e1x. [VA] 3 Resist\u00eancia de isolamento m\u00edn. [M\u03a9] 100; [&hellip;]\" \/>\n<meta property=\"og:url\" content=\"https:\/\/motionup.com.br\/site\/produto\/sl0101-controlador-de-circulacao-de-ar-ifm\/\" \/>\n<meta property=\"og:site_name\" content=\"Loja Motion Up\" \/>\n<meta property=\"article:publisher\" content=\"https:\/\/m.facebook.com\/fp3motionup\/about\/\" \/>\n<meta property=\"article:modified_time\" content=\"2021-06-04T11:58:15+00:00\" \/>\n<meta property=\"og:image\" content=\"https:\/\/motionup.com.br\/site\/wp-content\/uploads\/2021\/06\/P_F_E_W_300_0256_SL0101_01.jpg\" \/>\n\t<meta property=\"og:image:width\" content=\"1200\" \/>\n\t<meta property=\"og:image:height\" content=\"1200\" \/>\n\t<meta property=\"og:image:type\" content=\"image\/jpeg\" \/>\n<meta name=\"twitter:card\" content=\"summary_large_image\" \/>\n<meta name=\"twitter:label1\" content=\"Est. tempo de leitura\" \/>\n\t<meta name=\"twitter:data1\" content=\"2 minutos\" \/>\n<script type=\"application\/ld+json\" class=\"yoast-schema-graph\">{\"@context\":\"https:\/\/schema.org\",\"@graph\":[{\"@type\":\"WebPage\",\"@id\":\"https:\/\/motionup.com.br\/site\/produto\/sl0101-controlador-de-circulacao-de-ar-ifm\/\",\"url\":\"https:\/\/motionup.com.br\/site\/produto\/sl0101-controlador-de-circulacao-de-ar-ifm\/\",\"name\":\"SL0101-Controlador de circula\u00e7\u00e3o de ar-IFM - Loja Motion Up\",\"isPartOf\":{\"@id\":\"https:\/\/motionup.com.br\/site\/#website\"},\"primaryImageOfPage\":{\"@id\":\"https:\/\/motionup.com.br\/site\/produto\/sl0101-controlador-de-circulacao-de-ar-ifm\/#primaryimage\"},\"image\":{\"@id\":\"https:\/\/motionup.com.br\/site\/produto\/sl0101-controlador-de-circulacao-de-ar-ifm\/#primaryimage\"},\"thumbnailUrl\":\"https:\/\/motionup.com.br\/site\/wp-content\/uploads\/2021\/06\/P_F_E_W_300_0256_SL0101_01.jpg\",\"datePublished\":\"2021-06-04T11:55:12+00:00\",\"dateModified\":\"2021-06-04T11:58:15+00:00\",\"breadcrumb\":{\"@id\":\"https:\/\/motionup.com.br\/site\/produto\/sl0101-controlador-de-circulacao-de-ar-ifm\/#breadcrumb\"},\"inLanguage\":\"pt-BR\",\"potentialAction\":[{\"@type\":\"ReadAction\",\"target\":[\"https:\/\/motionup.com.br\/site\/produto\/sl0101-controlador-de-circulacao-de-ar-ifm\/\"]}]},{\"@type\":\"ImageObject\",\"inLanguage\":\"pt-BR\",\"@id\":\"https:\/\/motionup.com.br\/site\/produto\/sl0101-controlador-de-circulacao-de-ar-ifm\/#primaryimage\",\"url\":\"https:\/\/motionup.com.br\/site\/wp-content\/uploads\/2021\/06\/P_F_E_W_300_0256_SL0101_01.jpg\",\"contentUrl\":\"https:\/\/motionup.com.br\/site\/wp-content\/uploads\/2021\/06\/P_F_E_W_300_0256_SL0101_01.jpg\",\"width\":1200,\"height\":1200},{\"@type\":\"BreadcrumbList\",\"@id\":\"https:\/\/motionup.com.br\/site\/produto\/sl0101-controlador-de-circulacao-de-ar-ifm\/#breadcrumb\",\"itemListElement\":[{\"@type\":\"ListItem\",\"position\":1,\"name\":\"In\u00edcio\",\"item\":\"https:\/\/motionup.com.br\/site\/\"},{\"@type\":\"ListItem\",\"position\":2,\"name\":\"Produtos\",\"item\":\"https:\/\/motionup.com.br\/site\/produtos\/\"},{\"@type\":\"ListItem\",\"position\":3,\"name\":\"SL0101-Controlador de circula\u00e7\u00e3o de ar-IFM\"}]},{\"@type\":\"WebSite\",\"@id\":\"https:\/\/motionup.com.br\/site\/#website\",\"url\":\"https:\/\/motionup.com.br\/site\/\",\"name\":\"Motion Up\",\"description\":\"E-commerce Motion Up - Automa\u00e7\u00e3o Industrial\",\"publisher\":{\"@id\":\"https:\/\/motionup.com.br\/site\/#organization\"},\"potentialAction\":[{\"@type\":\"SearchAction\",\"target\":{\"@type\":\"EntryPoint\",\"urlTemplate\":\"https:\/\/motionup.com.br\/site\/?s={search_term_string}\"},\"query-input\":{\"@type\":\"PropertyValueSpecification\",\"valueRequired\":true,\"valueName\":\"search_term_string\"}}],\"inLanguage\":\"pt-BR\"},{\"@type\":\"Organization\",\"@id\":\"https:\/\/motionup.com.br\/site\/#organization\",\"name\":\"Motion Up\",\"url\":\"https:\/\/motionup.com.br\/site\/\",\"logo\":{\"@type\":\"ImageObject\",\"inLanguage\":\"pt-BR\",\"@id\":\"https:\/\/motionup.com.br\/site\/#\/schema\/logo\/image\/\",\"url\":\"https:\/\/motionup.com.br\/site\/wp-content\/uploads\/2025\/05\/MOTIONUP.png\",\"contentUrl\":\"https:\/\/motionup.com.br\/site\/wp-content\/uploads\/2025\/05\/MOTIONUP.png\",\"width\":1200,\"height\":601,\"caption\":\"Motion Up\"},\"image\":{\"@id\":\"https:\/\/motionup.com.br\/site\/#\/schema\/logo\/image\/\"},\"sameAs\":[\"https:\/\/m.facebook.com\/fp3motionup\/about\/\",\"https:\/\/br.linkedin.com\/company\/fpn-controle-e-automao-industrial-ltda\"]}]}<\/script>\n<!-- \/ Yoast SEO plugin. -->","yoast_head_json":{"title":"SL0101-Controlador de circula\u00e7\u00e3o de ar-IFM - Loja Motion Up","robots":{"index":"index","follow":"follow","max-snippet":"max-snippet:-1","max-image-preview":"max-image-preview:large","max-video-preview":"max-video-preview:-1"},"canonical":"https:\/\/motionup.com.br\/site\/produto\/sl0101-controlador-de-circulacao-de-ar-ifm\/","og_locale":"pt_BR","og_type":"article","og_title":"SL0101-Controlador de circula\u00e7\u00e3o de ar-IFM - Loja Motion Up","og_description":"Caracter\u00edsticas do produto Quantidade de entradas e sa\u00eddas Quantidade de sa\u00eddas de rel\u00e9: 1 Conex\u00e3o de processo \u00d8 23 mm Campo de aplica\u00e7\u00e3o Temperatura do flu\u00eddo [\u00b0C] -10&#8230;50 Resist\u00eancia \u00e0 press\u00e3o [bar] 1 Dados el\u00e9tricos Tens\u00e3o de opera\u00e7\u00e3o [V] 80&#8230;250 AC \/ 90&#8230;250 DC Consumo energ\u00e9tico m\u00e1x. [VA] 3 Resist\u00eancia de isolamento m\u00edn. [M\u03a9] 100; [&hellip;]","og_url":"https:\/\/motionup.com.br\/site\/produto\/sl0101-controlador-de-circulacao-de-ar-ifm\/","og_site_name":"Loja Motion Up","article_publisher":"https:\/\/m.facebook.com\/fp3motionup\/about\/","article_modified_time":"2021-06-04T11:58:15+00:00","og_image":[{"width":1200,"height":1200,"url":"https:\/\/motionup.com.br\/site\/wp-content\/uploads\/2021\/06\/P_F_E_W_300_0256_SL0101_01.jpg","type":"image\/jpeg"}],"twitter_card":"summary_large_image","twitter_misc":{"Est. tempo de leitura":"2 minutos"},"schema":{"@context":"https:\/\/schema.org","@graph":[{"@type":"WebPage","@id":"https:\/\/motionup.com.br\/site\/produto\/sl0101-controlador-de-circulacao-de-ar-ifm\/","url":"https:\/\/motionup.com.br\/site\/produto\/sl0101-controlador-de-circulacao-de-ar-ifm\/","name":"SL0101-Controlador de circula\u00e7\u00e3o de ar-IFM - Loja Motion Up","isPartOf":{"@id":"https:\/\/motionup.com.br\/site\/#website"},"primaryImageOfPage":{"@id":"https:\/\/motionup.com.br\/site\/produto\/sl0101-controlador-de-circulacao-de-ar-ifm\/#primaryimage"},"image":{"@id":"https:\/\/motionup.com.br\/site\/produto\/sl0101-controlador-de-circulacao-de-ar-ifm\/#primaryimage"},"thumbnailUrl":"https:\/\/motionup.com.br\/site\/wp-content\/uploads\/2021\/06\/P_F_E_W_300_0256_SL0101_01.jpg","datePublished":"2021-06-04T11:55:12+00:00","dateModified":"2021-06-04T11:58:15+00:00","breadcrumb":{"@id":"https:\/\/motionup.com.br\/site\/produto\/sl0101-controlador-de-circulacao-de-ar-ifm\/#breadcrumb"},"inLanguage":"pt-BR","potentialAction":[{"@type":"ReadAction","target":["https:\/\/motionup.com.br\/site\/produto\/sl0101-controlador-de-circulacao-de-ar-ifm\/"]}]},{"@type":"ImageObject","inLanguage":"pt-BR","@id":"https:\/\/motionup.com.br\/site\/produto\/sl0101-controlador-de-circulacao-de-ar-ifm\/#primaryimage","url":"https:\/\/motionup.com.br\/site\/wp-content\/uploads\/2021\/06\/P_F_E_W_300_0256_SL0101_01.jpg","contentUrl":"https:\/\/motionup.com.br\/site\/wp-content\/uploads\/2021\/06\/P_F_E_W_300_0256_SL0101_01.jpg","width":1200,"height":1200},{"@type":"BreadcrumbList","@id":"https:\/\/motionup.com.br\/site\/produto\/sl0101-controlador-de-circulacao-de-ar-ifm\/#breadcrumb","itemListElement":[{"@type":"ListItem","position":1,"name":"In\u00edcio","item":"https:\/\/motionup.com.br\/site\/"},{"@type":"ListItem","position":2,"name":"Produtos","item":"https:\/\/motionup.com.br\/site\/produtos\/"},{"@type":"ListItem","position":3,"name":"SL0101-Controlador de circula\u00e7\u00e3o de ar-IFM"}]},{"@type":"WebSite","@id":"https:\/\/motionup.com.br\/site\/#website","url":"https:\/\/motionup.com.br\/site\/","name":"Motion Up","description":"E-commerce Motion Up - Automa\u00e7\u00e3o Industrial","publisher":{"@id":"https:\/\/motionup.com.br\/site\/#organization"},"potentialAction":[{"@type":"SearchAction","target":{"@type":"EntryPoint","urlTemplate":"https:\/\/motionup.com.br\/site\/?s={search_term_string}"},"query-input":{"@type":"PropertyValueSpecification","valueRequired":true,"valueName":"search_term_string"}}],"inLanguage":"pt-BR"},{"@type":"Organization","@id":"https:\/\/motionup.com.br\/site\/#organization","name":"Motion Up","url":"https:\/\/motionup.com.br\/site\/","logo":{"@type":"ImageObject","inLanguage":"pt-BR","@id":"https:\/\/motionup.com.br\/site\/#\/schema\/logo\/image\/","url":"https:\/\/motionup.com.br\/site\/wp-content\/uploads\/2025\/05\/MOTIONUP.png","contentUrl":"https:\/\/motionup.com.br\/site\/wp-content\/uploads\/2025\/05\/MOTIONUP.png","width":1200,"height":601,"caption":"Motion Up"},"image":{"@id":"https:\/\/motionup.com.br\/site\/#\/schema\/logo\/image\/"},"sameAs":["https:\/\/m.facebook.com\/fp3motionup\/about\/","https:\/\/br.linkedin.com\/company\/fpn-controle-e-automao-industrial-ltda"]}]}},"_links":{"self":[{"href":"https:\/\/motionup.com.br\/site\/wp-json\/wp\/v2\/product\/3669","targetHints":{"allow":["GET"]}}],"collection":[{"href":"https:\/\/motionup.com.br\/site\/wp-json\/wp\/v2\/product"}],"about":[{"href":"https:\/\/motionup.com.br\/site\/wp-json\/wp\/v2\/types\/product"}],"wp:featuredmedia":[{"embeddable":true,"href":"https:\/\/motionup.com.br\/site\/wp-json\/wp\/v2\/media\/3670"}],"wp:attachment":[{"href":"https:\/\/motionup.com.br\/site\/wp-json\/wp\/v2\/media?parent=3669"}],"wp:term":[{"taxonomy":"product_brand","embeddable":true,"href":"https:\/\/motionup.com.br\/site\/wp-json\/wp\/v2\/product_brand?post=3669"},{"taxonomy":"product_cat","embeddable":true,"href":"https:\/\/motionup.com.br\/site\/wp-json\/wp\/v2\/product_cat?post=3669"},{"taxonomy":"product_tag","embeddable":true,"href":"https:\/\/motionup.com.br\/site\/wp-json\/wp\/v2\/product_tag?post=3669"}],"curies":[{"name":"wp","href":"https:\/\/api.w.org\/{rel}","templated":true}]}}