{"id":3675,"date":"2021-06-04T09:09:07","date_gmt":"2021-06-04T12:09:07","guid":{"rendered":"https:\/\/motionup.com.br\/site\/?post_type=product&#038;p=3675"},"modified":"2023-11-27T16:45:56","modified_gmt":"2023-11-27T19:45:56","slug":"si5004-transdutores-de-fluxos-ifm","status":"publish","type":"product","link":"https:\/\/motionup.com.br\/site\/produto\/si5004-transdutores-de-fluxos-ifm\/","title":{"rendered":"SI5004 &#8211; TRANSDUTORES DE FLUXO &#8211; 1 SAIDA ANALOGICA; RESISTENCIA: 300bar &#8211; IFM"},"content":{"rendered":"<p>SI5004 &#8211; TRANSDUTORES DE FLUXO &#8211; 1 SAIDA ANALOGICA; RESISTENCIA: 300bar &#8211; IFM<\/p>\n<p>Consulte um vendedor e solicite um or\u00e7amento<\/p>\n<p>vendas@motionup.com.br<\/p>\n<p>motionup@motionup.com.br<\/p>\n<hr \/>\n<ul class=\"bulletpoint-list__entries\">\n<li>Monitoramento confi\u00e1vel de fluidos l\u00edquidos e gasosos em sistemas de tubula\u00e7\u00e3o<\/li>\n<li>Conex\u00e3o de processo vari\u00e1vel mediante adaptadores<\/li>\n<li>R\u00e1pida coloca\u00e7\u00e3o em funcionamento do sensor<\/li>\n<li>Inv\u00f3lucro robusto de a\u00e7o inoxid\u00e1vel para aplica\u00e7\u00e3o em ambiente industrial duro<\/li>\n<li>Barra gr\u00e1fica de LED para indicar o estado de fluxo<\/li>\n<\/ul>\n<blockquote><p><strong>CARACTERISTICAS DO PRODUTO<\/strong><\/p><\/blockquote>\n<ul>\n<li>Quantidade de entradas e sa\u00eddas &#8212;&gt; Quantidade de sa\u00eddas anal\u00f3gicas: 1<\/li>\n<li>Conex\u00e3o de processo &#8212;&gt; M18 x 1,5 Rosca interna<\/li>\n<\/ul>\n<blockquote><p><strong>CAMPO DE APLICA\u00c7\u00c3O<\/strong><\/p><\/blockquote>\n<ul>\n<li>Subst\u00e2ncias &#8212;&gt; Fluidos l\u00edquidos<\/li>\n<li>Temperatura do flu\u00eddo [\u00b0C] &#8212;&gt; -25&#8230;80<\/li>\n<li>Resist\u00eancia \u00e0 press\u00e3o [bar] &#8212;&gt; 300<\/li>\n<li>MAWP nas aplica\u00e7\u00f5es segundo CRN [bar] &#8212;&gt; 208<\/li>\n<\/ul>\n","protected":false},"excerpt":{"rendered":"<p>SI5004 &#8211; TRANSDUTORES DE FLUXO &#8211; 1 SAIDA ANALOGICA; RESISTENCIA: 300bar &#8211; IFM Consulte um vendedor e solicite um or\u00e7amento vendas@motionup.com.br motionup@motionup.com.br Monitoramento confi\u00e1vel de fluidos l\u00edquidos e gasosos em sistemas de tubula\u00e7\u00e3o Conex\u00e3o de processo vari\u00e1vel mediante adaptadores R\u00e1pida coloca\u00e7\u00e3o em funcionamento do sensor Inv\u00f3lucro robusto de a\u00e7o inoxid\u00e1vel para aplica\u00e7\u00e3o em ambiente industrial [&hellip;]<\/p>\n","protected":false},"featured_media":3676,"template":"","meta":[],"product_brand":[],"product_cat":[353,56,249],"product_tag":[],"class_list":{"0":"post-3675","1":"product","2":"type-product","3":"status-publish","4":"has-post-thumbnail","6":"product_cat-ifm","7":"product_cat-sensores","8":"product_cat-monitor-de-fluxo","10":"first","11":"onbackorder","12":"shipping-taxable","13":"product-type-simple"},"yoast_head":"<!-- This site is optimized with the Yoast SEO plugin v26.3 - https:\/\/yoast.com\/wordpress\/plugins\/seo\/ -->\n<title>SI5004 - TRANSDUTORES DE FLUXO - 1 SAIDA ANALOGICA; RESISTENCIA: 300bar - IFM - Loja Motion Up<\/title>\n<meta name=\"robots\" content=\"index, follow, max-snippet:-1, max-image-preview:large, max-video-preview:-1\" \/>\n<link rel=\"canonical\" href=\"https:\/\/motionup.com.br\/site\/produto\/si5004-transdutores-de-fluxos-ifm\/\" \/>\n<meta property=\"og:locale\" content=\"pt_BR\" \/>\n<meta property=\"og:type\" content=\"article\" \/>\n<meta property=\"og:title\" content=\"SI5004 - TRANSDUTORES DE FLUXO - 1 SAIDA ANALOGICA; RESISTENCIA: 300bar - IFM - Loja Motion Up\" \/>\n<meta property=\"og:description\" content=\"SI5004 &#8211; TRANSDUTORES DE FLUXO &#8211; 1 SAIDA ANALOGICA; RESISTENCIA: 300bar &#8211; IFM Consulte um vendedor e solicite um or\u00e7amento vendas@motionup.com.br motionup@motionup.com.br Monitoramento confi\u00e1vel de fluidos l\u00edquidos e gasosos em sistemas de tubula\u00e7\u00e3o Conex\u00e3o de processo vari\u00e1vel mediante adaptadores R\u00e1pida coloca\u00e7\u00e3o em funcionamento do sensor Inv\u00f3lucro robusto de a\u00e7o inoxid\u00e1vel para aplica\u00e7\u00e3o em ambiente industrial [&hellip;]\" \/>\n<meta property=\"og:url\" content=\"https:\/\/motionup.com.br\/site\/produto\/si5004-transdutores-de-fluxos-ifm\/\" \/>\n<meta property=\"og:site_name\" content=\"Loja Motion Up\" \/>\n<meta property=\"article:publisher\" content=\"https:\/\/m.facebook.com\/fp3motionup\/about\/\" \/>\n<meta property=\"article:modified_time\" content=\"2023-11-27T19:45:56+00:00\" \/>\n<meta property=\"og:image\" content=\"https:\/\/motionup.com.br\/site\/wp-content\/uploads\/2021\/06\/P_F_E_W_300_0097_SI5004_01.jpg\" \/>\n\t<meta property=\"og:image:width\" content=\"1200\" \/>\n\t<meta property=\"og:image:height\" content=\"1200\" \/>\n\t<meta property=\"og:image:type\" content=\"image\/jpeg\" \/>\n<meta name=\"twitter:card\" content=\"summary_large_image\" \/>\n<meta name=\"twitter:label1\" content=\"Est. tempo de leitura\" \/>\n\t<meta name=\"twitter:data1\" content=\"1 minuto\" \/>\n<script type=\"application\/ld+json\" class=\"yoast-schema-graph\">{\"@context\":\"https:\/\/schema.org\",\"@graph\":[{\"@type\":\"WebPage\",\"@id\":\"https:\/\/motionup.com.br\/site\/produto\/si5004-transdutores-de-fluxos-ifm\/\",\"url\":\"https:\/\/motionup.com.br\/site\/produto\/si5004-transdutores-de-fluxos-ifm\/\",\"name\":\"SI5004 - TRANSDUTORES DE FLUXO - 1 SAIDA ANALOGICA; RESISTENCIA: 300bar - IFM - Loja Motion Up\",\"isPartOf\":{\"@id\":\"https:\/\/motionup.com.br\/site\/#website\"},\"primaryImageOfPage\":{\"@id\":\"https:\/\/motionup.com.br\/site\/produto\/si5004-transdutores-de-fluxos-ifm\/#primaryimage\"},\"image\":{\"@id\":\"https:\/\/motionup.com.br\/site\/produto\/si5004-transdutores-de-fluxos-ifm\/#primaryimage\"},\"thumbnailUrl\":\"https:\/\/motionup.com.br\/site\/wp-content\/uploads\/2021\/06\/P_F_E_W_300_0097_SI5004_01.jpg\",\"datePublished\":\"2021-06-04T12:09:07+00:00\",\"dateModified\":\"2023-11-27T19:45:56+00:00\",\"breadcrumb\":{\"@id\":\"https:\/\/motionup.com.br\/site\/produto\/si5004-transdutores-de-fluxos-ifm\/#breadcrumb\"},\"inLanguage\":\"pt-BR\",\"potentialAction\":[{\"@type\":\"ReadAction\",\"target\":[\"https:\/\/motionup.com.br\/site\/produto\/si5004-transdutores-de-fluxos-ifm\/\"]}]},{\"@type\":\"ImageObject\",\"inLanguage\":\"pt-BR\",\"@id\":\"https:\/\/motionup.com.br\/site\/produto\/si5004-transdutores-de-fluxos-ifm\/#primaryimage\",\"url\":\"https:\/\/motionup.com.br\/site\/wp-content\/uploads\/2021\/06\/P_F_E_W_300_0097_SI5004_01.jpg\",\"contentUrl\":\"https:\/\/motionup.com.br\/site\/wp-content\/uploads\/2021\/06\/P_F_E_W_300_0097_SI5004_01.jpg\",\"width\":1200,\"height\":1200},{\"@type\":\"BreadcrumbList\",\"@id\":\"https:\/\/motionup.com.br\/site\/produto\/si5004-transdutores-de-fluxos-ifm\/#breadcrumb\",\"itemListElement\":[{\"@type\":\"ListItem\",\"position\":1,\"name\":\"In\u00edcio\",\"item\":\"https:\/\/motionup.com.br\/site\/\"},{\"@type\":\"ListItem\",\"position\":2,\"name\":\"Produtos\",\"item\":\"https:\/\/motionup.com.br\/site\/produtos\/\"},{\"@type\":\"ListItem\",\"position\":3,\"name\":\"SI5004 &#8211; TRANSDUTORES DE FLUXO &#8211; 1 SAIDA ANALOGICA; RESISTENCIA: 300bar &#8211; IFM\"}]},{\"@type\":\"WebSite\",\"@id\":\"https:\/\/motionup.com.br\/site\/#website\",\"url\":\"https:\/\/motionup.com.br\/site\/\",\"name\":\"Motion Up\",\"description\":\"E-commerce Motion Up - Automa\u00e7\u00e3o Industrial\",\"publisher\":{\"@id\":\"https:\/\/motionup.com.br\/site\/#organization\"},\"potentialAction\":[{\"@type\":\"SearchAction\",\"target\":{\"@type\":\"EntryPoint\",\"urlTemplate\":\"https:\/\/motionup.com.br\/site\/?s={search_term_string}\"},\"query-input\":{\"@type\":\"PropertyValueSpecification\",\"valueRequired\":true,\"valueName\":\"search_term_string\"}}],\"inLanguage\":\"pt-BR\"},{\"@type\":\"Organization\",\"@id\":\"https:\/\/motionup.com.br\/site\/#organization\",\"name\":\"Motion Up\",\"url\":\"https:\/\/motionup.com.br\/site\/\",\"logo\":{\"@type\":\"ImageObject\",\"inLanguage\":\"pt-BR\",\"@id\":\"https:\/\/motionup.com.br\/site\/#\/schema\/logo\/image\/\",\"url\":\"https:\/\/motionup.com.br\/site\/wp-content\/uploads\/2025\/05\/MOTIONUP.png\",\"contentUrl\":\"https:\/\/motionup.com.br\/site\/wp-content\/uploads\/2025\/05\/MOTIONUP.png\",\"width\":1200,\"height\":601,\"caption\":\"Motion Up\"},\"image\":{\"@id\":\"https:\/\/motionup.com.br\/site\/#\/schema\/logo\/image\/\"},\"sameAs\":[\"https:\/\/m.facebook.com\/fp3motionup\/about\/\",\"https:\/\/br.linkedin.com\/company\/fpn-controle-e-automao-industrial-ltda\"]}]}<\/script>\n<!-- \/ Yoast SEO plugin. -->","yoast_head_json":{"title":"SI5004 - TRANSDUTORES DE FLUXO - 1 SAIDA ANALOGICA; RESISTENCIA: 300bar - IFM - Loja Motion Up","robots":{"index":"index","follow":"follow","max-snippet":"max-snippet:-1","max-image-preview":"max-image-preview:large","max-video-preview":"max-video-preview:-1"},"canonical":"https:\/\/motionup.com.br\/site\/produto\/si5004-transdutores-de-fluxos-ifm\/","og_locale":"pt_BR","og_type":"article","og_title":"SI5004 - TRANSDUTORES DE FLUXO - 1 SAIDA ANALOGICA; RESISTENCIA: 300bar - IFM - Loja Motion Up","og_description":"SI5004 &#8211; TRANSDUTORES DE FLUXO &#8211; 1 SAIDA ANALOGICA; RESISTENCIA: 300bar &#8211; IFM Consulte um vendedor e solicite um or\u00e7amento vendas@motionup.com.br motionup@motionup.com.br Monitoramento confi\u00e1vel de fluidos l\u00edquidos e gasosos em sistemas de tubula\u00e7\u00e3o Conex\u00e3o de processo vari\u00e1vel mediante adaptadores R\u00e1pida coloca\u00e7\u00e3o em funcionamento do sensor Inv\u00f3lucro robusto de a\u00e7o inoxid\u00e1vel para aplica\u00e7\u00e3o em ambiente industrial [&hellip;]","og_url":"https:\/\/motionup.com.br\/site\/produto\/si5004-transdutores-de-fluxos-ifm\/","og_site_name":"Loja Motion Up","article_publisher":"https:\/\/m.facebook.com\/fp3motionup\/about\/","article_modified_time":"2023-11-27T19:45:56+00:00","og_image":[{"width":1200,"height":1200,"url":"https:\/\/motionup.com.br\/site\/wp-content\/uploads\/2021\/06\/P_F_E_W_300_0097_SI5004_01.jpg","type":"image\/jpeg"}],"twitter_card":"summary_large_image","twitter_misc":{"Est. tempo de leitura":"1 minuto"},"schema":{"@context":"https:\/\/schema.org","@graph":[{"@type":"WebPage","@id":"https:\/\/motionup.com.br\/site\/produto\/si5004-transdutores-de-fluxos-ifm\/","url":"https:\/\/motionup.com.br\/site\/produto\/si5004-transdutores-de-fluxos-ifm\/","name":"SI5004 - TRANSDUTORES DE FLUXO - 1 SAIDA ANALOGICA; RESISTENCIA: 300bar - IFM - Loja Motion Up","isPartOf":{"@id":"https:\/\/motionup.com.br\/site\/#website"},"primaryImageOfPage":{"@id":"https:\/\/motionup.com.br\/site\/produto\/si5004-transdutores-de-fluxos-ifm\/#primaryimage"},"image":{"@id":"https:\/\/motionup.com.br\/site\/produto\/si5004-transdutores-de-fluxos-ifm\/#primaryimage"},"thumbnailUrl":"https:\/\/motionup.com.br\/site\/wp-content\/uploads\/2021\/06\/P_F_E_W_300_0097_SI5004_01.jpg","datePublished":"2021-06-04T12:09:07+00:00","dateModified":"2023-11-27T19:45:56+00:00","breadcrumb":{"@id":"https:\/\/motionup.com.br\/site\/produto\/si5004-transdutores-de-fluxos-ifm\/#breadcrumb"},"inLanguage":"pt-BR","potentialAction":[{"@type":"ReadAction","target":["https:\/\/motionup.com.br\/site\/produto\/si5004-transdutores-de-fluxos-ifm\/"]}]},{"@type":"ImageObject","inLanguage":"pt-BR","@id":"https:\/\/motionup.com.br\/site\/produto\/si5004-transdutores-de-fluxos-ifm\/#primaryimage","url":"https:\/\/motionup.com.br\/site\/wp-content\/uploads\/2021\/06\/P_F_E_W_300_0097_SI5004_01.jpg","contentUrl":"https:\/\/motionup.com.br\/site\/wp-content\/uploads\/2021\/06\/P_F_E_W_300_0097_SI5004_01.jpg","width":1200,"height":1200},{"@type":"BreadcrumbList","@id":"https:\/\/motionup.com.br\/site\/produto\/si5004-transdutores-de-fluxos-ifm\/#breadcrumb","itemListElement":[{"@type":"ListItem","position":1,"name":"In\u00edcio","item":"https:\/\/motionup.com.br\/site\/"},{"@type":"ListItem","position":2,"name":"Produtos","item":"https:\/\/motionup.com.br\/site\/produtos\/"},{"@type":"ListItem","position":3,"name":"SI5004 &#8211; TRANSDUTORES DE FLUXO &#8211; 1 SAIDA ANALOGICA; RESISTENCIA: 300bar &#8211; IFM"}]},{"@type":"WebSite","@id":"https:\/\/motionup.com.br\/site\/#website","url":"https:\/\/motionup.com.br\/site\/","name":"Motion Up","description":"E-commerce Motion Up - Automa\u00e7\u00e3o Industrial","publisher":{"@id":"https:\/\/motionup.com.br\/site\/#organization"},"potentialAction":[{"@type":"SearchAction","target":{"@type":"EntryPoint","urlTemplate":"https:\/\/motionup.com.br\/site\/?s={search_term_string}"},"query-input":{"@type":"PropertyValueSpecification","valueRequired":true,"valueName":"search_term_string"}}],"inLanguage":"pt-BR"},{"@type":"Organization","@id":"https:\/\/motionup.com.br\/site\/#organization","name":"Motion Up","url":"https:\/\/motionup.com.br\/site\/","logo":{"@type":"ImageObject","inLanguage":"pt-BR","@id":"https:\/\/motionup.com.br\/site\/#\/schema\/logo\/image\/","url":"https:\/\/motionup.com.br\/site\/wp-content\/uploads\/2025\/05\/MOTIONUP.png","contentUrl":"https:\/\/motionup.com.br\/site\/wp-content\/uploads\/2025\/05\/MOTIONUP.png","width":1200,"height":601,"caption":"Motion Up"},"image":{"@id":"https:\/\/motionup.com.br\/site\/#\/schema\/logo\/image\/"},"sameAs":["https:\/\/m.facebook.com\/fp3motionup\/about\/","https:\/\/br.linkedin.com\/company\/fpn-controle-e-automao-industrial-ltda"]}]}},"_links":{"self":[{"href":"https:\/\/motionup.com.br\/site\/wp-json\/wp\/v2\/product\/3675","targetHints":{"allow":["GET"]}}],"collection":[{"href":"https:\/\/motionup.com.br\/site\/wp-json\/wp\/v2\/product"}],"about":[{"href":"https:\/\/motionup.com.br\/site\/wp-json\/wp\/v2\/types\/product"}],"wp:featuredmedia":[{"embeddable":true,"href":"https:\/\/motionup.com.br\/site\/wp-json\/wp\/v2\/media\/3676"}],"wp:attachment":[{"href":"https:\/\/motionup.com.br\/site\/wp-json\/wp\/v2\/media?parent=3675"}],"wp:term":[{"taxonomy":"product_brand","embeddable":true,"href":"https:\/\/motionup.com.br\/site\/wp-json\/wp\/v2\/product_brand?post=3675"},{"taxonomy":"product_cat","embeddable":true,"href":"https:\/\/motionup.com.br\/site\/wp-json\/wp\/v2\/product_cat?post=3675"},{"taxonomy":"product_tag","embeddable":true,"href":"https:\/\/motionup.com.br\/site\/wp-json\/wp\/v2\/product_tag?post=3675"}],"curies":[{"name":"wp","href":"https:\/\/api.w.org\/{rel}","templated":true}]}}