{"id":3686,"date":"2021-06-04T09:37:19","date_gmt":"2021-06-04T12:37:19","guid":{"rendered":"https:\/\/motionup.com.br\/site\/?post_type=product&#038;p=3686"},"modified":"2021-06-04T09:40:27","modified_gmt":"2021-06-04T12:40:27","slug":"e20711-sistema-de-reflexao-difusa-de-fibra-otica-ifm","status":"publish","type":"product","link":"https:\/\/motionup.com.br\/site\/produto\/e20711-sistema-de-reflexao-difusa-de-fibra-otica-ifm\/","title":{"rendered":"E20711-Sistema de reflex\u00e3o difusa de fibra \u00f3tica-IFM"},"content":{"rendered":"<table class=\"pd-table\">\n<tbody>\n<tr>\n<th class=\"pd-table-h1\" colspan=\"2\" scope=\"colgroup\">Campo de aplica\u00e7\u00e3o<\/th>\n<\/tr>\n<tr>\n<td>Princ\u00edpio de funcionamento<\/td>\n<td>Sensores de reflex\u00e3o difusa<\/td>\n<\/tr>\n<tr>\n<th class=\"pd-table-h1\" colspan=\"2\" scope=\"colgroup\">Faixa de registro<\/th>\n<\/tr>\n<tr>\n<td>Alcance da detec\u00e7\u00e3o com amplificador de fibra \u00f3ptica de tipo<\/td>\n<td>OB50; OBF; OO50<\/td>\n<\/tr>\n<tr>\n<th class=\"pd-table-h2\" colspan=\"2\" scope=\"colgroup\">OB50<\/th>\n<\/tr>\n<tr>\n<td>Alcance da detec\u00e7\u00e3o da fibra \u00f3ptica [mm]<\/td>\n<td>20<\/td>\n<\/tr>\n<tr>\n<th class=\"pd-table-h2\" colspan=\"2\" scope=\"colgroup\">OBF<\/th>\n<\/tr>\n<tr>\n<td>Alcance da detec\u00e7\u00e3o da fibra \u00f3ptica [mm]<\/td>\n<td>25<\/td>\n<\/tr>\n<tr>\n<th class=\"pd-table-h2\" colspan=\"2\" scope=\"colgroup\">OO50<\/th>\n<\/tr>\n<tr>\n<td>Alcance da detec\u00e7\u00e3o da fibra \u00f3ptica [mm]<\/td>\n<td>60<\/td>\n<\/tr>\n<tr>\n<th class=\"pd-table-h1\" colspan=\"2\" scope=\"colgroup\">Condi\u00e7\u00f5es ambientais<\/th>\n<\/tr>\n<tr>\n<td>Temperatura ambiente [\u00b0C]<\/td>\n<td>-40&#8230;70<\/td>\n<\/tr>\n<tr>\n<th class=\"pd-table-h1\" colspan=\"2\" scope=\"colgroup\">Dados mec\u00e2nicos<\/th>\n<\/tr>\n<tr>\n<td>Peso [g]<\/td>\n<td>39,5<\/td>\n<\/tr>\n<tr>\n<td>Vers\u00e3o da sonda<\/td>\n<td>reto<\/td>\n<\/tr>\n<tr>\n<td>Di\u00e2metro da sonda [mm]<\/td>\n<td>3<\/td>\n<\/tr>\n<tr>\n<td>Comprimento [mm]<\/td>\n<td>2000<\/td>\n<\/tr>\n<tr>\n<td>Raio de curvatura m\u00ednimo [mm]<\/td>\n<td>10<\/td>\n<\/tr>\n<tr>\n<td>Disposi\u00e7\u00e3o de fibras<\/td>\n<td><img decoding=\"async\" class=\"pd-table-exlogo\" src=\"https:\/\/www.ifm.com\/restservices\/br\/pt\/assets\/c3VwcGxpZXJzL2lmbS9kb2N1bWVudHMvaW5saW5laW1hZ2VzL0ZPQS1SMDMucG5n\" alt=\"\" \/><\/td>\n<\/tr>\n<tr>\n<td>Di\u00e2metro interno [mm]<\/td>\n<td>2 x 0,5<\/td>\n<\/tr>\n<tr>\n<td>Material da fibra \u00f3ptica<\/td>\n<td>PMMA<\/td>\n<\/tr>\n<tr>\n<td>Material da sonda de fibra \u00f3ptica<\/td>\n<td>1.4305 (a\u00e7o inoxid\u00e1vel \/ 303)<\/td>\n<\/tr>\n<tr>\n<td>Material do revestimento da fibra \u00f3ptica<\/td>\n<td>PE<\/td>\n<\/tr>\n<tr>\n<th class=\"pd-table-h1\" colspan=\"2\" scope=\"colgroup\">Acess\u00f3rios<\/th>\n<\/tr>\n<tr>\n<td>Acess\u00f3rio opcional<\/td>\n<td>\n<table>\n<colgroup class=\"pd-table-cols-1\">\n<col class=\"pd-table-col-1\" \/><\/colgroup>\n<tbody>\n<tr>\n<td>Fresa para fibras \u00f3ticas:, E20600<\/td>\n<\/tr>\n<\/tbody>\n<\/table>\n<\/td>\n<\/tr>\n<tr>\n<th class=\"pd-table-h1\" colspan=\"2\" scope=\"colgroup\">Notas<\/th>\n<\/tr>\n<tr>\n<td>Quantidade<\/td>\n<td>1 pe\u00e7a<\/td>\n<\/tr>\n<\/tbody>\n<\/table>\n","protected":false},"excerpt":{"rendered":"<p>Campo de aplica\u00e7\u00e3o Princ\u00edpio de funcionamento Sensores de reflex\u00e3o difusa Faixa de registro Alcance da detec\u00e7\u00e3o com amplificador de fibra \u00f3ptica de tipo OB50; OBF; OO50 OB50 Alcance da detec\u00e7\u00e3o da fibra \u00f3ptica [mm] 20 OBF Alcance da detec\u00e7\u00e3o da fibra \u00f3ptica [mm] 25 OO50 Alcance da detec\u00e7\u00e3o da fibra \u00f3ptica [mm] 60 Condi\u00e7\u00f5es ambientais [&hellip;]<\/p>\n","protected":false},"featured_media":3687,"template":"","meta":[],"product_brand":[],"product_cat":[353,56],"product_tag":[390,58,57],"class_list":{"0":"post-3686","1":"product","2":"type-product","3":"status-publish","4":"has-post-thumbnail","6":"product_cat-ifm","7":"product_cat-sensores","8":"product_tag-fibra-otica","9":"product_tag-ifm","10":"product_tag-sensor","12":"first","13":"instock","14":"shipping-taxable","15":"product-type-simple"},"yoast_head":"<!-- This site is optimized with the Yoast SEO plugin v26.3 - https:\/\/yoast.com\/wordpress\/plugins\/seo\/ -->\n<title>E20711-Sistema de reflex\u00e3o difusa de fibra \u00f3tica-IFM - Loja Motion Up<\/title>\n<meta name=\"robots\" content=\"index, follow, max-snippet:-1, max-image-preview:large, max-video-preview:-1\" \/>\n<link rel=\"canonical\" href=\"https:\/\/motionup.com.br\/site\/produto\/e20711-sistema-de-reflexao-difusa-de-fibra-otica-ifm\/\" \/>\n<meta property=\"og:locale\" content=\"pt_BR\" \/>\n<meta property=\"og:type\" content=\"article\" \/>\n<meta property=\"og:title\" content=\"E20711-Sistema de reflex\u00e3o difusa de fibra \u00f3tica-IFM - Loja Motion Up\" \/>\n<meta property=\"og:description\" content=\"Campo de aplica\u00e7\u00e3o Princ\u00edpio de funcionamento Sensores de reflex\u00e3o difusa Faixa de registro Alcance da detec\u00e7\u00e3o com amplificador de fibra \u00f3ptica de tipo OB50; OBF; OO50 OB50 Alcance da detec\u00e7\u00e3o da fibra \u00f3ptica [mm] 20 OBF Alcance da detec\u00e7\u00e3o da fibra \u00f3ptica [mm] 25 OO50 Alcance da detec\u00e7\u00e3o da fibra \u00f3ptica [mm] 60 Condi\u00e7\u00f5es ambientais [&hellip;]\" \/>\n<meta property=\"og:url\" content=\"https:\/\/motionup.com.br\/site\/produto\/e20711-sistema-de-reflexao-difusa-de-fibra-otica-ifm\/\" \/>\n<meta property=\"og:site_name\" content=\"Loja Motion Up\" \/>\n<meta property=\"article:publisher\" content=\"https:\/\/m.facebook.com\/fp3motionup\/about\/\" \/>\n<meta property=\"article:modified_time\" content=\"2021-06-04T12:40:27+00:00\" \/>\n<meta property=\"og:image\" content=\"https:\/\/motionup.com.br\/site\/wp-content\/uploads\/2021\/06\/P_F_E_W_FO_0043_E20711_01.jpg\" \/>\n\t<meta property=\"og:image:width\" content=\"1200\" \/>\n\t<meta property=\"og:image:height\" content=\"1200\" \/>\n\t<meta property=\"og:image:type\" content=\"image\/jpeg\" \/>\n<meta name=\"twitter:card\" content=\"summary_large_image\" \/>\n<meta name=\"twitter:label1\" content=\"Est. tempo de leitura\" \/>\n\t<meta name=\"twitter:data1\" content=\"1 minuto\" \/>\n<script type=\"application\/ld+json\" class=\"yoast-schema-graph\">{\"@context\":\"https:\/\/schema.org\",\"@graph\":[{\"@type\":\"WebPage\",\"@id\":\"https:\/\/motionup.com.br\/site\/produto\/e20711-sistema-de-reflexao-difusa-de-fibra-otica-ifm\/\",\"url\":\"https:\/\/motionup.com.br\/site\/produto\/e20711-sistema-de-reflexao-difusa-de-fibra-otica-ifm\/\",\"name\":\"E20711-Sistema de reflex\u00e3o difusa de fibra \u00f3tica-IFM - Loja Motion Up\",\"isPartOf\":{\"@id\":\"https:\/\/motionup.com.br\/site\/#website\"},\"primaryImageOfPage\":{\"@id\":\"https:\/\/motionup.com.br\/site\/produto\/e20711-sistema-de-reflexao-difusa-de-fibra-otica-ifm\/#primaryimage\"},\"image\":{\"@id\":\"https:\/\/motionup.com.br\/site\/produto\/e20711-sistema-de-reflexao-difusa-de-fibra-otica-ifm\/#primaryimage\"},\"thumbnailUrl\":\"https:\/\/motionup.com.br\/site\/wp-content\/uploads\/2021\/06\/P_F_E_W_FO_0043_E20711_01.jpg\",\"datePublished\":\"2021-06-04T12:37:19+00:00\",\"dateModified\":\"2021-06-04T12:40:27+00:00\",\"breadcrumb\":{\"@id\":\"https:\/\/motionup.com.br\/site\/produto\/e20711-sistema-de-reflexao-difusa-de-fibra-otica-ifm\/#breadcrumb\"},\"inLanguage\":\"pt-BR\",\"potentialAction\":[{\"@type\":\"ReadAction\",\"target\":[\"https:\/\/motionup.com.br\/site\/produto\/e20711-sistema-de-reflexao-difusa-de-fibra-otica-ifm\/\"]}]},{\"@type\":\"ImageObject\",\"inLanguage\":\"pt-BR\",\"@id\":\"https:\/\/motionup.com.br\/site\/produto\/e20711-sistema-de-reflexao-difusa-de-fibra-otica-ifm\/#primaryimage\",\"url\":\"https:\/\/motionup.com.br\/site\/wp-content\/uploads\/2021\/06\/P_F_E_W_FO_0043_E20711_01.jpg\",\"contentUrl\":\"https:\/\/motionup.com.br\/site\/wp-content\/uploads\/2021\/06\/P_F_E_W_FO_0043_E20711_01.jpg\",\"width\":1200,\"height\":1200},{\"@type\":\"BreadcrumbList\",\"@id\":\"https:\/\/motionup.com.br\/site\/produto\/e20711-sistema-de-reflexao-difusa-de-fibra-otica-ifm\/#breadcrumb\",\"itemListElement\":[{\"@type\":\"ListItem\",\"position\":1,\"name\":\"In\u00edcio\",\"item\":\"https:\/\/motionup.com.br\/site\/\"},{\"@type\":\"ListItem\",\"position\":2,\"name\":\"Produtos\",\"item\":\"https:\/\/motionup.com.br\/site\/produtos\/\"},{\"@type\":\"ListItem\",\"position\":3,\"name\":\"E20711-Sistema de reflex\u00e3o difusa de fibra \u00f3tica-IFM\"}]},{\"@type\":\"WebSite\",\"@id\":\"https:\/\/motionup.com.br\/site\/#website\",\"url\":\"https:\/\/motionup.com.br\/site\/\",\"name\":\"Motion Up\",\"description\":\"E-commerce Motion Up - Automa\u00e7\u00e3o Industrial\",\"publisher\":{\"@id\":\"https:\/\/motionup.com.br\/site\/#organization\"},\"potentialAction\":[{\"@type\":\"SearchAction\",\"target\":{\"@type\":\"EntryPoint\",\"urlTemplate\":\"https:\/\/motionup.com.br\/site\/?s={search_term_string}\"},\"query-input\":{\"@type\":\"PropertyValueSpecification\",\"valueRequired\":true,\"valueName\":\"search_term_string\"}}],\"inLanguage\":\"pt-BR\"},{\"@type\":\"Organization\",\"@id\":\"https:\/\/motionup.com.br\/site\/#organization\",\"name\":\"Motion Up\",\"url\":\"https:\/\/motionup.com.br\/site\/\",\"logo\":{\"@type\":\"ImageObject\",\"inLanguage\":\"pt-BR\",\"@id\":\"https:\/\/motionup.com.br\/site\/#\/schema\/logo\/image\/\",\"url\":\"https:\/\/motionup.com.br\/site\/wp-content\/uploads\/2025\/05\/MOTIONUP.png\",\"contentUrl\":\"https:\/\/motionup.com.br\/site\/wp-content\/uploads\/2025\/05\/MOTIONUP.png\",\"width\":1200,\"height\":601,\"caption\":\"Motion Up\"},\"image\":{\"@id\":\"https:\/\/motionup.com.br\/site\/#\/schema\/logo\/image\/\"},\"sameAs\":[\"https:\/\/m.facebook.com\/fp3motionup\/about\/\",\"https:\/\/br.linkedin.com\/company\/fpn-controle-e-automao-industrial-ltda\"]}]}<\/script>\n<!-- \/ Yoast SEO plugin. -->","yoast_head_json":{"title":"E20711-Sistema de reflex\u00e3o difusa de fibra \u00f3tica-IFM - Loja Motion Up","robots":{"index":"index","follow":"follow","max-snippet":"max-snippet:-1","max-image-preview":"max-image-preview:large","max-video-preview":"max-video-preview:-1"},"canonical":"https:\/\/motionup.com.br\/site\/produto\/e20711-sistema-de-reflexao-difusa-de-fibra-otica-ifm\/","og_locale":"pt_BR","og_type":"article","og_title":"E20711-Sistema de reflex\u00e3o difusa de fibra \u00f3tica-IFM - Loja Motion Up","og_description":"Campo de aplica\u00e7\u00e3o Princ\u00edpio de funcionamento Sensores de reflex\u00e3o difusa Faixa de registro Alcance da detec\u00e7\u00e3o com amplificador de fibra \u00f3ptica de tipo OB50; OBF; OO50 OB50 Alcance da detec\u00e7\u00e3o da fibra \u00f3ptica [mm] 20 OBF Alcance da detec\u00e7\u00e3o da fibra \u00f3ptica [mm] 25 OO50 Alcance da detec\u00e7\u00e3o da fibra \u00f3ptica [mm] 60 Condi\u00e7\u00f5es ambientais [&hellip;]","og_url":"https:\/\/motionup.com.br\/site\/produto\/e20711-sistema-de-reflexao-difusa-de-fibra-otica-ifm\/","og_site_name":"Loja Motion Up","article_publisher":"https:\/\/m.facebook.com\/fp3motionup\/about\/","article_modified_time":"2021-06-04T12:40:27+00:00","og_image":[{"width":1200,"height":1200,"url":"https:\/\/motionup.com.br\/site\/wp-content\/uploads\/2021\/06\/P_F_E_W_FO_0043_E20711_01.jpg","type":"image\/jpeg"}],"twitter_card":"summary_large_image","twitter_misc":{"Est. tempo de leitura":"1 minuto"},"schema":{"@context":"https:\/\/schema.org","@graph":[{"@type":"WebPage","@id":"https:\/\/motionup.com.br\/site\/produto\/e20711-sistema-de-reflexao-difusa-de-fibra-otica-ifm\/","url":"https:\/\/motionup.com.br\/site\/produto\/e20711-sistema-de-reflexao-difusa-de-fibra-otica-ifm\/","name":"E20711-Sistema de reflex\u00e3o difusa de fibra \u00f3tica-IFM - Loja Motion Up","isPartOf":{"@id":"https:\/\/motionup.com.br\/site\/#website"},"primaryImageOfPage":{"@id":"https:\/\/motionup.com.br\/site\/produto\/e20711-sistema-de-reflexao-difusa-de-fibra-otica-ifm\/#primaryimage"},"image":{"@id":"https:\/\/motionup.com.br\/site\/produto\/e20711-sistema-de-reflexao-difusa-de-fibra-otica-ifm\/#primaryimage"},"thumbnailUrl":"https:\/\/motionup.com.br\/site\/wp-content\/uploads\/2021\/06\/P_F_E_W_FO_0043_E20711_01.jpg","datePublished":"2021-06-04T12:37:19+00:00","dateModified":"2021-06-04T12:40:27+00:00","breadcrumb":{"@id":"https:\/\/motionup.com.br\/site\/produto\/e20711-sistema-de-reflexao-difusa-de-fibra-otica-ifm\/#breadcrumb"},"inLanguage":"pt-BR","potentialAction":[{"@type":"ReadAction","target":["https:\/\/motionup.com.br\/site\/produto\/e20711-sistema-de-reflexao-difusa-de-fibra-otica-ifm\/"]}]},{"@type":"ImageObject","inLanguage":"pt-BR","@id":"https:\/\/motionup.com.br\/site\/produto\/e20711-sistema-de-reflexao-difusa-de-fibra-otica-ifm\/#primaryimage","url":"https:\/\/motionup.com.br\/site\/wp-content\/uploads\/2021\/06\/P_F_E_W_FO_0043_E20711_01.jpg","contentUrl":"https:\/\/motionup.com.br\/site\/wp-content\/uploads\/2021\/06\/P_F_E_W_FO_0043_E20711_01.jpg","width":1200,"height":1200},{"@type":"BreadcrumbList","@id":"https:\/\/motionup.com.br\/site\/produto\/e20711-sistema-de-reflexao-difusa-de-fibra-otica-ifm\/#breadcrumb","itemListElement":[{"@type":"ListItem","position":1,"name":"In\u00edcio","item":"https:\/\/motionup.com.br\/site\/"},{"@type":"ListItem","position":2,"name":"Produtos","item":"https:\/\/motionup.com.br\/site\/produtos\/"},{"@type":"ListItem","position":3,"name":"E20711-Sistema de reflex\u00e3o difusa de fibra \u00f3tica-IFM"}]},{"@type":"WebSite","@id":"https:\/\/motionup.com.br\/site\/#website","url":"https:\/\/motionup.com.br\/site\/","name":"Motion Up","description":"E-commerce Motion Up - Automa\u00e7\u00e3o Industrial","publisher":{"@id":"https:\/\/motionup.com.br\/site\/#organization"},"potentialAction":[{"@type":"SearchAction","target":{"@type":"EntryPoint","urlTemplate":"https:\/\/motionup.com.br\/site\/?s={search_term_string}"},"query-input":{"@type":"PropertyValueSpecification","valueRequired":true,"valueName":"search_term_string"}}],"inLanguage":"pt-BR"},{"@type":"Organization","@id":"https:\/\/motionup.com.br\/site\/#organization","name":"Motion Up","url":"https:\/\/motionup.com.br\/site\/","logo":{"@type":"ImageObject","inLanguage":"pt-BR","@id":"https:\/\/motionup.com.br\/site\/#\/schema\/logo\/image\/","url":"https:\/\/motionup.com.br\/site\/wp-content\/uploads\/2025\/05\/MOTIONUP.png","contentUrl":"https:\/\/motionup.com.br\/site\/wp-content\/uploads\/2025\/05\/MOTIONUP.png","width":1200,"height":601,"caption":"Motion Up"},"image":{"@id":"https:\/\/motionup.com.br\/site\/#\/schema\/logo\/image\/"},"sameAs":["https:\/\/m.facebook.com\/fp3motionup\/about\/","https:\/\/br.linkedin.com\/company\/fpn-controle-e-automao-industrial-ltda"]}]}},"_links":{"self":[{"href":"https:\/\/motionup.com.br\/site\/wp-json\/wp\/v2\/product\/3686","targetHints":{"allow":["GET"]}}],"collection":[{"href":"https:\/\/motionup.com.br\/site\/wp-json\/wp\/v2\/product"}],"about":[{"href":"https:\/\/motionup.com.br\/site\/wp-json\/wp\/v2\/types\/product"}],"wp:featuredmedia":[{"embeddable":true,"href":"https:\/\/motionup.com.br\/site\/wp-json\/wp\/v2\/media\/3687"}],"wp:attachment":[{"href":"https:\/\/motionup.com.br\/site\/wp-json\/wp\/v2\/media?parent=3686"}],"wp:term":[{"taxonomy":"product_brand","embeddable":true,"href":"https:\/\/motionup.com.br\/site\/wp-json\/wp\/v2\/product_brand?post=3686"},{"taxonomy":"product_cat","embeddable":true,"href":"https:\/\/motionup.com.br\/site\/wp-json\/wp\/v2\/product_cat?post=3686"},{"taxonomy":"product_tag","embeddable":true,"href":"https:\/\/motionup.com.br\/site\/wp-json\/wp\/v2\/product_tag?post=3686"}],"curies":[{"name":"wp","href":"https:\/\/api.w.org\/{rel}","templated":true}]}}