{"id":3720,"date":"2021-07-15T16:58:43","date_gmt":"2021-07-15T19:58:43","guid":{"rendered":"https:\/\/motionup.com.br\/site\/?post_type=product&#038;p=3720"},"modified":"2021-08-02T09:19:09","modified_gmt":"2021-08-02T12:19:09","slug":"uniao-giratoria-pneumatica-e-eletrica-senring","status":"publish","type":"product","link":"https:\/\/motionup.com.br\/site\/produto\/uniao-giratoria-pneumatica-e-eletrica-senring\/","title":{"rendered":"Uni\u00e3o Girat\u00f3ria Pneum\u00e1tica e El\u00e9trica-Senring"},"content":{"rendered":"<p>suporta uma porta G1 \/ 8 &#8220;para tubos de 6 ~ 8 mm,<\/p>\n<p>pode transferir v\u00e1rios meios, incluindo comprimidos<br \/>\nar, vapor, v\u00e1cuo, press\u00e3o negativa, press\u00e3o positiva, \u00e1gua de resfriamento, \u00f3leo quente, etc. quando gira 360 \u00b0,<br \/>\nele tamb\u00e9m pode se combinar para transmitir energia el\u00e9trica e sinal.<\/p>\n","protected":false},"excerpt":{"rendered":"<p>suporta uma porta G1 \/ 8 &#8220;para tubos de 6 ~ 8 mm, pode transferir v\u00e1rios meios, incluindo comprimidos ar, vapor, v\u00e1cuo, press\u00e3o negativa, press\u00e3o positiva, \u00e1gua de resfriamento, \u00f3leo quente, etc. quando gira 360 \u00b0, ele tamb\u00e9m pode se combinar para transmitir energia el\u00e9trica e sinal.<\/p>\n","protected":false},"featured_media":3721,"template":"","meta":[],"product_brand":[],"product_cat":[106],"product_tag":[392,391],"class_list":{"0":"post-3720","1":"product","2":"type-product","3":"status-publish","4":"has-post-thumbnail","6":"product_cat-conversor","7":"product_tag-eletrica","8":"product_tag-pneumatica","10":"first","11":"instock","12":"shipping-taxable","13":"product-type-simple"},"yoast_head":"<!-- This site is optimized with the Yoast SEO plugin v26.3 - https:\/\/yoast.com\/wordpress\/plugins\/seo\/ -->\n<title>Uni\u00e3o Girat\u00f3ria Pneum\u00e1tica e El\u00e9trica-Senring - Loja Motion Up<\/title>\n<meta name=\"robots\" content=\"index, follow, max-snippet:-1, max-image-preview:large, max-video-preview:-1\" \/>\n<link rel=\"canonical\" href=\"https:\/\/motionup.com.br\/site\/produto\/uniao-giratoria-pneumatica-e-eletrica-senring\/\" \/>\n<meta property=\"og:locale\" content=\"pt_BR\" \/>\n<meta property=\"og:type\" content=\"article\" \/>\n<meta property=\"og:title\" content=\"Uni\u00e3o Girat\u00f3ria Pneum\u00e1tica e El\u00e9trica-Senring - Loja Motion Up\" \/>\n<meta property=\"og:description\" content=\"suporta uma porta G1 \/ 8 &#8220;para tubos de 6 ~ 8 mm, pode transferir v\u00e1rios meios, incluindo comprimidos ar, vapor, v\u00e1cuo, press\u00e3o negativa, press\u00e3o positiva, \u00e1gua de resfriamento, \u00f3leo quente, etc. quando gira 360 \u00b0, ele tamb\u00e9m pode se combinar para transmitir energia el\u00e9trica e sinal.\" \/>\n<meta property=\"og:url\" content=\"https:\/\/motionup.com.br\/site\/produto\/uniao-giratoria-pneumatica-e-eletrica-senring\/\" \/>\n<meta property=\"og:site_name\" content=\"Loja Motion Up\" \/>\n<meta property=\"article:publisher\" content=\"https:\/\/m.facebook.com\/fp3motionup\/about\/\" \/>\n<meta property=\"article:modified_time\" content=\"2021-08-02T12:19:09+00:00\" \/>\n<meta property=\"og:image\" content=\"https:\/\/motionup.com.br\/site\/wp-content\/uploads\/2021\/07\/Sem-titulo-scaled.jpg\" \/>\n\t<meta property=\"og:image:width\" content=\"1920\" \/>\n\t<meta property=\"og:image:height\" content=\"2560\" \/>\n\t<meta property=\"og:image:type\" content=\"image\/jpeg\" \/>\n<meta name=\"twitter:card\" content=\"summary_large_image\" \/>\n<script type=\"application\/ld+json\" class=\"yoast-schema-graph\">{\"@context\":\"https:\/\/schema.org\",\"@graph\":[{\"@type\":\"WebPage\",\"@id\":\"https:\/\/motionup.com.br\/site\/produto\/uniao-giratoria-pneumatica-e-eletrica-senring\/\",\"url\":\"https:\/\/motionup.com.br\/site\/produto\/uniao-giratoria-pneumatica-e-eletrica-senring\/\",\"name\":\"Uni\u00e3o Girat\u00f3ria Pneum\u00e1tica e El\u00e9trica-Senring - Loja Motion Up\",\"isPartOf\":{\"@id\":\"https:\/\/motionup.com.br\/site\/#website\"},\"primaryImageOfPage\":{\"@id\":\"https:\/\/motionup.com.br\/site\/produto\/uniao-giratoria-pneumatica-e-eletrica-senring\/#primaryimage\"},\"image\":{\"@id\":\"https:\/\/motionup.com.br\/site\/produto\/uniao-giratoria-pneumatica-e-eletrica-senring\/#primaryimage\"},\"thumbnailUrl\":\"https:\/\/motionup.com.br\/site\/wp-content\/uploads\/2021\/07\/Sem-titulo-scaled.jpg\",\"datePublished\":\"2021-07-15T19:58:43+00:00\",\"dateModified\":\"2021-08-02T12:19:09+00:00\",\"breadcrumb\":{\"@id\":\"https:\/\/motionup.com.br\/site\/produto\/uniao-giratoria-pneumatica-e-eletrica-senring\/#breadcrumb\"},\"inLanguage\":\"pt-BR\",\"potentialAction\":[{\"@type\":\"ReadAction\",\"target\":[\"https:\/\/motionup.com.br\/site\/produto\/uniao-giratoria-pneumatica-e-eletrica-senring\/\"]}]},{\"@type\":\"ImageObject\",\"inLanguage\":\"pt-BR\",\"@id\":\"https:\/\/motionup.com.br\/site\/produto\/uniao-giratoria-pneumatica-e-eletrica-senring\/#primaryimage\",\"url\":\"https:\/\/motionup.com.br\/site\/wp-content\/uploads\/2021\/07\/Sem-titulo-scaled.jpg\",\"contentUrl\":\"https:\/\/motionup.com.br\/site\/wp-content\/uploads\/2021\/07\/Sem-titulo-scaled.jpg\",\"width\":1920,\"height\":2560},{\"@type\":\"BreadcrumbList\",\"@id\":\"https:\/\/motionup.com.br\/site\/produto\/uniao-giratoria-pneumatica-e-eletrica-senring\/#breadcrumb\",\"itemListElement\":[{\"@type\":\"ListItem\",\"position\":1,\"name\":\"In\u00edcio\",\"item\":\"https:\/\/motionup.com.br\/site\/\"},{\"@type\":\"ListItem\",\"position\":2,\"name\":\"Produtos\",\"item\":\"https:\/\/motionup.com.br\/site\/produtos\/\"},{\"@type\":\"ListItem\",\"position\":3,\"name\":\"Uni\u00e3o Girat\u00f3ria Pneum\u00e1tica e El\u00e9trica-Senring\"}]},{\"@type\":\"WebSite\",\"@id\":\"https:\/\/motionup.com.br\/site\/#website\",\"url\":\"https:\/\/motionup.com.br\/site\/\",\"name\":\"Motion Up\",\"description\":\"E-commerce Motion Up - Automa\u00e7\u00e3o Industrial\",\"publisher\":{\"@id\":\"https:\/\/motionup.com.br\/site\/#organization\"},\"potentialAction\":[{\"@type\":\"SearchAction\",\"target\":{\"@type\":\"EntryPoint\",\"urlTemplate\":\"https:\/\/motionup.com.br\/site\/?s={search_term_string}\"},\"query-input\":{\"@type\":\"PropertyValueSpecification\",\"valueRequired\":true,\"valueName\":\"search_term_string\"}}],\"inLanguage\":\"pt-BR\"},{\"@type\":\"Organization\",\"@id\":\"https:\/\/motionup.com.br\/site\/#organization\",\"name\":\"Motion Up\",\"url\":\"https:\/\/motionup.com.br\/site\/\",\"logo\":{\"@type\":\"ImageObject\",\"inLanguage\":\"pt-BR\",\"@id\":\"https:\/\/motionup.com.br\/site\/#\/schema\/logo\/image\/\",\"url\":\"https:\/\/motionup.com.br\/site\/wp-content\/uploads\/2025\/05\/MOTIONUP.png\",\"contentUrl\":\"https:\/\/motionup.com.br\/site\/wp-content\/uploads\/2025\/05\/MOTIONUP.png\",\"width\":1200,\"height\":601,\"caption\":\"Motion Up\"},\"image\":{\"@id\":\"https:\/\/motionup.com.br\/site\/#\/schema\/logo\/image\/\"},\"sameAs\":[\"https:\/\/m.facebook.com\/fp3motionup\/about\/\",\"https:\/\/br.linkedin.com\/company\/fpn-controle-e-automao-industrial-ltda\"]}]}<\/script>\n<!-- \/ Yoast SEO plugin. -->","yoast_head_json":{"title":"Uni\u00e3o Girat\u00f3ria Pneum\u00e1tica e El\u00e9trica-Senring - Loja Motion Up","robots":{"index":"index","follow":"follow","max-snippet":"max-snippet:-1","max-image-preview":"max-image-preview:large","max-video-preview":"max-video-preview:-1"},"canonical":"https:\/\/motionup.com.br\/site\/produto\/uniao-giratoria-pneumatica-e-eletrica-senring\/","og_locale":"pt_BR","og_type":"article","og_title":"Uni\u00e3o Girat\u00f3ria Pneum\u00e1tica e El\u00e9trica-Senring - Loja Motion Up","og_description":"suporta uma porta G1 \/ 8 &#8220;para tubos de 6 ~ 8 mm, pode transferir v\u00e1rios meios, incluindo comprimidos ar, vapor, v\u00e1cuo, press\u00e3o negativa, press\u00e3o positiva, \u00e1gua de resfriamento, \u00f3leo quente, etc. quando gira 360 \u00b0, ele tamb\u00e9m pode se combinar para transmitir energia el\u00e9trica e sinal.","og_url":"https:\/\/motionup.com.br\/site\/produto\/uniao-giratoria-pneumatica-e-eletrica-senring\/","og_site_name":"Loja Motion Up","article_publisher":"https:\/\/m.facebook.com\/fp3motionup\/about\/","article_modified_time":"2021-08-02T12:19:09+00:00","og_image":[{"width":1920,"height":2560,"url":"https:\/\/motionup.com.br\/site\/wp-content\/uploads\/2021\/07\/Sem-titulo-scaled.jpg","type":"image\/jpeg"}],"twitter_card":"summary_large_image","schema":{"@context":"https:\/\/schema.org","@graph":[{"@type":"WebPage","@id":"https:\/\/motionup.com.br\/site\/produto\/uniao-giratoria-pneumatica-e-eletrica-senring\/","url":"https:\/\/motionup.com.br\/site\/produto\/uniao-giratoria-pneumatica-e-eletrica-senring\/","name":"Uni\u00e3o Girat\u00f3ria Pneum\u00e1tica e El\u00e9trica-Senring - Loja Motion Up","isPartOf":{"@id":"https:\/\/motionup.com.br\/site\/#website"},"primaryImageOfPage":{"@id":"https:\/\/motionup.com.br\/site\/produto\/uniao-giratoria-pneumatica-e-eletrica-senring\/#primaryimage"},"image":{"@id":"https:\/\/motionup.com.br\/site\/produto\/uniao-giratoria-pneumatica-e-eletrica-senring\/#primaryimage"},"thumbnailUrl":"https:\/\/motionup.com.br\/site\/wp-content\/uploads\/2021\/07\/Sem-titulo-scaled.jpg","datePublished":"2021-07-15T19:58:43+00:00","dateModified":"2021-08-02T12:19:09+00:00","breadcrumb":{"@id":"https:\/\/motionup.com.br\/site\/produto\/uniao-giratoria-pneumatica-e-eletrica-senring\/#breadcrumb"},"inLanguage":"pt-BR","potentialAction":[{"@type":"ReadAction","target":["https:\/\/motionup.com.br\/site\/produto\/uniao-giratoria-pneumatica-e-eletrica-senring\/"]}]},{"@type":"ImageObject","inLanguage":"pt-BR","@id":"https:\/\/motionup.com.br\/site\/produto\/uniao-giratoria-pneumatica-e-eletrica-senring\/#primaryimage","url":"https:\/\/motionup.com.br\/site\/wp-content\/uploads\/2021\/07\/Sem-titulo-scaled.jpg","contentUrl":"https:\/\/motionup.com.br\/site\/wp-content\/uploads\/2021\/07\/Sem-titulo-scaled.jpg","width":1920,"height":2560},{"@type":"BreadcrumbList","@id":"https:\/\/motionup.com.br\/site\/produto\/uniao-giratoria-pneumatica-e-eletrica-senring\/#breadcrumb","itemListElement":[{"@type":"ListItem","position":1,"name":"In\u00edcio","item":"https:\/\/motionup.com.br\/site\/"},{"@type":"ListItem","position":2,"name":"Produtos","item":"https:\/\/motionup.com.br\/site\/produtos\/"},{"@type":"ListItem","position":3,"name":"Uni\u00e3o Girat\u00f3ria Pneum\u00e1tica e El\u00e9trica-Senring"}]},{"@type":"WebSite","@id":"https:\/\/motionup.com.br\/site\/#website","url":"https:\/\/motionup.com.br\/site\/","name":"Motion Up","description":"E-commerce Motion Up - Automa\u00e7\u00e3o Industrial","publisher":{"@id":"https:\/\/motionup.com.br\/site\/#organization"},"potentialAction":[{"@type":"SearchAction","target":{"@type":"EntryPoint","urlTemplate":"https:\/\/motionup.com.br\/site\/?s={search_term_string}"},"query-input":{"@type":"PropertyValueSpecification","valueRequired":true,"valueName":"search_term_string"}}],"inLanguage":"pt-BR"},{"@type":"Organization","@id":"https:\/\/motionup.com.br\/site\/#organization","name":"Motion Up","url":"https:\/\/motionup.com.br\/site\/","logo":{"@type":"ImageObject","inLanguage":"pt-BR","@id":"https:\/\/motionup.com.br\/site\/#\/schema\/logo\/image\/","url":"https:\/\/motionup.com.br\/site\/wp-content\/uploads\/2025\/05\/MOTIONUP.png","contentUrl":"https:\/\/motionup.com.br\/site\/wp-content\/uploads\/2025\/05\/MOTIONUP.png","width":1200,"height":601,"caption":"Motion Up"},"image":{"@id":"https:\/\/motionup.com.br\/site\/#\/schema\/logo\/image\/"},"sameAs":["https:\/\/m.facebook.com\/fp3motionup\/about\/","https:\/\/br.linkedin.com\/company\/fpn-controle-e-automao-industrial-ltda"]}]}},"_links":{"self":[{"href":"https:\/\/motionup.com.br\/site\/wp-json\/wp\/v2\/product\/3720","targetHints":{"allow":["GET"]}}],"collection":[{"href":"https:\/\/motionup.com.br\/site\/wp-json\/wp\/v2\/product"}],"about":[{"href":"https:\/\/motionup.com.br\/site\/wp-json\/wp\/v2\/types\/product"}],"wp:featuredmedia":[{"embeddable":true,"href":"https:\/\/motionup.com.br\/site\/wp-json\/wp\/v2\/media\/3721"}],"wp:attachment":[{"href":"https:\/\/motionup.com.br\/site\/wp-json\/wp\/v2\/media?parent=3720"}],"wp:term":[{"taxonomy":"product_brand","embeddable":true,"href":"https:\/\/motionup.com.br\/site\/wp-json\/wp\/v2\/product_brand?post=3720"},{"taxonomy":"product_cat","embeddable":true,"href":"https:\/\/motionup.com.br\/site\/wp-json\/wp\/v2\/product_cat?post=3720"},{"taxonomy":"product_tag","embeddable":true,"href":"https:\/\/motionup.com.br\/site\/wp-json\/wp\/v2\/product_tag?post=3720"}],"curies":[{"name":"wp","href":"https:\/\/api.w.org\/{rel}","templated":true}]}}