{"id":3723,"date":"2021-07-15T17:16:22","date_gmt":"2021-07-15T20:16:22","guid":{"rendered":"https:\/\/motionup.com.br\/site\/?post_type=product&#038;p=3723"},"modified":"2021-08-02T09:18:42","modified_gmt":"2021-08-02T12:18:42","slug":"anel-deslizante-gigabit-ethernet-sering","status":"publish","type":"product","link":"https:\/\/motionup.com.br\/site\/produto\/anel-deslizante-gigabit-ethernet-sering\/","title":{"rendered":"Anel deslizante Gigabit Ethernet-Sering"},"content":{"rendered":"<p>Junta rotativa Gigabit Ethernet da s\u00e9rie Senring EM022, com estrutura integrada, s\u00f3lida, OD 22mm, pode transmitir o sinal Gigabit Ethernet de 1 ~ 2 canais com precis\u00e3o quando em roating 360 \u00b0, pode ser combinado com um transmitir 1 ~ 16 circuitos de alimenta\u00e7\u00e3o (corrente 2 ~ 20A) e USB, HDMI ou outros tipos de sinal.<br \/>\nProdutos semelhantes no mercado, com vantagens de transmiss\u00e3o confi\u00e1vel, sem perda de pacote, sem c\u00f3digo de string,a baixo a perda de retorno, baixa perda de inser\u00e7\u00e3o, etc. Adotando a tecnologia de galvaniza\u00e7\u00e3o militar dos EUA, metal precioso + ultra-duro.<\/p>\n","protected":false},"excerpt":{"rendered":"<p>Junta rotativa Gigabit Ethernet da s\u00e9rie Senring EM022, com estrutura integrada, s\u00f3lida, OD 22mm, pode transmitir o sinal Gigabit Ethernet de 1 ~ 2 canais com precis\u00e3o quando em roating 360 \u00b0, pode ser combinado com um transmitir 1 ~ 16 circuitos de alimenta\u00e7\u00e3o (corrente 2 ~ 20A) e USB, HDMI ou outros tipos de [&hellip;]<\/p>\n","protected":false},"featured_media":3724,"template":"","meta":[],"product_brand":[],"product_cat":[106],"product_tag":[392,391],"class_list":{"0":"post-3723","1":"product","2":"type-product","3":"status-publish","4":"has-post-thumbnail","6":"product_cat-conversor","7":"product_tag-eletrica","8":"product_tag-pneumatica","10":"first","11":"instock","12":"shipping-taxable","13":"product-type-simple"},"yoast_head":"<!-- This site is optimized with the Yoast SEO plugin v26.3 - https:\/\/yoast.com\/wordpress\/plugins\/seo\/ -->\n<title>Anel deslizante Gigabit Ethernet-Sering - Loja Motion Up<\/title>\n<meta name=\"robots\" content=\"index, follow, max-snippet:-1, max-image-preview:large, max-video-preview:-1\" \/>\n<link rel=\"canonical\" href=\"https:\/\/motionup.com.br\/site\/produto\/anel-deslizante-gigabit-ethernet-sering\/\" \/>\n<meta property=\"og:locale\" content=\"pt_BR\" \/>\n<meta property=\"og:type\" content=\"article\" \/>\n<meta property=\"og:title\" content=\"Anel deslizante Gigabit Ethernet-Sering - Loja Motion Up\" \/>\n<meta property=\"og:description\" content=\"Junta rotativa Gigabit Ethernet da s\u00e9rie Senring EM022, com estrutura integrada, s\u00f3lida, OD 22mm, pode transmitir o sinal Gigabit Ethernet de 1 ~ 2 canais com precis\u00e3o quando em roating 360 \u00b0, pode ser combinado com um transmitir 1 ~ 16 circuitos de alimenta\u00e7\u00e3o (corrente 2 ~ 20A) e USB, HDMI ou outros tipos de [&hellip;]\" \/>\n<meta property=\"og:url\" content=\"https:\/\/motionup.com.br\/site\/produto\/anel-deslizante-gigabit-ethernet-sering\/\" \/>\n<meta property=\"og:site_name\" content=\"Loja Motion Up\" \/>\n<meta property=\"article:publisher\" content=\"https:\/\/m.facebook.com\/fp3motionup\/about\/\" \/>\n<meta property=\"article:modified_time\" content=\"2021-08-02T12:18:42+00:00\" \/>\n<meta property=\"og:image\" content=\"https:\/\/motionup.com.br\/site\/wp-content\/uploads\/2021\/07\/em022x1.jpg\" \/>\n\t<meta property=\"og:image:width\" content=\"344\" \/>\n\t<meta property=\"og:image:height\" content=\"255\" \/>\n\t<meta property=\"og:image:type\" content=\"image\/jpeg\" \/>\n<meta name=\"twitter:card\" content=\"summary_large_image\" \/>\n<script type=\"application\/ld+json\" class=\"yoast-schema-graph\">{\"@context\":\"https:\/\/schema.org\",\"@graph\":[{\"@type\":\"WebPage\",\"@id\":\"https:\/\/motionup.com.br\/site\/produto\/anel-deslizante-gigabit-ethernet-sering\/\",\"url\":\"https:\/\/motionup.com.br\/site\/produto\/anel-deslizante-gigabit-ethernet-sering\/\",\"name\":\"Anel deslizante Gigabit Ethernet-Sering - Loja Motion Up\",\"isPartOf\":{\"@id\":\"https:\/\/motionup.com.br\/site\/#website\"},\"primaryImageOfPage\":{\"@id\":\"https:\/\/motionup.com.br\/site\/produto\/anel-deslizante-gigabit-ethernet-sering\/#primaryimage\"},\"image\":{\"@id\":\"https:\/\/motionup.com.br\/site\/produto\/anel-deslizante-gigabit-ethernet-sering\/#primaryimage\"},\"thumbnailUrl\":\"https:\/\/motionup.com.br\/site\/wp-content\/uploads\/2021\/07\/em022x1.jpg\",\"datePublished\":\"2021-07-15T20:16:22+00:00\",\"dateModified\":\"2021-08-02T12:18:42+00:00\",\"breadcrumb\":{\"@id\":\"https:\/\/motionup.com.br\/site\/produto\/anel-deslizante-gigabit-ethernet-sering\/#breadcrumb\"},\"inLanguage\":\"pt-BR\",\"potentialAction\":[{\"@type\":\"ReadAction\",\"target\":[\"https:\/\/motionup.com.br\/site\/produto\/anel-deslizante-gigabit-ethernet-sering\/\"]}]},{\"@type\":\"ImageObject\",\"inLanguage\":\"pt-BR\",\"@id\":\"https:\/\/motionup.com.br\/site\/produto\/anel-deslizante-gigabit-ethernet-sering\/#primaryimage\",\"url\":\"https:\/\/motionup.com.br\/site\/wp-content\/uploads\/2021\/07\/em022x1.jpg\",\"contentUrl\":\"https:\/\/motionup.com.br\/site\/wp-content\/uploads\/2021\/07\/em022x1.jpg\",\"width\":344,\"height\":255},{\"@type\":\"BreadcrumbList\",\"@id\":\"https:\/\/motionup.com.br\/site\/produto\/anel-deslizante-gigabit-ethernet-sering\/#breadcrumb\",\"itemListElement\":[{\"@type\":\"ListItem\",\"position\":1,\"name\":\"In\u00edcio\",\"item\":\"https:\/\/motionup.com.br\/site\/\"},{\"@type\":\"ListItem\",\"position\":2,\"name\":\"Produtos\",\"item\":\"https:\/\/motionup.com.br\/site\/produtos\/\"},{\"@type\":\"ListItem\",\"position\":3,\"name\":\"Anel deslizante Gigabit Ethernet-Sering\"}]},{\"@type\":\"WebSite\",\"@id\":\"https:\/\/motionup.com.br\/site\/#website\",\"url\":\"https:\/\/motionup.com.br\/site\/\",\"name\":\"Motion Up\",\"description\":\"E-commerce Motion Up - Automa\u00e7\u00e3o Industrial\",\"publisher\":{\"@id\":\"https:\/\/motionup.com.br\/site\/#organization\"},\"potentialAction\":[{\"@type\":\"SearchAction\",\"target\":{\"@type\":\"EntryPoint\",\"urlTemplate\":\"https:\/\/motionup.com.br\/site\/?s={search_term_string}\"},\"query-input\":{\"@type\":\"PropertyValueSpecification\",\"valueRequired\":true,\"valueName\":\"search_term_string\"}}],\"inLanguage\":\"pt-BR\"},{\"@type\":\"Organization\",\"@id\":\"https:\/\/motionup.com.br\/site\/#organization\",\"name\":\"Motion Up\",\"url\":\"https:\/\/motionup.com.br\/site\/\",\"logo\":{\"@type\":\"ImageObject\",\"inLanguage\":\"pt-BR\",\"@id\":\"https:\/\/motionup.com.br\/site\/#\/schema\/logo\/image\/\",\"url\":\"https:\/\/motionup.com.br\/site\/wp-content\/uploads\/2025\/05\/MOTIONUP.png\",\"contentUrl\":\"https:\/\/motionup.com.br\/site\/wp-content\/uploads\/2025\/05\/MOTIONUP.png\",\"width\":1200,\"height\":601,\"caption\":\"Motion Up\"},\"image\":{\"@id\":\"https:\/\/motionup.com.br\/site\/#\/schema\/logo\/image\/\"},\"sameAs\":[\"https:\/\/m.facebook.com\/fp3motionup\/about\/\",\"https:\/\/br.linkedin.com\/company\/fpn-controle-e-automao-industrial-ltda\"]}]}<\/script>\n<!-- \/ Yoast SEO plugin. -->","yoast_head_json":{"title":"Anel deslizante Gigabit Ethernet-Sering - Loja Motion Up","robots":{"index":"index","follow":"follow","max-snippet":"max-snippet:-1","max-image-preview":"max-image-preview:large","max-video-preview":"max-video-preview:-1"},"canonical":"https:\/\/motionup.com.br\/site\/produto\/anel-deslizante-gigabit-ethernet-sering\/","og_locale":"pt_BR","og_type":"article","og_title":"Anel deslizante Gigabit Ethernet-Sering - Loja Motion Up","og_description":"Junta rotativa Gigabit Ethernet da s\u00e9rie Senring EM022, com estrutura integrada, s\u00f3lida, OD 22mm, pode transmitir o sinal Gigabit Ethernet de 1 ~ 2 canais com precis\u00e3o quando em roating 360 \u00b0, pode ser combinado com um transmitir 1 ~ 16 circuitos de alimenta\u00e7\u00e3o (corrente 2 ~ 20A) e USB, HDMI ou outros tipos de [&hellip;]","og_url":"https:\/\/motionup.com.br\/site\/produto\/anel-deslizante-gigabit-ethernet-sering\/","og_site_name":"Loja Motion Up","article_publisher":"https:\/\/m.facebook.com\/fp3motionup\/about\/","article_modified_time":"2021-08-02T12:18:42+00:00","og_image":[{"width":344,"height":255,"url":"https:\/\/motionup.com.br\/site\/wp-content\/uploads\/2021\/07\/em022x1.jpg","type":"image\/jpeg"}],"twitter_card":"summary_large_image","schema":{"@context":"https:\/\/schema.org","@graph":[{"@type":"WebPage","@id":"https:\/\/motionup.com.br\/site\/produto\/anel-deslizante-gigabit-ethernet-sering\/","url":"https:\/\/motionup.com.br\/site\/produto\/anel-deslizante-gigabit-ethernet-sering\/","name":"Anel deslizante Gigabit Ethernet-Sering - Loja Motion Up","isPartOf":{"@id":"https:\/\/motionup.com.br\/site\/#website"},"primaryImageOfPage":{"@id":"https:\/\/motionup.com.br\/site\/produto\/anel-deslizante-gigabit-ethernet-sering\/#primaryimage"},"image":{"@id":"https:\/\/motionup.com.br\/site\/produto\/anel-deslizante-gigabit-ethernet-sering\/#primaryimage"},"thumbnailUrl":"https:\/\/motionup.com.br\/site\/wp-content\/uploads\/2021\/07\/em022x1.jpg","datePublished":"2021-07-15T20:16:22+00:00","dateModified":"2021-08-02T12:18:42+00:00","breadcrumb":{"@id":"https:\/\/motionup.com.br\/site\/produto\/anel-deslizante-gigabit-ethernet-sering\/#breadcrumb"},"inLanguage":"pt-BR","potentialAction":[{"@type":"ReadAction","target":["https:\/\/motionup.com.br\/site\/produto\/anel-deslizante-gigabit-ethernet-sering\/"]}]},{"@type":"ImageObject","inLanguage":"pt-BR","@id":"https:\/\/motionup.com.br\/site\/produto\/anel-deslizante-gigabit-ethernet-sering\/#primaryimage","url":"https:\/\/motionup.com.br\/site\/wp-content\/uploads\/2021\/07\/em022x1.jpg","contentUrl":"https:\/\/motionup.com.br\/site\/wp-content\/uploads\/2021\/07\/em022x1.jpg","width":344,"height":255},{"@type":"BreadcrumbList","@id":"https:\/\/motionup.com.br\/site\/produto\/anel-deslizante-gigabit-ethernet-sering\/#breadcrumb","itemListElement":[{"@type":"ListItem","position":1,"name":"In\u00edcio","item":"https:\/\/motionup.com.br\/site\/"},{"@type":"ListItem","position":2,"name":"Produtos","item":"https:\/\/motionup.com.br\/site\/produtos\/"},{"@type":"ListItem","position":3,"name":"Anel deslizante Gigabit Ethernet-Sering"}]},{"@type":"WebSite","@id":"https:\/\/motionup.com.br\/site\/#website","url":"https:\/\/motionup.com.br\/site\/","name":"Motion Up","description":"E-commerce Motion Up - Automa\u00e7\u00e3o Industrial","publisher":{"@id":"https:\/\/motionup.com.br\/site\/#organization"},"potentialAction":[{"@type":"SearchAction","target":{"@type":"EntryPoint","urlTemplate":"https:\/\/motionup.com.br\/site\/?s={search_term_string}"},"query-input":{"@type":"PropertyValueSpecification","valueRequired":true,"valueName":"search_term_string"}}],"inLanguage":"pt-BR"},{"@type":"Organization","@id":"https:\/\/motionup.com.br\/site\/#organization","name":"Motion Up","url":"https:\/\/motionup.com.br\/site\/","logo":{"@type":"ImageObject","inLanguage":"pt-BR","@id":"https:\/\/motionup.com.br\/site\/#\/schema\/logo\/image\/","url":"https:\/\/motionup.com.br\/site\/wp-content\/uploads\/2025\/05\/MOTIONUP.png","contentUrl":"https:\/\/motionup.com.br\/site\/wp-content\/uploads\/2025\/05\/MOTIONUP.png","width":1200,"height":601,"caption":"Motion Up"},"image":{"@id":"https:\/\/motionup.com.br\/site\/#\/schema\/logo\/image\/"},"sameAs":["https:\/\/m.facebook.com\/fp3motionup\/about\/","https:\/\/br.linkedin.com\/company\/fpn-controle-e-automao-industrial-ltda"]}]}},"_links":{"self":[{"href":"https:\/\/motionup.com.br\/site\/wp-json\/wp\/v2\/product\/3723","targetHints":{"allow":["GET"]}}],"collection":[{"href":"https:\/\/motionup.com.br\/site\/wp-json\/wp\/v2\/product"}],"about":[{"href":"https:\/\/motionup.com.br\/site\/wp-json\/wp\/v2\/types\/product"}],"wp:featuredmedia":[{"embeddable":true,"href":"https:\/\/motionup.com.br\/site\/wp-json\/wp\/v2\/media\/3724"}],"wp:attachment":[{"href":"https:\/\/motionup.com.br\/site\/wp-json\/wp\/v2\/media?parent=3723"}],"wp:term":[{"taxonomy":"product_brand","embeddable":true,"href":"https:\/\/motionup.com.br\/site\/wp-json\/wp\/v2\/product_brand?post=3723"},{"taxonomy":"product_cat","embeddable":true,"href":"https:\/\/motionup.com.br\/site\/wp-json\/wp\/v2\/product_cat?post=3723"},{"taxonomy":"product_tag","embeddable":true,"href":"https:\/\/motionup.com.br\/site\/wp-json\/wp\/v2\/product_tag?post=3723"}],"curies":[{"name":"wp","href":"https:\/\/api.w.org\/{rel}","templated":true}]}}