{"id":4045,"date":"2021-08-27T14:26:04","date_gmt":"2021-08-27T17:26:04","guid":{"rendered":"https:\/\/motionup.com.br\/site\/?post_type=product&#038;p=4045"},"modified":"2023-03-31T17:15:45","modified_gmt":"2023-03-31T20:15:45","slug":"ihm-power-panel-4ppc30-0702-br","status":"publish","type":"product","link":"https:\/\/motionup.com.br\/site\/produto\/ihm-power-panel-4ppc30-0702-br\/","title":{"rendered":"IHM Power panel -4PPC30.0702- B&amp;R"},"content":{"rendered":"<h5><\/h5>\n<h5 class=\"ac-title blue\">Informa\u00e7\u00f5es gerais<\/h5>\n<div class=\"ac-content\">\n<table class=\"table table-striped\">\n<tbody>\n<tr class=\"inset-0\">\n<td class=\"col-md-6\">C\u00f3digo de ID B&amp;R<\/td>\n<td class=\"col-md-6\">0xE97F<\/td>\n<\/tr>\n<tr class=\"inset-0\">\n<td class=\"col-md-6\">Arrefecimento<\/td>\n<td class=\"col-md-6\">Passivo<\/td>\n<\/tr>\n<tr class=\"inset-0\">\n<td class=\"col-md-6\">Bot\u00e3o de alimenta\u00e7\u00e3o<\/td>\n<td class=\"col-md-6\">N\u00e3o<\/td>\n<\/tr>\n<tr class=\"inset-0\">\n<td class=\"col-md-6\">Bot\u00e3o de reset<\/td>\n<td class=\"col-md-6\">Sim<\/td>\n<\/tr>\n<tr class=\"inset-0\">\n<td class=\"col-md-6\">Indicadores de status<\/td>\n<td class=\"col-md-6\">Tens\u00e3o de alimenta\u00e7\u00e3o OK, estado operacional, status do m\u00f3dulo, Ethernet, CAN Rx\/Tx<\/td>\n<\/tr>\n<tr class=\"inset-0\">\n<td class=\"col-md-6\">Cigarra<\/td>\n<td class=\"col-md-6\">Sim<\/td>\n<\/tr>\n<tr class=\"inset-0\">\n<td class=\"col-md-6\">Apoio<\/td>\n<td class=\"col-md-6\"><\/td>\n<\/tr>\n<tr class=\"inset-1\">\n<td class=\"col-md-6\">Redund\u00e2ncia do controlador poss\u00edvel<\/td>\n<td class=\"col-md-6\">N\u00e3o<\/td>\n<\/tr>\n<tr class=\"inset-1\">\n<td class=\"col-md-6\">Suporte a ACOPOS<\/td>\n<td class=\"col-md-6\">N\u00e3o<\/td>\n<\/tr>\n<tr class=\"inset-1\">\n<td class=\"col-md-6\">Suporte a componentes visuais<\/td>\n<td class=\"col-md-6\">Sim<\/td>\n<\/tr>\n<tr class=\"inset-1\">\n<td class=\"col-md-6\">Suporte de seguran\u00e7a<\/td>\n<td class=\"col-md-6\">N\u00e3o<\/td>\n<\/tr>\n<tr class=\"inset-0\">\n<td class=\"col-md-6\">Certifica\u00e7\u00f5es<\/td>\n<td class=\"col-md-6\"><\/td>\n<\/tr>\n<tr class=\"inset-1\">\n<td class=\"col-md-6\">CE<\/td>\n<td class=\"col-md-6\">Sim<\/td>\n<\/tr>\n<tr class=\"inset-1\">\n<td class=\"col-md-6\">UL<\/td>\n<td class=\"col-md-6\">cULus E115267<br \/>\nEquipamento de controle industrial<\/td>\n<\/tr>\n<tr class=\"inset-1\">\n<td class=\"col-md-6\">EAC<\/td>\n<td class=\"col-md-6\">Sim<\/td>\n<\/tr>\n<\/tbody>\n<\/table>\n<\/div>\n","protected":false},"excerpt":{"rendered":"<p>Informa\u00e7\u00f5es gerais C\u00f3digo de ID B&amp;R 0xE97F Arrefecimento Passivo Bot\u00e3o de alimenta\u00e7\u00e3o N\u00e3o Bot\u00e3o de reset Sim Indicadores de status Tens\u00e3o de alimenta\u00e7\u00e3o OK, estado operacional, status do m\u00f3dulo, Ethernet, CAN Rx\/Tx Cigarra Sim Apoio Redund\u00e2ncia do controlador poss\u00edvel N\u00e3o Suporte a ACOPOS N\u00e3o Suporte a componentes visuais Sim Suporte de seguran\u00e7a N\u00e3o Certifica\u00e7\u00f5es CE [&hellip;]<\/p>\n","protected":false},"featured_media":4043,"template":"","meta":[],"product_brand":[],"product_cat":[579],"product_tag":[400,293],"class_list":{"0":"post-4045","1":"product","2":"type-product","3":"status-publish","4":"has-post-thumbnail","6":"product_cat-inversores-de-frequencia-8200-lenze","7":"product_tag-br","8":"product_tag-ihm","10":"first","11":"onbackorder","12":"shipping-taxable","13":"product-type-simple"},"yoast_head":"<!-- This site is optimized with the Yoast SEO plugin v27.5 - https:\/\/yoast.com\/product\/yoast-seo-wordpress\/ -->\n<title>IHM Power panel -4PPC30.0702- B&amp;R - Loja Motion Up<\/title>\n<meta name=\"robots\" content=\"index, follow, max-snippet:-1, max-image-preview:large, max-video-preview:-1\" \/>\n<link rel=\"canonical\" href=\"https:\/\/motionup.com.br\/site\/produto\/ihm-power-panel-4ppc30-0702-br\/\" \/>\n<meta property=\"og:locale\" content=\"pt_BR\" \/>\n<meta property=\"og:type\" content=\"article\" \/>\n<meta property=\"og:title\" content=\"IHM Power panel -4PPC30.0702- B&amp;R - Loja Motion Up\" \/>\n<meta property=\"og:description\" content=\"Informa\u00e7\u00f5es gerais C\u00f3digo de ID B&amp;R 0xE97F Arrefecimento Passivo Bot\u00e3o de alimenta\u00e7\u00e3o N\u00e3o Bot\u00e3o de reset Sim Indicadores de status Tens\u00e3o de alimenta\u00e7\u00e3o OK, estado operacional, status do m\u00f3dulo, Ethernet, CAN Rx\/Tx Cigarra Sim Apoio Redund\u00e2ncia do controlador poss\u00edvel N\u00e3o Suporte a ACOPOS N\u00e3o Suporte a componentes visuais Sim Suporte de seguran\u00e7a N\u00e3o Certifica\u00e7\u00f5es CE [&hellip;]\" \/>\n<meta property=\"og:url\" content=\"https:\/\/motionup.com.br\/site\/produto\/ihm-power-panel-4ppc30-0702-br\/\" \/>\n<meta property=\"og:site_name\" content=\"Loja Motion Up\" \/>\n<meta property=\"article:publisher\" content=\"https:\/\/m.facebook.com\/fp3motionup\/about\/\" \/>\n<meta property=\"article:modified_time\" content=\"2023-03-31T20:15:45+00:00\" \/>\n<meta property=\"og:image\" content=\"https:\/\/motionup.com.br\/site\/wp-content\/uploads\/2021\/08\/4PPC30.043F-21B.jpg\" \/>\n\t<meta property=\"og:image:width\" content=\"244\" \/>\n\t<meta property=\"og:image:height\" content=\"250\" \/>\n\t<meta property=\"og:image:type\" content=\"image\/jpeg\" \/>\n<meta name=\"twitter:card\" content=\"summary_large_image\" \/>\n<script type=\"application\/ld+json\" class=\"yoast-schema-graph\">{\"@context\":\"https:\\\/\\\/schema.org\",\"@graph\":[{\"@type\":\"WebPage\",\"@id\":\"https:\\\/\\\/motionup.com.br\\\/site\\\/produto\\\/ihm-power-panel-4ppc30-0702-br\\\/\",\"url\":\"https:\\\/\\\/motionup.com.br\\\/site\\\/produto\\\/ihm-power-panel-4ppc30-0702-br\\\/\",\"name\":\"IHM Power panel -4PPC30.0702- B&amp;R - Loja Motion Up\",\"isPartOf\":{\"@id\":\"https:\\\/\\\/motionup.com.br\\\/site\\\/#website\"},\"primaryImageOfPage\":{\"@id\":\"https:\\\/\\\/motionup.com.br\\\/site\\\/produto\\\/ihm-power-panel-4ppc30-0702-br\\\/#primaryimage\"},\"image\":{\"@id\":\"https:\\\/\\\/motionup.com.br\\\/site\\\/produto\\\/ihm-power-panel-4ppc30-0702-br\\\/#primaryimage\"},\"thumbnailUrl\":\"https:\\\/\\\/motionup.com.br\\\/site\\\/wp-content\\\/uploads\\\/2021\\\/08\\\/4PPC30.043F-21B.jpg\",\"datePublished\":\"2021-08-27T17:26:04+00:00\",\"dateModified\":\"2023-03-31T20:15:45+00:00\",\"breadcrumb\":{\"@id\":\"https:\\\/\\\/motionup.com.br\\\/site\\\/produto\\\/ihm-power-panel-4ppc30-0702-br\\\/#breadcrumb\"},\"inLanguage\":\"pt-BR\",\"potentialAction\":[{\"@type\":\"ReadAction\",\"target\":[\"https:\\\/\\\/motionup.com.br\\\/site\\\/produto\\\/ihm-power-panel-4ppc30-0702-br\\\/\"]}]},{\"@type\":\"ImageObject\",\"inLanguage\":\"pt-BR\",\"@id\":\"https:\\\/\\\/motionup.com.br\\\/site\\\/produto\\\/ihm-power-panel-4ppc30-0702-br\\\/#primaryimage\",\"url\":\"https:\\\/\\\/motionup.com.br\\\/site\\\/wp-content\\\/uploads\\\/2021\\\/08\\\/4PPC30.043F-21B.jpg\",\"contentUrl\":\"https:\\\/\\\/motionup.com.br\\\/site\\\/wp-content\\\/uploads\\\/2021\\\/08\\\/4PPC30.043F-21B.jpg\",\"width\":244,\"height\":250},{\"@type\":\"BreadcrumbList\",\"@id\":\"https:\\\/\\\/motionup.com.br\\\/site\\\/produto\\\/ihm-power-panel-4ppc30-0702-br\\\/#breadcrumb\",\"itemListElement\":[{\"@type\":\"ListItem\",\"position\":1,\"name\":\"In\u00edcio\",\"item\":\"https:\\\/\\\/motionup.com.br\\\/site\\\/\"},{\"@type\":\"ListItem\",\"position\":2,\"name\":\"Produtos\",\"item\":\"https:\\\/\\\/motionup.com.br\\\/site\\\/produtos\\\/\"},{\"@type\":\"ListItem\",\"position\":3,\"name\":\"IHM Power panel -4PPC30.0702- B&amp;R\"}]},{\"@type\":\"WebSite\",\"@id\":\"https:\\\/\\\/motionup.com.br\\\/site\\\/#website\",\"url\":\"https:\\\/\\\/motionup.com.br\\\/site\\\/\",\"name\":\"Motion Up\",\"description\":\"E-commerce Motion Up - Automa\u00e7\u00e3o Industrial\",\"publisher\":{\"@id\":\"https:\\\/\\\/motionup.com.br\\\/site\\\/#organization\"},\"potentialAction\":[{\"@type\":\"SearchAction\",\"target\":{\"@type\":\"EntryPoint\",\"urlTemplate\":\"https:\\\/\\\/motionup.com.br\\\/site\\\/?s={search_term_string}\"},\"query-input\":{\"@type\":\"PropertyValueSpecification\",\"valueRequired\":true,\"valueName\":\"search_term_string\"}}],\"inLanguage\":\"pt-BR\"},{\"@type\":\"Organization\",\"@id\":\"https:\\\/\\\/motionup.com.br\\\/site\\\/#organization\",\"name\":\"Motion Up\",\"url\":\"https:\\\/\\\/motionup.com.br\\\/site\\\/\",\"logo\":{\"@type\":\"ImageObject\",\"inLanguage\":\"pt-BR\",\"@id\":\"https:\\\/\\\/motionup.com.br\\\/site\\\/#\\\/schema\\\/logo\\\/image\\\/\",\"url\":\"https:\\\/\\\/motionup.com.br\\\/site\\\/wp-content\\\/uploads\\\/2025\\\/05\\\/MOTIONUP.png\",\"contentUrl\":\"https:\\\/\\\/motionup.com.br\\\/site\\\/wp-content\\\/uploads\\\/2025\\\/05\\\/MOTIONUP.png\",\"width\":1200,\"height\":601,\"caption\":\"Motion Up\"},\"image\":{\"@id\":\"https:\\\/\\\/motionup.com.br\\\/site\\\/#\\\/schema\\\/logo\\\/image\\\/\"},\"sameAs\":[\"https:\\\/\\\/m.facebook.com\\\/fp3motionup\\\/about\\\/\",\"https:\\\/\\\/br.linkedin.com\\\/company\\\/fpn-controle-e-automao-industrial-ltda\"]}]}<\/script>\n<!-- \/ Yoast SEO plugin. -->","yoast_head_json":{"title":"IHM Power panel -4PPC30.0702- B&amp;R - Loja Motion Up","robots":{"index":"index","follow":"follow","max-snippet":"max-snippet:-1","max-image-preview":"max-image-preview:large","max-video-preview":"max-video-preview:-1"},"canonical":"https:\/\/motionup.com.br\/site\/produto\/ihm-power-panel-4ppc30-0702-br\/","og_locale":"pt_BR","og_type":"article","og_title":"IHM Power panel -4PPC30.0702- B&amp;R - Loja Motion Up","og_description":"Informa\u00e7\u00f5es gerais C\u00f3digo de ID B&amp;R 0xE97F Arrefecimento Passivo Bot\u00e3o de alimenta\u00e7\u00e3o N\u00e3o Bot\u00e3o de reset Sim Indicadores de status Tens\u00e3o de alimenta\u00e7\u00e3o OK, estado operacional, status do m\u00f3dulo, Ethernet, CAN Rx\/Tx Cigarra Sim Apoio Redund\u00e2ncia do controlador poss\u00edvel N\u00e3o Suporte a ACOPOS N\u00e3o Suporte a componentes visuais Sim Suporte de seguran\u00e7a N\u00e3o Certifica\u00e7\u00f5es CE [&hellip;]","og_url":"https:\/\/motionup.com.br\/site\/produto\/ihm-power-panel-4ppc30-0702-br\/","og_site_name":"Loja Motion Up","article_publisher":"https:\/\/m.facebook.com\/fp3motionup\/about\/","article_modified_time":"2023-03-31T20:15:45+00:00","og_image":[{"width":244,"height":250,"url":"https:\/\/motionup.com.br\/site\/wp-content\/uploads\/2021\/08\/4PPC30.043F-21B.jpg","type":"image\/jpeg"}],"twitter_card":"summary_large_image","schema":{"@context":"https:\/\/schema.org","@graph":[{"@type":"WebPage","@id":"https:\/\/motionup.com.br\/site\/produto\/ihm-power-panel-4ppc30-0702-br\/","url":"https:\/\/motionup.com.br\/site\/produto\/ihm-power-panel-4ppc30-0702-br\/","name":"IHM Power panel -4PPC30.0702- B&amp;R - Loja Motion Up","isPartOf":{"@id":"https:\/\/motionup.com.br\/site\/#website"},"primaryImageOfPage":{"@id":"https:\/\/motionup.com.br\/site\/produto\/ihm-power-panel-4ppc30-0702-br\/#primaryimage"},"image":{"@id":"https:\/\/motionup.com.br\/site\/produto\/ihm-power-panel-4ppc30-0702-br\/#primaryimage"},"thumbnailUrl":"https:\/\/motionup.com.br\/site\/wp-content\/uploads\/2021\/08\/4PPC30.043F-21B.jpg","datePublished":"2021-08-27T17:26:04+00:00","dateModified":"2023-03-31T20:15:45+00:00","breadcrumb":{"@id":"https:\/\/motionup.com.br\/site\/produto\/ihm-power-panel-4ppc30-0702-br\/#breadcrumb"},"inLanguage":"pt-BR","potentialAction":[{"@type":"ReadAction","target":["https:\/\/motionup.com.br\/site\/produto\/ihm-power-panel-4ppc30-0702-br\/"]}]},{"@type":"ImageObject","inLanguage":"pt-BR","@id":"https:\/\/motionup.com.br\/site\/produto\/ihm-power-panel-4ppc30-0702-br\/#primaryimage","url":"https:\/\/motionup.com.br\/site\/wp-content\/uploads\/2021\/08\/4PPC30.043F-21B.jpg","contentUrl":"https:\/\/motionup.com.br\/site\/wp-content\/uploads\/2021\/08\/4PPC30.043F-21B.jpg","width":244,"height":250},{"@type":"BreadcrumbList","@id":"https:\/\/motionup.com.br\/site\/produto\/ihm-power-panel-4ppc30-0702-br\/#breadcrumb","itemListElement":[{"@type":"ListItem","position":1,"name":"In\u00edcio","item":"https:\/\/motionup.com.br\/site\/"},{"@type":"ListItem","position":2,"name":"Produtos","item":"https:\/\/motionup.com.br\/site\/produtos\/"},{"@type":"ListItem","position":3,"name":"IHM Power panel -4PPC30.0702- B&amp;R"}]},{"@type":"WebSite","@id":"https:\/\/motionup.com.br\/site\/#website","url":"https:\/\/motionup.com.br\/site\/","name":"Motion Up","description":"E-commerce Motion Up - Automa\u00e7\u00e3o Industrial","publisher":{"@id":"https:\/\/motionup.com.br\/site\/#organization"},"potentialAction":[{"@type":"SearchAction","target":{"@type":"EntryPoint","urlTemplate":"https:\/\/motionup.com.br\/site\/?s={search_term_string}"},"query-input":{"@type":"PropertyValueSpecification","valueRequired":true,"valueName":"search_term_string"}}],"inLanguage":"pt-BR"},{"@type":"Organization","@id":"https:\/\/motionup.com.br\/site\/#organization","name":"Motion Up","url":"https:\/\/motionup.com.br\/site\/","logo":{"@type":"ImageObject","inLanguage":"pt-BR","@id":"https:\/\/motionup.com.br\/site\/#\/schema\/logo\/image\/","url":"https:\/\/motionup.com.br\/site\/wp-content\/uploads\/2025\/05\/MOTIONUP.png","contentUrl":"https:\/\/motionup.com.br\/site\/wp-content\/uploads\/2025\/05\/MOTIONUP.png","width":1200,"height":601,"caption":"Motion Up"},"image":{"@id":"https:\/\/motionup.com.br\/site\/#\/schema\/logo\/image\/"},"sameAs":["https:\/\/m.facebook.com\/fp3motionup\/about\/","https:\/\/br.linkedin.com\/company\/fpn-controle-e-automao-industrial-ltda"]}]}},"_links":{"self":[{"href":"https:\/\/motionup.com.br\/site\/wp-json\/wp\/v2\/product\/4045","targetHints":{"allow":["GET"]}}],"collection":[{"href":"https:\/\/motionup.com.br\/site\/wp-json\/wp\/v2\/product"}],"about":[{"href":"https:\/\/motionup.com.br\/site\/wp-json\/wp\/v2\/types\/product"}],"wp:featuredmedia":[{"embeddable":true,"href":"https:\/\/motionup.com.br\/site\/wp-json\/wp\/v2\/media\/4043"}],"wp:attachment":[{"href":"https:\/\/motionup.com.br\/site\/wp-json\/wp\/v2\/media?parent=4045"}],"wp:term":[{"taxonomy":"product_brand","embeddable":true,"href":"https:\/\/motionup.com.br\/site\/wp-json\/wp\/v2\/product_brand?post=4045"},{"taxonomy":"product_cat","embeddable":true,"href":"https:\/\/motionup.com.br\/site\/wp-json\/wp\/v2\/product_cat?post=4045"},{"taxonomy":"product_tag","embeddable":true,"href":"https:\/\/motionup.com.br\/site\/wp-json\/wp\/v2\/product_tag?post=4045"}],"curies":[{"name":"wp","href":"https:\/\/api.w.org\/{rel}","templated":true}]}}