{"id":4096,"date":"2021-09-09T16:39:47","date_gmt":"2021-09-09T19:39:47","guid":{"rendered":"https:\/\/motionup.com.br\/site\/?post_type=product&#038;p=4096"},"modified":"2023-03-31T17:13:39","modified_gmt":"2023-03-31T20:13:39","slug":"motor-sincrono-8lsa25-d8060s100-3-br","status":"publish","type":"product","link":"https:\/\/motionup.com.br\/site\/produto\/motor-sincrono-8lsa25-d8060s100-3-br\/","title":{"rendered":"Motor S\u00edncrono &#8211; 8LSA25.D8060S100-3 &#8211; B&amp;R"},"content":{"rendered":"<div class=\"ac-item ac-active\">\n<h5 class=\"ac-title blue\"><span>Informa\u00e7\u00e3o geral<\/span><\/h5>\n<div class=\"ac-content\">\n<table class=\"table table-striped\">\n<tbody>\n<tr class=\"inset-0\">\n<td class=\"col-md-6\"><span>Certifica\u00e7\u00f5es<\/span><\/td>\n<td class=\"col-md-6\"><\/td>\n<\/tr>\n<tr class=\"inset-1\">\n<td class=\"col-md-6\"><span>CE<\/span><\/td>\n<td class=\"col-md-6\"><span>sim<\/span><\/td>\n<\/tr>\n<tr class=\"inset-1\">\n<td class=\"col-md-6\"><span>UL<\/span><\/td>\n<td class=\"col-md-6\">\n<span>Servo motores\u00a0cURus E360421\u00a0e motores de passo &#8211; Componente<\/span><\/td>\n<\/tr>\n<\/tbody>\n<\/table>\n<\/div>\n<\/div>\n<div class=\"ac-item ac-active\">\n<h5 class=\"ac-title blue\"><span>Motor<\/span><\/h5>\n<div class=\"ac-content\">\n<table class=\"table table-striped\">\n<tbody>\n<tr class=\"inset-0\">\n<td class=\"col-md-6\"><span>Velocidade nominal n\u00a0<\/span><sub><span>N<\/span><\/sub><span>\u00a0[rpm]<\/span><\/td>\n<td class=\"col-md-6\"><span>6.000<\/span><\/td>\n<\/tr>\n<tr class=\"inset-0\">\n<td class=\"col-md-6\"><span>N\u00famero de pares de p\u00f3los<\/span><\/td>\n<td class=\"col-md-6\"><span>4<\/span><\/td>\n<\/tr>\n<tr class=\"inset-0\">\n<td class=\"col-md-6\"><span>Torque nominal M\u00a0<\/span><sub><span>n<\/span><\/sub><span>\u00a0[Nm]<\/span><\/td>\n<td class=\"col-md-6\"><span>0,52<\/span><\/td>\n<\/tr>\n<tr class=\"inset-0\">\n<td class=\"col-md-6\"><span>Pot\u00eancia nominal P\u00a0<\/span><sub><span>N<\/span><\/sub><span>\u00a0[W]<\/span><\/td>\n<td class=\"col-md-6\"><span>327<\/span><\/td>\n<\/tr>\n<tr class=\"inset-0\">\n<td class=\"col-md-6\"><span>Corrente nominal I\u00a0<\/span><sub><span>N<\/span><\/sub><span>\u00a0[A]<\/span><\/td>\n<td class=\"col-md-6\"><span>0,71<\/span><\/td>\n<\/tr>\n<tr class=\"inset-0\">\n<td class=\"col-md-6\"><span>Torque de perda M\u00a0<\/span><sub><span>0<\/span><\/sub><span>\u00a0[Nm]<\/span><\/td>\n<td class=\"col-md-6\"><span>0,6<\/span><\/td>\n<\/tr>\n<tr class=\"inset-0\">\n<td class=\"col-md-6\"><span>Corrente de perda I\u00a0<\/span><sub><span>0<\/span><\/sub><span>\u00a0[A]<\/span><\/td>\n<td class=\"col-md-6\"><span>0,82<\/span><\/td>\n<\/tr>\n<tr class=\"inset-0\">\n<td class=\"col-md-6\"><span>Torque\u00a0<\/span><sub><span>m\u00e1ximo<\/span><\/sub><span>\u00a0M\u00a0<sub>m\u00e1x<\/sub>\u00a0[Nm]<\/span><\/td>\n<td class=\"col-md-6\"><span>2,4<\/span><\/td>\n<\/tr>\n<tr class=\"inset-0\">\n<td class=\"col-md-6\"><span>Corrente m\u00e1xima I\u00a0<\/span><sub><span>max<\/span><\/sub><span>\u00a0[A]<\/span><\/td>\n<td class=\"col-md-6\"><span>3,7<\/span><\/td>\n<\/tr>\n<tr class=\"inset-0\">\n<td class=\"col-md-6\"><span>Velocidade m\u00e1xima n\u00a0<\/span><sub><span>m\u00e1x<\/span><\/sub><span>\u00a0[rpm]<\/span><\/td>\n<td class=\"col-md-6\"><span>9000<\/span><\/td>\n<\/tr>\n<tr class=\"inset-0\">\n<td class=\"col-md-6\"><span>Constante de torque K\u00a0<\/span><sub><span>T<\/span><\/sub><span>\u00a0[Nm \/ A]<\/span><\/td>\n<td class=\"col-md-6\"><span>0,73<\/span><\/td>\n<\/tr>\n<tr class=\"inset-0\">\n<td class=\"col-md-6\"><span>Constante de tens\u00e3o K\u00a0<\/span><sub><span>E<\/span><\/sub><span>\u00a0[V \/ 1000 rpm]<\/span><\/td>\n<td class=\"col-md-6\"><span>43,98<\/span><\/td>\n<\/tr>\n<tr class=\"inset-0\">\n<td class=\"col-md-6\"><span>Resist\u00eancia do estator R\u00a0<\/span><sub><span>2ph<\/span><\/sub><span>\u00a0[\u03a9]<\/span><\/td>\n<td class=\"col-md-6\"><span>34,63<\/span><\/td>\n<\/tr>\n<tr class=\"inset-0\">\n<td class=\"col-md-6\"><span>Indut\u00e2ncia do estator L\u00a0<\/span><sub><span>2ph<\/span><\/sub><span>\u00a0[mH]<\/span><\/td>\n<td class=\"col-md-6\"><span>49,6<\/span><\/td>\n<\/tr>\n<tr class=\"inset-0\">\n<td class=\"col-md-6\"><span>Constante de tempo el\u00e9trico t\u00a0<\/span><sub><span>el<\/span><\/sub><span>\u00a0[ms]<\/span><\/td>\n<td class=\"col-md-6\"><span>1,4<\/span><\/td>\n<\/tr>\n<tr class=\"inset-0\">\n<td class=\"col-md-6\"><span>Constante de tempo t\u00e9rmico t\u00a0<\/span><sub><span>term<\/span><\/sub><span>\u00a0[min]<\/span><\/td>\n<td class=\"col-md-6\"><span>20<\/span><\/td>\n<\/tr>\n<tr class=\"inset-0\">\n<td class=\"col-md-6\"><span>Momento de in\u00e9rcia J [kgcm\u00a0<\/span><sup><span>2<\/span><\/sup><span>]<\/span><\/td>\n<td class=\"col-md-6\"><span>0,16<\/span><\/td>\n<\/tr>\n<tr class=\"inset-0\">\n<td class=\"col-md-6\"><span>Peso sem freio m [kg]<\/span><\/td>\n<td class=\"col-md-6\"><span>1,3<\/span><\/td>\n<\/tr>\n<\/tbody>\n<\/table>\n<\/div>\n<\/div>\n","protected":false},"excerpt":{"rendered":"<p>Informa\u00e7\u00e3o geral Certifica\u00e7\u00f5es CE sim UL Servo motores\u00a0cURus E360421\u00a0e motores de passo &#8211; Componente Motor Velocidade nominal n\u00a0N\u00a0[rpm] 6.000 N\u00famero de pares de p\u00f3los 4 Torque nominal M\u00a0n\u00a0[Nm] 0,52 Pot\u00eancia nominal P\u00a0N\u00a0[W] 327 Corrente nominal I\u00a0N\u00a0[A] 0,71 Torque de perda M\u00a00\u00a0[Nm] 0,6 Corrente de perda I\u00a00\u00a0[A] 0,82 Torque\u00a0m\u00e1ximo\u00a0M\u00a0m\u00e1x\u00a0[Nm] 2,4 Corrente m\u00e1xima I\u00a0max\u00a0[A] 3,7 Velocidade m\u00e1xima [&hellip;]<\/p>\n","protected":false},"featured_media":4097,"template":"","meta":[],"product_brand":[],"product_cat":[579],"product_tag":[559,400,281,411],"class_list":{"0":"post-4096","1":"product","2":"type-product","3":"status-publish","4":"has-post-thumbnail","6":"product_cat-inversores-de-frequencia-8200-lenze","7":"product_tag-8lsa25-d8060s100-3","8":"product_tag-br","9":"product_tag-motor","10":"product_tag-motor-sincrono","12":"first","13":"instock","14":"shipping-taxable","15":"product-type-simple"},"yoast_head":"<!-- This site is optimized with the Yoast SEO plugin v27.5 - https:\/\/yoast.com\/product\/yoast-seo-wordpress\/ -->\n<title>Motor S\u00edncrono - 8LSA25.D8060S100-3 - B&amp;R - Loja Motion Up<\/title>\n<meta name=\"robots\" content=\"index, follow, max-snippet:-1, max-image-preview:large, max-video-preview:-1\" \/>\n<link rel=\"canonical\" href=\"https:\/\/motionup.com.br\/site\/produto\/motor-sincrono-8lsa25-d8060s100-3-br\/\" \/>\n<meta property=\"og:locale\" content=\"pt_BR\" \/>\n<meta property=\"og:type\" content=\"article\" \/>\n<meta property=\"og:title\" content=\"Motor S\u00edncrono - 8LSA25.D8060S100-3 - B&amp;R - Loja Motion Up\" \/>\n<meta property=\"og:description\" content=\"Informa\u00e7\u00e3o geral Certifica\u00e7\u00f5es CE sim UL Servo motores\u00a0cURus E360421\u00a0e motores de passo &#8211; Componente Motor Velocidade nominal n\u00a0N\u00a0[rpm] 6.000 N\u00famero de pares de p\u00f3los 4 Torque nominal M\u00a0n\u00a0[Nm] 0,52 Pot\u00eancia nominal P\u00a0N\u00a0[W] 327 Corrente nominal I\u00a0N\u00a0[A] 0,71 Torque de perda M\u00a00\u00a0[Nm] 0,6 Corrente de perda I\u00a00\u00a0[A] 0,82 Torque\u00a0m\u00e1ximo\u00a0M\u00a0m\u00e1x\u00a0[Nm] 2,4 Corrente m\u00e1xima I\u00a0max\u00a0[A] 3,7 Velocidade m\u00e1xima [&hellip;]\" \/>\n<meta property=\"og:url\" content=\"https:\/\/motionup.com.br\/site\/produto\/motor-sincrono-8lsa25-d8060s100-3-br\/\" \/>\n<meta property=\"og:site_name\" content=\"Loja Motion Up\" \/>\n<meta property=\"article:publisher\" content=\"https:\/\/m.facebook.com\/fp3motionup\/about\/\" \/>\n<meta property=\"article:modified_time\" content=\"2023-03-31T20:13:39+00:00\" \/>\n<meta property=\"og:image\" content=\"https:\/\/motionup.com.br\/site\/wp-content\/uploads\/2021\/09\/8LSA25.D8060S100-3-e1631216362635.jpg\" \/>\n\t<meta property=\"og:image:width\" content=\"346\" \/>\n\t<meta property=\"og:image:height\" content=\"205\" \/>\n\t<meta property=\"og:image:type\" content=\"image\/jpeg\" \/>\n<meta name=\"twitter:card\" content=\"summary_large_image\" \/>\n<meta name=\"twitter:label1\" content=\"Est. tempo de leitura\" \/>\n\t<meta name=\"twitter:data1\" content=\"1 minuto\" \/>\n<script type=\"application\/ld+json\" class=\"yoast-schema-graph\">{\"@context\":\"https:\\\/\\\/schema.org\",\"@graph\":[{\"@type\":\"WebPage\",\"@id\":\"https:\\\/\\\/motionup.com.br\\\/site\\\/produto\\\/motor-sincrono-8lsa25-d8060s100-3-br\\\/\",\"url\":\"https:\\\/\\\/motionup.com.br\\\/site\\\/produto\\\/motor-sincrono-8lsa25-d8060s100-3-br\\\/\",\"name\":\"Motor S\u00edncrono - 8LSA25.D8060S100-3 - B&amp;R - Loja Motion Up\",\"isPartOf\":{\"@id\":\"https:\\\/\\\/motionup.com.br\\\/site\\\/#website\"},\"primaryImageOfPage\":{\"@id\":\"https:\\\/\\\/motionup.com.br\\\/site\\\/produto\\\/motor-sincrono-8lsa25-d8060s100-3-br\\\/#primaryimage\"},\"image\":{\"@id\":\"https:\\\/\\\/motionup.com.br\\\/site\\\/produto\\\/motor-sincrono-8lsa25-d8060s100-3-br\\\/#primaryimage\"},\"thumbnailUrl\":\"https:\\\/\\\/motionup.com.br\\\/site\\\/wp-content\\\/uploads\\\/2021\\\/09\\\/8LSA25.D8060S100-3-e1631216362635.jpg\",\"datePublished\":\"2021-09-09T19:39:47+00:00\",\"dateModified\":\"2023-03-31T20:13:39+00:00\",\"breadcrumb\":{\"@id\":\"https:\\\/\\\/motionup.com.br\\\/site\\\/produto\\\/motor-sincrono-8lsa25-d8060s100-3-br\\\/#breadcrumb\"},\"inLanguage\":\"pt-BR\",\"potentialAction\":[{\"@type\":\"ReadAction\",\"target\":[\"https:\\\/\\\/motionup.com.br\\\/site\\\/produto\\\/motor-sincrono-8lsa25-d8060s100-3-br\\\/\"]}]},{\"@type\":\"ImageObject\",\"inLanguage\":\"pt-BR\",\"@id\":\"https:\\\/\\\/motionup.com.br\\\/site\\\/produto\\\/motor-sincrono-8lsa25-d8060s100-3-br\\\/#primaryimage\",\"url\":\"https:\\\/\\\/motionup.com.br\\\/site\\\/wp-content\\\/uploads\\\/2021\\\/09\\\/8LSA25.D8060S100-3-e1631216362635.jpg\",\"contentUrl\":\"https:\\\/\\\/motionup.com.br\\\/site\\\/wp-content\\\/uploads\\\/2021\\\/09\\\/8LSA25.D8060S100-3-e1631216362635.jpg\",\"width\":346,\"height\":205},{\"@type\":\"BreadcrumbList\",\"@id\":\"https:\\\/\\\/motionup.com.br\\\/site\\\/produto\\\/motor-sincrono-8lsa25-d8060s100-3-br\\\/#breadcrumb\",\"itemListElement\":[{\"@type\":\"ListItem\",\"position\":1,\"name\":\"In\u00edcio\",\"item\":\"https:\\\/\\\/motionup.com.br\\\/site\\\/\"},{\"@type\":\"ListItem\",\"position\":2,\"name\":\"Produtos\",\"item\":\"https:\\\/\\\/motionup.com.br\\\/site\\\/produtos\\\/\"},{\"@type\":\"ListItem\",\"position\":3,\"name\":\"Motor S\u00edncrono &#8211; 8LSA25.D8060S100-3 &#8211; B&amp;R\"}]},{\"@type\":\"WebSite\",\"@id\":\"https:\\\/\\\/motionup.com.br\\\/site\\\/#website\",\"url\":\"https:\\\/\\\/motionup.com.br\\\/site\\\/\",\"name\":\"Motion Up\",\"description\":\"E-commerce Motion Up - Automa\u00e7\u00e3o Industrial\",\"publisher\":{\"@id\":\"https:\\\/\\\/motionup.com.br\\\/site\\\/#organization\"},\"potentialAction\":[{\"@type\":\"SearchAction\",\"target\":{\"@type\":\"EntryPoint\",\"urlTemplate\":\"https:\\\/\\\/motionup.com.br\\\/site\\\/?s={search_term_string}\"},\"query-input\":{\"@type\":\"PropertyValueSpecification\",\"valueRequired\":true,\"valueName\":\"search_term_string\"}}],\"inLanguage\":\"pt-BR\"},{\"@type\":\"Organization\",\"@id\":\"https:\\\/\\\/motionup.com.br\\\/site\\\/#organization\",\"name\":\"Motion Up\",\"url\":\"https:\\\/\\\/motionup.com.br\\\/site\\\/\",\"logo\":{\"@type\":\"ImageObject\",\"inLanguage\":\"pt-BR\",\"@id\":\"https:\\\/\\\/motionup.com.br\\\/site\\\/#\\\/schema\\\/logo\\\/image\\\/\",\"url\":\"https:\\\/\\\/motionup.com.br\\\/site\\\/wp-content\\\/uploads\\\/2025\\\/05\\\/MOTIONUP.png\",\"contentUrl\":\"https:\\\/\\\/motionup.com.br\\\/site\\\/wp-content\\\/uploads\\\/2025\\\/05\\\/MOTIONUP.png\",\"width\":1200,\"height\":601,\"caption\":\"Motion Up\"},\"image\":{\"@id\":\"https:\\\/\\\/motionup.com.br\\\/site\\\/#\\\/schema\\\/logo\\\/image\\\/\"},\"sameAs\":[\"https:\\\/\\\/m.facebook.com\\\/fp3motionup\\\/about\\\/\",\"https:\\\/\\\/br.linkedin.com\\\/company\\\/fpn-controle-e-automao-industrial-ltda\"]}]}<\/script>\n<!-- \/ Yoast SEO plugin. -->","yoast_head_json":{"title":"Motor S\u00edncrono - 8LSA25.D8060S100-3 - B&amp;R - Loja Motion Up","robots":{"index":"index","follow":"follow","max-snippet":"max-snippet:-1","max-image-preview":"max-image-preview:large","max-video-preview":"max-video-preview:-1"},"canonical":"https:\/\/motionup.com.br\/site\/produto\/motor-sincrono-8lsa25-d8060s100-3-br\/","og_locale":"pt_BR","og_type":"article","og_title":"Motor S\u00edncrono - 8LSA25.D8060S100-3 - B&amp;R - Loja Motion Up","og_description":"Informa\u00e7\u00e3o geral Certifica\u00e7\u00f5es CE sim UL Servo motores\u00a0cURus E360421\u00a0e motores de passo &#8211; Componente Motor Velocidade nominal n\u00a0N\u00a0[rpm] 6.000 N\u00famero de pares de p\u00f3los 4 Torque nominal M\u00a0n\u00a0[Nm] 0,52 Pot\u00eancia nominal P\u00a0N\u00a0[W] 327 Corrente nominal I\u00a0N\u00a0[A] 0,71 Torque de perda M\u00a00\u00a0[Nm] 0,6 Corrente de perda I\u00a00\u00a0[A] 0,82 Torque\u00a0m\u00e1ximo\u00a0M\u00a0m\u00e1x\u00a0[Nm] 2,4 Corrente m\u00e1xima I\u00a0max\u00a0[A] 3,7 Velocidade m\u00e1xima [&hellip;]","og_url":"https:\/\/motionup.com.br\/site\/produto\/motor-sincrono-8lsa25-d8060s100-3-br\/","og_site_name":"Loja Motion Up","article_publisher":"https:\/\/m.facebook.com\/fp3motionup\/about\/","article_modified_time":"2023-03-31T20:13:39+00:00","og_image":[{"width":346,"height":205,"url":"https:\/\/motionup.com.br\/site\/wp-content\/uploads\/2021\/09\/8LSA25.D8060S100-3-e1631216362635.jpg","type":"image\/jpeg"}],"twitter_card":"summary_large_image","twitter_misc":{"Est. tempo de leitura":"1 minuto"},"schema":{"@context":"https:\/\/schema.org","@graph":[{"@type":"WebPage","@id":"https:\/\/motionup.com.br\/site\/produto\/motor-sincrono-8lsa25-d8060s100-3-br\/","url":"https:\/\/motionup.com.br\/site\/produto\/motor-sincrono-8lsa25-d8060s100-3-br\/","name":"Motor S\u00edncrono - 8LSA25.D8060S100-3 - B&amp;R - Loja Motion Up","isPartOf":{"@id":"https:\/\/motionup.com.br\/site\/#website"},"primaryImageOfPage":{"@id":"https:\/\/motionup.com.br\/site\/produto\/motor-sincrono-8lsa25-d8060s100-3-br\/#primaryimage"},"image":{"@id":"https:\/\/motionup.com.br\/site\/produto\/motor-sincrono-8lsa25-d8060s100-3-br\/#primaryimage"},"thumbnailUrl":"https:\/\/motionup.com.br\/site\/wp-content\/uploads\/2021\/09\/8LSA25.D8060S100-3-e1631216362635.jpg","datePublished":"2021-09-09T19:39:47+00:00","dateModified":"2023-03-31T20:13:39+00:00","breadcrumb":{"@id":"https:\/\/motionup.com.br\/site\/produto\/motor-sincrono-8lsa25-d8060s100-3-br\/#breadcrumb"},"inLanguage":"pt-BR","potentialAction":[{"@type":"ReadAction","target":["https:\/\/motionup.com.br\/site\/produto\/motor-sincrono-8lsa25-d8060s100-3-br\/"]}]},{"@type":"ImageObject","inLanguage":"pt-BR","@id":"https:\/\/motionup.com.br\/site\/produto\/motor-sincrono-8lsa25-d8060s100-3-br\/#primaryimage","url":"https:\/\/motionup.com.br\/site\/wp-content\/uploads\/2021\/09\/8LSA25.D8060S100-3-e1631216362635.jpg","contentUrl":"https:\/\/motionup.com.br\/site\/wp-content\/uploads\/2021\/09\/8LSA25.D8060S100-3-e1631216362635.jpg","width":346,"height":205},{"@type":"BreadcrumbList","@id":"https:\/\/motionup.com.br\/site\/produto\/motor-sincrono-8lsa25-d8060s100-3-br\/#breadcrumb","itemListElement":[{"@type":"ListItem","position":1,"name":"In\u00edcio","item":"https:\/\/motionup.com.br\/site\/"},{"@type":"ListItem","position":2,"name":"Produtos","item":"https:\/\/motionup.com.br\/site\/produtos\/"},{"@type":"ListItem","position":3,"name":"Motor S\u00edncrono &#8211; 8LSA25.D8060S100-3 &#8211; B&amp;R"}]},{"@type":"WebSite","@id":"https:\/\/motionup.com.br\/site\/#website","url":"https:\/\/motionup.com.br\/site\/","name":"Motion Up","description":"E-commerce Motion Up - Automa\u00e7\u00e3o Industrial","publisher":{"@id":"https:\/\/motionup.com.br\/site\/#organization"},"potentialAction":[{"@type":"SearchAction","target":{"@type":"EntryPoint","urlTemplate":"https:\/\/motionup.com.br\/site\/?s={search_term_string}"},"query-input":{"@type":"PropertyValueSpecification","valueRequired":true,"valueName":"search_term_string"}}],"inLanguage":"pt-BR"},{"@type":"Organization","@id":"https:\/\/motionup.com.br\/site\/#organization","name":"Motion Up","url":"https:\/\/motionup.com.br\/site\/","logo":{"@type":"ImageObject","inLanguage":"pt-BR","@id":"https:\/\/motionup.com.br\/site\/#\/schema\/logo\/image\/","url":"https:\/\/motionup.com.br\/site\/wp-content\/uploads\/2025\/05\/MOTIONUP.png","contentUrl":"https:\/\/motionup.com.br\/site\/wp-content\/uploads\/2025\/05\/MOTIONUP.png","width":1200,"height":601,"caption":"Motion Up"},"image":{"@id":"https:\/\/motionup.com.br\/site\/#\/schema\/logo\/image\/"},"sameAs":["https:\/\/m.facebook.com\/fp3motionup\/about\/","https:\/\/br.linkedin.com\/company\/fpn-controle-e-automao-industrial-ltda"]}]}},"_links":{"self":[{"href":"https:\/\/motionup.com.br\/site\/wp-json\/wp\/v2\/product\/4096","targetHints":{"allow":["GET"]}}],"collection":[{"href":"https:\/\/motionup.com.br\/site\/wp-json\/wp\/v2\/product"}],"about":[{"href":"https:\/\/motionup.com.br\/site\/wp-json\/wp\/v2\/types\/product"}],"wp:featuredmedia":[{"embeddable":true,"href":"https:\/\/motionup.com.br\/site\/wp-json\/wp\/v2\/media\/4097"}],"wp:attachment":[{"href":"https:\/\/motionup.com.br\/site\/wp-json\/wp\/v2\/media?parent=4096"}],"wp:term":[{"taxonomy":"product_brand","embeddable":true,"href":"https:\/\/motionup.com.br\/site\/wp-json\/wp\/v2\/product_brand?post=4096"},{"taxonomy":"product_cat","embeddable":true,"href":"https:\/\/motionup.com.br\/site\/wp-json\/wp\/v2\/product_cat?post=4096"},{"taxonomy":"product_tag","embeddable":true,"href":"https:\/\/motionup.com.br\/site\/wp-json\/wp\/v2\/product_tag?post=4096"}],"curies":[{"name":"wp","href":"https:\/\/api.w.org\/{rel}","templated":true}]}}