{"id":4110,"date":"2021-09-20T10:06:14","date_gmt":"2021-09-20T13:06:14","guid":{"rendered":"https:\/\/motionup.com.br\/site\/?post_type=product&#038;p=4110"},"modified":"2023-03-31T17:13:03","modified_gmt":"2023-03-31T20:13:03","slug":"unidade-de-sistema-5ppc3100-kbu1-000-br","status":"publish","type":"product","link":"https:\/\/motionup.com.br\/site\/produto\/unidade-de-sistema-5ppc3100-kbu1-000-br\/","title":{"rendered":"Unidade de Sistema &#8211; 5PPC3100.KBU1-000 &#8211; B&amp;R"},"content":{"rendered":"<h5 class=\"ac-title blue\"><span>Informa\u00e7\u00e3o geral<\/span><\/h5>\n<div class=\"ac-content\">\n<table class=\"table table-striped\">\n<tbody>\n<tr class=\"inset-0\">\n<td class=\"col-md-6\"><span>LEDs<\/span><\/td>\n<td class=\"col-md-6\"><span>Energia, disco, link, execu\u00e7\u00e3o<\/span><\/td>\n<\/tr>\n<tr class=\"inset-0\">\n<td class=\"col-md-6\"><span>C\u00f3digo de identifica\u00e7\u00e3o da B&amp;R<\/span><\/td>\n<td class=\"col-md-6\"><span>0xEF89<\/span><\/td>\n<\/tr>\n<tr class=\"inset-0\">\n<td class=\"col-md-6\"><span>Resfriamento<\/span><\/td>\n<td class=\"col-md-6\"><span>Passivo via dissipador de calor<\/span><\/td>\n<\/tr>\n<tr class=\"inset-0\">\n<td class=\"col-md-6\"><span>Bateria<\/span><\/td>\n<td class=\"col-md-6\"><\/td>\n<\/tr>\n<tr class=\"inset-1\">\n<td class=\"col-md-6\"><span>Modelo<\/span><\/td>\n<td class=\"col-md-6\"><span>Renata 950 mAh<\/span><\/td>\n<\/tr>\n<tr class=\"inset-1\">\n<td class=\"col-md-6\"><span>Vida de servi\u00e7o<\/span><\/td>\n<td class=\"col-md-6\"><span>4 anos\u00a0<\/span><\/td>\n<\/tr>\n<tr class=\"inset-1\">\n<td class=\"col-md-6\"><span>Remov\u00edvel<\/span><\/td>\n<td class=\"col-md-6\"><span>sim<\/span><\/td>\n<\/tr>\n<tr class=\"inset-1\">\n<td class=\"col-md-6\"><span>Variante<\/span><\/td>\n<td class=\"col-md-6\"><span>\u00cdon de l\u00edtio<\/span><\/td>\n<\/tr>\n<tr class=\"inset-0\">\n<td class=\"col-md-6\"><span>Bot\u00e3o de energia<\/span><\/td>\n<td class=\"col-md-6\"><span>sim<\/span><\/td>\n<\/tr>\n<tr class=\"inset-0\">\n<td class=\"col-md-6\"><span>Bot\u00e3o de reset<\/span><\/td>\n<td class=\"col-md-6\"><span>sim<\/span><\/td>\n<\/tr>\n<tr class=\"inset-0\">\n<td class=\"col-md-6\"><span>Campainha<\/span><\/td>\n<td class=\"col-md-6\"><span>N\u00e3o<\/span><\/td>\n<\/tr>\n<tr class=\"inset-0\">\n<td class=\"col-md-6\"><span>Certifica\u00e7\u00f5es<\/span><\/td>\n<td class=\"col-md-6\"><\/td>\n<\/tr>\n<tr class=\"inset-1\">\n<td class=\"col-md-6\"><span>CE<\/span><\/td>\n<td class=\"col-md-6\"><span>sim<\/span><\/td>\n<\/tr>\n<tr class=\"inset-1\">\n<td class=\"col-md-6\"><span>UL<\/span><\/td>\n<td class=\"col-md-6\"><span>cULus E115267<\/span><br \/>\n<span>Equipamento de controle industrial<\/span><\/td>\n<\/tr>\n<tr class=\"inset-1\">\n<td class=\"col-md-6\"><span>HazLoc<\/span><\/td>\n<td class=\"col-md-6\"><span>cULus HazLoc E180196<\/span><br \/>\n<span>Equipamento de controle industrial<\/span><br \/>\n<span>para locais perigosos<\/span><br \/>\n<span>Classe I, Divis\u00e3o 2, Grupos ABCD, T4\u00a0<\/span><\/td>\n<\/tr>\n<tr class=\"inset-1\">\n<td class=\"col-md-6\"><span>EAC<\/span><\/td>\n<td class=\"col-md-6\"><span>Certifica\u00e7\u00e3o de fam\u00edlia de produtos<\/span><\/td>\n<\/tr>\n<\/tbody>\n<\/table>\n<\/div>\n","protected":false},"excerpt":{"rendered":"<p>Informa\u00e7\u00e3o geral LEDs Energia, disco, link, execu\u00e7\u00e3o C\u00f3digo de identifica\u00e7\u00e3o da B&amp;R 0xEF89 Resfriamento Passivo via dissipador de calor Bateria Modelo Renata 950 mAh Vida de servi\u00e7o 4 anos\u00a0 Remov\u00edvel sim Variante \u00cdon de l\u00edtio Bot\u00e3o de energia sim Bot\u00e3o de reset sim Campainha N\u00e3o Certifica\u00e7\u00f5es CE sim UL cULus E115267 Equipamento de controle industrial [&hellip;]<\/p>\n","protected":false},"featured_media":4111,"template":"","meta":[],"product_brand":[],"product_cat":[579],"product_tag":[547,400,412],"class_list":{"0":"post-4110","1":"product","2":"type-product","3":"status-publish","4":"has-post-thumbnail","6":"product_cat-inversores-de-frequencia-8200-lenze","7":"product_tag-5ppc3100-kbu1-000","8":"product_tag-br","9":"product_tag-unidade-de-sistema","11":"first","12":"instock","13":"shipping-taxable","14":"product-type-simple"},"yoast_head":"<!-- This site is optimized with the Yoast SEO plugin v27.5 - https:\/\/yoast.com\/product\/yoast-seo-wordpress\/ -->\n<title>Unidade de Sistema - 5PPC3100.KBU1-000 - B&amp;R - Loja Motion Up<\/title>\n<meta name=\"robots\" content=\"index, follow, max-snippet:-1, max-image-preview:large, max-video-preview:-1\" \/>\n<link rel=\"canonical\" href=\"https:\/\/motionup.com.br\/site\/produto\/unidade-de-sistema-5ppc3100-kbu1-000-br\/\" \/>\n<meta property=\"og:locale\" content=\"pt_BR\" \/>\n<meta property=\"og:type\" content=\"article\" \/>\n<meta property=\"og:title\" content=\"Unidade de Sistema - 5PPC3100.KBU1-000 - B&amp;R - Loja Motion Up\" \/>\n<meta property=\"og:description\" content=\"Informa\u00e7\u00e3o geral LEDs Energia, disco, link, execu\u00e7\u00e3o C\u00f3digo de identifica\u00e7\u00e3o da B&amp;R 0xEF89 Resfriamento Passivo via dissipador de calor Bateria Modelo Renata 950 mAh Vida de servi\u00e7o 4 anos\u00a0 Remov\u00edvel sim Variante \u00cdon de l\u00edtio Bot\u00e3o de energia sim Bot\u00e3o de reset sim Campainha N\u00e3o Certifica\u00e7\u00f5es CE sim UL cULus E115267 Equipamento de controle industrial [&hellip;]\" \/>\n<meta property=\"og:url\" content=\"https:\/\/motionup.com.br\/site\/produto\/unidade-de-sistema-5ppc3100-kbu1-000-br\/\" \/>\n<meta property=\"og:site_name\" content=\"Loja Motion Up\" \/>\n<meta property=\"article:publisher\" content=\"https:\/\/m.facebook.com\/fp3motionup\/about\/\" \/>\n<meta property=\"article:modified_time\" content=\"2023-03-31T20:13:03+00:00\" \/>\n<meta property=\"og:image\" content=\"https:\/\/motionup.com.br\/site\/wp-content\/uploads\/2021\/09\/1505167690435-de-bigicon-1.1.jpg\" \/>\n\t<meta property=\"og:image:width\" content=\"250\" \/>\n\t<meta property=\"og:image:height\" content=\"89\" \/>\n\t<meta property=\"og:image:type\" content=\"image\/jpeg\" \/>\n<meta name=\"twitter:card\" content=\"summary_large_image\" \/>\n<script type=\"application\/ld+json\" class=\"yoast-schema-graph\">{\"@context\":\"https:\\\/\\\/schema.org\",\"@graph\":[{\"@type\":\"WebPage\",\"@id\":\"https:\\\/\\\/motionup.com.br\\\/site\\\/produto\\\/unidade-de-sistema-5ppc3100-kbu1-000-br\\\/\",\"url\":\"https:\\\/\\\/motionup.com.br\\\/site\\\/produto\\\/unidade-de-sistema-5ppc3100-kbu1-000-br\\\/\",\"name\":\"Unidade de Sistema - 5PPC3100.KBU1-000 - B&amp;R - Loja Motion Up\",\"isPartOf\":{\"@id\":\"https:\\\/\\\/motionup.com.br\\\/site\\\/#website\"},\"primaryImageOfPage\":{\"@id\":\"https:\\\/\\\/motionup.com.br\\\/site\\\/produto\\\/unidade-de-sistema-5ppc3100-kbu1-000-br\\\/#primaryimage\"},\"image\":{\"@id\":\"https:\\\/\\\/motionup.com.br\\\/site\\\/produto\\\/unidade-de-sistema-5ppc3100-kbu1-000-br\\\/#primaryimage\"},\"thumbnailUrl\":\"https:\\\/\\\/motionup.com.br\\\/site\\\/wp-content\\\/uploads\\\/2021\\\/09\\\/1505167690435-de-bigicon-1.1.jpg\",\"datePublished\":\"2021-09-20T13:06:14+00:00\",\"dateModified\":\"2023-03-31T20:13:03+00:00\",\"breadcrumb\":{\"@id\":\"https:\\\/\\\/motionup.com.br\\\/site\\\/produto\\\/unidade-de-sistema-5ppc3100-kbu1-000-br\\\/#breadcrumb\"},\"inLanguage\":\"pt-BR\",\"potentialAction\":[{\"@type\":\"ReadAction\",\"target\":[\"https:\\\/\\\/motionup.com.br\\\/site\\\/produto\\\/unidade-de-sistema-5ppc3100-kbu1-000-br\\\/\"]}]},{\"@type\":\"ImageObject\",\"inLanguage\":\"pt-BR\",\"@id\":\"https:\\\/\\\/motionup.com.br\\\/site\\\/produto\\\/unidade-de-sistema-5ppc3100-kbu1-000-br\\\/#primaryimage\",\"url\":\"https:\\\/\\\/motionup.com.br\\\/site\\\/wp-content\\\/uploads\\\/2021\\\/09\\\/1505167690435-de-bigicon-1.1.jpg\",\"contentUrl\":\"https:\\\/\\\/motionup.com.br\\\/site\\\/wp-content\\\/uploads\\\/2021\\\/09\\\/1505167690435-de-bigicon-1.1.jpg\",\"width\":250,\"height\":89},{\"@type\":\"BreadcrumbList\",\"@id\":\"https:\\\/\\\/motionup.com.br\\\/site\\\/produto\\\/unidade-de-sistema-5ppc3100-kbu1-000-br\\\/#breadcrumb\",\"itemListElement\":[{\"@type\":\"ListItem\",\"position\":1,\"name\":\"In\u00edcio\",\"item\":\"https:\\\/\\\/motionup.com.br\\\/site\\\/\"},{\"@type\":\"ListItem\",\"position\":2,\"name\":\"Produtos\",\"item\":\"https:\\\/\\\/motionup.com.br\\\/site\\\/produtos\\\/\"},{\"@type\":\"ListItem\",\"position\":3,\"name\":\"Unidade de Sistema &#8211; 5PPC3100.KBU1-000 &#8211; B&amp;R\"}]},{\"@type\":\"WebSite\",\"@id\":\"https:\\\/\\\/motionup.com.br\\\/site\\\/#website\",\"url\":\"https:\\\/\\\/motionup.com.br\\\/site\\\/\",\"name\":\"Motion Up\",\"description\":\"E-commerce Motion Up - Automa\u00e7\u00e3o Industrial\",\"publisher\":{\"@id\":\"https:\\\/\\\/motionup.com.br\\\/site\\\/#organization\"},\"potentialAction\":[{\"@type\":\"SearchAction\",\"target\":{\"@type\":\"EntryPoint\",\"urlTemplate\":\"https:\\\/\\\/motionup.com.br\\\/site\\\/?s={search_term_string}\"},\"query-input\":{\"@type\":\"PropertyValueSpecification\",\"valueRequired\":true,\"valueName\":\"search_term_string\"}}],\"inLanguage\":\"pt-BR\"},{\"@type\":\"Organization\",\"@id\":\"https:\\\/\\\/motionup.com.br\\\/site\\\/#organization\",\"name\":\"Motion Up\",\"url\":\"https:\\\/\\\/motionup.com.br\\\/site\\\/\",\"logo\":{\"@type\":\"ImageObject\",\"inLanguage\":\"pt-BR\",\"@id\":\"https:\\\/\\\/motionup.com.br\\\/site\\\/#\\\/schema\\\/logo\\\/image\\\/\",\"url\":\"https:\\\/\\\/motionup.com.br\\\/site\\\/wp-content\\\/uploads\\\/2025\\\/05\\\/MOTIONUP.png\",\"contentUrl\":\"https:\\\/\\\/motionup.com.br\\\/site\\\/wp-content\\\/uploads\\\/2025\\\/05\\\/MOTIONUP.png\",\"width\":1200,\"height\":601,\"caption\":\"Motion Up\"},\"image\":{\"@id\":\"https:\\\/\\\/motionup.com.br\\\/site\\\/#\\\/schema\\\/logo\\\/image\\\/\"},\"sameAs\":[\"https:\\\/\\\/m.facebook.com\\\/fp3motionup\\\/about\\\/\",\"https:\\\/\\\/br.linkedin.com\\\/company\\\/fpn-controle-e-automao-industrial-ltda\"]}]}<\/script>\n<!-- \/ Yoast SEO plugin. -->","yoast_head_json":{"title":"Unidade de Sistema - 5PPC3100.KBU1-000 - B&amp;R - Loja Motion Up","robots":{"index":"index","follow":"follow","max-snippet":"max-snippet:-1","max-image-preview":"max-image-preview:large","max-video-preview":"max-video-preview:-1"},"canonical":"https:\/\/motionup.com.br\/site\/produto\/unidade-de-sistema-5ppc3100-kbu1-000-br\/","og_locale":"pt_BR","og_type":"article","og_title":"Unidade de Sistema - 5PPC3100.KBU1-000 - B&amp;R - Loja Motion Up","og_description":"Informa\u00e7\u00e3o geral LEDs Energia, disco, link, execu\u00e7\u00e3o C\u00f3digo de identifica\u00e7\u00e3o da B&amp;R 0xEF89 Resfriamento Passivo via dissipador de calor Bateria Modelo Renata 950 mAh Vida de servi\u00e7o 4 anos\u00a0 Remov\u00edvel sim Variante \u00cdon de l\u00edtio Bot\u00e3o de energia sim Bot\u00e3o de reset sim Campainha N\u00e3o Certifica\u00e7\u00f5es CE sim UL cULus E115267 Equipamento de controle industrial [&hellip;]","og_url":"https:\/\/motionup.com.br\/site\/produto\/unidade-de-sistema-5ppc3100-kbu1-000-br\/","og_site_name":"Loja Motion Up","article_publisher":"https:\/\/m.facebook.com\/fp3motionup\/about\/","article_modified_time":"2023-03-31T20:13:03+00:00","og_image":[{"width":250,"height":89,"url":"https:\/\/motionup.com.br\/site\/wp-content\/uploads\/2021\/09\/1505167690435-de-bigicon-1.1.jpg","type":"image\/jpeg"}],"twitter_card":"summary_large_image","schema":{"@context":"https:\/\/schema.org","@graph":[{"@type":"WebPage","@id":"https:\/\/motionup.com.br\/site\/produto\/unidade-de-sistema-5ppc3100-kbu1-000-br\/","url":"https:\/\/motionup.com.br\/site\/produto\/unidade-de-sistema-5ppc3100-kbu1-000-br\/","name":"Unidade de Sistema - 5PPC3100.KBU1-000 - B&amp;R - Loja Motion Up","isPartOf":{"@id":"https:\/\/motionup.com.br\/site\/#website"},"primaryImageOfPage":{"@id":"https:\/\/motionup.com.br\/site\/produto\/unidade-de-sistema-5ppc3100-kbu1-000-br\/#primaryimage"},"image":{"@id":"https:\/\/motionup.com.br\/site\/produto\/unidade-de-sistema-5ppc3100-kbu1-000-br\/#primaryimage"},"thumbnailUrl":"https:\/\/motionup.com.br\/site\/wp-content\/uploads\/2021\/09\/1505167690435-de-bigicon-1.1.jpg","datePublished":"2021-09-20T13:06:14+00:00","dateModified":"2023-03-31T20:13:03+00:00","breadcrumb":{"@id":"https:\/\/motionup.com.br\/site\/produto\/unidade-de-sistema-5ppc3100-kbu1-000-br\/#breadcrumb"},"inLanguage":"pt-BR","potentialAction":[{"@type":"ReadAction","target":["https:\/\/motionup.com.br\/site\/produto\/unidade-de-sistema-5ppc3100-kbu1-000-br\/"]}]},{"@type":"ImageObject","inLanguage":"pt-BR","@id":"https:\/\/motionup.com.br\/site\/produto\/unidade-de-sistema-5ppc3100-kbu1-000-br\/#primaryimage","url":"https:\/\/motionup.com.br\/site\/wp-content\/uploads\/2021\/09\/1505167690435-de-bigicon-1.1.jpg","contentUrl":"https:\/\/motionup.com.br\/site\/wp-content\/uploads\/2021\/09\/1505167690435-de-bigicon-1.1.jpg","width":250,"height":89},{"@type":"BreadcrumbList","@id":"https:\/\/motionup.com.br\/site\/produto\/unidade-de-sistema-5ppc3100-kbu1-000-br\/#breadcrumb","itemListElement":[{"@type":"ListItem","position":1,"name":"In\u00edcio","item":"https:\/\/motionup.com.br\/site\/"},{"@type":"ListItem","position":2,"name":"Produtos","item":"https:\/\/motionup.com.br\/site\/produtos\/"},{"@type":"ListItem","position":3,"name":"Unidade de Sistema &#8211; 5PPC3100.KBU1-000 &#8211; B&amp;R"}]},{"@type":"WebSite","@id":"https:\/\/motionup.com.br\/site\/#website","url":"https:\/\/motionup.com.br\/site\/","name":"Motion Up","description":"E-commerce Motion Up - Automa\u00e7\u00e3o Industrial","publisher":{"@id":"https:\/\/motionup.com.br\/site\/#organization"},"potentialAction":[{"@type":"SearchAction","target":{"@type":"EntryPoint","urlTemplate":"https:\/\/motionup.com.br\/site\/?s={search_term_string}"},"query-input":{"@type":"PropertyValueSpecification","valueRequired":true,"valueName":"search_term_string"}}],"inLanguage":"pt-BR"},{"@type":"Organization","@id":"https:\/\/motionup.com.br\/site\/#organization","name":"Motion Up","url":"https:\/\/motionup.com.br\/site\/","logo":{"@type":"ImageObject","inLanguage":"pt-BR","@id":"https:\/\/motionup.com.br\/site\/#\/schema\/logo\/image\/","url":"https:\/\/motionup.com.br\/site\/wp-content\/uploads\/2025\/05\/MOTIONUP.png","contentUrl":"https:\/\/motionup.com.br\/site\/wp-content\/uploads\/2025\/05\/MOTIONUP.png","width":1200,"height":601,"caption":"Motion Up"},"image":{"@id":"https:\/\/motionup.com.br\/site\/#\/schema\/logo\/image\/"},"sameAs":["https:\/\/m.facebook.com\/fp3motionup\/about\/","https:\/\/br.linkedin.com\/company\/fpn-controle-e-automao-industrial-ltda"]}]}},"_links":{"self":[{"href":"https:\/\/motionup.com.br\/site\/wp-json\/wp\/v2\/product\/4110","targetHints":{"allow":["GET"]}}],"collection":[{"href":"https:\/\/motionup.com.br\/site\/wp-json\/wp\/v2\/product"}],"about":[{"href":"https:\/\/motionup.com.br\/site\/wp-json\/wp\/v2\/types\/product"}],"wp:featuredmedia":[{"embeddable":true,"href":"https:\/\/motionup.com.br\/site\/wp-json\/wp\/v2\/media\/4111"}],"wp:attachment":[{"href":"https:\/\/motionup.com.br\/site\/wp-json\/wp\/v2\/media?parent=4110"}],"wp:term":[{"taxonomy":"product_brand","embeddable":true,"href":"https:\/\/motionup.com.br\/site\/wp-json\/wp\/v2\/product_brand?post=4110"},{"taxonomy":"product_cat","embeddable":true,"href":"https:\/\/motionup.com.br\/site\/wp-json\/wp\/v2\/product_cat?post=4110"},{"taxonomy":"product_tag","embeddable":true,"href":"https:\/\/motionup.com.br\/site\/wp-json\/wp\/v2\/product_tag?post=4110"}],"curies":[{"name":"wp","href":"https:\/\/api.w.org\/{rel}","templated":true}]}}