{"id":4138,"date":"2021-10-06T13:28:04","date_gmt":"2021-10-06T16:28:04","guid":{"rendered":"https:\/\/motionup.com.br\/site\/?post_type=product&#038;p=4138"},"modified":"2021-10-06T13:37:13","modified_gmt":"2021-10-06T16:37:13","slug":"fonte-de-alimentacao-24vdc-25a-drp024v60w1az-delta","status":"publish","type":"product","link":"https:\/\/motionup.com.br\/site\/produto\/fonte-de-alimentacao-24vdc-25a-drp024v60w1az-delta\/","title":{"rendered":"Fonte de Alimenta\u00e7\u00e3o   24VDC 2,5A &#8211; DRP024V60W1AZ- DELTA"},"content":{"rendered":"<p>Fabricante: Delta Electronics<\/p>\n<p>Tipo:DRP024V60W1AZ<\/p>\n<p>Tens\u00e3o de sa\u00edda nominal 24Vdc<\/p>\n<p>Toler\u00e2ncia de tens\u00e3o de sa\u00edda \u00b1 2% (toler\u00e2ncia de ponto de ajuste inicial de f\u00e1brica)<\/p>\n<p>Faixa de ajuste de tens\u00e3o de sa\u00edda 22-28Vdc<\/p>\n<p>Corrente de sa\u00edda 2,50A (continuamente operando em 24)<\/p>\n<p>Pot\u00eancia de sa\u00edda 60 W (continuamente operando a 24 V)<\/p>\n","protected":false},"excerpt":{"rendered":"<p>Fabricante: Delta Electronics Tipo:DRP024V60W1AZ Tens\u00e3o de sa\u00edda nominal 24Vdc Toler\u00e2ncia de tens\u00e3o de sa\u00edda \u00b1 2% (toler\u00e2ncia de ponto de ajuste inicial de f\u00e1brica) Faixa de ajuste de tens\u00e3o de sa\u00edda 22-28Vdc Corrente de sa\u00edda 2,50A (continuamente operando em 24) Pot\u00eancia de sa\u00edda 60 W (continuamente operando a 24 V)<\/p>\n","protected":false},"featured_media":4139,"template":"","meta":[],"product_brand":[],"product_cat":[414],"product_tag":[415,307,140],"class_list":{"0":"post-4138","1":"product","2":"type-product","3":"status-publish","4":"has-post-thumbnail","6":"product_cat-delta","7":"product_tag-delta","8":"product_tag-fonte","9":"product_tag-fonte-24v","11":"first","12":"instock","13":"shipping-taxable","14":"product-type-simple"},"yoast_head":"<!-- This site is optimized with the Yoast SEO plugin v26.3 - https:\/\/yoast.com\/wordpress\/plugins\/seo\/ -->\n<title>Fonte de Alimenta\u00e7\u00e3o  24VDC 2,5A - DRP024V60W1AZ- DELTA - Loja Motion Up<\/title>\n<meta name=\"robots\" content=\"index, follow, max-snippet:-1, max-image-preview:large, max-video-preview:-1\" \/>\n<link rel=\"canonical\" href=\"https:\/\/motionup.com.br\/site\/produto\/fonte-de-alimentacao-24vdc-25a-drp024v60w1az-delta\/\" \/>\n<meta property=\"og:locale\" content=\"pt_BR\" \/>\n<meta property=\"og:type\" content=\"article\" \/>\n<meta property=\"og:title\" content=\"Fonte de Alimenta\u00e7\u00e3o  24VDC 2,5A - DRP024V60W1AZ- DELTA - Loja Motion Up\" \/>\n<meta property=\"og:description\" content=\"Fabricante: Delta Electronics Tipo:DRP024V60W1AZ Tens\u00e3o de sa\u00edda nominal 24Vdc Toler\u00e2ncia de tens\u00e3o de sa\u00edda \u00b1 2% (toler\u00e2ncia de ponto de ajuste inicial de f\u00e1brica) Faixa de ajuste de tens\u00e3o de sa\u00edda 22-28Vdc Corrente de sa\u00edda 2,50A (continuamente operando em 24) Pot\u00eancia de sa\u00edda 60 W (continuamente operando a 24 V)\" \/>\n<meta property=\"og:url\" content=\"https:\/\/motionup.com.br\/site\/produto\/fonte-de-alimentacao-24vdc-25a-drp024v60w1az-delta\/\" \/>\n<meta property=\"og:site_name\" content=\"Loja Motion Up\" \/>\n<meta property=\"article:publisher\" content=\"https:\/\/m.facebook.com\/fp3motionup\/about\/\" \/>\n<meta property=\"article:modified_time\" content=\"2021-10-06T16:37:13+00:00\" \/>\n<meta property=\"og:image\" content=\"https:\/\/motionup.com.br\/site\/wp-content\/uploads\/2021\/10\/Imagem1-1.png\" \/>\n\t<meta property=\"og:image:width\" content=\"880\" \/>\n\t<meta property=\"og:image:height\" content=\"1047\" \/>\n\t<meta property=\"og:image:type\" content=\"image\/png\" \/>\n<meta name=\"twitter:card\" content=\"summary_large_image\" \/>\n<script type=\"application\/ld+json\" class=\"yoast-schema-graph\">{\"@context\":\"https:\/\/schema.org\",\"@graph\":[{\"@type\":\"WebPage\",\"@id\":\"https:\/\/motionup.com.br\/site\/produto\/fonte-de-alimentacao-24vdc-25a-drp024v60w1az-delta\/\",\"url\":\"https:\/\/motionup.com.br\/site\/produto\/fonte-de-alimentacao-24vdc-25a-drp024v60w1az-delta\/\",\"name\":\"Fonte de Alimenta\u00e7\u00e3o 24VDC 2,5A - DRP024V60W1AZ- DELTA - Loja Motion Up\",\"isPartOf\":{\"@id\":\"https:\/\/motionup.com.br\/site\/#website\"},\"primaryImageOfPage\":{\"@id\":\"https:\/\/motionup.com.br\/site\/produto\/fonte-de-alimentacao-24vdc-25a-drp024v60w1az-delta\/#primaryimage\"},\"image\":{\"@id\":\"https:\/\/motionup.com.br\/site\/produto\/fonte-de-alimentacao-24vdc-25a-drp024v60w1az-delta\/#primaryimage\"},\"thumbnailUrl\":\"https:\/\/motionup.com.br\/site\/wp-content\/uploads\/2021\/10\/Imagem1-1.png\",\"datePublished\":\"2021-10-06T16:28:04+00:00\",\"dateModified\":\"2021-10-06T16:37:13+00:00\",\"breadcrumb\":{\"@id\":\"https:\/\/motionup.com.br\/site\/produto\/fonte-de-alimentacao-24vdc-25a-drp024v60w1az-delta\/#breadcrumb\"},\"inLanguage\":\"pt-BR\",\"potentialAction\":[{\"@type\":\"ReadAction\",\"target\":[\"https:\/\/motionup.com.br\/site\/produto\/fonte-de-alimentacao-24vdc-25a-drp024v60w1az-delta\/\"]}]},{\"@type\":\"ImageObject\",\"inLanguage\":\"pt-BR\",\"@id\":\"https:\/\/motionup.com.br\/site\/produto\/fonte-de-alimentacao-24vdc-25a-drp024v60w1az-delta\/#primaryimage\",\"url\":\"https:\/\/motionup.com.br\/site\/wp-content\/uploads\/2021\/10\/Imagem1-1.png\",\"contentUrl\":\"https:\/\/motionup.com.br\/site\/wp-content\/uploads\/2021\/10\/Imagem1-1.png\",\"width\":880,\"height\":1047},{\"@type\":\"BreadcrumbList\",\"@id\":\"https:\/\/motionup.com.br\/site\/produto\/fonte-de-alimentacao-24vdc-25a-drp024v60w1az-delta\/#breadcrumb\",\"itemListElement\":[{\"@type\":\"ListItem\",\"position\":1,\"name\":\"In\u00edcio\",\"item\":\"https:\/\/motionup.com.br\/site\/\"},{\"@type\":\"ListItem\",\"position\":2,\"name\":\"Produtos\",\"item\":\"https:\/\/motionup.com.br\/site\/produtos\/\"},{\"@type\":\"ListItem\",\"position\":3,\"name\":\"Fonte de Alimenta\u00e7\u00e3o 24VDC 2,5A &#8211; DRP024V60W1AZ- DELTA\"}]},{\"@type\":\"WebSite\",\"@id\":\"https:\/\/motionup.com.br\/site\/#website\",\"url\":\"https:\/\/motionup.com.br\/site\/\",\"name\":\"Motion Up\",\"description\":\"E-commerce Motion Up - Automa\u00e7\u00e3o Industrial\",\"publisher\":{\"@id\":\"https:\/\/motionup.com.br\/site\/#organization\"},\"potentialAction\":[{\"@type\":\"SearchAction\",\"target\":{\"@type\":\"EntryPoint\",\"urlTemplate\":\"https:\/\/motionup.com.br\/site\/?s={search_term_string}\"},\"query-input\":{\"@type\":\"PropertyValueSpecification\",\"valueRequired\":true,\"valueName\":\"search_term_string\"}}],\"inLanguage\":\"pt-BR\"},{\"@type\":\"Organization\",\"@id\":\"https:\/\/motionup.com.br\/site\/#organization\",\"name\":\"Motion Up\",\"url\":\"https:\/\/motionup.com.br\/site\/\",\"logo\":{\"@type\":\"ImageObject\",\"inLanguage\":\"pt-BR\",\"@id\":\"https:\/\/motionup.com.br\/site\/#\/schema\/logo\/image\/\",\"url\":\"https:\/\/motionup.com.br\/site\/wp-content\/uploads\/2025\/05\/MOTIONUP.png\",\"contentUrl\":\"https:\/\/motionup.com.br\/site\/wp-content\/uploads\/2025\/05\/MOTIONUP.png\",\"width\":1200,\"height\":601,\"caption\":\"Motion Up\"},\"image\":{\"@id\":\"https:\/\/motionup.com.br\/site\/#\/schema\/logo\/image\/\"},\"sameAs\":[\"https:\/\/m.facebook.com\/fp3motionup\/about\/\",\"https:\/\/br.linkedin.com\/company\/fpn-controle-e-automao-industrial-ltda\"]}]}<\/script>\n<!-- \/ Yoast SEO plugin. -->","yoast_head_json":{"title":"Fonte de Alimenta\u00e7\u00e3o  24VDC 2,5A - DRP024V60W1AZ- DELTA - Loja Motion Up","robots":{"index":"index","follow":"follow","max-snippet":"max-snippet:-1","max-image-preview":"max-image-preview:large","max-video-preview":"max-video-preview:-1"},"canonical":"https:\/\/motionup.com.br\/site\/produto\/fonte-de-alimentacao-24vdc-25a-drp024v60w1az-delta\/","og_locale":"pt_BR","og_type":"article","og_title":"Fonte de Alimenta\u00e7\u00e3o  24VDC 2,5A - DRP024V60W1AZ- DELTA - Loja Motion Up","og_description":"Fabricante: Delta Electronics Tipo:DRP024V60W1AZ Tens\u00e3o de sa\u00edda nominal 24Vdc Toler\u00e2ncia de tens\u00e3o de sa\u00edda \u00b1 2% (toler\u00e2ncia de ponto de ajuste inicial de f\u00e1brica) Faixa de ajuste de tens\u00e3o de sa\u00edda 22-28Vdc Corrente de sa\u00edda 2,50A (continuamente operando em 24) Pot\u00eancia de sa\u00edda 60 W (continuamente operando a 24 V)","og_url":"https:\/\/motionup.com.br\/site\/produto\/fonte-de-alimentacao-24vdc-25a-drp024v60w1az-delta\/","og_site_name":"Loja Motion Up","article_publisher":"https:\/\/m.facebook.com\/fp3motionup\/about\/","article_modified_time":"2021-10-06T16:37:13+00:00","og_image":[{"width":880,"height":1047,"url":"https:\/\/motionup.com.br\/site\/wp-content\/uploads\/2021\/10\/Imagem1-1.png","type":"image\/png"}],"twitter_card":"summary_large_image","schema":{"@context":"https:\/\/schema.org","@graph":[{"@type":"WebPage","@id":"https:\/\/motionup.com.br\/site\/produto\/fonte-de-alimentacao-24vdc-25a-drp024v60w1az-delta\/","url":"https:\/\/motionup.com.br\/site\/produto\/fonte-de-alimentacao-24vdc-25a-drp024v60w1az-delta\/","name":"Fonte de Alimenta\u00e7\u00e3o 24VDC 2,5A - DRP024V60W1AZ- DELTA - Loja Motion Up","isPartOf":{"@id":"https:\/\/motionup.com.br\/site\/#website"},"primaryImageOfPage":{"@id":"https:\/\/motionup.com.br\/site\/produto\/fonte-de-alimentacao-24vdc-25a-drp024v60w1az-delta\/#primaryimage"},"image":{"@id":"https:\/\/motionup.com.br\/site\/produto\/fonte-de-alimentacao-24vdc-25a-drp024v60w1az-delta\/#primaryimage"},"thumbnailUrl":"https:\/\/motionup.com.br\/site\/wp-content\/uploads\/2021\/10\/Imagem1-1.png","datePublished":"2021-10-06T16:28:04+00:00","dateModified":"2021-10-06T16:37:13+00:00","breadcrumb":{"@id":"https:\/\/motionup.com.br\/site\/produto\/fonte-de-alimentacao-24vdc-25a-drp024v60w1az-delta\/#breadcrumb"},"inLanguage":"pt-BR","potentialAction":[{"@type":"ReadAction","target":["https:\/\/motionup.com.br\/site\/produto\/fonte-de-alimentacao-24vdc-25a-drp024v60w1az-delta\/"]}]},{"@type":"ImageObject","inLanguage":"pt-BR","@id":"https:\/\/motionup.com.br\/site\/produto\/fonte-de-alimentacao-24vdc-25a-drp024v60w1az-delta\/#primaryimage","url":"https:\/\/motionup.com.br\/site\/wp-content\/uploads\/2021\/10\/Imagem1-1.png","contentUrl":"https:\/\/motionup.com.br\/site\/wp-content\/uploads\/2021\/10\/Imagem1-1.png","width":880,"height":1047},{"@type":"BreadcrumbList","@id":"https:\/\/motionup.com.br\/site\/produto\/fonte-de-alimentacao-24vdc-25a-drp024v60w1az-delta\/#breadcrumb","itemListElement":[{"@type":"ListItem","position":1,"name":"In\u00edcio","item":"https:\/\/motionup.com.br\/site\/"},{"@type":"ListItem","position":2,"name":"Produtos","item":"https:\/\/motionup.com.br\/site\/produtos\/"},{"@type":"ListItem","position":3,"name":"Fonte de Alimenta\u00e7\u00e3o 24VDC 2,5A &#8211; DRP024V60W1AZ- DELTA"}]},{"@type":"WebSite","@id":"https:\/\/motionup.com.br\/site\/#website","url":"https:\/\/motionup.com.br\/site\/","name":"Motion Up","description":"E-commerce Motion Up - Automa\u00e7\u00e3o Industrial","publisher":{"@id":"https:\/\/motionup.com.br\/site\/#organization"},"potentialAction":[{"@type":"SearchAction","target":{"@type":"EntryPoint","urlTemplate":"https:\/\/motionup.com.br\/site\/?s={search_term_string}"},"query-input":{"@type":"PropertyValueSpecification","valueRequired":true,"valueName":"search_term_string"}}],"inLanguage":"pt-BR"},{"@type":"Organization","@id":"https:\/\/motionup.com.br\/site\/#organization","name":"Motion Up","url":"https:\/\/motionup.com.br\/site\/","logo":{"@type":"ImageObject","inLanguage":"pt-BR","@id":"https:\/\/motionup.com.br\/site\/#\/schema\/logo\/image\/","url":"https:\/\/motionup.com.br\/site\/wp-content\/uploads\/2025\/05\/MOTIONUP.png","contentUrl":"https:\/\/motionup.com.br\/site\/wp-content\/uploads\/2025\/05\/MOTIONUP.png","width":1200,"height":601,"caption":"Motion Up"},"image":{"@id":"https:\/\/motionup.com.br\/site\/#\/schema\/logo\/image\/"},"sameAs":["https:\/\/m.facebook.com\/fp3motionup\/about\/","https:\/\/br.linkedin.com\/company\/fpn-controle-e-automao-industrial-ltda"]}]}},"_links":{"self":[{"href":"https:\/\/motionup.com.br\/site\/wp-json\/wp\/v2\/product\/4138","targetHints":{"allow":["GET"]}}],"collection":[{"href":"https:\/\/motionup.com.br\/site\/wp-json\/wp\/v2\/product"}],"about":[{"href":"https:\/\/motionup.com.br\/site\/wp-json\/wp\/v2\/types\/product"}],"wp:featuredmedia":[{"embeddable":true,"href":"https:\/\/motionup.com.br\/site\/wp-json\/wp\/v2\/media\/4139"}],"wp:attachment":[{"href":"https:\/\/motionup.com.br\/site\/wp-json\/wp\/v2\/media?parent=4138"}],"wp:term":[{"taxonomy":"product_brand","embeddable":true,"href":"https:\/\/motionup.com.br\/site\/wp-json\/wp\/v2\/product_brand?post=4138"},{"taxonomy":"product_cat","embeddable":true,"href":"https:\/\/motionup.com.br\/site\/wp-json\/wp\/v2\/product_cat?post=4138"},{"taxonomy":"product_tag","embeddable":true,"href":"https:\/\/motionup.com.br\/site\/wp-json\/wp\/v2\/product_tag?post=4138"}],"curies":[{"name":"wp","href":"https:\/\/api.w.org\/{rel}","templated":true}]}}