{"id":4142,"date":"2021-10-06T13:39:53","date_gmt":"2021-10-06T16:39:53","guid":{"rendered":"https:\/\/motionup.com.br\/site\/?post_type=product&#038;p=4142"},"modified":"2021-10-06T13:49:43","modified_gmt":"2021-10-06T16:49:43","slug":"fonte-de-alimentacao-24vdc-10a-drl024v240w1aa-delta","status":"publish","type":"product","link":"https:\/\/motionup.com.br\/site\/produto\/fonte-de-alimentacao-24vdc-10a-drl024v240w1aa-delta\/","title":{"rendered":"Fonte de Alimenta\u00e7\u00e3o   24VDC 10A &#8211; DRL024V240W1AA- DELTA"},"content":{"rendered":"<p>Fabricante: Delta Electronics<\/p>\n<p>Tipo: DRL024V240W1AA<\/p>\n<p>Pot\u00eancia de sa\u00edda: 240 W<\/p>\n<p>Tens\u00e3o de entrada: 100 VAC a 240 VAC<\/p>\n<p>N\u00famero de sa\u00eddas: 1 sa\u00edda<\/p>\n<p>Tens\u00e3o de sa\u00edda &#8211; Canal 1: 24 VCC<\/p>\n<p>Sa\u00edda de corrente &#8211; canal 1: 10 A<\/p>\n","protected":false},"excerpt":{"rendered":"<p>Fabricante: Delta Electronics Tipo: DRL024V240W1AA Pot\u00eancia de sa\u00edda: 240 W Tens\u00e3o de entrada: 100 VAC a 240 VAC N\u00famero de sa\u00eddas: 1 sa\u00edda Tens\u00e3o de sa\u00edda &#8211; Canal 1: 24 VCC Sa\u00edda de corrente &#8211; canal 1: 10 A<\/p>\n","protected":false},"featured_media":4143,"template":"","meta":[],"product_brand":[],"product_cat":[414],"product_tag":[415,307,140],"class_list":{"0":"post-4142","1":"product","2":"type-product","3":"status-publish","4":"has-post-thumbnail","6":"product_cat-delta","7":"product_tag-delta","8":"product_tag-fonte","9":"product_tag-fonte-24v","11":"first","12":"instock","13":"shipping-taxable","14":"product-type-simple"},"yoast_head":"<!-- This site is optimized with the Yoast SEO plugin v26.3 - https:\/\/yoast.com\/wordpress\/plugins\/seo\/ -->\n<title>Fonte de Alimenta\u00e7\u00e3o  24VDC 10A - DRL024V240W1AA- DELTA - Loja Motion Up<\/title>\n<meta name=\"robots\" content=\"index, follow, max-snippet:-1, max-image-preview:large, max-video-preview:-1\" \/>\n<link rel=\"canonical\" href=\"https:\/\/motionup.com.br\/site\/produto\/fonte-de-alimentacao-24vdc-10a-drl024v240w1aa-delta\/\" \/>\n<meta property=\"og:locale\" content=\"pt_BR\" \/>\n<meta property=\"og:type\" content=\"article\" \/>\n<meta property=\"og:title\" content=\"Fonte de Alimenta\u00e7\u00e3o  24VDC 10A - DRL024V240W1AA- DELTA - Loja Motion Up\" \/>\n<meta property=\"og:description\" content=\"Fabricante: Delta Electronics Tipo: DRL024V240W1AA Pot\u00eancia de sa\u00edda: 240 W Tens\u00e3o de entrada: 100 VAC a 240 VAC N\u00famero de sa\u00eddas: 1 sa\u00edda Tens\u00e3o de sa\u00edda &#8211; Canal 1: 24 VCC Sa\u00edda de corrente &#8211; canal 1: 10 A\" \/>\n<meta property=\"og:url\" content=\"https:\/\/motionup.com.br\/site\/produto\/fonte-de-alimentacao-24vdc-10a-drl024v240w1aa-delta\/\" \/>\n<meta property=\"og:site_name\" content=\"Loja Motion Up\" \/>\n<meta property=\"article:publisher\" content=\"https:\/\/m.facebook.com\/fp3motionup\/about\/\" \/>\n<meta property=\"article:modified_time\" content=\"2021-10-06T16:49:43+00:00\" \/>\n<meta property=\"og:image\" content=\"https:\/\/motionup.com.br\/site\/wp-content\/uploads\/2021\/10\/Imagem2.png\" \/>\n\t<meta property=\"og:image:width\" content=\"856\" \/>\n\t<meta property=\"og:image:height\" content=\"1058\" \/>\n\t<meta property=\"og:image:type\" content=\"image\/png\" \/>\n<meta name=\"twitter:card\" content=\"summary_large_image\" \/>\n<script type=\"application\/ld+json\" class=\"yoast-schema-graph\">{\"@context\":\"https:\/\/schema.org\",\"@graph\":[{\"@type\":\"WebPage\",\"@id\":\"https:\/\/motionup.com.br\/site\/produto\/fonte-de-alimentacao-24vdc-10a-drl024v240w1aa-delta\/\",\"url\":\"https:\/\/motionup.com.br\/site\/produto\/fonte-de-alimentacao-24vdc-10a-drl024v240w1aa-delta\/\",\"name\":\"Fonte de Alimenta\u00e7\u00e3o 24VDC 10A - DRL024V240W1AA- DELTA - Loja Motion Up\",\"isPartOf\":{\"@id\":\"https:\/\/motionup.com.br\/site\/#website\"},\"primaryImageOfPage\":{\"@id\":\"https:\/\/motionup.com.br\/site\/produto\/fonte-de-alimentacao-24vdc-10a-drl024v240w1aa-delta\/#primaryimage\"},\"image\":{\"@id\":\"https:\/\/motionup.com.br\/site\/produto\/fonte-de-alimentacao-24vdc-10a-drl024v240w1aa-delta\/#primaryimage\"},\"thumbnailUrl\":\"https:\/\/motionup.com.br\/site\/wp-content\/uploads\/2021\/10\/Imagem2.png\",\"datePublished\":\"2021-10-06T16:39:53+00:00\",\"dateModified\":\"2021-10-06T16:49:43+00:00\",\"breadcrumb\":{\"@id\":\"https:\/\/motionup.com.br\/site\/produto\/fonte-de-alimentacao-24vdc-10a-drl024v240w1aa-delta\/#breadcrumb\"},\"inLanguage\":\"pt-BR\",\"potentialAction\":[{\"@type\":\"ReadAction\",\"target\":[\"https:\/\/motionup.com.br\/site\/produto\/fonte-de-alimentacao-24vdc-10a-drl024v240w1aa-delta\/\"]}]},{\"@type\":\"ImageObject\",\"inLanguage\":\"pt-BR\",\"@id\":\"https:\/\/motionup.com.br\/site\/produto\/fonte-de-alimentacao-24vdc-10a-drl024v240w1aa-delta\/#primaryimage\",\"url\":\"https:\/\/motionup.com.br\/site\/wp-content\/uploads\/2021\/10\/Imagem2.png\",\"contentUrl\":\"https:\/\/motionup.com.br\/site\/wp-content\/uploads\/2021\/10\/Imagem2.png\",\"width\":856,\"height\":1058},{\"@type\":\"BreadcrumbList\",\"@id\":\"https:\/\/motionup.com.br\/site\/produto\/fonte-de-alimentacao-24vdc-10a-drl024v240w1aa-delta\/#breadcrumb\",\"itemListElement\":[{\"@type\":\"ListItem\",\"position\":1,\"name\":\"In\u00edcio\",\"item\":\"https:\/\/motionup.com.br\/site\/\"},{\"@type\":\"ListItem\",\"position\":2,\"name\":\"Produtos\",\"item\":\"https:\/\/motionup.com.br\/site\/produtos\/\"},{\"@type\":\"ListItem\",\"position\":3,\"name\":\"Fonte de Alimenta\u00e7\u00e3o 24VDC 10A &#8211; DRL024V240W1AA- DELTA\"}]},{\"@type\":\"WebSite\",\"@id\":\"https:\/\/motionup.com.br\/site\/#website\",\"url\":\"https:\/\/motionup.com.br\/site\/\",\"name\":\"Motion Up\",\"description\":\"E-commerce Motion Up - Automa\u00e7\u00e3o Industrial\",\"publisher\":{\"@id\":\"https:\/\/motionup.com.br\/site\/#organization\"},\"potentialAction\":[{\"@type\":\"SearchAction\",\"target\":{\"@type\":\"EntryPoint\",\"urlTemplate\":\"https:\/\/motionup.com.br\/site\/?s={search_term_string}\"},\"query-input\":{\"@type\":\"PropertyValueSpecification\",\"valueRequired\":true,\"valueName\":\"search_term_string\"}}],\"inLanguage\":\"pt-BR\"},{\"@type\":\"Organization\",\"@id\":\"https:\/\/motionup.com.br\/site\/#organization\",\"name\":\"Motion Up\",\"url\":\"https:\/\/motionup.com.br\/site\/\",\"logo\":{\"@type\":\"ImageObject\",\"inLanguage\":\"pt-BR\",\"@id\":\"https:\/\/motionup.com.br\/site\/#\/schema\/logo\/image\/\",\"url\":\"https:\/\/motionup.com.br\/site\/wp-content\/uploads\/2025\/05\/MOTIONUP.png\",\"contentUrl\":\"https:\/\/motionup.com.br\/site\/wp-content\/uploads\/2025\/05\/MOTIONUP.png\",\"width\":1200,\"height\":601,\"caption\":\"Motion Up\"},\"image\":{\"@id\":\"https:\/\/motionup.com.br\/site\/#\/schema\/logo\/image\/\"},\"sameAs\":[\"https:\/\/m.facebook.com\/fp3motionup\/about\/\",\"https:\/\/br.linkedin.com\/company\/fpn-controle-e-automao-industrial-ltda\"]}]}<\/script>\n<!-- \/ Yoast SEO plugin. -->","yoast_head_json":{"title":"Fonte de Alimenta\u00e7\u00e3o  24VDC 10A - DRL024V240W1AA- DELTA - Loja Motion Up","robots":{"index":"index","follow":"follow","max-snippet":"max-snippet:-1","max-image-preview":"max-image-preview:large","max-video-preview":"max-video-preview:-1"},"canonical":"https:\/\/motionup.com.br\/site\/produto\/fonte-de-alimentacao-24vdc-10a-drl024v240w1aa-delta\/","og_locale":"pt_BR","og_type":"article","og_title":"Fonte de Alimenta\u00e7\u00e3o  24VDC 10A - DRL024V240W1AA- DELTA - Loja Motion Up","og_description":"Fabricante: Delta Electronics Tipo: DRL024V240W1AA Pot\u00eancia de sa\u00edda: 240 W Tens\u00e3o de entrada: 100 VAC a 240 VAC N\u00famero de sa\u00eddas: 1 sa\u00edda Tens\u00e3o de sa\u00edda &#8211; Canal 1: 24 VCC Sa\u00edda de corrente &#8211; canal 1: 10 A","og_url":"https:\/\/motionup.com.br\/site\/produto\/fonte-de-alimentacao-24vdc-10a-drl024v240w1aa-delta\/","og_site_name":"Loja Motion Up","article_publisher":"https:\/\/m.facebook.com\/fp3motionup\/about\/","article_modified_time":"2021-10-06T16:49:43+00:00","og_image":[{"width":856,"height":1058,"url":"https:\/\/motionup.com.br\/site\/wp-content\/uploads\/2021\/10\/Imagem2.png","type":"image\/png"}],"twitter_card":"summary_large_image","schema":{"@context":"https:\/\/schema.org","@graph":[{"@type":"WebPage","@id":"https:\/\/motionup.com.br\/site\/produto\/fonte-de-alimentacao-24vdc-10a-drl024v240w1aa-delta\/","url":"https:\/\/motionup.com.br\/site\/produto\/fonte-de-alimentacao-24vdc-10a-drl024v240w1aa-delta\/","name":"Fonte de Alimenta\u00e7\u00e3o 24VDC 10A - DRL024V240W1AA- DELTA - Loja Motion Up","isPartOf":{"@id":"https:\/\/motionup.com.br\/site\/#website"},"primaryImageOfPage":{"@id":"https:\/\/motionup.com.br\/site\/produto\/fonte-de-alimentacao-24vdc-10a-drl024v240w1aa-delta\/#primaryimage"},"image":{"@id":"https:\/\/motionup.com.br\/site\/produto\/fonte-de-alimentacao-24vdc-10a-drl024v240w1aa-delta\/#primaryimage"},"thumbnailUrl":"https:\/\/motionup.com.br\/site\/wp-content\/uploads\/2021\/10\/Imagem2.png","datePublished":"2021-10-06T16:39:53+00:00","dateModified":"2021-10-06T16:49:43+00:00","breadcrumb":{"@id":"https:\/\/motionup.com.br\/site\/produto\/fonte-de-alimentacao-24vdc-10a-drl024v240w1aa-delta\/#breadcrumb"},"inLanguage":"pt-BR","potentialAction":[{"@type":"ReadAction","target":["https:\/\/motionup.com.br\/site\/produto\/fonte-de-alimentacao-24vdc-10a-drl024v240w1aa-delta\/"]}]},{"@type":"ImageObject","inLanguage":"pt-BR","@id":"https:\/\/motionup.com.br\/site\/produto\/fonte-de-alimentacao-24vdc-10a-drl024v240w1aa-delta\/#primaryimage","url":"https:\/\/motionup.com.br\/site\/wp-content\/uploads\/2021\/10\/Imagem2.png","contentUrl":"https:\/\/motionup.com.br\/site\/wp-content\/uploads\/2021\/10\/Imagem2.png","width":856,"height":1058},{"@type":"BreadcrumbList","@id":"https:\/\/motionup.com.br\/site\/produto\/fonte-de-alimentacao-24vdc-10a-drl024v240w1aa-delta\/#breadcrumb","itemListElement":[{"@type":"ListItem","position":1,"name":"In\u00edcio","item":"https:\/\/motionup.com.br\/site\/"},{"@type":"ListItem","position":2,"name":"Produtos","item":"https:\/\/motionup.com.br\/site\/produtos\/"},{"@type":"ListItem","position":3,"name":"Fonte de Alimenta\u00e7\u00e3o 24VDC 10A &#8211; DRL024V240W1AA- DELTA"}]},{"@type":"WebSite","@id":"https:\/\/motionup.com.br\/site\/#website","url":"https:\/\/motionup.com.br\/site\/","name":"Motion Up","description":"E-commerce Motion Up - Automa\u00e7\u00e3o Industrial","publisher":{"@id":"https:\/\/motionup.com.br\/site\/#organization"},"potentialAction":[{"@type":"SearchAction","target":{"@type":"EntryPoint","urlTemplate":"https:\/\/motionup.com.br\/site\/?s={search_term_string}"},"query-input":{"@type":"PropertyValueSpecification","valueRequired":true,"valueName":"search_term_string"}}],"inLanguage":"pt-BR"},{"@type":"Organization","@id":"https:\/\/motionup.com.br\/site\/#organization","name":"Motion Up","url":"https:\/\/motionup.com.br\/site\/","logo":{"@type":"ImageObject","inLanguage":"pt-BR","@id":"https:\/\/motionup.com.br\/site\/#\/schema\/logo\/image\/","url":"https:\/\/motionup.com.br\/site\/wp-content\/uploads\/2025\/05\/MOTIONUP.png","contentUrl":"https:\/\/motionup.com.br\/site\/wp-content\/uploads\/2025\/05\/MOTIONUP.png","width":1200,"height":601,"caption":"Motion Up"},"image":{"@id":"https:\/\/motionup.com.br\/site\/#\/schema\/logo\/image\/"},"sameAs":["https:\/\/m.facebook.com\/fp3motionup\/about\/","https:\/\/br.linkedin.com\/company\/fpn-controle-e-automao-industrial-ltda"]}]}},"_links":{"self":[{"href":"https:\/\/motionup.com.br\/site\/wp-json\/wp\/v2\/product\/4142","targetHints":{"allow":["GET"]}}],"collection":[{"href":"https:\/\/motionup.com.br\/site\/wp-json\/wp\/v2\/product"}],"about":[{"href":"https:\/\/motionup.com.br\/site\/wp-json\/wp\/v2\/types\/product"}],"wp:featuredmedia":[{"embeddable":true,"href":"https:\/\/motionup.com.br\/site\/wp-json\/wp\/v2\/media\/4143"}],"wp:attachment":[{"href":"https:\/\/motionup.com.br\/site\/wp-json\/wp\/v2\/media?parent=4142"}],"wp:term":[{"taxonomy":"product_brand","embeddable":true,"href":"https:\/\/motionup.com.br\/site\/wp-json\/wp\/v2\/product_brand?post=4142"},{"taxonomy":"product_cat","embeddable":true,"href":"https:\/\/motionup.com.br\/site\/wp-json\/wp\/v2\/product_cat?post=4142"},{"taxonomy":"product_tag","embeddable":true,"href":"https:\/\/motionup.com.br\/site\/wp-json\/wp\/v2\/product_tag?post=4142"}],"curies":[{"name":"wp","href":"https:\/\/api.w.org\/{rel}","templated":true}]}}