{"id":4644,"date":"2022-05-11T14:52:50","date_gmt":"2022-05-11T17:52:50","guid":{"rendered":"https:\/\/motionup.com.br\/site\/?post_type=product&#038;p=4644"},"modified":"2022-05-11T15:12:50","modified_gmt":"2022-05-11T18:12:50","slug":"contator-22-kw-rdc-24-dilm50rdc24-277844-eaton","status":"publish","type":"product","link":"https:\/\/motionup.com.br\/site\/produto\/contator-22-kw-rdc-24-dilm50rdc24-277844-eaton\/","title":{"rendered":"Contator &#8211; 22 kW, RDC 24 &#8211; DILM50(RDC24); 277844  &#8211; EATON"},"content":{"rendered":"<p>Contator &#8211; 22 kW, RDC 24 &#8211; DILM50(RDC24); 277844 &#8211; EATON<\/p>\n<p>Consulte um vendedor e solicite um or\u00e7amento<\/p>\n<p>vendas@motionup.com.br<\/p>\n<p>motionup@motionup.com.br<\/p>\n<p>&nbsp;<\/p>\n<p>Contator, 3 p\u00f3los, 380 V, 400 V 22 kW, RDC 24: 24 &#8211; 27 V DC, opera\u00e7\u00e3o de terminais de Parafuso<\/p>\n","protected":false},"excerpt":{"rendered":"<p>Contator &#8211; 22 kW, RDC 24 &#8211; DILM50(RDC24); 277844 &#8211; EATON Consulte um vendedor e solicite um or\u00e7amento vendas@motionup.com.br motionup@motionup.com.br &nbsp; Contator, 3 p\u00f3los, 380 V, 400 V 22 kW, RDC 24: 24 &#8211; 27 V DC, opera\u00e7\u00e3o de terminais de Parafuso<\/p>\n","protected":false},"featured_media":4642,"template":"","meta":[],"product_brand":[],"product_cat":[579],"product_tag":[431,427],"class_list":{"0":"post-4644","1":"product","2":"type-product","3":"status-publish","4":"has-post-thumbnail","6":"product_cat-inversores-de-frequencia-8200-lenze","7":"product_tag-contatores","8":"product_tag-eaton","10":"first","11":"onbackorder","12":"shipping-taxable","13":"product-type-simple"},"yoast_head":"<!-- This site is optimized with the Yoast SEO plugin v26.3 - https:\/\/yoast.com\/wordpress\/plugins\/seo\/ -->\n<title>Contator - 22 kW, RDC 24 - DILM50(RDC24); 277844 - EATON - Loja Motion Up<\/title>\n<meta name=\"robots\" content=\"index, follow, max-snippet:-1, max-image-preview:large, max-video-preview:-1\" \/>\n<link rel=\"canonical\" href=\"https:\/\/motionup.com.br\/site\/produto\/contator-22-kw-rdc-24-dilm50rdc24-277844-eaton\/\" \/>\n<meta property=\"og:locale\" content=\"pt_BR\" \/>\n<meta property=\"og:type\" content=\"article\" \/>\n<meta property=\"og:title\" content=\"Contator - 22 kW, RDC 24 - DILM50(RDC24); 277844 - EATON - Loja Motion Up\" \/>\n<meta property=\"og:description\" content=\"Contator &#8211; 22 kW, RDC 24 &#8211; DILM50(RDC24); 277844 &#8211; EATON Consulte um vendedor e solicite um or\u00e7amento vendas@motionup.com.br motionup@motionup.com.br &nbsp; Contator, 3 p\u00f3los, 380 V, 400 V 22 kW, RDC 24: 24 &#8211; 27 V DC, opera\u00e7\u00e3o de terminais de Parafuso\" \/>\n<meta property=\"og:url\" content=\"https:\/\/motionup.com.br\/site\/produto\/contator-22-kw-rdc-24-dilm50rdc24-277844-eaton\/\" \/>\n<meta property=\"og:site_name\" content=\"Loja Motion Up\" \/>\n<meta property=\"article:publisher\" content=\"https:\/\/m.facebook.com\/fp3motionup\/about\/\" \/>\n<meta property=\"article:modified_time\" content=\"2022-05-11T18:12:50+00:00\" \/>\n<meta property=\"og:image\" content=\"https:\/\/motionup.com.br\/site\/wp-content\/uploads\/2022\/05\/dilm40.jpg\" \/>\n\t<meta property=\"og:image:width\" content=\"1000\" \/>\n\t<meta property=\"og:image:height\" content=\"1000\" \/>\n\t<meta property=\"og:image:type\" content=\"image\/jpeg\" \/>\n<meta name=\"twitter:card\" content=\"summary_large_image\" \/>\n<script type=\"application\/ld+json\" class=\"yoast-schema-graph\">{\"@context\":\"https:\/\/schema.org\",\"@graph\":[{\"@type\":\"WebPage\",\"@id\":\"https:\/\/motionup.com.br\/site\/produto\/contator-22-kw-rdc-24-dilm50rdc24-277844-eaton\/\",\"url\":\"https:\/\/motionup.com.br\/site\/produto\/contator-22-kw-rdc-24-dilm50rdc24-277844-eaton\/\",\"name\":\"Contator - 22 kW, RDC 24 - DILM50(RDC24); 277844 - EATON - Loja Motion Up\",\"isPartOf\":{\"@id\":\"https:\/\/motionup.com.br\/site\/#website\"},\"primaryImageOfPage\":{\"@id\":\"https:\/\/motionup.com.br\/site\/produto\/contator-22-kw-rdc-24-dilm50rdc24-277844-eaton\/#primaryimage\"},\"image\":{\"@id\":\"https:\/\/motionup.com.br\/site\/produto\/contator-22-kw-rdc-24-dilm50rdc24-277844-eaton\/#primaryimage\"},\"thumbnailUrl\":\"https:\/\/motionup.com.br\/site\/wp-content\/uploads\/2022\/05\/dilm40.jpg\",\"datePublished\":\"2022-05-11T17:52:50+00:00\",\"dateModified\":\"2022-05-11T18:12:50+00:00\",\"breadcrumb\":{\"@id\":\"https:\/\/motionup.com.br\/site\/produto\/contator-22-kw-rdc-24-dilm50rdc24-277844-eaton\/#breadcrumb\"},\"inLanguage\":\"pt-BR\",\"potentialAction\":[{\"@type\":\"ReadAction\",\"target\":[\"https:\/\/motionup.com.br\/site\/produto\/contator-22-kw-rdc-24-dilm50rdc24-277844-eaton\/\"]}]},{\"@type\":\"ImageObject\",\"inLanguage\":\"pt-BR\",\"@id\":\"https:\/\/motionup.com.br\/site\/produto\/contator-22-kw-rdc-24-dilm50rdc24-277844-eaton\/#primaryimage\",\"url\":\"https:\/\/motionup.com.br\/site\/wp-content\/uploads\/2022\/05\/dilm40.jpg\",\"contentUrl\":\"https:\/\/motionup.com.br\/site\/wp-content\/uploads\/2022\/05\/dilm40.jpg\",\"width\":1000,\"height\":1000},{\"@type\":\"BreadcrumbList\",\"@id\":\"https:\/\/motionup.com.br\/site\/produto\/contator-22-kw-rdc-24-dilm50rdc24-277844-eaton\/#breadcrumb\",\"itemListElement\":[{\"@type\":\"ListItem\",\"position\":1,\"name\":\"In\u00edcio\",\"item\":\"https:\/\/motionup.com.br\/site\/\"},{\"@type\":\"ListItem\",\"position\":2,\"name\":\"Produtos\",\"item\":\"https:\/\/motionup.com.br\/site\/produtos\/\"},{\"@type\":\"ListItem\",\"position\":3,\"name\":\"Contator &#8211; 22 kW, RDC 24 &#8211; DILM50(RDC24); 277844 &#8211; EATON\"}]},{\"@type\":\"WebSite\",\"@id\":\"https:\/\/motionup.com.br\/site\/#website\",\"url\":\"https:\/\/motionup.com.br\/site\/\",\"name\":\"Motion Up\",\"description\":\"E-commerce Motion Up - Automa\u00e7\u00e3o Industrial\",\"publisher\":{\"@id\":\"https:\/\/motionup.com.br\/site\/#organization\"},\"potentialAction\":[{\"@type\":\"SearchAction\",\"target\":{\"@type\":\"EntryPoint\",\"urlTemplate\":\"https:\/\/motionup.com.br\/site\/?s={search_term_string}\"},\"query-input\":{\"@type\":\"PropertyValueSpecification\",\"valueRequired\":true,\"valueName\":\"search_term_string\"}}],\"inLanguage\":\"pt-BR\"},{\"@type\":\"Organization\",\"@id\":\"https:\/\/motionup.com.br\/site\/#organization\",\"name\":\"Motion Up\",\"url\":\"https:\/\/motionup.com.br\/site\/\",\"logo\":{\"@type\":\"ImageObject\",\"inLanguage\":\"pt-BR\",\"@id\":\"https:\/\/motionup.com.br\/site\/#\/schema\/logo\/image\/\",\"url\":\"https:\/\/motionup.com.br\/site\/wp-content\/uploads\/2025\/05\/MOTIONUP.png\",\"contentUrl\":\"https:\/\/motionup.com.br\/site\/wp-content\/uploads\/2025\/05\/MOTIONUP.png\",\"width\":1200,\"height\":601,\"caption\":\"Motion Up\"},\"image\":{\"@id\":\"https:\/\/motionup.com.br\/site\/#\/schema\/logo\/image\/\"},\"sameAs\":[\"https:\/\/m.facebook.com\/fp3motionup\/about\/\",\"https:\/\/br.linkedin.com\/company\/fpn-controle-e-automao-industrial-ltda\"]}]}<\/script>\n<!-- \/ Yoast SEO plugin. -->","yoast_head_json":{"title":"Contator - 22 kW, RDC 24 - DILM50(RDC24); 277844 - EATON - Loja Motion Up","robots":{"index":"index","follow":"follow","max-snippet":"max-snippet:-1","max-image-preview":"max-image-preview:large","max-video-preview":"max-video-preview:-1"},"canonical":"https:\/\/motionup.com.br\/site\/produto\/contator-22-kw-rdc-24-dilm50rdc24-277844-eaton\/","og_locale":"pt_BR","og_type":"article","og_title":"Contator - 22 kW, RDC 24 - DILM50(RDC24); 277844 - EATON - Loja Motion Up","og_description":"Contator &#8211; 22 kW, RDC 24 &#8211; DILM50(RDC24); 277844 &#8211; EATON Consulte um vendedor e solicite um or\u00e7amento vendas@motionup.com.br motionup@motionup.com.br &nbsp; Contator, 3 p\u00f3los, 380 V, 400 V 22 kW, RDC 24: 24 &#8211; 27 V DC, opera\u00e7\u00e3o de terminais de Parafuso","og_url":"https:\/\/motionup.com.br\/site\/produto\/contator-22-kw-rdc-24-dilm50rdc24-277844-eaton\/","og_site_name":"Loja Motion Up","article_publisher":"https:\/\/m.facebook.com\/fp3motionup\/about\/","article_modified_time":"2022-05-11T18:12:50+00:00","og_image":[{"width":1000,"height":1000,"url":"https:\/\/motionup.com.br\/site\/wp-content\/uploads\/2022\/05\/dilm40.jpg","type":"image\/jpeg"}],"twitter_card":"summary_large_image","schema":{"@context":"https:\/\/schema.org","@graph":[{"@type":"WebPage","@id":"https:\/\/motionup.com.br\/site\/produto\/contator-22-kw-rdc-24-dilm50rdc24-277844-eaton\/","url":"https:\/\/motionup.com.br\/site\/produto\/contator-22-kw-rdc-24-dilm50rdc24-277844-eaton\/","name":"Contator - 22 kW, RDC 24 - DILM50(RDC24); 277844 - EATON - Loja Motion Up","isPartOf":{"@id":"https:\/\/motionup.com.br\/site\/#website"},"primaryImageOfPage":{"@id":"https:\/\/motionup.com.br\/site\/produto\/contator-22-kw-rdc-24-dilm50rdc24-277844-eaton\/#primaryimage"},"image":{"@id":"https:\/\/motionup.com.br\/site\/produto\/contator-22-kw-rdc-24-dilm50rdc24-277844-eaton\/#primaryimage"},"thumbnailUrl":"https:\/\/motionup.com.br\/site\/wp-content\/uploads\/2022\/05\/dilm40.jpg","datePublished":"2022-05-11T17:52:50+00:00","dateModified":"2022-05-11T18:12:50+00:00","breadcrumb":{"@id":"https:\/\/motionup.com.br\/site\/produto\/contator-22-kw-rdc-24-dilm50rdc24-277844-eaton\/#breadcrumb"},"inLanguage":"pt-BR","potentialAction":[{"@type":"ReadAction","target":["https:\/\/motionup.com.br\/site\/produto\/contator-22-kw-rdc-24-dilm50rdc24-277844-eaton\/"]}]},{"@type":"ImageObject","inLanguage":"pt-BR","@id":"https:\/\/motionup.com.br\/site\/produto\/contator-22-kw-rdc-24-dilm50rdc24-277844-eaton\/#primaryimage","url":"https:\/\/motionup.com.br\/site\/wp-content\/uploads\/2022\/05\/dilm40.jpg","contentUrl":"https:\/\/motionup.com.br\/site\/wp-content\/uploads\/2022\/05\/dilm40.jpg","width":1000,"height":1000},{"@type":"BreadcrumbList","@id":"https:\/\/motionup.com.br\/site\/produto\/contator-22-kw-rdc-24-dilm50rdc24-277844-eaton\/#breadcrumb","itemListElement":[{"@type":"ListItem","position":1,"name":"In\u00edcio","item":"https:\/\/motionup.com.br\/site\/"},{"@type":"ListItem","position":2,"name":"Produtos","item":"https:\/\/motionup.com.br\/site\/produtos\/"},{"@type":"ListItem","position":3,"name":"Contator &#8211; 22 kW, RDC 24 &#8211; DILM50(RDC24); 277844 &#8211; EATON"}]},{"@type":"WebSite","@id":"https:\/\/motionup.com.br\/site\/#website","url":"https:\/\/motionup.com.br\/site\/","name":"Motion Up","description":"E-commerce Motion Up - Automa\u00e7\u00e3o Industrial","publisher":{"@id":"https:\/\/motionup.com.br\/site\/#organization"},"potentialAction":[{"@type":"SearchAction","target":{"@type":"EntryPoint","urlTemplate":"https:\/\/motionup.com.br\/site\/?s={search_term_string}"},"query-input":{"@type":"PropertyValueSpecification","valueRequired":true,"valueName":"search_term_string"}}],"inLanguage":"pt-BR"},{"@type":"Organization","@id":"https:\/\/motionup.com.br\/site\/#organization","name":"Motion Up","url":"https:\/\/motionup.com.br\/site\/","logo":{"@type":"ImageObject","inLanguage":"pt-BR","@id":"https:\/\/motionup.com.br\/site\/#\/schema\/logo\/image\/","url":"https:\/\/motionup.com.br\/site\/wp-content\/uploads\/2025\/05\/MOTIONUP.png","contentUrl":"https:\/\/motionup.com.br\/site\/wp-content\/uploads\/2025\/05\/MOTIONUP.png","width":1200,"height":601,"caption":"Motion Up"},"image":{"@id":"https:\/\/motionup.com.br\/site\/#\/schema\/logo\/image\/"},"sameAs":["https:\/\/m.facebook.com\/fp3motionup\/about\/","https:\/\/br.linkedin.com\/company\/fpn-controle-e-automao-industrial-ltda"]}]}},"_links":{"self":[{"href":"https:\/\/motionup.com.br\/site\/wp-json\/wp\/v2\/product\/4644","targetHints":{"allow":["GET"]}}],"collection":[{"href":"https:\/\/motionup.com.br\/site\/wp-json\/wp\/v2\/product"}],"about":[{"href":"https:\/\/motionup.com.br\/site\/wp-json\/wp\/v2\/types\/product"}],"wp:featuredmedia":[{"embeddable":true,"href":"https:\/\/motionup.com.br\/site\/wp-json\/wp\/v2\/media\/4642"}],"wp:attachment":[{"href":"https:\/\/motionup.com.br\/site\/wp-json\/wp\/v2\/media?parent=4644"}],"wp:term":[{"taxonomy":"product_brand","embeddable":true,"href":"https:\/\/motionup.com.br\/site\/wp-json\/wp\/v2\/product_brand?post=4644"},{"taxonomy":"product_cat","embeddable":true,"href":"https:\/\/motionup.com.br\/site\/wp-json\/wp\/v2\/product_cat?post=4644"},{"taxonomy":"product_tag","embeddable":true,"href":"https:\/\/motionup.com.br\/site\/wp-json\/wp\/v2\/product_tag?post=4644"}],"curies":[{"name":"wp","href":"https:\/\/api.w.org\/{rel}","templated":true}]}}