{"id":5729,"date":"2022-11-09T09:54:35","date_gmt":"2022-11-09T12:54:35","guid":{"rendered":"https:\/\/motionup.com.br\/site\/?post_type=product&#038;p=5729"},"modified":"2022-11-09T09:56:23","modified_gmt":"2022-11-09T12:56:23","slug":"servo-drive-9400-037kw-400v-e94ashe0024a22nnnn-nnnnnnnnnn-single-sm0-m22-lenze","status":"publish","type":"product","link":"https:\/\/motionup.com.br\/site\/produto\/servo-drive-9400-037kw-400v-e94ashe0024a22nnnn-nnnnnnnnnn-single-sm0-m22-lenze\/","title":{"rendered":"SERVO DRIVE 9400 &#8211; 0,37kW 400V &#8211; E94ASHE0024A22NNNN-NNNNNNNNNN &#8211; SINGLE &#8211; SM0 &#8211; M22 &#8211; LENZE"},"content":{"rendered":"<p>SERVO DRIVE 9400 &#8211; 0,37kW 400V &#8211; E94ASHE0024A22 &#8211; SINGLE &#8211; SM0 &#8211; M22 &#8211; LENZE (*IMAGEM ILUSTRATIVA*)<\/p>\n<p>Consulte um vendedor e solicite um or\u00e7amento<\/p>\n<p>vendas@motionup.com.br<\/p>\n<p>motionup@motionup.com.br<br \/>\n\u2014\u2014\u2014\u2014\u2014\u2014\u2014\u2014\u2014\u2014\u2014\u2014\u2014\u2014\u2014\u2014\u2014\u2014\u2014\u2014<\/p>\n<p>Tipo Servo Drive E94ASHE0024A22NNNN<br \/>\nVers\u00e3o Single Drive<br \/>\nS\u00e9rie HighLine<br \/>\nTipo de montagem Com Dissipador<br \/>\nCorrente de tipo 002<br \/>\nCorrente nominal de sa\u00edda 1,5 A<br \/>\nFrequ\u00eancia de comuta\u00e7\u00e3o 8 KHZ<br \/>\nClasse de tens\u00e3o 400 V AC<br \/>\nPot\u00eancia Nominal do motor 0,37 KW<br \/>\nTipo M\u00f3dulo de seguran\u00e7a E94AYAA<br \/>\nM\u00f3dulo de seguran\u00e7a (slot 4) SM0- sem fator de seguran\u00e7a<br \/>\nTipo M\u00f3dulo de mem\u00f3ria E94AYM22<br \/>\nM\u00f3dulo de mem\u00f3ria (slot 3) MM220-Motion Contr. High, 2MB<br \/>\nM\u00f3dulo de expans\u00e3o (slot 2) nenhum m\u00f3dulo<br \/>\nM\u00f3dulo de expans\u00e3o (slot 1) nenhum m\u00f3dulo<\/p>\n","protected":false},"excerpt":{"rendered":"<p>SERVO DRIVE 9400 &#8211; 0,37kW 400V &#8211; E94ASHE0024A22 &#8211; SINGLE &#8211; SM0 &#8211; M22 &#8211; LENZE (*IMAGEM ILUSTRATIVA*) Consulte um vendedor e solicite um or\u00e7amento vendas@motionup.com.br motionup@motionup.com.br \u2014\u2014\u2014\u2014\u2014\u2014\u2014\u2014\u2014\u2014\u2014\u2014\u2014\u2014\u2014\u2014\u2014\u2014\u2014\u2014 Tipo Servo Drive E94ASHE0024A22NNNN Vers\u00e3o Single Drive S\u00e9rie HighLine Tipo de montagem Com Dissipador Corrente de tipo 002 Corrente nominal de sa\u00edda 1,5 A Frequ\u00eancia de comuta\u00e7\u00e3o [&hellip;]<\/p>\n","protected":false},"featured_media":2861,"template":"","meta":[],"product_brand":[],"product_cat":[355,594,598],"product_tag":[599,164,600],"class_list":{"0":"post-5729","1":"product","2":"type-product","3":"status-publish","4":"has-post-thumbnail","6":"product_cat-lenze","7":"product_cat-inversores-de-frequencia-9400","8":"product_cat-inversor-single","9":"product_tag-inversor-9400","10":"product_tag-lenze","11":"product_tag-single","13":"first","14":"onbackorder","15":"shipping-taxable","16":"product-type-simple"},"yoast_head":"<!-- This site is optimized with the Yoast SEO plugin v26.3 - https:\/\/yoast.com\/wordpress\/plugins\/seo\/ -->\n<title>SERVO DRIVE 9400 - 0,37kW 400V - E94ASHE0024A22NNNN-NNNNNNNNNN - SINGLE - SM0 - M22 - LENZE - Loja Motion Up<\/title>\n<meta name=\"robots\" content=\"index, follow, max-snippet:-1, max-image-preview:large, max-video-preview:-1\" \/>\n<link rel=\"canonical\" href=\"https:\/\/motionup.com.br\/site\/produto\/servo-drive-9400-037kw-400v-e94ashe0024a22nnnn-nnnnnnnnnn-single-sm0-m22-lenze\/\" \/>\n<meta property=\"og:locale\" content=\"pt_BR\" \/>\n<meta property=\"og:type\" content=\"article\" \/>\n<meta property=\"og:title\" content=\"SERVO DRIVE 9400 - 0,37kW 400V - E94ASHE0024A22NNNN-NNNNNNNNNN - SINGLE - SM0 - M22 - LENZE - Loja Motion Up\" \/>\n<meta property=\"og:description\" content=\"SERVO DRIVE 9400 &#8211; 0,37kW 400V &#8211; E94ASHE0024A22 &#8211; SINGLE &#8211; SM0 &#8211; M22 &#8211; LENZE (*IMAGEM ILUSTRATIVA*) Consulte um vendedor e solicite um or\u00e7amento vendas@motionup.com.br motionup@motionup.com.br \u2014\u2014\u2014\u2014\u2014\u2014\u2014\u2014\u2014\u2014\u2014\u2014\u2014\u2014\u2014\u2014\u2014\u2014\u2014\u2014 Tipo Servo Drive E94ASHE0024A22NNNN Vers\u00e3o Single Drive S\u00e9rie HighLine Tipo de montagem Com Dissipador Corrente de tipo 002 Corrente nominal de sa\u00edda 1,5 A Frequ\u00eancia de comuta\u00e7\u00e3o [&hellip;]\" \/>\n<meta property=\"og:url\" content=\"https:\/\/motionup.com.br\/site\/produto\/servo-drive-9400-037kw-400v-e94ashe0024a22nnnn-nnnnnnnnnn-single-sm0-m22-lenze\/\" \/>\n<meta property=\"og:site_name\" content=\"Loja Motion Up\" \/>\n<meta property=\"article:publisher\" content=\"https:\/\/m.facebook.com\/fp3motionup\/about\/\" \/>\n<meta property=\"article:modified_time\" content=\"2022-11-09T12:56:23+00:00\" \/>\n<meta property=\"og:image\" content=\"https:\/\/motionup.com.br\/site\/wp-content\/uploads\/2021\/04\/IMG_0769-1.jpg\" \/>\n\t<meta property=\"og:image:width\" content=\"1000\" \/>\n\t<meta property=\"og:image:height\" content=\"751\" \/>\n\t<meta property=\"og:image:type\" content=\"image\/jpeg\" \/>\n<meta name=\"twitter:card\" content=\"summary_large_image\" \/>\n<meta name=\"twitter:label1\" content=\"Est. tempo de leitura\" \/>\n\t<meta name=\"twitter:data1\" content=\"1 minuto\" \/>\n<script type=\"application\/ld+json\" class=\"yoast-schema-graph\">{\"@context\":\"https:\/\/schema.org\",\"@graph\":[{\"@type\":\"WebPage\",\"@id\":\"https:\/\/motionup.com.br\/site\/produto\/servo-drive-9400-037kw-400v-e94ashe0024a22nnnn-nnnnnnnnnn-single-sm0-m22-lenze\/\",\"url\":\"https:\/\/motionup.com.br\/site\/produto\/servo-drive-9400-037kw-400v-e94ashe0024a22nnnn-nnnnnnnnnn-single-sm0-m22-lenze\/\",\"name\":\"SERVO DRIVE 9400 - 0,37kW 400V - E94ASHE0024A22NNNN-NNNNNNNNNN - SINGLE - SM0 - M22 - LENZE - Loja Motion Up\",\"isPartOf\":{\"@id\":\"https:\/\/motionup.com.br\/site\/#website\"},\"primaryImageOfPage\":{\"@id\":\"https:\/\/motionup.com.br\/site\/produto\/servo-drive-9400-037kw-400v-e94ashe0024a22nnnn-nnnnnnnnnn-single-sm0-m22-lenze\/#primaryimage\"},\"image\":{\"@id\":\"https:\/\/motionup.com.br\/site\/produto\/servo-drive-9400-037kw-400v-e94ashe0024a22nnnn-nnnnnnnnnn-single-sm0-m22-lenze\/#primaryimage\"},\"thumbnailUrl\":\"https:\/\/motionup.com.br\/site\/wp-content\/uploads\/2021\/04\/IMG_0769-1.jpg\",\"datePublished\":\"2022-11-09T12:54:35+00:00\",\"dateModified\":\"2022-11-09T12:56:23+00:00\",\"breadcrumb\":{\"@id\":\"https:\/\/motionup.com.br\/site\/produto\/servo-drive-9400-037kw-400v-e94ashe0024a22nnnn-nnnnnnnnnn-single-sm0-m22-lenze\/#breadcrumb\"},\"inLanguage\":\"pt-BR\",\"potentialAction\":[{\"@type\":\"ReadAction\",\"target\":[\"https:\/\/motionup.com.br\/site\/produto\/servo-drive-9400-037kw-400v-e94ashe0024a22nnnn-nnnnnnnnnn-single-sm0-m22-lenze\/\"]}]},{\"@type\":\"ImageObject\",\"inLanguage\":\"pt-BR\",\"@id\":\"https:\/\/motionup.com.br\/site\/produto\/servo-drive-9400-037kw-400v-e94ashe0024a22nnnn-nnnnnnnnnn-single-sm0-m22-lenze\/#primaryimage\",\"url\":\"https:\/\/motionup.com.br\/site\/wp-content\/uploads\/2021\/04\/IMG_0769-1.jpg\",\"contentUrl\":\"https:\/\/motionup.com.br\/site\/wp-content\/uploads\/2021\/04\/IMG_0769-1.jpg\",\"width\":1000,\"height\":751},{\"@type\":\"BreadcrumbList\",\"@id\":\"https:\/\/motionup.com.br\/site\/produto\/servo-drive-9400-037kw-400v-e94ashe0024a22nnnn-nnnnnnnnnn-single-sm0-m22-lenze\/#breadcrumb\",\"itemListElement\":[{\"@type\":\"ListItem\",\"position\":1,\"name\":\"In\u00edcio\",\"item\":\"https:\/\/motionup.com.br\/site\/\"},{\"@type\":\"ListItem\",\"position\":2,\"name\":\"Produtos\",\"item\":\"https:\/\/motionup.com.br\/site\/produtos\/\"},{\"@type\":\"ListItem\",\"position\":3,\"name\":\"SERVO DRIVE 9400 &#8211; 0,37kW 400V &#8211; E94ASHE0024A22NNNN-NNNNNNNNNN &#8211; SINGLE &#8211; SM0 &#8211; M22 &#8211; LENZE\"}]},{\"@type\":\"WebSite\",\"@id\":\"https:\/\/motionup.com.br\/site\/#website\",\"url\":\"https:\/\/motionup.com.br\/site\/\",\"name\":\"Motion Up\",\"description\":\"E-commerce Motion Up - Automa\u00e7\u00e3o Industrial\",\"publisher\":{\"@id\":\"https:\/\/motionup.com.br\/site\/#organization\"},\"potentialAction\":[{\"@type\":\"SearchAction\",\"target\":{\"@type\":\"EntryPoint\",\"urlTemplate\":\"https:\/\/motionup.com.br\/site\/?s={search_term_string}\"},\"query-input\":{\"@type\":\"PropertyValueSpecification\",\"valueRequired\":true,\"valueName\":\"search_term_string\"}}],\"inLanguage\":\"pt-BR\"},{\"@type\":\"Organization\",\"@id\":\"https:\/\/motionup.com.br\/site\/#organization\",\"name\":\"Motion Up\",\"url\":\"https:\/\/motionup.com.br\/site\/\",\"logo\":{\"@type\":\"ImageObject\",\"inLanguage\":\"pt-BR\",\"@id\":\"https:\/\/motionup.com.br\/site\/#\/schema\/logo\/image\/\",\"url\":\"https:\/\/motionup.com.br\/site\/wp-content\/uploads\/2025\/05\/MOTIONUP.png\",\"contentUrl\":\"https:\/\/motionup.com.br\/site\/wp-content\/uploads\/2025\/05\/MOTIONUP.png\",\"width\":1200,\"height\":601,\"caption\":\"Motion Up\"},\"image\":{\"@id\":\"https:\/\/motionup.com.br\/site\/#\/schema\/logo\/image\/\"},\"sameAs\":[\"https:\/\/m.facebook.com\/fp3motionup\/about\/\",\"https:\/\/br.linkedin.com\/company\/fpn-controle-e-automao-industrial-ltda\"]}]}<\/script>\n<!-- \/ Yoast SEO plugin. -->","yoast_head_json":{"title":"SERVO DRIVE 9400 - 0,37kW 400V - E94ASHE0024A22NNNN-NNNNNNNNNN - SINGLE - SM0 - M22 - LENZE - Loja Motion Up","robots":{"index":"index","follow":"follow","max-snippet":"max-snippet:-1","max-image-preview":"max-image-preview:large","max-video-preview":"max-video-preview:-1"},"canonical":"https:\/\/motionup.com.br\/site\/produto\/servo-drive-9400-037kw-400v-e94ashe0024a22nnnn-nnnnnnnnnn-single-sm0-m22-lenze\/","og_locale":"pt_BR","og_type":"article","og_title":"SERVO DRIVE 9400 - 0,37kW 400V - E94ASHE0024A22NNNN-NNNNNNNNNN - SINGLE - SM0 - M22 - LENZE - Loja Motion Up","og_description":"SERVO DRIVE 9400 &#8211; 0,37kW 400V &#8211; E94ASHE0024A22 &#8211; SINGLE &#8211; SM0 &#8211; M22 &#8211; LENZE (*IMAGEM ILUSTRATIVA*) Consulte um vendedor e solicite um or\u00e7amento vendas@motionup.com.br motionup@motionup.com.br \u2014\u2014\u2014\u2014\u2014\u2014\u2014\u2014\u2014\u2014\u2014\u2014\u2014\u2014\u2014\u2014\u2014\u2014\u2014\u2014 Tipo Servo Drive E94ASHE0024A22NNNN Vers\u00e3o Single Drive S\u00e9rie HighLine Tipo de montagem Com Dissipador Corrente de tipo 002 Corrente nominal de sa\u00edda 1,5 A Frequ\u00eancia de comuta\u00e7\u00e3o [&hellip;]","og_url":"https:\/\/motionup.com.br\/site\/produto\/servo-drive-9400-037kw-400v-e94ashe0024a22nnnn-nnnnnnnnnn-single-sm0-m22-lenze\/","og_site_name":"Loja Motion Up","article_publisher":"https:\/\/m.facebook.com\/fp3motionup\/about\/","article_modified_time":"2022-11-09T12:56:23+00:00","og_image":[{"width":1000,"height":751,"url":"https:\/\/motionup.com.br\/site\/wp-content\/uploads\/2021\/04\/IMG_0769-1.jpg","type":"image\/jpeg"}],"twitter_card":"summary_large_image","twitter_misc":{"Est. tempo de leitura":"1 minuto"},"schema":{"@context":"https:\/\/schema.org","@graph":[{"@type":"WebPage","@id":"https:\/\/motionup.com.br\/site\/produto\/servo-drive-9400-037kw-400v-e94ashe0024a22nnnn-nnnnnnnnnn-single-sm0-m22-lenze\/","url":"https:\/\/motionup.com.br\/site\/produto\/servo-drive-9400-037kw-400v-e94ashe0024a22nnnn-nnnnnnnnnn-single-sm0-m22-lenze\/","name":"SERVO DRIVE 9400 - 0,37kW 400V - E94ASHE0024A22NNNN-NNNNNNNNNN - SINGLE - SM0 - M22 - LENZE - Loja Motion Up","isPartOf":{"@id":"https:\/\/motionup.com.br\/site\/#website"},"primaryImageOfPage":{"@id":"https:\/\/motionup.com.br\/site\/produto\/servo-drive-9400-037kw-400v-e94ashe0024a22nnnn-nnnnnnnnnn-single-sm0-m22-lenze\/#primaryimage"},"image":{"@id":"https:\/\/motionup.com.br\/site\/produto\/servo-drive-9400-037kw-400v-e94ashe0024a22nnnn-nnnnnnnnnn-single-sm0-m22-lenze\/#primaryimage"},"thumbnailUrl":"https:\/\/motionup.com.br\/site\/wp-content\/uploads\/2021\/04\/IMG_0769-1.jpg","datePublished":"2022-11-09T12:54:35+00:00","dateModified":"2022-11-09T12:56:23+00:00","breadcrumb":{"@id":"https:\/\/motionup.com.br\/site\/produto\/servo-drive-9400-037kw-400v-e94ashe0024a22nnnn-nnnnnnnnnn-single-sm0-m22-lenze\/#breadcrumb"},"inLanguage":"pt-BR","potentialAction":[{"@type":"ReadAction","target":["https:\/\/motionup.com.br\/site\/produto\/servo-drive-9400-037kw-400v-e94ashe0024a22nnnn-nnnnnnnnnn-single-sm0-m22-lenze\/"]}]},{"@type":"ImageObject","inLanguage":"pt-BR","@id":"https:\/\/motionup.com.br\/site\/produto\/servo-drive-9400-037kw-400v-e94ashe0024a22nnnn-nnnnnnnnnn-single-sm0-m22-lenze\/#primaryimage","url":"https:\/\/motionup.com.br\/site\/wp-content\/uploads\/2021\/04\/IMG_0769-1.jpg","contentUrl":"https:\/\/motionup.com.br\/site\/wp-content\/uploads\/2021\/04\/IMG_0769-1.jpg","width":1000,"height":751},{"@type":"BreadcrumbList","@id":"https:\/\/motionup.com.br\/site\/produto\/servo-drive-9400-037kw-400v-e94ashe0024a22nnnn-nnnnnnnnnn-single-sm0-m22-lenze\/#breadcrumb","itemListElement":[{"@type":"ListItem","position":1,"name":"In\u00edcio","item":"https:\/\/motionup.com.br\/site\/"},{"@type":"ListItem","position":2,"name":"Produtos","item":"https:\/\/motionup.com.br\/site\/produtos\/"},{"@type":"ListItem","position":3,"name":"SERVO DRIVE 9400 &#8211; 0,37kW 400V &#8211; E94ASHE0024A22NNNN-NNNNNNNNNN &#8211; SINGLE &#8211; SM0 &#8211; M22 &#8211; LENZE"}]},{"@type":"WebSite","@id":"https:\/\/motionup.com.br\/site\/#website","url":"https:\/\/motionup.com.br\/site\/","name":"Motion Up","description":"E-commerce Motion Up - Automa\u00e7\u00e3o Industrial","publisher":{"@id":"https:\/\/motionup.com.br\/site\/#organization"},"potentialAction":[{"@type":"SearchAction","target":{"@type":"EntryPoint","urlTemplate":"https:\/\/motionup.com.br\/site\/?s={search_term_string}"},"query-input":{"@type":"PropertyValueSpecification","valueRequired":true,"valueName":"search_term_string"}}],"inLanguage":"pt-BR"},{"@type":"Organization","@id":"https:\/\/motionup.com.br\/site\/#organization","name":"Motion Up","url":"https:\/\/motionup.com.br\/site\/","logo":{"@type":"ImageObject","inLanguage":"pt-BR","@id":"https:\/\/motionup.com.br\/site\/#\/schema\/logo\/image\/","url":"https:\/\/motionup.com.br\/site\/wp-content\/uploads\/2025\/05\/MOTIONUP.png","contentUrl":"https:\/\/motionup.com.br\/site\/wp-content\/uploads\/2025\/05\/MOTIONUP.png","width":1200,"height":601,"caption":"Motion Up"},"image":{"@id":"https:\/\/motionup.com.br\/site\/#\/schema\/logo\/image\/"},"sameAs":["https:\/\/m.facebook.com\/fp3motionup\/about\/","https:\/\/br.linkedin.com\/company\/fpn-controle-e-automao-industrial-ltda"]}]}},"_links":{"self":[{"href":"https:\/\/motionup.com.br\/site\/wp-json\/wp\/v2\/product\/5729","targetHints":{"allow":["GET"]}}],"collection":[{"href":"https:\/\/motionup.com.br\/site\/wp-json\/wp\/v2\/product"}],"about":[{"href":"https:\/\/motionup.com.br\/site\/wp-json\/wp\/v2\/types\/product"}],"wp:featuredmedia":[{"embeddable":true,"href":"https:\/\/motionup.com.br\/site\/wp-json\/wp\/v2\/media\/2861"}],"wp:attachment":[{"href":"https:\/\/motionup.com.br\/site\/wp-json\/wp\/v2\/media?parent=5729"}],"wp:term":[{"taxonomy":"product_brand","embeddable":true,"href":"https:\/\/motionup.com.br\/site\/wp-json\/wp\/v2\/product_brand?post=5729"},{"taxonomy":"product_cat","embeddable":true,"href":"https:\/\/motionup.com.br\/site\/wp-json\/wp\/v2\/product_cat?post=5729"},{"taxonomy":"product_tag","embeddable":true,"href":"https:\/\/motionup.com.br\/site\/wp-json\/wp\/v2\/product_tag?post=5729"}],"curies":[{"name":"wp","href":"https:\/\/api.w.org\/{rel}","templated":true}]}}