{"id":6247,"date":"2022-11-21T13:21:44","date_gmt":"2022-11-21T16:21:44","guid":{"rendered":"https:\/\/motionup.com.br\/site\/?post_type=product&#038;p=6247"},"modified":"2022-11-21T13:21:44","modified_gmt":"2022-11-21T16:21:44","slug":"inversor-de-frequencia-8400-motec-075kw-400v-e84dgdvb75142ps-standard-i-o-lenze","status":"publish","type":"product","link":"https:\/\/motionup.com.br\/site\/produto\/inversor-de-frequencia-8400-motec-075kw-400v-e84dgdvb75142ps-standard-i-o-lenze\/","title":{"rendered":"INVERSOR DE FREQUENCIA 8400 MOTEC &#8211; 0,75kW 400V &#8211; E84DGDVB75142PS &#8211; STANDARD I\/O &#8211; LENZE"},"content":{"rendered":"<p>INVERSOR DE FREQUENCIA 8400 MOTEC &#8211; 0,75kW 400V &#8211; E84DGDVB75142PS &#8211; STANDARD I\/O &#8211; LENZE (*IMAGEM ILUSTRATIVA*)<\/p>\n<p>Consulte um vendedor e solicite um or\u00e7amento<\/p>\n<p>vendas@motionup.com.br<\/p>\n<p>motionup@motionup.com.br<br \/>\n\u2014\u2014\u2014\u2014\u2014\u2014\u2014\u2014\u2014\u2014\u2014\u2014\u2014\u2014\u2014\u2014\u2014\u2014\u2014\u2014<\/p>\n<p>Grau de prote\u00e7\u00e3o IP54<br \/>\nTipo Drive Unit E84DGDVB75142PS<br \/>\nPot\u00eancia Nominal do motor 0,75 KW<br \/>\nTens\u00e3o de rede nominal 3\/PE AC 400\/480 V 50\/60 Hz<br \/>\nCorrente nominal de sa\u00edda 2,4 A<br \/>\nM\u00f3dulo de mem\u00f3ria Padr\u00e3o<br \/>\nTipo Communication Unit E84DGFCRAJPX037<br \/>\nM\u00f3dulo de comunica\u00e7\u00e3o PROFINET<br \/>\nTecnologia liga\u00e7\u00e3o Comunica\u00e7\u00e3o Bus: M12 + Input 2xM12<br \/>\nPos. unidades de comunic. A1-4: esquerda (standard)<br \/>\nComunica\u00e7\u00e3o A1 LED<br \/>\nConex\u00e3o A1 LED<br \/>\nComunica\u00e7\u00e3o A2 PROFINET Port 1<br \/>\nConex\u00e3o A2 M12-D (5 polos) bucha<br \/>\nOcupa\u00e7\u00e3o de pinos A2 1 2 3 4<br \/>\nRota\u00e7\u00e3o do term. macho cil. A2 45\u00b0<br \/>\nComunica\u00e7\u00e3o A3 xxx<br \/>\nConex\u00e3o A3 M12-D (5 polos) bucha<br \/>\nRota\u00e7\u00e3o do term. macho cil. A3 45\u00b0<br \/>\nOcupa\u00e7\u00e3o de pinos A3 1 2 3 4<br \/>\nComunica\u00e7\u00e3o A4 DIGITAL IN<br \/>\nConex\u00e3o A4 M12-A (5 polos) bucha<br \/>\nOcupa\u00e7\u00e3o de pinos A4 1 2 3 4<br \/>\nRota\u00e7\u00e3o do term. macho cil. A4 270\u00b0<br \/>\nComunica\u00e7\u00e3o B3 DIGITAL IN<br \/>\nConex\u00e3o B3 M12-A (5 polos) bucha<br \/>\nOcupa\u00e7\u00e3o de pinos B3 1 2 3 4<br \/>\nRota\u00e7\u00e3o do term. macho cil. B3 0\u00b0<br \/>\nTipo Frame Unit E84DGS3KCKCND<br \/>\nVers\u00e3o mec. Frame Unit Tipo 3: Fieldpackage<br \/>\nPos. Frame Unit Dissipador de calor em cima<br \/>\nLiga\u00e7\u00e3o \u00e0 rede 2x conector h\u00edbrido Q4\/2<br \/>\nConex\u00e3o do motor X21: Q8<br \/>\nResist\u00eancia de frenagem Resist. frenagem intern.<br \/>\nCELXXX_WIDERST_WERT 220 Ohm<br \/>\nInterruptor Interruptor rede c\/fun\u00e7\u00e3o prot<\/p>\n","protected":false},"excerpt":{"rendered":"<p>INVERSOR DE FREQUENCIA 8400 MOTEC &#8211; 0,75kW 400V &#8211; E84DGDVB75142PS &#8211; STANDARD I\/O &#8211; LENZE (*IMAGEM ILUSTRATIVA*) Consulte um vendedor e solicite um or\u00e7amento vendas@motionup.com.br motionup@motionup.com.br \u2014\u2014\u2014\u2014\u2014\u2014\u2014\u2014\u2014\u2014\u2014\u2014\u2014\u2014\u2014\u2014\u2014\u2014\u2014\u2014 Grau de prote\u00e7\u00e3o IP54 Tipo Drive Unit E84DGDVB75142PS Pot\u00eancia Nominal do motor 0,75 KW Tens\u00e3o de rede nominal 3\/PE AC 400\/480 V 50\/60 Hz Corrente nominal de sa\u00edda [&hellip;]<\/p>\n","protected":false},"featured_media":6242,"template":"","meta":[],"product_brand":[],"product_cat":[355,365,606],"product_tag":[287,164,279],"class_list":{"0":"post-6247","1":"product","2":"type-product","3":"status-publish","4":"has-post-thumbnail","6":"product_cat-lenze","7":"product_cat-inversor-de-frequencia-8400","8":"product_cat-motec","9":"product_tag-inversor-8400","10":"product_tag-lenze","11":"product_tag-motec","13":"first","14":"onbackorder","15":"shipping-taxable","16":"product-type-simple"},"yoast_head":"<!-- This site is optimized with the Yoast SEO plugin v26.3 - https:\/\/yoast.com\/wordpress\/plugins\/seo\/ -->\n<title>INVERSOR DE FREQUENCIA 8400 MOTEC - 0,75kW 400V - E84DGDVB75142PS - STANDARD I\/O - LENZE - Loja Motion Up<\/title>\n<meta name=\"robots\" content=\"index, follow, max-snippet:-1, max-image-preview:large, max-video-preview:-1\" \/>\n<link rel=\"canonical\" href=\"https:\/\/motionup.com.br\/site\/produto\/inversor-de-frequencia-8400-motec-075kw-400v-e84dgdvb75142ps-standard-i-o-lenze\/\" \/>\n<meta property=\"og:locale\" content=\"pt_BR\" \/>\n<meta property=\"og:type\" content=\"article\" \/>\n<meta property=\"og:title\" content=\"INVERSOR DE FREQUENCIA 8400 MOTEC - 0,75kW 400V - E84DGDVB75142PS - STANDARD I\/O - LENZE - Loja Motion Up\" \/>\n<meta property=\"og:description\" content=\"INVERSOR DE FREQUENCIA 8400 MOTEC &#8211; 0,75kW 400V &#8211; E84DGDVB75142PS &#8211; STANDARD I\/O &#8211; LENZE (*IMAGEM ILUSTRATIVA*) Consulte um vendedor e solicite um or\u00e7amento vendas@motionup.com.br motionup@motionup.com.br \u2014\u2014\u2014\u2014\u2014\u2014\u2014\u2014\u2014\u2014\u2014\u2014\u2014\u2014\u2014\u2014\u2014\u2014\u2014\u2014 Grau de prote\u00e7\u00e3o IP54 Tipo Drive Unit E84DGDVB75142PS Pot\u00eancia Nominal do motor 0,75 KW Tens\u00e3o de rede nominal 3\/PE AC 400\/480 V 50\/60 Hz Corrente nominal de sa\u00edda [&hellip;]\" \/>\n<meta property=\"og:url\" content=\"https:\/\/motionup.com.br\/site\/produto\/inversor-de-frequencia-8400-motec-075kw-400v-e84dgdvb75142ps-standard-i-o-lenze\/\" \/>\n<meta property=\"og:site_name\" content=\"Loja Motion Up\" \/>\n<meta property=\"article:publisher\" content=\"https:\/\/m.facebook.com\/fp3motionup\/about\/\" \/>\n<meta property=\"og:image\" content=\"https:\/\/motionup.com.br\/site\/wp-content\/uploads\/2022\/11\/E84DVBM5514SSNN2P1.png\" \/>\n\t<meta property=\"og:image:width\" content=\"1000\" \/>\n\t<meta property=\"og:image:height\" content=\"1000\" \/>\n\t<meta property=\"og:image:type\" content=\"image\/png\" \/>\n<meta name=\"twitter:card\" content=\"summary_large_image\" \/>\n<meta name=\"twitter:label1\" content=\"Est. tempo de leitura\" \/>\n\t<meta name=\"twitter:data1\" content=\"1 minuto\" \/>\n<script type=\"application\/ld+json\" class=\"yoast-schema-graph\">{\"@context\":\"https:\/\/schema.org\",\"@graph\":[{\"@type\":\"WebPage\",\"@id\":\"https:\/\/motionup.com.br\/site\/produto\/inversor-de-frequencia-8400-motec-075kw-400v-e84dgdvb75142ps-standard-i-o-lenze\/\",\"url\":\"https:\/\/motionup.com.br\/site\/produto\/inversor-de-frequencia-8400-motec-075kw-400v-e84dgdvb75142ps-standard-i-o-lenze\/\",\"name\":\"INVERSOR DE FREQUENCIA 8400 MOTEC - 0,75kW 400V - E84DGDVB75142PS - STANDARD I\/O - LENZE - Loja Motion Up\",\"isPartOf\":{\"@id\":\"https:\/\/motionup.com.br\/site\/#website\"},\"primaryImageOfPage\":{\"@id\":\"https:\/\/motionup.com.br\/site\/produto\/inversor-de-frequencia-8400-motec-075kw-400v-e84dgdvb75142ps-standard-i-o-lenze\/#primaryimage\"},\"image\":{\"@id\":\"https:\/\/motionup.com.br\/site\/produto\/inversor-de-frequencia-8400-motec-075kw-400v-e84dgdvb75142ps-standard-i-o-lenze\/#primaryimage\"},\"thumbnailUrl\":\"https:\/\/motionup.com.br\/site\/wp-content\/uploads\/2022\/11\/E84DVBM5514SSNN2P1.png\",\"datePublished\":\"2022-11-21T16:21:44+00:00\",\"breadcrumb\":{\"@id\":\"https:\/\/motionup.com.br\/site\/produto\/inversor-de-frequencia-8400-motec-075kw-400v-e84dgdvb75142ps-standard-i-o-lenze\/#breadcrumb\"},\"inLanguage\":\"pt-BR\",\"potentialAction\":[{\"@type\":\"ReadAction\",\"target\":[\"https:\/\/motionup.com.br\/site\/produto\/inversor-de-frequencia-8400-motec-075kw-400v-e84dgdvb75142ps-standard-i-o-lenze\/\"]}]},{\"@type\":\"ImageObject\",\"inLanguage\":\"pt-BR\",\"@id\":\"https:\/\/motionup.com.br\/site\/produto\/inversor-de-frequencia-8400-motec-075kw-400v-e84dgdvb75142ps-standard-i-o-lenze\/#primaryimage\",\"url\":\"https:\/\/motionup.com.br\/site\/wp-content\/uploads\/2022\/11\/E84DVBM5514SSNN2P1.png\",\"contentUrl\":\"https:\/\/motionup.com.br\/site\/wp-content\/uploads\/2022\/11\/E84DVBM5514SSNN2P1.png\",\"width\":1000,\"height\":1000},{\"@type\":\"BreadcrumbList\",\"@id\":\"https:\/\/motionup.com.br\/site\/produto\/inversor-de-frequencia-8400-motec-075kw-400v-e84dgdvb75142ps-standard-i-o-lenze\/#breadcrumb\",\"itemListElement\":[{\"@type\":\"ListItem\",\"position\":1,\"name\":\"In\u00edcio\",\"item\":\"https:\/\/motionup.com.br\/site\/\"},{\"@type\":\"ListItem\",\"position\":2,\"name\":\"Produtos\",\"item\":\"https:\/\/motionup.com.br\/site\/produtos\/\"},{\"@type\":\"ListItem\",\"position\":3,\"name\":\"INVERSOR DE FREQUENCIA 8400 MOTEC &#8211; 0,75kW 400V &#8211; E84DGDVB75142PS &#8211; STANDARD I\/O &#8211; LENZE\"}]},{\"@type\":\"WebSite\",\"@id\":\"https:\/\/motionup.com.br\/site\/#website\",\"url\":\"https:\/\/motionup.com.br\/site\/\",\"name\":\"Motion Up\",\"description\":\"E-commerce Motion Up - Automa\u00e7\u00e3o Industrial\",\"publisher\":{\"@id\":\"https:\/\/motionup.com.br\/site\/#organization\"},\"potentialAction\":[{\"@type\":\"SearchAction\",\"target\":{\"@type\":\"EntryPoint\",\"urlTemplate\":\"https:\/\/motionup.com.br\/site\/?s={search_term_string}\"},\"query-input\":{\"@type\":\"PropertyValueSpecification\",\"valueRequired\":true,\"valueName\":\"search_term_string\"}}],\"inLanguage\":\"pt-BR\"},{\"@type\":\"Organization\",\"@id\":\"https:\/\/motionup.com.br\/site\/#organization\",\"name\":\"Motion Up\",\"url\":\"https:\/\/motionup.com.br\/site\/\",\"logo\":{\"@type\":\"ImageObject\",\"inLanguage\":\"pt-BR\",\"@id\":\"https:\/\/motionup.com.br\/site\/#\/schema\/logo\/image\/\",\"url\":\"https:\/\/motionup.com.br\/site\/wp-content\/uploads\/2025\/05\/MOTIONUP.png\",\"contentUrl\":\"https:\/\/motionup.com.br\/site\/wp-content\/uploads\/2025\/05\/MOTIONUP.png\",\"width\":1200,\"height\":601,\"caption\":\"Motion Up\"},\"image\":{\"@id\":\"https:\/\/motionup.com.br\/site\/#\/schema\/logo\/image\/\"},\"sameAs\":[\"https:\/\/m.facebook.com\/fp3motionup\/about\/\",\"https:\/\/br.linkedin.com\/company\/fpn-controle-e-automao-industrial-ltda\"]}]}<\/script>\n<!-- \/ Yoast SEO plugin. -->","yoast_head_json":{"title":"INVERSOR DE FREQUENCIA 8400 MOTEC - 0,75kW 400V - E84DGDVB75142PS - STANDARD I\/O - LENZE - Loja Motion Up","robots":{"index":"index","follow":"follow","max-snippet":"max-snippet:-1","max-image-preview":"max-image-preview:large","max-video-preview":"max-video-preview:-1"},"canonical":"https:\/\/motionup.com.br\/site\/produto\/inversor-de-frequencia-8400-motec-075kw-400v-e84dgdvb75142ps-standard-i-o-lenze\/","og_locale":"pt_BR","og_type":"article","og_title":"INVERSOR DE FREQUENCIA 8400 MOTEC - 0,75kW 400V - E84DGDVB75142PS - STANDARD I\/O - LENZE - Loja Motion Up","og_description":"INVERSOR DE FREQUENCIA 8400 MOTEC &#8211; 0,75kW 400V &#8211; E84DGDVB75142PS &#8211; STANDARD I\/O &#8211; LENZE (*IMAGEM ILUSTRATIVA*) Consulte um vendedor e solicite um or\u00e7amento vendas@motionup.com.br motionup@motionup.com.br \u2014\u2014\u2014\u2014\u2014\u2014\u2014\u2014\u2014\u2014\u2014\u2014\u2014\u2014\u2014\u2014\u2014\u2014\u2014\u2014 Grau de prote\u00e7\u00e3o IP54 Tipo Drive Unit E84DGDVB75142PS Pot\u00eancia Nominal do motor 0,75 KW Tens\u00e3o de rede nominal 3\/PE AC 400\/480 V 50\/60 Hz Corrente nominal de sa\u00edda [&hellip;]","og_url":"https:\/\/motionup.com.br\/site\/produto\/inversor-de-frequencia-8400-motec-075kw-400v-e84dgdvb75142ps-standard-i-o-lenze\/","og_site_name":"Loja Motion Up","article_publisher":"https:\/\/m.facebook.com\/fp3motionup\/about\/","og_image":[{"width":1000,"height":1000,"url":"https:\/\/motionup.com.br\/site\/wp-content\/uploads\/2022\/11\/E84DVBM5514SSNN2P1.png","type":"image\/png"}],"twitter_card":"summary_large_image","twitter_misc":{"Est. tempo de leitura":"1 minuto"},"schema":{"@context":"https:\/\/schema.org","@graph":[{"@type":"WebPage","@id":"https:\/\/motionup.com.br\/site\/produto\/inversor-de-frequencia-8400-motec-075kw-400v-e84dgdvb75142ps-standard-i-o-lenze\/","url":"https:\/\/motionup.com.br\/site\/produto\/inversor-de-frequencia-8400-motec-075kw-400v-e84dgdvb75142ps-standard-i-o-lenze\/","name":"INVERSOR DE FREQUENCIA 8400 MOTEC - 0,75kW 400V - E84DGDVB75142PS - STANDARD I\/O - LENZE - Loja Motion Up","isPartOf":{"@id":"https:\/\/motionup.com.br\/site\/#website"},"primaryImageOfPage":{"@id":"https:\/\/motionup.com.br\/site\/produto\/inversor-de-frequencia-8400-motec-075kw-400v-e84dgdvb75142ps-standard-i-o-lenze\/#primaryimage"},"image":{"@id":"https:\/\/motionup.com.br\/site\/produto\/inversor-de-frequencia-8400-motec-075kw-400v-e84dgdvb75142ps-standard-i-o-lenze\/#primaryimage"},"thumbnailUrl":"https:\/\/motionup.com.br\/site\/wp-content\/uploads\/2022\/11\/E84DVBM5514SSNN2P1.png","datePublished":"2022-11-21T16:21:44+00:00","breadcrumb":{"@id":"https:\/\/motionup.com.br\/site\/produto\/inversor-de-frequencia-8400-motec-075kw-400v-e84dgdvb75142ps-standard-i-o-lenze\/#breadcrumb"},"inLanguage":"pt-BR","potentialAction":[{"@type":"ReadAction","target":["https:\/\/motionup.com.br\/site\/produto\/inversor-de-frequencia-8400-motec-075kw-400v-e84dgdvb75142ps-standard-i-o-lenze\/"]}]},{"@type":"ImageObject","inLanguage":"pt-BR","@id":"https:\/\/motionup.com.br\/site\/produto\/inversor-de-frequencia-8400-motec-075kw-400v-e84dgdvb75142ps-standard-i-o-lenze\/#primaryimage","url":"https:\/\/motionup.com.br\/site\/wp-content\/uploads\/2022\/11\/E84DVBM5514SSNN2P1.png","contentUrl":"https:\/\/motionup.com.br\/site\/wp-content\/uploads\/2022\/11\/E84DVBM5514SSNN2P1.png","width":1000,"height":1000},{"@type":"BreadcrumbList","@id":"https:\/\/motionup.com.br\/site\/produto\/inversor-de-frequencia-8400-motec-075kw-400v-e84dgdvb75142ps-standard-i-o-lenze\/#breadcrumb","itemListElement":[{"@type":"ListItem","position":1,"name":"In\u00edcio","item":"https:\/\/motionup.com.br\/site\/"},{"@type":"ListItem","position":2,"name":"Produtos","item":"https:\/\/motionup.com.br\/site\/produtos\/"},{"@type":"ListItem","position":3,"name":"INVERSOR DE FREQUENCIA 8400 MOTEC &#8211; 0,75kW 400V &#8211; E84DGDVB75142PS &#8211; STANDARD I\/O &#8211; LENZE"}]},{"@type":"WebSite","@id":"https:\/\/motionup.com.br\/site\/#website","url":"https:\/\/motionup.com.br\/site\/","name":"Motion Up","description":"E-commerce Motion Up - Automa\u00e7\u00e3o Industrial","publisher":{"@id":"https:\/\/motionup.com.br\/site\/#organization"},"potentialAction":[{"@type":"SearchAction","target":{"@type":"EntryPoint","urlTemplate":"https:\/\/motionup.com.br\/site\/?s={search_term_string}"},"query-input":{"@type":"PropertyValueSpecification","valueRequired":true,"valueName":"search_term_string"}}],"inLanguage":"pt-BR"},{"@type":"Organization","@id":"https:\/\/motionup.com.br\/site\/#organization","name":"Motion Up","url":"https:\/\/motionup.com.br\/site\/","logo":{"@type":"ImageObject","inLanguage":"pt-BR","@id":"https:\/\/motionup.com.br\/site\/#\/schema\/logo\/image\/","url":"https:\/\/motionup.com.br\/site\/wp-content\/uploads\/2025\/05\/MOTIONUP.png","contentUrl":"https:\/\/motionup.com.br\/site\/wp-content\/uploads\/2025\/05\/MOTIONUP.png","width":1200,"height":601,"caption":"Motion Up"},"image":{"@id":"https:\/\/motionup.com.br\/site\/#\/schema\/logo\/image\/"},"sameAs":["https:\/\/m.facebook.com\/fp3motionup\/about\/","https:\/\/br.linkedin.com\/company\/fpn-controle-e-automao-industrial-ltda"]}]}},"_links":{"self":[{"href":"https:\/\/motionup.com.br\/site\/wp-json\/wp\/v2\/product\/6247","targetHints":{"allow":["GET"]}}],"collection":[{"href":"https:\/\/motionup.com.br\/site\/wp-json\/wp\/v2\/product"}],"about":[{"href":"https:\/\/motionup.com.br\/site\/wp-json\/wp\/v2\/types\/product"}],"wp:featuredmedia":[{"embeddable":true,"href":"https:\/\/motionup.com.br\/site\/wp-json\/wp\/v2\/media\/6242"}],"wp:attachment":[{"href":"https:\/\/motionup.com.br\/site\/wp-json\/wp\/v2\/media?parent=6247"}],"wp:term":[{"taxonomy":"product_brand","embeddable":true,"href":"https:\/\/motionup.com.br\/site\/wp-json\/wp\/v2\/product_brand?post=6247"},{"taxonomy":"product_cat","embeddable":true,"href":"https:\/\/motionup.com.br\/site\/wp-json\/wp\/v2\/product_cat?post=6247"},{"taxonomy":"product_tag","embeddable":true,"href":"https:\/\/motionup.com.br\/site\/wp-json\/wp\/v2\/product_tag?post=6247"}],"curies":[{"name":"wp","href":"https:\/\/api.w.org\/{rel}","templated":true}]}}