{"id":6476,"date":"2023-09-22T14:18:29","date_gmt":"2023-09-22T17:18:29","guid":{"rendered":"https:\/\/motionup.com.br\/site\/?post_type=product&#038;p=6476"},"modified":"2023-09-22T14:18:58","modified_gmt":"2023-09-22T17:18:58","slug":"dl2503-unidade-de-avaliacao-para-motorizacao-de-sinais-analogicos-normais-ifm","status":"publish","type":"product","link":"https:\/\/motionup.com.br\/site\/produto\/dl2503-unidade-de-avaliacao-para-motorizacao-de-sinais-analogicos-normais-ifm\/","title":{"rendered":"DL2503 &#8211; UNIDADE DE AVALIA\u00c7\u00c3O PARA MOTORIZA\u00c7\u00c3O DE SINAIS ANAL\u00d3GICOS NORMAIS &#8211; IFM"},"content":{"rendered":"<p>DL2503 &#8211; UNIDADE DE AVALIA\u00c7\u00c3O PARA MOTORIZA\u00c7\u00c3O DE SINAIS ANAL\u00d3GICOS NORMAIS &#8211; IFM<\/p>\n<p>Consulte um vendedor e solicite um or\u00e7amento<\/p>\n<p>vendas@motionup.com.br<\/p>\n<p>motionup@motionup.com.br<\/p>\n<hr \/>\n<ul>\n<li>Pata o monitoramento confi\u00e1vel de valores limite de fluxo, press\u00e3o, temperatura ou n\u00edvel<\/li>\n<li>Com duas entradas de corrente anal\u00f3gicas<\/li>\n<li>Dois valores limite monitor\u00e1veis com rel\u00e9s de sa\u00edda independentes<\/li>\n<li>Numerosas fun\u00e7\u00f5es de monitoramento parametriz\u00e1veis<\/li>\n<li>Display OLED autoiluminado e muito bem leg\u00edvel<\/li>\n<li><\/li>\n<\/ul>\n<p>&nbsp;<\/p>\n","protected":false},"excerpt":{"rendered":"<p>DL2503 &#8211; UNIDADE DE AVALIA\u00c7\u00c3O PARA MOTORIZA\u00c7\u00c3O DE SINAIS ANAL\u00d3GICOS NORMAIS &#8211; IFM Consulte um vendedor e solicite um or\u00e7amento vendas@motionup.com.br motionup@motionup.com.br Pata o monitoramento confi\u00e1vel de valores limite de fluxo, press\u00e3o, temperatura ou n\u00edvel Com duas entradas de corrente anal\u00f3gicas Dois valores limite monitor\u00e1veis com rel\u00e9s de sa\u00edda independentes Numerosas fun\u00e7\u00f5es de monitoramento parametriz\u00e1veis [&hellip;]<\/p>\n","protected":false},"featured_media":6477,"template":"","meta":[],"product_brand":[],"product_cat":[353,79],"product_tag":[],"class_list":{"0":"post-6476","1":"product","2":"type-product","3":"status-publish","4":"has-post-thumbnail","6":"product_cat-ifm","7":"product_cat-acessorios","9":"first","10":"onbackorder","11":"shipping-taxable","12":"product-type-simple"},"yoast_head":"<!-- This site is optimized with the Yoast SEO plugin v26.3 - https:\/\/yoast.com\/wordpress\/plugins\/seo\/ -->\n<title>DL2503 - UNIDADE DE AVALIA\u00c7\u00c3O PARA MOTORIZA\u00c7\u00c3O DE SINAIS ANAL\u00d3GICOS NORMAIS - IFM - Loja Motion Up<\/title>\n<meta name=\"robots\" content=\"index, follow, max-snippet:-1, max-image-preview:large, max-video-preview:-1\" \/>\n<link rel=\"canonical\" href=\"https:\/\/motionup.com.br\/site\/produto\/dl2503-unidade-de-avaliacao-para-motorizacao-de-sinais-analogicos-normais-ifm\/\" \/>\n<meta property=\"og:locale\" content=\"pt_BR\" \/>\n<meta property=\"og:type\" content=\"article\" \/>\n<meta property=\"og:title\" content=\"DL2503 - UNIDADE DE AVALIA\u00c7\u00c3O PARA MOTORIZA\u00c7\u00c3O DE SINAIS ANAL\u00d3GICOS NORMAIS - IFM - Loja Motion Up\" \/>\n<meta property=\"og:description\" content=\"DL2503 &#8211; UNIDADE DE AVALIA\u00c7\u00c3O PARA MOTORIZA\u00c7\u00c3O DE SINAIS ANAL\u00d3GICOS NORMAIS &#8211; IFM Consulte um vendedor e solicite um or\u00e7amento vendas@motionup.com.br motionup@motionup.com.br Pata o monitoramento confi\u00e1vel de valores limite de fluxo, press\u00e3o, temperatura ou n\u00edvel Com duas entradas de corrente anal\u00f3gicas Dois valores limite monitor\u00e1veis com rel\u00e9s de sa\u00edda independentes Numerosas fun\u00e7\u00f5es de monitoramento parametriz\u00e1veis [&hellip;]\" \/>\n<meta property=\"og:url\" content=\"https:\/\/motionup.com.br\/site\/produto\/dl2503-unidade-de-avaliacao-para-motorizacao-de-sinais-analogicos-normais-ifm\/\" \/>\n<meta property=\"og:site_name\" content=\"Loja Motion Up\" \/>\n<meta property=\"article:publisher\" content=\"https:\/\/m.facebook.com\/fp3motionup\/about\/\" \/>\n<meta property=\"article:modified_time\" content=\"2023-09-22T17:18:58+00:00\" \/>\n<meta property=\"og:image\" content=\"https:\/\/motionup.com.br\/site\/wp-content\/uploads\/2023\/09\/AC1154-13.jpg\" \/>\n\t<meta property=\"og:image:width\" content=\"600\" \/>\n\t<meta property=\"og:image:height\" content=\"600\" \/>\n\t<meta property=\"og:image:type\" content=\"image\/jpeg\" \/>\n<meta name=\"twitter:card\" content=\"summary_large_image\" \/>\n<script type=\"application\/ld+json\" class=\"yoast-schema-graph\">{\"@context\":\"https:\/\/schema.org\",\"@graph\":[{\"@type\":\"WebPage\",\"@id\":\"https:\/\/motionup.com.br\/site\/produto\/dl2503-unidade-de-avaliacao-para-motorizacao-de-sinais-analogicos-normais-ifm\/\",\"url\":\"https:\/\/motionup.com.br\/site\/produto\/dl2503-unidade-de-avaliacao-para-motorizacao-de-sinais-analogicos-normais-ifm\/\",\"name\":\"DL2503 - UNIDADE DE AVALIA\u00c7\u00c3O PARA MOTORIZA\u00c7\u00c3O DE SINAIS ANAL\u00d3GICOS NORMAIS - IFM - Loja Motion Up\",\"isPartOf\":{\"@id\":\"https:\/\/motionup.com.br\/site\/#website\"},\"primaryImageOfPage\":{\"@id\":\"https:\/\/motionup.com.br\/site\/produto\/dl2503-unidade-de-avaliacao-para-motorizacao-de-sinais-analogicos-normais-ifm\/#primaryimage\"},\"image\":{\"@id\":\"https:\/\/motionup.com.br\/site\/produto\/dl2503-unidade-de-avaliacao-para-motorizacao-de-sinais-analogicos-normais-ifm\/#primaryimage\"},\"thumbnailUrl\":\"https:\/\/motionup.com.br\/site\/wp-content\/uploads\/2023\/09\/AC1154-13.jpg\",\"datePublished\":\"2023-09-22T17:18:29+00:00\",\"dateModified\":\"2023-09-22T17:18:58+00:00\",\"breadcrumb\":{\"@id\":\"https:\/\/motionup.com.br\/site\/produto\/dl2503-unidade-de-avaliacao-para-motorizacao-de-sinais-analogicos-normais-ifm\/#breadcrumb\"},\"inLanguage\":\"pt-BR\",\"potentialAction\":[{\"@type\":\"ReadAction\",\"target\":[\"https:\/\/motionup.com.br\/site\/produto\/dl2503-unidade-de-avaliacao-para-motorizacao-de-sinais-analogicos-normais-ifm\/\"]}]},{\"@type\":\"ImageObject\",\"inLanguage\":\"pt-BR\",\"@id\":\"https:\/\/motionup.com.br\/site\/produto\/dl2503-unidade-de-avaliacao-para-motorizacao-de-sinais-analogicos-normais-ifm\/#primaryimage\",\"url\":\"https:\/\/motionup.com.br\/site\/wp-content\/uploads\/2023\/09\/AC1154-13.jpg\",\"contentUrl\":\"https:\/\/motionup.com.br\/site\/wp-content\/uploads\/2023\/09\/AC1154-13.jpg\",\"width\":600,\"height\":600},{\"@type\":\"BreadcrumbList\",\"@id\":\"https:\/\/motionup.com.br\/site\/produto\/dl2503-unidade-de-avaliacao-para-motorizacao-de-sinais-analogicos-normais-ifm\/#breadcrumb\",\"itemListElement\":[{\"@type\":\"ListItem\",\"position\":1,\"name\":\"In\u00edcio\",\"item\":\"https:\/\/motionup.com.br\/site\/\"},{\"@type\":\"ListItem\",\"position\":2,\"name\":\"Produtos\",\"item\":\"https:\/\/motionup.com.br\/site\/produtos\/\"},{\"@type\":\"ListItem\",\"position\":3,\"name\":\"DL2503 &#8211; UNIDADE DE AVALIA\u00c7\u00c3O PARA MOTORIZA\u00c7\u00c3O DE SINAIS ANAL\u00d3GICOS NORMAIS &#8211; IFM\"}]},{\"@type\":\"WebSite\",\"@id\":\"https:\/\/motionup.com.br\/site\/#website\",\"url\":\"https:\/\/motionup.com.br\/site\/\",\"name\":\"Motion Up\",\"description\":\"E-commerce Motion Up - Automa\u00e7\u00e3o Industrial\",\"publisher\":{\"@id\":\"https:\/\/motionup.com.br\/site\/#organization\"},\"potentialAction\":[{\"@type\":\"SearchAction\",\"target\":{\"@type\":\"EntryPoint\",\"urlTemplate\":\"https:\/\/motionup.com.br\/site\/?s={search_term_string}\"},\"query-input\":{\"@type\":\"PropertyValueSpecification\",\"valueRequired\":true,\"valueName\":\"search_term_string\"}}],\"inLanguage\":\"pt-BR\"},{\"@type\":\"Organization\",\"@id\":\"https:\/\/motionup.com.br\/site\/#organization\",\"name\":\"Motion Up\",\"url\":\"https:\/\/motionup.com.br\/site\/\",\"logo\":{\"@type\":\"ImageObject\",\"inLanguage\":\"pt-BR\",\"@id\":\"https:\/\/motionup.com.br\/site\/#\/schema\/logo\/image\/\",\"url\":\"https:\/\/motionup.com.br\/site\/wp-content\/uploads\/2025\/05\/MOTIONUP.png\",\"contentUrl\":\"https:\/\/motionup.com.br\/site\/wp-content\/uploads\/2025\/05\/MOTIONUP.png\",\"width\":1200,\"height\":601,\"caption\":\"Motion Up\"},\"image\":{\"@id\":\"https:\/\/motionup.com.br\/site\/#\/schema\/logo\/image\/\"},\"sameAs\":[\"https:\/\/m.facebook.com\/fp3motionup\/about\/\",\"https:\/\/br.linkedin.com\/company\/fpn-controle-e-automao-industrial-ltda\"]}]}<\/script>\n<!-- \/ Yoast SEO plugin. -->","yoast_head_json":{"title":"DL2503 - UNIDADE DE AVALIA\u00c7\u00c3O PARA MOTORIZA\u00c7\u00c3O DE SINAIS ANAL\u00d3GICOS NORMAIS - IFM - Loja Motion Up","robots":{"index":"index","follow":"follow","max-snippet":"max-snippet:-1","max-image-preview":"max-image-preview:large","max-video-preview":"max-video-preview:-1"},"canonical":"https:\/\/motionup.com.br\/site\/produto\/dl2503-unidade-de-avaliacao-para-motorizacao-de-sinais-analogicos-normais-ifm\/","og_locale":"pt_BR","og_type":"article","og_title":"DL2503 - UNIDADE DE AVALIA\u00c7\u00c3O PARA MOTORIZA\u00c7\u00c3O DE SINAIS ANAL\u00d3GICOS NORMAIS - IFM - Loja Motion Up","og_description":"DL2503 &#8211; UNIDADE DE AVALIA\u00c7\u00c3O PARA MOTORIZA\u00c7\u00c3O DE SINAIS ANAL\u00d3GICOS NORMAIS &#8211; IFM Consulte um vendedor e solicite um or\u00e7amento vendas@motionup.com.br motionup@motionup.com.br Pata o monitoramento confi\u00e1vel de valores limite de fluxo, press\u00e3o, temperatura ou n\u00edvel Com duas entradas de corrente anal\u00f3gicas Dois valores limite monitor\u00e1veis com rel\u00e9s de sa\u00edda independentes Numerosas fun\u00e7\u00f5es de monitoramento parametriz\u00e1veis [&hellip;]","og_url":"https:\/\/motionup.com.br\/site\/produto\/dl2503-unidade-de-avaliacao-para-motorizacao-de-sinais-analogicos-normais-ifm\/","og_site_name":"Loja Motion Up","article_publisher":"https:\/\/m.facebook.com\/fp3motionup\/about\/","article_modified_time":"2023-09-22T17:18:58+00:00","og_image":[{"width":600,"height":600,"url":"https:\/\/motionup.com.br\/site\/wp-content\/uploads\/2023\/09\/AC1154-13.jpg","type":"image\/jpeg"}],"twitter_card":"summary_large_image","schema":{"@context":"https:\/\/schema.org","@graph":[{"@type":"WebPage","@id":"https:\/\/motionup.com.br\/site\/produto\/dl2503-unidade-de-avaliacao-para-motorizacao-de-sinais-analogicos-normais-ifm\/","url":"https:\/\/motionup.com.br\/site\/produto\/dl2503-unidade-de-avaliacao-para-motorizacao-de-sinais-analogicos-normais-ifm\/","name":"DL2503 - UNIDADE DE AVALIA\u00c7\u00c3O PARA MOTORIZA\u00c7\u00c3O DE SINAIS ANAL\u00d3GICOS NORMAIS - IFM - Loja Motion Up","isPartOf":{"@id":"https:\/\/motionup.com.br\/site\/#website"},"primaryImageOfPage":{"@id":"https:\/\/motionup.com.br\/site\/produto\/dl2503-unidade-de-avaliacao-para-motorizacao-de-sinais-analogicos-normais-ifm\/#primaryimage"},"image":{"@id":"https:\/\/motionup.com.br\/site\/produto\/dl2503-unidade-de-avaliacao-para-motorizacao-de-sinais-analogicos-normais-ifm\/#primaryimage"},"thumbnailUrl":"https:\/\/motionup.com.br\/site\/wp-content\/uploads\/2023\/09\/AC1154-13.jpg","datePublished":"2023-09-22T17:18:29+00:00","dateModified":"2023-09-22T17:18:58+00:00","breadcrumb":{"@id":"https:\/\/motionup.com.br\/site\/produto\/dl2503-unidade-de-avaliacao-para-motorizacao-de-sinais-analogicos-normais-ifm\/#breadcrumb"},"inLanguage":"pt-BR","potentialAction":[{"@type":"ReadAction","target":["https:\/\/motionup.com.br\/site\/produto\/dl2503-unidade-de-avaliacao-para-motorizacao-de-sinais-analogicos-normais-ifm\/"]}]},{"@type":"ImageObject","inLanguage":"pt-BR","@id":"https:\/\/motionup.com.br\/site\/produto\/dl2503-unidade-de-avaliacao-para-motorizacao-de-sinais-analogicos-normais-ifm\/#primaryimage","url":"https:\/\/motionup.com.br\/site\/wp-content\/uploads\/2023\/09\/AC1154-13.jpg","contentUrl":"https:\/\/motionup.com.br\/site\/wp-content\/uploads\/2023\/09\/AC1154-13.jpg","width":600,"height":600},{"@type":"BreadcrumbList","@id":"https:\/\/motionup.com.br\/site\/produto\/dl2503-unidade-de-avaliacao-para-motorizacao-de-sinais-analogicos-normais-ifm\/#breadcrumb","itemListElement":[{"@type":"ListItem","position":1,"name":"In\u00edcio","item":"https:\/\/motionup.com.br\/site\/"},{"@type":"ListItem","position":2,"name":"Produtos","item":"https:\/\/motionup.com.br\/site\/produtos\/"},{"@type":"ListItem","position":3,"name":"DL2503 &#8211; UNIDADE DE AVALIA\u00c7\u00c3O PARA MOTORIZA\u00c7\u00c3O DE SINAIS ANAL\u00d3GICOS NORMAIS &#8211; IFM"}]},{"@type":"WebSite","@id":"https:\/\/motionup.com.br\/site\/#website","url":"https:\/\/motionup.com.br\/site\/","name":"Motion Up","description":"E-commerce Motion Up - Automa\u00e7\u00e3o Industrial","publisher":{"@id":"https:\/\/motionup.com.br\/site\/#organization"},"potentialAction":[{"@type":"SearchAction","target":{"@type":"EntryPoint","urlTemplate":"https:\/\/motionup.com.br\/site\/?s={search_term_string}"},"query-input":{"@type":"PropertyValueSpecification","valueRequired":true,"valueName":"search_term_string"}}],"inLanguage":"pt-BR"},{"@type":"Organization","@id":"https:\/\/motionup.com.br\/site\/#organization","name":"Motion Up","url":"https:\/\/motionup.com.br\/site\/","logo":{"@type":"ImageObject","inLanguage":"pt-BR","@id":"https:\/\/motionup.com.br\/site\/#\/schema\/logo\/image\/","url":"https:\/\/motionup.com.br\/site\/wp-content\/uploads\/2025\/05\/MOTIONUP.png","contentUrl":"https:\/\/motionup.com.br\/site\/wp-content\/uploads\/2025\/05\/MOTIONUP.png","width":1200,"height":601,"caption":"Motion Up"},"image":{"@id":"https:\/\/motionup.com.br\/site\/#\/schema\/logo\/image\/"},"sameAs":["https:\/\/m.facebook.com\/fp3motionup\/about\/","https:\/\/br.linkedin.com\/company\/fpn-controle-e-automao-industrial-ltda"]}]}},"_links":{"self":[{"href":"https:\/\/motionup.com.br\/site\/wp-json\/wp\/v2\/product\/6476","targetHints":{"allow":["GET"]}}],"collection":[{"href":"https:\/\/motionup.com.br\/site\/wp-json\/wp\/v2\/product"}],"about":[{"href":"https:\/\/motionup.com.br\/site\/wp-json\/wp\/v2\/types\/product"}],"wp:featuredmedia":[{"embeddable":true,"href":"https:\/\/motionup.com.br\/site\/wp-json\/wp\/v2\/media\/6477"}],"wp:attachment":[{"href":"https:\/\/motionup.com.br\/site\/wp-json\/wp\/v2\/media?parent=6476"}],"wp:term":[{"taxonomy":"product_brand","embeddable":true,"href":"https:\/\/motionup.com.br\/site\/wp-json\/wp\/v2\/product_brand?post=6476"},{"taxonomy":"product_cat","embeddable":true,"href":"https:\/\/motionup.com.br\/site\/wp-json\/wp\/v2\/product_cat?post=6476"},{"taxonomy":"product_tag","embeddable":true,"href":"https:\/\/motionup.com.br\/site\/wp-json\/wp\/v2\/product_tag?post=6476"}],"curies":[{"name":"wp","href":"https:\/\/api.w.org\/{rel}","templated":true}]}}