{"id":6507,"date":"2023-09-25T10:37:18","date_gmt":"2023-09-25T13:37:18","guid":{"rendered":"https:\/\/motionup.com.br\/site\/?post_type=product&#038;p=6507"},"modified":"2023-09-25T10:37:18","modified_gmt":"2023-09-25T13:37:18","slug":"e12432-cabo-jumper-03-metros-pur-reto-m12-ifm","status":"publish","type":"product","link":"https:\/\/motionup.com.br\/site\/produto\/e12432-cabo-jumper-03-metros-pur-reto-m12-ifm\/","title":{"rendered":"E12432 &#8211; CABO JUMPER &#8211; 0,3 METROS (PUR) RETO M12 &#8211; IFM"},"content":{"rendered":"<p>E12432 &#8211; CABO JUMPER &#8211; 0,3 METROS (PUR) RETO M12 &#8211; IFM<\/p>\n<p>Consultar um vendedor e solicitar um or\u00e7amento<\/p>\n<p>vendas@motionup.com.br<\/p>\n<p>motionup@motionup.com.br<\/p>\n<hr \/>\n<ul class=\"bulletpoint-list__entries\">\n<li>Alto grau de prote\u00e7\u00e3o para atender aos requisitos de ambientes industriais duros<\/li>\n<li>Veda\u00e7\u00e3o confi\u00e1vel e duradoura mesmo na montagem sem ferramentas<\/li>\n<li>Ampla faixa de temperatura operacional<\/li>\n<\/ul>\n<blockquote><p><strong>CONEXAO ELETRICA &#8211; CONECTOR<\/strong><\/p><\/blockquote>\n<ul>\n<li>Conex\u00e3o: 1 x M12, reto; codifica\u00e7\u00e3o: A; Corpo: PUR; Bloqueio: lat\u00e3o, niquelado; M\u00e1x. torque de aperto: 0,7&#8230;0,9 Nm<\/li>\n<\/ul>\n<blockquote><p><strong>CONEXAO ELETRICA\u00a0<\/strong><\/p><\/blockquote>\n<ul>\n<li>cabo: 0,3 m, PUR, sem halog\u00eanio, preto, \u00d8 6,8 mm; 3 x 0,25 mm\u00b2<\/li>\n<\/ul>\n<blockquote><p><strong>CONEXAO ELETRICA &#8211; SOQUETE<\/strong><\/p><\/blockquote>\n<ul>\n<li>Conex\u00e3o: 1 x M12, reto; codifica\u00e7\u00e3o: A; Corpo: PUR; Bloqueio: lat\u00e3o, niquelado; M\u00e1x. torque de aperto: 0,7&#8230;0,9 Nm<\/li>\n<\/ul>\n","protected":false},"excerpt":{"rendered":"<p>E12432 &#8211; CABO JUMPER &#8211; 0,3 METROS (PUR) RETO M12 &#8211; IFM Consultar um vendedor e solicitar um or\u00e7amento vendas@motionup.com.br motionup@motionup.com.br Alto grau de prote\u00e7\u00e3o para atender aos requisitos de ambientes industriais duros Veda\u00e7\u00e3o confi\u00e1vel e duradoura mesmo na montagem sem ferramentas Ampla faixa de temperatura operacional CONEXAO ELETRICA &#8211; CONECTOR Conex\u00e3o: 1 x M12, [&hellip;]<\/p>\n","protected":false},"featured_media":6508,"template":"","meta":[],"product_brand":[],"product_cat":[353,96,648],"product_tag":[],"class_list":{"0":"post-6507","1":"product","2":"type-product","3":"status-publish","4":"has-post-thumbnail","6":"product_cat-ifm","7":"product_cat-cabos","8":"product_cat-cabos-e1","10":"first","11":"onbackorder","12":"shipping-taxable","13":"product-type-simple"},"yoast_head":"<!-- This site is optimized with the Yoast SEO plugin v26.3 - https:\/\/yoast.com\/wordpress\/plugins\/seo\/ -->\n<title>E12432 - CABO JUMPER - 0,3 METROS (PUR) RETO M12 - IFM - Loja Motion Up<\/title>\n<meta name=\"robots\" content=\"index, follow, max-snippet:-1, max-image-preview:large, max-video-preview:-1\" \/>\n<link rel=\"canonical\" href=\"https:\/\/motionup.com.br\/site\/produto\/e12432-cabo-jumper-03-metros-pur-reto-m12-ifm\/\" \/>\n<meta property=\"og:locale\" content=\"pt_BR\" \/>\n<meta property=\"og:type\" content=\"article\" \/>\n<meta property=\"og:title\" content=\"E12432 - CABO JUMPER - 0,3 METROS (PUR) RETO M12 - IFM - Loja Motion Up\" \/>\n<meta property=\"og:description\" content=\"E12432 &#8211; CABO JUMPER &#8211; 0,3 METROS (PUR) RETO M12 &#8211; IFM Consultar um vendedor e solicitar um or\u00e7amento vendas@motionup.com.br motionup@motionup.com.br Alto grau de prote\u00e7\u00e3o para atender aos requisitos de ambientes industriais duros Veda\u00e7\u00e3o confi\u00e1vel e duradoura mesmo na montagem sem ferramentas Ampla faixa de temperatura operacional CONEXAO ELETRICA &#8211; CONECTOR Conex\u00e3o: 1 x M12, [&hellip;]\" \/>\n<meta property=\"og:url\" content=\"https:\/\/motionup.com.br\/site\/produto\/e12432-cabo-jumper-03-metros-pur-reto-m12-ifm\/\" \/>\n<meta property=\"og:site_name\" content=\"Loja Motion Up\" \/>\n<meta property=\"article:publisher\" content=\"https:\/\/m.facebook.com\/fp3motionup\/about\/\" \/>\n<meta property=\"og:image\" content=\"https:\/\/motionup.com.br\/site\/wp-content\/uploads\/2023\/09\/AC1154-21.jpg\" \/>\n\t<meta property=\"og:image:width\" content=\"600\" \/>\n\t<meta property=\"og:image:height\" content=\"600\" \/>\n\t<meta property=\"og:image:type\" content=\"image\/jpeg\" \/>\n<meta name=\"twitter:card\" content=\"summary_large_image\" \/>\n<meta name=\"twitter:label1\" content=\"Est. tempo de leitura\" \/>\n\t<meta name=\"twitter:data1\" content=\"1 minuto\" \/>\n<script type=\"application\/ld+json\" class=\"yoast-schema-graph\">{\"@context\":\"https:\/\/schema.org\",\"@graph\":[{\"@type\":\"WebPage\",\"@id\":\"https:\/\/motionup.com.br\/site\/produto\/e12432-cabo-jumper-03-metros-pur-reto-m12-ifm\/\",\"url\":\"https:\/\/motionup.com.br\/site\/produto\/e12432-cabo-jumper-03-metros-pur-reto-m12-ifm\/\",\"name\":\"E12432 - CABO JUMPER - 0,3 METROS (PUR) RETO M12 - IFM - Loja Motion Up\",\"isPartOf\":{\"@id\":\"https:\/\/motionup.com.br\/site\/#website\"},\"primaryImageOfPage\":{\"@id\":\"https:\/\/motionup.com.br\/site\/produto\/e12432-cabo-jumper-03-metros-pur-reto-m12-ifm\/#primaryimage\"},\"image\":{\"@id\":\"https:\/\/motionup.com.br\/site\/produto\/e12432-cabo-jumper-03-metros-pur-reto-m12-ifm\/#primaryimage\"},\"thumbnailUrl\":\"https:\/\/motionup.com.br\/site\/wp-content\/uploads\/2023\/09\/AC1154-21.jpg\",\"datePublished\":\"2023-09-25T13:37:18+00:00\",\"breadcrumb\":{\"@id\":\"https:\/\/motionup.com.br\/site\/produto\/e12432-cabo-jumper-03-metros-pur-reto-m12-ifm\/#breadcrumb\"},\"inLanguage\":\"pt-BR\",\"potentialAction\":[{\"@type\":\"ReadAction\",\"target\":[\"https:\/\/motionup.com.br\/site\/produto\/e12432-cabo-jumper-03-metros-pur-reto-m12-ifm\/\"]}]},{\"@type\":\"ImageObject\",\"inLanguage\":\"pt-BR\",\"@id\":\"https:\/\/motionup.com.br\/site\/produto\/e12432-cabo-jumper-03-metros-pur-reto-m12-ifm\/#primaryimage\",\"url\":\"https:\/\/motionup.com.br\/site\/wp-content\/uploads\/2023\/09\/AC1154-21.jpg\",\"contentUrl\":\"https:\/\/motionup.com.br\/site\/wp-content\/uploads\/2023\/09\/AC1154-21.jpg\",\"width\":600,\"height\":600},{\"@type\":\"BreadcrumbList\",\"@id\":\"https:\/\/motionup.com.br\/site\/produto\/e12432-cabo-jumper-03-metros-pur-reto-m12-ifm\/#breadcrumb\",\"itemListElement\":[{\"@type\":\"ListItem\",\"position\":1,\"name\":\"In\u00edcio\",\"item\":\"https:\/\/motionup.com.br\/site\/\"},{\"@type\":\"ListItem\",\"position\":2,\"name\":\"Produtos\",\"item\":\"https:\/\/motionup.com.br\/site\/produtos\/\"},{\"@type\":\"ListItem\",\"position\":3,\"name\":\"E12432 &#8211; CABO JUMPER &#8211; 0,3 METROS (PUR) RETO M12 &#8211; IFM\"}]},{\"@type\":\"WebSite\",\"@id\":\"https:\/\/motionup.com.br\/site\/#website\",\"url\":\"https:\/\/motionup.com.br\/site\/\",\"name\":\"Motion Up\",\"description\":\"E-commerce Motion Up - Automa\u00e7\u00e3o Industrial\",\"publisher\":{\"@id\":\"https:\/\/motionup.com.br\/site\/#organization\"},\"potentialAction\":[{\"@type\":\"SearchAction\",\"target\":{\"@type\":\"EntryPoint\",\"urlTemplate\":\"https:\/\/motionup.com.br\/site\/?s={search_term_string}\"},\"query-input\":{\"@type\":\"PropertyValueSpecification\",\"valueRequired\":true,\"valueName\":\"search_term_string\"}}],\"inLanguage\":\"pt-BR\"},{\"@type\":\"Organization\",\"@id\":\"https:\/\/motionup.com.br\/site\/#organization\",\"name\":\"Motion Up\",\"url\":\"https:\/\/motionup.com.br\/site\/\",\"logo\":{\"@type\":\"ImageObject\",\"inLanguage\":\"pt-BR\",\"@id\":\"https:\/\/motionup.com.br\/site\/#\/schema\/logo\/image\/\",\"url\":\"https:\/\/motionup.com.br\/site\/wp-content\/uploads\/2025\/05\/MOTIONUP.png\",\"contentUrl\":\"https:\/\/motionup.com.br\/site\/wp-content\/uploads\/2025\/05\/MOTIONUP.png\",\"width\":1200,\"height\":601,\"caption\":\"Motion Up\"},\"image\":{\"@id\":\"https:\/\/motionup.com.br\/site\/#\/schema\/logo\/image\/\"},\"sameAs\":[\"https:\/\/m.facebook.com\/fp3motionup\/about\/\",\"https:\/\/br.linkedin.com\/company\/fpn-controle-e-automao-industrial-ltda\"]}]}<\/script>\n<!-- \/ Yoast SEO plugin. -->","yoast_head_json":{"title":"E12432 - CABO JUMPER - 0,3 METROS (PUR) RETO M12 - IFM - Loja Motion Up","robots":{"index":"index","follow":"follow","max-snippet":"max-snippet:-1","max-image-preview":"max-image-preview:large","max-video-preview":"max-video-preview:-1"},"canonical":"https:\/\/motionup.com.br\/site\/produto\/e12432-cabo-jumper-03-metros-pur-reto-m12-ifm\/","og_locale":"pt_BR","og_type":"article","og_title":"E12432 - CABO JUMPER - 0,3 METROS (PUR) RETO M12 - IFM - Loja Motion Up","og_description":"E12432 &#8211; CABO JUMPER &#8211; 0,3 METROS (PUR) RETO M12 &#8211; IFM Consultar um vendedor e solicitar um or\u00e7amento vendas@motionup.com.br motionup@motionup.com.br Alto grau de prote\u00e7\u00e3o para atender aos requisitos de ambientes industriais duros Veda\u00e7\u00e3o confi\u00e1vel e duradoura mesmo na montagem sem ferramentas Ampla faixa de temperatura operacional CONEXAO ELETRICA &#8211; CONECTOR Conex\u00e3o: 1 x M12, [&hellip;]","og_url":"https:\/\/motionup.com.br\/site\/produto\/e12432-cabo-jumper-03-metros-pur-reto-m12-ifm\/","og_site_name":"Loja Motion Up","article_publisher":"https:\/\/m.facebook.com\/fp3motionup\/about\/","og_image":[{"width":600,"height":600,"url":"https:\/\/motionup.com.br\/site\/wp-content\/uploads\/2023\/09\/AC1154-21.jpg","type":"image\/jpeg"}],"twitter_card":"summary_large_image","twitter_misc":{"Est. tempo de leitura":"1 minuto"},"schema":{"@context":"https:\/\/schema.org","@graph":[{"@type":"WebPage","@id":"https:\/\/motionup.com.br\/site\/produto\/e12432-cabo-jumper-03-metros-pur-reto-m12-ifm\/","url":"https:\/\/motionup.com.br\/site\/produto\/e12432-cabo-jumper-03-metros-pur-reto-m12-ifm\/","name":"E12432 - CABO JUMPER - 0,3 METROS (PUR) RETO M12 - IFM - Loja Motion Up","isPartOf":{"@id":"https:\/\/motionup.com.br\/site\/#website"},"primaryImageOfPage":{"@id":"https:\/\/motionup.com.br\/site\/produto\/e12432-cabo-jumper-03-metros-pur-reto-m12-ifm\/#primaryimage"},"image":{"@id":"https:\/\/motionup.com.br\/site\/produto\/e12432-cabo-jumper-03-metros-pur-reto-m12-ifm\/#primaryimage"},"thumbnailUrl":"https:\/\/motionup.com.br\/site\/wp-content\/uploads\/2023\/09\/AC1154-21.jpg","datePublished":"2023-09-25T13:37:18+00:00","breadcrumb":{"@id":"https:\/\/motionup.com.br\/site\/produto\/e12432-cabo-jumper-03-metros-pur-reto-m12-ifm\/#breadcrumb"},"inLanguage":"pt-BR","potentialAction":[{"@type":"ReadAction","target":["https:\/\/motionup.com.br\/site\/produto\/e12432-cabo-jumper-03-metros-pur-reto-m12-ifm\/"]}]},{"@type":"ImageObject","inLanguage":"pt-BR","@id":"https:\/\/motionup.com.br\/site\/produto\/e12432-cabo-jumper-03-metros-pur-reto-m12-ifm\/#primaryimage","url":"https:\/\/motionup.com.br\/site\/wp-content\/uploads\/2023\/09\/AC1154-21.jpg","contentUrl":"https:\/\/motionup.com.br\/site\/wp-content\/uploads\/2023\/09\/AC1154-21.jpg","width":600,"height":600},{"@type":"BreadcrumbList","@id":"https:\/\/motionup.com.br\/site\/produto\/e12432-cabo-jumper-03-metros-pur-reto-m12-ifm\/#breadcrumb","itemListElement":[{"@type":"ListItem","position":1,"name":"In\u00edcio","item":"https:\/\/motionup.com.br\/site\/"},{"@type":"ListItem","position":2,"name":"Produtos","item":"https:\/\/motionup.com.br\/site\/produtos\/"},{"@type":"ListItem","position":3,"name":"E12432 &#8211; CABO JUMPER &#8211; 0,3 METROS (PUR) RETO M12 &#8211; IFM"}]},{"@type":"WebSite","@id":"https:\/\/motionup.com.br\/site\/#website","url":"https:\/\/motionup.com.br\/site\/","name":"Motion Up","description":"E-commerce Motion Up - Automa\u00e7\u00e3o Industrial","publisher":{"@id":"https:\/\/motionup.com.br\/site\/#organization"},"potentialAction":[{"@type":"SearchAction","target":{"@type":"EntryPoint","urlTemplate":"https:\/\/motionup.com.br\/site\/?s={search_term_string}"},"query-input":{"@type":"PropertyValueSpecification","valueRequired":true,"valueName":"search_term_string"}}],"inLanguage":"pt-BR"},{"@type":"Organization","@id":"https:\/\/motionup.com.br\/site\/#organization","name":"Motion Up","url":"https:\/\/motionup.com.br\/site\/","logo":{"@type":"ImageObject","inLanguage":"pt-BR","@id":"https:\/\/motionup.com.br\/site\/#\/schema\/logo\/image\/","url":"https:\/\/motionup.com.br\/site\/wp-content\/uploads\/2025\/05\/MOTIONUP.png","contentUrl":"https:\/\/motionup.com.br\/site\/wp-content\/uploads\/2025\/05\/MOTIONUP.png","width":1200,"height":601,"caption":"Motion Up"},"image":{"@id":"https:\/\/motionup.com.br\/site\/#\/schema\/logo\/image\/"},"sameAs":["https:\/\/m.facebook.com\/fp3motionup\/about\/","https:\/\/br.linkedin.com\/company\/fpn-controle-e-automao-industrial-ltda"]}]}},"_links":{"self":[{"href":"https:\/\/motionup.com.br\/site\/wp-json\/wp\/v2\/product\/6507","targetHints":{"allow":["GET"]}}],"collection":[{"href":"https:\/\/motionup.com.br\/site\/wp-json\/wp\/v2\/product"}],"about":[{"href":"https:\/\/motionup.com.br\/site\/wp-json\/wp\/v2\/types\/product"}],"wp:featuredmedia":[{"embeddable":true,"href":"https:\/\/motionup.com.br\/site\/wp-json\/wp\/v2\/media\/6508"}],"wp:attachment":[{"href":"https:\/\/motionup.com.br\/site\/wp-json\/wp\/v2\/media?parent=6507"}],"wp:term":[{"taxonomy":"product_brand","embeddable":true,"href":"https:\/\/motionup.com.br\/site\/wp-json\/wp\/v2\/product_brand?post=6507"},{"taxonomy":"product_cat","embeddable":true,"href":"https:\/\/motionup.com.br\/site\/wp-json\/wp\/v2\/product_cat?post=6507"},{"taxonomy":"product_tag","embeddable":true,"href":"https:\/\/motionup.com.br\/site\/wp-json\/wp\/v2\/product_tag?post=6507"}],"curies":[{"name":"wp","href":"https:\/\/api.w.org\/{rel}","templated":true}]}}