{"id":6618,"date":"2023-09-26T14:37:23","date_gmt":"2023-09-26T17:37:23","guid":{"rendered":"https:\/\/motionup.com.br\/site\/?post_type=product&#038;p=6618"},"modified":"2023-09-26T14:37:24","modified_gmt":"2023-09-26T17:37:24","slug":"evc003-cabo-de-conexao-10-metros-pur-reto-m12-femea-ifm","status":"publish","type":"product","link":"https:\/\/motionup.com.br\/site\/produto\/evc003-cabo-de-conexao-10-metros-pur-reto-m12-femea-ifm\/","title":{"rendered":"EVC003 &#8211; CABO DE CONEXAO &#8211; 10 METROS (PUR) RETO M12 FEMEA &#8211; IFM"},"content":{"rendered":"<p>EVC003 &#8211; CABO DE CONEXAO &#8211; 10 METROS (PUR) RETO M12 FEMEA &#8211; IFM<\/p>\n<p>Consultar um vendedor e solicitar um or\u00e7amento<\/p>\n<p>vendas@motionup.com.br<\/p>\n<p>motionup@motionup.com.br<\/p>\n<hr \/>\n<ul class=\"bulletpoint-list__entries\">\n<li>Resistente a \u00f3leos e fluidos refrigerantes<\/li>\n<li>Veda\u00e7\u00e3o confi\u00e1vel e duradoura mesmo na montagem sem ferramentas<\/li>\n<li>Alto grau de prote\u00e7\u00e3o para atender aos requisitos de ambientes industriais duros<\/li>\n<li>Resistente a vibra\u00e7\u00f5es e choques gra\u00e7as a porca de bucha com dispositivo antivibrat\u00f3rio<\/li>\n<li>Prote\u00e7\u00e3o confi\u00e1vel do anel de veda\u00e7\u00e3o contra destrui\u00e7\u00e3o mediante batente mec\u00e2nico fixo<\/li>\n<\/ul>\n<blockquote><p><strong>CONEXAO ELETRICA<\/strong><\/p><\/blockquote>\n<ul>\n<li>cabo: 10 m, PUR, sem halog\u00eanio, preto, \u00d8 4,3 mm; 4 x 0,34 mm\u00b2 (42 x \u00d8 0,1 mm )<\/li>\n<\/ul>\n<blockquote><p><strong>CONEXAO ELETRICA &#8211; SOQUETE<\/strong><\/p><\/blockquote>\n<ul>\n<li>Conex\u00e3o: 1 x M12, reto; codifica\u00e7\u00e3o: A; Bloqueio: lat\u00e3o, niquelado; Contatos: dourado; M\u00e1x. torque de aperto: 0,6&#8230;1,5 Nm<\/li>\n<\/ul>\n","protected":false},"excerpt":{"rendered":"<p>EVC003 &#8211; CABO DE CONEXAO &#8211; 10 METROS (PUR) RETO M12 FEMEA &#8211; IFM Consultar um vendedor e solicitar um or\u00e7amento vendas@motionup.com.br motionup@motionup.com.br Resistente a \u00f3leos e fluidos refrigerantes Veda\u00e7\u00e3o confi\u00e1vel e duradoura mesmo na montagem sem ferramentas Alto grau de prote\u00e7\u00e3o para atender aos requisitos de ambientes industriais duros Resistente a vibra\u00e7\u00f5es e choques [&hellip;]<\/p>\n","protected":false},"featured_media":6619,"template":"","meta":[],"product_brand":[],"product_cat":[353,96,654],"product_tag":[],"class_list":{"0":"post-6618","1":"product","2":"type-product","3":"status-publish","4":"has-post-thumbnail","6":"product_cat-ifm","7":"product_cat-cabos","8":"product_cat-cabos-evc","10":"first","11":"onbackorder","12":"shipping-taxable","13":"product-type-simple"},"yoast_head":"<!-- This site is optimized with the Yoast SEO plugin v26.3 - https:\/\/yoast.com\/wordpress\/plugins\/seo\/ -->\n<title>EVC003 - CABO DE CONEXAO - 10 METROS (PUR) RETO M12 FEMEA - IFM - Loja Motion Up<\/title>\n<meta name=\"robots\" content=\"index, follow, max-snippet:-1, max-image-preview:large, max-video-preview:-1\" \/>\n<link rel=\"canonical\" href=\"https:\/\/motionup.com.br\/site\/produto\/evc003-cabo-de-conexao-10-metros-pur-reto-m12-femea-ifm\/\" \/>\n<meta property=\"og:locale\" content=\"pt_BR\" \/>\n<meta property=\"og:type\" content=\"article\" \/>\n<meta property=\"og:title\" content=\"EVC003 - CABO DE CONEXAO - 10 METROS (PUR) RETO M12 FEMEA - IFM - Loja Motion Up\" \/>\n<meta property=\"og:description\" content=\"EVC003 &#8211; CABO DE CONEXAO &#8211; 10 METROS (PUR) RETO M12 FEMEA &#8211; IFM Consultar um vendedor e solicitar um or\u00e7amento vendas@motionup.com.br motionup@motionup.com.br Resistente a \u00f3leos e fluidos refrigerantes Veda\u00e7\u00e3o confi\u00e1vel e duradoura mesmo na montagem sem ferramentas Alto grau de prote\u00e7\u00e3o para atender aos requisitos de ambientes industriais duros Resistente a vibra\u00e7\u00f5es e choques [&hellip;]\" \/>\n<meta property=\"og:url\" content=\"https:\/\/motionup.com.br\/site\/produto\/evc003-cabo-de-conexao-10-metros-pur-reto-m12-femea-ifm\/\" \/>\n<meta property=\"og:site_name\" content=\"Loja Motion Up\" \/>\n<meta property=\"article:publisher\" content=\"https:\/\/m.facebook.com\/fp3motionup\/about\/\" \/>\n<meta property=\"article:modified_time\" content=\"2023-09-26T17:37:24+00:00\" \/>\n<meta property=\"og:image\" content=\"https:\/\/motionup.com.br\/site\/wp-content\/uploads\/2023\/09\/AC1154-54.jpg\" \/>\n\t<meta property=\"og:image:width\" content=\"600\" \/>\n\t<meta property=\"og:image:height\" content=\"600\" \/>\n\t<meta property=\"og:image:type\" content=\"image\/jpeg\" \/>\n<meta name=\"twitter:card\" content=\"summary_large_image\" \/>\n<meta name=\"twitter:label1\" content=\"Est. tempo de leitura\" \/>\n\t<meta name=\"twitter:data1\" content=\"1 minuto\" \/>\n<script type=\"application\/ld+json\" class=\"yoast-schema-graph\">{\"@context\":\"https:\/\/schema.org\",\"@graph\":[{\"@type\":\"WebPage\",\"@id\":\"https:\/\/motionup.com.br\/site\/produto\/evc003-cabo-de-conexao-10-metros-pur-reto-m12-femea-ifm\/\",\"url\":\"https:\/\/motionup.com.br\/site\/produto\/evc003-cabo-de-conexao-10-metros-pur-reto-m12-femea-ifm\/\",\"name\":\"EVC003 - CABO DE CONEXAO - 10 METROS (PUR) RETO M12 FEMEA - IFM - Loja Motion Up\",\"isPartOf\":{\"@id\":\"https:\/\/motionup.com.br\/site\/#website\"},\"primaryImageOfPage\":{\"@id\":\"https:\/\/motionup.com.br\/site\/produto\/evc003-cabo-de-conexao-10-metros-pur-reto-m12-femea-ifm\/#primaryimage\"},\"image\":{\"@id\":\"https:\/\/motionup.com.br\/site\/produto\/evc003-cabo-de-conexao-10-metros-pur-reto-m12-femea-ifm\/#primaryimage\"},\"thumbnailUrl\":\"https:\/\/motionup.com.br\/site\/wp-content\/uploads\/2023\/09\/AC1154-54.jpg\",\"datePublished\":\"2023-09-26T17:37:23+00:00\",\"dateModified\":\"2023-09-26T17:37:24+00:00\",\"breadcrumb\":{\"@id\":\"https:\/\/motionup.com.br\/site\/produto\/evc003-cabo-de-conexao-10-metros-pur-reto-m12-femea-ifm\/#breadcrumb\"},\"inLanguage\":\"pt-BR\",\"potentialAction\":[{\"@type\":\"ReadAction\",\"target\":[\"https:\/\/motionup.com.br\/site\/produto\/evc003-cabo-de-conexao-10-metros-pur-reto-m12-femea-ifm\/\"]}]},{\"@type\":\"ImageObject\",\"inLanguage\":\"pt-BR\",\"@id\":\"https:\/\/motionup.com.br\/site\/produto\/evc003-cabo-de-conexao-10-metros-pur-reto-m12-femea-ifm\/#primaryimage\",\"url\":\"https:\/\/motionup.com.br\/site\/wp-content\/uploads\/2023\/09\/AC1154-54.jpg\",\"contentUrl\":\"https:\/\/motionup.com.br\/site\/wp-content\/uploads\/2023\/09\/AC1154-54.jpg\",\"width\":600,\"height\":600},{\"@type\":\"BreadcrumbList\",\"@id\":\"https:\/\/motionup.com.br\/site\/produto\/evc003-cabo-de-conexao-10-metros-pur-reto-m12-femea-ifm\/#breadcrumb\",\"itemListElement\":[{\"@type\":\"ListItem\",\"position\":1,\"name\":\"In\u00edcio\",\"item\":\"https:\/\/motionup.com.br\/site\/\"},{\"@type\":\"ListItem\",\"position\":2,\"name\":\"Produtos\",\"item\":\"https:\/\/motionup.com.br\/site\/produtos\/\"},{\"@type\":\"ListItem\",\"position\":3,\"name\":\"EVC003 &#8211; CABO DE CONEXAO &#8211; 10 METROS (PUR) RETO M12 FEMEA &#8211; IFM\"}]},{\"@type\":\"WebSite\",\"@id\":\"https:\/\/motionup.com.br\/site\/#website\",\"url\":\"https:\/\/motionup.com.br\/site\/\",\"name\":\"Motion Up\",\"description\":\"E-commerce Motion Up - Automa\u00e7\u00e3o Industrial\",\"publisher\":{\"@id\":\"https:\/\/motionup.com.br\/site\/#organization\"},\"potentialAction\":[{\"@type\":\"SearchAction\",\"target\":{\"@type\":\"EntryPoint\",\"urlTemplate\":\"https:\/\/motionup.com.br\/site\/?s={search_term_string}\"},\"query-input\":{\"@type\":\"PropertyValueSpecification\",\"valueRequired\":true,\"valueName\":\"search_term_string\"}}],\"inLanguage\":\"pt-BR\"},{\"@type\":\"Organization\",\"@id\":\"https:\/\/motionup.com.br\/site\/#organization\",\"name\":\"Motion Up\",\"url\":\"https:\/\/motionup.com.br\/site\/\",\"logo\":{\"@type\":\"ImageObject\",\"inLanguage\":\"pt-BR\",\"@id\":\"https:\/\/motionup.com.br\/site\/#\/schema\/logo\/image\/\",\"url\":\"https:\/\/motionup.com.br\/site\/wp-content\/uploads\/2025\/05\/MOTIONUP.png\",\"contentUrl\":\"https:\/\/motionup.com.br\/site\/wp-content\/uploads\/2025\/05\/MOTIONUP.png\",\"width\":1200,\"height\":601,\"caption\":\"Motion Up\"},\"image\":{\"@id\":\"https:\/\/motionup.com.br\/site\/#\/schema\/logo\/image\/\"},\"sameAs\":[\"https:\/\/m.facebook.com\/fp3motionup\/about\/\",\"https:\/\/br.linkedin.com\/company\/fpn-controle-e-automao-industrial-ltda\"]}]}<\/script>\n<!-- \/ Yoast SEO plugin. -->","yoast_head_json":{"title":"EVC003 - CABO DE CONEXAO - 10 METROS (PUR) RETO M12 FEMEA - IFM - Loja Motion Up","robots":{"index":"index","follow":"follow","max-snippet":"max-snippet:-1","max-image-preview":"max-image-preview:large","max-video-preview":"max-video-preview:-1"},"canonical":"https:\/\/motionup.com.br\/site\/produto\/evc003-cabo-de-conexao-10-metros-pur-reto-m12-femea-ifm\/","og_locale":"pt_BR","og_type":"article","og_title":"EVC003 - CABO DE CONEXAO - 10 METROS (PUR) RETO M12 FEMEA - IFM - Loja Motion Up","og_description":"EVC003 &#8211; CABO DE CONEXAO &#8211; 10 METROS (PUR) RETO M12 FEMEA &#8211; IFM Consultar um vendedor e solicitar um or\u00e7amento vendas@motionup.com.br motionup@motionup.com.br Resistente a \u00f3leos e fluidos refrigerantes Veda\u00e7\u00e3o confi\u00e1vel e duradoura mesmo na montagem sem ferramentas Alto grau de prote\u00e7\u00e3o para atender aos requisitos de ambientes industriais duros Resistente a vibra\u00e7\u00f5es e choques [&hellip;]","og_url":"https:\/\/motionup.com.br\/site\/produto\/evc003-cabo-de-conexao-10-metros-pur-reto-m12-femea-ifm\/","og_site_name":"Loja Motion Up","article_publisher":"https:\/\/m.facebook.com\/fp3motionup\/about\/","article_modified_time":"2023-09-26T17:37:24+00:00","og_image":[{"width":600,"height":600,"url":"https:\/\/motionup.com.br\/site\/wp-content\/uploads\/2023\/09\/AC1154-54.jpg","type":"image\/jpeg"}],"twitter_card":"summary_large_image","twitter_misc":{"Est. tempo de leitura":"1 minuto"},"schema":{"@context":"https:\/\/schema.org","@graph":[{"@type":"WebPage","@id":"https:\/\/motionup.com.br\/site\/produto\/evc003-cabo-de-conexao-10-metros-pur-reto-m12-femea-ifm\/","url":"https:\/\/motionup.com.br\/site\/produto\/evc003-cabo-de-conexao-10-metros-pur-reto-m12-femea-ifm\/","name":"EVC003 - CABO DE CONEXAO - 10 METROS (PUR) RETO M12 FEMEA - IFM - Loja Motion Up","isPartOf":{"@id":"https:\/\/motionup.com.br\/site\/#website"},"primaryImageOfPage":{"@id":"https:\/\/motionup.com.br\/site\/produto\/evc003-cabo-de-conexao-10-metros-pur-reto-m12-femea-ifm\/#primaryimage"},"image":{"@id":"https:\/\/motionup.com.br\/site\/produto\/evc003-cabo-de-conexao-10-metros-pur-reto-m12-femea-ifm\/#primaryimage"},"thumbnailUrl":"https:\/\/motionup.com.br\/site\/wp-content\/uploads\/2023\/09\/AC1154-54.jpg","datePublished":"2023-09-26T17:37:23+00:00","dateModified":"2023-09-26T17:37:24+00:00","breadcrumb":{"@id":"https:\/\/motionup.com.br\/site\/produto\/evc003-cabo-de-conexao-10-metros-pur-reto-m12-femea-ifm\/#breadcrumb"},"inLanguage":"pt-BR","potentialAction":[{"@type":"ReadAction","target":["https:\/\/motionup.com.br\/site\/produto\/evc003-cabo-de-conexao-10-metros-pur-reto-m12-femea-ifm\/"]}]},{"@type":"ImageObject","inLanguage":"pt-BR","@id":"https:\/\/motionup.com.br\/site\/produto\/evc003-cabo-de-conexao-10-metros-pur-reto-m12-femea-ifm\/#primaryimage","url":"https:\/\/motionup.com.br\/site\/wp-content\/uploads\/2023\/09\/AC1154-54.jpg","contentUrl":"https:\/\/motionup.com.br\/site\/wp-content\/uploads\/2023\/09\/AC1154-54.jpg","width":600,"height":600},{"@type":"BreadcrumbList","@id":"https:\/\/motionup.com.br\/site\/produto\/evc003-cabo-de-conexao-10-metros-pur-reto-m12-femea-ifm\/#breadcrumb","itemListElement":[{"@type":"ListItem","position":1,"name":"In\u00edcio","item":"https:\/\/motionup.com.br\/site\/"},{"@type":"ListItem","position":2,"name":"Produtos","item":"https:\/\/motionup.com.br\/site\/produtos\/"},{"@type":"ListItem","position":3,"name":"EVC003 &#8211; CABO DE CONEXAO &#8211; 10 METROS (PUR) RETO M12 FEMEA &#8211; IFM"}]},{"@type":"WebSite","@id":"https:\/\/motionup.com.br\/site\/#website","url":"https:\/\/motionup.com.br\/site\/","name":"Motion Up","description":"E-commerce Motion Up - Automa\u00e7\u00e3o Industrial","publisher":{"@id":"https:\/\/motionup.com.br\/site\/#organization"},"potentialAction":[{"@type":"SearchAction","target":{"@type":"EntryPoint","urlTemplate":"https:\/\/motionup.com.br\/site\/?s={search_term_string}"},"query-input":{"@type":"PropertyValueSpecification","valueRequired":true,"valueName":"search_term_string"}}],"inLanguage":"pt-BR"},{"@type":"Organization","@id":"https:\/\/motionup.com.br\/site\/#organization","name":"Motion Up","url":"https:\/\/motionup.com.br\/site\/","logo":{"@type":"ImageObject","inLanguage":"pt-BR","@id":"https:\/\/motionup.com.br\/site\/#\/schema\/logo\/image\/","url":"https:\/\/motionup.com.br\/site\/wp-content\/uploads\/2025\/05\/MOTIONUP.png","contentUrl":"https:\/\/motionup.com.br\/site\/wp-content\/uploads\/2025\/05\/MOTIONUP.png","width":1200,"height":601,"caption":"Motion Up"},"image":{"@id":"https:\/\/motionup.com.br\/site\/#\/schema\/logo\/image\/"},"sameAs":["https:\/\/m.facebook.com\/fp3motionup\/about\/","https:\/\/br.linkedin.com\/company\/fpn-controle-e-automao-industrial-ltda"]}]}},"_links":{"self":[{"href":"https:\/\/motionup.com.br\/site\/wp-json\/wp\/v2\/product\/6618","targetHints":{"allow":["GET"]}}],"collection":[{"href":"https:\/\/motionup.com.br\/site\/wp-json\/wp\/v2\/product"}],"about":[{"href":"https:\/\/motionup.com.br\/site\/wp-json\/wp\/v2\/types\/product"}],"wp:featuredmedia":[{"embeddable":true,"href":"https:\/\/motionup.com.br\/site\/wp-json\/wp\/v2\/media\/6619"}],"wp:attachment":[{"href":"https:\/\/motionup.com.br\/site\/wp-json\/wp\/v2\/media?parent=6618"}],"wp:term":[{"taxonomy":"product_brand","embeddable":true,"href":"https:\/\/motionup.com.br\/site\/wp-json\/wp\/v2\/product_brand?post=6618"},{"taxonomy":"product_cat","embeddable":true,"href":"https:\/\/motionup.com.br\/site\/wp-json\/wp\/v2\/product_cat?post=6618"},{"taxonomy":"product_tag","embeddable":true,"href":"https:\/\/motionup.com.br\/site\/wp-json\/wp\/v2\/product_tag?post=6618"}],"curies":[{"name":"wp","href":"https:\/\/api.w.org\/{rel}","templated":true}]}}