{"id":6876,"date":"2023-10-05T11:02:12","date_gmt":"2023-10-05T14:02:12","guid":{"rendered":"https:\/\/motionup.com.br\/site\/?post_type=product&#038;p=6876"},"modified":"2023-10-05T11:02:12","modified_gmt":"2023-10-05T14:02:12","slug":"is5033-sensor-indutivo-retangular-cabo-4-metros-pvc-alcance-2mm-ifm","status":"publish","type":"product","link":"https:\/\/motionup.com.br\/site\/produto\/is5033-sensor-indutivo-retangular-cabo-4-metros-pvc-alcance-2mm-ifm\/","title":{"rendered":"IS5033 &#8211; SENSOR INDUTIVO (RETANGULAR) &#8211; CABO: 4 METROS (PVC) ALCANCE: 2mm &#8211; IFM"},"content":{"rendered":"<p>IS5033 &#8211; SENSOR INDUTIVO (RETANGULAR) &#8211; CABO: 4 METROS (PVC) ALCANCE: 2mm &#8211; IFM<\/p>\n<p>Consulte um vendedor e solicite um or\u00e7amento<\/p>\n<p>vendas@motionup.com.br<\/p>\n<p>motionup@motionup.com.br<\/p>\n<hr \/>\n<ul class=\"bulletpoint-list__entries\">\n<li>Formato retangular especialmente compacta<\/li>\n<li>Para aplica\u00e7\u00e3o em condi\u00e7\u00f5es de instala\u00e7\u00e3o estreitas<\/li>\n<li>Frequ\u00eancia de comuta\u00e7\u00e3o muito alta<\/li>\n<li>Ampla faixa de temperatura operacional<\/li>\n<li>Indica\u00e7\u00e3o bem vis\u00edvel do estado de comuta\u00e7\u00e3o<\/li>\n<\/ul>\n<blockquote><p><strong>CARACTERISTICAS DO PRODUTO<\/strong><\/p><\/blockquote>\n<ul>\n<li>Fun\u00e7\u00e3o el\u00e9trica &#8212;&gt; PNP<\/li>\n<li>Sa\u00edda &#8212;&gt; normalmente aberto<\/li>\n<li>Alcance de detec\u00e7\u00e3o [mm] &#8212;&gt; 2<\/li>\n<li>Inv\u00f3lucro &#8212;&gt; Retangular<\/li>\n<li>Dimens\u00f5es [mm] &#8212;&gt; 28 x 10 x 16<\/li>\n<\/ul>\n<blockquote><p><strong>CONEXAO ELETRICA<\/strong><\/p><\/blockquote>\n<ul>\n<li>cabo: 4 m, PVC, \u00d8 3,5 mm; 3 x 0,14 mm\u00b2<\/li>\n<\/ul>\n<p>&nbsp;<\/p>\n","protected":false},"excerpt":{"rendered":"<p>IS5033 &#8211; SENSOR INDUTIVO (RETANGULAR) &#8211; CABO: 4 METROS (PVC) ALCANCE: 2mm &#8211; IFM Consulte um vendedor e solicite um or\u00e7amento vendas@motionup.com.br motionup@motionup.com.br Formato retangular especialmente compacta Para aplica\u00e7\u00e3o em condi\u00e7\u00f5es de instala\u00e7\u00e3o estreitas Frequ\u00eancia de comuta\u00e7\u00e3o muito alta Ampla faixa de temperatura operacional Indica\u00e7\u00e3o bem vis\u00edvel do estado de comuta\u00e7\u00e3o CARACTERISTICAS DO PRODUTO Fun\u00e7\u00e3o [&hellip;]<\/p>\n","protected":false},"featured_media":6877,"template":"","meta":[],"product_brand":[],"product_cat":[353,56,652],"product_tag":[],"class_list":{"0":"post-6876","1":"product","2":"type-product","3":"status-publish","4":"has-post-thumbnail","6":"product_cat-ifm","7":"product_cat-sensores","8":"product_cat-sensores-indutivo","10":"first","11":"onbackorder","12":"shipping-taxable","13":"product-type-simple"},"yoast_head":"<!-- This site is optimized with the Yoast SEO plugin v26.3 - https:\/\/yoast.com\/wordpress\/plugins\/seo\/ -->\n<title>IS5033 - SENSOR INDUTIVO (RETANGULAR) - CABO: 4 METROS (PVC) ALCANCE: 2mm - IFM - Loja Motion Up<\/title>\n<meta name=\"robots\" content=\"index, follow, max-snippet:-1, max-image-preview:large, max-video-preview:-1\" \/>\n<link rel=\"canonical\" href=\"https:\/\/motionup.com.br\/site\/produto\/is5033-sensor-indutivo-retangular-cabo-4-metros-pvc-alcance-2mm-ifm\/\" \/>\n<meta property=\"og:locale\" content=\"pt_BR\" \/>\n<meta property=\"og:type\" content=\"article\" \/>\n<meta property=\"og:title\" content=\"IS5033 - SENSOR INDUTIVO (RETANGULAR) - CABO: 4 METROS (PVC) ALCANCE: 2mm - IFM - Loja Motion Up\" \/>\n<meta property=\"og:description\" content=\"IS5033 &#8211; SENSOR INDUTIVO (RETANGULAR) &#8211; CABO: 4 METROS (PVC) ALCANCE: 2mm &#8211; IFM Consulte um vendedor e solicite um or\u00e7amento vendas@motionup.com.br motionup@motionup.com.br Formato retangular especialmente compacta Para aplica\u00e7\u00e3o em condi\u00e7\u00f5es de instala\u00e7\u00e3o estreitas Frequ\u00eancia de comuta\u00e7\u00e3o muito alta Ampla faixa de temperatura operacional Indica\u00e7\u00e3o bem vis\u00edvel do estado de comuta\u00e7\u00e3o CARACTERISTICAS DO PRODUTO Fun\u00e7\u00e3o [&hellip;]\" \/>\n<meta property=\"og:url\" content=\"https:\/\/motionup.com.br\/site\/produto\/is5033-sensor-indutivo-retangular-cabo-4-metros-pvc-alcance-2mm-ifm\/\" \/>\n<meta property=\"og:site_name\" content=\"Loja Motion Up\" \/>\n<meta property=\"article:publisher\" content=\"https:\/\/m.facebook.com\/fp3motionup\/about\/\" \/>\n<meta property=\"og:image\" content=\"https:\/\/motionup.com.br\/site\/wp-content\/uploads\/2023\/10\/IG6083-7.jpg\" \/>\n\t<meta property=\"og:image:width\" content=\"600\" \/>\n\t<meta property=\"og:image:height\" content=\"600\" \/>\n\t<meta property=\"og:image:type\" content=\"image\/jpeg\" \/>\n<meta name=\"twitter:card\" content=\"summary_large_image\" \/>\n<meta name=\"twitter:label1\" content=\"Est. tempo de leitura\" \/>\n\t<meta name=\"twitter:data1\" content=\"1 minuto\" \/>\n<script type=\"application\/ld+json\" class=\"yoast-schema-graph\">{\"@context\":\"https:\/\/schema.org\",\"@graph\":[{\"@type\":\"WebPage\",\"@id\":\"https:\/\/motionup.com.br\/site\/produto\/is5033-sensor-indutivo-retangular-cabo-4-metros-pvc-alcance-2mm-ifm\/\",\"url\":\"https:\/\/motionup.com.br\/site\/produto\/is5033-sensor-indutivo-retangular-cabo-4-metros-pvc-alcance-2mm-ifm\/\",\"name\":\"IS5033 - SENSOR INDUTIVO (RETANGULAR) - CABO: 4 METROS (PVC) ALCANCE: 2mm - IFM - Loja Motion Up\",\"isPartOf\":{\"@id\":\"https:\/\/motionup.com.br\/site\/#website\"},\"primaryImageOfPage\":{\"@id\":\"https:\/\/motionup.com.br\/site\/produto\/is5033-sensor-indutivo-retangular-cabo-4-metros-pvc-alcance-2mm-ifm\/#primaryimage\"},\"image\":{\"@id\":\"https:\/\/motionup.com.br\/site\/produto\/is5033-sensor-indutivo-retangular-cabo-4-metros-pvc-alcance-2mm-ifm\/#primaryimage\"},\"thumbnailUrl\":\"https:\/\/motionup.com.br\/site\/wp-content\/uploads\/2023\/10\/IG6083-7.jpg\",\"datePublished\":\"2023-10-05T14:02:12+00:00\",\"breadcrumb\":{\"@id\":\"https:\/\/motionup.com.br\/site\/produto\/is5033-sensor-indutivo-retangular-cabo-4-metros-pvc-alcance-2mm-ifm\/#breadcrumb\"},\"inLanguage\":\"pt-BR\",\"potentialAction\":[{\"@type\":\"ReadAction\",\"target\":[\"https:\/\/motionup.com.br\/site\/produto\/is5033-sensor-indutivo-retangular-cabo-4-metros-pvc-alcance-2mm-ifm\/\"]}]},{\"@type\":\"ImageObject\",\"inLanguage\":\"pt-BR\",\"@id\":\"https:\/\/motionup.com.br\/site\/produto\/is5033-sensor-indutivo-retangular-cabo-4-metros-pvc-alcance-2mm-ifm\/#primaryimage\",\"url\":\"https:\/\/motionup.com.br\/site\/wp-content\/uploads\/2023\/10\/IG6083-7.jpg\",\"contentUrl\":\"https:\/\/motionup.com.br\/site\/wp-content\/uploads\/2023\/10\/IG6083-7.jpg\",\"width\":600,\"height\":600},{\"@type\":\"BreadcrumbList\",\"@id\":\"https:\/\/motionup.com.br\/site\/produto\/is5033-sensor-indutivo-retangular-cabo-4-metros-pvc-alcance-2mm-ifm\/#breadcrumb\",\"itemListElement\":[{\"@type\":\"ListItem\",\"position\":1,\"name\":\"In\u00edcio\",\"item\":\"https:\/\/motionup.com.br\/site\/\"},{\"@type\":\"ListItem\",\"position\":2,\"name\":\"Produtos\",\"item\":\"https:\/\/motionup.com.br\/site\/produtos\/\"},{\"@type\":\"ListItem\",\"position\":3,\"name\":\"IS5033 &#8211; SENSOR INDUTIVO (RETANGULAR) &#8211; CABO: 4 METROS (PVC) ALCANCE: 2mm &#8211; IFM\"}]},{\"@type\":\"WebSite\",\"@id\":\"https:\/\/motionup.com.br\/site\/#website\",\"url\":\"https:\/\/motionup.com.br\/site\/\",\"name\":\"Motion Up\",\"description\":\"E-commerce Motion Up - Automa\u00e7\u00e3o Industrial\",\"publisher\":{\"@id\":\"https:\/\/motionup.com.br\/site\/#organization\"},\"potentialAction\":[{\"@type\":\"SearchAction\",\"target\":{\"@type\":\"EntryPoint\",\"urlTemplate\":\"https:\/\/motionup.com.br\/site\/?s={search_term_string}\"},\"query-input\":{\"@type\":\"PropertyValueSpecification\",\"valueRequired\":true,\"valueName\":\"search_term_string\"}}],\"inLanguage\":\"pt-BR\"},{\"@type\":\"Organization\",\"@id\":\"https:\/\/motionup.com.br\/site\/#organization\",\"name\":\"Motion Up\",\"url\":\"https:\/\/motionup.com.br\/site\/\",\"logo\":{\"@type\":\"ImageObject\",\"inLanguage\":\"pt-BR\",\"@id\":\"https:\/\/motionup.com.br\/site\/#\/schema\/logo\/image\/\",\"url\":\"https:\/\/motionup.com.br\/site\/wp-content\/uploads\/2025\/05\/MOTIONUP.png\",\"contentUrl\":\"https:\/\/motionup.com.br\/site\/wp-content\/uploads\/2025\/05\/MOTIONUP.png\",\"width\":1200,\"height\":601,\"caption\":\"Motion Up\"},\"image\":{\"@id\":\"https:\/\/motionup.com.br\/site\/#\/schema\/logo\/image\/\"},\"sameAs\":[\"https:\/\/m.facebook.com\/fp3motionup\/about\/\",\"https:\/\/br.linkedin.com\/company\/fpn-controle-e-automao-industrial-ltda\"]}]}<\/script>\n<!-- \/ Yoast SEO plugin. -->","yoast_head_json":{"title":"IS5033 - SENSOR INDUTIVO (RETANGULAR) - CABO: 4 METROS (PVC) ALCANCE: 2mm - IFM - Loja Motion Up","robots":{"index":"index","follow":"follow","max-snippet":"max-snippet:-1","max-image-preview":"max-image-preview:large","max-video-preview":"max-video-preview:-1"},"canonical":"https:\/\/motionup.com.br\/site\/produto\/is5033-sensor-indutivo-retangular-cabo-4-metros-pvc-alcance-2mm-ifm\/","og_locale":"pt_BR","og_type":"article","og_title":"IS5033 - SENSOR INDUTIVO (RETANGULAR) - CABO: 4 METROS (PVC) ALCANCE: 2mm - IFM - Loja Motion Up","og_description":"IS5033 &#8211; SENSOR INDUTIVO (RETANGULAR) &#8211; CABO: 4 METROS (PVC) ALCANCE: 2mm &#8211; IFM Consulte um vendedor e solicite um or\u00e7amento vendas@motionup.com.br motionup@motionup.com.br Formato retangular especialmente compacta Para aplica\u00e7\u00e3o em condi\u00e7\u00f5es de instala\u00e7\u00e3o estreitas Frequ\u00eancia de comuta\u00e7\u00e3o muito alta Ampla faixa de temperatura operacional Indica\u00e7\u00e3o bem vis\u00edvel do estado de comuta\u00e7\u00e3o CARACTERISTICAS DO PRODUTO Fun\u00e7\u00e3o [&hellip;]","og_url":"https:\/\/motionup.com.br\/site\/produto\/is5033-sensor-indutivo-retangular-cabo-4-metros-pvc-alcance-2mm-ifm\/","og_site_name":"Loja Motion Up","article_publisher":"https:\/\/m.facebook.com\/fp3motionup\/about\/","og_image":[{"width":600,"height":600,"url":"https:\/\/motionup.com.br\/site\/wp-content\/uploads\/2023\/10\/IG6083-7.jpg","type":"image\/jpeg"}],"twitter_card":"summary_large_image","twitter_misc":{"Est. tempo de leitura":"1 minuto"},"schema":{"@context":"https:\/\/schema.org","@graph":[{"@type":"WebPage","@id":"https:\/\/motionup.com.br\/site\/produto\/is5033-sensor-indutivo-retangular-cabo-4-metros-pvc-alcance-2mm-ifm\/","url":"https:\/\/motionup.com.br\/site\/produto\/is5033-sensor-indutivo-retangular-cabo-4-metros-pvc-alcance-2mm-ifm\/","name":"IS5033 - SENSOR INDUTIVO (RETANGULAR) - CABO: 4 METROS (PVC) ALCANCE: 2mm - IFM - Loja Motion Up","isPartOf":{"@id":"https:\/\/motionup.com.br\/site\/#website"},"primaryImageOfPage":{"@id":"https:\/\/motionup.com.br\/site\/produto\/is5033-sensor-indutivo-retangular-cabo-4-metros-pvc-alcance-2mm-ifm\/#primaryimage"},"image":{"@id":"https:\/\/motionup.com.br\/site\/produto\/is5033-sensor-indutivo-retangular-cabo-4-metros-pvc-alcance-2mm-ifm\/#primaryimage"},"thumbnailUrl":"https:\/\/motionup.com.br\/site\/wp-content\/uploads\/2023\/10\/IG6083-7.jpg","datePublished":"2023-10-05T14:02:12+00:00","breadcrumb":{"@id":"https:\/\/motionup.com.br\/site\/produto\/is5033-sensor-indutivo-retangular-cabo-4-metros-pvc-alcance-2mm-ifm\/#breadcrumb"},"inLanguage":"pt-BR","potentialAction":[{"@type":"ReadAction","target":["https:\/\/motionup.com.br\/site\/produto\/is5033-sensor-indutivo-retangular-cabo-4-metros-pvc-alcance-2mm-ifm\/"]}]},{"@type":"ImageObject","inLanguage":"pt-BR","@id":"https:\/\/motionup.com.br\/site\/produto\/is5033-sensor-indutivo-retangular-cabo-4-metros-pvc-alcance-2mm-ifm\/#primaryimage","url":"https:\/\/motionup.com.br\/site\/wp-content\/uploads\/2023\/10\/IG6083-7.jpg","contentUrl":"https:\/\/motionup.com.br\/site\/wp-content\/uploads\/2023\/10\/IG6083-7.jpg","width":600,"height":600},{"@type":"BreadcrumbList","@id":"https:\/\/motionup.com.br\/site\/produto\/is5033-sensor-indutivo-retangular-cabo-4-metros-pvc-alcance-2mm-ifm\/#breadcrumb","itemListElement":[{"@type":"ListItem","position":1,"name":"In\u00edcio","item":"https:\/\/motionup.com.br\/site\/"},{"@type":"ListItem","position":2,"name":"Produtos","item":"https:\/\/motionup.com.br\/site\/produtos\/"},{"@type":"ListItem","position":3,"name":"IS5033 &#8211; SENSOR INDUTIVO (RETANGULAR) &#8211; CABO: 4 METROS (PVC) ALCANCE: 2mm &#8211; IFM"}]},{"@type":"WebSite","@id":"https:\/\/motionup.com.br\/site\/#website","url":"https:\/\/motionup.com.br\/site\/","name":"Motion Up","description":"E-commerce Motion Up - Automa\u00e7\u00e3o Industrial","publisher":{"@id":"https:\/\/motionup.com.br\/site\/#organization"},"potentialAction":[{"@type":"SearchAction","target":{"@type":"EntryPoint","urlTemplate":"https:\/\/motionup.com.br\/site\/?s={search_term_string}"},"query-input":{"@type":"PropertyValueSpecification","valueRequired":true,"valueName":"search_term_string"}}],"inLanguage":"pt-BR"},{"@type":"Organization","@id":"https:\/\/motionup.com.br\/site\/#organization","name":"Motion Up","url":"https:\/\/motionup.com.br\/site\/","logo":{"@type":"ImageObject","inLanguage":"pt-BR","@id":"https:\/\/motionup.com.br\/site\/#\/schema\/logo\/image\/","url":"https:\/\/motionup.com.br\/site\/wp-content\/uploads\/2025\/05\/MOTIONUP.png","contentUrl":"https:\/\/motionup.com.br\/site\/wp-content\/uploads\/2025\/05\/MOTIONUP.png","width":1200,"height":601,"caption":"Motion Up"},"image":{"@id":"https:\/\/motionup.com.br\/site\/#\/schema\/logo\/image\/"},"sameAs":["https:\/\/m.facebook.com\/fp3motionup\/about\/","https:\/\/br.linkedin.com\/company\/fpn-controle-e-automao-industrial-ltda"]}]}},"_links":{"self":[{"href":"https:\/\/motionup.com.br\/site\/wp-json\/wp\/v2\/product\/6876","targetHints":{"allow":["GET"]}}],"collection":[{"href":"https:\/\/motionup.com.br\/site\/wp-json\/wp\/v2\/product"}],"about":[{"href":"https:\/\/motionup.com.br\/site\/wp-json\/wp\/v2\/types\/product"}],"wp:featuredmedia":[{"embeddable":true,"href":"https:\/\/motionup.com.br\/site\/wp-json\/wp\/v2\/media\/6877"}],"wp:attachment":[{"href":"https:\/\/motionup.com.br\/site\/wp-json\/wp\/v2\/media?parent=6876"}],"wp:term":[{"taxonomy":"product_brand","embeddable":true,"href":"https:\/\/motionup.com.br\/site\/wp-json\/wp\/v2\/product_brand?post=6876"},{"taxonomy":"product_cat","embeddable":true,"href":"https:\/\/motionup.com.br\/site\/wp-json\/wp\/v2\/product_cat?post=6876"},{"taxonomy":"product_tag","embeddable":true,"href":"https:\/\/motionup.com.br\/site\/wp-json\/wp\/v2\/product_tag?post=6876"}],"curies":[{"name":"wp","href":"https:\/\/api.w.org\/{rel}","templated":true}]}}